{"id":11394,"date":"2021-08-15T20:09:02","date_gmt":"2021-08-15T20:09:02","guid":{"rendered":"http:\/\/haitises.com\/?post_type=product&#038;p=11394"},"modified":"2024-04-03T21:53:46","modified_gmt":"2024-04-03T21:53:46","slug":"parc-cenedlaethol-los-haitises-a-cayo-levantado-o-sabana-de-la-mar","status":"publish","type":"product","link":"https:\/\/haitises.com\/cy\/preifat\/parc-cenedlaethol-los-haitises-a-cayo-levantado-o-sabana-de-la-mar\/","title":{"rendered":"Parc Cenedlaethol Los Haitises a Cayo Levantado O Sabana de la Mar"},"content":{"rendered":"<div class=\"vc_row wpb_row vc_row-fluid\" ><div class=\"wpb_column vc_column_container vc_col-sm-12\"><div class=\"vc_column-inner\"><div class=\"wpb_wrapper\">[mkdf_section_title title_tag=\u00bb\u00bb disable_break_words=\u00bbno\u00bb subtitle_tag=\u00bb\u00bb title=\u00bbLos Haitises National Park and Cayo Levantado From Sabana de la Mar\u00bb subtitle=\u00bbLos Haitises National Park &amp; Bacardi Island\u00bb]<\/div><\/div><\/div><\/div><div class=\"vc_row wpb_row vc_row-fluid\" ><div class=\"wpb_column vc_column_container vc_col-sm-12\"><div class=\"vc_column-inner\"><div class=\"wpb_wrapper\">\n\t<div class=\"wpb_text_column wpb_content_element\" >\n\t\t<div class=\"wpb_wrapper\">\n\t\t\t<h4><\/h4>\n<h2>Parc Cenedlaethol Los Haitises a Cayo Levantado O Sabana de la Mar<\/h2>\n<h4><b><i>Trosolwg <\/i><\/b><\/h4>\n<p>Codwch yn Your Hotel yn Sabana de La Mar ar drosglwyddiad cyfforddus i Barc Cenedlaethol Los Haitises O Punta Cana ynghyd \u00e2 Chinio yn Ynys Bacardi. Dewch gyda ni i ymweld \u00e2 pharc cenedlaethol harddaf y Weriniaeth Ddominicaidd, Ymweld \u00e2 Mangrofau, Ogof\u00e2u a Bae San Lorenzo yn ogystal \u00e2 chroesi bae hyfryd Saman\u00e1. I Ymweld ag ynys Bacardi, cael cinio ar y traeth a Nofio yn un o&#039;r traethau mwyaf prydferth ym Mae Saman\u00e1. Wedi hyn<\/p>\n<p>Ar \u00f4l y profiad hwn, byddwch yn dychwelyd i Sabana de la mar.<\/p>\n<ul>\n<li style=\"font-weight: 400;\">Ffioedd wedi&#039;u cynnwys<\/li>\n<li>Cinio yn ynys Bacardi yn gynwysedig<\/li>\n<li style=\"font-weight: 400;\"><span style=\"font-weight: 400;\">Mae&#039;r canllaw yn darparu cyfarwyddyd a Goruchwyliaeth<\/span><\/li>\n<\/ul>\n<p>&nbsp;<\/p>\n<h4><b>Cynhwysiadau a Gwaharddiadau<\/b><\/h4>\n<p><b>Cynhwysion<\/b><\/p>\n<ol>\n<li style=\"font-weight: 400;\">Taith Los Haitises + Ogof\u00e2u a Phictograffau<\/li>\n<li>Taith Cwch<\/li>\n<li>Cinio yn Cayo Levantado (Ynys Bacardi) os hoffech chi daith debyg: Los Haitises + Ca\u00f1o Hondo<\/li>\n<li style=\"font-weight: 400;\"><span style=\"font-weight: 400;\">Pob treth, ffi, a thaliadau trin<\/span><\/li>\n<li style=\"font-weight: 400;\"><span style=\"font-weight: 400;\">Trethi lleol<\/span><\/li>\n<li style=\"font-weight: 400;\"><span style=\"font-weight: 400;\">Diodydd<\/span><\/li>\n<li style=\"font-weight: 400;\"><span style=\"font-weight: 400;\">Pob gweithgaredd<\/span><\/li>\n<li style=\"font-weight: 400;\"><span style=\"font-weight: 400;\">Canllaw lleol<\/span><\/li>\n<\/ol>\n<p><b> Gwaharddiadau<\/b><\/p>\n<ol>\n<li style=\"font-weight: 400;\"><span style=\"font-weight: 400;\">Diolchgarwch<\/span><\/li>\n<li style=\"font-weight: 400;\"><span style=\"font-weight: 400;\">Diodydd Meddwol<\/span><\/li>\n<\/ol>\n<p>&nbsp;<\/p>\n<h4><em><strong>Gadael a Dychwelyd<\/strong><\/em><\/h4>\n<p><span style=\"font-weight: 400;\">Bydd y teithiwr yn cael man cyfarfod ar \u00f4l y Broses Archebu. Teithiau yn cychwyn ac yn Gorffen yn ein mannau cyfarfod.<\/span><\/p>\n<p>&nbsp;<\/p>\n<h2>Parc Cenedlaethol Los Haitises a Cayo Levantado O Sabana de la Mar<\/h2>\n<h4><b><i>Beth i&#039;w Ddisgwyl?<\/i><\/b><\/h4>\n<p><b><i>V<\/i><\/b>isiting<strong> Parc Cenedlaethol Los Haitises<\/strong> gyda chinio bendigedig yn<strong> Ynys Cayo Levantado<\/strong> a Nofio ar y traeth. Yn dechrau <strong>o ardaloedd Sabana de la mar<\/strong> i fynd \u00e2 Chwch gyda thywysydd taith leol yn ymweld \u00e2 glan y bae Samana ac un o barciau cenedlaethol harddaf y Weriniaeth Ddominicaidd. <em><strong>Parc Cenedlaethol Haitises<\/strong><\/em>.<\/p>\n<p>The tour, organized by \u00abBooking Adventures\u00bb starts at hotels in Punta Cana with transportation. Come with Booking Adventures and start checking some bird-filled mangroves, rolling hills of lush vegetation and caves of <em><strong>Parc Cenedlaethol Los Haitises<\/strong><\/em>. Ymweld \u00e2&#039;r Ynys gydag adar o gwmpas. Yn y tymor nythu, gallwn hyd yn oed weld cywion y Pelecanos ar y nythod. Cael mwy y tu mewn i&#039;r Ynysoedd Creigiog ac ymweld \u00e2&#039;r Ogof\u00e2u gyda phitograffau a phetrograffau gan y bobl frodorol.<\/p>\n<p>Trwy&#039;r mangrofau a&#039;r Tir ym Mae agored San Lorenzo, lle gallwch dynnu llun tirwedd garw&#039;r goedwig. Edrychwch i&#039;r d\u0175r i weld <em><strong>Manatees<\/strong><\/em>, cramenogion, a <em><strong>Dolffiniaid.<\/strong><\/em><\/p>\n<h2><strong>Ogof\u00e2u ym Mharc Cenedlaethol Los Haitises<\/strong><\/h2>\n<div class=\"body-description secondary\">\n<p>Daw enw&#039;r parc cenedlaethol o&#039;i drigolion gwreiddiol, Indiaid Taino. Yn eu hiaith mae \u201cHitises\u201d yn trosi i ucheldiroedd neu Fryniau, cyfeiriad at ffurfiannau daearegol serth yr arfordir gyda Chalchfeini. Antur yn ddyfnach i&#039;r parc i archwilio ogof\u00e2u fel y <em><strong>Ogof Tywod<\/strong><\/em> a <strong><em>Ogof Llinell.<\/em><\/strong><\/p>\n<p>Defnyddiwyd ogof\u00e2u yn y warchodfa fel lloches gan Indiaid Taino ac, yn ddiweddarach, gan guddio m\u00f4r-ladron. Chwiliwch am luniadau gan Indiaid sy&#039;n addurno rhai o&#039;r waliau. Ar \u00f4l ymweld \u00e2 Pharc Cenedlaethol Los Haitises byddwn yn mynd yn \u00f4l i borthladd Saman\u00e1 gan basio bae Saman\u00e1 30 min ac yn ymweld ag ynys Bacardi. Byddwn yn cael cinio arferol ar yr ynys. Os ydych chi&#039;n fegan, peidiwch \u00e2 phoeni mae gennym ni fwyd i chi hefyd!<\/p>\n<p>Ar \u00f4l nofio prynhawn llawn ac ymlacio ar y traeth bydd ein tywysydd yn gosod amser i fynd yn \u00f4l i borthladd Sabana de la mar.<\/p>\n<\/div>\n<p>Rhag ofn y byddwch yn hoffi&#039;r daith hon yn hirach neu&#039;n fyrrach mae gennym yr opsiynau hyn:<\/p>\n<ol>\n<li>Dim ond Los Haitises o Saman\u00e1 Port.<\/li>\n<li>Los Haitises + Ca\u00f1o Hondo o Saman\u00e1 Port.<\/li>\n<\/ol>\n<p>&nbsp;<\/p>\n<h4><em><strong>Beth ddylech chi ddod?<\/strong><\/em><\/h4>\n<ul>\n<li style=\"font-weight: 400;\"><span style=\"font-weight: 400;\">camera<\/span><\/li>\n<li style=\"font-weight: 400;\"><span style=\"font-weight: 400;\">blagur ymlid<\/span><\/li>\n<li style=\"font-weight: 400;\"><span style=\"font-weight: 400;\">eli haul<\/span><\/li>\n<li style=\"font-weight: 400;\"><span style=\"font-weight: 400;\">Het<\/span><\/li>\n<li style=\"font-weight: 400;\"><span style=\"font-weight: 400;\">Pants cyfforddus<\/span><\/li>\n<li style=\"font-weight: 400;\"><span style=\"font-weight: 400;\">Esgidiau cerdded ar gyfer coedwig<\/span><\/li>\n<li style=\"font-weight: 400;\"><span style=\"font-weight: 400;\">Sandalau i ardaloedd y Gwanwyn.<\/span><\/li>\n<li style=\"font-weight: 400;\"><span style=\"font-weight: 400;\">Gwisgo nofio<\/span><\/li>\n<\/ul>\n<p>&nbsp;<\/p>\n<h4><b><i>Pickup Gwesty <\/i><\/b><\/h4>\n<p><span style=\"font-weight: 400;\">Ni chynigir casglu gwesty ar gyfer y daith hon. <\/span><\/p>\n<p>&nbsp;<\/p>\n<p><b>Nodyn:<\/b><span style=\"font-weight: 400;\"> Os cewch eich archebu o fewn 24 awr i amser gadael y daith\/Gwibdaith, gallwn drefnu i chi godi&#039;ch gwesty gyda Chost ychwanegol. Unwaith y bydd eich pryniant wedi&#039;i gwblhau, byddwn yn anfon gwybodaeth gyswllt gyflawn atoch (rhif ff\u00f4n, cyfeiriad e-bost, ac ati) ar gyfer ein canllaw Taith leol i drefnu trefniadau casglu.<\/span><\/p>\n<h4><b><i>Gwybodaeth Ychwanegol Cadarnhad <\/i><\/b><\/h4>\n<ol>\n<li>Tocynnau yw&#039;r Derbynneb ar \u00f4l talu&#039;r Daith hon. Gallwch ddangos y taliad ar eich ff\u00f4n.<\/li>\n<li style=\"font-weight: 400;\"><span style=\"font-weight: 400;\">Derbynnir Man Cyfarfod Ar \u00f4l y Broses Archebu.<\/span><\/li>\n<li style=\"font-weight: 400;\"><span style=\"font-weight: 400;\">Rhaid i blant fod yng nghwmni oedolyn.<\/span><\/li>\n<li style=\"font-weight: 400;\"><span style=\"font-weight: 400;\"> Ddim yn hygyrch i gadeiriau olwyn <\/span><\/li>\n<li style=\"font-weight: 400;\"><span style=\"font-weight: 400;\">Rhaid i fabanod eistedd ar liniau <\/span><\/li>\n<li style=\"font-weight: 400;\"><span style=\"font-weight: 400;\">Heb ei argymell ar gyfer teithwyr \u00e2 phroblemau cefn<\/span><\/li>\n<li style=\"font-weight: 400;\"><span style=\"font-weight: 400;\">Heb ei argymell ar gyfer teithwyr beichiog <\/span><\/li>\n<li style=\"font-weight: 400;\"><span style=\"font-weight: 400;\"> Dim problemau gyda&#039;r galon na chyflyrau meddygol difrifol eraill <\/span><\/li>\n<li style=\"font-weight: 400;\"><span style=\"font-weight: 400;\">Gall y rhan fwyaf o deithwyr gymryd rhan<\/span><\/li>\n<\/ol>\n<h4><b><i>Polisi Canslo<\/i><\/b><\/h4>\n<p><span style=\"font-weight: 400;\">I gael ad-daliad llawn, canslwch o leiaf 74 awr cyn dyddiad cychwyn y profiad. Bydd arian yn cael ei golli os caiff yr archeb ei chanslo ar yr un diwrnod o&#039;r daith.<\/span><\/p>\n\n\t\t<\/div>\n\t<\/div>\n\n\t<div class=\"wpb_video_widget wpb_content_element vc_clearfix   vc_video-aspect-ratio-169 vc_video-el-width-100 vc_video-align-left\" >\n\t\t<div class=\"wpb_wrapper\">\n\t\t\t<h2 class=\"wpb_heading wpb_video_heading\">Parc Cenedlaethol Los Haitises<\/h2>\n\t\t\t<div class=\"wpb_video_wrapper\"><iframe loading=\"lazy\" title=\"Teithiau a Gwibdeithiau Parc Cenedlaethol Los Haitises\" width=\"1100\" height=\"619\" src=\"https:\/\/www.youtube.com\/embed\/vMI4Ou81cd4?feature=oembed\" frameborder=\"0\" allow=\"accelerometer; autoplay; clipboard-write; encrypted-media; gyroscope; picture-in-picture\" allowfullscreen><\/iframe><\/div>\n\t\t<\/div>\n\t<\/div>\n<\/div><\/div><\/div><\/div><div class=\"vc_row wpb_row vc_row-fluid\" ><div class=\"wpb_column vc_column_container vc_col-sm-12\"><div class=\"vc_column-inner\"><div class=\"wpb_wrapper\"><div class=\"vc_empty_space\"   style=\"height: 32px\"><span class=\"vc_empty_space_inner\"><\/span><\/div>\n\t<div class=\"wpb_text_column wpb_content_element\" >\n\t\t<div class=\"wpb_wrapper\">\n\t\t\t<h4>Cysylltwch \u00e2 ni?<\/h4>\n<h5>Anturiaethau Archebu<\/h5>\n<p><em><strong>Pobl leol<\/strong>\u00a0a\u00a0<strong>Cenedlaetholwyr<\/strong>\u00a0Tywyswyr Teithiau a Gwasanaethau Gwesteion<\/em><\/p>\n<p><span class=\"text-turquoise\">Archebion:<\/span>\u00a0Teithiau a Gwibdeithiau yn y Cartref Cynrychiolydd.<\/p>\n<p><img decoding=\"async\" class=\"emoji\" draggable=\"false\" src=\"https:\/\/s.w.org\/images\/core\/emoji\/11.2.0\/svg\/1f4de.svg\" alt=\"\ud83d\udcde\" title=\"\">\u00a0Ff\u00f4n\/Whatsapp\u00a0\u00a0<a href=\"tel:+1-809-720-6035\">+1-809-720-6035<\/a>.<\/p>\n<p><img decoding=\"async\" class=\"emoji\" draggable=\"false\" src=\"https:\/\/s.w.org\/images\/core\/emoji\/11.2.0\/svg\/1f4e9.svg\" alt=\"\ud83d\udce9\" title=\"\">\u00a0<a href=\"mailto:info@bookingadventures.com.do\">info@bookingadventures.com.do<\/a><\/p>\n<p><strong>Rydym yn Hyblyg Gosod Teithiau Preifat gan Whatsapp:\u00a0<a href=\"tel:+18097206035\">+18097206035.<\/a><\/strong><\/p>\n\n\t\t<\/div>\n\t<\/div>\n<div class=\"vc_empty_space\"   style=\"height: 32px\"><span class=\"vc_empty_space_inner\"><\/span><\/div><\/div><\/div><\/div><\/div><div class=\"vc_row wpb_row vc_row-fluid\" ><div class=\"wpb_column vc_column_container vc_col-sm-12\"><div class=\"vc_column-inner\"><div class=\"wpb_wrapper\">[mkdf_section_title title_tag=\u00bb\u00bb disable_break_words=\u00bbno\u00bb subtitle_tag=\u00bb\u00bb title=\u00bbLos Haitises National Park and Cayo Levantado From Sabana de la Mar\u00bb subtitle=\u00bbFrom Sabana de la Mar\u00bb]<div class=\"vc_empty_space\"   style=\"height: 32px\"><span class=\"vc_empty_space_inner\"><\/span><\/div><\/div><\/div><\/div><\/div><div class=\"vc_row wpb_row vc_row-fluid\" ><div class=\"wpb_column vc_column_container vc_col-sm-12\"><div class=\"vc_column-inner\"><div class=\"wpb_wrapper\"><div class=\"woocommerce columns-4\"><\/div><\/div><\/div><\/div><\/div>","protected":false},"excerpt":{"rendered":"<p>Parc Cenedlaethol Los Haitises O Sabana de la mar a Chinio yn Ynys Bacardi. Dewch gyda ni i ymweld \u00e2 pharc cenedlaethol harddaf y Weriniaeth Ddominicaidd, Ymweld \u00e2 Mangroves, Ogof\u00e2u, a Bae San Lorenzo yn ogystal \u00e2 chroesi bae hyfryd Saman\u00e1. I Ymweld ag ynys Bacardi, cael cinio ar y traeth a nofio yn un o&#039;r traethau mwyaf prydferth ym Mae Saman\u00e1. Wedi hyn<\/p>\n<p>Ar \u00f4l y profiad hwn, byddwch yn dychwelyd i Sabana de la mar port.<\/p>\n<p>&nbsp;<\/p>\n<p><strong>Dewiswch y dyddiad ar gyfer Y Daith:<\/strong><\/p>","protected":false},"featured_media":11242,"template":"","meta":[],"product_brand":[],"product_cat":[123,124],"product_tag":[137,205,180,125,206,139,163,129,207,208,132,209,210,211,212,133,213,214,215,216,217,218,190,219,114,142,148,143,220],"class_list":{"0":"post-11394","1":"product","2":"type-product","3":"status-publish","4":"has-post-thumbnail","6":"product_cat-tours-excursions-los-haitises-national-park","7":"product_cat-tours-excursions-samana-bay-dominican-republic","8":"product_tag-bacardi-island","9":"product_tag-bacardi-island-tours","10":"product_tag-birdwatching","11":"product_tag-boat-tour","12":"product_tag-caves-los-haitises","13":"product_tag-cayo-levantado","14":"product_tag-cayo-levantado-tour","15":"product_tag-eco-tours","16":"product_tag-excursiones-a-los-haitises-y-cayo-levantado","17":"product_tag-haitises-park-and-cayo-levantado-island","18":"product_tag-los-haitises","19":"product_tag-los-haitises-excursiones","20":"product_tag-los-haitises-excursions","21":"product_tag-los-haitises-mapa","22":"product_tag-los-haitises-mas-cayo-levantado","23":"product_tag-los-haitises-national-park","24":"product_tag-los-haitises-national-park-map","25":"product_tag-los-haitises-national-park-mas-cayo-levantado","26":"product_tag-los-haitises-national-park-tour-from-las-terrenas","27":"product_tag-los-haitises-national-park-tour-from-samana-port-bacardi-island-cayo-levantado","28":"product_tag-los-haitises-national-park-tour-from-santo-domingo","29":"product_tag-los-haitises-park-tour-cayo-levantado-island","30":"product_tag-los-haitises-samana","31":"product_tag-los-haitises-y-cayo-levantado","32":"product_tag-sabana-de-la-mar","33":"product_tag-samana","34":"product_tag-samana-excursions","35":"product_tag-samana-tours","36":"product_tag-tour-los-haitises-national-park-cayo-levantado","38":"first","39":"instock","40":"sale","41":"sold-individually","42":"shipping-taxable","43":"product-type-external"},"_links":{"self":[{"href":"https:\/\/haitises.com\/cy\/wp-json\/wp\/v2\/product\/11394","targetHints":{"allow":["GET"]}}],"collection":[{"href":"https:\/\/haitises.com\/cy\/wp-json\/wp\/v2\/product"}],"about":[{"href":"https:\/\/haitises.com\/cy\/wp-json\/wp\/v2\/types\/product"}],"wp:featuredmedia":[{"embeddable":true,"href":"https:\/\/haitises.com\/cy\/wp-json\/wp\/v2\/media\/11242"}],"wp:attachment":[{"href":"https:\/\/haitises.com\/cy\/wp-json\/wp\/v2\/media?parent=11394"}],"wp:term":[{"taxonomy":"product_brand","embeddable":true,"href":"https:\/\/haitises.com\/cy\/wp-json\/wp\/v2\/product_brand?post=11394"},{"taxonomy":"product_cat","embeddable":true,"href":"https:\/\/haitises.com\/cy\/wp-json\/wp\/v2\/product_cat?post=11394"},{"taxonomy":"product_tag","embeddable":true,"href":"https:\/\/haitises.com\/cy\/wp-json\/wp\/v2\/product_tag?post=11394"}],"curies":[{"name":"wp","href":"https:\/\/api.w.org\/{rel}","templated":true}]}}