{"id":11391,"date":"2021-08-15T20:09:02","date_gmt":"2021-08-15T20:09:02","guid":{"rendered":"http:\/\/haitises.com\/?post_type=product&#038;p=11391"},"modified":"2024-04-03T18:06:23","modified_gmt":"2024-04-03T18:06:23","slug":"bygi-jarabacoa-gyda-jimenoa-a-rhaeadrau-baiguate","status":"publish","type":"product","link":"https:\/\/haitises.com\/cy\/preifat\/bygi-jarabacoa-gyda-jimenoa-a-rhaeadrau-baiguate\/","title":{"rendered":"bygi Jarabacoa gyda Jimenoa a Rhaeadrau Baiguate"},"content":{"rendered":"<div class=\"vc_row wpb_row vc_row-fluid\" ><div class=\"wpb_column vc_column_container vc_col-sm-12\"><div class=\"vc_column-inner\"><div class=\"wpb_wrapper\">[mkdf_section_title title_tag=\u00bb\u00bb disable_break_words=\u00bbno\u00bb subtitle_tag=\u00bb\u00bb title=\u00bbJarabacoa with Jimenoa and Baiguate Waterfalls\u00bb subtitle=\u00bbBuggy &#8211; Buggies\u00bb]<\/div><\/div><\/div><\/div><div class=\"vc_row wpb_row vc_row-fluid\" ><div class=\"wpb_column vc_column_container vc_col-sm-12\"><div class=\"vc_column-inner\"><div class=\"wpb_wrapper\">\n\t<div class=\"wpb_text_column wpb_content_element\" >\n\t\t<div class=\"wpb_wrapper\">\n\t\t\t<h3 class=\"ui_header h1 attractions-product-info-ProductTitle__title--1qM0o\">bygi Jarabacoa gyda Jimenoa a Rhaeadrau Baiguate<\/h3>\n<h4><b><i>Trosolwg <\/i><\/b><\/h4>\n<p><span style=\"font-weight: 400;\">Ymunwch \u00e2 ni a theithio gydag arbenigwr lleol o Jarabacoa a chael y profiad unigryw o ymweld \u00e2&#039;r mannau gorau o brifddinas ecodwristiaeth gan ddechrau o Jarabacoa, bydd y daith hon yn mynd \u00e2 chi o gwmpas i weld tirwedd hardd ransh mynydd fwyaf y Weriniaeth Ddominicaidd. Wrth i chi yrru o gwmpas i&#039;r gwahanol leoliadau byddwch yn teimlo awyr y mynydd ac yn mwynhau harddwch cefn gwlad.\u00a0<\/span><\/p>\n<p><span style=\"font-weight: 400;\">Gallwn gyrraedd y gwahanol leoliadau ar gyfer y daith hon. Bydd gennych yr opsiynau: Beicio, Marchogaeth, Safari, Pedair Olwyn, neu Fygi. Prynwch eich tocyn ar-lein nawr a gadewch i ni gael hwyl yn dysgu am ddiwylliant Jarabacoa a Gweriniaeth Dominica wrth i chi deithio o gwmpas i leoliadau gorau&#039;r dref.<\/span><\/p>\n<p><span style=\"font-weight: 400;\">Jarabacoa is the city of the eternal spring break because of the weather and the second most important municipality from la Vega province. According to history, Jarabacoa means \u00abplace of much water\u00bb, On September 27, 1858, Jarabacoa began its life as a municipality, a category obtained after a career that came from the beginning of the 19th century. Travel with us and get to know more about the mountains, nature, culture, and people of the northern region from the Dominican Republic.\u00a0<\/span><\/p>\n<ul>\n<li style=\"font-weight: 400;\">Ffioedd wedi&#039;u cynnwys<\/li>\n<li>Cinio<\/li>\n<li>Byrbrydau<\/li>\n<li style=\"font-weight: 400;\">Canllaw Taith Lleol yn Saesneg<\/li>\n<\/ul>\n<p>&nbsp;<\/p>\n<h4><b>Cynhwysiadau a Gwaharddiadau<\/b><\/h4>\n<p>&nbsp;<\/p>\n<p><b>Cynhwysion<\/b><\/p>\n<ol>\n<li>Cinio<\/li>\n<li style=\"font-weight: 400;\"><span style=\"font-weight: 400;\">Pob treth, ffi, a thaliadau trin<\/span><\/li>\n<li style=\"font-weight: 400;\"><span style=\"font-weight: 400;\">Trethi lleol<\/span><\/li>\n<li style=\"font-weight: 400;\"><span style=\"font-weight: 400;\">Diodydd<\/span><\/li>\n<li>Byrbrydau<\/li>\n<li style=\"font-weight: 400;\"><span style=\"font-weight: 400;\">Pob gweithgaredd<\/span><\/li>\n<li style=\"font-weight: 400;\"><span style=\"font-weight: 400;\">Canllaw lleol<\/span><\/li>\n<\/ol>\n<p><b> Gwaharddiadau<\/b><\/p>\n<ol>\n<li style=\"font-weight: 400;\"><span style=\"font-weight: 400;\">Diolchgarwch<\/span><\/li>\n<li>cludiant (Gosodir trwy Gysylltu \u00e2 ni)<\/li>\n<li style=\"font-weight: 400;\"><span style=\"font-weight: 400;\">Diodydd Meddwol<\/span><\/li>\n<\/ol>\n<p>&nbsp;<\/p>\n<h4><em><strong>Gadael a Dychwelyd<\/strong><\/em><\/h4>\n<p><span style=\"font-weight: 400;\">Bydd y teithiwr yn cael man cyfarfod ar \u00f4l y Broses Archebu. Mae teithiau&#039;n cychwyn ac yn gorffen yn eich mannau cyfarfod.<\/span><\/p>\n<h4><\/h4>\n<h3 class=\"ui_header h1 attractions-product-info-ProductTitle__title--1qM0o\">bygi Jarabacoa gyda Jimenoa a Rhaeadrau Baiguate<\/h3>\n<h4><b><i>Beth i&#039;w Ddisgwyl?<\/i><\/b><\/h4>\n<p><span style=\"font-weight: 400;\">Mynnwch eich tocyn ar gyfer Rhaeadrau Jimenoa a Baiguate O Ddinas Jarabacoa gan Bygi.\u00a0<\/span><\/p>\n<p><span style=\"font-weight: 400;\">Mae&#039;r wibdaith hon yn cychwyn o fan cyfarfod y mae&#039;n rhaid i chi ei gadarnhau gyda&#039;n Hasiantau Teithio neu&#039;ch Tywysydd Taith cyn mynd i unrhyw leoliad. Unwaith y byddwch yn cwrdd \u00e2&#039;ch tywysydd byddwch yn cael \u00f4l-drafodaeth o&#039;r daith a phopeth sy&#039;n gysylltiedig \u00e2&#039;ch diwrnod.<\/span><\/p>\n<p><span style=\"font-weight: 400;\">Pan fydd pawb yn barod byddwn yn mynd i&#039;r lleoliad cyntaf i ymweld \u00e2 gwrach yw Rhaeadr Jimenoa, mae&#039;r un hwn 45 munud i ffwrdd o dref Jarabacoa, Jimenoa yw un o&#039;r ffynonellau d\u0175r pwysicaf o&#039;r Central Mountain Ranch yma byddwch yn cerdded trwy&#039;r Crog. Pont pren am tua 10 munud i gwrdd \u00e2 Rhaeadr Jimenoa o&#039;r diwedd, ar y ffordd allan gallwch chi dynnu&#039;ch esgidiau a&#039;u rhoi yn n\u0175r croyw&#039;r afon.\u00a0<\/span><\/p>\n<p><span style=\"font-weight: 400;\">Ar \u00f4l gweld ein lleoliad cyntaf byddwn yn mynd i Raeadr Baiguate am heic 10 munud a nofio pyllau naturiol, mae Baiguate 55 munud i ffwrdd o Jimenoa a 15 munud o&#039;r dref.\u00a0<\/span><\/p>\n<p><span style=\"font-weight: 400;\">Yn ystod y rhan hon o&#039;ch taith, byddwch yn gallu mynd i nofio am tua 1 awr a chymryd egwyl i roi cynnig ar rai ffrwythau ffres a gynaeafir o dir ffermwr Jarabacoa bob dydd. Mae gan Baiguate gwymp 82 troedfedd o uchder ac mae&#039;n lle perffaith i ymlacio ychydig cyn mynd yn \u00f4l i&#039;r dref.\u00a0\u00a0<\/span><\/p>\n<p><span style=\"font-weight: 400;\">Yn ddiweddarach ar \u00f4l Rhaeadr Baiguate byddwn yn mynd i Ivon&#039;s i roi cynnig ar y blas hufen i\u00e2 lleol gorau, cartref gan arbenigwr lleol, a cherdded i Barc Canolog Duarte ar gyfer rhan olaf eich taith, dyma daith 6 awr sy&#039;n rhoi cyfle i chi goruchwylio Jarabacoa, mae&#039;r daith hon yn dod i ben yn yr un lle ag y dechreuodd.<\/span><\/p>\n<p><span style=\"font-weight: 400;\">Nodyn: Mae&#039;r teithiau hyn gyda thywyswyr teithiau Swyddogion Ecolegydd. Archebwch gydag amser oherwydd nid oes gormod o arbenigwyr yn y parc.<\/span><\/p>\n<h4><em><strong>Beth ddylech chi ddod?<\/strong><\/em><\/h4>\n<ul>\n<li style=\"font-weight: 400;\"><span style=\"font-weight: 400;\">camera<\/span><\/li>\n<li style=\"font-weight: 400;\"><span style=\"font-weight: 400;\">blagur ymlid<\/span><\/li>\n<li style=\"font-weight: 400;\"><span style=\"font-weight: 400;\">eli haul<\/span><\/li>\n<li style=\"font-weight: 400;\"><span style=\"font-weight: 400;\">Het<\/span><\/li>\n<li style=\"font-weight: 400;\"><span style=\"font-weight: 400;\">Pants cyfforddus<\/span><\/li>\n<li style=\"font-weight: 400;\"><span style=\"font-weight: 400;\">Esgidiau cerdded ar gyfer coedwig<\/span><\/li>\n<li style=\"font-weight: 400;\"><span style=\"font-weight: 400;\">Sandalau i ardaloedd y Gwanwyn.<\/span><\/li>\n<li style=\"font-weight: 400;\"><span style=\"font-weight: 400;\">Gwisgo nofio<\/span><\/li>\n<\/ul>\n<p>&nbsp;<\/p>\n<h4><b><i>Pickup Gwesty <\/i><\/b><\/h4>\n<p><span style=\"font-weight: 400;\">Ni chynigir casglu gwesty ar gyfer y daith hon. Fe wnaethon ni sefydlu Pick i fyny trwy gysylltu \u00e2 ni gan Whatsapp.<\/span><\/p>\n<p>&nbsp;<\/p>\n<p><b>Nodyn:<\/b><span style=\"font-weight: 400;\"> Os cewch eich archebu o fewn 24 awr i amser gadael y daith\/Gwibdaith, gallwn drefnu codi gwesty gyda Thaliadau ychwanegol. Unwaith y bydd eich pryniant wedi&#039;i gwblhau, byddwn yn anfon gwybodaeth gyswllt gyflawn atoch (rhif ff\u00f4n, cyfeiriad e-bost, ac ati) ar gyfer ein canllaw Taith leol i drefnu trefniadau casglu.<\/span><\/p>\n<h4><b><i>Gwybodaeth Ychwanegol Cadarnhad <\/i><\/b><\/h4>\n<ol>\n<li>Tocynnau yw&#039;r Derbynneb ar \u00f4l talu am y Daith hon. Gallwch ddangos y taliad ar eich ff\u00f4n.<\/li>\n<li style=\"font-weight: 400;\"><span style=\"font-weight: 400;\">Derbynnir Man Cyfarfod Ar \u00f4l y Broses Archebu.<\/span><\/li>\n<li style=\"font-weight: 400;\"><span style=\"font-weight: 400;\">Rhaid i blant fod yng nghwmni oedolyn.<\/span><\/li>\n<li style=\"font-weight: 400;\"><span style=\"font-weight: 400;\"> Ddim yn hygyrch i gadeiriau olwyn <\/span><\/li>\n<li style=\"font-weight: 400;\"><span style=\"font-weight: 400;\">Rhaid i fabanod eistedd ar liniau <\/span><\/li>\n<li style=\"font-weight: 400;\"><span style=\"font-weight: 400;\">Heb ei argymell ar gyfer teithwyr \u00e2 phroblemau cefn<\/span><\/li>\n<li style=\"font-weight: 400;\"><span style=\"font-weight: 400;\">Heb ei argymell ar gyfer teithwyr beichiog <\/span><\/li>\n<li style=\"font-weight: 400;\"><span style=\"font-weight: 400;\"> Dim problemau gyda&#039;r galon na chyflyrau meddygol difrifol eraill <\/span><\/li>\n<li style=\"font-weight: 400;\"><span style=\"font-weight: 400;\">Gall y rhan fwyaf o deithwyr gymryd rhan<\/span><\/li>\n<\/ol>\n<h4><b><i>Polisi Canslo<\/i><\/b><\/h4>\n<p><span style=\"font-weight: 400;\">I gael ad-daliad llawn, canslwch o leiaf 74 awr cyn dyddiad cychwyn y profiad. Bydd arian yn cael ei golli os caiff yr archeb ei chanslo ar yr un diwrnod o&#039;r daith.<\/span><\/p>\n\n\t\t<\/div>\n\t<\/div>\n<\/div><\/div><\/div><\/div><div class=\"vc_row wpb_row vc_row-fluid\" ><div class=\"wpb_column vc_column_container vc_col-sm-12\"><div class=\"vc_column-inner\"><div class=\"wpb_wrapper\">\n\t<div class=\"wpb_video_widget wpb_content_element vc_clearfix   vc_video-aspect-ratio-169 vc_video-el-width-100 vc_video-align-left\" >\n\t\t<div class=\"wpb_wrapper\">\n\t\t\t<h2 class=\"wpb_heading wpb_video_heading\">Fideo Dinas Jarabacoa:<\/h2>\n\t\t\t<div class=\"wpb_video_wrapper\"><iframe loading=\"lazy\" title=\"Jarabacoa | Twristiaeth Mynydd Pur\" width=\"1100\" height=\"619\" src=\"https:\/\/www.youtube.com\/embed\/FRHfK4RS39A?feature=oembed\" frameborder=\"0\" allow=\"accelerometer; autoplay; clipboard-write; encrypted-media; gyroscope; picture-in-picture\" allowfullscreen><\/iframe><\/div>\n\t\t<\/div>\n\t<\/div>\n<\/div><\/div><\/div><\/div><div class=\"vc_row wpb_row vc_row-fluid\" ><div class=\"wpb_column vc_column_container vc_col-sm-12\"><div class=\"vc_column-inner\"><div class=\"wpb_wrapper\"><div class=\"vc_empty_space\"   style=\"height: 32px\"><span class=\"vc_empty_space_inner\"><\/span><\/div>\n\t<div class=\"wpb_text_column wpb_content_element\" >\n\t\t<div class=\"wpb_wrapper\">\n\t\t\t<h4>Cysylltwch \u00e2 ni?<\/h4>\n<h5><em><strong>Anturiaethau Archebu<\/strong><\/em><\/h5>\n<p><em><strong>Pobl leol<\/strong>\u00a0a\u00a0<strong>Cenedlaetholwyr<\/strong>\u00a0Tywyswyr Teithiau a Gwasanaethau Gwesteion<\/em><\/p>\n<p><span class=\"text-turquoise\">Archebion:<\/span>\u00a0Teithiau a Gwibdeithiau yn y Cartref Cynrychiolydd.<\/p>\n<p><img decoding=\"async\" class=\"emoji\" draggable=\"false\" src=\"https:\/\/s.w.org\/images\/core\/emoji\/11.2.0\/svg\/1f4de.svg\" alt=\"\ud83d\udcde\" title=\"\">\u00a0Ff\u00f4n\/Whatsapp\u00a0\u00a0<a href=\"tel:+1-809-720-6035\">+1-809-720-6035<\/a>.<\/p>\n<p><img decoding=\"async\" class=\"emoji\" draggable=\"false\" src=\"https:\/\/s.w.org\/images\/core\/emoji\/11.2.0\/svg\/1f4e9.svg\" alt=\"\ud83d\udce9\" title=\"\">\u00a0<a href=\"mailto:info@bookingadventures.com.do\">info@bookingadventures.com.do<\/a><\/p>\n<p><strong>Rydym yn Hyblyg Gosod Teithiau Preifat gan Whatsapp:\u00a0<a href=\"tel:+18097206035\">+18097206035.<\/a><\/strong><\/p>\n\n\t\t<\/div>\n\t<\/div>\n<div class=\"vc_empty_space\"   style=\"height: 32px\"><span class=\"vc_empty_space_inner\"><\/span><\/div><\/div><\/div><\/div><\/div>","protected":false},"excerpt":{"rendered":"<p><span style=\"font-weight: 400;\">Ymunwch \u00e2 ni a theithio gydag arbenigwr lleol o Jarabacoa a chael y profiad unigryw o ymweld \u00e2&#039;r mannau gorau o brifddinas ecodwristiaeth gan ddechrau o Jarabacoa, bydd y daith hon yn mynd \u00e2 chi o gwmpas i weld tirwedd hardd ransh mynydd fwyaf y Weriniaeth Ddominicaidd. Wrth i chi yrru o gwmpas i&#039;r gwahanol leoliadau byddwch yn teimlo awyr y mynydd ac yn mwynhau harddwch cefn gwlad.\u00a0<\/span><\/p>\n<p><strong>Dewiswch y dyddiad ar gyfer y Daith:\u00a0<\/strong><\/p>","protected":false},"featured_media":11407,"template":"","meta":[],"product_brand":[],"product_cat":[120,526,122],"product_tag":[527,528,529,530,531,532,533],"class_list":{"0":"post-11391","1":"product","2":"type-product","3":"status-publish","4":"has-post-thumbnail","6":"product_cat-fees-entrace","7":"product_cat-jarabacoa-buggy","8":"product_cat-tours-and-excursions","9":"product_tag-baiguate-waterfall","10":"product_tag-jarabacoa-buggies","11":"product_tag-jarabacoa-buggy","12":"product_tag-jarabacoa-tour","13":"product_tag-jimenoa-waterfall","14":"product_tag-salto-baiguate","15":"product_tag-salto-jimenoa","17":"first","18":"instock","19":"sale","20":"sold-individually","21":"shipping-taxable","22":"product-type-external"},"_links":{"self":[{"href":"https:\/\/haitises.com\/cy\/wp-json\/wp\/v2\/product\/11391","targetHints":{"allow":["GET"]}}],"collection":[{"href":"https:\/\/haitises.com\/cy\/wp-json\/wp\/v2\/product"}],"about":[{"href":"https:\/\/haitises.com\/cy\/wp-json\/wp\/v2\/types\/product"}],"wp:featuredmedia":[{"embeddable":true,"href":"https:\/\/haitises.com\/cy\/wp-json\/wp\/v2\/media\/11407"}],"wp:attachment":[{"href":"https:\/\/haitises.com\/cy\/wp-json\/wp\/v2\/media?parent=11391"}],"wp:term":[{"taxonomy":"product_brand","embeddable":true,"href":"https:\/\/haitises.com\/cy\/wp-json\/wp\/v2\/product_brand?post=11391"},{"taxonomy":"product_cat","embeddable":true,"href":"https:\/\/haitises.com\/cy\/wp-json\/wp\/v2\/product_cat?post=11391"},{"taxonomy":"product_tag","embeddable":true,"href":"https:\/\/haitises.com\/cy\/wp-json\/wp\/v2\/product_tag?post=11391"}],"curies":[{"name":"wp","href":"https:\/\/api.w.org\/{rel}","templated":true}]}}