{"id":11376,"date":"2021-08-15T20:09:01","date_gmt":"2021-08-15T20:09:01","guid":{"rendered":"http:\/\/haitises.com\/?post_type=product&#038;p=11376"},"modified":"2024-04-05T15:26:15","modified_gmt":"2024-04-05T15:26:15","slug":"llwybrau-cerdded-yn-barahona-gweriniaeth-ddominicaidd-mynyddoedd-cachote-ffrwythau-trofannol-nofio-2","status":"publish","type":"product","link":"https:\/\/haitises.com\/cy\/preifat\/llwybrau-cerdded-yn-barahona-gweriniaeth-ddominicaidd-mynyddoedd-cachote-ffrwythau-trofannol-nofio-2\/","title":{"rendered":"Llwybrau cerdded yn Barahona (Gweriniaeth Dominica). Mynyddoedd Cachoote, Ffrwythau Trofannol a Nofio"},"content":{"rendered":"<div class=\"vc_row wpb_row vc_row-fluid\" ><div class=\"wpb_column vc_column_container vc_col-sm-12\"><div class=\"vc_column-inner\"><div class=\"wpb_wrapper\">[mkdf_section_title title_tag=\u00bb\u00bb disable_break_words=\u00bbno\u00bb subtitle_tag=\u00bb\u00bb title=\u00bbHiking trails in Barahona (Dominican Republic).\u00bb subtitle=\u00bbCachote Mountains, Tropical Fruits &amp; Swim\u00bb]<\/div><\/div><\/div><\/div><div class=\"vc_row wpb_row vc_row-fluid\" ><div class=\"wpb_column vc_column_container vc_col-sm-12\"><div class=\"vc_column-inner\"><div class=\"wpb_wrapper\">\n\t<div class=\"wpb_text_column wpb_content_element\" >\n\t\t<div class=\"wpb_wrapper\">\n\t\t\t<h4><b><i>Trosolwg<\/i><\/b><\/h4>\n<p>Mwynhewch ddiwrnod heicio ym Mynyddoedd Cachote, Barahona. Gan ddechrau o Gymuned Paraiso. Dysgu am ardaloedd planhigfeydd coffi. Nofio mewn ffynhonnau naturiol ac un o&#039;r traethau harddaf yn y Weriniaeth Ddominicaidd gyda lluniau golygfaol.<\/p>\n<h4><b>Cynhwysiadau a Gwaharddiadau<\/b><\/h4>\n<p>&nbsp;<\/p>\n<p><b>Cynhwysion<\/b><\/p>\n<ol>\n<li>Tywysydd Lleol gyda phrofiad Diogelwch yn yr ardal.<\/li>\n<li>Cludiant preifat ar gyfer grwpiau bach<\/li>\n<li>Pob treth, ffi, a thaliadau trin<\/li>\n<li>Codi \/ Cludiant o&#039;ch gwesty (ardal Barahona \/ Para\u00edso \/ Los Patos)<\/li>\n<li>Arweinydd lleol sy&#039;n siarad Saesneg neu Ffrangeg<\/li>\n<li>Cinio arferol (math brechdanau) a photel o dd\u0175r<\/li>\n<li>Trethi lleol<\/li>\n<li>Heicio<\/li>\n<li>Pyllau Naturiol<\/li>\n<\/ol>\n<p><b>Gwaharddiadau<\/b><\/p>\n<ol>\n<li>Diolchgarwch<\/li>\n<li>Pob Diodydd<\/li>\n<li>Pob gwasanaeth heb ei grybwyll yn benodol<\/li>\n<li>Treuliau personol ac awgrymiadau<\/li>\n<\/ol>\n<h4><em><strong>Gadael a Dychwelyd<\/strong><\/em><\/h4>\n<p>Bydd y teithiwr yn cael man cyfarfod ar \u00f4l y Broses Archebu. Mae teithiau&#039;n cychwyn ac yn gorffen yn eich mannau cyfarfod.<\/p>\n<p>Anhawster: Canolig-Anodd<br \/>\nHyd y daith: 5-6 awr<br \/>\nUchder: 800 metr<br \/>\nGadael y Gwesty: 08.00 AM<br \/>\nDychwelyd i&#039;r Gwesty: 05.00 PM<\/p>\n<h2 class=\"styles__heading___mD4_3\" data-radium=\"true\">Llwybrau cerdded yn Barahona (Gweriniaeth Ddominicaidd). Mynyddoedd Cachoote, Ffrwythau Trofannol a Nofio<\/h2>\n<h4><em>Beth i&#039;w Ddisgwyl?<\/em><\/h4>\n<p>Byddwn yn cychwyn ar y daith gerdded hon yn nhref Ojeda, sy&#039;n enwog am ei chynhyrchiad gwych o ffrwythau a llysiau nodweddiadol Carib\u00efaidd. Ar hyd y ffordd, gallwn flasu afocados, orennau, grawnffrwyth, lemonau, guavas, mangoes, papayas, sapotes, a soursop!<\/p>\n<p>Ar \u00f4l 1 awr a hanner o ddringo, byddwn yn cyrraedd golygfa drawiadol dros dref Para\u00edso, y Riosito, a mynyddoedd uchel Cachote.<\/p>\n<p>Byddwn yn parhau i ddringo mewn hinsawdd oerach a mwy llaith nes i ni gyrraedd tref Barrio Nuevo lle byddwn yn cael cinio.<\/p>\n<p>Yn y prynhawn byddwn yn croesi fferm goffi godidog ar ben y mynydd sydd 800 metr uwchben lefel y m\u00f4r. Yna byddwn yn mynd i lawr am 1 awr nes i ni gyrraedd ceunant Riosito lle gallwn ymdrochi mewn pwll naturiol hardd wedi&#039;i amgylchynu gan y goedwig drofannol.<\/p>\n<p>Parhewch i gerdded trwy ddyffryn Riosito i orffen y diwrnod yn ymdrochi ar draeth Paraiso.<\/p>\n<h4><em><strong>Beth ddylech chi ddod?<\/strong><\/em><\/h4>\n<ul>\n<li>camera<\/li>\n<li>blagur ymlid<\/li>\n<li>eli haul<\/li>\n<li>Toiled<\/li>\n<li>Het<\/li>\n<li>Pants cyfforddus<\/li>\n<li>Esgidiau cerdded ar gyfer coedwig<\/li>\n<li>Sandalau i ardaloedd y Gwanwyn.<\/li>\n<li>Gwisgo nofio<\/li>\n<\/ul>\n<p>&nbsp;<\/p>\n<h4><b><i>Pickup Gwesty<\/i><\/b><\/h4>\n<p>Cynigir gwasanaeth casglu gwesty ar gyfer y daith hon. Codi\/Cludiant o&#039;ch gwesty (ardal Barahona\/Paraiso\/Los Patos).<\/p>\n<p><b>Nodyn:<\/b> Os cewch eich archebu o fewn 24 awr i amser gadael y daith\/Gwibdaith, gallwn drefnu i chi godi&#039;ch gwesty. Rydyn ni&#039;n codi yn ardaloedd Barahona. Unwaith y bydd eich pryniant wedi&#039;i gwblhau, byddwn yn anfon gwybodaeth gyswllt gyflawn atoch (rhif ff\u00f4n, cyfeiriad e-bost, ac ati) ar gyfer ein canllaw Taith leol i drefnu trefniadau casglu.<\/p>\n<h4><b><i>Gwybodaeth Ychwanegol Cadarnhad<\/i><\/b><\/h4>\n<ol>\n<li>Tocynnau yw&#039;r Derbynneb ar \u00f4l talu&#039;r Daith hon. Gallwch ddangos y taliad ar eich ff\u00f4n.<\/li>\n<li>Derbynnir Man Cyfarfod Ar \u00f4l y Broses Archebu.<\/li>\n<li>Rhaid i blant fod yng nghwmni oedolyn.<\/li>\n<li>Ddim yn hygyrch i gadeiriau olwyn<\/li>\n<li>Rhaid i fabanod eistedd ar liniau<\/li>\n<li>Heb ei argymell ar gyfer teithwyr \u00e2 phroblemau cefn<\/li>\n<li>Heb ei argymell ar gyfer teithwyr beichiog<\/li>\n<li>Dim problemau gyda&#039;r galon na chyflyrau meddygol difrifol eraill<\/li>\n<li>Gall y rhan fwyaf o deithwyr gymryd rhan<\/li>\n<\/ol>\n<h4><b><i>Polisi Canslo<\/i><\/b><\/h4>\n<p>I gael ad-daliad llawn, canslwch o leiaf 72 awr cyn dyddiad cychwyn y profiad. Bydd arian yn cael ei golli os caiff yr archeb ei chanslo ar yr un diwrnod o&#039;r daith.<\/p>\n\n\t\t<\/div>\n\t<\/div>\n<\/div><\/div><\/div><\/div>","protected":false},"excerpt":{"rendered":"<p>Prynwch Tocyn Tocyn Diwrnod i Bahia las Aguilas o Barahona. Gyrru trwy&#039;r parc cenedlaethol Jaragua a mynd i Cabo Rojo, lle mae cwch yn aros amdanoch chi. Ar \u00f4l taith 15 munud gyda&#039;r cwch, byddwch chi&#039;n cyrraedd y Bah\u00eda de las \u00c1guilas hardd ac ynysig, sy&#039;n cael ei ystyried yn draeth harddaf y wlad. Bydd cinio yn cael ei weini ar y traeth a chewch gyfle i nofio neu ymlacio ar y traeth. Mwynhewch dywod gwyn pristine y traeth 8 km o hyd hwn.<\/p>\n<p>&nbsp;<\/p>\n<p><strong>Dewiswch y diwrnod ar gyfer y daith hon:<\/strong><\/p>","protected":false},"featured_media":11170,"template":"","meta":[],"product_brand":[],"product_cat":[478,135],"product_tag":[479,407,480,481],"class_list":{"0":"post-11376","1":"product","2":"type-product","3":"status-publish","4":"has-post-thumbnail","6":"product_cat-barahona","7":"product_cat-lunch","8":"product_tag-barahona-hiking","9":"product_tag-barahona-tours","10":"product_tag-cachote-tour","11":"product_tag-paraiso-tour","13":"first","14":"instock","15":"sale","16":"sold-individually","17":"shipping-taxable","18":"product-type-external"},"_links":{"self":[{"href":"https:\/\/haitises.com\/cy\/wp-json\/wp\/v2\/product\/11376","targetHints":{"allow":["GET"]}}],"collection":[{"href":"https:\/\/haitises.com\/cy\/wp-json\/wp\/v2\/product"}],"about":[{"href":"https:\/\/haitises.com\/cy\/wp-json\/wp\/v2\/types\/product"}],"wp:featuredmedia":[{"embeddable":true,"href":"https:\/\/haitises.com\/cy\/wp-json\/wp\/v2\/media\/11170"}],"wp:attachment":[{"href":"https:\/\/haitises.com\/cy\/wp-json\/wp\/v2\/media?parent=11376"}],"wp:term":[{"taxonomy":"product_brand","embeddable":true,"href":"https:\/\/haitises.com\/cy\/wp-json\/wp\/v2\/product_brand?post=11376"},{"taxonomy":"product_cat","embeddable":true,"href":"https:\/\/haitises.com\/cy\/wp-json\/wp\/v2\/product_cat?post=11376"},{"taxonomy":"product_tag","embeddable":true,"href":"https:\/\/haitises.com\/cy\/wp-json\/wp\/v2\/product_tag?post=11376"}],"curies":[{"name":"wp","href":"https:\/\/api.w.org\/{rel}","templated":true}]}}