{"id":11076,"date":"2021-04-09T10:46:13","date_gmt":"2021-04-09T10:46:13","guid":{"rendered":"http:\/\/haitises.com\/product\/import-placeholder-for-12064\/"},"modified":"2024-04-10T21:52:02","modified_gmt":"2024-04-10T21:52:02","slug":"excursion-whale-watching-samana-bay-cano-hondo-los-haitises-from-samana-port","status":"publish","type":"product","link":"https:\/\/haitises.com\/cy\/preifat\/excursion-whale-watching-samana-bay-cano-hondo-los-haitises-from-samana-port\/","title":{"rendered":"Gwylio Morfil Taith Bae Saman\u00e1 + Ca\u00f1o Hondo + Los Haitises o borthladd Saman\u00e1"},"content":{"rendered":"<div class=\"vc_row wpb_row vc_row-fluid\" ><div class=\"wpb_column vc_column_container vc_col-sm-12\"><div class=\"vc_column-inner\"><div class=\"wpb_wrapper\">[mkdf_section_title title_tag=\u00bb\u00bb disable_break_words=\u00bbno\u00bb subtitle_tag=\u00bb\u00bb subtitle=\u00bbTours &amp; Excursions\u00bb title=\u00bbExcursion Whale Watching Samana bay + Cano Hondo + Los Haitises from Samana port\u00bb]\n\t<div class=\"wpb_text_column wpb_content_element\" >\n\t\t<div class=\"wpb_wrapper\">\n\t\t\t<div class=\"vc_row wpb_row vc_row-fluid\">\n<div class=\"wpb_column vc_column_container vc_col-sm-12\">\n<div class=\"vc_column-inner\">\n<div class=\"wpb_wrapper\">\n<div class=\"wpb_text_column wpb_content_element\">\n<div class=\"wpb_wrapper\">\n<h3><\/h3>\n<p>Whale watching in Saman\u00e1 starts from Saman\u00e1 port after Whale watching we will across the bay to visit Ca\u00f1o Hondo Natural pools plus Lunch and Full trip in Los Haitises National Park.<\/p>\n<p>This Trip will start at 9:00 Am and Finish at 5:00 Pm. Meeting before in Our Office. After aborting our Private Boat to visit Whales in their own habitat. From 9:00 Am until 11:00 am Whale observatory and After this Whale watching trip we will visit Ca\u00f1o Hondo for Lunch plus swimming in natural pools and finishing with a full trip to Los Haitises National Park. This excursion will end at the same port from where will start at 5:00 pm.<\/p>\n<p><strong>Note: This is a Private excursion.\u00a0<\/strong><\/p>\n<ul>\n<li>Taith Gwylio Morfilod<\/li>\n<li>Los haitises national park Tour<\/li>\n<li>Ca\u00f1o Hondo, Lunch and Pools<\/li>\n<li>Ffioedd mynediad i&#039;r Arsyllfa<\/li>\n<li>Trosglwyddo Cwch<\/li>\n<li>Mae&#039;r Capten yn darparu cyfarwyddyd a Goruchwyliaeth<\/li>\n<li>Tywysydd<\/li>\n<\/ul>\n<p>&nbsp;<\/p>\n<h4><b>Cynhwysiadau a Gwaharddiadau<\/b><\/h4>\n<p>&nbsp;<\/p>\n<p><b>Cynhwysion<\/b><\/p>\n<ol>\n<li>Buffet lunch at Ca\u00f1o Hondo<\/li>\n<li>Pyllau Naturiol<\/li>\n<li>Whale watching Saman\u00e1 bay<\/li>\n<li>Los Haitises National Park, Caves, Mangroves and San Lorenzo Bay<\/li>\n<li>Tywysydd<\/li>\n<li>Catamaran neu Trip Cwch<\/li>\n<li>Yr holl drethi, ffioedd a thaliadau trin<\/li>\n<li>Trethi lleol<\/li>\n<li>Diodydd<\/li>\n<\/ol>\n<p><b>Gwaharddiadau<\/b><\/p>\n<ol>\n<li>Diolchgarwch<\/li>\n<li>Car Trosglwyddo<\/li>\n<li>Diodydd Meddwol<\/li>\n<\/ol>\n<p>&nbsp;<\/p>\n<h4><em><strong>Gadael a Dychwelyd<\/strong><\/em><\/h4>\n<p>Bydd y teithiwr yn cael man cyfarfod ar \u00f4l y Broses Archebu. Teithiau yn cychwyn ac yn Gorffen yn ein mannau cyfarfod.<\/p>\n<p>&nbsp;<\/p>\n<h4><b><i>Beth i&#039;w Ddisgwyl?<\/i><\/b><\/h4>\n<p>&nbsp;<\/p>\n<p><em><strong>Mynnwch eich tocynnau<\/strong><\/em> for a day Whale Watching tour in Samana bay plus a wonderful lunch and beach time and visiting Los Haitises National Park.<\/p>\n<p>Mae&#039;r Tocyn Dydd ar gyfer gwylio morfilod, a drefnir gan \u201cBooking Adventures\u201d yn cychwyn yn y man cyfarfod a osodwyd gyda&#039;r Tour Guide. Cinio ar y traeth a gallwch aros cyhyd ag y dymunwch nofio o gwmpas. Os ydych yn Fegan gallwn hefyd osod rhywfaint o fwyd i chi.<\/p>\n<p><strong>Amserlen:<\/strong><\/p>\n<p>8:45 AM \u2013 5:00 PM<\/p>\n<p>&nbsp;<\/p>\n<h4><em><strong>Beth ddylech chi ddod?<\/strong><\/em><\/h4>\n<ul>\n<li>camera<\/li>\n<li>blagur ymlid<\/li>\n<li>hufen haul<\/li>\n<li>Het<\/li>\n<li>Pants cyfforddus<\/li>\n<li>Sandalau i&#039;r traeth<\/li>\n<li>Gwisgo nofio<\/li>\n<li>Arian parod ar gyfer cofroddion<\/li>\n<\/ul>\n<p>&nbsp;<\/p>\n<h4><b><i>Pickup Gwesty<\/i><\/b><\/h4>\n<p>Ni chynigir casglu gwesty ar gyfer y daith hon.<\/p>\n<p>&nbsp;<\/p>\n<p><b>Nodyn:<\/b>\u00a0Os cewch eich archebu o fewn 24 awr i amser gadael y daith\/Gwibdaith, gallwn drefnu codi gwesty gyda Thaliadau ychwanegol. Unwaith y bydd eich pryniant wedi&#039;i gwblhau, byddwn yn anfon gwybodaeth gyswllt gyflawn atoch (rhif ff\u00f4n, cyfeiriad e-bost, ac ati) ar gyfer ein canllaw Taith leol i drefnu trefniadau casglu.<\/p>\n<h4><b><i>Gwybodaeth Ychwanegol Cadarnhad<\/i><\/b><\/h4>\n<ol>\n<li>Tocynnau yw&#039;r Derbynneb ar \u00f4l talu&#039;r Daith hon. Gallwch ddangos y taliad ar eich ff\u00f4n.<\/li>\n<li>Derbynnir Man Cyfarfod Ar \u00f4l y Broses Archebu.<\/li>\n<li>Rhaid i blant fod yng nghwmni oedolyn.<\/li>\n<li>hygyrch i gadeiriau olwyn<\/li>\n<li>Rhaid i fabanod eistedd ar liniau<\/li>\n<li>Gall y rhan fwyaf o deithwyr gymryd rhan<\/li>\n<\/ol>\n<h4><b><i>Polisi Canslo<\/i><\/b><\/h4>\n<p>I gael ad-daliad llawn, canslwch o leiaf 24 awr cyn dyddiad cychwyn y profiad.<\/p>\n<\/div>\n<\/div>\n<\/div>\n<\/div>\n<\/div>\n<\/div>\n<div class=\"vc_row wpb_row vc_row-fluid\">\n<div class=\"wpb_column vc_column_container vc_col-sm-12\">\n<div class=\"vc_column-inner\">\n<div class=\"wpb_wrapper\">\n<div class=\"wpb_text_column wpb_content_element\">\n<div class=\"wpb_wrapper\">\n<h4>Cysylltwch \u00e2 ni?<\/h4>\n<h5><b><i>TAITH SAMANA WHALES<\/i><\/b><\/h5>\n<p><em><strong>Pobl leol<\/strong>\u00a0a\u00a0<strong>Cenedlaetholwyr<\/strong>\u00a0Tywyswyr Teithiau a Gwasanaethau Gwesteion<\/em><\/p>\n<p><span class=\"text-turquoise\">Archebion:<\/span>\u00a0Teithiau a Gwibdeithiau yn y Cartref Cynrychiolydd.<\/p>\n<p><img decoding=\"async\" class=\"emoji\" draggable=\"false\" src=\"https:\/\/s.w.org\/images\/core\/emoji\/11.2.0\/svg\/1f4de.svg\" alt=\"\ud83d\udcde\" title=\"\">\u00a0Ff\u00f4n\/Whatsapp\u00a0\u00a0<a href=\"tel:+1-809-720-6035\">+1-809-720-6035<\/a>.<\/p>\n<p><img decoding=\"async\" class=\"emoji\" draggable=\"false\" src=\"https:\/\/s.w.org\/images\/core\/emoji\/11.2.0\/svg\/1f4e9.svg\" alt=\"\ud83d\udce9\" title=\"\">\u00a0<a href=\"mailto:info@bookingadventures.com.do\">info@bookingadventures.com.do<\/a><\/p>\n<p><strong>Rydym yn Hyblyg Gosod Teithiau Preifat gan Whatsapp:\u00a0<a href=\"tel:+18097206035\">+18097206035.<\/a><\/strong><\/p>\n<\/div>\n<\/div>\n<\/div>\n<\/div>\n<\/div>\n<\/div>\n\n\t\t<\/div>\n\t<\/div>\n[mkdf_section_title title_tag=\u00bb\u00bb disable_break_words=\u00bbno\u00bb subtitle_tag=\u00bb\u00bb subtitle=\u00bbPrivate Tours &amp; Excursions\u00bb title=\u00bbPrivate Excursion Whale Watching Samana Bay + Cano Hondo + Los Haitises from Samana port\u00bb]\n\t<div class=\"wpb_text_column wpb_content_element\" >\n\t\t<div class=\"wpb_wrapper\">\n\t\t\t<h3><strong>Private Tour Pricing from Samana:<\/strong><\/h3>\n<p><strong><em>2 Customers Private Tour: USD $200 per person<\/em><\/strong><strong><em><br \/>\n<\/em><\/strong><\/p>\n<p><strong><em>3\u00a0 Customers Private Tour: USD $160 per person<\/em><\/strong><\/p>\n<p><strong><em>4\u00a0 Customers Private Tour: USD $140 per person<\/em><\/strong><\/p>\n<p><strong><em>5 Customers Private Tour: USD $130 per person<\/em><\/strong><\/p>\n<p><strong><em>6 Customers Private Tour: USD $99 per person<\/em><\/strong><\/p>\n<p><strong><em>7\u00a0 Customers Private Tour: USD $80 per person<\/em><\/strong><\/p>\n<p><strong><em>8 Customers Private Tour: USD $75 per person<\/em><\/strong><\/p>\n<p><strong><em>9 or more Customers Private tour: <a href=\"https:\/\/www.ticketswhales.com\/contact-us\/\" target=\"_blank\" rel=\"noopener\">Contact us<\/a><\/em><\/strong><\/p>\n\n\t\t<\/div>\n\t<\/div>\n<\/div><\/div><\/div><\/div>","protected":false},"excerpt":{"rendered":"<p>This is a private excursion to the whale watching observatory after Lunch in Ca\u00f1o Hondo ecolodge and Los Haitises National Park. Nobody else offers this amazing experience in just one day trip With professionals ecologist tour Guides in Whale watching. If you will like to contact us for advice just email, Whatsapp or Calling is available.\u00a0 Please book your tickets with time.<\/p>\n<p>&nbsp;<\/p>\n<p><em><strong>Dewiswch y dyddiad ar gyfer y daith:<\/strong><\/em><\/p>","protected":false},"featured_media":11212,"template":"","meta":[],"product_brand":[],"product_cat":[501,502,503,504,505,493,494,495,496,497,485,498,499,232,500],"product_tag":[137,126,139,132,142,488,489,393,490,234,236,506,491],"class_list":{"0":"post-11076","1":"product","2":"type-product","3":"status-publish","4":"has-post-thumbnail","6":"product_cat-cano-hondo","7":"product_cat-cano-hondo-2021","8":"product_cat-los-haitises-national-park","9":"product_cat-samana-tours","10":"product_cat-tour-excursion","11":"product_cat-tours-excursions","12":"product_cat-tours-excursions-whale-watching-samana-bay-dominican-republic","13":"product_cat-whale-miches","14":"product_cat-whale-sabana-de-la-mar","15":"product_cat-whale-samana","16":"product_cat-whale-watching","17":"product_cat-whale-watching-puerto-plata","18":"product_cat-whale-watching-punta-cana","19":"product_cat-whale-watching-samana","20":"product_cat-whale-watching-samana-bay","21":"product_tag-bacardi-island","22":"product_tag-cano-hondo","23":"product_tag-cayo-levantado","24":"product_tag-los-haitises","25":"product_tag-samana","26":"product_tag-samana-tour","27":"product_tag-whale","28":"product_tag-whale-punta-cana","29":"product_tag-whale-sabana-de-la-mar","30":"product_tag-whale-samana","31":"product_tag-whale-watching-dominican-republic","32":"product_tag-whales-in-samana","33":"product_tag-whales-trips","35":"first","36":"instock","37":"sale","38":"featured","39":"shipping-taxable","40":"product-type-external"},"_links":{"self":[{"href":"https:\/\/haitises.com\/cy\/wp-json\/wp\/v2\/product\/11076","targetHints":{"allow":["GET"]}}],"collection":[{"href":"https:\/\/haitises.com\/cy\/wp-json\/wp\/v2\/product"}],"about":[{"href":"https:\/\/haitises.com\/cy\/wp-json\/wp\/v2\/types\/product"}],"wp:featuredmedia":[{"embeddable":true,"href":"https:\/\/haitises.com\/cy\/wp-json\/wp\/v2\/media\/11212"}],"wp:attachment":[{"href":"https:\/\/haitises.com\/cy\/wp-json\/wp\/v2\/media?parent=11076"}],"wp:term":[{"taxonomy":"product_brand","embeddable":true,"href":"https:\/\/haitises.com\/cy\/wp-json\/wp\/v2\/product_brand?post=11076"},{"taxonomy":"product_cat","embeddable":true,"href":"https:\/\/haitises.com\/cy\/wp-json\/wp\/v2\/product_cat?post=11076"},{"taxonomy":"product_tag","embeddable":true,"href":"https:\/\/haitises.com\/cy\/wp-json\/wp\/v2\/product_tag?post=11076"}],"curies":[{"name":"wp","href":"https:\/\/api.w.org\/{rel}","templated":true}]}}