{"id":607,"date":"2020-07-11T21:05:03","date_gmt":"2020-07-11T21:05:03","guid":{"rendered":"http:\/\/haitises.com\/?post_type=product&#038;p=607"},"modified":"2024-04-16T04:05:26","modified_gmt":"2024-04-16T04:05:26","slug":"excursion-samana-zipline-tirolesa-el-valle-con-almuerzo-en-la-playa","status":"publish","type":"product","link":"https:\/\/haitises.com\/cs\/soukrome\/excursion-samana-zipline-tirolesa-el-valle-con-almuerzo-en-la-playa\/","title":{"rendered":"Exkurze Saman\u00e1 Zipline (Zipline) El Valle s ob\u011bdem na pl\u00e1\u017ei"},"content":{"rendered":"<div class=\"vc_row wpb_row vc_row-fluid\" ><div class=\"wpb_column vc_column_container vc_col-sm-12\"><div class=\"vc_column-inner\"><div class=\"wpb_wrapper\">[mkdf_section_title subtitle_tag=\u00bb\u00bb subtitle=\u00bb Aventura de Zip Line\u00bb]<\/div><\/div><\/div><\/div><div class=\"vc_row wpb_row vc_row-fluid\" ><div class=\"wpb_column vc_column_container vc_col-sm-12\"><div class=\"vc_column-inner\"><div class=\"wpb_wrapper\"><div class=\"vc_empty_space\"   style=\"height: 32px\"><span class=\"vc_empty_space_inner\"><\/span><\/div><\/div><\/div><\/div><\/div><div class=\"vc_row wpb_row vc_row-fluid\" ><div class=\"wpb_column vc_column_container vc_col-sm-12\"><div class=\"vc_column-inner\"><div class=\"wpb_wrapper\">\n\t<div class=\"wpb_text_column wpb_content_element\" >\n\t\t<div class=\"wpb_wrapper\">\n\t\t\t<h2>Zip Line(Tirolesa) Saman\u00e1, El Valle con almuerzo en la playa<\/h2>\n<h3>Popis<\/h3>\n<p>Tirolesa en Saman\u00e1, El Valle m\u00e1s un almuerzo en la playa. Ven con nosotros y visita una de las tirolesas m\u00e1s largas del Caribe. 12 l\u00edneas, 13 estaciones y m\u00e1s de 7,400 pies de cable. Equ\u00edpate y sigue a tus gu\u00edas en doce plataformas de tirolesa que cruzan l\u00edneas de hasta 1,000 pies (304 metros) mientras disfrutas de vistas a\u00e9reas del paisaje.<\/p>\n<p>Despu\u00e9s de esta experiencia, obtendr\u00e1 su tiempo de playa adem\u00e1s de un almuerzo local en la playa.<\/p>\n<ul>\n<li>Zahrnuje ob\u011bd formou bufetu na pl\u00e1\u017ei.<\/li>\n<li>Tirolesa en el bosque tropical y obtener vistas del paisaje<\/li>\n<li>Pr\u016fvodce poskytuje instrukce a dohled.<\/li>\n<\/ul>\n<h3>Zahrnut\u00ed a vylou\u010den\u00ed<\/h3>\n<h4>Inkluze<\/h4>\n<ol>\n<li>Ob\u011bd formou bufetu na pl\u00e1\u017ei.<\/li>\n<li>Zipline Tour<\/li>\n<li>Bosque de caf\u00e9 y cacao<\/li>\n<li>V\u0161echny dan\u011b, poplatky a poplatky<\/li>\n<li>M\u00edstn\u00ed dan\u011b<\/li>\n<li>N\u00e1poje<\/li>\n<li>V\u0161echny aktivity<\/li>\n<li>M\u00edstn\u00ed pr\u016fvodce<\/li>\n<\/ol>\n<h3>V\u00fdjimky<\/h3>\n<ol>\n<li>Skl\u00e1p\u011bn\u00ed<\/li>\n<li>P\u0159evod<\/li>\n<li>Alkoholick\u00e9 n\u00e1poje<\/li>\n<\/ol>\n<h3><em>Odjezd a n\u00e1vrat<\/em><\/h3>\n<p>Cestovatel z\u00edsk\u00e1 m\u00edsto setk\u00e1n\u00ed po procesu rezervace. Prohl\u00eddky za\u010d\u00ednaj\u00ed a kon\u010d\u00ed v m\u00edstech na\u0161eho setk\u00e1n\u00ed.<\/p>\n<h3><em>Co \u010dekat?<\/em><\/h3>\n<p>Obtenga sus boletos para visitar el Zipline El Valle en Saman\u00e1, adem\u00e1s de un maravilloso almuerzo y tiempo de playa en la playa de El Valle.<\/p>\n<p>Despu\u00e9s de obtener todo tipo de equipo requerido para su seguridad (arn\u00e9s, cascos, etc.), la acci\u00f3n comenzar\u00e1, a caminar un poco por el bosque h\u00famedo de cocos y cacaos de Saman\u00e1.<\/p>\n<p>El recorrido, organizado por \u00abBooking Adventures\u00bb comienza en el punto de encuentro establecido con el gu\u00eda tur\u00edstico. Con una caba\u00f1a de la zona, donde reciben a los invitados con una degustaci\u00f3n de chocolate y caf\u00e9 org\u00e1nico y un trago de Mamajuana tambi\u00e9n. La emoci\u00f3n comienza en el momento en que los gu\u00edas de Zip-Line comienzan a colocar todo el equipo regulador en cada Zipliner y explican paso a paso qu\u00e9 hacer en la Zip Line. Se requerir\u00e1 el uso de cascos de seguridad con arn\u00e9s doble &#8230; la adrenalina comienza a surtir efecto, suda e incluso se arrepiente para ver la distancia del primer salto. Espere y participe en la \u00abl\u00ednea de seguridad\u00bb en el cable de acero, as\u00ed que es hora de liberar su cuerpo, experimentar la sensaci\u00f3n de volar, volar de plataforma en plataforma y disfrutar del aire con una vista privilegiada de las monta\u00f1as exuberantes, antiguas y tropicales. .<\/p>\n<p>Reservando aventuras, Zip-Line el Valle se compone de 12 plataformas interconectadas por tres cables de acero para un total de 7,400 pies de cables, que soportan 13 mil libras cada uno, donde los aventureros se deslizan partiendo de la primera plataforma inspirada en un barco pirata y una distancia de 1,000 pies desde la segunda plataforma, a una altura de m\u00e1s de 400 pies. Pirouetea, grita de emoci\u00f3n o simplemente distrae la vista en un \u00e1ngulo de 360 \u200b\u200bgrados, descubriendo el bosque tropical m\u00e1s exuberante que crece en el coraz\u00f3n de las monta\u00f1as.<\/p>\n<p>Subirse a los cables para muchas estaciones y terminar en la playa de El Valle. Esta playa es una de las m\u00e1s bellas de Saman\u00e1 y, por lo general, no hay muchas personas visitando los alrededores.<\/p>\n<p>Almuerza en la playa y puedes quedarte todo el tiempo que quieras nadando. \u00a1Se ofrece pescado frito y Tostones! Si eres vegano, tambi\u00e9n podemos prepararte algo de comida.<\/p>\n<h3><em>Co byste si m\u011bli vz\u00edt s sebou?<\/em><\/h3>\n<ul>\n<li>Fotoapar\u00e1t<\/li>\n<li>Repelenty<\/li>\n<li>opalovac\u00ed kr\u00e9m<\/li>\n<li>Klobouk<\/li>\n<li>Pohodln\u00e9 kalhoty<\/li>\n<li>Turistick\u00e1 obuv Forest<\/li>\n<li>Sand\u00e1ly na pl\u00e1\u017e<\/li>\n<li>Plaveck\u00fd \u00fabor<\/li>\n<\/ul>\n<h3><em>Vyzvednut\u00ed v hotelu<\/em><\/h3>\n<p>U tohoto z\u00e1jezdu nen\u00ed nab\u00edzeno vyzvednut\u00ed v hotelu.<\/p>\n<p><strong>Pozn\u00e1mka:<\/strong> Pokud provedete rezervaci do 24 hodin od \u010dasu odjezdu z\u00e1jezdu\/exkurze, m\u016f\u017eeme zajistit vyzvednut\u00ed v hotelu s dal\u0161\u00edmi poplatky. Jakmile bude v\u00e1\u0161 n\u00e1kup dokon\u010den, za\u0161leme v\u00e1m kompletn\u00ed kontaktn\u00ed informace (telefonn\u00ed \u010d\u00edslo, e-mailovou adresu atd.) na na\u0161eho m\u00edstn\u00edho pr\u016fvodce, abychom domluvili vyzvednut\u00ed.<\/p>\n<h3><em>Potvrzen\u00ed dal\u0161\u00edch informac\u00ed<\/em><\/h3>\n<ul>\n<li>Vstupenky jsou stvrzenkou po zaplacen\u00ed t\u00e9to prohl\u00eddky. Platbu m\u016f\u017eete uk\u00e1zat na sv\u00e9m telefonu.<\/li>\n<li>M\u00edsto setk\u00e1n\u00ed obdr\u017e\u00edte po proveden\u00ed rezervace.<\/li>\n<li>D\u011bti mus\u00ed b\u00fdt v doprovodu dosp\u011bl\u00e9 osoby.<\/li>\n<li>Los participantes deben pesar al menos 45 libras.<\/li>\n<li>Sin peso m\u00e1ximo, pero los arneses deben adaptarse a su cuerpo. (talla 54 cintura m\u00e1x.)<\/li>\n<li>Puedes Zip doble, con ni\u00f1os o con alguien especial.<\/li>\n<\/ul>\n<p><strong>Pozn\u00e1mka:<\/strong> Hay una caminata de 100 yardas por una empinada colina de grava para llegar a la primera plataforma.<\/p>\n<ul>\n<li>Nen\u00ed bezbari\u00e9rov\u00fd<\/li>\n<li>Los infantes deben sentarse con un adulto<\/li>\n<li>Nedoporu\u010duje se cestuj\u00edc\u00edm s probl\u00e9my se z\u00e1dy.<\/li>\n<li>Nedoporu\u010duje se t\u011bhotn\u00fdm \u017een\u00e1m.<\/li>\n<li>\u017d\u00e1dn\u00e9 probl\u00e9my se srdcem ani jin\u00e9 z\u00e1va\u017en\u00e9 zdravotn\u00ed stavy.<\/li>\n<li>\u00da\u010dastnit se m\u016f\u017ee v\u011bt\u0161ina cestovatel\u016f.<\/li>\n<\/ul>\n<h3><em>Storno podm\u00ednky<\/em><\/h3>\n<p>Para obtener un reembolso completo, cancele al menos 24 horas antes de la fecha de inicio de la actividad.<\/p>\n\n\t\t<\/div>\n\t<\/div>\n<\/div><\/div><\/div><\/div><div class=\"vc_row wpb_row vc_row-fluid\" ><div class=\"wpb_column vc_column_container vc_col-sm-12\"><div class=\"vc_column-inner\"><div class=\"wpb_wrapper\">\n\t<div class=\"wpb_text_column wpb_content_element\" >\n\t\t<div class=\"wpb_wrapper\">\n\t\t\t<h4>Kontaktujte n\u00e1s!<\/h4>\n<h5>Reserva de aventuras<\/h5>\n<p><em>Pr\u016fvodci <strong>m\u00edstn\u00ed<\/strong> y <strong>n\u00e1rodn\u00ed<\/strong> a slu\u017eby pro hosty<\/em><\/p>\n<p>Rezervace: Prohl\u00eddky a exkurze v Dom.<\/p>\n<p>Tel \/ Whatsapp + 1-809-720-6035.<\/p>\n<p>info@bookingadventures.com.do<\/p>\n<p>Hacemos tours privados de configuraci\u00f3n flexible por Whatsapp:<strong>\u00a0<a href=\"tel:+18097206035\">+18097206035.<\/a><\/strong><\/p>\n\n\t\t<\/div>\n\t<\/div>\n<div class=\"vc_empty_space\"   style=\"height: 32px\"><span class=\"vc_empty_space_inner\"><\/span><\/div><\/div><\/div><\/div><\/div>","protected":false},"excerpt":{"rendered":"<p>Tirolesa en Saman\u00e1, El Valle m\u00e1s un almuerzo en la playa. \u00a1Ven con nosotros y visita una de las tirolesas m\u00e1s largas del Caribe, 12 l\u00edneas, 13 estaciones y m\u00e1s de 7,400 pies de cable!<\/p>\n<p>Despu\u00e9s de esta experiencia, obtendr\u00e1 su tiempo en la playa adem\u00e1s de un almuerzo local en la playa.<\/p>\n<p><em><strong>Vyberte si pros\u00edm datum prohl\u00eddky:<\/strong><\/em><\/p>","protected":false},"featured_media":132,"template":"","meta":[],"product_brand":[],"product_cat":[96,135,122,443,123,124],"product_tag":[138,157,158,142,147,148,143,159,160,161],"class_list":{"0":"post-607","1":"product","2":"type-product","3":"status-publish","4":"has-post-thumbnail","6":"product_cat-hiking","7":"product_cat-lunch","8":"product_cat-tours-and-excursions","9":"product_cat-tours-y-excursiones-es","10":"product_cat-tours-excursions-los-haitises-national-park","11":"product_cat-tours-excursions-samana-bay-dominican-republic","12":"product_tag-beach-time","13":"product_tag-el-valle-beach","14":"product_tag-playa-el-valle","15":"product_tag-samana","16":"product_tag-samana-bay","17":"product_tag-samana-excursions","18":"product_tag-samana-tours","19":"product_tag-tours-dominican-republic","20":"product_tag-zip-line","21":"product_tag-zip-line-samana","23":"first","24":"instock","25":"sale","26":"sold-individually","27":"shipping-taxable","28":"product-type-external"},"_links":{"self":[{"href":"https:\/\/haitises.com\/cs\/wp-json\/wp\/v2\/product\/607","targetHints":{"allow":["GET"]}}],"collection":[{"href":"https:\/\/haitises.com\/cs\/wp-json\/wp\/v2\/product"}],"about":[{"href":"https:\/\/haitises.com\/cs\/wp-json\/wp\/v2\/types\/product"}],"wp:featuredmedia":[{"embeddable":true,"href":"https:\/\/haitises.com\/cs\/wp-json\/wp\/v2\/media\/132"}],"wp:attachment":[{"href":"https:\/\/haitises.com\/cs\/wp-json\/wp\/v2\/media?parent=607"}],"wp:term":[{"taxonomy":"product_brand","embeddable":true,"href":"https:\/\/haitises.com\/cs\/wp-json\/wp\/v2\/product_brand?post=607"},{"taxonomy":"product_cat","embeddable":true,"href":"https:\/\/haitises.com\/cs\/wp-json\/wp\/v2\/product_cat?post=607"},{"taxonomy":"product_tag","embeddable":true,"href":"https:\/\/haitises.com\/cs\/wp-json\/wp\/v2\/product_tag?post=607"}],"curies":[{"name":"wp","href":"https:\/\/api.w.org\/{rel}","templated":true}]}}