{"id":602,"date":"2020-07-06T21:08:32","date_gmt":"2020-07-06T21:08:32","guid":{"rendered":"http:\/\/haitises.com\/?post_type=product&#038;p=602"},"modified":"2024-04-16T16:45:03","modified_gmt":"2024-04-16T16:45:03","slug":"vylet-narodni-park-skok-la-jalda-nejvyssi-skok-v-karibiku-272-stop","status":"publish","type":"product","link":"https:\/\/haitises.com\/cs\/soukrome\/vylet-narodni-park-skok-la-jalda-nejvyssi-skok-v-karibiku-272-stop\/","title":{"rendered":"V\u00fdlet do n\u00e1rodn\u00edho parku Salto de la Jalda - nejvy\u0161\u0161\u00ed vodop\u00e1d Karibiku, 272 stop."},"content":{"rendered":"<div class=\"vc_row wpb_row vc_row-fluid\" ><div class=\"wpb_column vc_column_container vc_col-sm-12\"><div class=\"vc_column-inner\"><div class=\"wpb_wrapper\">[mkdf_section_title subtitle_tag=\u00bb\u00bb text_font_weight=\u00bb\u00bb subtitle=\u00bbLa cascada m\u00e1s alta del Caribe 272 pies\u00bb text=\u00bbSenderismo o a caballo\u00bb]<\/div><\/div><\/div><\/div><div class=\"vc_row wpb_row vc_row-fluid\" ><div class=\"wpb_column vc_column_container vc_col-sm-12\"><div class=\"vc_column-inner\"><div class=\"wpb_wrapper\">\n\t<div class=\"wpb_text_column wpb_content_element\" >\n\t\t<div class=\"wpb_wrapper\">\n\t\t\t<h2>N\u00e1rodn\u00ed park Salto de la Jalda<\/h2>\n<h3>Popis<\/h3>\n<p>Jedn\u00e1 se o soukrom\u00fd v\u00fdlet k vodop\u00e1d\u016fm Salto de la Jalda s j\u00edzdou na koni nebo p\u011b\u0161\u00ed turistikou. N\u00e1v\u0161t\u011bva kakaov\u00e9ho a k\u00e1vov\u00e9ho lesa pod kokosov\u00fdmi o\u0159echy. Kdy\u017e se dostanete k vodop\u00e1d\u016fm, m\u016f\u017eete plavat a nastavit \u010das s m\u00edstn\u00edm pr\u016fvodcem.<\/p>\n<p>U\u010dte se od m\u00edstn\u00edch a z\u00edskejte bezpe\u010dn\u00fd v\u00fdlet. Z\u00edskejte sv\u00e9 vstupenky v prodeji je\u0161t\u011b dnes.<\/p>\n<ul>\n<li>J\u00edzda na koni nebo turistika<\/li>\n<li>Pr\u016fvodce poskytuje pokyny a dohled.<\/li>\n<li>Poplatky do n\u00e1rodn\u00edho parku<\/li>\n<\/ul>\n<h3>Zahrnut\u00ed a vylou\u010den\u00ed<\/h3>\n<h4>Inkluze<\/h4>\n<ol>\n<li>V\u00fdlet p\u011b\u0161ky nebo na koni<\/li>\n<li>V\u0161echny dan\u011b, poplatky a poplatky<\/li>\n<li>M\u00edstn\u00ed dan\u011b<\/li>\n<li>N\u00e1poje<\/li>\n<li>V\u0161echny aktivity<\/li>\n<li>M\u00edstn\u00ed pr\u016fvodce<\/li>\n<\/ol>\n<h4>V\u00fdjimky<\/h4>\n<ol>\n<li>Skl\u00e1p\u011bn\u00ed<\/li>\n<li>Doprava<\/li>\n<li>Ob\u011bd<\/li>\n<li>Alkoholick\u00e9 n\u00e1poje<\/li>\n<\/ol>\n<h3><em>Odjezd a n\u00e1vrat<\/em><\/h3>\n<p>Cestovatel z\u00edsk\u00e1 m\u00edsto setk\u00e1n\u00ed po procesu rezervace. Prohl\u00eddky za\u010d\u00ednaj\u00ed a kon\u010d\u00ed v m\u00edstech na\u0161eho setk\u00e1n\u00ed.<\/p>\n<h2>V\u00fdlet do n\u00e1rodn\u00edho parku Salto de la Jalda<\/h2>\n<h3><em>Co \u010dekat?<\/em><\/h3>\n<p>Z\u00edskejte vstupenky na n\u00e1v\u0161t\u011bvu nejvy\u0161\u0161\u00edch vodop\u00e1d\u016f v Karibiku. El Salto la Jalda P\u011b\u0161\u00ed turistika nebo na koni.<\/p>\n<p>El recorrido, organizado por \u00abBooking Adventures\u00bb comienza en el punto de encuentro establecido con el gu\u00eda tur\u00edstico. Para comenzar nuestro recorrido, nos encontramos en Sabana de la Mar. Luego nos subimos al veh\u00edculo que conducimos 25 minutos a la Comunidad Magua. Donde nos encontraremos con nuestros gu\u00edas locales de senderismo. Dejando su veh\u00edculo en un lugar de estacionamiento seguro, vamos a caballo o a pie al Parque Nacional Salto de La Jalda, con un tiempo de tres horas para llegar all\u00ed.<\/p>\n<p>Cesta m\u00e1 6,5 kilometru, je to dlouh\u00e1 zku\u0161enost p\u0159es dominik\u00e1nsk\u00fd les, proch\u00e1zej\u00edc\u00ed kakaov\u00fdmi, kokosov\u00fdmi a k\u00e1vov\u00fdmi lesy. Za celou na\u0161i cestu projedeme pobl\u00ed\u017e \u0159eky Magua a bez v\u011bt\u0161\u00edch pot\u00ed\u017e\u00ed ji p\u0159ekro\u010d\u00edme p\u0159ibli\u017en\u011b 8x.<\/p>\n<p>T\u00e9m\u011b\u0159 cel\u00e1 stezka je zast\u00edn\u011bna velk\u00fdm mno\u017estv\u00edm kakaov\u00e9ho lesa vys\u00e1zen\u00e9ho p\u0159ed vyhl\u00e1\u0161en\u00edm oblasti Salto de La Jalda National Park. V t\u00e9to prvn\u00ed \u010d\u00e1sti ekoturistick\u00e9ho dobrodru\u017estv\u00ed si m\u016f\u017eete vychutnat zp\u011bv pt\u00e1k\u016f, zvuk tekouc\u00ed vody, p\u0159ev\u00e1\u017en\u011b rovinat\u00fd ter\u00e9n a ve\u0161kerou zelenou vegetaci.<\/p>\n<p>Krom\u011b kakaa v zemi n\u00e1rodn\u00edho parku La Jalda m\u016f\u017eete vid\u011bt i k\u00e1vov\u00e9 plant\u00e1\u017ee. T\u00e9m\u011b\u0159 u vodop\u00e1du zastavujeme u domu domorod\u00fdch str\u00e1\u017ec\u016f parku z komunity Magua, p\u0159id\u011blen\u00e9 do n\u00e1rodn\u00edho parku Jalda. Tam si m\u016f\u017eete ud\u011blat kr\u00e1tkou p\u0159est\u00e1vku, odkud uvid\u00edte neuv\u011b\u0159iteln\u00fd p\u0159ehled o Salto de La Jalda.<\/p>\n<p>Budeme pokra\u010dovat k vodop\u00e1d\u016fm. plavte tam a po n\u011bkolika hodin\u00e1ch se vra\u0165te k vozidlu stejnou cestou. Tohle je extr\u00e9mn\u00ed dobrodru\u017estv\u00ed. Pros\u00edm, pokud nem\u00e1te podm\u00ednky pro p\u011b\u0161\u00ed turistiku, mus\u00edte jezdit na koni.<\/p>\n<h3><em>Co byste si m\u011bli vz\u00edt s sebou?<\/em><\/h3>\n<ul>\n<li>Fotoapar\u00e1t<\/li>\n<li>Repelenty<\/li>\n<li>opalovac\u00ed kr\u00e9m<\/li>\n<li>Klobouk<\/li>\n<li>Pohodln\u00e9 kalhoty<\/li>\n<li>Turistick\u00e1 obuv Forest<\/li>\n<li>Plaveck\u00fd \u00fabor<\/li>\n<li>L\u00e1hev na vodu nav\u00edc<\/li>\n<li>Ob\u011bd nebo sva\u010dina<\/li>\n<\/ul>\n<h3><em>Vyzvednut\u00ed v hotelu<\/em><\/h3>\n<p>U tohoto z\u00e1jezdu nen\u00ed nab\u00edzeno vyzvednut\u00ed v hotelu.<\/p>\n<p><strong>Pozn\u00e1mka:<\/strong> Pokud provedete rezervaci do 24 hodin od \u010dasu odjezdu prohl\u00eddky\/exkurze, m\u016f\u017eeme za p\u0159\u00edplatek zajistit vyzvednut\u00ed v hotelu. Jakmile bude v\u00e1\u0161 n\u00e1kup dokon\u010den, za\u0161leme v\u00e1m kompletn\u00ed kontaktn\u00ed informace (telefonn\u00ed \u010d\u00edslo, e-mailovou adresu atd.) na na\u0161eho m\u00edstn\u00edho pr\u016fvodce, abychom domluvili vyzvednut\u00ed.<\/p>\n<h3><em>Potvrzen\u00ed dal\u0161\u00edch informac\u00ed<\/em><\/h3>\n<ul>\n<li>Vstupenky jsou stvrzenkou po zaplacen\u00ed t\u00e9to prohl\u00eddky. Platbu m\u016f\u017eete uk\u00e1zat na sv\u00e9m telefonu.<\/li>\n<li>M\u00edsto setk\u00e1n\u00ed obdr\u017e\u00edte po proveden\u00ed rezervace.<\/li>\n<li>D\u011bti mus\u00ed b\u00fdt v doprovodu dosp\u011bl\u00e9 osoby.<\/li>\n<li>Nen\u00ed bezbari\u00e9rov\u00fd<\/li>\n<li>Na tento v\u00fdlet nejsou povoleny d\u011bti<\/li>\n<li>Nedoporu\u010duje se cestuj\u00edc\u00edm s probl\u00e9my se z\u00e1dy.<\/li>\n<li>Nedoporu\u010duje se t\u011bhotn\u00fdm \u017een\u00e1m.<\/li>\n<li>\u017d\u00e1dn\u00e9 probl\u00e9my se srdcem ani jin\u00e9 z\u00e1va\u017en\u00e9 zdravotn\u00ed stavy.<\/li>\n<li>\u00da\u010dastnit se m\u016f\u017ee v\u011bt\u0161ina cestovatel\u016f.<\/li>\n<\/ul>\n<h3><em>Storno podm\u00ednky<\/em><\/h3>\n<p>Chcete-li z\u00edskat plnou n\u00e1hradu, zru\u0161te alespo\u0148 24 hodin p\u0159ed datem zah\u00e1jen\u00ed z\u00e1\u017eitku.<\/p>\n\n\t\t<\/div>\n\t<\/div>\n<\/div><\/div><\/div><\/div><div class=\"vc_row wpb_row vc_row-fluid\" ><div class=\"wpb_column vc_column_container vc_col-sm-12\"><div class=\"vc_column-inner\"><div class=\"wpb_wrapper\">\n\t<div class=\"wpb_text_column wpb_content_element\" >\n\t\t<div class=\"wpb_wrapper\">\n\t\t\t<h4>Kontaktujte n\u00e1s?<\/h4>\n<h5>Rezervace dobrodru\u017estv\u00ed<\/h5>\n<p><em>Pr\u016fvodci <strong>m\u00edstn\u00ed<\/strong> y <strong>n\u00e1rodn\u00ed<\/strong> a slu\u017eby pro hosty<\/em><\/p>\n<p>Rezervace: Prohl\u00eddky a exkurze v Dom.<\/p>\n<p>Tel \/ Whatsapp + 1-809-720-6035.<\/p>\n<p>info@bookingadventures.com.do<\/p>\n<p>D\u011bl\u00e1me soukrom\u00e9 prohl\u00eddky flexibiln\u00ed konfigurace Whatsapp: +18097206035.<\/p>\n\n\t\t<\/div>\n\t<\/div>\n<\/div><\/div><\/div><\/div>","protected":false},"excerpt":{"rendered":"<p>Extr\u00e9mn\u00ed dobrodru\u017estv\u00ed k nejvy\u0161\u0161\u00edmu vodop\u00e1du v Karibiku. Vydejte se s m\u00edstn\u00edmi na proch\u00e1zku nebo j\u00edzdu na koni k vodop\u00e1du. Dozv\u00edte se o skute\u010dn\u00e9m dominik\u00e1nsk\u00e9m lesn\u00edm \u017eivotn\u00edm stylu. N\u00e1v\u0161t\u011bva nejv\u011bt\u0161\u00edch plant\u00e1\u017e\u00ed kakaovn\u00edk\u016f v Dominik\u00e1nsk\u00e9 republice a pozn\u00e1v\u00e1n\u00ed t\u00e9to historie od domorod\u00fdch pr\u016fvodc\u016f.<\/p>\n<p>Kdy\u017e si zarezervujete tento v\u00fdlet, podpo\u0159\u00edte rodiny z Maguy, komunity Sabana de la Mar, kde po cel\u00fd rok nejsou \u017e\u00e1dn\u00ed turist\u00e9. Pen\u00edze z\u016fstanou u t\u011bchto m\u00edstn\u00edch obyvatel.<\/p>\n<p><strong>Vyberte si pros\u00edm datum prohl\u00eddky:<\/strong><\/p>","protected":false},"featured_media":62,"template":"","meta":[],"product_brand":[],"product_cat":[95,96,97,98,99,443,100],"product_tag":[101,102,103,104,105,106,107,108,109,110,111,112,113,114,115,116,117,118],"class_list":{"0":"post-602","1":"product","2":"type-product","3":"status-publish","4":"has-post-thumbnail","6":"product_cat-hike-to-miches-la-jalda-waterfall-waterfalls","7":"product_cat-hiking","8":"product_cat-horse-riding-to-waterfalls","9":"product_cat-local-tour-guides","10":"product_cat-swimming-natural-springs","11":"product_cat-tours-y-excursiones-es","12":"product_cat-waterfalls","13":"product_tag-higthest-waterfall-in-the-caribean","14":"product_tag-hike-la-jalda","15":"product_tag-hike-to-miches-la-jalda-waterfall-waterfalls","16":"product_tag-hiking","17":"product_tag-la-jalda-excursions","18":"product_tag-la-jalda-horses","19":"product_tag-la-jalda-national-park","20":"product_tag-la-jalda-waterfall","21":"product_tag-leaping","22":"product_tag-leaping-jalda","23":"product_tag-magua","24":"product_tag-magua-la-jalda","25":"product_tag-miches","26":"product_tag-sabana-de-la-mar","27":"product_tag-salto-de-la-jalda","28":"product_tag-salto-la-jalda-sabana-de-la-mar","29":"product_tag-salto-la-jalda-tours","30":"product_tag-waterfalls","32":"first","33":"instock","34":"sale","35":"featured","36":"sold-individually","37":"shipping-taxable","38":"product-type-external"},"_links":{"self":[{"href":"https:\/\/haitises.com\/cs\/wp-json\/wp\/v2\/product\/602","targetHints":{"allow":["GET"]}}],"collection":[{"href":"https:\/\/haitises.com\/cs\/wp-json\/wp\/v2\/product"}],"about":[{"href":"https:\/\/haitises.com\/cs\/wp-json\/wp\/v2\/types\/product"}],"wp:featuredmedia":[{"embeddable":true,"href":"https:\/\/haitises.com\/cs\/wp-json\/wp\/v2\/media\/62"}],"wp:attachment":[{"href":"https:\/\/haitises.com\/cs\/wp-json\/wp\/v2\/media?parent=602"}],"wp:term":[{"taxonomy":"product_brand","embeddable":true,"href":"https:\/\/haitises.com\/cs\/wp-json\/wp\/v2\/product_brand?post=602"},{"taxonomy":"product_cat","embeddable":true,"href":"https:\/\/haitises.com\/cs\/wp-json\/wp\/v2\/product_cat?post=602"},{"taxonomy":"product_tag","embeddable":true,"href":"https:\/\/haitises.com\/cs\/wp-json\/wp\/v2\/product_tag?post=602"}],"curies":[{"name":"wp","href":"https:\/\/api.w.org\/{rel}","templated":true}]}}