{"id":60,"date":"2020-06-14T11:56:47","date_gmt":"2020-06-14T11:56:47","guid":{"rendered":"http:\/\/haitises.com\/product\/import-placeholder-for-9250\/"},"modified":"2024-04-24T04:55:40","modified_gmt":"2024-04-24T04:55:40","slug":"los-haitises-tour-from-santo-domingo-samana-or-sabana-de-la-mar-full-day-trip","status":"publish","type":"product","link":"https:\/\/haitises.com\/cs\/soukrome\/los-haitises-tour-from-santo-domingo-samana-or-sabana-de-la-mar-full-day-trip\/","title":{"rendered":"Prohl\u00eddka Los Haitises ze Santo Dominga, Samany nebo Sabany de la mar. Celodenn\u00ed v\u00fdlet."},"content":{"rendered":"<div class=\"vc_row wpb_row vc_row-fluid\" ><div class=\"wpb_column vc_column_container vc_col-sm-12\"><div class=\"vc_column-inner\"><div class=\"wpb_wrapper\">[mkdf_section_title title_tag=\u00bb\u00bb disable_break_words=\u00bbno\u00bb subtitle_tag=\u00bb\u00bb title=\u00bbLos Haitises National Park Tour from Santo domingo. full Day Trip.\u00bb subtitle=\u00bbTransportation &amp; Lunch Included\u00bb]<\/div><\/div><\/div><\/div><div class=\"vc_row wpb_row vc_row-fluid\" ><div class=\"wpb_column vc_column_container vc_col-sm-12\"><div class=\"vc_column-inner\"><div class=\"wpb_wrapper\">\n\t<div class=\"wpb_text_column wpb_content_element\" >\n\t\t<div class=\"wpb_wrapper\">\n\t\t\t<h3>Prohl\u00eddka n\u00e1rodn\u00edho parku Los Haitises ze Santo Dominga. Celodenn\u00ed v\u00fdlet.<\/h3>\n<h4><b><i>P\u0159ehled <\/i><\/b><\/h4>\n<p>Prohl\u00eddka n\u00e1rodn\u00edho parku Los Haitises ze Santo Dominga. Celodenn\u00ed v\u00fdlet. Po\u010d\u00ednaje va\u0161\u00edm hotelem v Santo Domingu, Boca Chica nebo Juan Dolio. Pojedeme do z\u00e1toky Samana, kde n\u00e1s lo\u010f nebo katamar\u00e1n odveze do n\u00e1rodn\u00edho parku Los Haitises. N\u00e1v\u0161t\u011bva mangrov\u016f, jeskyn\u00ed, piktogram\u016f a v\u0161ech nejkr\u00e1sn\u011bj\u0161\u00edch m\u00edst n\u00e1rodn\u00edho parku Los Haitises s m\u00edstn\u00edm pr\u016fvodcem.<\/p>\n<p>Po t\u00e9to zku\u0161enosti se dostanete zp\u011bt do Santo Dominga, kde v\u00e1s vyzvedneme.<\/p>\n<ul>\n<li style=\"font-weight: 400;\">V\u010detn\u011b poplatk\u016f<\/li>\n<li>Ob\u011bd<\/li>\n<li>Ob\u010derstven\u00ed<\/li>\n<li style=\"font-weight: 400;\">M\u00edstn\u00ed pr\u016fvodce v angli\u010dtin\u011b nebo francouz\u0161tin\u011b<\/li>\n<li>P\u0159eprava<\/li>\n<li>V\u00fdlet na lodi<\/li>\n<\/ul>\n<p>&nbsp;<\/p>\n<h4><b>Zahrnut\u00ed a vylou\u010den\u00ed<\/b><\/h4>\n<p>&nbsp;<\/p>\n<p><b>Inkluze<\/b><\/p>\n<ol>\n<li style=\"font-weight: 400;\">Prohl\u00eddka Los Haitises + jeskyn\u011b a piktogramy<\/li>\n<li>Ob\u011bd<\/li>\n<li style=\"font-weight: 400;\"><span style=\"font-weight: 400;\">V\u0161echny dan\u011b, poplatky a manipula\u010dn\u00ed poplatky<\/span><\/li>\n<li style=\"font-weight: 400;\"><span style=\"font-weight: 400;\">M\u00edstn\u00ed dan\u011b<\/span><\/li>\n<li style=\"font-weight: 400;\"><span style=\"font-weight: 400;\">N\u00e1poje<\/span><\/li>\n<li>Ob\u010derstven\u00ed<\/li>\n<li style=\"font-weight: 400;\"><span style=\"font-weight: 400;\">V\u0161echny aktivity<\/span><\/li>\n<li style=\"font-weight: 400;\"><span style=\"font-weight: 400;\">M\u00edstn\u00ed pr\u016fvodce<\/span><\/li>\n<\/ol>\n<p><b> V\u00fdjimky<\/b><\/p>\n<ol>\n<li style=\"font-weight: 400;\"><span style=\"font-weight: 400;\">Spropitn\u00e9<\/span><\/li>\n<li style=\"font-weight: 400;\"><span style=\"font-weight: 400;\">Alkoholick\u00e9 n\u00e1poje<\/span><\/li>\n<\/ol>\n<h4><strong>Soukrom\u00e9 <em>Prohl\u00eddka a exkurze <\/em>Cena ze Santo Dominga:<\/strong><\/h4>\n<p><strong><em>*D\u011bti do 10 let cestuj\u00ed zdarma. (minim\u00e1ln\u011b 2 dosp\u011bl\u00ed)<br \/>\n<\/em><\/strong><\/p>\n<ul>\n<li><strong><em>Soukrom\u00e1 prohl\u00eddka a exkurze pro 2 osoby: 1 TP4T210 USD na osobu<\/em><\/strong><strong><em><br \/>\n<\/em><\/strong><\/li>\n<li><strong><em>Soukrom\u00e1 prohl\u00eddka a exkurze pro 3 osoby: 1 TP4T160 USD na osobu<\/em><\/strong><\/li>\n<li><strong><em>Soukrom\u00e1 prohl\u00eddka a exkurze pro 4 osoby: 1 TP4T130 USD na osobu<\/em><\/strong><\/li>\n<li><strong><em>Soukrom\u00e1 prohl\u00eddka a exkurze pro 5 osob: 1 TP4T105 USD na osobu<\/em><\/strong><\/li>\n<li><strong><em>Soukrom\u00e1 prohl\u00eddka a exkurze pro 6 osob: 1 TP4T100 USD na osobu<\/em><\/strong><\/li>\n<li><strong><em>Soukrom\u00e1 prohl\u00eddka a exkurze pro 7 osob: 1 TP4T90 USD na osobu<\/em><\/strong><\/li>\n<li><strong><em>Soukrom\u00e1 prohl\u00eddka a exkurze pro 8 osob: 1 TP4T80 USD na osobu<\/em><\/strong><\/li>\n<li><strong><em>9 a v\u00edce osob Prohl\u00eddka a exkurze: <a href=\"https:\/\/www.ticketswhales.com\/contact-us\/\" target=\"_blank\" rel=\"noopener\">Kontaktujte n\u00e1s<\/a><\/em><\/strong><\/li>\n<\/ul>\n<p><strong><em>*Za\u010d\u00e1tek exkurze v \u010dase, kter\u00fd si nastav\u00edte\u00a0\u00a0<\/em><\/strong><\/p>\n<h4><em><strong>Odjezd a n\u00e1vrat<\/strong><\/em><\/h4>\n<p><span style=\"font-weight: 400;\">Cestovatel z\u00edsk\u00e1 m\u00edsto setk\u00e1n\u00ed po procesu rezervace. Prohl\u00eddky za\u010d\u00ednaj\u00ed a kon\u010d\u00ed v m\u00edstech setk\u00e1n\u00ed.<\/span><\/p>\n<h4><\/h4>\n<h4><\/h4>\n<h3>N\u00e1rodn\u00ed park Los Haitises ze Santo Dominga<\/h3>\n<h4><b><i>Co o\u010dek\u00e1vat?<\/i><\/b><\/h4>\n<p><em><strong>Z\u00edskejte vstupenky<\/strong><\/em> za n\u00e1v\u0161t\u011bvu n\u00e1rodn\u00edho parku Los Haitises Tour ze Santo Dominga. Celodenn\u00ed v\u00fdlet. Ze Santo Dominga pohodln\u00fdm transferem do z\u00e1livu Saman\u00e1. doprava do p\u0159\u00edstavu na palubu lodi nebo katamar\u00e1nu s m\u00edstn\u00edm pr\u016fvodcem nav\u0161t\u00edv\u00edme Los Haitises, stranu Sabana de la Mar, nav\u0161t\u00edv\u00edme jeden z nejkr\u00e1sn\u011bj\u0161\u00edch n\u00e1rodn\u00edch park\u016f Dominik\u00e1nsk\u00e9 republiky. <strong>The<em>\u00a0N\u00e1rodn\u00ed park Haitises<\/em>.<\/strong><\/p>\n<p>The tour, organized by \u00abBooking Adventures\u00bb starts at the meeting point set with the Tour Guide. Come with Booking Adventures and start checking some bird-filled mangroves, rolling hills of lush vegetation and caves of <em><strong>N\u00e1rodn\u00ed park Los Haitises<\/strong><\/em>. N\u00e1v\u0161t\u011bva ostrova s pt\u00e1ky kolem. V hn\u00edzdn\u00ed sez\u00f3n\u011b m\u016f\u017eeme na hn\u00edzdech spat\u0159it i ml\u00e1\u010fata Pelecanos. Dostat se v\u00edce do Rocky Islands a nav\u0161t\u00edvit jeskyn\u011b s piktogramy a petrografy od domorod\u00fdch obyvatel.<\/p>\n<p>P\u0159es mangrovy a Land u otev\u0159en\u00e9ho z\u00e1livu San Lorenzo, Sabana de la Mar, odkud m\u016f\u017eete fotografovat drsnou lesn\u00ed krajinu. Pod\u00edvejte se na vodu, abyste ji na\u0161li <em><strong>Kapust\u0148\u00e1ci<\/strong><\/em>, kor\u00fd\u0161i a <em><strong>delf\u00edny.<\/strong><\/em><\/p>\n<div class=\"body-description secondary\">\n<p>N\u00e1zev n\u00e1rodn\u00edho parku poch\u00e1z\u00ed od jeho p\u016fvodn\u00edch obyvatel, indi\u00e1n\u016f Taino. V jejich jazyce \u201ehaitises\u201c znamen\u00e1 vyso\u010diny nebo kopce, co\u017e je odkaz na strm\u00e9 geologick\u00e9 \u00fatvary pob\u0159e\u017e\u00ed s v\u00e1penci. Vydejte se hloub\u011bji do parku a prozkoumejte jeskyn\u011b, jako je Cueva San Gabriel, <em><strong>P\u00edse\u010dn\u00e1 jeskyn\u011b, <\/strong><\/em>a <strong><em>Cueva de la L\u00ednea.<\/em><\/strong><\/p>\n<p>Tyto jeskyn\u011b v rezervaci slou\u017eily jako \u00fakryt indi\u00e1n\u016fm Taino a pozd\u011bji k ukr\u00fdv\u00e1n\u00ed pir\u00e1t\u016f. Hledejte kresby indi\u00e1n\u016f, kter\u00e9 zdob\u00ed n\u011bkter\u00e9 st\u011bny. Po n\u00e1v\u0161t\u011bv\u011b n\u00e1rodn\u00edho parku Los Haitises se vr\u00e1t\u00edme do Samany nebo Sabany de la mar na ob\u011bd.<\/p>\n<p>D\u00e1me si typick\u00fd ob\u011bd, pokud jste vegan, nebojte se, m\u00e1me j\u00eddlo i pro v\u00e1s!<\/p>\n<p>Po ob\u011bd\u011b se vrac\u00edme do Santo Dominga!!<\/p>\n<\/div>\n<p>V p\u0159\u00edpad\u011b, \u017ee se v\u00e1m tento v\u00fdlet bude l\u00edbit del\u0161\u00ed nebo krat\u0161\u00ed, m\u00e1me tyto mo\u017enosti:<\/p>\n<ol>\n<li><a href=\"https:\/\/www.ticketswhales.com\/tour\/the-haitises-national-park-tour-from-samana-port\/\" target=\"_blank\" rel=\"noopener\">Jen Los Haitises z p\u0159\u00edstavu Saman\u00e1.<\/a><\/li>\n<li><a href=\"https:\/\/www.ticketswhales.com\/tour\/los-haitises-national-park-lunch-at-cano-hondo-from-samana-port\/\" target=\"_blank\" rel=\"noopener\">Los Haitises + Ca\u00f1o Hondo z p\u0159\u00edstavu Saman\u00e1.<\/a><\/li>\n<\/ol>\n<p>&nbsp;<\/p>\n<h4><em><strong>Co byste si m\u011bli vz\u00edt s sebou?<\/strong><\/em><\/h4>\n<ul>\n<li style=\"font-weight: 400;\"><span style=\"font-weight: 400;\">Fotoapar\u00e1t<\/span><\/li>\n<li style=\"font-weight: 400;\"><span style=\"font-weight: 400;\">Repelentn\u00ed pupeny<\/span><\/li>\n<li style=\"font-weight: 400;\"><span style=\"font-weight: 400;\">opalovac\u00ed kr\u00e9m<\/span><\/li>\n<li style=\"font-weight: 400;\"><span style=\"font-weight: 400;\">Klobouk<\/span><\/li>\n<li style=\"font-weight: 400;\"><span style=\"font-weight: 400;\">Pohodln\u00e9 kalhoty<\/span><\/li>\n<li style=\"font-weight: 400;\"><span style=\"font-weight: 400;\">Turistick\u00e1 obuv do lesa<\/span><\/li>\n<li style=\"font-weight: 400;\"><span style=\"font-weight: 400;\">Sand\u00e1ly do jarn\u00edch oblast\u00ed.<\/span><\/li>\n<li style=\"font-weight: 400;\"><span style=\"font-weight: 400;\">Plaveck\u00fd od\u011bv<\/span><\/li>\n<\/ul>\n<p>&nbsp;<\/p>\n<h4><b><i>Vyzvednut\u00ed Hotel <\/i><\/b><\/h4>\n<p><span style=\"font-weight: 400;\">Vyzvednut\u00ed v hotelu se u t\u00e9to prohl\u00eddky nenab\u00edz\u00ed. <\/span><\/p>\n<p>&nbsp;<\/p>\n<p><b>Pozn\u00e1mka:<\/b><span style=\"font-weight: 400;\"> Pokud si rezervujete ubytov\u00e1n\u00ed do 24 hodin p\u0159ed odjezdem na prohl\u00eddku\/exkurzi, m\u016f\u017eeme za p\u0159\u00edplatek zajistit vyzvednut\u00ed v hotelu. Po dokon\u010den\u00ed n\u00e1kupu v\u00e1m za\u0161leme kompletn\u00ed kontaktn\u00ed informace (telefonn\u00ed \u010d\u00edslo, e-mailovou adresu atd.) pro na\u0161eho m\u00edstn\u00edho pr\u016fvodce, kter\u00fd zorganizuje vyzvednut\u00ed.<\/span><\/p>\n<h4><b><i>Dal\u0161\u00ed informace Potvrzen\u00ed <\/i><\/b><\/h4>\n<ol>\n<li>Vstupenky jsou stvrzenkou po zaplacen\u00ed t\u00e9to prohl\u00eddky. Platbu m\u016f\u017eete uk\u00e1zat na sv\u00e9m telefonu.<\/li>\n<li style=\"font-weight: 400;\"><span style=\"font-weight: 400;\">M\u00edsto setk\u00e1n\u00ed obdr\u017e\u00edte po dokon\u010den\u00ed rezervace.<\/span><\/li>\n<li style=\"font-weight: 400;\"><span style=\"font-weight: 400;\">D\u011bti mus\u00ed b\u00fdt v doprovodu dosp\u011bl\u00e9 osoby.<\/span><\/li>\n<li style=\"font-weight: 400;\"><span style=\"font-weight: 400;\"> Nen\u00ed bezbari\u00e9rov\u00fd <\/span><\/li>\n<li style=\"font-weight: 400;\"><span style=\"font-weight: 400;\">Kojenci mus\u00ed sed\u011bt na kl\u00edn\u011b <\/span><\/li>\n<li style=\"font-weight: 400;\"><span style=\"font-weight: 400;\">Nedoporu\u010duje se cestuj\u00edc\u00edm s probl\u00e9my se z\u00e1dy<\/span><\/li>\n<li style=\"font-weight: 400;\"><span style=\"font-weight: 400;\">Nedoporu\u010duje se t\u011bhotn\u00fdm cestovatelk\u00e1m <\/span><\/li>\n<li style=\"font-weight: 400;\"><span style=\"font-weight: 400;\"> \u017d\u00e1dn\u00e9 srde\u010dn\u00ed probl\u00e9my ani jin\u00e9 z\u00e1va\u017en\u00e9 zdravotn\u00ed pot\u00ed\u017ee <\/span><\/li>\n<li style=\"font-weight: 400;\"><span style=\"font-weight: 400;\">V\u011bt\u0161ina cestuj\u00edc\u00edch se m\u016f\u017ee z\u00fa\u010dastnit<\/span><\/li>\n<\/ol>\n<h4><b><i>Storno podm\u00ednky<\/i><\/b><\/h4>\n<p><span style=\"font-weight: 400;\">Pro vr\u00e1cen\u00ed cel\u00e9 \u010d\u00e1stky zru\u0161te alespo\u0148 24 hodin p\u0159ed datem zah\u00e1jen\u00ed z\u00e1\u017eitku. Prost\u0159edky budou ztraceny, pokud bude rezervace zru\u0161ena ve stejn\u00fd den cesty.<\/span><\/p>\n\n\t\t<\/div>\n\t<\/div>\n<\/div><\/div><\/div><\/div><div class=\"vc_row wpb_row vc_row-fluid\" ><div class=\"wpb_column vc_column_container vc_col-sm-12\"><div class=\"vc_column-inner\"><div class=\"wpb_wrapper\">\n\t<div class=\"wpb_video_widget wpb_content_element vc_clearfix   vc_video-aspect-ratio-169 vc_video-el-width-100 vc_video-align-left\" >\n\t\t<div class=\"wpb_wrapper\">\n\t\t\t\n\t\t\t<div class=\"wpb_video_wrapper\"><iframe loading=\"lazy\" title=\"N\u00e1rodn\u00ed park Los Haitises, v\u00fdlety a exkurze ze Samany nebo Sabany de la Mar. Rezervujte zde:\" src=\"https:\/\/player.vimeo.com\/video\/346508015?dnt=1&amp;app_id=122963\" width=\"1100\" height=\"619\" frameborder=\"0\" allow=\"autoplay; fullscreen\" allowfullscreen><\/iframe><\/div>\n\t\t<\/div>\n\t<\/div>\n<\/div><\/div><\/div><\/div><div class=\"vc_row wpb_row vc_row-fluid\" ><div class=\"wpb_column vc_column_container vc_col-sm-12\"><div class=\"vc_column-inner\"><div class=\"wpb_wrapper\"><div class=\"vc_empty_space\"   style=\"height: 32px\"><span class=\"vc_empty_space_inner\"><\/span><\/div>\n\t<div class=\"wpb_text_column wpb_content_element\" >\n\t\t<div class=\"wpb_wrapper\">\n\t\t\t<h4>Kontaktujte n\u00e1s?<\/h4>\n<h5>Rezervace dobrodru\u017estv\u00ed<\/h5>\n<p><em><strong>M\u00edstn\u00ed obyvatel\u00e9<\/strong>\u00a0a\u00a0<strong>N\u00e1rodn\u00ed str\u00e1nky<\/strong>\u00a0Pr\u016fvodci a slu\u017eby pro hosty<\/em><\/p>\n<p><span class=\"text-turquoise\">Rezervace:<\/span>\u00a0V\u00fdlety a exkurze v Dom. Rep.<\/p>\n<p><img decoding=\"async\" class=\"emoji\" draggable=\"false\" src=\"https:\/\/s.w.org\/images\/core\/emoji\/11.2.0\/svg\/1f4de.svg\" alt=\"\ud83d\udcde\" title=\"\">\u00a0Tel \/ Whatsapp\u00a0\u00a0<a href=\"tel:+1-809-720-6035\">+1-809-720-6035<\/a>.<\/p>\n<p><img decoding=\"async\" class=\"emoji\" draggable=\"false\" src=\"https:\/\/s.w.org\/images\/core\/emoji\/11.2.0\/svg\/1f4e9.svg\" alt=\"\ud83d\udce9\" title=\"\">\u00a0<a href=\"mailto:info@bookingadventures.com.do\">info@bookingadventures.com.do<\/a><\/p>\n<p><strong>Jsme flexibiln\u00ed nastaven\u00ed soukrom\u00e9 prohl\u00eddky p\u0159es Whatsapp:\u00a0<a href=\"tel:+18097206035\">+18097206035.<\/a><\/strong><\/p>\n\n\t\t<\/div>\n\t<\/div>\n<div class=\"vc_empty_space\"   style=\"height: 32px\"><span class=\"vc_empty_space_inner\"><\/span><\/div><\/div><\/div><\/div><\/div>","protected":false},"excerpt":{"rendered":"<p>Tato exkurze ze Santo Dominga do n\u00e1rodn\u00edho parku Los Haitises zahrnuje ob\u011bd a dopravu na n\u00e1v\u0161t\u011bvu hlavn\u00edch jeskyn\u00ed, pr\u016fzkum 2 r\u016fzn\u00fdch mangrovov\u00fdch ekosyst\u00e9m\u016f a samoz\u0159ejm\u011b pozorov\u00e1n\u00ed ryb\u00e1\u0159sk\u00fdch pt\u00e1k\u016f.<\/p>\n<p>V\u00fdlet do n\u00e1rodn\u00edho parku Los Haitises s p\u0159\u00edrodov\u011bdn\u00fdm pr\u016fvodcem. N\u00e1v\u0161t\u011bva Cays v n\u00e1rodn\u00edm parku Los Haitises, mangrovy, vegetace, pt\u00e1ci, jeskyn\u011b, piktogramy a historick\u00e9 oblasti Sabana de la Mar v n\u00e1rodn\u00edm parku Los Haitises.<\/p>\n<p>&nbsp;<\/p>\n<p><strong>Vyberte pros\u00edm datum prohl\u00eddky:\u00a0<\/strong><\/p>","protected":false},"featured_media":306,"template":"","meta":[],"product_brand":[],"product_cat":[286,122],"product_tag":[206,225,132,133,146,226],"class_list":{"0":"post-60","1":"product","2":"type-product","3":"status-publish","4":"has-post-thumbnail","6":"product_cat-los-haitises-tour-from-santo-domingo","7":"product_cat-tours-and-excursions","8":"product_tag-caves-los-haitises","9":"product_tag-las-terrenas","10":"product_tag-los-haitises","11":"product_tag-los-haitises-national-park","12":"product_tag-mangroves-los-haitises","13":"product_tag-transportation-los-haitises","15":"first","16":"instock","17":"sale","18":"sold-individually","19":"shipping-taxable","20":"product-type-external"},"_links":{"self":[{"href":"https:\/\/haitises.com\/cs\/wp-json\/wp\/v2\/product\/60","targetHints":{"allow":["GET"]}}],"collection":[{"href":"https:\/\/haitises.com\/cs\/wp-json\/wp\/v2\/product"}],"about":[{"href":"https:\/\/haitises.com\/cs\/wp-json\/wp\/v2\/types\/product"}],"wp:featuredmedia":[{"embeddable":true,"href":"https:\/\/haitises.com\/cs\/wp-json\/wp\/v2\/media\/306"}],"wp:attachment":[{"href":"https:\/\/haitises.com\/cs\/wp-json\/wp\/v2\/media?parent=60"}],"wp:term":[{"taxonomy":"product_brand","embeddable":true,"href":"https:\/\/haitises.com\/cs\/wp-json\/wp\/v2\/product_brand?post=60"},{"taxonomy":"product_cat","embeddable":true,"href":"https:\/\/haitises.com\/cs\/wp-json\/wp\/v2\/product_cat?post=60"},{"taxonomy":"product_tag","embeddable":true,"href":"https:\/\/haitises.com\/cs\/wp-json\/wp\/v2\/product_tag?post=60"}],"curies":[{"name":"wp","href":"https:\/\/api.w.org\/{rel}","templated":true}]}}