{"id":564,"date":"2020-06-27T01:33:01","date_gmt":"2020-06-27T01:33:01","guid":{"rendered":"http:\/\/haitises.com\/?post_type=product&#038;p=564"},"modified":"2024-04-17T17:19:20","modified_gmt":"2024-04-17T17:19:20","slug":"vylet-na-kajaku-los-haitises-2-hodiny","status":"publish","type":"product","link":"https:\/\/haitises.com\/cs\/soukrome\/vylet-na-kajaku-los-haitises-2-hodiny\/","title":{"rendered":"Exkurze na kajaku Los Haitises 2 hodiny"},"content":{"rendered":"<div class=\"vc_row wpb_row vc_row-fluid\" ><div class=\"wpb_column vc_column_container vc_col-sm-12\"><div class=\"vc_column-inner\"><div class=\"wpb_wrapper\">[mkdf_section_title subtitle_tag=\u00bb\u00bb subtitle=\u00bbKayaks y gu\u00eda local\u00bb]<\/div><\/div><\/div><\/div><div class=\"vc_row wpb_row vc_row-fluid\" ><div class=\"wpb_column vc_column_container vc_col-sm-12\"><div class=\"vc_column-inner\"><div class=\"wpb_wrapper\"><div class=\"vc_empty_space\"   style=\"height: 32px\"><span class=\"vc_empty_space_inner\"><\/span><\/div><\/div><\/div><\/div><\/div><div class=\"vc_row wpb_row vc_row-fluid\" ><div class=\"wpb_column vc_column_container vc_col-sm-12\"><div class=\"vc_column-inner\"><div class=\"wpb_wrapper\">\n\t<div class=\"wpb_text_column wpb_content_element\" >\n\t\t<div class=\"wpb_wrapper\">\n\t\t\t<div class=\"vc_row wpb_row vc_row-fluid\">\n<div class=\"wpb_column vc_column_container vc_col-sm-12\">\n<div class=\"vc_column-inner\">\n<div class=\"wpb_wrapper\">\n<div class=\"mkdf-section-title-holder\">\n<div class=\"mkdf-st-inner\">\n<h2>Kajak v n\u00e1rodn\u00edm parku Los Haitises s pr\u016fvodcem Ca\u00f1o Hondo 2 hodiny<\/h2>\n<h3>Popis<\/h3>\n<p>Mangrovov\u00e9 kajaky v n\u00e1rodn\u00edm parku Los Haitises s 2hodinov\u00fdm m\u00edstn\u00edm pr\u016fvodcem. N\u00e1v\u0161t\u011bva mangrov\u016f na \u0159ece Ca\u00f1o Hondo plus p\u0159ehled z\u00e1toky San Lorenzo v n\u00e1rodn\u00edm parku Los Haitises, oblast Sabana de la Mar Ca\u00f1o Hondo. V p\u0159\u00edpad\u011b, \u017ee m\u00e1te r\u00e1di del\u0161\u00ed v\u00fdlet: Kajak 4 hodiny v Los Haitises.<\/p>\n<ul>\n<li>Pr\u016fvodce poskytuje instrukce a dohled.<\/li>\n<li>K dispozici jsou kajaky a p\u00e1dla Double pro dv\u011b osoby a Simple pro jednu osobu.<\/li>\n<\/ul>\n<h3>Zahrnut\u00ed a vylou\u010den\u00ed<\/h3>\n<h4>Inkluze<\/h4>\n<ol>\n<li>v\u00fdlet na kajaku<\/li>\n<li>V\u0161echny dan\u011b, poplatky a manipula\u010dn\u00ed poplatky<\/li>\n<li>M\u00edstn\u00ed dan\u011b<\/li>\n<li>M\u00edstn\u00ed pr\u016fvodce<\/li>\n<\/ol>\n<h4>V\u00fdjimky<\/h4>\n<ol>\n<li>Skl\u00e1p\u011bn\u00ed<\/li>\n<li>Doprava<\/li>\n<li>Ob\u011bd <em>Ne<\/em> je to zahrnuto.<\/li>\n<li>Jeskyn\u011b <em>Ne<\/em> jsou zahrnuty<\/li>\n<li>Alkoholick\u00e9 n\u00e1poje<\/li>\n<\/ol>\n<h3><em>Odjezd a n\u00e1vrat<\/em><\/h3>\n<p>Cestovatel z\u00edsk\u00e1 m\u00edsto setk\u00e1n\u00ed po procesu rezervace. Prohl\u00eddky za\u010d\u00ednaj\u00ed a kon\u010d\u00ed v m\u00edstech na\u0161eho setk\u00e1n\u00ed.<\/p>\n<h3>Co \u010dekat?<\/h3>\n<p>Z\u00edskejte vstupenky na 2hodinovou n\u00e1v\u0161t\u011bvu kajaku v \u0159\u00ed\u010dn\u00edm lese Ca\u00f1o Hondo (mangrovy) s m\u00edstn\u00edmi pr\u016fvodci.<\/p>\n<p>Kdy\u017e z\u00edsk\u00e1me v\u0161echny druhy vybaven\u00ed nezbytn\u00e9 pro va\u0161i bezpe\u010dnost (z\u00e1chrann\u00e9 vesty atd.), akce za\u010dne na kajaku na \u0159ece Ca\u00f1o Hondo.<\/p>\n<p>El recorrido, organizado por \u00abBooking Adventures\u00bb, comienza en el punto de encuentro establecido con el gu\u00eda tur\u00edstico. Tomando kayaks y atravesando manglares, pasando por antiguas cuevas piratas y en bosques protegidos en esta pintoresca reserva a partir del \u00e1rea de los Hoteles Ca\u00f1o Hondo o de Sabana de la Mar.<\/p>\n<p>P\u0159ij\u010fte s Booking Adventures a za\u010dn\u011bte vid\u011bt mangrovy pln\u00e9 pt\u00e1k\u016f, zvln\u011bn\u00e9 kopce bujn\u00e9 vegetace a jeskyn\u011b n\u00e1rodn\u00edho parku Los Haitises. V\u00fdlet na kajaku od \u0159eky Ca\u00f1o Hondo, Sabana de la Mar. P\u0159es mangrovy a p\u0159ist\u00e1t do otev\u0159en\u00e9 z\u00e1toky San Lorenzo, odkud m\u016f\u017eete fotografovat drsnou zalesn\u011bnou krajinu. Pod\u00edvejte se do vody, abyste vid\u011bli kapust\u0148\u00e1ky, kor\u00fd\u0161e a delf\u00edny.<\/p>\n<p>V p\u0159\u00edpad\u011b, \u017ee se v\u00e1m tento v\u00fdlet l\u00edb\u00ed, m\u00e1me druhou mo\u017enost: kajak v Los Haitises 4 hodiny<\/p>\n<p>Prohl\u00eddka kon\u010d\u00ed na v\u00fdchoz\u00edm m\u00edst\u011b v n\u00e1rodn\u00edm parku Los Haitises. Tento v\u00fdlet doporu\u010dujeme v 6:00 v p\u0159\u00edpad\u011b, \u017ee chcete vid\u011bt kapust\u0148\u00e1ky, kor\u00fd\u0161e a delf\u00edny.<\/p>\n<p>6:00 je brzy, tak\u017ee v n\u00e1rodn\u00edm parku Los Haitises zat\u00edm nejsou \u017e\u00e1dn\u00e9 lod\u011b.<\/p>\n<h3><em>Co byste si m\u011bli vz\u00edt s sebou?<\/em><\/h3>\n<ul>\n<li>Fotoapar\u00e1t<\/li>\n<li>Repelenty<\/li>\n<li>Opalovac\u00ed kr\u00e9m<\/li>\n<li>Klobouk<\/li>\n<li>Pohodln\u00e9 kalhoty<\/li>\n<li>Sand\u00e1ly<\/li>\n<li>Plaveck\u00fd \u00fabor<\/li>\n<\/ul>\n<h3><em>Vyzvednut\u00ed v hotelu<\/em><\/h3>\n<p>U tohoto z\u00e1jezdu nen\u00ed nab\u00edzeno vyzvednut\u00ed v hotelu.<\/p>\n<p><strong>Pozn\u00e1mka:<\/strong> Pokud provedete rezervaci do 24 hodin od \u010dasu odjezdu z\u00e1jezdu\/exkurze, m\u016f\u017eeme zajistit vyzvednut\u00ed v hotelu s dal\u0161\u00edmi poplatky. Jakmile bude v\u00e1\u0161 n\u00e1kup dokon\u010den, za\u0161leme v\u00e1m kompletn\u00ed kontaktn\u00ed informace (telefonn\u00ed \u010d\u00edslo, e-mailovou adresu atd.) na na\u0161eho m\u00edstn\u00edho pr\u016fvodce, abychom domluvili vyzvednut\u00ed.<\/p>\n<h3><em>Potvrzen\u00ed dal\u0161\u00edch informac\u00ed<\/em><\/h3>\n<ul>\n<li>Vstupenky jsou stvrzenkou po zaplacen\u00ed t\u00e9to prohl\u00eddky. Platbu m\u016f\u017eete uk\u00e1zat na sv\u00e9m telefonu.<\/li>\n<li>M\u00edsto setk\u00e1n\u00ed obdr\u017e\u00edte po proveden\u00ed rezervace.<\/li>\n<li>D\u011bti mus\u00ed b\u00fdt v doprovodu dosp\u011bl\u00e9 osoby.<\/li>\n<li>Nen\u00ed bezbari\u00e9rov\u00fd<\/li>\n<li>Kojenci by m\u011bli sed\u011bt v d\u011btsk\u00e9 seda\u010dce nebo s dosp\u011bl\u00fdm<\/li>\n<li>Nedoporu\u010duje se cestuj\u00edc\u00edm s probl\u00e9my se z\u00e1dy.<\/li>\n<li>Nedoporu\u010duje se t\u011bhotn\u00fdm \u017een\u00e1m.<\/li>\n<li>\u017d\u00e1dn\u00e9 probl\u00e9my se srdcem ani jin\u00e9 z\u00e1va\u017en\u00e9 zdravotn\u00ed stavy.<\/li>\n<li>V\u011bt\u0161ina cestuj\u00edc\u00edch se m\u016f\u017ee z\u00fa\u010dastnit<\/li>\n<\/ul>\n<h3><em>Storno podm\u00ednky<\/em><\/h3>\n<p>Chcete-li z\u00edskat plnou n\u00e1hradu, zru\u0161te alespo\u0148 24 hodin p\u0159ed datem zah\u00e1jen\u00ed z\u00e1\u017eitku.<\/p>\n<h3><em>Kontaktujte n\u00e1s?<\/em><\/h3>\n<p>Rezervace dobrodru\u017estv\u00ed<br \/>\nM\u00edstn\u00ed a n\u00e1rodn\u00ed pr\u016fvodci a slu\u017eby pro hosty<\/p>\n<p>Rezervace: V\u00fdlety a exkurze v Dom. Reps.<\/p>\n<p>\ud83d\udcde Tel\/Whatsapp +1-809-720-6035.<\/p>\n<p>\ud83d\udce9 info@bookingadventures.com.do<\/p>\n<p>D\u011bl\u00e1me soukrom\u00e9 prohl\u00eddky s flexibilitou prost\u0159ednictv\u00edm Whatsapp: +18097206035.<\/p>\n<\/div>\n<\/div>\n<\/div>\n<\/div>\n<\/div>\n<\/div>\n<div class=\"vc_row wpb_row vc_row-fluid\">\n<div class=\"wpb_column vc_column_container vc_col-sm-12\">\n<div class=\"vc_column-inner\">\n<div class=\"wpb_wrapper\">\n<div class=\"wpb_text_column wpb_content_element\">\n<div class=\"wpb_wrapper\"><\/div>\n<\/div>\n<\/div>\n<\/div>\n<\/div>\n<\/div>\n\n\t\t<\/div>\n\t<\/div>\n<\/div><\/div><\/div><\/div>","protected":false},"excerpt":{"rendered":"<p>V\u00fdlet do n\u00e1rodn\u00edho parku Los Haitises z hotel\u016f Sabana de la Mar nebo Ca\u00f1o Hondo. Mangrovov\u00e9 kajaky v n\u00e1rodn\u00edm parku Los Haitises s m\u00edstn\u00edm pr\u016fvodcem. N\u00e1v\u0161t\u011bva mangrov\u016f na \u0159ece Ca\u00f1o Hondo plus p\u0159ehled z\u00e1toky San Lorenzo v n\u00e1rodn\u00edm parku Los Haitises, oblast Sabana de la Mar, Ca\u00f1o Hondo. Pokud m\u00e1te z\u00e1jem nav\u0161t\u00edvit jeskyn\u011b tak\u00e9, rezervujte si 4hodinov\u00fd v\u00fdlet na kajaku zde.<\/p>\n<ul>\n<li>Pr\u016fvodce poskytuje instrukce a dohled.<\/li>\n<li>K dispozici jsou kajaky a p\u00e1dla Double pro dv\u011b osoby a Simple pro jednu osobu.<\/li>\n<\/ul>\n<p>Nastavte tuto prohl\u00eddku s p\u011b\u0161\u00ed trasou a seznamte se s histori\u00ed n\u00e1rodn\u00edho parku Los Haitises s m\u00edstn\u00edmi obyvateli.<\/p>\n<p><strong>Vyberte si pros\u00edm datum prohl\u00eddky:<\/strong><\/p>","protected":false},"featured_media":113,"template":"","meta":[],"product_brand":[],"product_cat":[119,96,144,98,121,99,122,443,123,124],"product_tag":[126,127,149,145,150,151,152,153,132,133,114,148,143],"class_list":{"0":"post-564","1":"product","2":"type-product","3":"status-publish","4":"has-post-thumbnail","6":"product_cat-caves","7":"product_cat-hiking","8":"product_cat-kayaking","9":"product_cat-local-tour-guides","10":"product_cat-mangroves","11":"product_cat-swimming-natural-springs","12":"product_cat-tours-and-excursions","13":"product_cat-tours-y-excursiones-es","14":"product_cat-tours-excursions-los-haitises-national-park","15":"product_cat-tours-excursions-samana-bay-dominican-republic","16":"product_tag-cano-hondo","17":"product_tag-cano-hondo-hotel","18":"product_tag-cano-hondo-river","19":"product_tag-day-tour-cano-hondo","20":"product_tag-kayak-dominican-republic","21":"product_tag-kayak-los-haitises","22":"product_tag-kayak-tour","23":"product_tag-kayaking","24":"product_tag-los-haitises","25":"product_tag-los-haitises-national-park","26":"product_tag-sabana-de-la-mar","27":"product_tag-samana-excursions","28":"product_tag-samana-tours","30":"first","31":"instock","32":"sale","33":"sold-individually","34":"shipping-taxable","35":"product-type-external"},"_links":{"self":[{"href":"https:\/\/haitises.com\/cs\/wp-json\/wp\/v2\/product\/564","targetHints":{"allow":["GET"]}}],"collection":[{"href":"https:\/\/haitises.com\/cs\/wp-json\/wp\/v2\/product"}],"about":[{"href":"https:\/\/haitises.com\/cs\/wp-json\/wp\/v2\/types\/product"}],"wp:featuredmedia":[{"embeddable":true,"href":"https:\/\/haitises.com\/cs\/wp-json\/wp\/v2\/media\/113"}],"wp:attachment":[{"href":"https:\/\/haitises.com\/cs\/wp-json\/wp\/v2\/media?parent=564"}],"wp:term":[{"taxonomy":"product_brand","embeddable":true,"href":"https:\/\/haitises.com\/cs\/wp-json\/wp\/v2\/product_brand?post=564"},{"taxonomy":"product_cat","embeddable":true,"href":"https:\/\/haitises.com\/cs\/wp-json\/wp\/v2\/product_cat?post=564"},{"taxonomy":"product_tag","embeddable":true,"href":"https:\/\/haitises.com\/cs\/wp-json\/wp\/v2\/product_tag?post=564"}],"curies":[{"name":"wp","href":"https:\/\/api.w.org\/{rel}","templated":true}]}}