{"id":560,"date":"2020-06-24T11:16:49","date_gmt":"2020-06-24T11:16:49","guid":{"rendered":"http:\/\/haitises.com\/?post_type=product&#038;p=560"},"modified":"2024-03-17T14:02:25","modified_gmt":"2024-03-17T14:02:25","slug":"excursion-de-observacion-de-aves-en-el-parque-nacional-los-haitises","status":"publish","type":"product","link":"https:\/\/haitises.com\/cs\/soukrome\/excursion-de-observacion-de-aves-en-el-parque-nacional-los-haitises\/","title":{"rendered":"Exkurze za pt\u00e1ky v n\u00e1rodn\u00edm parku Los Haitises"},"content":{"rendered":"<div class=\"vc_row wpb_row vc_row-fluid\" ><div class=\"wpb_column vc_column_container vc_col-sm-12\"><div class=\"vc_column-inner\"><div class=\"wpb_wrapper\">[mkdf_section_title subtitle_tag=\u00bb\u00bb subtitle=\u00bbRidgway&#8217;s Hawk Tour &#8211; El Gavil\u00e1n de La Hispaniola en Los Haitises\u00bb]<\/div><\/div><\/div><\/div><div class=\"vc_row wpb_row vc_row-fluid\" ><div class=\"wpb_column vc_column_container vc_col-sm-12\"><div class=\"vc_column-inner\"><div class=\"wpb_wrapper\">\n\t<div class=\"wpb_text_column wpb_content_element\" >\n\t\t<div class=\"wpb_wrapper\">\n\t\t\t<h2>Pozorov\u00e1n\u00ed pt\u00e1k\u016f v n\u00e1rodn\u00edm parku Los Haitises<\/h2>\n<h3>Popis<\/h3>\n<p>N\u00e1rodn\u00ed park Los Haitises je obl\u00edbenou destinac\u00ed pro milovn\u00edky p\u0159\u00edrody a pozorovatele ptactva, proto\u017ee m\u00e1 mimo\u0159\u00e1dn\u00fd v\u00fdznam pro biodiverzitu a bohatstv\u00ed fauny, a to jak z hlediska endemismu, tak druh\u016f. Tropick\u00e1 d\u017eungle s p\u016fsobivou krajinou a jedna z nejv\u011bt\u0161\u00edch a nejv\u00fdznamn\u011bj\u0161\u00edch p\u0159\u00edrodn\u00edch rezervac\u00ed v Dominik\u00e1nsk\u00e9 republice. Los Haitises je domovem \u0161irok\u00e9 \u0161k\u00e1ly p\u016fvodn\u00edch, endemick\u00fdch a st\u011bhovav\u00fdch pt\u00e1k\u016f, z nich\u017e n\u011bkte\u0159\u00ed jsou pom\u011brn\u011b vz\u00e1cn\u00ed a ohro\u017een\u00ed. V\u011bt\u0161ina lid\u00ed vyr\u00e1\u017e\u00ed na lodi, aby prozkoumala park a jeho jeskyn\u011b, ostrovy a divokou zv\u011b\u0159.<\/p>\n<p>Chr\u00e1n\u00edme 110 druh\u016f pt\u00e1k\u016f, kter\u00e9 m\u016f\u017eete naj\u00edt v n\u00e1rodn\u00edm parku Los Haitises. Proch\u00e1zka t\u00edmto kouzeln\u00fdm lesem p\u0159i hled\u00e1n\u00ed papou\u0161k\u016f, rokl\u00ed, jest\u0159\u00e1b\u016f, tanager\u016f, kolib\u0159\u00edk\u016f a mnoha dal\u0161\u00edch. Poskytuje zaj\u00edmav\u00fd p\u0159\u00edb\u011bh o v\u0161ech t\u011bchto pt\u00e1c\u00edch, kter\u00e9 m\u016f\u017eete vid\u011bt na stezce de\u0161tn\u00fdm pralesem. Zn\u00e1me stanovi\u0161t\u011b krahujc\u016f, sov jasanov\u00fdch a dal\u0161\u00edch endemick\u00fdch druh\u016f. Tato prohl\u00eddka se zam\u011b\u0159uje na p\u0159\u00edrodu a je v\u00edce zam\u011b\u0159ena na informace o voln\u011b \u017eij\u00edc\u00edch zv\u00ed\u0159atech.<\/p>\n<p>Obvykle se jedn\u00e1 o soukromou prohl\u00eddku pro skute\u010dn\u011b kvalitn\u00ed z\u00e1\u017eitek.<\/p>\n<h3>Zahrnut\u00ed a vylou\u010den\u00ed<\/h3>\n<h4>Inkluze<\/h4>\n<ol>\n<li>3 hodiny proch\u00e1zky pt\u00e1k\u016f po stezk\u00e1ch v parku<\/li>\n<li>V\u0161echny dan\u011b, poplatky a manipula\u010dn\u00ed poplatky<\/li>\n<li>M\u00edstn\u00ed dan\u011b<\/li>\n<li>Ekologi\u010dt\u00ed d\u016fstojn\u00edci angli\u010dt\u00ed\/\u0161pan\u011bl\u0161t\u00ed pr\u016fvodci<\/li>\n<\/ol>\n<h4>V\u00fdjimky<\/h4>\n<ol>\n<li>Skl\u00e1p\u011bn\u00ed<\/li>\n<li>Doprava<\/li>\n<li>Nap\u00edt se<\/li>\n<\/ol>\n<h3><em>Odjezd a n\u00e1vrat<\/em><\/h3>\n<p>El recorrido, organizado por \u00abBooking Adventures\u00bb, comienza en el punto de encuentro establecido con el gu\u00eda tur\u00edstico. El viajero obtendr\u00e1 un punto de encuentro despu\u00e9s del proceso de reserva. Los tours comienzan y terminan en nuestros puntos de encuentro.<\/p>\n<h3><em>Co o\u010dek\u00e1vat?<\/em><\/h3>\n<p>Z\u00edskejte vstupenku na pozorov\u00e1n\u00ed pt\u00e1k\u016f v n\u00e1rodn\u00edm parku Los Haitises.<\/p>\n<p>Tato exkurze za\u010d\u00edn\u00e1 od m\u00edsta setk\u00e1n\u00ed, p\u011b\u0161\u00ed turistikou po lesn\u00edch stezk\u00e1ch a\u017e k hn\u00edzdn\u00edm oblastem. Po 30 minut\u00e1ch ch\u016fze a pozorov\u00e1n\u00ed Gavilanes m\u00e1me mo\u017enost pokra\u010dovat v proch\u00e1zce a hledat papou\u0161ky, zob\u00e1ky a dal\u0161\u00ed endemick\u00e9 druhy v n\u00e1rodn\u00edm parku Los Haitises.<\/p>\n<p>N\u00e1rodn\u00ed park Los Haitises m\u00e1 pouze dv\u011b stezky pro pozorov\u00e1n\u00ed pt\u00e1k\u016f v Sabana de la Mar. Cestou do n\u00e1rodn\u00edho parku Los Hiatises zastavujeme na n\u011bkolika m\u00edstech, abychom vid\u011bli dal\u0161\u00ed pt\u00e1ky.<\/p>\n<p>B\u00fdt v z\u00e1toce San Lorenzo. Nav\u0161t\u00edv\u00edme dv\u011b jeskyn\u011b, tzv. Sandly Cave ve \u0161pan\u011blsk\u00e9 Cueva de la Arena; V t\u00e9to jeskyni m\u016f\u017eeme vid\u011bt petroglyfy komunit Taino, kter\u00e9 se v t\u00e9to oblasti zdr\u017eovaly. a pou\u017e\u00edvat jeskyn\u011b jako chr\u00e1m.<\/p>\n<p>Pot\u00e9 zam\u00ed\u0159\u00edme do jeskyn\u011b Linea, tato s 2 243 origin\u00e1ln\u00edmi piktogramy a n\u00e1\u0161 pr\u016fvodce vysv\u011btluje archeologick\u00e9 informace o t\u011bchto piktogramech.<\/p>\n<p>P\u0159ejezd lod\u00ed op\u011bt na El Cayo de los P\u00e1jaros (Pta\u010d\u00ed ostrov), kde m\u016f\u017eeme vid\u011bt v\u011bt\u0161inu ptactva z mok\u0159ad\u016f kolem n\u00e1rodn\u00edho parku Los Haitises. Jen proto, \u017ee v\u0161ichni pt\u00e1ci nejsou ve vod\u011b.<\/p>\n<p>Po 4 a p\u016fl hodin\u00e1ch pozn\u00e1v\u00e1n\u00ed pt\u00e1k\u016f v n\u00e1rodn\u00edm parku Los Haitises tato exkurze kon\u010d\u00ed na stejn\u00e9m m\u00edst\u011b, kde za\u010dala.<\/p>\n<p><strong>Pozn\u00e1mka<\/strong>: Tyto prohl\u00eddky jsou s turistick\u00fdmi pr\u016fvodci od ofici\u00e1ln\u00edch ekolog\u016f. Rezervujte p\u0159edem, proto\u017ee v parku nen\u00ed mnoho specialist\u016f.<\/p>\n<h3>Co byste si m\u011bli vz\u00edt s sebou?<\/h3>\n<ul>\n<li>Fotoapar\u00e1t<\/li>\n<li>Binokul\u00e1rn\u00ed<\/li>\n<li>Repelenty<\/li>\n<li>opalovac\u00ed kr\u00e9m<\/li>\n<li>Klobouk<\/li>\n<li>Pohodln\u00e9 kalhoty<\/li>\n<li>Turistick\u00e1 obuv Forest<\/li>\n<li>Sand\u00e1ly do jarn\u00edch oblast\u00ed.<\/li>\n<li>Plaveck\u00fd \u00fabor<\/li>\n<\/ul>\n<h3><em>Vyzvednut\u00ed v hotelu<\/em><\/h3>\n<p>U tohoto z\u00e1jezdu nen\u00ed nab\u00edzeno vyzvednut\u00ed v hotelu.<\/p>\n<p><strong>Pozn\u00e1mka<\/strong>: Pokud provedete rezervaci do 24 hodin od \u010dasu odjezdu prohl\u00eddky\/exkurze, m\u016f\u017eeme zajistit vyzvednut\u00ed v hotelu s dal\u0161\u00edmi poplatky. Jakmile bude v\u00e1\u0161 n\u00e1kup dokon\u010den, za\u0161leme v\u00e1m kompletn\u00ed kontaktn\u00ed informace (telefonn\u00ed \u010d\u00edslo, e-mailovou adresu atd.) na na\u0161eho m\u00edstn\u00edho pr\u016fvodce, abychom domluvili vyzvednut\u00ed.<\/p>\n<h3><em>Potvrzen\u00ed dal\u0161\u00edch informac\u00ed<\/em><\/h3>\n<ol>\n<li>Vstupenky jsou stvrzenkou po zaplacen\u00ed t\u00e9to prohl\u00eddky. Platbu m\u016f\u017eete uk\u00e1zat na sv\u00e9m telefonu.<\/li>\n<li>M\u00edsto setk\u00e1n\u00ed obdr\u017e\u00edte po proveden\u00ed rezervace.<\/li>\n<li>D\u011bti mus\u00ed b\u00fdt v doprovodu dosp\u011bl\u00e9 osoby.<\/li>\n<li>Nen\u00ed bezbari\u00e9rov\u00fd<\/li>\n<li>D\u011bti by m\u011bly sed\u011bt v d\u011btsk\u00e9 seda\u010dce nebo s dosp\u011bl\u00fdm.<\/li>\n<li>Nedoporu\u010duje se cestuj\u00edc\u00edm s probl\u00e9my se z\u00e1dy.<\/li>\n<li>Nedoporu\u010duje se t\u011bhotn\u00fdm \u017een\u00e1m.<\/li>\n<li>\u017d\u00e1dn\u00e9 probl\u00e9my se srdcem ani jin\u00e9 z\u00e1va\u017en\u00e9 zdravotn\u00ed stavy.<\/li>\n<li>\u00da\u010dastnit se m\u016f\u017ee v\u011bt\u0161ina cestovatel\u016f.<\/li>\n<\/ol>\n<p>Tato prohl\u00eddka je nab\u00edzena minim\u00e1ln\u011b pro 2 osoby a maxim\u00e1ln\u011b pro 15 osob. V p\u0159\u00edpad\u011b men\u0161\u00edho po\u010dtu lid\u00ed n\u00e1s pros\u00edm kontaktujte.<\/p>\n<h3><em>Storno podm\u00ednky<\/em><\/h3>\n<p>Chcete-li z\u00edskat plnou n\u00e1hradu, zru\u0161te alespo\u0148 24 hodin p\u0159ed datem zah\u00e1jen\u00ed z\u00e1\u017eitku.<\/p>\n<h3>Kontaktujte n\u00e1s?<\/h3>\n<p>Rezervace dobrodru\u017estv\u00ed<br \/>\nM\u00edstn\u00ed a n\u00e1rodn\u00ed pr\u016fvodci a slu\u017eby pro hosty<\/p>\n<p>Rezervace: V\u00fdlety a exkurze v Dom. Reps.<\/p>\n<p>\ud83d\udcde Tel\/Whatsapp +1-809-720-6035.<\/p>\n<p>\ud83d\udce9 info@bookingadventures.com.do<\/p>\n<p>Organizujeme soukrom\u00e9 prohl\u00eddky flexibiln\u011b p\u0159es Whatsapp: +18097206035.<\/p>\n\n\t\t<\/div>\n\t<\/div>\n<\/div><\/div><\/div><\/div>","protected":false},"excerpt":{"rendered":"<p>V\u00fdlet do n\u00e1rodn\u00edho parku Los Haitises s m\u00edstn\u00edm pr\u016fvodcem se zam\u011b\u0159uje na pozorov\u00e1n\u00ed pt\u00e1k\u016f + jeskyn\u011b. N\u00e1v\u0161t\u011bva Keys v n\u00e1rodn\u00edm parku Los Haitises, mangrovy, vegetace, pozorov\u00e1n\u00ed pt\u00e1k\u016f, jeskyn\u011b, piktogramy a historick\u00e9 oblasti Sabana de la Mar v n\u00e1rodn\u00edm parku Los Haitises.<\/p>\n<p><strong>Vyberte pros\u00edm datum prohl\u00eddky<\/strong><\/p>","protected":false},"featured_media":177,"template":"","meta":[],"product_brand":[],"product_cat":[119,120,96,98,121,122,443,123,124],"product_tag":[176,177,178,179,180,181,182,183,184,185,186,132,187,133,188,189,190,191,192,114,142,147,193],"class_list":{"0":"post-560","1":"product","2":"type-product","3":"status-publish","4":"has-post-thumbnail","6":"product_cat-caves","7":"product_cat-fees-entrace","8":"product_cat-hiking","9":"product_cat-local-tour-guides","10":"product_cat-mangroves","11":"product_cat-tours-and-excursions","12":"product_cat-tours-y-excursiones-es","13":"product_cat-tours-excursions-los-haitises-national-park","14":"product_cat-tours-excursions-samana-bay-dominican-republic","15":"product_tag-biding-sabana-de-la-mar","16":"product_tag-birding","17":"product_tag-birding-dominican-republic","18":"product_tag-birding-in-los-haitises","19":"product_tag-birdwatching","20":"product_tag-birdwatching-dominicana","21":"product_tag-birdwtaching","22":"product_tag-boat-tour-birding","23":"product_tag-carretera-cano-hondo","24":"product_tag-eco-lodge-paraiso-cano-hondo","25":"product_tag-hire-a-guide-in-los-haitises","26":"product_tag-los-haitises","27":"product_tag-los-haitises-birding","28":"product_tag-los-haitises-national-park","29":"product_tag-los-haitises-national-park-birding-tour-from-punta-cana","30":"product_tag-los-haitises-national-park-cano-hondo","31":"product_tag-los-haitises-samana","32":"product_tag-nature","33":"product_tag-ridgways-hawk","34":"product_tag-sabana-de-la-mar","35":"product_tag-samana","36":"product_tag-samana-bay","37":"product_tag-wildlife","39":"first","40":"instock","41":"sale","42":"sold-individually","43":"shipping-taxable","44":"product-type-external"},"_links":{"self":[{"href":"https:\/\/haitises.com\/cs\/wp-json\/wp\/v2\/product\/560","targetHints":{"allow":["GET"]}}],"collection":[{"href":"https:\/\/haitises.com\/cs\/wp-json\/wp\/v2\/product"}],"about":[{"href":"https:\/\/haitises.com\/cs\/wp-json\/wp\/v2\/types\/product"}],"wp:featuredmedia":[{"embeddable":true,"href":"https:\/\/haitises.com\/cs\/wp-json\/wp\/v2\/media\/177"}],"wp:attachment":[{"href":"https:\/\/haitises.com\/cs\/wp-json\/wp\/v2\/media?parent=560"}],"wp:term":[{"taxonomy":"product_brand","embeddable":true,"href":"https:\/\/haitises.com\/cs\/wp-json\/wp\/v2\/product_brand?post=560"},{"taxonomy":"product_cat","embeddable":true,"href":"https:\/\/haitises.com\/cs\/wp-json\/wp\/v2\/product_cat?post=560"},{"taxonomy":"product_tag","embeddable":true,"href":"https:\/\/haitises.com\/cs\/wp-json\/wp\/v2\/product_tag?post=560"}],"curies":[{"name":"wp","href":"https:\/\/api.w.org\/{rel}","templated":true}]}}