{"id":559,"date":"2020-06-23T20:31:15","date_gmt":"2020-06-23T20:31:15","guid":{"rendered":"http:\/\/haitises.com\/?post_type=product&#038;p=559"},"modified":"2024-04-17T18:03:16","modified_gmt":"2024-04-17T18:03:16","slug":"vylety-do-los-haitises-ze-santo-dominga","status":"publish","type":"product","link":"https:\/\/haitises.com\/cs\/soukrome\/vylety-do-los-haitises-ze-santo-dominga\/","title":{"rendered":"V\u00fdlety do Los Haitises ze Santo Dominga"},"content":{"rendered":"<div class=\"vc_row wpb_row vc_row-fluid\" ><div class=\"wpb_column vc_column_container vc_col-sm-12\"><div class=\"vc_column-inner\"><div class=\"wpb_wrapper\">[mkdf_section_title subtitle_tag=\u00bb\u00bb subtitle=\u00bbTransporte y almuerzo inclu\u00eddos\u00bb]<\/div><\/div><\/div><\/div><div class=\"vc_row wpb_row vc_row-fluid\" ><div class=\"wpb_column vc_column_container vc_col-sm-12\"><div class=\"vc_column-inner\"><div class=\"wpb_wrapper\">\n\t<div class=\"wpb_text_column wpb_content_element\" >\n\t\t<div class=\"wpb_wrapper\">\n\t\t\t<h2>V\u00fdlet do n\u00e1rodn\u00edho parku Los Haitises ze Santo Dominga. Celodenn\u00ed v\u00fdlet.<\/h2>\n<h5>Celodenn\u00ed v\u00fdlet do n\u00e1rodn\u00edho parku Los Haitises ze Santo Dominga.<\/h5>\n<h3>Popis<\/h3>\n<p>V\u00fdlet do n\u00e1rodn\u00edho parku Los Haitises ze Santo Dominga. Celodenn\u00ed v\u00fdlet. Odjezd z hotelu v Santo Domingu, Boca Chica nebo Juan Dolio. Pojedeme do z\u00e1toky Samana, odkud se lod\u00ed nebo katamar\u00e1nem doprav\u00edme do n\u00e1rodn\u00edho parku Los Haitises. N\u00e1v\u0161t\u011bva mangrovov\u00fdch porost\u016f, jeskyn\u00ed, piktogram\u016f a v\u0161ech kr\u00e1s n\u00e1rodn\u00edho parku Los Haitises s m\u00edstn\u00edm pr\u016fvodcem.<\/p>\n<p>Po tomto z\u00e1\u017eitku se vr\u00e1t\u00edte do Santo Dominga, kde v\u00e1s vyzvedneme.<\/p>\n<ul>\n<li>V\u010detn\u011b poplatk\u016f<\/li>\n<li>Ob\u011bd<\/li>\n<li>Ob\u010derstven\u00ed<\/li>\n<li>M\u00edstn\u00ed pr\u016fvodce v angli\u010dtin\u011b nebo francouz\u0161tin\u011b<\/li>\n<li>Doprava<\/li>\n<li>Prohl\u00eddka lod\u00ed<\/li>\n<\/ul>\n<h3>Zahrnut\u00ed a vylou\u010den\u00ed<\/h3>\n<h4>Inkluze<\/h4>\n<ol>\n<li>Prohl\u00eddka Los Haitises + jeskyn\u011b a piktogramy<\/li>\n<li>Ob\u011bd<\/li>\n<li>V\u0161echny dan\u011b, poplatky a manipula\u010dn\u00ed poplatky.<\/li>\n<li>M\u00edstn\u00ed dan\u011b<\/li>\n<li>N\u00e1poje<\/li>\n<li>Ob\u010derstven\u00ed<\/li>\n<li>V\u0161echny aktivity<\/li>\n<li>M\u00edstn\u00ed pr\u016fvodce<\/li>\n<\/ol>\n<h4>V\u00fdjimky<\/h4>\n<ol>\n<li>Skl\u00e1p\u011bn\u00ed<\/li>\n<li>Alkoholick\u00e9 n\u00e1poje<\/li>\n<\/ol>\n<h6><em>Ceny soukrom\u00fdch prohl\u00eddek a v\u00fdlet\u016f ze Santo Dominga:<\/em><\/h6>\n<h6><em>* D\u011bti do 10 let cestuj\u00ed zdarma (minim\u00e1ln\u011b 2 dosp\u011bl\u00ed).<\/em><\/h6>\n<ul>\n<li><strong><em>Soukrom\u00e1 prohl\u00eddka a exkurze pro 2 osoby: $ 210 USD na osobu<\/em><\/strong><\/li>\n<li><strong><em>Soukrom\u00e1 prohl\u00eddka a exkurze pro 3 osoby: $ 160 USD na osobu<\/em><\/strong><\/li>\n<li><strong><em>Soukrom\u00e1 prohl\u00eddka a exkurze pro 4 osoby: $ 130 USD na osobu<\/em><\/strong><\/li>\n<li><strong><em>Soukrom\u00e1 prohl\u00eddka a exkurze pro 5 osob: $ 105 USD na osobu<\/em><\/strong><\/li>\n<li><strong><em>Soukrom\u00e1 prohl\u00eddka a exkurze pro 6 osob: $ 100 USD na osobu<\/em><\/strong><\/li>\n<li><strong><em>Soukrom\u00e1 prohl\u00eddka a exkurze pro 7 osob: $ 90 USD na osobu<\/em><\/strong><\/li>\n<li><strong><em>Soukrom\u00e1 prohl\u00eddka a exkurze pro 8 osob: $ 80 USD na osobu<\/em><\/strong><\/li>\n<li><strong><em>9 a v\u00edce osob Prohl\u00eddka a exkurze: kontaktujte n\u00e1s<\/em><\/strong><\/li>\n<\/ul>\n<h6><em>* Prohl\u00eddka za\u010d\u00edn\u00e1 ve stanoven\u00fd \u010das<\/em><\/h6>\n<h3><em>Odjezd a n\u00e1vrat<\/em><\/h3>\n<p>Po proveden\u00ed rezervace obdr\u017e\u00ed cestuj\u00edc\u00ed m\u00edsto setk\u00e1n\u00ed. Z\u00e1jezdy za\u010d\u00ednaj\u00ed a kon\u010d\u00ed v m\u00edstech setk\u00e1n\u00ed.<\/p>\n<h2>N\u00e1rodn\u00ed park Los Haitises ze Santo Dominga<\/h2>\n<h3><em>Co o\u010dek\u00e1vat?<\/em><\/h3>\n<p>Z\u00edskejte vstupenky na prohl\u00eddku n\u00e1rodn\u00edho parku Los Haitises ze Santo Dominga. Celodenn\u00ed v\u00fdlet. Odjezd ze Santo Dominga pohodln\u00fdm transferem do z\u00e1toky Samana. Doprava do p\u0159\u00edstavu, kde se nalod\u00edme na lo\u010f nebo katamar\u00e1n a s m\u00edstn\u00edm pr\u016fvodcem nav\u0161t\u00edv\u00edme Los Haitises na stran\u011b Sabana de la Mar, abychom nav\u0161t\u00edvili jeden z nejkr\u00e1sn\u011bj\u0161\u00edch n\u00e1rodn\u00edch park\u016f v Dominik\u00e1nsk\u00e9 republice. N\u00e1rodn\u00ed park Los Haitises.<\/p>\n<p>El recorrido, organizado por \u00abBooking Adventures\u00bb, comienza en el punto de encuentro establecido con el gu\u00eda tur\u00edstico. Ven con Booking Adventures y comienza a observar algunos manglares llenos de p\u00e1jaros, colinas onduladas de exuberante vegetaci\u00f3n y cuevas del Parque Nacional Los Haitises. Visitando la isla con p\u00e1jaros alrededor. En la temporada de anidaci\u00f3n, incluso podemos ver los polluelos de Pelecanos en los nidos. Entrar m\u00e1s en las Islas Rocosas y visitar las cuevas con pictograf\u00edas y petr\u00f3grafos de los pueblos ind\u00edgenas.<\/p>\n<p>P\u0159es mangrovov\u00e9 porosty se dostanete do otev\u0159en\u00e9 z\u00e1toky San Lorenzo, Sabana de la Mar, odkud m\u016f\u017eete fotografovat drsnou lesnatou krajinu. Pod\u00edvejte se nad vodu a spat\u0159ete kapust\u0148\u00e1ky, kor\u00fd\u0161e a delf\u00edny.<\/p>\n<p>El nombre del parque nacional proviene de sus habitantes originales, los indios ta\u00ednos. En su idioma, \u00abHaitises\u00bb se traduce en tierras altas o colinas, una referencia a las empinadas formaciones geol\u00f3gicas de la costa con calizas. Avent\u00farate en el parque para explorar cuevas como la Cueva San Gabriel, la Cueva de la Arena y la Cueva de la L\u00ednea.<\/p>\n<p>Tyto jeskyn\u011b v rezervaci slou\u017eily jako \u00fato\u010di\u0161t\u011b indi\u00e1n\u016f kmene Taino a pozd\u011bji jako \u00fakryt pir\u00e1t\u016f. N\u011bkter\u00e9 st\u011bny zdob\u00ed kresby indi\u00e1n\u016f. Po n\u00e1v\u0161t\u011bv\u011b n\u00e1rodn\u00edho parku Los Haitises se vr\u00e1t\u00edme do Samany nebo Sabana de la Mar na ob\u011bd.<\/p>\n<p>Budeme m\u00edt typick\u00fd ob\u011bd. Pokud jste vegani, nezoufejte, m\u00e1me j\u00eddlo i pro v\u00e1s!<\/p>\n<p>Po ob\u011bd\u011b se vrac\u00edme do Santo Dominga!<\/p>\n<p>Pokud by se v\u00e1m tento v\u00fdlet l\u00edbil del\u0161\u00ed nebo krat\u0161\u00ed, m\u00e1me pro v\u00e1s tyto mo\u017enosti:<\/p>\n<ul>\n<li>Pouze Los Haitises z p\u0159\u00edstavu Saman\u00e1.<\/li>\n<li>Los Haitises + Ca\u00f1o Hondo z p\u0159\u00edstavu Saman\u00e1.<\/li>\n<\/ul>\n<h3><em>Co byste si m\u011bli vz\u00edt s sebou?<\/em><\/h3>\n<ul>\n<li>Fotoapar\u00e1t<\/li>\n<li>Repelenty<\/li>\n<li>Opalovac\u00ed kr\u00e9m<\/li>\n<li>Klobouk<\/li>\n<li>Pohodln\u00e9 kalhoty<\/li>\n<li>Turistick\u00e1 obuv Forest<\/li>\n<li>Sand\u00e1ly do jarn\u00edch oblast\u00ed.<\/li>\n<li>Plaveck\u00fd \u00fabor<\/li>\n<\/ul>\n<h3><em>Vyzvednut\u00ed v hotelu<\/em><\/h3>\n<p>U t\u00e9to prohl\u00eddky je nab\u00edzeno vyzvednut\u00ed v hotelu.<\/p>\n<p><strong>Pozn\u00e1mka:<\/strong> Pokud si rezervujete m\u00edsto do 24 hodin p\u0159ed odjezdem na prohl\u00eddku\/v\u00fdlet, m\u016f\u017eeme v\u00e1m za p\u0159\u00edplatek zajistit vyzvednut\u00ed v hotelu. Po dokon\u010den\u00ed n\u00e1kupu v\u00e1m za\u0161leme ve\u0161ker\u00e9 kontaktn\u00ed informace (telefonn\u00ed \u010d\u00edslo, e-mailovou adresu atd.), abyste mohli s na\u0161\u00edm m\u00edstn\u00edm pr\u016fvodcem domluvit vyzvednut\u00ed.<\/p>\n<h3><em>Potvrzen\u00ed dal\u0161\u00edch informac\u00ed<\/em><\/h3>\n<ul>\n<li>Vstupenky jsou stvrzenkou po zaplacen\u00ed t\u00e9to prohl\u00eddky. Platbu m\u016f\u017eete uk\u00e1zat na sv\u00e9m telefonu.<\/li>\n<li>M\u00edsto setk\u00e1n\u00ed obdr\u017e\u00edte po proveden\u00ed rezervace.<\/li>\n<li>D\u011bti mus\u00ed b\u00fdt v doprovodu dosp\u011bl\u00e9 osoby.<\/li>\n<li>Nen\u00ed bezbari\u00e9rov\u00fd<\/li>\n<li>D\u011bti by m\u011bly sed\u011bt v d\u011btsk\u00e9 seda\u010dce nebo s dosp\u011bl\u00fdm.<\/li>\n<li>Nedoporu\u010duje se cestuj\u00edc\u00edm s probl\u00e9my se z\u00e1dy.<\/li>\n<li>Nedoporu\u010duje se t\u011bhotn\u00fdm cestovatelk\u00e1m.<\/li>\n<li>\u017d\u00e1dn\u00e9 srde\u010dn\u00ed probl\u00e9my ani jin\u00e9 z\u00e1va\u017en\u00e9 zdravotn\u00ed pot\u00ed\u017ee.<\/li>\n<li>\u00da\u010dastnit se m\u016f\u017ee v\u011bt\u0161ina cestovatel\u016f.<\/li>\n<\/ul>\n<h3><em>Storno podm\u00ednky<\/em><\/h3>\n<p>Chcete-li vr\u00e1tit pen\u00edze v pln\u00e9 v\u00fd\u0161i, zru\u0161te pros\u00edm rezervaci nejpozd\u011bji 24 hodin p\u0159ed za\u010d\u00e1tkem z\u00e1\u017eitku. V p\u0159\u00edpad\u011b zru\u0161en\u00ed rezervace v den cesty finan\u010dn\u00ed prost\u0159edky propadaj\u00ed.<\/p>\n\n\t\t<\/div>\n\t<\/div>\n<\/div><\/div><\/div><\/div><div class=\"vc_row wpb_row vc_row-fluid\" ><div class=\"wpb_column vc_column_container vc_col-sm-12\"><div class=\"vc_column-inner\"><div class=\"wpb_wrapper\">\n\t<div class=\"wpb_video_widget wpb_content_element vc_clearfix   vc_video-aspect-ratio-169 vc_video-el-width-100 vc_video-align-left\" >\n\t\t<div class=\"wpb_wrapper\">\n\t\t\t\n\t\t\t<div class=\"wpb_video_wrapper\"><iframe loading=\"lazy\" title=\"N\u00e1rodn\u00ed park Los Haitises, v\u00fdlety a exkurze ze Samany nebo Sabany de la Mar. Rezervujte zde:\" src=\"https:\/\/player.vimeo.com\/video\/346508015?dnt=1&amp;app_id=122963\" width=\"1100\" height=\"619\" frameborder=\"0\" allow=\"autoplay; fullscreen\" allowfullscreen><\/iframe><\/div>\n\t\t<\/div>\n\t<\/div>\n<\/div><\/div><\/div><\/div><div class=\"vc_row wpb_row vc_row-fluid\" ><div class=\"wpb_column vc_column_container vc_col-sm-12\"><div class=\"vc_column-inner\"><div class=\"wpb_wrapper\"><div class=\"vc_empty_space\"   style=\"height: 32px\"><span class=\"vc_empty_space_inner\"><\/span><\/div>\n\t<div class=\"wpb_text_column wpb_content_element\" >\n\t\t<div class=\"wpb_wrapper\">\n\t\t\t<h5>Kontaktujte n\u00e1s?<br \/>\nRezervace dobrodru\u017estv\u00ed<\/h5>\n<p><em><strong>M\u00edstn\u00ed a n\u00e1rodn\u00ed pr\u016fvodci a slu\u017eby pro hosty<\/strong><\/em><\/p>\n<p>Rezervace: V\u00fdlety a exkurze v Dom. Reps.<\/p>\n<p>Tel \/ Whatsapp + 1-809-720-6035.<\/p>\n<p>info@bookingadventures.com.do<\/p>\n<p>D\u011bl\u00e1me soukrom\u00e9 prohl\u00eddky flexibiln\u00ed konfigurace Whatsapp: +18097206035.<\/p>\n\n\t\t<\/div>\n\t<\/div>\n<div class=\"vc_empty_space\"   style=\"height: 32px\"><span class=\"vc_empty_space_inner\"><\/span><\/div><\/div><\/div><\/div><\/div>","protected":false},"excerpt":{"rendered":"<p>Tento v\u00fdlet ze Santo Dominga do n\u00e1rodn\u00edho parku Los Haitises zahrnuje ob\u011bd a dopravu na n\u00e1v\u0161t\u011bvu hlavn\u00edch jeskyn\u00ed, pr\u016fzkum 2 r\u016fzn\u00fdch mangrovov\u00fdch ekosyst\u00e9m\u016f a samoz\u0159ejm\u011b pozorov\u00e1n\u00ed pt\u00e1k\u016f p\u0159i rybolovu.<\/p>\n<p>V\u00fdlet do n\u00e1rodn\u00edho parku Los Haitises s p\u0159\u00edrodov\u011bdn\u00fdm pr\u016fvodcem. N\u00e1v\u0161t\u011bva ostr\u016fvk\u016f v n\u00e1rodn\u00edm parku Los Haitises, mangrovov\u00fdch porost\u016f, vegetace, pozorov\u00e1n\u00ed pt\u00e1k\u016f, jeskyn\u00ed, piktogram\u016f a historick\u00fdch oblast\u00ed Sabana de la Mar v n\u00e1rodn\u00edm parku Los Haitises.<\/p>\n<p><strong>Vyberte si pros\u00edm datum prohl\u00eddky:<\/strong><\/p>","protected":false},"featured_media":306,"template":"","meta":[],"product_brand":[],"product_cat":[286,122,443],"product_tag":[206,225,132,133,146,226],"class_list":{"0":"post-559","1":"product","2":"type-product","3":"status-publish","4":"has-post-thumbnail","6":"product_cat-los-haitises-tour-from-santo-domingo","7":"product_cat-tours-and-excursions","8":"product_cat-tours-y-excursiones-es","9":"product_tag-caves-los-haitises","10":"product_tag-las-terrenas","11":"product_tag-los-haitises","12":"product_tag-los-haitises-national-park","13":"product_tag-mangroves-los-haitises","14":"product_tag-transportation-los-haitises","16":"first","17":"instock","18":"sale","19":"sold-individually","20":"shipping-taxable","21":"product-type-external"},"_links":{"self":[{"href":"https:\/\/haitises.com\/cs\/wp-json\/wp\/v2\/product\/559","targetHints":{"allow":["GET"]}}],"collection":[{"href":"https:\/\/haitises.com\/cs\/wp-json\/wp\/v2\/product"}],"about":[{"href":"https:\/\/haitises.com\/cs\/wp-json\/wp\/v2\/types\/product"}],"wp:featuredmedia":[{"embeddable":true,"href":"https:\/\/haitises.com\/cs\/wp-json\/wp\/v2\/media\/306"}],"wp:attachment":[{"href":"https:\/\/haitises.com\/cs\/wp-json\/wp\/v2\/media?parent=559"}],"wp:term":[{"taxonomy":"product_brand","embeddable":true,"href":"https:\/\/haitises.com\/cs\/wp-json\/wp\/v2\/product_brand?post=559"},{"taxonomy":"product_cat","embeddable":true,"href":"https:\/\/haitises.com\/cs\/wp-json\/wp\/v2\/product_cat?post=559"},{"taxonomy":"product_tag","embeddable":true,"href":"https:\/\/haitises.com\/cs\/wp-json\/wp\/v2\/product_tag?post=559"}],"curies":[{"name":"wp","href":"https:\/\/api.w.org\/{rel}","templated":true}]}}