{"id":558,"date":"2020-06-23T12:05:23","date_gmt":"2020-06-23T12:05:23","guid":{"rendered":"http:\/\/haitises.com\/?post_type=product&#038;p=558"},"modified":"2024-04-17T18:50:43","modified_gmt":"2024-04-17T18:50:43","slug":"excursion-a-los-haitises-con-senderismo-en-el-bosque-humedo","status":"publish","type":"product","link":"https:\/\/haitises.com\/cs\/soukrome\/excursion-a-los-haitises-con-senderismo-en-el-bosque-humedo\/","title":{"rendered":"Exkurze do Los Haitises s p\u011b\u0161\u00ed turistikou v de\u0161tn\u00e9m pralese"},"content":{"rendered":"<div class=\"vc_row wpb_row vc_row-fluid\" ><div class=\"wpb_column vc_column_container vc_col-sm-12\"><div class=\"vc_column-inner\"><div class=\"wpb_wrapper\">[mkdf_section_title title_tag=\u00bb\u00bb disable_break_words=\u00bbno\u00bb subtitle_tag=\u00bb\u00bb title=\u00bbLos Haitises National Park- From Sabana de la Mar + Hiking 2 Hours\u00bb subtitle=\u00bbHumid Forest + Normal Trip to Caves\u00bb]<\/div><\/div><\/div><\/div><div class=\"vc_row wpb_row vc_row-fluid\" ><div class=\"wpb_column vc_column_container vc_col-sm-12\"><div class=\"vc_column-inner\"><div class=\"wpb_wrapper\">\n\t<div class=\"wpb_text_column wpb_content_element\" >\n\t\t<div class=\"wpb_wrapper\">\n\t\t\t<h5>Mokr\u00fd les + norm\u00e1ln\u00ed v\u00fdlet do jeskyn\u00ed<\/h5>\n<h2>N\u00e1rodn\u00ed park Los Haitises \u2013 ze Sabana de la Mar + p\u011b\u0161\u00ed t\u00fara 2 hodiny<\/h2>\n<h3><em>Popis<\/em><\/h3>\n<p>U\u017eijte si dvouhodinovou proch\u00e1zku lesem n\u00e1rodn\u00edho parku Los Haitises. Seznamte se s l\u00e9\u010div\u00fdmi rostlinami a nav\u0161tivte m\u00edstn\u00ed m\u00edsta. Po n\u00e1v\u0161t\u011bv\u011b n\u00e1rodn\u00edho parku Los Haitises ze Sabana de la Mar nebo hotel\u016f Ca\u00f1o Hondo s m\u00edstn\u00edmi pr\u016fvodci.<\/p>\n<p>Po v\u00fdletu lod\u00ed podnikneme t\u00faru. Norm\u00e1ln\u00ed soukrom\u00fd v\u00fdlet do n\u00e1rodn\u00edho parku Los Haitises. Poj\u010fte s n\u00e1mi nav\u0161t\u00edvit nejkr\u00e1sn\u011bj\u0161\u00ed n\u00e1rodn\u00ed park v Dominik\u00e1nsk\u00e9 republice, nav\u0161t\u00edvit mangrovy, 3 jeskyn\u011b a z\u00e1toku San Lorenzo. Tato zku\u0161enost m\u016f\u017ee za\u010d\u00edt t\u00edm, \u017ee se komunita Sabana de la Mar dozv\u00ed o t\u00e9to historii Sabana de la Mar.<\/p>\n<ul>\n<li>2 hodiny p\u011b\u0161\u00ed t\u00fary v lese<\/li>\n<li>Historie Sabana de la Mar<\/li>\n<li>V\u010detn\u011b poplatk\u016f<\/li>\n<li>Pr\u016fvodce poskytuje instrukce a dohled.<\/li>\n<li>Ob\u011bd nen\u00ed v cen\u011b ob\u011bda v Cano Hondo Vyberte si tuto prohl\u00eddku: Los Haitises Plus Ca\u00f1o Hondo.<\/li>\n<\/ul>\n<h3>Zahrnut\u00ed a vylou\u010den\u00ed<\/h3>\n<h4>Inkluze<\/h4>\n<ol>\n<li>Prohl\u00eddka Los Haitises + jeskyn\u011b a piktogramy<\/li>\n<li>V\u0161echny dan\u011b, poplatky a manipula\u010dn\u00ed poplatky.<\/li>\n<li>M\u00edstn\u00ed dan\u011b<\/li>\n<li>V\u0161echny aktivity<\/li>\n<li>M\u00edstn\u00ed pr\u016fvodce<\/li>\n<\/ol>\n<h4>V\u00fdjimky<\/h4>\n<ol>\n<li>Skl\u00e1p\u011bn\u00ed<\/li>\n<li>Ob\u011bd nen\u00ed v cen\u011b ob\u011bda v Cano Hondo Vyberte si tuto prohl\u00eddku: Los Haitises Plus Ca\u00f1o Hondo.<\/li>\n<li>Doprava<\/li>\n<li>Alkoholick\u00e9 n\u00e1poje<\/li>\n<\/ol>\n<h3><em>Odjezd a n\u00e1vrat<\/em><\/h3>\n<p>Cestovatel z\u00edsk\u00e1 m\u00edsto setk\u00e1n\u00ed po procesu rezervace. Prohl\u00eddky za\u010d\u00ednaj\u00ed a kon\u010d\u00ed v m\u00edstech na\u0161eho setk\u00e1n\u00ed.<\/p>\n<h3><em>Co o\u010dek\u00e1vat?<\/em><\/h3>\n<p>Z\u00edskejte vstupenky na n\u00e1v\u0161t\u011bvu n\u00e1rodn\u00edho parku Los Haitises s jeskyn\u011bmi, mangrovy a z\u00e1livem San Lorenzo po dvouhodinov\u00e9 t\u00fa\u0159e vlhk\u00fdm lesem n\u00e1rodn\u00edho parku Los Haitises.<\/p>\n<p>N\u00e1rodn\u00ed park Los Haitises z hotel\u016f Sabana de la Mar nebo Ca\u00f1o Hondo s m\u00edstn\u00edmi pr\u016fvodci. V\u00fdlet za\u010d\u00edn\u00e1 v hlavn\u00edm p\u0159\u00edstavu n\u00e1rodn\u00edho parku Los Haitises. Tento v\u00fdlet za\u010d\u00edn\u00e1 v 10:00 s m\u00edstn\u00edm pr\u016fvodcem, kter\u00fd zn\u00e1 p\u016fvodn\u00ed p\u0159\u00edb\u011bh o n\u00e1dhern\u00e9m n\u00e1rodn\u00edm parku.<\/p>\n<p>Pot\u00e9 vyr\u00e1\u017e\u00edme z hlavn\u00edho p\u0159\u00edstavu n\u00e1rodn\u00edho parku Los Haitises, zvan\u00e9ho Ca\u00f1o Hondo (Hlubok\u00fd potok) na LOD\u011a se z\u00e1chrann\u00fdmi vestami. U\u017eijeme si \u010derven\u00fd mangrovov\u00fd les, dokud nedoraz\u00edme do z\u00e1toky San Lorenzo. Mal\u00e1 z\u00e1toka v z\u00e1toce Saman\u00e1. A tady jdeme! Prvn\u00ed, co m\u016f\u017eete vid\u011bt, je obrovsk\u00e1 sb\u00edrka horsk\u00e9ho v\u00e1pencov\u00e9ho ostrova zvan\u00e9ho Mogotes. Nad nimi poletuje v\u00edce ne\u017e 700 druh\u016f rostlin a mnoho mok\u0159adn\u00edch pt\u00e1k\u016f. Pot\u00e9 n\u00e1v\u0161t\u011bva jeskyn\u00ed s piktogramy na\u0161ich domorod\u00fdch komunit z doby p\u0159ed 750 lety.<\/p>\n<p>P\u0159es mangrovy a pozemky v otev\u0159en\u00e9 z\u00e1toce San Lorenzo, odkud m\u016f\u017eete fotografovat drsnou lesn\u00ed krajinu. Pod\u00edvejte se do vody, abyste vid\u011bli kapust\u0148\u00e1ky, kor\u00fd\u0161e a delf\u00edny.<\/p>\n<p>El nombre del parque nacional proviene de sus habitantes originales, los indios ta\u00ednos. En su idioma, \u00abHaitises\u00bb se traduce en tierras altas o colinas, una referencia a las empinadas formaciones geol\u00f3gicas de la costa con calizas. Avent\u00farate en el parque para explorar cuevas como la Cueva de la Arena y la Cueva de la L\u00ednea. Las cuevas en la reserva fueron utilizadas como refugio por los indios ta\u00ednos y, m\u00e1s adelante, por los piratas escondidos. Busque dibujos de indios que decoran algunas de las paredes. Despu\u00e9s de visitar el Parque Nacional Los Haitises, iremos al bosque h\u00famedo para caminar 2 horas y regresar al lugar donde comenz\u00f3 nuestro viaje.<\/p>\n<h3><em>Co byste si m\u011bli vz\u00edt s sebou?<\/em><\/h3>\n<ul>\n<li>Fotoapar\u00e1t<\/li>\n<li>Repelenty<\/li>\n<li>opalovac\u00ed kr\u00e9m<\/li>\n<li>Klobouk<\/li>\n<li>Pohodln\u00e9 kalhoty<\/li>\n<li>Turistick\u00e1 obuv Forest<\/li>\n<li>Sand\u00e1ly do jarn\u00edch oblast\u00ed.<\/li>\n<li>Plaveck\u00fd \u00fabor<\/li>\n<\/ul>\n<h3><em>Vyzvednut\u00ed v hotelu<\/em><\/h3>\n<p>Hotelov\u00e9 vyzvednut\u00ed je nab\u00edzeno, pokud se nach\u00e1z\u00edte v hotelu Paraiso Ca\u00f1o Hondo nebo Altos Ca\u00f1o Hondo. Na\u0161e m\u00edsto setk\u00e1n\u00ed je 5 minut ch\u016fze od t\u011bchto hotel\u016f.<\/p>\n<p><strong>Pozn\u00e1mka:<\/strong> Pokud provedete rezervaci do 24 hodin od \u010dasu odjezdu prohl\u00eddky\/exkurze, m\u016f\u017eeme v\u00e1m zajistit vyzvednut\u00ed v hotelu s dodate\u010dn\u00fdmi poplatky, pokud nejste v hotelech Ca\u00f1o Hondo. Jakmile bude v\u00e1\u0161 n\u00e1kup dokon\u010den, za\u0161leme v\u00e1m kompletn\u00ed kontaktn\u00ed informace (telefonn\u00ed \u010d\u00edslo, e-mailovou adresu atd.) na na\u0161eho m\u00edstn\u00edho pr\u016fvodce, abychom domluvili vyzvednut\u00ed.<\/p>\n<h3><em>Potvrzen\u00ed dal\u0161\u00edch informac\u00ed<\/em><\/h3>\n<ul>\n<li>Vstupenky jsou stvrzenkou po zaplacen\u00ed t\u00e9to prohl\u00eddky. Platbu m\u016f\u017eete uk\u00e1zat na sv\u00e9m telefonu.<\/li>\n<li>M\u00edsto setk\u00e1n\u00ed obdr\u017e\u00edte po proveden\u00ed rezervace.<\/li>\n<li>D\u011bti mus\u00ed b\u00fdt v doprovodu dosp\u011bl\u00e9 osoby.<\/li>\n<li>Nen\u00ed bezbari\u00e9rov\u00fd<\/li>\n<li>D\u011bti by m\u011bly sed\u011bt v d\u011btsk\u00e9 seda\u010dce nebo s dosp\u011bl\u00fdm.<\/li>\n<li>Nedoporu\u010duje se cestuj\u00edc\u00edm s probl\u00e9my se z\u00e1dy.<\/li>\n<li>Nedoporu\u010duje se t\u011bhotn\u00fdm \u017een\u00e1m.<\/li>\n<li>\u017d\u00e1dn\u00e9 srde\u010dn\u00ed probl\u00e9my ani jin\u00e9 z\u00e1va\u017en\u00e9 zdravotn\u00ed pot\u00ed\u017ee.<\/li>\n<li>\u00da\u010dastnit se m\u016f\u017ee v\u011bt\u0161ina cestovatel\u016f.<\/li>\n<\/ul>\n<h3><em>Storno podm\u00ednky<\/em><\/h3>\n<p>Chcete-li z\u00edskat plnou n\u00e1hradu, zru\u0161te alespo\u0148 24 hodin p\u0159ed datem zah\u00e1jen\u00ed z\u00e1\u017eitku.<\/p>\n\n\t\t<\/div>\n\t<\/div>\n<\/div><\/div><\/div><\/div><div class=\"vc_row wpb_row vc_row-fluid\" ><div class=\"wpb_column vc_column_container vc_col-sm-12\"><div class=\"vc_column-inner\"><div class=\"wpb_wrapper\"><div class=\"vc_empty_space\"   style=\"height: 32px\"><span class=\"vc_empty_space_inner\"><\/span><\/div>\n\t<div class=\"wpb_video_widget wpb_content_element vc_clearfix   vc_video-aspect-ratio-169 vc_video-el-width-100 vc_video-align-left\" >\n\t\t<div class=\"wpb_wrapper\">\n\t\t\t\n\t\t\t<div class=\"wpb_video_wrapper\"><iframe loading=\"lazy\" title=\"N\u00e1rodn\u00ed park Los Haitises, v\u00fdlety a exkurze ze Samany nebo Sabany de la Mar. Rezervujte zde:\" src=\"https:\/\/player.vimeo.com\/video\/346508015?dnt=1&amp;app_id=122963\" width=\"1100\" height=\"619\" frameborder=\"0\" allow=\"autoplay; fullscreen\" allowfullscreen><\/iframe><\/div>\n\t\t<\/div>\n\t<\/div>\n<\/div><\/div><\/div><\/div><div class=\"vc_row wpb_row vc_row-fluid\" ><div class=\"wpb_column vc_column_container vc_col-sm-12\"><div class=\"vc_column-inner\"><div class=\"wpb_wrapper\"><div class=\"vc_empty_space\"   style=\"height: 32px\"><span class=\"vc_empty_space_inner\"><\/span><\/div>\n\t<div class=\"wpb_text_column wpb_content_element\" >\n\t\t<div class=\"wpb_wrapper\">\n\t\t\t<h4>Kontaktujte n\u00e1s?<\/h4>\n<h5>Rezervace dobrodru\u017estv\u00ed<\/h5>\n<p><em><strong>M\u00edstn\u00ed obyvatel\u00e9<\/strong>\u00a0a\u00a0<strong>N\u00e1rodn\u00ed str\u00e1nky<\/strong>\u00a0Pr\u016fvodci a slu\u017eby pro hosty<\/em><\/p>\n<p><span class=\"text-turquoise\">Rezervace:<\/span>\u00a0V\u00fdlety a exkurze v Dom. Rep.<\/p>\n<p><img decoding=\"async\" class=\"emoji\" draggable=\"false\" src=\"https:\/\/s.w.org\/images\/core\/emoji\/11.2.0\/svg\/1f4de.svg\" alt=\"\ud83d\udcde\" title=\"\">\u00a0Tel \/ Whatsapp\u00a0\u00a0<a href=\"tel:+1-809-720-6035\">+1-809-720-6035<\/a>.<\/p>\n<p><img decoding=\"async\" class=\"emoji\" draggable=\"false\" src=\"https:\/\/s.w.org\/images\/core\/emoji\/11.2.0\/svg\/1f4e9.svg\" alt=\"\ud83d\udce9\" title=\"\">\u00a0<a href=\"mailto:info@bookingadventures.com.do\">info@bookingadventures.com.do<\/a><\/p>\n<p><strong>Jsme flexibiln\u00ed nastaven\u00ed soukrom\u00e9 prohl\u00eddky p\u0159es Whatsapp:\u00a0<a href=\"tel:+18097206035\">+18097206035.<\/a><\/strong><\/p>\n\n\t\t<\/div>\n\t<\/div>\n<div class=\"vc_empty_space\"   style=\"height: 32px\"><span class=\"vc_empty_space_inner\"><\/span><\/div><\/div><\/div><\/div><\/div>","protected":false},"excerpt":{"rendered":"<p>A tady jdeme! Prvn\u00ed v\u011bc, kterou m\u016f\u017eete vid\u011bt, je obrovsk\u00e1 sb\u00edrka v\u00e1pencov\u00e9ho horsk\u00e9ho ostrova zvan\u00e9ho Mogotes nad nimi v\u00edce ne\u017e 700 druh\u016f rostlin a mnoho l\u00e9taj\u00edc\u00edch mok\u0159adn\u00edch pt\u00e1k\u016f. Pak nav\u0161tivte jeskyn\u011b s piktogramy na\u0161ich domorod\u00fdch komunit p\u0159ed 750 lety.<\/p>\n<p>Nav\u00edc tento v\u00fdlet ukazuje, \u017ee jsou to nejd\u016fle\u017eit\u011bj\u0161\u00ed m\u00edsta k n\u00e1v\u0161t\u011bv\u011b v n\u00e1rodn\u00edm parku Haitises. Dv\u011b nejnav\u0161t\u011bvovan\u011bj\u0161\u00ed jeskyn\u011b jsou Cueva de la L\u00ednea a Cueva de la Arena. Po n\u011bkolika hodin\u00e1ch n\u00e1v\u0161t\u011bvy tohoto kr\u00e1sn\u00e9ho n\u00e1rodn\u00edho parku jsme zam\u00ed\u0159ili do vlhk\u00e9ho lesa n\u00e1rodn\u00edho parku Haitises, po 2 hodin\u00e1ch ch\u016fze jsme se vr\u00e1tili na m\u00edsto, odkud jsme na\u0161i exkurzi za\u010dali. Z\u00edskejte l\u00edstky zde a proje\u010fte se s m\u00edstn\u00edmi, kte\u0159\u00ed znaj\u00ed historii n\u00e1rodn\u00edho parku Haitises.<\/p>\n<p><strong>Vyberte si pros\u00edm datum prohl\u00eddky:<\/strong><\/p>\n<p>&nbsp;<\/p>\n<p>&nbsp;<\/p>","protected":false},"featured_media":84,"template":"","meta":[],"product_brand":[],"product_cat":[443,123,124],"product_tag":[179,125,126,129,130,104,221,131,132,210,222,134,223,146,114,224],"class_list":{"0":"post-558","1":"product","2":"type-product","3":"status-publish","4":"has-post-thumbnail","6":"product_cat-tours-y-excursiones-es","7":"product_cat-tours-excursions-los-haitises-national-park","8":"product_cat-tours-excursions-samana-bay-dominican-republic","9":"product_tag-birding-in-los-haitises","10":"product_tag-boat-tour","11":"product_tag-cano-hondo","12":"product_tag-eco-tours","13":"product_tag-excursion","14":"product_tag-hiking","15":"product_tag-hiking-los-haitises","16":"product_tag-locals-guides","17":"product_tag-los-haitises","18":"product_tag-los-haitises-excursions","19":"product_tag-los-haitises-from-samana","20":"product_tag-los-haitises-national-park-tour","21":"product_tag-los-haitises-sabana-de-la-mar","22":"product_tag-mangroves-los-haitises","23":"product_tag-sabana-de-la-mar","24":"product_tag-trails","26":"first","27":"instock","28":"sale","29":"sold-individually","30":"shipping-taxable","31":"product-type-external"},"_links":{"self":[{"href":"https:\/\/haitises.com\/cs\/wp-json\/wp\/v2\/product\/558","targetHints":{"allow":["GET"]}}],"collection":[{"href":"https:\/\/haitises.com\/cs\/wp-json\/wp\/v2\/product"}],"about":[{"href":"https:\/\/haitises.com\/cs\/wp-json\/wp\/v2\/types\/product"}],"wp:featuredmedia":[{"embeddable":true,"href":"https:\/\/haitises.com\/cs\/wp-json\/wp\/v2\/media\/84"}],"wp:attachment":[{"href":"https:\/\/haitises.com\/cs\/wp-json\/wp\/v2\/media?parent=558"}],"wp:term":[{"taxonomy":"product_brand","embeddable":true,"href":"https:\/\/haitises.com\/cs\/wp-json\/wp\/v2\/product_brand?post=558"},{"taxonomy":"product_cat","embeddable":true,"href":"https:\/\/haitises.com\/cs\/wp-json\/wp\/v2\/product_cat?post=558"},{"taxonomy":"product_tag","embeddable":true,"href":"https:\/\/haitises.com\/cs\/wp-json\/wp\/v2\/product_tag?post=558"}],"curies":[{"name":"wp","href":"https:\/\/api.w.org\/{rel}","templated":true}]}}