{"id":554,"date":"2020-06-22T17:36:48","date_gmt":"2020-06-22T17:36:48","guid":{"rendered":"http:\/\/haitises.com\/?post_type=product&#038;p=554"},"modified":"2024-04-17T20:44:54","modified_gmt":"2024-04-17T20:44:54","slug":"exkurze-do-haitises-ze-sabana-de-la-mar-nebo-cano-hondo","status":"publish","type":"product","link":"https:\/\/haitises.com\/cs\/soukrome\/exkurze-do-haitises-ze-sabana-de-la-mar-nebo-cano-hondo\/","title":{"rendered":"V\u00fdlet do Los Haitises ze Sabana de la Mar nebo Ca\u00f1o Hondo"},"content":{"rendered":"<div class=\"vc_row wpb_row vc_row-fluid\" ><div class=\"wpb_column vc_column_container vc_col-sm-12\"><div class=\"vc_column-inner\"><div class=\"wpb_wrapper\">[mkdf_section_title subtitle_tag=\u00bb\u00bb subtitle=\u00bbTour normal a los Haitises\u00bb]<\/div><\/div><\/div><\/div><div class=\"vc_row wpb_row vc_row-fluid\" ><div class=\"wpb_column vc_column_container vc_col-sm-12\"><div class=\"vc_column-inner\"><div class=\"wpb_wrapper\">\n\t<div class=\"wpb_text_column wpb_content_element\" >\n\t\t<div class=\"wpb_wrapper\">\n\t\t\t<h2>N\u00e1rodn\u00ed park Los Haitises Od Sabana de la Mar nebo Hotel Cano Hondo.<\/h2>\n<h3>Popis<\/h3>\n<p>Norm\u00e1ln\u00ed soukrom\u00fd v\u00fdlet do n\u00e1rodn\u00edho parku Los Haitises. Poj\u010fte s n\u00e1mi nav\u0161t\u00edvit nejkr\u00e1sn\u011bj\u0161\u00ed n\u00e1rodn\u00ed park v Dominik\u00e1nsk\u00e9 republice, nav\u0161t\u00edvit mangrovy, jeskyn\u011b a z\u00e1toku San Lorenzo. Tento z\u00e1\u017eitek m\u016f\u017ee za\u010d\u00edt t\u00edm, \u017ee se komunita Sabana de la Mar sezn\u00e1m\u00ed s touto histori\u00ed Sabana de la Mar. Nav\u00edc tento v\u00fdlet zah\u00e1j\u00edme z p\u0159\u00edstavu Ca\u00f1o Hondo.<\/p>\n<ul>\n<li>V\u010detn\u011b dan\u00ed<\/li>\n<li>Pr\u016fvodce poskytuje instrukce a dohled.<\/li>\n<li>Ob\u011bd nen\u00ed v cen\u011b ob\u011bda v Ca\u00f1o Hondo Vyberte si tento z\u00e1jezd: Los Haitises Plus Ca\u00f1o Hondo.<\/li>\n<\/ul>\n<h3>Zahrnut\u00ed a vylou\u010den\u00ed<\/h3>\n<h4>Inkluze<\/h4>\n<ol>\n<li>Prohl\u00eddka Los Haitises + jeskyn\u011b a piktogramy<\/li>\n<li>V\u0161echny dan\u011b, poplatky a manipula\u010dn\u00ed poplatky.<\/li>\n<li>M\u00edstn\u00ed dan\u011b<\/li>\n<li>V\u0161echny aktivity<\/li>\n<li>M\u00edstn\u00ed pr\u016fvodce<\/li>\n<\/ol>\n<h4>V\u00fdjimky<\/h4>\n<ol>\n<li>Skl\u00e1p\u011bn\u00ed<\/li>\n<li>Ob\u011bd nen\u00ed v cen\u011b ob\u011bda v Ca\u00f1o Hondo Vyberte si tento z\u00e1jezd: Los Haitises Plus Ca\u00f1o Hondo.<\/li>\n<li>Doprava<\/li>\n<li>Alkoholick\u00e9 n\u00e1poje<\/li>\n<\/ol>\n<h3><em>Odjezd a n\u00e1vrat<\/em><\/h3>\n<p>Cestovatel z\u00edsk\u00e1 m\u00edsto setk\u00e1n\u00ed po procesu rezervace. Prohl\u00eddky za\u010d\u00ednaj\u00ed a kon\u010d\u00ed v m\u00edstech na\u0161eho setk\u00e1n\u00ed.<\/p>\n<h4><em>Co \u010dekat?<\/em><\/h4>\n<p>Z\u00edskejte vstupenky na n\u00e1v\u0161t\u011bvu n\u00e1rodn\u00edho parku Los Haitises s jeskyn\u011bmi, mangrovy a z\u00e1livem San Lorenzo.<\/p>\n<p>Nejni\u017e\u0161\u00ed cena za n\u00e1v\u0161t\u011bvu n\u00e1rodn\u00edho parku Los Haitises z hotel\u016f Sabana de la Mar nebo Ca\u00f1o Hondo s m\u00edstn\u00edmi pr\u016fvodci. V\u00fdlet za\u010d\u00edn\u00e1 v hlavn\u00edm p\u0159\u00edstavu n\u00e1rodn\u00edho parku Los Haitises. Tento v\u00fdlet za\u010d\u00edn\u00e1 v 10:00 s m\u00edstn\u00edm pr\u016fvodcem, kter\u00fd zn\u00e1 p\u016fvodn\u00ed p\u0159\u00edb\u011bh o n\u00e1dhern\u00e9m n\u00e1rodn\u00edm parku.<\/p>\n<p>Pot\u00e9 vyr\u00e1\u017e\u00edme z hlavn\u00edho p\u0159\u00edstavu n\u00e1rodn\u00edho parku Los Haitises, zvan\u00e9ho Ca\u00f1o Hondo (Hlubok\u00fd potok) na LOD\u011a se z\u00e1chrann\u00fdmi vestami. U\u017eijeme si \u010derven\u00fd mangrovov\u00fd les, dokud nedoraz\u00edme do z\u00e1toky San Lorenzo. Mal\u00e1 z\u00e1toka v z\u00e1toce Saman\u00e1. A tady jdeme! Prvn\u00ed, co m\u016f\u017eete vid\u011bt, je sb\u00edrka obrovsk\u00e9ho v\u00e1pencov\u00e9ho horsk\u00e9ho ostrova zvan\u00e9ho Mogotes. Nad nimi poletuje v\u00edce ne\u017e 700 druh\u016f rostlin a mnoho mok\u0159adn\u00edch pt\u00e1k\u016f. Pozd\u011bj\u0161\u00ed n\u00e1v\u0161t\u011bva jeskyn\u00ed s piktogramy na\u0161ich domorod\u00fdch komunit p\u0159ed 750 lety.<\/p>\n<p>P\u0159es mangrovy a pozemky v otev\u0159en\u00e9 z\u00e1toce San Lorenzo, odkud m\u016f\u017eete fotografovat drsnou lesn\u00ed krajinu. Pod\u00edvejte se do vody, abyste vid\u011bli kapust\u0148\u00e1ky, kor\u00fd\u0161e a delf\u00edny.<\/p>\n<p>El nombre del parque nacional proviene de sus habitantes originales, los indios ta\u00ednos. En su idioma, \u00abHaitises\u00bb se traduce en tierras altas o colinas, una referencia a las empinadas formaciones geol\u00f3gicas de la costa con calizas. Avent\u00farate en el parque para explorar cuevas como la Cueva de la Arena y la Cueva de la L\u00ednea. Las cuevas en la reserva fueron utilizadas como refugio por los indios ta\u00ednos y, m\u00e1s tarde, por los piratas escondidos. Busque dibujos de indios que decoran algunas de las paredes. Despu\u00e9s de visitar el Parque Nacional Los Haitises, regresaremos al puerto donde comenz\u00f3 nuestro viaje.<\/p>\n<h3><em>Co byste si m\u011bli vz\u00edt s sebou?<\/em><\/h3>\n<ul>\n<li>Fotoapar\u00e1t<\/li>\n<li>Repelenty<\/li>\n<li>opalovac\u00ed kr\u00e9m<\/li>\n<li>Klobouk<\/li>\n<li>Pohodln\u00e9 kalhoty<\/li>\n<li>Turistick\u00e1 obuv Forest<\/li>\n<li>Sand\u00e1ly do jarn\u00edch oblast\u00ed.<\/li>\n<li>Plaveck\u00fd \u00fabor<\/li>\n<\/ul>\n<h3><em>Vyzvednut\u00ed v hotelu<\/em><\/h3>\n<p>Hotelov\u00e9 vyzvednut\u00ed je nab\u00edzeno, pokud se nach\u00e1z\u00edte v hotelu Paraiso Ca\u00f1o Hondo nebo Altos Ca\u00f1o Hondo. Na\u0161e m\u00edsto setk\u00e1n\u00ed je 5 minut ch\u016fze od t\u011bchto hotel\u016f.<\/p>\n<p><strong>Pozn\u00e1mka<\/strong>- Pokud provedete rezervaci do 24 hodin od \u010dasu odjezdu z\u00e1jezdu\/exkurze, m\u016f\u017eeme zajistit vyzvednut\u00ed v hotelu s dodate\u010dn\u00fdmi poplatky, pokud nejste v hotelech Ca\u00f1o Hondo. Jakmile bude v\u00e1\u0161 n\u00e1kup dokon\u010den, za\u0161leme v\u00e1m kompletn\u00ed kontaktn\u00ed informace (telefonn\u00ed \u010d\u00edslo, e-mailovou adresu atd.) na na\u0161eho m\u00edstn\u00edho pr\u016fvodce, abychom domluvili vyzvednut\u00ed.<\/p>\n<h3><em>Potvrzen\u00ed dal\u0161\u00edch informac\u00ed<\/em><\/h3>\n<ul>\n<li>Vstupenky jsou stvrzenkou po zaplacen\u00ed t\u00e9to prohl\u00eddky. Platbu m\u016f\u017eete uk\u00e1zat na sv\u00e9m telefonu.<\/li>\n<li>M\u00edsto setk\u00e1n\u00ed obdr\u017e\u00edte po proveden\u00ed rezervace.<\/li>\n<li>D\u011bti mus\u00ed b\u00fdt v doprovodu dosp\u011bl\u00e9 osoby.<\/li>\n<li>Nen\u00ed bezbari\u00e9rov\u00fd<\/li>\n<li>D\u011bti by m\u011bly sed\u011bt v d\u011btsk\u00e9 seda\u010dce nebo s dosp\u011bl\u00fdm.<\/li>\n<li>Nedoporu\u010duje se cestuj\u00edc\u00edm s probl\u00e9my se z\u00e1dy.<\/li>\n<li>Nedoporu\u010duje se t\u011bhotn\u00fdm \u017een\u00e1m.<\/li>\n<li>\u017d\u00e1dn\u00e9 srde\u010dn\u00ed probl\u00e9my ani jin\u00e9 z\u00e1va\u017en\u00e9 zdravotn\u00ed pot\u00ed\u017ee.<\/li>\n<li>\u00da\u010dastnit se m\u016f\u017ee v\u011bt\u0161ina cestovatel\u016f.<\/li>\n<\/ul>\n<h3><em>Storno podm\u00ednky<\/em><\/h3>\n<p>Chcete-li z\u00edskat plnou n\u00e1hradu, zru\u0161te alespo\u0148 24 hodin p\u0159ed datem zah\u00e1jen\u00ed z\u00e1\u017eitku.<\/p>\n<h3><em>Kontaktujte n\u00e1s?<\/em><\/h3>\n<p>Rezervace dobrodru\u017estv\u00ed<br \/>\nM\u00edstn\u00ed a n\u00e1rodn\u00ed pr\u016fvodci a slu\u017eby pro hosty<\/p>\n<p>Rezervace: V\u00fdlety a exkurze v Dom. Reps.<\/p>\n<p>\ud83d\udcde Tel\/Whatsapp +1-809-720-6035.<\/p>\n<p>\ud83d\udce9 info@bookingadventures.com.do<\/p>\n<p>Organizujeme soukrom\u00e9 prohl\u00eddky s flexibiln\u00ed konfigurac\u00ed pomoc\u00ed Whatsapp: +18097206035.<\/p>\n\n\t\t<\/div>\n\t<\/div>\n<\/div><\/div><\/div><\/div>","protected":false},"excerpt":{"rendered":"<p>Nejni\u017e\u0161\u00ed cena za n\u00e1v\u0161t\u011bvu n\u00e1rodn\u00edho parku Los Haitises z hotel\u016f Sabana de la Mar nebo Ca\u00f1o Hondo s m\u00edstn\u00edmi pr\u016fvodci. V\u00fdlet za\u010d\u00edn\u00e1 v hlavn\u00edm p\u0159\u00edstavu n\u00e1rodn\u00edho parku Los Haitises. Tento v\u00fdlet za\u010d\u00edn\u00e1 v 10:00 s m\u00edstn\u00edm pr\u016fvodcem, kter\u00fd zn\u00e1 p\u016fvodn\u00ed p\u0159\u00edb\u011bh o n\u00e1dhern\u00e9m n\u00e1rodn\u00edm parku.<\/p>\n<p>Pot\u00e9 vyr\u00e1\u017e\u00edme z hlavn\u00edho p\u0159\u00edstavu n\u00e1rodn\u00edho parku Los Haitises, zvan\u00e9ho Ca\u00f1o Hondo (Hlubok\u00fd potok) na LOD\u011a se z\u00e1chrann\u00fdmi vestami. U\u017eijeme si \u010derven\u00fd mangrovov\u00fd les, dokud nedoraz\u00edme do San Lorenzo Bay, mal\u00e9 z\u00e1toky v z\u00e1livu Saman\u00e1. A tady jdeme! Prvn\u00ed, co m\u016f\u017eete vid\u011bt, je sb\u00edrka obrovsk\u00e9ho v\u00e1pencov\u00e9ho horsk\u00e9ho ostrova zvan\u00e9ho Mogotes. Krom\u011b nich kolem poletuje v\u00edce ne\u017e 700 druh\u016f rostlin a mnoho mok\u0159adn\u00edho ptactva. Pozd\u011bj\u0161\u00ed n\u00e1v\u0161t\u011bva jeskyn\u00ed s piktogramy na\u0161ich domorod\u00fdch komunit p\u0159ed 750 lety.<\/p>\n<p><strong>Vyberte pros\u00edm datum prohl\u00eddky\u00a0<\/strong><\/p>","protected":false},"featured_media":81,"template":"","meta":[],"product_brand":[],"product_cat":[119,120,98,121,99,122,443,123,124],"product_tag":[125,126,127,128,129,130,131,132,133,134,114],"class_list":{"0":"post-554","1":"product","2":"type-product","3":"status-publish","4":"has-post-thumbnail","6":"product_cat-caves","7":"product_cat-fees-entrace","8":"product_cat-local-tour-guides","9":"product_cat-mangroves","10":"product_cat-swimming-natural-springs","11":"product_cat-tours-and-excursions","12":"product_cat-tours-y-excursiones-es","13":"product_cat-tours-excursions-los-haitises-national-park","14":"product_cat-tours-excursions-samana-bay-dominican-republic","15":"product_tag-boat-tour","16":"product_tag-cano-hondo","17":"product_tag-cano-hondo-hotel","18":"product_tag-cano-hondo-tours","19":"product_tag-eco-tours","20":"product_tag-excursion","21":"product_tag-locals-guides","22":"product_tag-los-haitises","23":"product_tag-los-haitises-national-park","24":"product_tag-los-haitises-national-park-tour","25":"product_tag-sabana-de-la-mar","27":"first","28":"instock","29":"sale","30":"sold-individually","31":"shipping-taxable","32":"product-type-external"},"_links":{"self":[{"href":"https:\/\/haitises.com\/cs\/wp-json\/wp\/v2\/product\/554","targetHints":{"allow":["GET"]}}],"collection":[{"href":"https:\/\/haitises.com\/cs\/wp-json\/wp\/v2\/product"}],"about":[{"href":"https:\/\/haitises.com\/cs\/wp-json\/wp\/v2\/types\/product"}],"wp:featuredmedia":[{"embeddable":true,"href":"https:\/\/haitises.com\/cs\/wp-json\/wp\/v2\/media\/81"}],"wp:attachment":[{"href":"https:\/\/haitises.com\/cs\/wp-json\/wp\/v2\/media?parent=554"}],"wp:term":[{"taxonomy":"product_brand","embeddable":true,"href":"https:\/\/haitises.com\/cs\/wp-json\/wp\/v2\/product_brand?post=554"},{"taxonomy":"product_cat","embeddable":true,"href":"https:\/\/haitises.com\/cs\/wp-json\/wp\/v2\/product_cat?post=554"},{"taxonomy":"product_tag","embeddable":true,"href":"https:\/\/haitises.com\/cs\/wp-json\/wp\/v2\/product_tag?post=554"}],"curies":[{"name":"wp","href":"https:\/\/api.w.org\/{rel}","templated":true}]}}