{"id":553,"date":"2020-06-21T20:30:49","date_gmt":"2020-06-21T20:30:49","guid":{"rendered":"http:\/\/haitises.com\/?post_type=product&#038;p=553"},"modified":"2024-04-17T21:13:57","modified_gmt":"2024-04-17T21:13:57","slug":"exkurze-do-haitises-a-cano-hondo-ze-sabana-de-la-mar","status":"publish","type":"product","link":"https:\/\/haitises.com\/cs\/soukrome\/exkurze-do-haitises-a-cano-hondo-ze-sabana-de-la-mar\/","title":{"rendered":"Soukrom\u00e1 prohl\u00eddka do Los Haitises a Ca\u00f1o Hondo ze Sabana de la Mar"},"content":{"rendered":"<div class=\"vc_row wpb_row vc_row-fluid\" ><div class=\"wpb_column vc_column_container vc_col-sm-12\"><div class=\"vc_column-inner\"><div class=\"wpb_wrapper\">[mkdf_section_title subtitle_tag=\u00bb\u00bb subtitle=\u00bbAlmuerzo y Nataci\u00f3n en Piscinas Naturales\u00bb]<\/div><\/div><\/div><\/div><div class=\"vc_row wpb_row vc_row-fluid\" ><div class=\"wpb_column vc_column_container vc_col-sm-12\"><div class=\"vc_column-inner\"><div class=\"wpb_wrapper\"><div class=\"vc_empty_space\"   style=\"height: 32px\"><span class=\"vc_empty_space_inner\"><\/span><\/div><\/div><\/div><\/div><\/div><div class=\"vc_row wpb_row vc_row-fluid\" ><div class=\"wpb_column vc_column_container vc_col-sm-12\"><div class=\"vc_column-inner\"><div class=\"wpb_wrapper\">\n\t<div class=\"wpb_text_column wpb_content_element\" >\n\t\t<div class=\"wpb_wrapper\">\n\t\t\t<h2>N\u00e1rodn\u00ed park Los Haitises + ob\u011bd v Ca\u00f1o Hondo ze Sabana de la Mar<\/h2>\n<h3>Popis<\/h3>\n<p>Celodenn\u00ed v\u00fdlet do n\u00e1rodn\u00edho parku Los Haitises a ob\u011bd v Ca\u00f1o Hondo plus koup\u00e1n\u00ed v p\u0159\u00edrodn\u00edch koupali\u0161t\u00edch. Poj\u010fte s n\u00e1mi nav\u0161t\u00edvit nejkr\u00e1sn\u011bj\u0161\u00ed n\u00e1rodn\u00ed park v Dominik\u00e1nsk\u00e9 republice, nav\u0161t\u00edvit mangrovy, jeskyn\u011b a z\u00e1toku San Lorenzo. Vra\u0165te se do p\u0159\u00edstavu Ca\u00f1o Hondo, jd\u011bte 15 minut p\u011b\u0161ky a vychutnejte si typick\u00fd ob\u011bd s v\u00fdhledem na oce\u00e1n na n\u00e1rodn\u00ed park Los Haitises. Po tomto koup\u00e1n\u00ed v p\u0159\u00edrodn\u00edm prameni do 16:30 hodin.<\/p>\n<ul>\n<li>Zahrnuje ob\u011bd formou bufetu.<\/li>\n<li>Koup\u00e1n\u00ed v p\u0159\u00edrodn\u00edch baz\u00e9nech<\/li>\n<li>V\u010detn\u011b poplatk\u016f<\/li>\n<li>Pr\u016fvodce poskytuje instrukce a dohled.<\/li>\n<\/ul>\n<h3>Zahrnut\u00ed a vylou\u010den\u00ed<\/h3>\n<h4>Inkluze<\/h4>\n<ol>\n<li>ob\u011bd v Ecolodge<\/li>\n<li>Prohl\u00eddka Los Haitises + jeskyn\u011b a piktogramy<\/li>\n<li>V\u0161echny dan\u011b, poplatky a manipula\u010dn\u00ed poplatky.<\/li>\n<li>M\u00edstn\u00ed dan\u011b<\/li>\n<li>N\u00e1poje<\/li>\n<li>V\u0161echny aktivity<\/li>\n<li>M\u00edstn\u00ed pr\u016fvodce<\/li>\n<\/ol>\n<h4>V\u00fdjimky<\/h4>\n<ol>\n<li>Skl\u00e1p\u011bn\u00ed<\/li>\n<li>Doprava<\/li>\n<li>Alkoholick\u00e9 n\u00e1poje<\/li>\n<\/ol>\n<h3><em>Odjezd a n\u00e1vrat<\/em><\/h3>\n<p>Cestovatel z\u00edsk\u00e1 m\u00edsto setk\u00e1n\u00ed po procesu rezervace. Prohl\u00eddky za\u010d\u00ednaj\u00ed a kon\u010d\u00ed v m\u00edstech na\u0161eho setk\u00e1n\u00ed.<\/p>\n<h3><em>Co \u010dekat?<\/em><\/h3>\n<p>Z\u00edskejte vstupenky na n\u00e1v\u0161t\u011bvu n\u00e1rodn\u00edho parku Los Haitises s \u00fa\u017easn\u00fdm ob\u011bdem v Ca\u00f1o Hondo a koup\u00e1n\u00edm v p\u0159\u00edrodn\u00edch pramenech. Vydejte se na v\u00fdlet lod\u00ed p\u0159es mangrovy, star\u00e9 pir\u00e1tsk\u00e9 jeskyn\u011b a chr\u00e1n\u011bn\u00e9 lesy t\u00e9to malebn\u00e9 rezervace z hotelov\u00e9 oblasti Ca\u00f1o Hondo nebo ze Sabana de la Mar.<\/p>\n<p>El recorrido, organizado por \u00abBooking Adventures\u00bb, comienza en el punto de encuentro establecido con el gu\u00eda tur\u00edstico. Ven con Booking Adventures y comienza a observar algunos manglares llenos de p\u00e1jaros, colinas onduladas de exuberante vegetaci\u00f3n y cuevas del Parque Nacional Los Haitises. Excursi\u00f3n en bote desde el r\u00edo Ca\u00f1o Hondo, Sabana de la Mar.<\/p>\n<p>P\u0159es mangrovy a pozemky v otev\u0159en\u00e9 z\u00e1toce San Lorenzo, odkud m\u016f\u017eete fotografovat drsnou lesn\u00ed krajinu. Pod\u00edvejte se do vody, abyste vid\u011bli kapust\u0148\u00e1ky, kor\u00fd\u0161e a delf\u00edny.<\/p>\n<p>El nombre del parque nacional proviene de sus habitantes originales, los indios ta\u00ednos. En su idioma, \u00abHaitises\u00bb se traduce en tierras altas o colinas, una referencia a las empinadas formaciones geol\u00f3gicas de la costa con calizas. Avent\u00farate m\u00e1s en el parque para explorar cuevas como la Cueva de la Arena y la Cueva de la l\u00ednea. Las cuevas en la reserva fueron utilizadas como refugio por los indios ta\u00ednos y, m\u00e1s tarde, por los piratas escondidos. Busque dibujos de indios que decoran algunas de las paredes. Despu\u00e9s de visitar el Parque Nacional Los Haitises iremos a Ca\u00f1o Hondo. En Ca\u00f1o Hondo aprendiendo sobre esta historia de ecolodge y la hora del almuerzo con la comida t\u00edpica de la comunidad de Sabana de la Mar.<\/p>\n<p>Ob\u011bd bude v\u00fdborn\u00fd, ale je\u0161t\u011b nekon\u010d\u00edme. Po ob\u011bd\u011b se vykoupeme v p\u0159\u00edrodn\u00edm prameni od \u0159eky Jibales, vytrval\u00e9 \u0159eky a\u017e po \u0159eku Ca\u00f1o Hondo. Pokud chcete, z\u016fsta\u0148te v Ca\u00f1o Hondo do 18:00.<\/p>\n<p>V p\u0159\u00edrodn\u00edch koupali\u0161t\u00edch m\u016f\u017eete z\u016fstat, jak dlouho budete cht\u00edt plavat a chodit na t\u00fary. Pokud jste vegani, m\u016f\u017eeme pro v\u00e1s p\u0159ipravit i n\u011bjak\u00e9 j\u00eddlo.<\/p>\n<h3><em>Co byste si m\u011bli vz\u00edt s sebou?<\/em><\/h3>\n<ul>\n<li>Fotoapar\u00e1t<\/li>\n<li>Repelenty<\/li>\n<li>opalovac\u00ed kr\u00e9m<\/li>\n<li>Klobouk<\/li>\n<li>Pohodln\u00e9 kalhoty<\/li>\n<li>Turistick\u00e1 obuv Forest<\/li>\n<li>Sand\u00e1ly do jarn\u00edch oblast\u00ed.<\/li>\n<li>Plaveck\u00fd \u00fabor<\/li>\n<\/ul>\n<h3><em>Vyzvednut\u00ed v hotelu<\/em><\/h3>\n<p>U tohoto z\u00e1jezdu nen\u00ed nab\u00edzeno vyzvednut\u00ed v hotelu.<\/p>\n<p><strong>Pozn\u00e1mka:<\/strong> Pokud provedete rezervaci do 24 hodin od \u010dasu odjezdu z\u00e1jezdu\/exkurze, m\u016f\u017eeme zajistit vyzvednut\u00ed v hotelu s dal\u0161\u00edmi poplatky. Jakmile bude v\u00e1\u0161 n\u00e1kup dokon\u010den, za\u0161leme v\u00e1m kompletn\u00ed kontaktn\u00ed informace (telefonn\u00ed \u010d\u00edslo, e-mailovou adresu atd.) na na\u0161eho m\u00edstn\u00edho pr\u016fvodce, abychom domluvili vyzvednut\u00ed.<\/p>\n<h3><em>Potvrzen\u00ed dal\u0161\u00edch informac\u00ed<\/em><\/h3>\n<ul>\n<li>Vstupenky jsou stvrzenkou po zaplacen\u00ed t\u00e9to prohl\u00eddky. Platbu m\u016f\u017eete uk\u00e1zat na sv\u00e9m telefonu.<\/li>\n<li>M\u00edsto setk\u00e1n\u00ed obdr\u017e\u00edte po proveden\u00ed rezervace.<\/li>\n<li>D\u011bti mus\u00ed b\u00fdt v doprovodu dosp\u011bl\u00e9 osoby.<\/li>\n<li>Nen\u00ed bezbari\u00e9rov\u00fd<\/li>\n<li>Kojenci by m\u011bli sed\u011bt v d\u011btsk\u00e9 seda\u010dce nebo s dosp\u011bl\u00fdm<\/li>\n<li>Nedoporu\u010duje se cestuj\u00edc\u00edm s probl\u00e9my se z\u00e1dy.<\/li>\n<li>Nedoporu\u010duje se t\u011bhotn\u00fdm \u017een\u00e1m.<\/li>\n<li>\u017d\u00e1dn\u00e9 srde\u010dn\u00ed probl\u00e9my ani jin\u00e9 z\u00e1va\u017en\u00e9 zdravotn\u00ed pot\u00ed\u017ee.<\/li>\n<li>\u00da\u010dastnit se m\u016f\u017ee v\u011bt\u0161ina cestovatel\u016f.<\/li>\n<\/ul>\n<h3><em>Storno podm\u00ednky<\/em><\/h3>\n<p>Chcete-li z\u00edskat plnou n\u00e1hradu, zru\u0161te alespo\u0148 24 hodin p\u0159ed datem zah\u00e1jen\u00ed z\u00e1\u017eitku.<\/p>\n\n\t\t<\/div>\n\t<\/div>\n<\/div><\/div><\/div><\/div><div class=\"vc_row wpb_row vc_row-fluid\" ><div class=\"wpb_column vc_column_container vc_col-sm-12\"><div class=\"vc_column-inner\"><div class=\"wpb_wrapper\">\n\t<div class=\"wpb_video_widget wpb_content_element vc_clearfix   vc_video-aspect-ratio-169 vc_video-el-width-100 vc_video-align-left\" >\n\t\t<div class=\"wpb_wrapper\">\n\t\t\t\n\t\t\t<div class=\"wpb_video_wrapper\"><iframe loading=\"lazy\" title=\"N\u00e1rodn\u00ed park Los Haitises, v\u00fdlety a exkurze ze Samany nebo Sabany de la Mar. Rezervujte zde:\" src=\"https:\/\/player.vimeo.com\/video\/346508015?dnt=1&amp;app_id=122963\" width=\"1100\" height=\"619\" frameborder=\"0\" allow=\"autoplay; fullscreen\" allowfullscreen><\/iframe><\/div>\n\t\t<\/div>\n\t<\/div>\n<\/div><\/div><\/div><\/div><div class=\"vc_row wpb_row vc_row-fluid\" ><div class=\"wpb_column vc_column_container vc_col-sm-12\"><div class=\"vc_column-inner\"><div class=\"wpb_wrapper\"><div class=\"vc_empty_space\"   style=\"height: 32px\"><span class=\"vc_empty_space_inner\"><\/span><\/div>\n\t<div class=\"wpb_text_column wpb_content_element\" >\n\t\t<div class=\"wpb_wrapper\">\n\t\t\t<h4>Kontaktujte n\u00e1s?<\/h4>\n<h5>Rezervace dobrodru\u017estv\u00ed<\/h5>\n<p><strong><em>M\u00edstn\u00ed a n\u00e1rodn\u00ed pr\u016fvodci a slu\u017eby pro hosty<\/em><\/strong><\/p>\n<p>Rezervace: V\u00fdlety a exkurze v Dom. Reps.<\/p>\n<p>Tel \/ Whatsapp + 1-809-720-6035.<\/p>\n<p>info@bookingadventures.com.do<\/p>\n<p>D\u011bl\u00e1me soukrom\u00e9 prohl\u00eddky flexibiln\u00ed konfigurace Whatsapp: +18097206035.<\/p>\n\n\t\t<\/div>\n\t<\/div>\n<div class=\"vc_empty_space\"   style=\"height: 32px\"><span class=\"vc_empty_space_inner\"><\/span><\/div><\/div><\/div><\/div><\/div>","protected":false},"excerpt":{"rendered":"<p>V\u00fdlet do n\u00e1rodn\u00edho parku Los Haitises ze Sabana de la Mar, n\u00e1v\u0161t\u011bva mangrov\u016f, jeskyn\u00ed, piktogram\u016f + ob\u011bd v Ca\u00f1o Hondo prohl\u00eddky a koupali\u0161t\u011b.<\/p>\n<p>Nastavte tuto prohl\u00eddku s p\u011b\u0161\u00ed trasou a dozv\u00edte se o historii n\u00e1rodn\u00edho parku Los Haitises od m\u00edstn\u00edch pr\u016fvodc\u016f.<\/p>","protected":false},"featured_media":82,"template":"","meta":[],"product_brand":[],"product_cat":[443,123,124],"product_tag":[126,127,128,145,202,203,132,133,146,114,204],"class_list":{"0":"post-553","1":"product","2":"type-product","3":"status-publish","4":"has-post-thumbnail","6":"product_cat-tours-y-excursiones-es","7":"product_cat-tours-excursions-los-haitises-national-park","8":"product_cat-tours-excursions-samana-bay-dominican-republic","9":"product_tag-cano-hondo","10":"product_tag-cano-hondo-hotel","11":"product_tag-cano-hondo-tours","12":"product_tag-day-tour-cano-hondo","13":"product_tag-la-arena-cave","14":"product_tag-line-cave","15":"product_tag-los-haitises","16":"product_tag-los-haitises-national-park","17":"product_tag-mangroves-los-haitises","18":"product_tag-sabana-de-la-mar","19":"product_tag-san-lorenzo-bay","21":"first","22":"instock","23":"sale","24":"sold-individually","25":"shipping-taxable","26":"product-type-external"},"_links":{"self":[{"href":"https:\/\/haitises.com\/cs\/wp-json\/wp\/v2\/product\/553","targetHints":{"allow":["GET"]}}],"collection":[{"href":"https:\/\/haitises.com\/cs\/wp-json\/wp\/v2\/product"}],"about":[{"href":"https:\/\/haitises.com\/cs\/wp-json\/wp\/v2\/types\/product"}],"wp:featuredmedia":[{"embeddable":true,"href":"https:\/\/haitises.com\/cs\/wp-json\/wp\/v2\/media\/82"}],"wp:attachment":[{"href":"https:\/\/haitises.com\/cs\/wp-json\/wp\/v2\/media?parent=553"}],"wp:term":[{"taxonomy":"product_brand","embeddable":true,"href":"https:\/\/haitises.com\/cs\/wp-json\/wp\/v2\/product_brand?post=553"},{"taxonomy":"product_cat","embeddable":true,"href":"https:\/\/haitises.com\/cs\/wp-json\/wp\/v2\/product_cat?post=553"},{"taxonomy":"product_tag","embeddable":true,"href":"https:\/\/haitises.com\/cs\/wp-json\/wp\/v2\/product_tag?post=553"}],"curies":[{"name":"wp","href":"https:\/\/api.w.org\/{rel}","templated":true}]}}