{"id":43,"date":"2020-06-14T11:56:46","date_gmt":"2020-06-14T11:56:46","guid":{"rendered":"http:\/\/haitises.com\/product\/import-placeholder-for-8850\/"},"modified":"2024-04-24T19:19:29","modified_gmt":"2024-04-24T19:19:29","slug":"ridgways-hawk-tour-bird-watching-los-haitises-national-park-excursion","status":"publish","type":"product","link":"https:\/\/haitises.com\/cs\/soukrome\/ridgways-hawk-tour-bird-watching-los-haitises-national-park-excursion\/","title":{"rendered":"Ridgway's Hawk Tour - Pozorov\u00e1n\u00ed pt\u00e1k\u016f v n\u00e1rodn\u00edm parku Los Haitises Excursion"},"content":{"rendered":"<div class=\"vc_row wpb_row vc_row-fluid\" ><div class=\"wpb_column vc_column_container vc_col-sm-12\"><div class=\"vc_column-inner\"><div class=\"wpb_wrapper\">[mkdf_section_title title_tag=\u00bb\u00bb disable_break_words=\u00bbno\u00bb subtitle_tag=\u00bb\u00bb title=\u00bbRidgway&#8217;s Hawk Tour\u00bb subtitle=\u00bbBirding in Los Haitises National Park\u00bb]<\/div><\/div><\/div><\/div><div class=\"vc_row wpb_row vc_row-fluid\" ><div class=\"wpb_column vc_column_container vc_col-sm-12\"><div class=\"vc_column-inner\"><div class=\"wpb_wrapper\">\n\t<div class=\"wpb_text_column wpb_content_element\" >\n\t\t<div class=\"wpb_wrapper\">\n\t\t\t<h4><b><i>P\u0159ehled <\/i><\/b><\/h4>\n<section><\/section>\n<p>The Ridgway&#8217;s hawk is a critically endangered species of diurnal raptor endemic to the Island of Hispaniola. A hundred years ago the hawk was found all over Hispaniola, but today the only remaining breeding population of about 300 individuals is found in Los Haitises National Park in the Dominican Republic.<\/p>\n<p>Los Haitises National Park is a popular destination for nature lovers and bird watchers cause of the highest importance for biodiversity and richness of fauna, both in terms of endemism and species numbers. While most people head out by boat to explore the park and its caves, islands, and wildlife.<\/p>\n<p>We are conserving the Ridgway&#8217;s Hawk in Los Haitises National Park, where you can see the habitat and interesting History of Ridgway\u2019s Hawks in the Humist Trails. We know the spots habitats for Ridgway\u2019s and Ashy Faced Owls. Also, you may see other endemics species around the Park. This Tour is focus on nature and is more concentrated in the information about wildlife. Usually is a private.<\/p>\n<h4><\/h4>\n<h4><b>Zahrnut\u00ed a vylou\u010den\u00ed<\/b><\/h4>\n<p><b>Inkluze<\/b><\/p>\n<ol>\n<li style=\"font-weight: 400;\">Birdwatching Tour + Caves and Pictographs<\/li>\n<li style=\"font-weight: 400;\"><span style=\"font-weight: 400;\">V\u0161echny dan\u011b, poplatky a manipula\u010dn\u00ed poplatky<\/span><\/li>\n<li style=\"font-weight: 400;\"><span style=\"font-weight: 400;\">M\u00edstn\u00ed dan\u011b<\/span><\/li>\n<li style=\"font-weight: 400;\">Officials Ecologist tour guides<\/li>\n<\/ol>\n<p><b> V\u00fdjimky<\/b><\/p>\n<ol>\n<li style=\"font-weight: 400;\"><span style=\"font-weight: 400;\">Spropitn\u00e9<\/span><\/li>\n<li style=\"font-weight: 400;\"><span style=\"font-weight: 400;\">P\u0159enos<\/span><\/li>\n<li style=\"font-weight: 400;\"><span style=\"font-weight: 400;\">N\u00e1poje<\/span><\/li>\n<\/ol>\n<p>&nbsp;<\/p>\n<h4><em><strong>Odjezd a n\u00e1vrat<\/strong><\/em><\/h4>\n<p><span style=\"font-weight: 400;\">The tour, organized by \u00abBooking Adventures\u00bb starts at the meeting point set with the Tour Guide. The traveler will get a meeting point after the Reservation Process. Tours start and Finished in our meeting points.<\/span><\/p>\n<p>&nbsp;<\/p>\n<h4><b><i>Co o\u010dek\u00e1vat?<\/i><\/b><\/h4>\n<p><em><strong>Z\u00edskejte l\u00edstek<\/strong><\/em> for conserving the Ridgway&#8217;s Hawk in Los Haitises National Park.<\/p>\n<p>Tato exkurze za\u010d\u00edn\u00e1 na m\u00edst\u011b setk\u00e1n\u00ed p\u011b\u0161\u00ed t\u00farou po stezk\u00e1ch Ridgway do hn\u00edzdn\u00edch oblast\u00ed. Po 30 minut\u00e1ch ch\u016fze a pozorov\u00e1n\u00ed jest\u0159\u00e1b\u016f m\u00e1me mo\u017enost pokra\u010dovat v p\u011b\u0161\u00ed t\u00fa\u0159e a zkontrolovat papou\u0161ky, pikulety a dal\u0161\u00ed endemick\u00e9 druhy v n\u00e1rodn\u00edm parku Los Haitises.<\/p>\n<p>N\u00e1rodn\u00ed park Los Haitises m\u00e1 pouze dv\u011b stezky pro pozorov\u00e1n\u00ed pt\u00e1k\u016f v Sabana de la Mar. Cestou do n\u00e1rodn\u00edho parku Los Haitises se zastav\u00edme na n\u011bkolika m\u00edstech, abychom vid\u011bli dal\u0161\u00ed pt\u00e1ky.<\/p>\n<p>V z\u00e1toce San Lorenzo. nav\u0161t\u00edv\u00edme dv\u011b jeskyn\u011b, Smutn\u011b jeskyn\u011b vol\u00e1n\u00ed ve \u0161pan\u011bl\u0161tin\u011b Cueva de la Arena; v t\u00e9to jeskyni, m\u016f\u017eeme vid\u011bt petrografie z Tainos komunit, kter\u00e9 byly pobyt v okol\u00ed t\u00e9to oblasti. a pomoc\u00ed jeskyn\u011b jako chr\u00e1m.<\/p>\n<p>Pot\u00e9 se vyd\u00e1me k jeskyni Linea, kter\u00e1 obsahuje 2 243 origin\u00e1ln\u00edch piktogram\u016f, a n\u00e1\u0161 pr\u016fvodce v\u00e1m vysv\u011btl\u00ed informace o t\u011bchto piktogramech od archeolog\u016f.<\/p>\n<p>Zp\u011bt lod\u00ed na ostrov Pajaros (Pta\u010d\u00ed ostrov), kde m\u016f\u017eeme vid\u011bt v\u011bt\u0161inu mok\u0159adn\u00edch pt\u00e1k\u016f v okol\u00ed n\u00e1rodn\u00edho parku Los Haitises. Jen proto, \u017ee v\u0161ichni pt\u00e1ci nejsou ve vod\u011b.<\/p>\n<p>After 4.5 hours learning about birds in Los Haitises National Park, this excursion ends in the same place as started.<\/p>\n<p><strong>Pozn\u00e1mka: Tyto prohl\u00eddky jsou s turistick\u00fdmi pr\u016fvodci Officials Ecologist. Rezervujte si pros\u00edm v\u010das, proto\u017ee v parku nen\u00ed p\u0159\u00edli\u0161 mnoho odborn\u00edk\u016f.<\/strong><\/p>\n<p>&nbsp;<\/p>\n<h4><em><strong>Co byste si m\u011bli vz\u00edt s sebou?<\/strong><\/em><\/h4>\n<ul>\n<li style=\"font-weight: 400;\"><span style=\"font-weight: 400;\">Fotoapar\u00e1t<\/span><\/li>\n<li>Binokul\u00e1rn\u00ed<\/li>\n<li style=\"font-weight: 400;\"><span style=\"font-weight: 400;\">Repelentn\u00ed pupeny<\/span><\/li>\n<li style=\"font-weight: 400;\"><span style=\"font-weight: 400;\">opalovac\u00ed kr\u00e9m<\/span><\/li>\n<li style=\"font-weight: 400;\"><span style=\"font-weight: 400;\">Klobouk<\/span><\/li>\n<li style=\"font-weight: 400;\"><span style=\"font-weight: 400;\">Pohodln\u00e9 kalhoty<\/span><\/li>\n<li style=\"font-weight: 400;\"><span style=\"font-weight: 400;\">Turistick\u00e1 obuv do lesa<\/span><\/li>\n<li style=\"font-weight: 400;\"><span style=\"font-weight: 400;\">Sand\u00e1ly do jarn\u00edch oblast\u00ed.<\/span><\/li>\n<li style=\"font-weight: 400;\"><span style=\"font-weight: 400;\">Plaveck\u00fd od\u011bv<\/span><\/li>\n<\/ul>\n<p>&nbsp;<\/p>\n<h4><b><i>Vyzvednut\u00ed Hotel <\/i><\/b><\/h4>\n<p><span style=\"font-weight: 400;\">Vyzvednut\u00ed v hotelu se u t\u00e9to prohl\u00eddky nenab\u00edz\u00ed. <\/span><\/p>\n<p>&nbsp;<\/p>\n<p><b>Pozn\u00e1mka:<\/b><span style=\"font-weight: 400;\"> Pokud si rezervujete ubytov\u00e1n\u00ed do 24 hodin p\u0159ed odjezdem na prohl\u00eddku\/exkurzi, m\u016f\u017eeme za p\u0159\u00edplatek zajistit vyzvednut\u00ed v hotelu. Po dokon\u010den\u00ed n\u00e1kupu v\u00e1m za\u0161leme kompletn\u00ed kontaktn\u00ed informace (telefonn\u00ed \u010d\u00edslo, e-mailovou adresu atd.) pro na\u0161eho m\u00edstn\u00edho pr\u016fvodce, kter\u00fd zorganizuje vyzvednut\u00ed.<\/span><\/p>\n<h4><b><i>Dal\u0161\u00ed informace Potvrzen\u00ed <\/i><\/b><\/h4>\n<ol>\n<li>Vstupenky jsou stvrzenkou po zaplacen\u00ed t\u00e9to prohl\u00eddky. Platbu m\u016f\u017eete uk\u00e1zat na sv\u00e9m telefonu.<\/li>\n<li style=\"font-weight: 400;\"><span style=\"font-weight: 400;\">M\u00edsto setk\u00e1n\u00ed obdr\u017e\u00edte po dokon\u010den\u00ed rezervace.<\/span><\/li>\n<li style=\"font-weight: 400;\"><span style=\"font-weight: 400;\">D\u011bti mus\u00ed b\u00fdt v doprovodu dosp\u011bl\u00e9 osoby.<\/span><\/li>\n<li style=\"font-weight: 400;\"><span style=\"font-weight: 400;\"> Nen\u00ed bezbari\u00e9rov\u00fd <\/span><\/li>\n<li style=\"font-weight: 400;\"><span style=\"font-weight: 400;\">Kojenci mus\u00ed sed\u011bt na kl\u00edn\u011b <\/span><\/li>\n<li style=\"font-weight: 400;\"><span style=\"font-weight: 400;\">Nedoporu\u010duje se cestuj\u00edc\u00edm s probl\u00e9my se z\u00e1dy<\/span><\/li>\n<li style=\"font-weight: 400;\"><span style=\"font-weight: 400;\">Nedoporu\u010duje se t\u011bhotn\u00fdm cestovatelk\u00e1m <\/span><\/li>\n<li style=\"font-weight: 400;\"><span style=\"font-weight: 400;\"> \u017d\u00e1dn\u00e9 srde\u010dn\u00ed probl\u00e9my ani jin\u00e9 z\u00e1va\u017en\u00e9 zdravotn\u00ed pot\u00ed\u017ee <\/span><\/li>\n<li style=\"font-weight: 400;\"><span style=\"font-weight: 400;\">V\u011bt\u0161ina cestuj\u00edc\u00edch se m\u016f\u017ee z\u00fa\u010dastnit<\/span><\/li>\n<\/ol>\n<p>Tento v\u00fdlet je nab\u00edzen pro minim\u00e1ln\u011b 2 osoby a maxim\u00e1ln\u011b 15 osob. V p\u0159\u00edpad\u011b men\u0161\u00edho po\u010dtu osob n\u00e1s pros\u00edm kontaktujte.<\/p>\n<h4><b><i>Storno podm\u00ednky<\/i><\/b><\/h4>\n<p><span style=\"font-weight: 400;\">Chcete-li vr\u00e1tit pen\u00edze v pln\u00e9 v\u00fd\u0161i, zru\u0161te rezervaci alespo\u0148 24 hodin p\u0159ed za\u010d\u00e1tkem z\u00e1\u017eitku.<\/span><\/p>\n\n\t\t<\/div>\n\t<\/div>\n<\/div><\/div><\/div><\/div><div class=\"vc_row wpb_row vc_row-fluid\" ><div class=\"wpb_column vc_column_container vc_col-sm-12\"><div class=\"vc_column-inner\"><div class=\"wpb_wrapper\"><div class=\"vc_empty_space\"   style=\"height: 32px\"><span class=\"vc_empty_space_inner\"><\/span><\/div>\n\t<div class=\"wpb_text_column wpb_content_element\" >\n\t\t<div class=\"wpb_wrapper\">\n\t\t\t<h4>Kontaktujte n\u00e1s?<\/h4>\n<h5><em><strong>Rezervace dobrodru\u017estv\u00ed<\/strong><\/em><\/h5>\n<p><em><strong>M\u00edstn\u00ed obyvatel\u00e9<\/strong> a <strong>N\u00e1rodn\u00ed str\u00e1nky<\/strong> Pr\u016fvodci a slu\u017eby pro hosty<\/em><\/p>\n<p><span class=\"text-turquoise\">Rezervace:<\/span> V\u00fdlety a exkurze v Dom. Rep.<\/p>\n<p><img decoding=\"async\" class=\"emoji\" draggable=\"false\" src=\"https:\/\/s.w.org\/images\/core\/emoji\/11.2.0\/svg\/1f4de.svg\" alt=\"\ud83d\udcde\" title=\"\"> Tel \/ Whatsapp\u00a0 <a href=\"tel:+1-809-720-6035\">+1-809-720-6035<\/a>.<\/p>\n<p><img decoding=\"async\" class=\"emoji\" draggable=\"false\" src=\"https:\/\/s.w.org\/images\/core\/emoji\/11.2.0\/svg\/1f4e9.svg\" alt=\"\ud83d\udce9\" title=\"\"> <a href=\"mailto:info@bookingadventures.com.do\">info@bookingadventures.com.do<\/a><\/p>\n<p><strong>Jsme flexibiln\u00ed nastaven\u00ed soukrom\u00e9 prohl\u00eddky p\u0159es Whatsapp: <a href=\"tel:+18097206035\">+18097206035.<\/a><\/strong><\/p>\n\n\t\t<\/div>\n\t<\/div>\n<div class=\"vc_empty_space\"   style=\"height: 32px\"><span class=\"vc_empty_space_inner\"><\/span><\/div><\/div><\/div><\/div><\/div>","protected":false},"excerpt":{"rendered":"<p>Ecological Trip to Los Haitises National Park with a Local Tour guide. Visiting the Ridgway&#8217;s Hawks in Los Haitises National Park, and the historical areas of Sabana de la Mar in Los Haitises National Park.<\/p>\n<p>&nbsp;<\/p>\n<p><em><strong>Zvolte pros\u00edm datum turn\u00e9\u00a0<\/strong><\/em><\/p>","protected":false},"featured_media":223,"template":"","meta":[],"product_brand":[],"product_cat":[122,123,124],"product_tag":[177,180,132,133,191,192,114,142,147,193],"class_list":{"0":"post-43","1":"product","2":"type-product","3":"status-publish","4":"has-post-thumbnail","6":"product_cat-tours-and-excursions","7":"product_cat-tours-excursions-los-haitises-national-park","8":"product_cat-tours-excursions-samana-bay-dominican-republic","9":"product_tag-birding","10":"product_tag-birdwatching","11":"product_tag-los-haitises","12":"product_tag-los-haitises-national-park","13":"product_tag-nature","14":"product_tag-ridgways-hawk","15":"product_tag-sabana-de-la-mar","16":"product_tag-samana","17":"product_tag-samana-bay","18":"product_tag-wildlife","20":"first","21":"instock","22":"sale","23":"sold-individually","24":"shipping-taxable","25":"product-type-external"},"_links":{"self":[{"href":"https:\/\/haitises.com\/cs\/wp-json\/wp\/v2\/product\/43","targetHints":{"allow":["GET"]}}],"collection":[{"href":"https:\/\/haitises.com\/cs\/wp-json\/wp\/v2\/product"}],"about":[{"href":"https:\/\/haitises.com\/cs\/wp-json\/wp\/v2\/types\/product"}],"wp:featuredmedia":[{"embeddable":true,"href":"https:\/\/haitises.com\/cs\/wp-json\/wp\/v2\/media\/223"}],"wp:attachment":[{"href":"https:\/\/haitises.com\/cs\/wp-json\/wp\/v2\/media?parent=43"}],"wp:term":[{"taxonomy":"product_brand","embeddable":true,"href":"https:\/\/haitises.com\/cs\/wp-json\/wp\/v2\/product_brand?post=43"},{"taxonomy":"product_cat","embeddable":true,"href":"https:\/\/haitises.com\/cs\/wp-json\/wp\/v2\/product_cat?post=43"},{"taxonomy":"product_tag","embeddable":true,"href":"https:\/\/haitises.com\/cs\/wp-json\/wp\/v2\/product_tag?post=43"}],"curies":[{"name":"wp","href":"https:\/\/api.w.org\/{rel}","templated":true}]}}