{"id":246,"date":"2020-06-14T12:00:36","date_gmt":"2020-06-14T12:00:36","guid":{"rendered":"http:\/\/haitises.com\/product\/import-placeholder-for-9717\/"},"modified":"2021-08-13T01:19:42","modified_gmt":"2021-08-13T01:19:42","slug":"pozorovani-velryb-2020-v-punta-cana-do-samana-bay-cayo-levantado-bacardi-island-z-hotelu","status":"publish","type":"product","link":"https:\/\/haitises.com\/cs\/soukrome\/pozorovani-velryb-2020-v-punta-cana-do-samana-bay-cayo-levantado-bacardi-island-z-hotelu\/","title":{"rendered":"Pozorov\u00e1n\u00ed velryb 2022 v Punta Can\u011b do z\u00e1toky Saman\u00e1 + Cayo Levantado (ostrov Bacardi) z hotel\u016f."},"content":{"rendered":"<div class=\"vc_row wpb_row vc_row-fluid\" ><div class=\"wpb_column vc_column_container vc_col-sm-12\"><div class=\"vc_column-inner\"><div class=\"wpb_wrapper\">[mkdf_section_title title_tag=\u00bb\u00bb disable_break_words=\u00bbno\u00bb subtitle_tag=\u00bb\u00bb title=\u00bbWhale Watching 2020 in Punta Cana to Samana Bay\u00bb subtitle=\u00bbPick Up from Hotels and Cayo Levantado (Bacardi Island).\u00bb]<\/div><\/div><\/div><\/div><div class=\"vc_row wpb_row vc_row-fluid\" ><div class=\"wpb_column vc_column_container vc_col-sm-12\"><div class=\"vc_column-inner\"><div class=\"wpb_wrapper\">\n\t<div class=\"wpb_text_column wpb_content_element\" >\n\t\t<div class=\"wpb_wrapper\">\n\t\t\t<div class=\"vc_row wpb_row vc_row-fluid\">\n<div class=\"wpb_column vc_column_container vc_col-sm-12\">\n<div class=\"vc_column-inner\">\n<div class=\"wpb_wrapper\">\n<div class=\"wpb_text_column wpb_content_element\">\n<div class=\"wpb_wrapper\">\n<div class=\"vc_row wpb_row vc_row-fluid\">\n<div class=\"wpb_column vc_column_container vc_col-sm-12\">\n<div class=\"vc_column-inner\">\n<div class=\"wpb_wrapper\">\n<div class=\"wpb_text_column wpb_content_element\">\n<div class=\"wpb_wrapper\">\n<h4><b><i>P\u0159ehled<img decoding=\"async\" class=\"emoji\" draggable=\"false\" src=\"https:\/\/s.w.org\/images\/core\/emoji\/12.0.0-1\/svg\/1f433.svg\" alt=\"\ud83d\udc33\" title=\"\"><\/i><\/b><\/h4>\n<p>Velryby Punta Cana, pozorov\u00e1n\u00ed velryb v z\u00e1toce Saman\u00e1 a n\u00e1v\u0161t\u011bva z\u00e1toky Cayo Levantado b\u011bhem tohoto celodenn\u00edho v\u00fdletu z hotel\u016f Punta Cana. Cestujte do z\u00e1toky Saman\u00e1 na palub\u011b pohodln\u00e9ho klimatizovan\u00e9ho autobusu a pot\u00e9 se p\u0159esu\u0148te na lo\u010f Catamaran v Miches. Vyplujte na otev\u0159en\u00e9 vody a p\u00e1trejte po hejnech keporkak\u016f, kte\u0159\u00ed do t\u00e9to oblasti p\u0159ij\u00ed\u017ed\u011bj\u00ed za \u00fa\u010delem rozmno\u017eov\u00e1n\u00ed a rod\u00ed ml\u00e1\u010fata. Od sv\u00e9ho odborn\u00e9ho pr\u016fvodce p\u0159\u00edrodov\u011bdce se dozv\u00edte o chov\u00e1n\u00ed a biologii t\u011bchto mo\u0159sk\u00fdch savc\u016f. Pokra\u010dujte na ostrov Cayo Levantado neboli Bacardi, kde si na pl\u00e1\u017ei d\u00e1te ob\u011bd a vykoupete se v azurov\u00fdch vod\u00e1ch, ne\u017e se vr\u00e1t\u00edte do Punta Cany.<\/p>\n<p>&nbsp;<\/p>\n<p><strong>Pozn\u00e1mka: <\/strong>Tato prohl\u00eddka m\u016f\u017ee nebo nemus\u00ed zahrnovat zast\u00e1vku v\u00a0<strong>Vodop\u00e1d Limon<\/strong>. Pro rezervaci stejn\u00e9ho v\u00fdletu s vodop\u00e1dy pros\u00edm <a href=\"https:\/\/www.ticketswhales.com\/Tours-Excursions\/fees-entrace\/samana-whale-watching-cayo-levantado-bacardi-island-limon-waterfalls-from-punta-cana-hotels\/\" target=\"_blank\" rel=\"noopener\">KLIKN\u011aTE ZDE.<\/a><\/p>\n<p>&nbsp;<\/p>\n<ul>\n<li>V\u00fdlet za pozorov\u00e1n\u00edm velryb<\/li>\n<li>Vstupn\u00e9 do hv\u011bzd\u00e1rny<\/li>\n<li>Zahrnuje ob\u011bd formou bufetu na pl\u00e1\u017ei<\/li>\n<li>P\u0159eprava lod\u00ed<\/li>\n<li>Transfer z hotel\u016f Punta Cana<\/li>\n<li>Kapit\u00e1n poskytuje instrukce a dohled<\/li>\n<li>Pr\u016fvodce<\/li>\n<\/ul>\n<p>&nbsp;<\/p>\n<h4><b>Zahrnut\u00ed a vylou\u010den\u00ed<\/b><\/h4>\n<p>&nbsp;<\/p>\n<p><b>Inkluze<\/b><\/p>\n<p>&nbsp;<\/p>\n<ol>\n<li>Ob\u011bd formou bufetu na pl\u00e1\u017ei<\/li>\n<li>Pr\u016fvodce<\/li>\n<li>Katamar\u00e1n nebo v\u00fdlet lod\u00ed<\/li>\n<li>V\u0161echny dan\u011b, poplatky a manipula\u010dn\u00ed poplatky<\/li>\n<li>M\u00edstn\u00ed dan\u011b<\/li>\n<li>N\u00e1poje<\/li>\n<\/ol>\n<p><b>V\u00fdjimky<\/b><\/p>\n<ol>\n<li>Spropitn\u00e9<\/li>\n<\/ol>\n<p>&nbsp;<\/p>\n<h4><em><strong>Odjezd a n\u00e1vrat<\/strong><\/em><\/h4>\n<p>U t\u00e9to prohl\u00eddky je nab\u00edzeno vyzvednut\u00ed v hotelu. Do pozn\u00e1mek napi\u0161te n\u00e1zev hotelu, kde si m\u016f\u017eete z\u00e1jezd vyzvednout. Vyzved\u00e1v\u00e1me ve v\u0161ech hotelech v Punta Can\u011b.<\/p>\n<p>&nbsp;<\/p>\n<h3>Pozorov\u00e1n\u00ed velryb 2020 v Punta Cana do z\u00e1toky Samana + Cayo Levantado (ostrov Bacardi) z hotel\u016f.<\/h3>\n<h4><b><i>Co o\u010dek\u00e1vat?<\/i><\/b><\/h4>\n<p>B\u011bhem 12hodinov\u00e9ho v\u00fdletu za keporkaky v z\u00e1toce S\u00e1mana se m\u016f\u017eete zbl\u00edzka sezn\u00e1mit s n\u011b\u017en\u00fdmi mo\u0159sk\u00fdmi obry Dominik\u00e1nsk\u00e9 republiky. Str\u00e1v\u00edte nezapomenuteln\u00fd den pozorov\u00e1n\u00edm tis\u00edc\u016f velryb, kter\u00e9 se ka\u017edoro\u010dn\u011b sl\u00e9taj\u00ed na ostrov, aby se zde p\u00e1\u0159ily, krmily a hr\u00e1ly si v tepl\u00fdch tropick\u00fdch vod\u00e1ch. P\u0159i pozorov\u00e1n\u00ed t\u011bchto n\u00e1dhern\u00fdch tvor\u016f si vychutn\u00e1te jedine\u010dn\u00e9 poznatky od sv\u00e9ho odborn\u00e9ho pr\u016fvodce pro pozorov\u00e1n\u00ed velryb. Den zakon\u010dete ob\u011bdem a pobytem na pl\u00e1\u017ei na kr\u00e1sn\u00e9m ostrov\u011b Cayo Levantado. V cen\u011b je zahrnuta tak\u00e9 zp\u00e1te\u010dn\u00ed doprava do hotelu.<\/p>\n<p>Od 9:00 do 12:00 hodin pozorov\u00e1n\u00ed velryb a Po tomto v\u00fdletu nav\u0161t\u00edv\u00edme ostrov Bacardi \/ Cayo Levantado. Na ostrov\u011b Bacardi bude zaji\u0161t\u011bn ob\u011bd formou bufetu v typick\u00e9m dominik\u00e1nsk\u00e9m stylu (r\u00fd\u017ee, fazole, ryby, sal\u00e1ty...). Po skon\u010den\u00ed ob\u011bda se m\u016f\u017eete koupat a\u017e do 16:30. Prohl\u00eddka bude ukon\u010dena v 17:00 ve stejn\u00e9m p\u0159\u00edstavu, odkud se vyd\u00e1te na palubu na\u0161eho katamar\u00e1nu a autobusem zp\u011bt do hotel\u016f Punta Cana.<\/p>\n<p>Tato prohl\u00eddka m\u016f\u017ee nebo nemus\u00ed zahrnovat zast\u00e1vku v\u00a0<strong>Vodop\u00e1d Limon<\/strong>. Pro rezervaci stejn\u00e9ho v\u00fdletu s vodop\u00e1dy pros\u00edm <a href=\"https:\/\/www.ticketswhales.com\/Tours-Excursions\/fees-entrace\/samana-whale-watching-cayo-levantado-bacardi-island-limon-waterfalls-from-punta-cana-hotels\/\" target=\"_blank\" rel=\"noopener\">KLIKN\u011aTE ZDE.<\/a><\/p>\n<p><strong>\u010casov\u00fd rozvrh:<\/strong><\/p>\n<p>6:00 - 7:00 Vyzvednut\u00ed z\u00e1kazn\u00edk\u016f z r\u016fzn\u00fdch hotel\u016f<br \/>\n07:00 Odjezd do Las Canitas v Sabana de la mar<br \/>\n08:15 P\u0159\u00edjezd do soukrom\u00e9ho p\u0159\u00edstavu<br \/>\n08:15 - 8:40 Sn\u00eddan\u011b (sendvi\u010de, muffiny, \u010daj, k\u00e1va, d\u017eusy)<br \/>\n8:45 Nalod\u011bn\u00ed na cestu do rezervace keporkak\u016f v Saman\u011b.<br \/>\n11:00 Hledejte velryby po dobu 45 minut - tento \u010dasov\u00fd pl\u00e1n je stanoven vl\u00e1dn\u00edmi pravidly.<br \/>\n11:45 Vydejte se na Cayo Levantado v z\u00e1livu Samana<br \/>\n12:30 P\u0159\u00edjezd na Cayo Levantado<br \/>\n13:00 Ob\u011bd (ob\u011bd formou bufetu, typick\u00fd dominik\u00e1nsk\u00fd)*.<br \/>\n13:45 - 15:30 Voln\u00fd \u010das na Cayo Levantado<br \/>\n15:00 - 15:45 Znovu na palubu sm\u011br Miches<br \/>\n17:00 P\u0159\u00edjezd do Miches a odjezd do hotel\u016f v Punta Can\u011b<br \/>\n19:30 - 20:00 P\u0159\u00edjezd do hotel\u016f v Punta Can\u011b<\/p>\n<p><strong>*Ob\u011bdov\u00e9 menu (typick\u00e9 dominik\u00e1nsk\u00e9)<br \/>\n<\/strong>R\u00fd\u017ee, grilovan\u00e9 ku\u0159e nebo grilovan\u00e1 ryba, sal\u00e1t, zelenina, \u010derstv\u00e9 ovoce.<\/p>\n<p><strong>*Z\u00e1kazn\u00edci, kte\u0159\u00ed se rozhodnou p\u0159idat zast\u00e1vku u vodop\u00e1du El Limon po pozorov\u00e1n\u00ed velryb, se p\u0159esunou k vodop\u00e1du a budou m\u00edt m\u00e9n\u011b \u010dasu na Cayo Levantado.<\/strong><\/p>\n<p>Tato prohl\u00eddka m\u016f\u017ee nebo nemus\u00ed zahrnovat zast\u00e1vku v\u00a0<strong>Vodop\u00e1d Limon<\/strong>. Pro rezervaci stejn\u00e9ho v\u00fdletu s vodop\u00e1dy pros\u00edm <a href=\"https:\/\/www.ticketswhales.com\/Tours-Excursions\/fees-entrace\/samana-whale-watching-cayo-levantado-bacardi-island-limon-waterfalls-from-punta-cana-hotels\/\" target=\"_blank\" rel=\"noopener\">KLIKN\u011aTE ZDE.<\/a><\/p>\n<p>&nbsp;<\/p>\n<h4><em><strong>Co byste si m\u011bli vz\u00edt s sebou?<\/strong><\/em><\/h4>\n<ul>\n<li>Fotoapar\u00e1t<\/li>\n<li>Repelentn\u00ed pupeny<\/li>\n<li>opalovac\u00ed kr\u00e9m<\/li>\n<li>Klobouk<\/li>\n<li>Pohodln\u00e9 kalhoty<\/li>\n<li>Sand\u00e1ly na pl\u00e1\u017e<\/li>\n<li>Plaveck\u00fd od\u011bv<\/li>\n<li>Pen\u00edze na suven\u00fdry<\/li>\n<\/ul>\n<p>&nbsp;<\/p>\n<h4><b><i>Vyzvednut\u00ed Hotel<\/i><\/b><\/h4>\n<p>U t\u00e9to prohl\u00eddky je nab\u00edzeno vyzvednut\u00ed v hotelu. Do pozn\u00e1mek napi\u0161te n\u00e1zev hotelu, kde si m\u016f\u017eete z\u00e1jezd vyzvednout. Vyzved\u00e1v\u00e1me ve v\u0161ech hotelech v Punta Can\u011b.<\/p>\n<p>&nbsp;<\/p>\n<p><b>Pozn\u00e1mka:<\/b> Pokud jste rezervov\u00e1ni do 24 hodin od \u010dasu odjezdu prohl\u00eddky\/exkurze, m\u016f\u017eeme zajistit vyzvednut\u00ed v hotelu. Jakmile bude v\u00e1\u0161 n\u00e1kup dokon\u010den, za\u0161leme v\u00e1m kompletn\u00ed kontaktn\u00ed informace (telefonn\u00ed \u010d\u00edslo, e-mailovou adresu atd.) pro na\u0161eho m\u00edstn\u00edho pr\u016fvodce, abychom mohli zajistit vyzvednut\u00ed.<\/p>\n<h4><b><i>Dal\u0161\u00ed informace Potvrzen\u00ed<\/i><\/b><\/h4>\n<ol>\n<li>Vstupenky jsou stvrzenkou po zaplacen\u00ed t\u00e9to prohl\u00eddky. Platbu m\u016f\u017eete uk\u00e1zat na sv\u00e9m telefonu.<\/li>\n<li>M\u00edsto setk\u00e1n\u00ed obdr\u017e\u00edte po dokon\u010den\u00ed rezervace.<\/li>\n<li>D\u011bti mus\u00ed b\u00fdt v doprovodu dosp\u011bl\u00e9 osoby.<\/li>\n<li>bezbari\u00e9rov\u00fd p\u0159\u00edstup<\/li>\n<li>Kojenci mus\u00ed sed\u011bt na kl\u00edn\u011b<\/li>\n<li>V\u011bt\u0161ina cestuj\u00edc\u00edch se m\u016f\u017ee z\u00fa\u010dastnit<\/li>\n<\/ol>\n<h4><b><i>Storno podm\u00ednky<\/i><\/b><\/h4>\n<p>Chcete-li vr\u00e1tit pen\u00edze v pln\u00e9 v\u00fd\u0161i, zru\u0161te rezervaci alespo\u0148 24 hodin p\u0159ed za\u010d\u00e1tkem z\u00e1\u017eitku.<\/p>\n<\/div>\n<\/div>\n<\/div>\n<\/div>\n<\/div>\n<\/div>\n<\/div>\n<\/div>\n<\/div>\n<\/div>\n<\/div>\n<\/div>\n<div class=\"vc_row wpb_row vc_row-fluid\">\n<div class=\"wpb_column vc_column_container vc_col-sm-12\">\n<div class=\"vc_column-inner\">\n<div class=\"wpb_wrapper\">\n<div class=\"vc_empty_space\"><\/div>\n<div class=\"wpb_text_column wpb_content_element\">\n<div class=\"wpb_wrapper\">\n<h4>Kontaktujte n\u00e1s?<\/h4>\n<h5><b><i>PROHL\u00cdDKA VELRYB SAMANA<\/i><\/b><\/h5>\n<p><em><strong>M\u00edstn\u00ed obyvatel\u00e9<\/strong>\u00a0a\u00a0<strong>N\u00e1rodn\u00ed str\u00e1nky<\/strong>\u00a0Pr\u016fvodci a slu\u017eby pro hosty<\/em><\/p>\n<p><span class=\"text-turquoise\">Rezervace:<\/span>\u00a0V\u00fdlety a exkurze v Dom. Rep.<\/p>\n<p><img decoding=\"async\" class=\"emoji\" draggable=\"false\" src=\"https:\/\/s.w.org\/images\/core\/emoji\/11.2.0\/svg\/1f4de.svg\" alt=\"\ud83d\udcde\" title=\"\">\u00a0Tel \/ Whatsapp\u00a0\u00a0<a href=\"tel:+1-809-720-6035\">+1-809-720-6035<\/a>.<\/p>\n<p><img decoding=\"async\" class=\"emoji\" draggable=\"false\" src=\"https:\/\/s.w.org\/images\/core\/emoji\/11.2.0\/svg\/1f4e9.svg\" alt=\"\ud83d\udce9\" title=\"\">\u00a0<a href=\"mailto:info@bookingadventures.com.do\">info@bookingadventures.com.do<\/a><\/p>\n<p><strong>Jsme flexibiln\u00ed nastaven\u00ed soukrom\u00e9 prohl\u00eddky p\u0159es Whatsapp:\u00a0<a href=\"tel:+18097206035\">+18097206035.<\/a><\/strong><\/p>\n<\/div>\n<\/div>\n<\/div>\n<\/div>\n<\/div>\n<\/div>\n\n\t\t<\/div>\n\t<\/div>\n<\/div><\/div><\/div><\/div>","protected":false},"excerpt":{"rendered":"<p>Z hotel\u016f v Punta Can\u011b se budeme kochat kr\u00e1snou krajinou orient\u00e1ln\u00edho poho\u0159\u00ed na sever od Punta Cany a pot\u00e9 doraz\u00edme do mal\u00e9 ryb\u00e1\u0159sk\u00e9 vesni\u010dky Miches na ji\u017en\u00edm pob\u0159e\u017e\u00ed z\u00e1livu Samana. Tam si vychutn\u00e1te rychlou sn\u00eddani p\u0159ed n\u00e1stupem na lo\u010f do Samany. Budeme se plavit hluboko do z\u00e1livu a pozorovat velryby. Nejprve doplujeme na ostrov Cayo Levantado, zn\u00e1m\u00fd tak\u00e9 jako ostrov Bacardi, proto\u017ee se velmi podob\u00e1 pl\u00e1\u017e\u00edm, kter\u00e9 kdysi pou\u017e\u00edval rum Bacardi pro sv\u00e9 slavn\u00e9 reklamy. Cayo Levantado nen\u00ed nic jin\u00e9ho ne\u017e tropick\u00e1 o\u00e1za - mal\u00fd ostrov uprost\u0159ed oce\u00e1nu s tyrkysovou vodou a b\u00edl\u00fdm p\u00edskem.<\/p>\n<p>Tato prohl\u00eddka m\u016f\u017ee nebo nemus\u00ed zahrnovat zast\u00e1vku v\u00a0<strong>Vodop\u00e1d Limon<\/strong>. Chcete-li si rezervovat stejn\u00fd v\u00fdlet s vodop\u00e1dy, pros\u00edm. <a href=\"https:\/\/www.ticketswhales.com\/Tours-Excursions\/fees-entrace\/samana-whale-watching-cayo-levantado-bacardi-island-limon-waterfalls-from-punta-cana-hotels\/\">KLIKN\u011aTE ZDE.<\/a><\/p>\n<p>&nbsp;<\/p>\n<p>&nbsp;<\/p>\n<p><em><strong>Vyberte pros\u00edm datum exkurze:<\/strong><\/em><\/p>","protected":false},"featured_media":497,"template":"","meta":[],"product_brand":[],"product_cat":[259,124,232],"product_tag":[390,137,162,364,260,345,201,141,391,228,147,392,357,271,393,234,280,394,236,395],"class_list":{"0":"post-246","1":"product","2":"type-product","3":"status-publish","4":"has-post-thumbnail","6":"product_cat-tours-excursions-punta-cana-dominican-republic","7":"product_cat-tours-excursions-samana-bay-dominican-republic","8":"product_cat-whale-watching-samana","9":"product_tag-390","10":"product_tag-bacardi-island","11":"product_tag-cayo-levantado-day-pass","12":"product_tag-cheap-punta-cana-excursions","13":"product_tag-day-trip-punta-cana","14":"product_tag-half-day-whale-watching-miches","15":"product_tag-private-tours-samana","16":"product_tag-punta-cana","17":"product_tag-punta-cana-activities","18":"product_tag-punta-cana-tours","19":"product_tag-samana-bay","20":"product_tag-samana-day-trip","21":"product_tag-samana-day-trip-from-punta-cana","22":"product_tag-samana-whale-watching","23":"product_tag-whale-punta-cana","24":"product_tag-whale-samana","25":"product_tag-whale-watching-2020","26":"product_tag-whale-watching-2020-in-punta-cana-to-samana-bay-cayo-levantado-bacardi-island-from-hotels","27":"product_tag-whale-watching-dominican-republic","28":"product_tag-whale-watching-punta-cana","30":"first","31":"onbackorder","32":"sale","33":"virtual","34":"sold-individually","35":"purchasable","36":"product-type-simple"},"_links":{"self":[{"href":"https:\/\/haitises.com\/cs\/wp-json\/wp\/v2\/product\/246","targetHints":{"allow":["GET"]}}],"collection":[{"href":"https:\/\/haitises.com\/cs\/wp-json\/wp\/v2\/product"}],"about":[{"href":"https:\/\/haitises.com\/cs\/wp-json\/wp\/v2\/types\/product"}],"wp:featuredmedia":[{"embeddable":true,"href":"https:\/\/haitises.com\/cs\/wp-json\/wp\/v2\/media\/497"}],"wp:attachment":[{"href":"https:\/\/haitises.com\/cs\/wp-json\/wp\/v2\/media?parent=246"}],"wp:term":[{"taxonomy":"product_brand","embeddable":true,"href":"https:\/\/haitises.com\/cs\/wp-json\/wp\/v2\/product_brand?post=246"},{"taxonomy":"product_cat","embeddable":true,"href":"https:\/\/haitises.com\/cs\/wp-json\/wp\/v2\/product_cat?post=246"},{"taxonomy":"product_tag","embeddable":true,"href":"https:\/\/haitises.com\/cs\/wp-json\/wp\/v2\/product_tag?post=246"}],"curies":[{"name":"wp","href":"https:\/\/api.w.org\/{rel}","templated":true}]}}