{"id":11680,"date":"2023-10-04T07:40:10","date_gmt":"2023-10-04T07:40:10","guid":{"rendered":"http:\/\/haitises.com\/?post_type=product&#038;p=11680"},"modified":"2024-03-29T02:18:01","modified_gmt":"2024-03-29T02:18:01","slug":"punta-cana-buggy-tour-pick-up-from-punta-cana-hotels-3","status":"publish","type":"product","link":"https:\/\/haitises.com\/cs\/soukrome\/punta-cana-buggy-tour-pick-up-from-punta-cana-hotels-3\/","title":{"rendered":"Punta Cana Buggy Tour - vyzvednut\u00ed v hotelech Punta Cana"},"content":{"rendered":"<div class=\"vc_row wpb_row vc_row-fluid\" ><div class=\"wpb_column vc_column_container vc_col-sm-12\"><div class=\"vc_column-inner\"><div class=\"wpb_wrapper\">[mkdf_section_title title_tag=\u00bb\u00bb disable_break_words=\u00bbno\u00bb subtitle_tag=\u00bb\u00bb text_font_weight=\u00bb\u00bb title=\u00bbPunta Cana Buggies &#8211; Buggy\u00bb subtitle=\u00bbFrom Punta Cana Hotels\u00bb text=\u00bbNote: This tour starts at 7: 00 am Depending where is the Pickup Hotels Time may Change. Extras cost for Pick up in Areas not listed in Our Description.\u00bb]<\/div><\/div><\/div><\/div><div class=\"vc_row wpb_row vc_row-fluid\" ><div class=\"wpb_column vc_column_container vc_col-sm-12\"><div class=\"vc_column-inner\"><div class=\"wpb_wrapper\"><div class=\"vc_empty_space\"   style=\"height: 32px\"><span class=\"vc_empty_space_inner\"><\/span><\/div><\/div><\/div><\/div><\/div><div class=\"vc_row wpb_row vc_row-fluid\" ><div class=\"wpb_column vc_column_container vc_col-sm-12\"><div class=\"vc_column-inner\"><div class=\"wpb_wrapper\">\n\t<div class=\"wpb_text_column wpb_content_element\" >\n\t\t<div class=\"wpb_wrapper\">\n\t\t\t<h4><b><i>P\u0159ehled <\/i><\/b><\/h4>\n<div>\n<p>Tour the paradise landscapes of Punta Cana, onboard your very own buggy! You&#8217;ll <strong>discover the Macao village and its idyllic beaches<\/strong>, as well as taking a dip in an indigenous cenote.<\/p>\n<\/div>\n<ul class=\"vcs-highlights\">\n<li>V\u00fdb\u011br z n\u011bkolika odjezd\u016f b\u011bhem dne<\/li>\n<li>Enjoy fantastic\u00a0 views<\/li>\n<li>Vhodn\u00e9 pro rodiny<\/li>\n<li>Vyzvednut\u00ed z centr\u00e1ln\u011b um\u00edst\u011bn\u00e9ho m\u00edsta setk\u00e1n\u00ed<\/li>\n<li>Romantick\u00fd z\u00e1\u017eitek, ide\u00e1ln\u00ed pro p\u00e1ry<\/li>\n<\/ul>\n<p>&nbsp;<\/p>\n<h4><b>Zahrnut\u00ed a vylou\u010den\u00ed<\/b><\/h4>\n<p>&nbsp;<\/p>\n<p><b>Inkluze<\/b><\/p>\n<p>&nbsp;<\/p>\n<ol>\n<li>Buggies Tour<\/li>\n<li>Vyzvednut\u00ed autobusem z va\u0161eho hotelu<\/li>\n<li style=\"font-weight: 400;\"><span style=\"font-weight: 400;\">V\u0161echny dan\u011b, poplatky a manipula\u010dn\u00ed poplatky<\/span><\/li>\n<li style=\"font-weight: 400;\"><span style=\"font-weight: 400;\">M\u00edstn\u00ed dan\u011b<\/span><\/li>\n<li style=\"font-weight: 400;\"><span style=\"font-weight: 400;\">N\u00e1poje<\/span><\/li>\n<\/ol>\n<p><b> V\u00fdjimky<\/b><\/p>\n<ol>\n<li style=\"font-weight: 400;\"><span style=\"font-weight: 400;\">Spropitn\u00e9<\/span><\/li>\n<li>Ob\u011bd<\/li>\n<\/ol>\n<p>&nbsp;<\/p>\n<h4><em><strong>Odjezd a n\u00e1vrat<\/strong><\/em><\/h4>\n<p><span style=\"font-weight: 400;\">Cestuj\u00edc\u00ed obdr\u017e\u00ed m\u00edsto setk\u00e1n\u00ed po dokon\u010den\u00ed rezervace. V\u00fdlety za\u010d\u00ednaj\u00ed a kon\u010d\u00ed na na\u0161ich m\u00edstech setk\u00e1n\u00ed.<\/span><\/p>\n<p>&nbsp;<\/p>\n<h4><b><i>Co o\u010dek\u00e1vat?<\/i><\/b><\/h4>\n<p>Having picked you up from your hotel we&#8217;ll make our way to the Punta Cana interior. Surrounded by <strong>coffee and cocoa plantations<\/strong>, your\u00a0<strong>local guides<\/strong>\u00a0will explain the tour and everything you need to know to drive your buggy.<\/p>\n<p>Then we&#8217;ll turn the key in the ignition, and begin the excitement, zipping over\u00a0<strong>hills,\u00a0through coffee plantations and\u00a0along dirt trails\u00a0and riverbeds<\/strong>.<\/p>\n<p>Our first stop will be at Macao beach. Far from the large hotels and tourist areas, this\u00a0<strong>natural paradise<\/strong>\u00a0and its crystal clear water is the perfect spot for a dip, and here you&#8217;ll have free time to\u00a0<strong>swim in the stunning Caribbean sea<\/strong>.<\/p>\n<p>Then we&#8217;ll climb back aboard our buggy, on our way to the so-called &#8216;Indigenous Springs&#8217;, discovering one of the most idyllic<strong>\u00a0cenotes<\/strong>\u00a0in Punta Cana. Here you&#8217;ll have half an hour free to explore this underground pool, swimming in its turquoise waters.<\/p>\n<p>Finally, we&#8217;ll leave the buggies behind, and we&#8217;ll accompany you back to your accommodation, putting an end to an unforgettable day.<\/p>\n<p><strong>\u010casov\u00fd rozvrh:<\/strong><\/p>\n<p>7:00 \u2013 19:00\u2026 Zm\u011bna \u010dasu v z\u00e1vislosti na tom, kde se nach\u00e1z\u00edte v Punta Cana.<\/p>\n<h4>Solo or Sharing?<\/h4>\n<p>When making your reservation you can choose if you would prefer to drive a buggy to yourself or share a vehicle with one or three others. The price shown is per person.<\/p>\n<p>&nbsp;<\/p>\n<h4><em><strong>Co byste si m\u011bli vz\u00edt s sebou?<\/strong><\/em><\/h4>\n<ul>\n<li style=\"font-weight: 400;\"><span style=\"font-weight: 400;\">Fotoapar\u00e1t<\/span><\/li>\n<li style=\"font-weight: 400;\"><span style=\"font-weight: 400;\">Repelentn\u00ed pupeny<\/span><\/li>\n<li style=\"font-weight: 400;\"><span style=\"font-weight: 400;\">opalovac\u00ed kr\u00e9m<\/span><\/li>\n<li style=\"font-weight: 400;\"><span style=\"font-weight: 400;\">Klobouk<\/span><\/li>\n<li style=\"font-weight: 400;\"><span style=\"font-weight: 400;\">Pohodln\u00e9 kalhoty<\/span><\/li>\n<li style=\"font-weight: 400;\"><span style=\"font-weight: 400;\">Turistick\u00e1 obuv do lesa<\/span><\/li>\n<li style=\"font-weight: 400;\"><span style=\"font-weight: 400;\">Sand\u00e1ly na pl\u00e1\u017e<\/span><\/li>\n<li style=\"font-weight: 400;\"><span style=\"font-weight: 400;\">Plaveck\u00fd od\u011bv<\/span><\/li>\n<li>Pen\u00edze na suven\u00fdry<\/li>\n<\/ul>\n<p>&nbsp;<\/p>\n<h4><b><i>Vyzvednut\u00ed Hotel <\/i><\/b><\/h4>\n<p><span style=\"font-weight: 400;\">Nab\u00edz\u00ed se cestovn\u00ed vyzvednut\u00ed!<\/span><\/p>\n<p><span style=\"font-weight: 400;\">Vyzved\u00e1v\u00e1me ze v\u0161ech hotel\u016f v Punta Cana M\u00edsto vyzvednut\u00ed je Hotel Lobby<br \/>\nPokud bydl\u00edte v byt\u011b v t\u00e9to oblasti, vyzvedneme v\u00e1s v byt\u011b nebo u vchodu do nejbli\u017e\u0161\u00edho resortu. Nastavili jsme vyzvednut\u00ed, aby n\u00e1s kontaktovalo p\u0159es Whatsapp.<\/span><\/p>\n<p><b>Pozn\u00e1mka:<\/b><span style=\"font-weight: 400;\"> Pokud jste rezervov\u00e1ni do 24 hodin od \u010dasu odjezdu prohl\u00eddky\/exkurze, m\u016f\u017eeme zajistit vyzvednut\u00ed v hotelu. Jakmile bude v\u00e1\u0161 n\u00e1kup dokon\u010den, za\u0161leme v\u00e1m kompletn\u00ed kontaktn\u00ed informace (telefonn\u00ed \u010d\u00edslo, e-mailovou adresu atd.) pro na\u0161eho m\u00edstn\u00edho pr\u016fvodce, abychom mohli zajistit vyzvednut\u00ed.<\/span><\/p>\n<h4><b><i>Dal\u0161\u00ed informace Potvrzen\u00ed <\/i><\/b><\/h4>\n<ol>\n<li>Vstupenky jsou stvrzenkou po zaplacen\u00ed t\u00e9to prohl\u00eddky. Platbu m\u016f\u017eete uk\u00e1zat na sv\u00e9m telefonu.<\/li>\n<li style=\"font-weight: 400;\"><span style=\"font-weight: 400;\">M\u00edsto setk\u00e1n\u00ed obdr\u017e\u00edte po dokon\u010den\u00ed rezervace.<\/span><\/li>\n<li style=\"font-weight: 400;\"><strong>Children between 5 and 11<\/strong>\u00a0may only take part if they ride in a 2 or 4 person buggy, accompanied by an adult, as they are not able to drive the buggies.<\/li>\n<li style=\"font-weight: 400;\"><span style=\"font-weight: 400;\">bezbari\u00e9rov\u00fd p\u0159\u00edstup <\/span><\/li>\n<li style=\"font-weight: 400;\"><span style=\"font-weight: 400;\">Kojenci mus\u00ed sed\u011bt na kl\u00edn\u011b <\/span><\/li>\n<li style=\"font-weight: 400;\"><span style=\"font-weight: 400;\">V\u011bt\u0161ina cestuj\u00edc\u00edch se m\u016f\u017ee z\u00fa\u010dastnit<\/span><\/li>\n<li><strong>Pregnant women<\/strong>\u00a0may not take part in this activity.<\/li>\n<\/ol>\n<h4><b><i>Storno podm\u00ednky<\/i><\/b><\/h4>\n<p><span style=\"font-weight: 400;\">Chcete-li z\u00edskat plnou n\u00e1hradu, p\u0159e\u010dt\u011bte si pros\u00edm na\u0161e Z\u00e1sady pro zru\u0161en\u00ed rezervace\u00a0<a href=\"https:\/\/www.ticketswhales.com\/online-booking\/\" target=\"_blank\" rel=\"noopener\" data-saferedirecturl=\"https:\/\/www.google.com\/url?q=https:\/\/www.ticketswhales.com\/online-booking\/&amp;source=gmail&amp;ust=1672449202351000&amp;usg=AOvVaw1yAeVAPktmaVCqDujgUn90\">Klikn\u011bte zde<\/a>. Pokud je rezervace zru\u0161ena v den cesty, finan\u010dn\u00ed prost\u0159edky propadaj\u00ed.<\/span><\/p>\n\n\t\t<\/div>\n\t<\/div>\n<\/div><\/div><\/div><\/div><div class=\"vc_row wpb_row vc_row-fluid\" ><div class=\"wpb_column vc_column_container vc_col-sm-12\"><div class=\"vc_column-inner\"><div class=\"wpb_wrapper\">\n\t<div class=\"wpb_text_column wpb_content_element\" >\n\t\t<div class=\"wpb_wrapper\">\n\t\t\t<h4>Kontaktujte n\u00e1s?<\/h4>\n<h5><em><strong>Rezervace dobrodru\u017estv\u00ed<\/strong><\/em><\/h5>\n<p><em><strong>M\u00edstn\u00ed obyvatel\u00e9<\/strong> a <strong>N\u00e1rodn\u00ed str\u00e1nky<\/strong> Pr\u016fvodci a slu\u017eby pro hosty<\/em><\/p>\n<p><span class=\"text-turquoise\">Rezervace:<\/span> V\u00fdlety a exkurze v Dom. Rep.<\/p>\n\n\t\t<\/div>\n\t<\/div>\n<\/div><\/div><\/div><\/div><div class=\"vc_row wpb_row vc_row-fluid\" ><div class=\"wpb_column vc_column_container vc_col-sm-12\"><div class=\"vc_column-inner\"><div class=\"wpb_wrapper\"><div class=\"vc_empty_space\"   style=\"height: 32px\"><span class=\"vc_empty_space_inner\"><\/span><\/div>\n\t<div class=\"wpb_text_column wpb_content_element\" >\n\t\t<div class=\"wpb_wrapper\">\n\t\t\t<h4>Kontaktujte n\u00e1s?<\/h4>\n<h5>Rezervace dobrodru\u017estv\u00ed<\/h5>\n<p><em><strong>M\u00edstn\u00ed obyvatel\u00e9<\/strong>\u00a0a\u00a0<strong>N\u00e1rodn\u00ed str\u00e1nky<\/strong>\u00a0Pr\u016fvodci a slu\u017eby pro hosty<\/em><\/p>\n<p><span class=\"text-turquoise\">Rezervace:<\/span>\u00a0V\u00fdlety a exkurze v Dom. Rep.<\/p>\n<p><img decoding=\"async\" class=\"emoji\" draggable=\"false\" src=\"https:\/\/s.w.org\/images\/core\/emoji\/11.2.0\/svg\/1f4de.svg\" alt=\"\ud83d\udcde\" title=\"\">\u00a0Tel \/ Whatsapp\u00a0\u00a0<a href=\"tel:+1-809-720-6035\">+1-809-720-6035<\/a>.<\/p>\n<p><img decoding=\"async\" class=\"emoji\" draggable=\"false\" src=\"https:\/\/s.w.org\/images\/core\/emoji\/11.2.0\/svg\/1f4e9.svg\" alt=\"\ud83d\udce9\" title=\"\">\u00a0<a href=\"mailto:info@bookingadventures.com.do\">info@bookingadventures.com.do<\/a><\/p>\n<p><strong>Jsme flexibiln\u00ed nastaven\u00ed soukrom\u00e9 prohl\u00eddky p\u0159es Whatsapp:\u00a0<a href=\"tel:+18097206035\">+18097206035.<\/a><\/strong><\/p>\n\n\t\t<\/div>\n\t<\/div>\n<div class=\"vc_empty_space\"   style=\"height: 32px\"><span class=\"vc_empty_space_inner\"><\/span><\/div><\/div><\/div><\/div><\/div>","protected":false},"excerpt":{"rendered":"<p>Having picked you up from your hotel we&#8217;ll make our way to the Punta Cana interior. Surrounded by\u00a0<strong>coffee and cocoa plantations<\/strong>, your\u00a0<strong>local guides<\/strong>\u00a0will explain the tour and everything you need to know to drive your buggy.<\/p>\n<p>Then we&#8217;ll turn the key in the ignition, and begin the excitement, zipping over\u00a0<strong>hills,\u00a0through coffee plantations and\u00a0along dirt trails\u00a0and riverbeds<\/strong>.<\/p>\n<p>&nbsp;<\/p>\n<p><em><strong>Zvolte pros\u00edm datum turn\u00e9\u00a0<\/strong><\/em><\/p>","protected":false},"featured_media":11037,"template":"","meta":[],"product_brand":[],"product_cat":[576,449,569,599,305,122,259],"product_tag":[450,451,141,452,362,228],"class_list":{"0":"post-11680","1":"product","2":"type-product","3":"status-publish","4":"has-post-thumbnail","6":"product_cat-1-punta-cana","7":"product_cat-punta-cana-buggy-tour","8":"product_cat-punta-cana-group-tours","9":"product_cat-punta-cana-buggies","10":"product_cat-tours-and-excursion-punta-cana","11":"product_cat-tours-and-excursions","12":"product_cat-tours-excursions-punta-cana-dominican-republic","13":"product_tag-buggies","14":"product_tag-buggies-punta-cana","15":"product_tag-punta-cana","16":"product_tag-punta-cana-buggy-tour-pick-up-from-punta-cana-hotels","17":"product_tag-punta-cana-catamaran-party-with-snorkeling-and-parasailing","18":"product_tag-punta-cana-tours","20":"first","21":"instock","22":"sale","23":"sold-individually","24":"shipping-taxable","25":"product-type-external"},"_links":{"self":[{"href":"https:\/\/haitises.com\/cs\/wp-json\/wp\/v2\/product\/11680","targetHints":{"allow":["GET"]}}],"collection":[{"href":"https:\/\/haitises.com\/cs\/wp-json\/wp\/v2\/product"}],"about":[{"href":"https:\/\/haitises.com\/cs\/wp-json\/wp\/v2\/types\/product"}],"wp:featuredmedia":[{"embeddable":true,"href":"https:\/\/haitises.com\/cs\/wp-json\/wp\/v2\/media\/11037"}],"wp:attachment":[{"href":"https:\/\/haitises.com\/cs\/wp-json\/wp\/v2\/media?parent=11680"}],"wp:term":[{"taxonomy":"product_brand","embeddable":true,"href":"https:\/\/haitises.com\/cs\/wp-json\/wp\/v2\/product_brand?post=11680"},{"taxonomy":"product_cat","embeddable":true,"href":"https:\/\/haitises.com\/cs\/wp-json\/wp\/v2\/product_cat?post=11680"},{"taxonomy":"product_tag","embeddable":true,"href":"https:\/\/haitises.com\/cs\/wp-json\/wp\/v2\/product_tag?post=11680"}],"curies":[{"name":"wp","href":"https:\/\/api.w.org\/{rel}","templated":true}]}}