{"id":11676,"date":"2023-10-04T07:40:10","date_gmt":"2023-10-04T07:40:10","guid":{"rendered":"http:\/\/haitises.com\/?post_type=product&#038;p=11676"},"modified":"2024-03-28T20:20:58","modified_gmt":"2024-03-28T20:20:58","slug":"birdwatching-punta-cana-birding-tours-from-punta-cana-to-los-haitises-national-park-3","status":"publish","type":"product","link":"https:\/\/haitises.com\/cs\/soukrome\/birdwatching-punta-cana-birding-tours-from-punta-cana-to-los-haitises-national-park-3\/","title":{"rendered":"Pozorov\u00e1n\u00ed pt\u00e1k\u016f Punta Cana - V\u00fdlety za pt\u00e1ky z Punta Cany do n\u00e1rodn\u00edho parku Los Haitises"},"content":{"rendered":"<div class=\"vc_row wpb_row vc_row-fluid\" ><div class=\"wpb_column vc_column_container vc_col-sm-12\"><div class=\"vc_column-inner\"><div class=\"wpb_wrapper\">[mkdf_section_title title_tag=\u00bb\u00bb disable_break_words=\u00bbno\u00bb subtitle_tag=\u00bb\u00bb title=\u00bbBirding Tours from Punta Cana to Los Haitises National Park\u00bb subtitle=\u00bbBirdwatching in Los Haitises National Park\u00bb]<\/div><\/div><\/div><\/div><div class=\"vc_row wpb_row vc_row-fluid\" ><\/div><div class=\"wpb_column vc_column_container vc_col-sm-12\"><div class=\"vc_column-inner\"><div class=\"wpb_wrapper\"><\/div><\/div><\/div>\n\t<div class=\"wpb_text_column wpb_content_element\" >\n\t\t<div class=\"wpb_wrapper\">\n\t\t\t<p>Jsem textov\u00fd blok. Kliknut\u00edm na tla\u010d\u00edtko upravit tento text zm\u011bn\u00edte. Lorem ipsum dolor sit amet, consectetur adipiscing elit. Ut elit tellus, luctus nec ullamcorper mattis, pulvinar dapibus leo.<\/p>\n\n\t\t<\/div>\n\t<\/div>\n<div class=\"vc_row wpb_row vc_row-fluid\" ><\/div><div class=\"wpb_column vc_column_container vc_col-sm-12\"><div class=\"vc_column-inner\"><div class=\"wpb_wrapper\"><\/div><\/div><\/div>\n\t<div class=\"wpb_text_column wpb_content_element\" >\n\t\t<div class=\"wpb_wrapper\">\n\t\t\t<p>Jsem textov\u00fd blok. Kliknut\u00edm na tla\u010d\u00edtko upravit tento text zm\u011bn\u00edte. Lorem ipsum dolor sit amet, consectetur adipiscing elit. Ut elit tellus, luctus nec ullamcorper mattis, pulvinar dapibus leo.<\/p>\n\n\t\t<\/div>\n\t<\/div>\n<div class=\"vc_row wpb_row vc_row-fluid\" ><div class=\"wpb_column vc_column_container vc_col-sm-12\"><div class=\"vc_column-inner\"><div class=\"wpb_wrapper\"><\/div><\/div><\/div><\/div>","protected":false},"excerpt":{"rendered":"<p><span style=\"vertical-align: inherit;\"><span style=\"vertical-align: inherit;\">Pozorov\u00e1n\u00ed pt\u00e1k\u016f Cel\u00e9 dopoledne na stezk\u00e1ch v de\u0161tn\u00e9m pralese n\u00e1rodn\u00edho parku Los Haitises. <\/span><span style=\"vertical-align: inherit;\">V tomto parku \u017eije cel\u00e1 \u0159ada druh\u016f pt\u00e1k\u016f a zv\u00ed\u0159at a je obl\u00edben\u00fdm m\u00edstem pozorovatel\u016f pt\u00e1k\u016f. <\/span><span style=\"vertical-align: inherit;\">Po\u010det pozorovan\u00fdch zv\u00ed\u0159at je sice vy\u0161\u0161\u00ed ne\u017e jinde, ale d\u00edky tomu, \u017ee se Cano Hondo nach\u00e1z\u00ed v m\u00edrn\u011b vlh\u010d\u00ed oblasti zem\u011b, je de\u0161tn\u00fd prales otev\u0159en\u011bj\u0161\u00ed a je zde m\u00e9n\u011b kakaov\u00fdch a k\u00e1vov\u00fdch plant\u00e1\u017e\u00ed, co\u017e usnad\u0148uje pozorov\u00e1n\u00ed divok\u00e9 zv\u011b\u0159e. <\/span><span style=\"vertical-align: inherit;\">Jedn\u00e1 se o soukromou cestu. <\/span><span style=\"vertical-align: inherit;\">M\u016f\u017eete si zvolit \u010das, kdy za\u010dnete pozorovat pt\u00e1ky a kdy se vr\u00e1t\u00edte do Punta Cany.<\/span><\/span><\/p>\n<p><em><strong><span style=\"vertical-align: inherit;\"><span style=\"vertical-align: inherit;\">Vyberte datum aktivity.<\/span><\/span><\/strong><\/em><\/p>","protected":false},"featured_media":519,"template":"","meta":[],"product_brand":[],"product_cat":[576,565,577,119,120,96,578,98,121,426,598,586,122,123,124],"product_tag":[176,177,178,179,448,180,181,182,184,185,186,132,187,133,189,191,192,114,193],"class_list":{"0":"post-11676","1":"product","2":"type-product","3":"status-publish","4":"has-post-thumbnail","6":"product_cat-1-punta-cana","7":"product_cat-1-sabana-de-la-mar","8":"product_cat-birdwatching-los-haitises","9":"product_cat-caves","10":"product_cat-fees-entrace","11":"product_cat-hiking","12":"product_cat-hiking-los-haitises","13":"product_cat-local-tour-guides","14":"product_cat-mangroves","15":"product_cat-private-tours-excursions","16":"product_cat-punta-cana-private-tours","17":"product_cat-punta-cana-los-haitises","18":"product_cat-tours-and-excursions","19":"product_cat-tours-excursions-los-haitises-national-park","20":"product_cat-tours-excursions-samana-bay-dominican-republic","21":"product_tag-biding-sabana-de-la-mar","22":"product_tag-birding","23":"product_tag-birding-dominican-republic","24":"product_tag-birding-in-los-haitises","25":"product_tag-birding-tour-from-punta-cana","26":"product_tag-birdwatching","27":"product_tag-birdwatching-dominicana","28":"product_tag-birdwtaching","29":"product_tag-carretera-cano-hondo","30":"product_tag-eco-lodge-paraiso-cano-hondo","31":"product_tag-hire-a-guide-in-los-haitises","32":"product_tag-los-haitises","33":"product_tag-los-haitises-birding","34":"product_tag-los-haitises-national-park","35":"product_tag-los-haitises-national-park-cano-hondo","36":"product_tag-nature","37":"product_tag-ridgways-hawk","38":"product_tag-sabana-de-la-mar","39":"product_tag-wildlife","41":"first","42":"instock","43":"sale","44":"sold-individually","45":"shipping-taxable","46":"product-type-external"},"_links":{"self":[{"href":"https:\/\/haitises.com\/cs\/wp-json\/wp\/v2\/product\/11676","targetHints":{"allow":["GET"]}}],"collection":[{"href":"https:\/\/haitises.com\/cs\/wp-json\/wp\/v2\/product"}],"about":[{"href":"https:\/\/haitises.com\/cs\/wp-json\/wp\/v2\/types\/product"}],"wp:featuredmedia":[{"embeddable":true,"href":"https:\/\/haitises.com\/cs\/wp-json\/wp\/v2\/media\/519"}],"wp:attachment":[{"href":"https:\/\/haitises.com\/cs\/wp-json\/wp\/v2\/media?parent=11676"}],"wp:term":[{"taxonomy":"product_brand","embeddable":true,"href":"https:\/\/haitises.com\/cs\/wp-json\/wp\/v2\/product_brand?post=11676"},{"taxonomy":"product_cat","embeddable":true,"href":"https:\/\/haitises.com\/cs\/wp-json\/wp\/v2\/product_cat?post=11676"},{"taxonomy":"product_tag","embeddable":true,"href":"https:\/\/haitises.com\/cs\/wp-json\/wp\/v2\/product_tag?post=11676"}],"curies":[{"name":"wp","href":"https:\/\/api.w.org\/{rel}","templated":true}]}}