{"id":11674,"date":"2023-10-04T07:40:09","date_gmt":"2023-10-04T07:40:09","guid":{"rendered":"http:\/\/haitises.com\/?post_type=product&#038;p=11674"},"modified":"2024-03-30T12:46:56","modified_gmt":"2024-03-30T12:46:56","slug":"punta-cana-samana-whale-watching-cayo-levantado-bacardi-island-limon-waterfalls","status":"publish","type":"product","link":"https:\/\/haitises.com\/cs\/soukrome\/punta-cana-samana-whale-watching-cayo-levantado-bacardi-island-limon-waterfalls\/","title":{"rendered":"Punta Cana: Saman\u00e1 - pozorov\u00e1n\u00ed velryb + Cayo Levantado (ostrov Bacardi) + Lim\u00f3nsk\u00e9 vodop\u00e1dy"},"content":{"rendered":"<div class=\"wpb_column vc_column_container vc_col-sm-12\"><div class=\"vc_column-inner\"><div class=\"wpb_wrapper\"><div class=\"vc_btn3-container vc_btn3-inline\" ><button class=\"vc_general vc_btn3 vc_btn3-size-md vc_btn3-shape-rounded vc_btn3-style-modern vc_btn3-color-green\">REZERVOVAT<\/button><\/div>\n\t<div class=\"wpb_text_column wpb_content_element\" >\n\t\t<div class=\"wpb_wrapper\">\n\t\t\t<div class=\"vc_row wpb_row vc_row-fluid\">\n<div class=\"wpb_column vc_column_container vc_col-sm-12\">\n<div class=\"vc_column-inner\">\n<div class=\"wpb_wrapper\">\n<div class=\"mkdf-section-title-holder\">\n<div class=\"mkdf-st-inner\">\n<h5 class=\"mkdf-st-subtitle\">Cayo Levantado (Bacardi Island) + Limon Waterfalls from Punta Cana Hotels.<\/h5>\n<h3 class=\"mkdf-st-title\">Whale Watching 2023 in Punta Cana to Samana Bay<\/h3>\n<\/div>\n<\/div>\n<\/div>\n<\/div>\n<\/div>\n<\/div>\n<div class=\"vc_row wpb_row vc_row-fluid\"><\/div>\n<div class=\"wpb_column vc_column_container vc_col-sm-12\">\n<div class=\"vc_column-inner\">\n<div class=\"wpb_wrapper\"><\/div>\n<\/div>\n<\/div>\n<div class=\"wpb_text_column wpb_content_element\">\n<div class=\"wpb_wrapper\"><\/div>\n<\/div>\n<div class=\"vc_row wpb_row vc_row-fluid\">\n<div class=\"wpb_column vc_column_container vc_col-sm-12\">\n<div class=\"vc_column-inner\">\n<div class=\"wpb_wrapper\">\n<div class=\"wpb_text_column wpb_content_element\">\n<div class=\"wpb_wrapper\">\n<div class=\"vc_row wpb_row vc_row-fluid\">\n<div class=\"wpb_column vc_column_container vc_col-sm-12\">\n<div class=\"vc_column-inner\">\n<div class=\"wpb_wrapper\">\n<div class=\"wpb_text_column wpb_content_element\">\n<div class=\"wpb_wrapper\">\n<h4><b><i>Overview\ud83d\udc33<\/i><\/b><\/h4>\n<p>Whale Punta Cana, whale watching in Saman\u00e1 Bay and visit Cayo Levantado plus Safari to El limon Waterfalls during this full-day excursion from Punta Cana hotels. Travel to Saman\u00e1 bay aboard a comfortable, air-conditioned coach, then transfer to a boat Catamaran\u00a0 at Miches. Cruise out into the open waters to look for the pods of humpback whales who visit to breed and have their calves in the area. Learn about the behavior and biology of these marine mammals from your expert naturalist guide. Continue to Cayo Levantado \/ Bacardi Island, for lunch on the beach and a dip in the azure waters after this Safari trip to el Limon Waterfalls with Horses riding by the coconut forest before returning to Punta Cana.<\/p>\n<p>&nbsp;<\/p>\n<p><strong>Pozn\u00e1mka:<\/strong>\u00a0This tour is not Private. This tour has included the stop at\u00a0<strong>Vodop\u00e1d Limon<\/strong>. To book the same trip and not going to the waterfalls please\u00a0<a href=\"https:\/\/www.ticketswhales.com\/Tours-Excursions\/tours-excursions-samana-bay-dominican-republic\/whale-watching-2020-in-punta-cana-to-samana-bay-cayo-levantado-bacardi-island-from-hotels\/\" data-mil=\"9912\" target=\"_blank\" rel=\"noopener\">KLIKN\u011aTE ZDE.<\/a><\/p>\n<ul>\n<li>V\u00fdlet za pozorov\u00e1n\u00edm velryb<\/li>\n<li>Bacardi Island \/ Cayo Levantado<\/li>\n<li>Vstupn\u00e9 do hv\u011bzd\u00e1rny<\/li>\n<li>Samana Safari<\/li>\n<li>El Limon Waterfalls Horses Riding<\/li>\n<li>Zahrnuje ob\u011bd formou bufetu na pl\u00e1\u017ei<\/li>\n<li>P\u0159eprava lod\u00ed<\/li>\n<li>Kapit\u00e1n poskytuje instrukce a dohled<\/li>\n<li>Pr\u016fvodce<\/li>\n<\/ul>\n<p>&nbsp;<\/p>\n<h4><b>Zahrnut\u00ed a vylou\u010den\u00ed<\/b><\/h4>\n<p>&nbsp;<\/p>\n<p><b>Inkluze<\/b><\/p>\n<p>&nbsp;<\/p>\n<ol>\n<li>Ob\u011bd formou bufetu na pl\u00e1\u017ei<\/li>\n<li>Transfer z hotel\u016f<\/li>\n<li>Pr\u016fvodce<\/li>\n<li>Katamar\u00e1n nebo v\u00fdlet lod\u00ed<\/li>\n<li>V\u0161echny dan\u011b, poplatky a manipula\u010dn\u00ed poplatky<\/li>\n<li>M\u00edstn\u00ed dan\u011b<\/li>\n<li>N\u00e1poje<\/li>\n<\/ol>\n<p><b>V\u00fdjimky<\/b><\/p>\n<ol>\n<li>Spropitn\u00e9<\/li>\n<\/ol>\n<p>&nbsp;<\/p>\n<h4><em><strong>Odjezd a n\u00e1vrat<\/strong><\/em><\/h4>\n<p>U t\u00e9to prohl\u00eddky je nab\u00edzeno vyzvednut\u00ed v hotelu. Do pozn\u00e1mek napi\u0161te n\u00e1zev hotelu, kde si m\u016f\u017eete z\u00e1jezd vyzvednout. Vyzved\u00e1v\u00e1me ve v\u0161ech hotelech v Punta Can\u011b.<\/p>\n<p>&nbsp;<\/p>\n<h3>Pozorov\u00e1n\u00ed velryb v Saman\u011b + Cayo Levantado (ostrov Bacardi) + Limonsk\u00e9 vodop\u00e1dy z Punta Cana Hotels.<\/h3>\n<h4><b><i>Co o\u010dek\u00e1vat?<\/i><\/b><\/h4>\n<p>B\u011bhem 12hodinov\u00e9ho v\u00fdletu za keporkaky v z\u00e1toce S\u00e1mana se m\u016f\u017eete zbl\u00edzka sezn\u00e1mit s n\u011b\u017en\u00fdmi mo\u0159sk\u00fdmi obry Dominik\u00e1nsk\u00e9 republiky. Str\u00e1v\u00edte nezapomenuteln\u00fd den pozorov\u00e1n\u00edm tis\u00edc\u016f velryb, kter\u00e9 se ka\u017edoro\u010dn\u011b sl\u00e9taj\u00ed na ostrov, aby se zde p\u00e1\u0159ily, krmily a hr\u00e1ly si v tepl\u00fdch tropick\u00fdch vod\u00e1ch. P\u0159i pozorov\u00e1n\u00ed t\u011bchto n\u00e1dhern\u00fdch tvor\u016f si vychutn\u00e1te jedine\u010dn\u00e9 poznatky od sv\u00e9ho odborn\u00e9ho pr\u016fvodce pro pozorov\u00e1n\u00ed velryb. Den zakon\u010dete ob\u011bdem a pobytem na pl\u00e1\u017ei na kr\u00e1sn\u00e9m ostrov\u011b Cayo Levantado. V cen\u011b je zahrnuta tak\u00e9 zp\u00e1te\u010dn\u00ed doprava do hotelu.<\/p>\n<p>From 9:00 Am until 12:00-noon Whale watching observatory and After this Whale trip we will visit Bacardi Island \/ Cayo Levantado. In Bacardi Island, Lunch Buffet from typical Dominican Style will be provided (Rice, Beans, Fish, Salads\u2026). When lunch is finished you are allowed to swim and get ready to go to El limon waterfalls until 4:30 pm. Tour will be finished at 5:00 pm at the same port from where it will start onboad our Catamaran and them bus back to Punta Cana Hotels.<\/p>\n<p><strong>\u010casov\u00fd rozvrh:<\/strong><\/p>\n<p>6:00 - 7:00 Vyzvednut\u00ed z\u00e1kazn\u00edk\u016f z r\u016fzn\u00fdch hotel\u016f<br \/>\n07:00 Odjezd do Las Canitas v Sabana de la mar<br \/>\n08:15 P\u0159\u00edjezd do soukrom\u00e9ho p\u0159\u00edstavu<br \/>\n08:15 - 8:40 Sn\u00eddan\u011b (sendvi\u010de, muffiny, \u010daj, k\u00e1va, d\u017eusy)<br \/>\n8:45 Nalod\u011bn\u00ed na cestu do rezervace keporkak\u016f v Saman\u011b.<br \/>\n11:00 Hledejte velryby po dobu 45 minut - tento \u010dasov\u00fd pl\u00e1n je stanoven vl\u00e1dn\u00edmi pravidly.<br \/>\n11:45 Vydejte se na Cayo Levantado v z\u00e1livu Samana<br \/>\n12:30 P\u0159\u00edjezd na Cayo Levantado<br \/>\n13:00 Ob\u011bd (ob\u011bd formou bufetu, typick\u00fd dominik\u00e1nsk\u00fd)*.<br \/>\n13:45 - 15:30 Voln\u00fd \u010das na Cayo Levantado<br \/>\n15:00 - 15:45 Znovu na palubu sm\u011br Miches<br \/>\n17:00 P\u0159\u00edjezd do Miches a odjezd do hotel\u016f v Punta Can\u011b<br \/>\n19:30 - 20:00 P\u0159\u00edjezd do hotel\u016f v Punta Can\u011b<\/p>\n<p><strong>*Ob\u011bdov\u00e9 menu (typick\u00e9 dominik\u00e1nsk\u00e9)<br \/>\n<\/strong>R\u00fd\u017ee, grilovan\u00e9 ku\u0159e nebo grilovan\u00e1 ryba, sal\u00e1t, zelenina, \u010derstv\u00e9 ovoce.<\/p>\n<p><strong>*Z\u00e1kazn\u00edci, kte\u0159\u00ed se rozhodnou p\u0159idat zast\u00e1vku u vodop\u00e1du El Limon po pozorov\u00e1n\u00ed velryb, se p\u0159esunou k vodop\u00e1du a budou m\u00edt m\u00e9n\u011b \u010dasu na Cayo Levantado.<\/strong><\/p>\n<p>This tour has included the stop at\u00a0<strong>Vodop\u00e1d Limon<\/strong>. To book the same trip and not going to the waterfalls please\u00a0<a href=\"https:\/\/www.ticketswhales.com\/Tours-Excursions\/tours-excursions-samana-bay-dominican-republic\/whale-watching-2020-in-punta-cana-to-samana-bay-cayo-levantado-bacardi-island-from-hotels\/\" data-mil=\"9912\" target=\"_blank\" rel=\"noopener\">KLIKN\u011aTE ZDE.<\/a><\/p>\n<p>&nbsp;<\/p>\n<h4><em><strong>Co byste si m\u011bli vz\u00edt s sebou?<\/strong><\/em><\/h4>\n<ul>\n<li>Fotoapar\u00e1t<\/li>\n<li>Repelentn\u00ed pupeny<\/li>\n<li>opalovac\u00ed kr\u00e9m<\/li>\n<li>Klobouk<\/li>\n<li>Pohodln\u00e9 kalhoty<\/li>\n<li>Sand\u00e1ly na pl\u00e1\u017e<\/li>\n<li>Plaveck\u00fd od\u011bv<\/li>\n<li>Pen\u00edze za suven\u00fdry a tipy<\/li>\n<\/ul>\n<p>&nbsp;<\/p>\n<h4><b><i>Vyzvednut\u00ed Hotel<\/i><\/b><\/h4>\n<p>U t\u00e9to prohl\u00eddky je nab\u00edzeno vyzvednut\u00ed v hotelu. Do pozn\u00e1mek napi\u0161te n\u00e1zev hotelu, kde si m\u016f\u017eete z\u00e1jezd vyzvednout. Vyzved\u00e1v\u00e1me ve v\u0161ech hotelech v Punta Can\u011b.<\/p>\n<p>&nbsp;<\/p>\n<p><b>Pozn\u00e1mka:<\/b>\u00a0Pokud jste rezervov\u00e1ni do 24 hodin od \u010dasu odjezdu prohl\u00eddky\/exkurze, m\u016f\u017eeme zajistit vyzvednut\u00ed v hotelu. Jakmile bude v\u00e1\u0161 n\u00e1kup dokon\u010den, za\u0161leme v\u00e1m kompletn\u00ed kontaktn\u00ed informace (telefonn\u00ed \u010d\u00edslo, e-mailovou adresu atd.) pro na\u0161eho m\u00edstn\u00edho pr\u016fvodce, abychom mohli zajistit vyzvednut\u00ed.<\/p>\n<h4><b><i>Dal\u0161\u00ed informace Potvrzen\u00ed<\/i><\/b><\/h4>\n<ol>\n<li>Vstupenky jsou stvrzenkou po zaplacen\u00ed t\u00e9to prohl\u00eddky. Platbu m\u016f\u017eete uk\u00e1zat na sv\u00e9m telefonu.<\/li>\n<li>M\u00edsto setk\u00e1n\u00ed obdr\u017e\u00edte po dokon\u010den\u00ed rezervace.<\/li>\n<li>D\u011bti mus\u00ed b\u00fdt v doprovodu dosp\u011bl\u00e9 osoby.<\/li>\n<li>bezbari\u00e9rov\u00fd p\u0159\u00edstup<\/li>\n<li>Kojenci mus\u00ed sed\u011bt na kl\u00edn\u011b<\/li>\n<li>V\u011bt\u0161ina cestuj\u00edc\u00edch se m\u016f\u017ee z\u00fa\u010dastnit<\/li>\n<\/ol>\n<h4><b><i>Storno podm\u00ednky<\/i><\/b><\/h4>\n<p>For a full refund, cancel at least\u00a0 7 Days\u00a0 in advance of the start date of the experience.<a href=\"https:\/\/www.ticketswhales.com\/online-booking\/\" target=\"_blank\" rel=\"noopener\"> Klikn\u011bte zde<\/a> to see policies.<\/p>\n<\/div>\n<\/div>\n<\/div>\n<\/div>\n<\/div>\n<\/div>\n<\/div>\n<\/div>\n<\/div>\n<\/div>\n<\/div>\n<\/div>\n<div class=\"vc_row wpb_row vc_row-fluid\">\n<div class=\"wpb_column vc_column_container vc_col-sm-12\">\n<div class=\"vc_column-inner\">\n<div class=\"wpb_wrapper\">\n<div class=\"vc_empty_space\"><\/div>\n<div class=\"wpb_text_column wpb_content_element\">\n<div class=\"wpb_wrapper\">\n<h4>Kontaktujte n\u00e1s?<\/h4>\n<h5><b><i>PROHL\u00cdDKA VELRYB SAMANA<\/i><\/b><\/h5>\n<p><em><strong>M\u00edstn\u00ed obyvatel\u00e9<\/strong>\u00a0a\u00a0<strong>N\u00e1rodn\u00ed str\u00e1nky<\/strong>\u00a0Pr\u016fvodci a slu\u017eby pro hosty<\/em><\/p>\n<p><span class=\"text-turquoise\">Rezervace:<\/span>\u00a0\u00a0Tours y Excursiones en Dom.\u00a0Reps.<\/p>\n<p>\ud83d\udcde\u00a0Tel \/ Whatsapp\u00a0\u00a0\u00a0<a href=\"tel:+1-809-720-6035\">+ 1-809-720-6035<\/a>\u00a0.<\/p>\n<p>\ud83d\udce9\u00a0<a href=\"mailto:info@bookingadventures.com.do\">info@bookingadventures.com.do<\/a><\/p>\n<p><strong>Jsme soukrom\u00e9 prohl\u00eddky flexibiln\u00ed konfigurace pomoc\u00ed Whatsapp:\u00a0\u00a0<a href=\"tel:+18097206035\">+18097206035.<\/a><\/strong><\/p>\n<\/div>\n<\/div>\n<\/div>\n<\/div>\n<\/div>\n<\/div>\n\n\t\t<\/div>\n\t<\/div>\n<\/div><\/div><\/div><div class=\"vc_row wpb_row vc_row-fluid\" ><div class=\"wpb_column vc_column_container vc_col-sm-12\"><div class=\"vc_column-inner\"><div class=\"wpb_wrapper\"><div class=\"vc_btn3-container vc_btn3-inline\" ><button class=\"vc_general vc_btn3 vc_btn3-size-md vc_btn3-shape-rounded vc_btn3-style-modern vc_btn3-color-green\">REZERVOVAT<\/button><\/div><\/div><\/div><\/div><\/div>","protected":false},"excerpt":{"rendered":"<p>From the Punta Cana hotels, we&#8217;ll enjoy the beautiful landscapes of the Oriental Mountain Range as we drive north of Punta Cana before arriving in the small fishing village of Miches at the southern shores of Samana Bay. There you will enjoy a quick breakfast prior to boarding the boat to Samana. We&#8217;ll cruise deep into the bay to whale watch. We will first reach Cayo Levantado, also known as Bacardi Island because of its close resemblance to the beaches Bacardi Rum once used for its famous commercials. Cayo Levantado is nothing short of a tropical oasis &#8211; a small island in the middle of the ocean with turquoise waters and white sands. After This a Safari in Samana Comunity to the waterfalls. In the Waterfalls, el Limon gets ready for horse riding or Hiking. This is a Unique Complete adventure.<\/p>\n<p><span style=\"vertical-align: inherit;\"><span style=\"vertical-align: inherit;\">Este tour ha incluido la parada en la <\/span><\/span><strong><span style=\"vertical-align: inherit;\"><span style=\"vertical-align: inherit;\">Cascada de Lim\u00f3n<\/span><\/span><\/strong><span style=\"vertical-align: inherit;\"><span style=\"vertical-align: inherit;\"> . <\/span><span style=\"vertical-align: inherit;\">Para reservar el mismo viaje y no ir a las cascadas por favor <\/span><\/span><a href=\"https:\/\/www.ticketswhales.com\/Tours-Excursions\/tours-excursions-samana-bay-dominican-republic\/whale-watching-2020-in-punta-cana-to-samana-bay-cayo-levantado-bacardi-island-from-hotels\/\"><span style=\"vertical-align: inherit;\"><span style=\"vertical-align: inherit;\">HAGA CLIC AQU\u00cd.<\/span><\/span><\/a><\/p>\n<p>&nbsp;<\/p>\n<p><em><strong><span style=\"vertical-align: inherit;\"><span style=\"vertical-align: inherit;\">Vyberte datum exkurze:<\/span><\/span><\/strong><\/em><\/p>","protected":false},"featured_media":11182,"template":"","meta":[],"product_brand":[],"product_cat":[576,571,567,590,120,569,570,597,499],"product_tag":[390,137,162,364,260,283,345,420,201,141,391,228,147,392,357,271,421,393,234,280,394,236,395],"class_list":{"0":"post-11674","1":"product","2":"type-product","3":"status-publish","4":"has-post-thumbnail","6":"product_cat-1-punta-cana","7":"product_cat-1-samana","8":"product_cat-el-limon-horseback-riding","9":"product_cat-el-limon-punta-cana","10":"product_cat-fees-entrace","11":"product_cat-punta-cana-group-tours","12":"product_cat-punta-cana-samana-day-trips","13":"product_cat-punta-cana-whale-watching","14":"product_cat-whale-watching-punta-cana","15":"product_tag-390","16":"product_tag-bacardi-island","17":"product_tag-cayo-levantado-day-pass","18":"product_tag-cheap-punta-cana-excursions","19":"product_tag-day-trip-punta-cana","20":"product_tag-el-limon-waterfall-and-bacardi-island-tour-from-punta-cana","21":"product_tag-half-day-whale-watching-miches","22":"product_tag-limon-from-punta-cana","23":"product_tag-private-tours-samana","24":"product_tag-punta-cana","25":"product_tag-punta-cana-activities","26":"product_tag-punta-cana-tours","27":"product_tag-samana-bay","28":"product_tag-samana-day-trip","29":"product_tag-samana-day-trip-from-punta-cana","30":"product_tag-samana-whale-watching","31":"product_tag-waterfalls-punta-cana","32":"product_tag-whale-punta-cana","33":"product_tag-whale-samana","34":"product_tag-whale-watching-2020","35":"product_tag-whale-watching-2020-in-punta-cana-to-samana-bay-cayo-levantado-bacardi-island-from-hotels","36":"product_tag-whale-watching-dominican-republic","37":"product_tag-whale-watching-punta-cana","39":"first","40":"instock","41":"sale","42":"shipping-taxable","43":"product-type-external"},"_links":{"self":[{"href":"https:\/\/haitises.com\/cs\/wp-json\/wp\/v2\/product\/11674","targetHints":{"allow":["GET"]}}],"collection":[{"href":"https:\/\/haitises.com\/cs\/wp-json\/wp\/v2\/product"}],"about":[{"href":"https:\/\/haitises.com\/cs\/wp-json\/wp\/v2\/types\/product"}],"wp:featuredmedia":[{"embeddable":true,"href":"https:\/\/haitises.com\/cs\/wp-json\/wp\/v2\/media\/11182"}],"wp:attachment":[{"href":"https:\/\/haitises.com\/cs\/wp-json\/wp\/v2\/media?parent=11674"}],"wp:term":[{"taxonomy":"product_brand","embeddable":true,"href":"https:\/\/haitises.com\/cs\/wp-json\/wp\/v2\/product_brand?post=11674"},{"taxonomy":"product_cat","embeddable":true,"href":"https:\/\/haitises.com\/cs\/wp-json\/wp\/v2\/product_cat?post=11674"},{"taxonomy":"product_tag","embeddable":true,"href":"https:\/\/haitises.com\/cs\/wp-json\/wp\/v2\/product_tag?post=11674"}],"curies":[{"name":"wp","href":"https:\/\/api.w.org\/{rel}","templated":true}]}}