{"id":11669,"date":"2023-10-04T07:40:09","date_gmt":"2023-10-04T07:40:09","guid":{"rendered":"http:\/\/haitises.com\/?post_type=product&#038;p=11669"},"modified":"2024-03-29T21:01:22","modified_gmt":"2024-03-29T21:01:22","slug":"ermitano-beach-playa-ermitano-boat-tour-and-playa-onda-half-day-trip-samana-dominican-republic-4","status":"publish","type":"product","link":"https:\/\/haitises.com\/cs\/soukrome\/ermitano-beach-playa-ermitano-boat-tour-and-playa-onda-half-day-trip-samana-dominican-republic-4\/","title":{"rendered":"(Pl\u00e1\u017e Ermitano) Playa Ermita\u00f1o V\u00fdlet lod\u00ed a Playa Onda, P\u016fldenn\u00ed v\u00fdlet, Saman\u00e1 - Dominik\u00e1nsk\u00e1 republika."},"content":{"rendered":"<div class=\"vc_row wpb_row vc_row-fluid\" ><div class=\"wpb_column vc_column_container vc_col-sm-12\"><div class=\"vc_column-inner\"><div class=\"wpb_wrapper\"><div class=\"vc_btn3-container vc_btn3-inline\" ><button class=\"vc_general vc_btn3 vc_btn3-size-md vc_btn3-shape-rounded vc_btn3-style-modern vc_btn3-color-green\">REZERVOVAT<\/button><\/div>[mkdf_section_title title_tag=\u00bb\u00bb disable_break_words=\u00bbno\u00bb subtitle_tag=\u00bb\u00bb title=\u00bbPlaya Rinc\u00f3n, Playa Fronton + Playa Madame Beach, Saman\u00e1 &#8211; Dominican Republic.\u00bb subtitle=\u00bbLunch, Boat Ride and Private Transportation From Hotels.\u00bb]\n\t<div class=\"wpb_text_column wpb_content_element\" >\n\t\t<div class=\"wpb_wrapper\">\n\t\t\t<h2 class=\"styles__heading___mD4_3\" data-radium=\"true\">(Pl\u00e1\u017e Ermitano) V\u00fdlet lod\u00ed Playa Ermita\u00f1o a soukrom\u00fd v\u00fdlet Playa Onda.<\/h2>\n<h4><b><i>P\u0159ehled <\/i><\/b><\/h4>\n<p>Cesta za\u010d\u00edn\u00e1 vyzvednut\u00edm ve va\u0161em hotelu nebo na leti\u0161ti v oblasti Samana nebo Las Galeras. Za\u010dn\u011bte sv\u016fj z\u00e1\u017eitek na Playa El Valle, kr\u00e1sn\u00e9 a jedine\u010dn\u00e9 pl\u00e1\u017ei nedaleko Saman\u00e1. U\u017eijte si 25 minut plavby lod\u00ed na Playa Ermita\u00f1o, co\u017e je dosud neprozkouman\u00e1 a izolovan\u00e1 pl\u00e1\u017e s tyrkysov\u011b modrou vodou. Vychutnejte si \u010derstvou kokosovou vodu. Objevte skute\u010dnou a nedot\u010denou kr\u00e1su Dominik\u00e1nsk\u00e9 republiky a pono\u0159te se do p\u0159\u00edrody p\u0159i prozkoum\u00e1v\u00e1n\u00ed nedalek\u00e9 tajn\u00e9 jeskyn\u011b. Z\u016fsta\u0148te na Playa Ermita\u00f1o, jak dlouho chcete, a nav\u0161tivte Playa Onda, dal\u0161\u00ed kr\u00e1snou divokou pl\u00e1\u017e, vzd\u00e1lenou jen 15 minut j\u00edzdy lod\u00ed. Vra\u0165te se do Playa El Valle a pot\u00e9 pokra\u010dujte do Saman\u00e1, uvid\u00edte m\u00edstn\u00ed domy a dozv\u00edte se o skute\u010dn\u00e9m \u017eivot\u011b Dominik\u00e1nc\u016f.<\/p>\n<p>&nbsp;<\/p>\n<ul>\n<li>M\u00edstn\u00ed pr\u016fvodce se zku\u0161enostmi s bezpe\u010dnost\u00ed v t\u00e9to oblasti.<\/li>\n<li>Soukrom\u00e1 doprava<\/li>\n<li>V\u010detn\u011b poplatk\u016f<\/li>\n<li>Ob\u011bd na pl\u00e1\u017ei<\/li>\n<li>M\u00edstn\u00ed pr\u016fvodce ve \u0161pan\u011bl\u0161tin\u011b, angli\u010dtin\u011b nebo francouz\u0161tin\u011b.<\/li>\n<li>Turistika<\/li>\n<\/ul>\n<h4><b>Zahrnut\u00ed a vylou\u010den\u00ed<\/b><\/h4>\n<p>&nbsp;<\/p>\n<p><b>Inkluze<\/b><\/p>\n<ol>\n<li><span style=\"font-weight: 400;\">M\u00edstn\u00ed pr\u016fvodce se zku\u0161enostmi s bezpe\u010dnost\u00ed v t\u00e9to oblasti.<\/span><\/li>\n<li>Soukrom\u00e1 doprava pro mal\u00e9 skupiny<\/li>\n<li style=\"font-weight: 400;\">Pl\u00e1\u017e El Rincon<\/li>\n<li>Ran\u010d Dominik\u00e1nsk\u00e9ho domu<\/li>\n<li>\u0158eka Cano Frio<\/li>\n<li style=\"font-weight: 400;\"><span style=\"font-weight: 400;\">V\u0161echny dan\u011b, poplatky a manipula\u010dn\u00ed poplatky<\/span><\/li>\n<li style=\"font-weight: 400;\"><span style=\"font-weight: 400;\">M\u00edstn\u00ed dan\u011b<\/span><\/li>\n<li>Ob\u011bd na pl\u00e1\u017ei<\/li>\n<li>Turistika<\/li>\n<li style=\"font-weight: 400;\"><span style=\"font-weight: 400;\">V\u0161echny aktivity<\/span><\/li>\n<\/ol>\n<p><b> V\u00fdjimky<\/b><\/p>\n<ol>\n<li style=\"font-weight: 400;\"><span style=\"font-weight: 400;\">Spropitn\u00e9<\/span><\/li>\n<li>V\u0161echny n\u00e1poje<\/li>\n<\/ol>\n<h4><em><strong>Odjezd a n\u00e1vrat<\/strong><\/em><\/h4>\n<p><span style=\"font-weight: 400;\">Cestovatel z\u00edsk\u00e1 m\u00edsto setk\u00e1n\u00ed po procesu rezervace. Prohl\u00eddky za\u010d\u00ednaj\u00ed a kon\u010d\u00ed v m\u00edstech setk\u00e1n\u00ed.<\/span><\/p>\n<h2 class=\"styles__heading___mD4_3\" data-radium=\"true\">(Pl\u00e1\u017e Ermitano) V\u00fdlet lod\u00ed Playa Ermita\u00f1o a soukrom\u00fd v\u00fdlet Playa Onda.<\/h2>\n<h4><em>Co o\u010dek\u00e1vat?<\/em><\/h4>\n<p>Pot\u00e9, co opust\u00edte hotelovou oblast Samana a projedete dominik\u00e1nsk\u00fdmi ulicemi, uvid\u00edte a dozv\u00edte se o m\u00edstn\u00edm \u017eivotn\u00edm stylu. Tato pl\u00e1\u017e se nach\u00e1z\u00ed mezi Playa Honda a Playa El Valle na poloostrov\u011b Samana. M\u00e1 d\u00e9lku 400 metr\u016f a je obklopena \u00fatesy. Jedin\u00fdm zp\u016fsobem, jak se k t\u00e9to pl\u00e1\u017ei dostat, je p\u011b\u0161\u00ed turistika, po hust\u00e9 stezce podobn\u00e9 d\u017eungli nebo s lod\u00ed.<\/p>\n<p><span style=\"vertical-align: inherit;\"><span style=\"vertical-align: inherit;\">P\u0159\u00edb\u011bh jeho jm\u00e9na je tak fascinuj\u00edc\u00ed a zaj\u00edmav\u00fd... Juan El Ermita\u00f1o byl z\u0159ejm\u011b francouzsk\u00fd pir\u00e1t, kter\u00fd se jednoho dne kaj\u00edcn\u011b vylodil na t\u00e9to pl\u00e1\u017ei v Saman\u00e1. <\/span><span style=\"vertical-align: inherit;\">Vypr\u00e1v\u00ed se, \u017ee v 80. letech 19. stolet\u00ed byl s\u00e1m a izolovan\u00fd od sv\u011bta. Podle legendy ho po 22 letech vyhnanstv\u00ed p\u0159ekvapiv\u011b objevili jeho b\u00fdval\u00ed korz\u00e1\u0159i, kte\u0159\u00ed ho pova\u017eovali za mrtv\u00e9ho. <\/span><span style=\"vertical-align: inherit;\">\u0160pan\u011bl\u00e9, ohromeni jeho p\u0159\u00edsnost\u00ed a vytrvalost\u00ed, mu v\u0161ak ud\u011blili milost a pova\u017eovali ho t\u00e9m\u011b\u0159 za svat\u00e9ho. <\/span><span style=\"vertical-align: inherit;\">Jako ka\u017ed\u00fd pir\u00e1tsk\u00fd p\u0159\u00edb\u011bh si v\u0161ak Juan El Ermita\u00f1o uchov\u00e1val velk\u00e9 tajemstv\u00ed: na t\u00e9to pl\u00e1\u017ei m\u011bl ukrytou cennou ko\u0159ist ze sv\u00fdch pir\u00e1tsk\u00fdch \u010das\u016f.<\/span><\/span><\/p>\n<p>Kdy\u017e tam doraz\u00edte, uvid\u00edte p\u0159ed sebou pohlednicovou dokonalou krajinu. V tomto kouzeln\u00e9m m\u00edst\u011b s bujnou tropickou vegetac\u00ed a kr\u00e1sou jeho k\u0159i\u0161\u0165\u00e1lov\u011b \u010dist\u00e9 vody budete m\u00edt dojem, \u017ee jste sv\u011btov\u00ed jedine\u010dn\u00ed. Tato pl\u00e1\u017e p\u0159in\u00e1\u0161\u00ed \u00fa\u017easn\u00fd z\u00e1\u017eitek.<\/p>\n<p>Tureck\u00e1 a \u0161v\u00e9dsk\u00e1 verze seri\u00e1lu Survivor se nat\u00e1\u010dela na t\u00e9to pl\u00e1\u017ei<\/p>\n<p>This tour, organized by \u00abBooking Adventures\u00bb starts at the meeting point set with our Tour Guide. Come with Booking Adventures and have lunch at the beach and enjoy the one of the\u00a0most amazing beaches in Samana, Dominican Republic.<\/p>\n<h4><em><strong>Co byste si m\u011bli vz\u00edt s sebou?<\/strong><\/em><\/h4>\n<ul>\n<li style=\"font-weight: 400;\"><span style=\"font-weight: 400;\">Fotoapar\u00e1t<\/span><\/li>\n<li style=\"font-weight: 400;\"><span style=\"font-weight: 400;\">Repelentn\u00ed pupeny<\/span><\/li>\n<li style=\"font-weight: 400;\"><span style=\"font-weight: 400;\">opalovac\u00ed kr\u00e9m<\/span><\/li>\n<li>Voda<\/li>\n<li style=\"font-weight: 400;\"><span style=\"font-weight: 400;\">Klobouk<\/span><\/li>\n<li style=\"font-weight: 400;\"><span style=\"font-weight: 400;\">Pohodln\u00e9 kalhoty<\/span><\/li>\n<li style=\"font-weight: 400;\"><span style=\"font-weight: 400;\">Turistick\u00e1 obuv do lesa<\/span><\/li>\n<li style=\"font-weight: 400;\"><span style=\"font-weight: 400;\">Sand\u00e1ly do jarn\u00edch oblast\u00ed.<\/span><\/li>\n<li style=\"font-weight: 400;\"><span style=\"font-weight: 400;\">Plaveck\u00fd od\u011bv<\/span><\/li>\n<\/ul>\n<p>&nbsp;<\/p>\n<h4><b><i>Vyzvednut\u00ed Hotel <\/i><\/b><\/h4>\n<p><span style=\"font-weight: 400;\">Pro tento z\u00e1jezd je nab\u00edzeno vyzvednut\u00ed v hotelu. <\/span><\/p>\n<p>&nbsp;<\/p>\n<p><b>Pozn\u00e1mka:<\/b><span style=\"font-weight: 400;\"> Pokud jste rezervov\u00e1ni do 24 hodin od \u010dasu odjezdu prohl\u00eddky\/exkurze, m\u016f\u017eeme zajistit vyzvednut\u00ed v hotelu. Pr\u00e1v\u011b se vyzved\u00e1v\u00e1me v oblasti Samana. Jakmile bude v\u00e1\u0161 n\u00e1kup dokon\u010den, za\u0161leme v\u00e1m kompletn\u00ed kontaktn\u00ed informace (telefonn\u00ed \u010d\u00edslo, e-mailovou adresu atd.) pro na\u0161eho m\u00edstn\u00edho pr\u016fvodce, abychom mohli zajistit vyzvednut\u00ed.<\/span><\/p>\n<h4><b><i>Dal\u0161\u00ed informace Potvrzen\u00ed <\/i><\/b><\/h4>\n<ol>\n<li>Vstupenky jsou stvrzenkou po zaplacen\u00ed t\u00e9to prohl\u00eddky. Platbu m\u016f\u017eete uk\u00e1zat na sv\u00e9m telefonu.<\/li>\n<li style=\"font-weight: 400;\"><span style=\"font-weight: 400;\">M\u00edsto setk\u00e1n\u00ed obdr\u017e\u00edte po dokon\u010den\u00ed rezervace.<\/span><\/li>\n<li style=\"font-weight: 400;\"><span style=\"font-weight: 400;\">D\u011bti mus\u00ed b\u00fdt v doprovodu dosp\u011bl\u00e9 osoby.<\/span><\/li>\n<li style=\"font-weight: 400;\"><span style=\"font-weight: 400;\"> Nen\u00ed bezbari\u00e9rov\u00fd <\/span><\/li>\n<li style=\"font-weight: 400;\"><span style=\"font-weight: 400;\">Kojenci mus\u00ed sed\u011bt na kl\u00edn\u011b <\/span><\/li>\n<li style=\"font-weight: 400;\"><span style=\"font-weight: 400;\">Nedoporu\u010duje se cestuj\u00edc\u00edm s probl\u00e9my se z\u00e1dy<\/span><\/li>\n<li style=\"font-weight: 400;\"><span style=\"font-weight: 400;\">Nedoporu\u010duje se t\u011bhotn\u00fdm cestovatelk\u00e1m <\/span><\/li>\n<li style=\"font-weight: 400;\"><span style=\"font-weight: 400;\"> \u017d\u00e1dn\u00e9 srde\u010dn\u00ed probl\u00e9my ani jin\u00e9 z\u00e1va\u017en\u00e9 zdravotn\u00ed pot\u00ed\u017ee <\/span><\/li>\n<li style=\"font-weight: 400;\"><span style=\"font-weight: 400;\">V\u011bt\u0161ina cestuj\u00edc\u00edch se m\u016f\u017ee z\u00fa\u010dastnit<\/span><\/li>\n<\/ol>\n<h4><b><i>Storno podm\u00ednky<\/i><\/b><\/h4>\n<p>Chcete-li z\u00edskat plnou n\u00e1hradu, p\u0159e\u010dt\u011bte si pros\u00edm na\u0161e Z\u00e1sady pro zru\u0161en\u00ed rezervace\u00a0<a href=\"https:\/\/www.ticketswhales.com\/online-booking\/\" target=\"_blank\" rel=\"noopener\" data-saferedirecturl=\"https:\/\/www.google.com\/url?q=https:\/\/www.ticketswhales.com\/online-booking\/&amp;source=gmail&amp;ust=1672532492004000&amp;usg=AOvVaw3ylqI1cdbIPTimEqEWneyd\">Klikn\u011bte zde<\/a>. Pokud je rezervace zru\u0161ena v den cesty, finan\u010dn\u00ed prost\u0159edky propadaj\u00ed.<\/p>\n\n\t\t<\/div>\n\t<\/div>\n<\/div><\/div><\/div><\/div><div class=\"vc_row wpb_row vc_row-fluid\" ><div class=\"wpb_column vc_column_container vc_col-sm-12\"><div class=\"vc_column-inner\"><div class=\"wpb_wrapper\">\n\t<div class=\"wpb_video_widget wpb_content_element vc_clearfix   vc_video-aspect-ratio-169 vc_video-el-width-100 vc_video-align-left\" >\n\t\t<div class=\"wpb_wrapper\">\n\t\t\t<h2 class=\"wpb_heading wpb_video_heading\">Sledovat video:<\/h2>\n\t\t\t<div class=\"wpb_video_wrapper\"><a href=\"https:\/\/vimeo.com\/263076708\" target=\"_blank\" rel=\"noopener\">https:\/\/vimeo.com\/263076708<\/a><\/div>\n\t\t<\/div>\n\t<\/div>\n<\/div><\/div><\/div><\/div><div class=\"vc_row wpb_row vc_row-fluid\" ><div class=\"wpb_column vc_column_container vc_col-sm-12\"><div class=\"vc_column-inner\"><div class=\"wpb_wrapper\"><div class=\"vc_empty_space\"   style=\"height: 32px\"><span class=\"vc_empty_space_inner\"><\/span><\/div>\n\t<div class=\"wpb_text_column wpb_content_element\" >\n\t\t<div class=\"wpb_wrapper\">\n\t\t\t<h4>Kontaktujte n\u00e1s?<\/h4>\n<h5>Rezervace dobrodru\u017estv\u00ed<\/h5>\n<p><em><strong>M\u00edstn\u00ed obyvatel\u00e9<\/strong>\u00a0a\u00a0<strong>N\u00e1rodn\u00ed str\u00e1nky<\/strong>\u00a0Pr\u016fvodci a slu\u017eby pro hosty<\/em><\/p>\n<p><span class=\"text-turquoise\">Rezervace:<\/span>\u00a0V\u00fdlety a exkurze v Dom. Rep.<\/p>\n<p><img decoding=\"async\" class=\"emoji\" draggable=\"false\" src=\"https:\/\/s.w.org\/images\/core\/emoji\/11.2.0\/svg\/1f4de.svg\" alt=\"\ud83d\udcde\" title=\"\">\u00a0Tel \/ Whatsapp\u00a0\u00a0<a href=\"tel:+1-809-720-6035\">+1-809-720-6035<\/a>.<\/p>\n<p><img decoding=\"async\" class=\"emoji\" draggable=\"false\" src=\"https:\/\/s.w.org\/images\/core\/emoji\/11.2.0\/svg\/1f4e9.svg\" alt=\"\ud83d\udce9\" title=\"\">\u00a0<a href=\"mailto:info@bookingadventures.com.do\">info@bookingadventures.com.do<\/a><\/p>\n<p><strong>Jsme flexibiln\u00ed nastaven\u00ed soukrom\u00e9 prohl\u00eddky p\u0159es Whatsapp:\u00a0<a href=\"tel:+18097206035\">+18097206035.<\/a><\/strong><\/p>\n\n\t\t<\/div>\n\t<\/div>\n<div class=\"vc_empty_space\"   style=\"height: 32px\"><span class=\"vc_empty_space_inner\"><\/span><\/div><\/div><\/div><\/div><\/div><div class=\"vc_row wpb_row vc_row-fluid\" ><div class=\"wpb_column vc_column_container vc_col-sm-12\"><div class=\"vc_column-inner\"><div class=\"wpb_wrapper\"><div class=\"vc_btn3-container vc_btn3-inline\" ><button class=\"vc_general vc_btn3 vc_btn3-size-md vc_btn3-shape-rounded vc_btn3-style-modern vc_btn3-color-green\">REZERVOVAT<\/button><\/div><\/div><\/div><\/div><\/div>","protected":false},"excerpt":{"rendered":"<p><span style=\"vertical-align: inherit;\"><span style=\"vertical-align: inherit;\">V\u00fdlet za\u010d\u00edn\u00e1 vyzvednut\u00edm v hotelu nebo na leti\u0161ti v oblasti Samana v Las Galeras. <\/span><span style=\"vertical-align: inherit;\">Sv\u00e9 z\u00e1\u017eitky za\u010dn\u011bte na Playa El Valle, kr\u00e1sn\u00e9 a jedine\u010dn\u00e9 pl\u00e1\u017ei nedaleko Saman\u00e1. <\/span><span style=\"vertical-align: inherit;\">Vydejte se na 25minutov\u00fd v\u00fdlet lod\u00ed na Playa Ermita\u00f1o, co\u017e je dosud neprob\u00e1dan\u00e1 a odlehl\u00e1 pl\u00e1\u017e s tyrkysov\u011b modrou vodou. <\/span><span style=\"vertical-align: inherit;\">Vychutnejte si \u010derstvou kokosovou vodu. <\/span><span style=\"vertical-align: inherit;\">Objevte skute\u010dnou, nedot\u010denou kr\u00e1su Dominik\u00e1nsk\u00e9 republiky a pono\u0159te se do p\u0159\u00edrody p\u0159i pr\u016fzkumu nedalek\u00e9 tajn\u00e9 jeskyn\u011b. <\/span><span style=\"vertical-align: inherit;\">Z\u016fsta\u0148te na Playa Ermita\u00f1o, jak dlouho chcete, a nav\u0161tivte Playa Onda, dal\u0161\u00ed kr\u00e1snou divokou pl\u00e1\u017e vzd\u00e1lenou pouh\u00fdch 15 minut plavby lod\u00ed. <\/span><span style=\"vertical-align: inherit;\">Vra\u0165te se do Playa El Valle a pokra\u010dujte do Saman\u00e1, prohl\u00e9dn\u011bte si m\u00edstn\u00ed domy a poznejte skute\u010dn\u00fd dominik\u00e1nsk\u00fd \u017eivot. <\/span><span style=\"vertical-align: inherit;\">Jedn\u00e1 se o p\u016fldenn\u00ed pozn\u00e1v\u00e1n\u00ed skute\u010dn\u00e9 Samany v Dominik\u00e1nsk\u00e9 republice.<\/span><\/span><\/p>\n<p>&nbsp;<\/p>\n<p><strong><span style=\"vertical-align: inherit;\"><span style=\"vertical-align: inherit;\">Vyberte datum turn\u00e9:\u00a0<\/span><\/span><\/strong><\/p>","protected":false},"featured_media":495,"template":"","meta":[],"product_brand":[],"product_cat":[571,356,98,135,124],"product_tag":[376,377,378,379,380,381,382,383,384,385,386,387,388,389,201,270,148,143],"class_list":{"0":"post-11669","1":"product","2":"type-product","3":"status-publish","4":"has-post-thumbnail","6":"product_cat-1-samana","7":"product_cat-day-trips","8":"product_cat-local-tour-guides","9":"product_cat-lunch","10":"product_cat-tours-excursions-samana-bay-dominican-republic","11":"product_tag-ermitano-beach-playa-ermitano-boat-tour-and-playa-onda-private-trip","12":"product_tag-ermitano-beach","13":"product_tag-ermitano-excursion","14":"product_tag-ermitano-samana","15":"product_tag-ermitano-tour","16":"product_tag-las-terrenas-excursions","17":"product_tag-las-terrenas-tours","18":"product_tag-onda-beach","19":"product_tag-playa-ermitano-and-playa-onda-private-boat-tour","20":"product_tag-playa-ermitano-tour","21":"product_tag-playa-honda-samana","22":"product_tag-playa-onda","23":"product_tag-playa-onda-location","24":"product_tag-playa-onda-samana-maps","25":"product_tag-private-tours-samana","26":"product_tag-samana-dominican-republic","27":"product_tag-samana-excursions","28":"product_tag-samana-tours","30":"first","31":"instock","32":"sale","33":"sold-individually","34":"shipping-taxable","35":"product-type-external"},"_links":{"self":[{"href":"https:\/\/haitises.com\/cs\/wp-json\/wp\/v2\/product\/11669","targetHints":{"allow":["GET"]}}],"collection":[{"href":"https:\/\/haitises.com\/cs\/wp-json\/wp\/v2\/product"}],"about":[{"href":"https:\/\/haitises.com\/cs\/wp-json\/wp\/v2\/types\/product"}],"wp:featuredmedia":[{"embeddable":true,"href":"https:\/\/haitises.com\/cs\/wp-json\/wp\/v2\/media\/495"}],"wp:attachment":[{"href":"https:\/\/haitises.com\/cs\/wp-json\/wp\/v2\/media?parent=11669"}],"wp:term":[{"taxonomy":"product_brand","embeddable":true,"href":"https:\/\/haitises.com\/cs\/wp-json\/wp\/v2\/product_brand?post=11669"},{"taxonomy":"product_cat","embeddable":true,"href":"https:\/\/haitises.com\/cs\/wp-json\/wp\/v2\/product_cat?post=11669"},{"taxonomy":"product_tag","embeddable":true,"href":"https:\/\/haitises.com\/cs\/wp-json\/wp\/v2\/product_tag?post=11669"}],"curies":[{"name":"wp","href":"https:\/\/api.w.org\/{rel}","templated":true}]}}