{"id":11663,"date":"2023-10-04T07:40:09","date_gmt":"2023-10-04T07:40:09","guid":{"rendered":"http:\/\/haitises.com\/?post_type=product&#038;p=11663"},"modified":"2024-03-29T17:05:37","modified_gmt":"2024-03-29T17:05:37","slug":"media-luna-miches-half-moon-natural-pool-half-day-pass-and-snorkeling-3","status":"publish","type":"product","link":"https:\/\/haitises.com\/cs\/soukrome\/media-luna-miches-half-moon-natural-pool-half-day-pass-and-snorkeling-3\/","title":{"rendered":"Media Luna Miches (P\u016flm\u011bs\u00edc) P\u0159\u00edrodn\u00ed baz\u00e9n Polodenn\u00ed vstupenka a \u0161norchlov\u00e1n\u00ed"},"content":{"rendered":"<div class=\"vc_row wpb_row vc_row-fluid\" ><div class=\"wpb_column vc_column_container vc_col-sm-12\"><div class=\"vc_column-inner\"><div class=\"wpb_wrapper\">[mkdf_section_title title_tag=\u00bb\u00bb disable_break_words=\u00bbno\u00bb subtitle_tag=\u00bb\u00bb title=\u00bbMedia Luna Miches (Half-Moon)\u00bb subtitle=\u00bbHalf &#8211; Day Pass and Snorkeling &amp; Swimming at the Natural Pool\u00bb]<\/div><\/div><\/div><\/div><div class=\"vc_row wpb_row vc_row-fluid\" ><div class=\"wpb_column vc_column_container vc_col-sm-12\"><div class=\"vc_column-inner\"><div class=\"wpb_wrapper\"><div class=\"vc_empty_space\"   style=\"height: 32px\"><span class=\"vc_empty_space_inner\"><\/span><\/div><\/div><\/div><\/div><\/div><div class=\"vc_row wpb_row vc_row-fluid\" ><div class=\"wpb_column vc_column_container vc_col-sm-12\"><div class=\"vc_column-inner\"><div class=\"wpb_wrapper\"><div class=\"vc_btn3-container vc_btn3-inline\" ><button class=\"vc_general vc_btn3 vc_btn3-size-md vc_btn3-shape-rounded vc_btn3-style-modern vc_btn3-color-green\">REZERVOVAT<\/button><\/div>\n\t<div class=\"wpb_text_column wpb_content_element\" >\n\t\t<div class=\"wpb_wrapper\">\n\t\t\t<h4><b><i>P\u0159ehled <\/i><\/b><\/h4>\n<p><span style=\"font-weight: 400;\">Pokud jste zde nebo se chyst\u00e1te do Dominik\u00e1nsk\u00e9 republiky, nem\u011bli byste si nechat uj\u00edt n\u00e1v\u0161t\u011bvu tohoto \u00fa\u017easn\u00e9ho m\u00edsta ''Half Moon'' (Media Luna) s ob\u011bdem v cen\u011b, co\u017e je vz\u00e1cn\u00fd p\u0159\u00edrodn\u00ed baz\u00e9n uvnit\u0159 oce\u00e1nu, kter\u00fd zdob\u00ed \u00fatesy, kor\u00e1ly a b\u00edl\u00fd p\u00edsek. <\/span><\/p>\n<p><span style=\"font-weight: 400;\">Je to m\u00edsto, kde si m\u016f\u017eeme u\u017e\u00edvat koup\u00e1n\u00ed, pozorov\u00e1n\u00ed a fotografov\u00e1n\u00ed pod vodou. Je povoleno fotografovat mo\u0159sk\u00e9 hv\u011bzdice v jejich p\u0159irozen\u00e9m prost\u0159ed\u00ed.<\/span><\/p>\n<p>&nbsp;<\/p>\n<ul>\n<li>Transfer lod\u00ed do Media Luna<\/li>\n<li style=\"font-weight: 400;\"><span style=\"font-weight: 400;\">Kapit\u00e1n poskytuje instrukce a dohled<\/span><\/li>\n<\/ul>\n<p>&nbsp;<\/p>\n<h4><b>Zahrnut\u00ed a vylou\u010den\u00ed<\/b><\/h4>\n<p>&nbsp;<\/p>\n<p><b>Inkluze<\/b><\/p>\n<ol>\n<li style=\"font-weight: 400;\"><span style=\"font-weight: 400;\">V\u0161echny dan\u011b, poplatky a manipula\u010dn\u00ed poplatky<\/span><\/li>\n<li style=\"font-weight: 400;\"><span style=\"font-weight: 400;\">M\u00edstn\u00ed dan\u011b<\/span><\/li>\n<li style=\"font-weight: 400;\"><span style=\"font-weight: 400;\">N\u00e1poje<\/span><\/li>\n<\/ol>\n<p><b> V\u00fdjimky<\/b><\/p>\n<ol>\n<li style=\"font-weight: 400;\"><span style=\"font-weight: 400;\">Spropitn\u00e9<\/span><\/li>\n<li style=\"font-weight: 400;\"><span style=\"font-weight: 400;\">P\u0159estupn\u00ed v\u016fz<\/span><\/li>\n<li>Ob\u011bd<\/li>\n<li style=\"font-weight: 400;\"><span style=\"font-weight: 400;\">Alkoholick\u00e9 n\u00e1poje<\/span><\/li>\n<li>M\u00edstn\u00ed pr\u016fvodce<\/li>\n<\/ol>\n<p>&nbsp;<\/p>\n<h4><em><strong>Odjezd a n\u00e1vrat<\/strong><\/em><\/h4>\n<p><span style=\"font-weight: 400;\">Cestuj\u00edc\u00ed obdr\u017e\u00ed m\u00edsto setk\u00e1n\u00ed po dokon\u010den\u00ed rezervace. V\u00fdlety za\u010d\u00ednaj\u00ed a kon\u010d\u00ed na na\u0161ich m\u00edstech setk\u00e1n\u00ed.<\/span><\/p>\n<p>&nbsp;<\/p>\n<h3>Media Luna Miches (P\u016flm\u011bs\u00edc) P\u0159\u00edrodn\u00ed baz\u00e9n Polodenn\u00ed vstupenka a \u0161norchlov\u00e1n\u00ed<\/h3>\n<h4><b><i>Co o\u010dek\u00e1vat?<\/i><\/b><\/h4>\n<p>&nbsp;<\/p>\n<p>Ulo\u017ete si vstupenky a poje\u010fte s n\u00e1mi nav\u0161t\u00edvit Half Moon a vychutnat si typick\u00fd ob\u011bd v komunit\u011b Miches. Tato exkurze odj\u00ed\u017ed\u00ed z Miches, co\u017e umo\u017e\u0148uje molo na z\u00e1pad\u011b, odkud nastoup\u00edme na palubu modern\u00edch katamar\u00e1n\u016f a rychl\u00fdch \u010dlun\u016f, kter\u00e9 maj\u00ed opr\u00e1vn\u011bn\u00ed k p\u0159eprav\u011b v turistick\u00e9 oblasti. Abychom se dostali k hlavn\u00ed j\u00e1m\u011b, mus\u00edme proj\u00edt vodn\u00edm bludi\u0161t\u011bm obklopen\u00fdm p\u00edse\u010dn\u00fdmi p\u0159esypy.<\/p>\n<p>Po sezn\u00e1men\u00ed s t\u00edmto vodn\u00edm zdrojem s turistickou atrakc\u00ed v Michesu nikdo neunikne, proto\u017ee je to jedin\u00e9 m\u00edsto v oblasti, kde se turist\u00e9 a rekreanti mohou t\u011b\u0161it a narazit na hv\u011bzdice a ryby zna\u010dn\u00fdch rozm\u011br\u016f. Je to m\u00edsto, kde hladina vody z\u00e1vis\u00ed na horizontu p\u0159\u00edlivu a odlivu nebo na mo\u0159sk\u00fdch proudech, kter\u00e9 kdy\u017e jsou vysok\u00e9, tak se prohlubuj\u00ed, a kdy\u017e jsou n\u00edzk\u00e9, tak se pr\u016ftok t\u016fn\u00ed sni\u017euje. T\u00edm, \u017ee je skryt\u00e9 a jeho p\u0159\u00edstup je po mo\u0159i, je to kouzeln\u00e9 a panensk\u00e9 m\u00edsto, pro ty, kte\u0159\u00ed ho nav\u0161t\u00edv\u00ed, se z n\u011bj nechce odej\u00edt. Nejsou zde \u017e\u00e1dn\u00e9 stromy, kter\u00e9 by chr\u00e1nily p\u0159ed sluncem, ale voda je chladn\u00e1 d\u00edky kol\u00e9b\u00e1n\u00ed nebo houp\u00e1n\u00ed pas\u00e1tov\u00fdch v\u011btr\u016f v oblasti. Lze shrnout, \u017ee se jedn\u00e1 o p\u0159\u00edrodn\u00ed lagunu v Atlantsk\u00e9m oce\u00e1nu, kter\u00e1 za sv\u00e9 jm\u00e9no vd\u011b\u010d\u00ed tomu, \u017ee pozorov\u00e1na shora p\u0159ipom\u00edn\u00e1 p\u016flm\u011bs\u00edc.<\/p>\n<p>M\u00edstn\u00ed obyvatel\u00e9 ji tak\u00e9 naz\u00fdvaj\u00ed Cayo de la Media Luna, tvo\u0159en\u00e1 kor\u00e1lov\u00fdmi \u00fatesy a b\u00edl\u00fdm p\u00edskem, k\u0159i\u0161\u0165\u00e1lovou vodou posetou v\u0161ude, kde se l\u00e1mou p\u0159\u00edrodn\u00ed vlny, kter\u00e9 uklid\u0148uj\u00ed jej\u00ed vody. P\u0159i stabiln\u00edm p\u0159\u00edlivu jej\u00ed hloubka nep\u0159esahuje t\u0159i metry, d\u00edky \u010demu\u017e si toto rajsk\u00e9 m\u00edsto se slanou vodou u\u017e\u00edvaj\u00ed d\u011bti i dosp\u011bl\u00ed.<\/p>\n<p><strong>\u010casov\u00fd rozvrh:<\/strong><\/p>\n<p>8:45 - 13:30<\/p>\n<p>&nbsp;<\/p>\n<h4><em><strong>Co byste si m\u011bli vz\u00edt s sebou?<\/strong><\/em><\/h4>\n<ul>\n<li style=\"font-weight: 400;\"><span style=\"font-weight: 400;\">Fotoapar\u00e1t<\/span><\/li>\n<li style=\"font-weight: 400;\"><span style=\"font-weight: 400;\">Repelentn\u00ed pupeny<\/span><\/li>\n<li style=\"font-weight: 400;\"><span style=\"font-weight: 400;\">opalovac\u00ed kr\u00e9m<\/span><\/li>\n<li style=\"font-weight: 400;\"><span style=\"font-weight: 400;\">Klobouk<\/span><\/li>\n<li style=\"font-weight: 400;\"><span style=\"font-weight: 400;\">Pohodln\u00e9 kalhoty<\/span><\/li>\n<li style=\"font-weight: 400;\"><span style=\"font-weight: 400;\">Turistick\u00e1 obuv do lesa<\/span><\/li>\n<li style=\"font-weight: 400;\"><span style=\"font-weight: 400;\">Sand\u00e1ly na pl\u00e1\u017e<\/span><\/li>\n<li style=\"font-weight: 400;\"><span style=\"font-weight: 400;\">Plaveck\u00fd od\u011bv<\/span><\/li>\n<li>Pen\u00edze na suven\u00fdry<\/li>\n<\/ul>\n<p>&nbsp;<\/p>\n<h4><b><i>Vyzvednut\u00ed Hotel <\/i><\/b><\/h4>\n<p><span style=\"font-weight: 400;\">Vyzvednut\u00ed v hotelu se u t\u00e9to prohl\u00eddky nenab\u00edz\u00ed. <\/span><\/p>\n<p>&nbsp;<\/p>\n<p><b>Pozn\u00e1mka:<\/b><span style=\"font-weight: 400;\"> pokud si rezervujete ubytov\u00e1n\u00ed do 24 hodin p\u0159ed odjezdem na v\u00fdlet\/exkurzi, m\u016f\u017eeme za\u0159\u00eddit vyzvednut\u00ed v hotelu za p\u0159\u00edplatek. Po dokon\u010den\u00ed n\u00e1kupu v\u00e1m za\u0161leme kompletn\u00ed kontaktn\u00ed informace (telefonn\u00ed \u010d\u00edslo, e-mailovou adresu atd.) pro na\u0161eho m\u00edstn\u00edho pr\u016fvodce, kter\u00fd zorganizuje vyzvednut\u00ed.<\/span><\/p>\n<h4><b><i>Dal\u0161\u00ed informace Potvrzen\u00ed <\/i><\/b><\/h4>\n<ol>\n<li>Vstupenky jsou stvrzenkou po zaplacen\u00ed t\u00e9to prohl\u00eddky. Platbu m\u016f\u017eete uk\u00e1zat na sv\u00e9m telefonu.<\/li>\n<li style=\"font-weight: 400;\"><span style=\"font-weight: 400;\">M\u00edsto setk\u00e1n\u00ed obdr\u017e\u00edte po dokon\u010den\u00ed rezervace.<\/span><\/li>\n<li style=\"font-weight: 400;\"><span style=\"font-weight: 400;\">D\u011bti mus\u00ed b\u00fdt v doprovodu dosp\u011bl\u00e9 osoby.<\/span><\/li>\n<li style=\"font-weight: 400;\"><span style=\"font-weight: 400;\">bezbari\u00e9rov\u00fd p\u0159\u00edstup <\/span><\/li>\n<li style=\"font-weight: 400;\"><span style=\"font-weight: 400;\">Kojenci mus\u00ed sed\u011bt na kl\u00edn\u011b <\/span><\/li>\n<li style=\"font-weight: 400;\"><span style=\"font-weight: 400;\">V\u011bt\u0161ina cestuj\u00edc\u00edch se m\u016f\u017ee z\u00fa\u010dastnit<\/span><\/li>\n<\/ol>\n<h4><b><i>Storno podm\u00ednky<\/i><\/b><\/h4>\n<p>Chcete-li z\u00edskat plnou n\u00e1hradu, p\u0159e\u010dt\u011bte si pros\u00edm na\u0161e Z\u00e1sady pro zru\u0161en\u00ed rezervace\u00a0<a href=\"https:\/\/www.ticketswhales.com\/online-booking\/\" target=\"_blank\" rel=\"noopener\" data-saferedirecturl=\"https:\/\/www.google.com\/url?q=https:\/\/www.ticketswhales.com\/online-booking\/&amp;source=gmail&amp;ust=1672532492004000&amp;usg=AOvVaw3ylqI1cdbIPTimEqEWneyd\">Klikn\u011bte zde<\/a>. Pokud je rezervace zru\u0161ena v den cesty, finan\u010dn\u00ed prost\u0159edky propadaj\u00ed.<\/p>\n\n\t\t<\/div>\n\t<\/div>\n<\/div><\/div><\/div><\/div><div class=\"vc_row wpb_row vc_row-fluid\" ><\/div><div class=\"wpb_column vc_column_container vc_col-sm-12\"><div class=\"vc_column-inner\"><div class=\"wpb_wrapper\"><\/div><\/div><\/div><div class=\"vc_empty_space\"   style=\"height: 32px\"><span class=\"vc_empty_space_inner\"><\/span><\/div><div class=\"vc_empty_space\"   style=\"height: 32px\"><span class=\"vc_empty_space_inner\"><\/span><\/div><div class=\"vc_row wpb_row vc_row-fluid\" ><\/div><div class=\"wpb_column vc_column_container vc_col-sm-12\"><div class=\"vc_column-inner\"><div class=\"wpb_wrapper\"><\/div><\/div><\/div><div class=\"vc_row wpb_row vc_row-fluid\" ><div class=\"wpb_column vc_column_container vc_col-sm-12\"><div class=\"vc_column-inner\"><div class=\"wpb_wrapper\"><div class=\"vc_btn3-container vc_btn3-inline\" ><button class=\"vc_general vc_btn3 vc_btn3-size-md vc_btn3-shape-rounded vc_btn3-style-modern vc_btn3-color-green\">REZERVOVAT<\/button><\/div><\/div><\/div><\/div><\/div>","protected":false},"excerpt":{"rendered":"<p><span style=\"vertical-align: inherit;\"><span style=\"vertical-align: inherit;\">Media Luna Miches (Media Luna) P\u016fldenn\u00ed vstupenka a \u0161norchlov\u00e1n\u00ed v p\u0159\u00edrodn\u00edm baz\u00e9nu. <\/span><span style=\"vertical-align: inherit;\">Nav\u0161tivte s m\u00edstn\u00edmi obyvateli z\u00e1toku Saman\u00e1 z m\u011bsta Miches a zaplavte si uprost\u0159ed z\u00e1toky Saman\u00e1. <\/span><span style=\"vertical-align: inherit;\">Mal\u00e9 oblasti kor\u00e1lov\u00fdch \u00fates\u016f k prozkoum\u00e1n\u00ed a \u0161norchlov\u00e1n\u00ed. <\/span><span style=\"vertical-align: inherit;\">Media Luna je novou atrakc\u00ed v Dominik\u00e1nsk\u00e9 republice.<\/span><\/span><\/p>\n<p><em><strong><span style=\"vertical-align: inherit;\"><span style=\"vertical-align: inherit;\">Vyberte datum prohl\u00eddky:<\/span><\/span><\/strong><\/em><\/p>","protected":false},"featured_media":443,"template":"","meta":[],"product_brand":[],"product_cat":[571,98,347,122,123,124],"product_tag":[138,288,294,131,348,349,346,350,351,352,353,142,147,148,143,354,355],"class_list":{"0":"post-11663","1":"product","2":"type-product","3":"status-publish","4":"has-post-thumbnail","6":"product_cat-1-samana","7":"product_cat-local-tour-guides","8":"product_cat-media-luna-miches","9":"product_cat-tours-and-excursions","10":"product_cat-tours-excursions-los-haitises-national-park","11":"product_cat-tours-excursions-samana-bay-dominican-republic","12":"product_tag-beach-time","13":"product_tag-cayo-arena","14":"product_tag-cayo-arena-samana","15":"product_tag-locals-guides","16":"product_tag-media-luna-el-seibo","17":"product_tag-media-luna-in-miches","18":"product_tag-media-luna-miches","19":"product_tag-media-luna-snorkeling","20":"product_tag-miches-hoteles","21":"product_tag-miches-montana-redonda","22":"product_tag-playa-esmeralda-miches","23":"product_tag-samana","24":"product_tag-samana-bay","25":"product_tag-samana-excursions","26":"product_tag-samana-tours","27":"product_tag-snorkeling","28":"product_tag-snorkeling-miches-media-luna","30":"first","31":"instock","32":"sale","33":"featured","34":"sold-individually","35":"shipping-taxable","36":"product-type-external"},"_links":{"self":[{"href":"https:\/\/haitises.com\/cs\/wp-json\/wp\/v2\/product\/11663","targetHints":{"allow":["GET"]}}],"collection":[{"href":"https:\/\/haitises.com\/cs\/wp-json\/wp\/v2\/product"}],"about":[{"href":"https:\/\/haitises.com\/cs\/wp-json\/wp\/v2\/types\/product"}],"wp:featuredmedia":[{"embeddable":true,"href":"https:\/\/haitises.com\/cs\/wp-json\/wp\/v2\/media\/443"}],"wp:attachment":[{"href":"https:\/\/haitises.com\/cs\/wp-json\/wp\/v2\/media?parent=11663"}],"wp:term":[{"taxonomy":"product_brand","embeddable":true,"href":"https:\/\/haitises.com\/cs\/wp-json\/wp\/v2\/product_brand?post=11663"},{"taxonomy":"product_cat","embeddable":true,"href":"https:\/\/haitises.com\/cs\/wp-json\/wp\/v2\/product_cat?post=11663"},{"taxonomy":"product_tag","embeddable":true,"href":"https:\/\/haitises.com\/cs\/wp-json\/wp\/v2\/product_tag?post=11663"}],"curies":[{"name":"wp","href":"https:\/\/api.w.org\/{rel}","templated":true}]}}