{"id":11389,"date":"2021-08-15T20:09:02","date_gmt":"2021-08-15T20:09:02","guid":{"rendered":"http:\/\/haitises.com\/?post_type=product&#038;p=11389"},"modified":"2024-04-03T17:21:58","modified_gmt":"2024-04-03T17:21:58","slug":"hike-kayak-los-haitises-national-park-from-punta-cana","status":"publish","type":"product","link":"https:\/\/haitises.com\/cs\/soukrome\/hike-kayak-los-haitises-national-park-from-punta-cana\/","title":{"rendered":"P\u011b\u0161\u00ed t\u00fara + kajak v n\u00e1rodn\u00edm parku Los Haitises z Punta Cany"},"content":{"rendered":"<div class=\"vc_row wpb_row vc_row-fluid\" ><div class=\"wpb_column vc_column_container vc_col-sm-12\"><div class=\"vc_column-inner\"><div class=\"wpb_wrapper\">\n\t<div class=\"wpb_text_column wpb_content_element\" >\n\t\t<div class=\"wpb_wrapper\">\n\t\t\t<h4><b><i>P\u0159ehled <\/i><\/b><\/h4>\n<p>This Hiking Trail + Kayaking Tour start from Punta cana with a Transfer from Hotels. After this we arrive to the park where we will hike around 2 hours along the Humid Forest in the Los Haitises National Park. You will learn about the medicinal plants of this area, see the broadleaf forest primary and secondary Los Haitises National Park mountains and at the same time reach the spring of the Jivales River from which the waters of the natural pools of Eco-lodge Ca\u00f1o Hondo. Then we take the equipment required for your safety (Lifejackets, etc), kayaks and going through mangrove swamps. You will see some bird-filled mangroves, rolling hills of lush vegetation. Through the mangroves and Land at the open San Lorenzo Bay, from where you can photograph the rugged forest landscape.<\/p>\n<p>After this experience, you will get Back to Cano Hondo or Sabana de la mar.<\/p>\n<ul>\n<li style=\"font-weight: 400;\">V\u010detn\u011b poplatk\u016f<\/li>\n<li>Los Haitises National park Hiking Trip<\/li>\n<li style=\"font-weight: 400;\"><span style=\"font-weight: 400;\">Pr\u016fvodce poskytuje instrukce a dohled<\/span><\/li>\n<\/ul>\n<p>&nbsp;<\/p>\n<h4><b>Zahrnut\u00ed a vylou\u010den\u00ed<\/b><\/h4>\n<p>&nbsp;<\/p>\n<p><b>Inkluze<\/b><\/p>\n<p>&nbsp;<\/p>\n<ol>\n<li style=\"font-weight: 400;\">N\u00e1rodn\u00ed park Los Haitises<\/li>\n<li>P\u011b\u0161\u00ed t\u00fara + kajak<\/li>\n<li style=\"font-weight: 400;\"><span style=\"font-weight: 400;\">V\u0161echny dan\u011b, poplatky a manipula\u010dn\u00ed poplatky<\/span><\/li>\n<li style=\"font-weight: 400;\"><span style=\"font-weight: 400;\">M\u00edstn\u00ed dan\u011b<\/span><\/li>\n<li style=\"font-weight: 400;\"><span style=\"font-weight: 400;\">N\u00e1poje<\/span><\/li>\n<li style=\"font-weight: 400;\"><span style=\"font-weight: 400;\">V\u0161echny aktivity<\/span><\/li>\n<li style=\"font-weight: 400;\"><span style=\"font-weight: 400;\">M\u00edstn\u00ed pr\u016fvodce<\/span><\/li>\n<li><span style=\"font-weight: 400;\">P\u0159enos<\/span><\/li>\n<li>Lunch with Locals<\/li>\n<\/ol>\n<p><b> V\u00fdjimky<\/b><\/p>\n<ol>\n<li style=\"font-weight: 400;\"><span style=\"font-weight: 400;\">Spropitn\u00e9<\/span><\/li>\n<li style=\"font-weight: 400;\"><span style=\"font-weight: 400;\">Alkoholick\u00e9 n\u00e1poje<\/span><\/li>\n<\/ol>\n<p>&nbsp;<\/p>\n<h4><em><strong>Odjezd a n\u00e1vrat<\/strong><\/em><\/h4>\n<p><span style=\"font-weight: 400;\">Cestuj\u00edc\u00ed obdr\u017e\u00ed m\u00edsto setk\u00e1n\u00ed po dokon\u010den\u00ed rezervace. V\u00fdlety za\u010d\u00ednaj\u00ed a kon\u010d\u00ed na na\u0161ich m\u00edstech setk\u00e1n\u00ed.<\/span><\/p>\n<p>&nbsp;<\/p>\n<h2>P\u011b\u0161\u00ed t\u00fara + kajak v n\u00e1rodn\u00edm parku Los Haitises z Punta Cany<\/h2>\n<h4><b><i>Co o\u010dek\u00e1vat?<\/i><\/b><\/h4>\n<p>The national park\u2019s name comes from its original inhabitants, the Taino Indians. In their language \u201cHaitises\u201d translates to highlands or Hills, a reference to the coastline\u2019s steep geological formations with Limestones. Kayaking it is 2 hours.<\/p>\n<p>Learning about History and Nature with Locals tours guides that Grow up as Emviromental protectors and Volunteers inside of this project area.The tour, organized by \u00abBooking Adventures\u00bb starts at the meeting point set with the Tour Guide.<\/p>\n<p>After an initial walk through fields and farmlands, you will begin to walk by the Coconuct and Cacao Forest.\u00a0 Getting every minute inside of the primary and unique conserve forest area inside of Los Haitises National Park. Come with Booking Adventures and start checking some Endemics Birds, Mammals and Plants species, rolling hills of lush vegetation and caves of <em><strong>N\u00e1rodn\u00ed park Los Haitises<\/strong><\/em>.<\/p>\n<div class=\"body-description secondary\">\n<p>N\u00e1zev n\u00e1rodn\u00edho parku poch\u00e1z\u00ed od jeho p\u016fvodn\u00edch obyvatel, indi\u00e1n\u016f kmene Taino. V jejich jazyce \"Haitises\" znamen\u00e1 v p\u0159ekladu vyso\u010dina nebo pahorkatina, co\u017e je odkaz na strm\u00e9 geologick\u00e9 \u00fatvary na pob\u0159e\u017e\u00ed s v\u00e1penci. Vydejte se hloub\u011bji do parku a prozkoumejte jeskyn\u011b, nap\u0159. <em><strong>P\u00edse\u010dn\u00e1 jeskyn\u011b<\/strong><\/em> a <strong><em>Cueva de la L\u00ednea. You can match the boat tour with the Hiking trip. Just Contact us.<\/em><\/strong><\/p>\n<p>Caves in the reserve were used as shelter by the Taino Indians and, later, by hiding pirates. Look for drawings by Indians that decorate some of the walls. In the Rain Forest, there are more than 700 hundreds species of plants, we try to teach visitors about all medical plants that we know in this hiking trail.<\/p>\n<p>Come to learn, Hike and enyoy the real nature of Los Haitises National Park.<\/p>\n<\/div>\n<p>&nbsp;<\/p>\n<h4><em><strong>Co byste si m\u011bli vz\u00edt s sebou?<\/strong><\/em><\/h4>\n<ul>\n<li style=\"font-weight: 400;\"><span style=\"font-weight: 400;\">Fotoapar\u00e1t<\/span><\/li>\n<li style=\"font-weight: 400;\"><span style=\"font-weight: 400;\">Repelentn\u00ed pupeny<\/span><\/li>\n<li style=\"font-weight: 400;\"><span style=\"font-weight: 400;\">opalovac\u00ed kr\u00e9m<\/span><\/li>\n<li style=\"font-weight: 400;\"><span style=\"font-weight: 400;\">Klobouk<\/span><\/li>\n<li style=\"font-weight: 400;\"><span style=\"font-weight: 400;\">Pohodln\u00e9 kalhoty<\/span><\/li>\n<li style=\"font-weight: 400;\"><span style=\"font-weight: 400;\">Turistick\u00e1 obuv do lesa<\/span><\/li>\n<li style=\"font-weight: 400;\"><span style=\"font-weight: 400;\">Sand\u00e1ly do jarn\u00edch oblast\u00ed.<\/span><\/li>\n<li style=\"font-weight: 400;\"><span style=\"font-weight: 400;\">Plaveck\u00fd od\u011bv<\/span><\/li>\n<\/ul>\n<p>&nbsp;<\/p>\n<h4><b><i>Vyzvednut\u00ed Hotel <\/i><\/b><\/h4>\n<p><span style=\"font-weight: 400;\">Pro tento z\u00e1jezd je nab\u00edzeno vyzvednut\u00ed v hotelu.\u00a0<\/span><\/p>\n<p><b>Pozn\u00e1mka:<\/b><span style=\"font-weight: 400;\"> If you are booking within 24 hours of the tour\/Excursion departure time, we can arrangements hotel pick-up from Punta Cana areas. Once your purchase is complete, we will send you complete contact information (phone number, email address, etc.) for our local Tour guide to organize pick-up arrangements.<\/span><\/p>\n<h4><b><i>Dal\u0161\u00ed informace Potvrzen\u00ed <\/i><\/b><\/h4>\n<ol>\n<li>Vstupenky jsou stvrzenkou po zaplacen\u00ed t\u00e9to prohl\u00eddky. Platbu m\u016f\u017eete uk\u00e1zat na sv\u00e9m telefonu.<\/li>\n<li style=\"font-weight: 400;\"><span style=\"font-weight: 400;\">M\u00edsto setk\u00e1n\u00ed obdr\u017e\u00edte po dokon\u010den\u00ed rezervace.<\/span><\/li>\n<li style=\"font-weight: 400;\"><span style=\"font-weight: 400;\">D\u011bti mus\u00ed b\u00fdt v doprovodu dosp\u011bl\u00e9 osoby.<\/span><\/li>\n<li style=\"font-weight: 400;\"><span style=\"font-weight: 400;\"> Nen\u00ed bezbari\u00e9rov\u00fd <\/span><\/li>\n<li style=\"font-weight: 400;\"><span style=\"font-weight: 400;\">Kojenci mus\u00ed sed\u011bt na kl\u00edn\u011b <\/span><\/li>\n<li style=\"font-weight: 400;\"><span style=\"font-weight: 400;\">Nedoporu\u010duje se cestuj\u00edc\u00edm s probl\u00e9my se z\u00e1dy<\/span><\/li>\n<li style=\"font-weight: 400;\"><span style=\"font-weight: 400;\">Nedoporu\u010duje se t\u011bhotn\u00fdm cestovatelk\u00e1m <\/span><\/li>\n<li style=\"font-weight: 400;\"><span style=\"font-weight: 400;\"> \u017d\u00e1dn\u00e9 srde\u010dn\u00ed probl\u00e9my ani jin\u00e9 z\u00e1va\u017en\u00e9 zdravotn\u00ed pot\u00ed\u017ee <\/span><\/li>\n<li style=\"font-weight: 400;\"><span style=\"font-weight: 400;\">V\u011bt\u0161ina cestuj\u00edc\u00edch se m\u016f\u017ee z\u00fa\u010dastnit<\/span><\/li>\n<\/ol>\n<h4><b><i>Storno podm\u00ednky<\/i><\/b><\/h4>\n<p><span style=\"font-weight: 400;\">Pro vr\u00e1cen\u00ed pln\u00e9 \u010d\u00e1stky zru\u0161te alespo\u0148 74 hodin p\u0159ed datem zah\u00e1jen\u00ed z\u00e1\u017eitku. Prost\u0159edky budou ztraceny, pokud bude rezervace zru\u0161ena ve stejn\u00fd den cesty.<\/span><\/p>\n\n\t\t<\/div>\n\t<\/div>\n[mkdf_section_title title_tag=\u00bb\u00bb disable_break_words=\u00bbno\u00bb subtitle_tag=\u00bb\u00bb text_font_weight=\u00bb\u00bb title=\u00bbHike + Kayak Los Haitises National Park\u00bb subtitle=\u00bbHiking the Rain Forest and Kayaking\u00bb text=\u00bbThis Experience Need a Minimum of 2 Participants. If you are not 2 please feel free to contact us!\u00bb]<\/div><\/div><\/div><\/div><div class=\"vc_row wpb_row vc_row-fluid\" ><div class=\"wpb_column vc_column_container vc_col-sm-12\"><div class=\"vc_column-inner\"><div class=\"wpb_wrapper\"><\/div><\/div><\/div><\/div><div class=\"vc_row wpb_row vc_row-fluid\" ><div class=\"wpb_column vc_column_container vc_col-sm-12\"><div class=\"vc_column-inner\"><div class=\"wpb_wrapper\"><div class=\"vc_empty_space\"   style=\"height: 32px\"><span class=\"vc_empty_space_inner\"><\/span><\/div>\n\t<div class=\"wpb_text_column wpb_content_element\" >\n\t\t<div class=\"wpb_wrapper\">\n\t\t\t<h4>Kontaktujte n\u00e1s?<\/h4>\n<h5>Rezervace dobrodru\u017estv\u00ed<\/h5>\n<p><em><strong>M\u00edstn\u00ed obyvatel\u00e9<\/strong>\u00a0a\u00a0<strong>N\u00e1rodn\u00ed str\u00e1nky<\/strong>\u00a0Pr\u016fvodci a slu\u017eby pro hosty<\/em><\/p>\n<p><span class=\"text-turquoise\">Rezervace:<\/span>\u00a0V\u00fdlety a exkurze v Dom. Rep.<\/p>\n<p><img decoding=\"async\" class=\"emoji\" draggable=\"false\" src=\"https:\/\/s.w.org\/images\/core\/emoji\/11.2.0\/svg\/1f4de.svg\" alt=\"\ud83d\udcde\" title=\"\">\u00a0Tel \/ Whatsapp\u00a0\u00a0<a href=\"tel:+1-809-720-6035\">+1-809-720-6035<\/a>.<\/p>\n<p><img decoding=\"async\" class=\"emoji\" draggable=\"false\" src=\"https:\/\/s.w.org\/images\/core\/emoji\/11.2.0\/svg\/1f4e9.svg\" alt=\"\ud83d\udce9\" title=\"\">\u00a0<a href=\"mailto:info@bookingadventures.com.do\">info@bookingadventures.com.do<\/a><\/p>\n<p><strong>Jsme flexibiln\u00ed nastaven\u00ed soukrom\u00e9 prohl\u00eddky p\u0159es Whatsapp:\u00a0<a href=\"tel:+18097206035\">+18097206035.<\/a><\/strong><\/p>\n\n\t\t<\/div>\n\t<\/div>\n<div class=\"vc_empty_space\"   style=\"height: 32px\"><span class=\"vc_empty_space_inner\"><\/span><\/div><\/div><\/div><\/div><\/div>","protected":false},"excerpt":{"rendered":"<p>Hiking 3 Hours and Kayaking Mangroves in Los Haitises National Park with a Local Tour guide from Sabana de la mar. Visiting the Rain forest, Coconuts, Coffe and Cacao areas. Learning about the original history from Los Haitises National Park.<\/p>\n<p>&nbsp;<\/p>\n<p><strong>Please Select the date for The Hiking Trip:<\/strong><\/p>","protected":false},"featured_media":11333,"template":"","meta":[],"product_brand":[],"product_cat":[356,96,123,124],"product_tag":[341,206,129,130,412,413,221,414,415,152,153,198,133,416,215,217,417,223,114,418,148,143,419],"class_list":{"0":"post-11389","1":"product","2":"type-product","3":"status-publish","4":"has-post-thumbnail","6":"product_cat-day-trips","7":"product_cat-hiking","8":"product_cat-tours-excursions-los-haitises-national-park","9":"product_cat-tours-excursions-samana-bay-dominican-republic","10":"product_tag-cano-hondo-sabana-de-la-mar","11":"product_tag-caves-los-haitises","12":"product_tag-eco-tours","13":"product_tag-excursion","14":"product_tag-hike-kayak","15":"product_tag-hike-kayak-los-haitises-national-park","16":"product_tag-hiking-los-haitises","17":"product_tag-hiking-sabana-de-la-mar","18":"product_tag-hiking-samana","19":"product_tag-kayak-tour","20":"product_tag-kayaking","21":"product_tag-kayaking-los-haitises","22":"product_tag-los-haitises-national-park","23":"product_tag-los-haitises-national-park-entrance-fee","24":"product_tag-los-haitises-national-park-tour-from-las-terrenas","25":"product_tag-los-haitises-national-park-tour-from-santo-domingo","26":"product_tag-los-haitises-national-park-weather","27":"product_tag-los-haitises-sabana-de-la-mar","28":"product_tag-sabana-de-la-mar","29":"product_tag-sabana-de-la-mar-tour","30":"product_tag-samana-excursions","31":"product_tag-samana-tours","32":"product_tag-secrets-of-los-haitises","34":"first","35":"instock","36":"sale","37":"sold-individually","38":"shipping-taxable","39":"product-type-external"},"_links":{"self":[{"href":"https:\/\/haitises.com\/cs\/wp-json\/wp\/v2\/product\/11389","targetHints":{"allow":["GET"]}}],"collection":[{"href":"https:\/\/haitises.com\/cs\/wp-json\/wp\/v2\/product"}],"about":[{"href":"https:\/\/haitises.com\/cs\/wp-json\/wp\/v2\/types\/product"}],"wp:featuredmedia":[{"embeddable":true,"href":"https:\/\/haitises.com\/cs\/wp-json\/wp\/v2\/media\/11333"}],"wp:attachment":[{"href":"https:\/\/haitises.com\/cs\/wp-json\/wp\/v2\/media?parent=11389"}],"wp:term":[{"taxonomy":"product_brand","embeddable":true,"href":"https:\/\/haitises.com\/cs\/wp-json\/wp\/v2\/product_brand?post=11389"},{"taxonomy":"product_cat","embeddable":true,"href":"https:\/\/haitises.com\/cs\/wp-json\/wp\/v2\/product_cat?post=11389"},{"taxonomy":"product_tag","embeddable":true,"href":"https:\/\/haitises.com\/cs\/wp-json\/wp\/v2\/product_tag?post=11389"}],"curies":[{"name":"wp","href":"https:\/\/api.w.org\/{rel}","templated":true}]}}