{"id":11387,"date":"2021-08-15T20:09:02","date_gmt":"2021-08-15T20:09:02","guid":{"rendered":"http:\/\/haitises.com\/?post_type=product&#038;p=11387"},"modified":"2024-04-03T15:18:01","modified_gmt":"2024-04-03T15:18:01","slug":"altos-de-cano-hondo-mountain-bike-tour-2","status":"publish","type":"product","link":"https:\/\/haitises.com\/cs\/soukrome\/altos-de-cano-hondo-mountain-bike-tour-2\/","title":{"rendered":"Altos de Cano Hondo + t\u00fara na horsk\u00e9m kole"},"content":{"rendered":"<div class=\"vc_row wpb_row vc_row-fluid\" ><div class=\"wpb_column vc_column_container vc_col-sm-12\"><div class=\"vc_column-inner\"><div class=\"wpb_wrapper\"><div class=\"vc_empty_space\"   style=\"height: 32px\"><span class=\"vc_empty_space_inner\"><\/span><\/div><\/div><\/div><\/div><\/div><div class=\"vc_row wpb_row vc_row-fluid\" ><div class=\"wpb_column vc_column_container vc_col-sm-12\"><div class=\"vc_column-inner\"><div class=\"wpb_wrapper\">[mkdf_section_title title_tag=\u00bb\u00bb disable_break_words=\u00bbno\u00bb subtitle_tag=\u00bb\u00bb title=\u00bbAltos de Cano Hondo + Mountain Bike Tour\u00bb subtitle=\u00bbCano Hondo and Mountain Bikes\u00bb]<\/div><\/div><\/div><\/div><div class=\"vc_row wpb_row vc_row-fluid\" ><div class=\"wpb_column vc_column_container vc_col-sm-12\"><div class=\"vc_column-inner\"><div class=\"wpb_wrapper\"><div class=\"vc_empty_space\"   style=\"height: 32px\"><span class=\"vc_empty_space_inner\"><\/span><\/div><\/div><\/div><\/div><\/div><div class=\"vc_row wpb_row vc_row-fluid\" ><div class=\"wpb_column vc_column_container vc_col-sm-12\"><div class=\"vc_column-inner\"><div class=\"wpb_wrapper\">\n\t<div class=\"wpb_text_column wpb_content_element\" >\n\t\t<div class=\"wpb_wrapper\">\n\t\t\t<h4><b><i>P\u0159ehled<\/i><\/b><\/h4>\n<p><span style=\"font-weight: 400;\">Travel with a local expert and get the unique experience of biking starting from Sabana de la Mar, this tour will take you around to see the beautiful landscape of the countryside of the Dominican Republic. As you ride your bike you will be able to say hi! to the farmers riding their horses or motorbike to their property and during the tour, you will be able to emerge in the adventure and local culture from Sabana de la Mar. This town was founded officially in 1756 by about eleven (11) families that came from the Canary Islands in Spain. Sabana de la Mar&#8217;s main economic activities are agriculture, ecotourism, and fishing.\u00a0<\/span><\/p>\n<p>&nbsp;<\/p>\n<p><span style=\"font-weight: 400;\">Zahrnut\u00ed a vylou\u010den\u00ed<\/span><\/p>\n<p>&nbsp;<\/p>\n<p><span style=\"font-weight: 400;\">Inkluze<\/span><\/p>\n<p>&nbsp;<\/p>\n<p><span style=\"font-weight: 400;\">Biking<\/span><\/p>\n<p>Lunch with Locals<\/p>\n<p><span style=\"font-weight: 400;\">Altos de Ca\u00f1o Hondo and Natural\u00a0 Pools<\/span><\/p>\n<p><span style=\"font-weight: 400;\">V\u0161echny dan\u011b, poplatky a manipula\u010dn\u00ed poplatky<\/span><\/p>\n<p><span style=\"font-weight: 400;\">M\u00edstn\u00ed dan\u011b<\/span><\/p>\n<p><span style=\"font-weight: 400;\">\u00da\u0159edn\u00edci Ekologov\u00e9 pr\u016fvodce anglicky\/\u0161pan\u011blsky<\/span><\/p>\n<p>&nbsp;<\/p>\n<p><span style=\"font-weight: 400;\">V\u00fdjimky<\/span><\/p>\n<p>&nbsp;<\/p>\n<p><span style=\"font-weight: 400;\">Spropitn\u00e9<\/span><\/p>\n<p><span style=\"font-weight: 400;\">P\u0159enos<\/span><\/p>\n<p><span style=\"font-weight: 400;\">N\u00e1poje<\/span><\/p>\n<p>&nbsp;<\/p>\n<p><span style=\"font-weight: 400;\">Odjezd a n\u00e1vrat<\/span><\/p>\n<p>&nbsp;<\/p>\n<p><span style=\"font-weight: 400;\">The tour, organized by \u201cBooking Adventures\u201d starts at the meeting point set with the Tour Guide. The traveler will get a meeting point after the Reservation Process. Tours start and Finished at our meeting points.<\/span><\/p>\n<p>&nbsp;<\/p>\n<p><span style=\"font-weight: 400;\">Co o\u010dek\u00e1vat?<\/span><\/p>\n<p><span style=\"font-weight: 400;\">Get your ticket for Biking and Altos de Cano Hondo and Natural\u00a0 Pools From Sabana de la Mar<\/span><\/p>\n<p>&nbsp;<\/p>\n<p><span style=\"font-weight: 400;\">This Excursion starts from the meeting point you must confirm with our travel Agents or your Tour Guide before heading to any location. Once you meet your guide you\u2019ll have debriefed of the tour and everything related to your day.<\/span><\/p>\n<p><span style=\"font-weight: 400;\">When everyone is ready we\u2019ll head to Altos de Cano Hondo and Natural\u00a0 Pools where you\u2019ll start a walking tour to oversee one of the 10 best destinations for ecotourism in the world by\u00a0 Forbes magazine during this adventure you will learn about the unique architecture of this ecolodge.\u00a0<\/span><\/p>\n<p><span style=\"font-weight: 400;\">Cano Hondo is a name given by the local farmers of the area and this name comes from the type of geography of the location, this place is below sea level and there are small springs like Jivales and Cano Hondo which are coming from underground river straight from Los Haitises Mountain.\u00a0<\/span><\/p>\n<p><span style=\"font-weight: 400;\">During this part of your trip, you will be visiting Altos de Cano Hondo which is next to Los Haitises National Park one of the largest national p\u00e0rk in the country with more than 1600 km2 and one of the world largest limestone formations.\u00a0<\/span><\/p>\n<p>&nbsp;<\/p>\n<p><span style=\"font-weight: 400;\">After your walk tour about Altos de Cano Hondo get ready to jump in the natural pools before lunch and after lunch, you&#8217;ll head back to Sabana de la Mar. After 4 hours and half hours of activities in Cano Hondo we start riding our mountain bike back to Sabana de la Mar, this excursion ends in the same place as it started.<\/span><\/p>\n<p>&nbsp;<\/p>\n<p><span style=\"font-weight: 400;\">Note: These tours are with Officials Ecologist tour guides. Please Book with time because in the park there are not too many specialists.<\/span><\/p>\n<p>&nbsp;<\/p>\n<p>&nbsp;<\/p>\n<p><span style=\"font-weight: 400;\">Co byste si m\u011bli vz\u00edt s sebou?<\/span><\/p>\n<ul>\n<li style=\"font-weight: 400;\" aria-level=\"1\"><span style=\"font-weight: 400;\">Fotoapar\u00e1t<\/span><\/li>\n<li style=\"font-weight: 400;\" aria-level=\"1\"><span style=\"font-weight: 400;\">Repelentn\u00ed pupeny<\/span><\/li>\n<li style=\"font-weight: 400;\" aria-level=\"1\"><span style=\"font-weight: 400;\">opalovac\u00ed kr\u00e9m<\/span><\/li>\n<li style=\"font-weight: 400;\" aria-level=\"1\"><span style=\"font-weight: 400;\">Pohodln\u00e9 kalhoty<\/span><\/li>\n<li style=\"font-weight: 400;\" aria-level=\"1\"><span style=\"font-weight: 400;\">Running Shoes\u00a0<\/span><\/li>\n<\/ul>\n<p>&nbsp;<\/p>\n<h4><b><i>Vyzvednut\u00ed Hotel <\/i><\/b><\/h4>\n<p><span style=\"font-weight: 400;\">Vyzvednut\u00ed v hotelu se u t\u00e9to prohl\u00eddky nenab\u00edz\u00ed. <\/span><\/p>\n<p><b>Pozn\u00e1mka:<\/b><span style=\"font-weight: 400;\"> pokud si rezervujete ubytov\u00e1n\u00ed do 24 hodin p\u0159ed odjezdem na v\u00fdlet\/exkurzi, m\u016f\u017eeme za\u0159\u00eddit vyzvednut\u00ed v hotelu za p\u0159\u00edplatek. Po dokon\u010den\u00ed n\u00e1kupu v\u00e1m za\u0161leme kompletn\u00ed kontaktn\u00ed informace (telefonn\u00ed \u010d\u00edslo, e-mailovou adresu atd.) pro na\u0161eho m\u00edstn\u00edho pr\u016fvodce, kter\u00fd zorganizuje vyzvednut\u00ed.<\/span><\/p>\n<h4><b><i>Dal\u0161\u00ed informace Potvrzen\u00ed <\/i><\/b><\/h4>\n<ol>\n<li>Vstupenky jsou stvrzenkou po zaplacen\u00ed t\u00e9to prohl\u00eddky. Platbu m\u016f\u017eete uk\u00e1zat na sv\u00e9m telefonu.<\/li>\n<li style=\"font-weight: 400;\"><span style=\"font-weight: 400;\">M\u00edsto setk\u00e1n\u00ed obdr\u017e\u00edte po dokon\u010den\u00ed rezervace.<\/span><\/li>\n<li style=\"font-weight: 400;\"><span style=\"font-weight: 400;\">D\u011bti mus\u00ed b\u00fdt v doprovodu dosp\u011bl\u00e9 osoby.<\/span><\/li>\n<li style=\"font-weight: 400;\"><span style=\"font-weight: 400;\"> Nen\u00ed bezbari\u00e9rov\u00fd <\/span><\/li>\n<li style=\"font-weight: 400;\"><span style=\"font-weight: 400;\">Kojenci mus\u00ed sed\u011bt na kl\u00edn\u011b <\/span><\/li>\n<li style=\"font-weight: 400;\"><span style=\"font-weight: 400;\">Nedoporu\u010duje se cestuj\u00edc\u00edm s probl\u00e9my se z\u00e1dy<\/span><\/li>\n<li style=\"font-weight: 400;\"><span style=\"font-weight: 400;\">Nedoporu\u010duje se t\u011bhotn\u00fdm cestovatelk\u00e1m <\/span><\/li>\n<li style=\"font-weight: 400;\"><span style=\"font-weight: 400;\"> \u017d\u00e1dn\u00e9 srde\u010dn\u00ed probl\u00e9my ani jin\u00e9 z\u00e1va\u017en\u00e9 zdravotn\u00ed pot\u00ed\u017ee <\/span><\/li>\n<li style=\"font-weight: 400;\"><span style=\"font-weight: 400;\">V\u011bt\u0161ina cestuj\u00edc\u00edch se m\u016f\u017ee z\u00fa\u010dastnit<\/span><\/li>\n<\/ol>\n<h4><b><i>Storno podm\u00ednky<\/i><\/b><\/h4>\n<p><span style=\"font-weight: 400;\">Chcete-li vr\u00e1tit pen\u00edze v pln\u00e9 v\u00fd\u0161i, zru\u0161te rezervaci alespo\u0148 72 hodin p\u0159ed datem zah\u00e1jen\u00ed z\u00e1\u017eitku.<\/span><\/p>\n\n\t\t<\/div>\n\t<\/div>\n<\/div><\/div><\/div><\/div><div class=\"vc_row wpb_row vc_row-fluid\" ><div class=\"wpb_column vc_column_container vc_col-sm-12\"><div class=\"vc_column-inner\"><div class=\"wpb_wrapper\"><div class=\"vc_empty_space\"   style=\"height: 32px\"><span class=\"vc_empty_space_inner\"><\/span><\/div>\n\t<div class=\"wpb_text_column wpb_content_element\" >\n\t\t<div class=\"wpb_wrapper\">\n\t\t\t<h4>Kontaktujte n\u00e1s?<\/h4>\n<h5>Rezervace dobrodru\u017estv\u00ed<\/h5>\n<p><em><strong>M\u00edstn\u00ed obyvatel\u00e9<\/strong>\u00a0a\u00a0<strong>N\u00e1rodn\u00ed str\u00e1nky<\/strong>\u00a0Pr\u016fvodci a slu\u017eby pro hosty<\/em><\/p>\n<p><span class=\"text-turquoise\">Rezervace:<\/span>\u00a0V\u00fdlety a exkurze v Dom. Rep.<\/p>\n<p><img decoding=\"async\" class=\"emoji\" draggable=\"false\" src=\"https:\/\/s.w.org\/images\/core\/emoji\/11.2.0\/svg\/1f4de.svg\" alt=\"\ud83d\udcde\" title=\"\">\u00a0Tel \/ Whatsapp\u00a0\u00a0<a href=\"tel:+1-809-720-6035\">+1-809-720-6035<\/a>.<\/p>\n<p><img decoding=\"async\" class=\"emoji\" draggable=\"false\" src=\"https:\/\/s.w.org\/images\/core\/emoji\/11.2.0\/svg\/1f4e9.svg\" alt=\"\ud83d\udce9\" title=\"\">\u00a0<a href=\"mailto:info@bookingadventures.com.do\">info@bookingadventures.com.do<\/a><\/p>\n<p><strong>Jsme flexibiln\u00ed nastaven\u00ed soukrom\u00e9 prohl\u00eddky p\u0159es Whatsapp:\u00a0<a href=\"tel:+18097206035\">+18097206035.<\/a><\/strong><\/p>\n\n\t\t<\/div>\n\t<\/div>\n<div class=\"vc_empty_space\"   style=\"height: 32px\"><span class=\"vc_empty_space_inner\"><\/span><\/div><\/div><\/div><\/div><\/div>","protected":false},"excerpt":{"rendered":"<p><span style=\"font-weight: 400;\">Cano Hondo is a name given by the local farmers of the area and this name comes from the type of geography of the location, this place is below sea level and there are small springs like Jivales and Cano Hondo which are coming from underground river straight from Los Haitises Mountain.\u00a0<\/span><\/p>\n<p>&nbsp;<\/p>\n<p><span style=\"font-weight: 400;\">During this part of your trip, you will be visiting Altos de Cano Hondo which is next to Los Haitises National Park one of the largest national p\u00e0rk in the country with more than 1600 km2 and one of the world&#8217;s largest limestone formations.\u00a0<\/span><\/p>\n<p><span style=\"font-weight: 400;\">After your walk tour about Altos de Cano Hondo get ready to jump in the natural pools before lunch and after lunch, you&#8217;ll head back to Sabana de la Mar. After 4 hours and half hours of activities in Cano Hondo we get back to\u00a0 Sabana de la Mar, this excursion ends in the same place as it started.<\/span><\/p>\n<p><span style=\"font-weight: 400;\">d.<\/span><\/p>\n<p>&nbsp;<\/p>\n<p><strong>Zvolte pros\u00edm datum prohl\u00eddky :<\/strong><\/p>","protected":false},"featured_media":11124,"template":"","meta":[],"product_brand":[],"product_cat":[520],"product_tag":[521,126,127,510,511,145,150,197,198,199,132,519,133,200,470,201,114,147,148],"class_list":{"0":"post-11387","1":"product","2":"type-product","3":"status-publish","4":"has-post-thumbnail","6":"product_cat-altos-de-cano-hondo","7":"product_tag-altos-de-cano-hondo","8":"product_tag-cano-hondo","9":"product_tag-cano-hondo-hotel","10":"product_tag-canoes","11":"product_tag-canoes-dominican-republic","12":"product_tag-day-tour-cano-hondo","13":"product_tag-kayak-dominican-republic","14":"product_tag-kayaking-dominican-republic","15":"product_tag-kayaking-los-haitises","16":"product_tag-kayaks","17":"product_tag-los-haitises","18":"product_tag-los-haitises-mountain-bike","19":"product_tag-los-haitises-national-park","20":"product_tag-los-haitises-tours","21":"product_tag-mangroves-reforestation-in-los-haitises-with-locals","22":"product_tag-private-tours-samana","23":"product_tag-sabana-de-la-mar","24":"product_tag-samana-bay","25":"product_tag-samana-excursions","27":"first","28":"instock","29":"sale","30":"sold-individually","31":"shipping-taxable","32":"product-type-external"},"_links":{"self":[{"href":"https:\/\/haitises.com\/cs\/wp-json\/wp\/v2\/product\/11387","targetHints":{"allow":["GET"]}}],"collection":[{"href":"https:\/\/haitises.com\/cs\/wp-json\/wp\/v2\/product"}],"about":[{"href":"https:\/\/haitises.com\/cs\/wp-json\/wp\/v2\/types\/product"}],"wp:featuredmedia":[{"embeddable":true,"href":"https:\/\/haitises.com\/cs\/wp-json\/wp\/v2\/media\/11124"}],"wp:attachment":[{"href":"https:\/\/haitises.com\/cs\/wp-json\/wp\/v2\/media?parent=11387"}],"wp:term":[{"taxonomy":"product_brand","embeddable":true,"href":"https:\/\/haitises.com\/cs\/wp-json\/wp\/v2\/product_brand?post=11387"},{"taxonomy":"product_cat","embeddable":true,"href":"https:\/\/haitises.com\/cs\/wp-json\/wp\/v2\/product_cat?post=11387"},{"taxonomy":"product_tag","embeddable":true,"href":"https:\/\/haitises.com\/cs\/wp-json\/wp\/v2\/product_tag?post=11387"}],"curies":[{"name":"wp","href":"https:\/\/api.w.org\/{rel}","templated":true}]}}