{"id":11381,"date":"2021-08-15T20:09:02","date_gmt":"2021-08-15T20:09:02","guid":{"rendered":"http:\/\/haitises.com\/?post_type=product&#038;p=11381"},"modified":"2024-04-02T20:54:33","modified_gmt":"2024-04-02T20:54:33","slug":"tainos-canoe-in-los-haitises-national-park-2","status":"publish","type":"product","link":"https:\/\/haitises.com\/cs\/soukrome\/tainos-canoe-in-los-haitises-national-park-2\/","title":{"rendered":"Kanoe Taino v n\u00e1rodn\u00edm parku Los Haitises"},"content":{"rendered":"<div class=\"vc_row wpb_row vc_row-fluid\" ><div class=\"wpb_column vc_column_container vc_col-sm-12\"><div class=\"vc_column-inner\"><div class=\"wpb_wrapper\"><div class=\"vc_empty_space\"   style=\"height: 32px\"><span class=\"vc_empty_space_inner\"><\/span><\/div><\/div><\/div><\/div><\/div><div class=\"vc_row wpb_row vc_row-fluid\" ><div class=\"wpb_column vc_column_container vc_col-sm-12\"><div class=\"vc_column-inner\"><div class=\"wpb_wrapper\">[mkdf_section_title title_tag=\u00bb\u00bb disable_break_words=\u00bbno\u00bb subtitle_tag=\u00bb\u00bb title=\u00bbTaino&#8217;s Canoe in Los Haitises National Park\u00bb subtitle=\u00bbCanoes Adventure\u00bb]<\/div><\/div><\/div><\/div><div class=\"vc_row wpb_row vc_row-fluid\" ><div class=\"wpb_column vc_column_container vc_col-sm-12\"><div class=\"vc_column-inner\"><div class=\"wpb_wrapper\"><div class=\"vc_empty_space\"   style=\"height: 32px\"><span class=\"vc_empty_space_inner\"><\/span><\/div><\/div><\/div><\/div><\/div><div class=\"vc_row wpb_row vc_row-fluid\" ><div class=\"wpb_column vc_column_container vc_col-sm-12\"><div class=\"vc_column-inner\"><div class=\"wpb_wrapper\">\n\t<div class=\"wpb_text_column wpb_content_element\" >\n\t\t<div class=\"wpb_wrapper\">\n\t\t\t<h4><b><i>P\u0159ehled <\/i><\/b><\/h4>\n<p><span style=\"font-weight: 400;\">Zaj\u00edm\u00e1 v\u00e1s ka\u017edodenn\u00ed \u017eivot Tain\u016f? S aktivitou Taino Adventure se p\u0159enesete zp\u011bt v \u010dase a pozn\u00e1te sv\u011bt p\u016fvodn\u00edch obyvatel Dominik\u00e1nsk\u00e9 republiky.\u00a0<\/span><\/p>\n<p><span style=\"font-weight: 400;\">Kanoe byla pravd\u011bpodobn\u011b nejd\u016fle\u017eit\u011bj\u0161\u00ed sou\u010d\u00e1st\u00ed \u017eivota Ta\u00edn\u016f. Na n\u00ed lovili ryby, cestovali na men\u0161\u00ed ostrovy, komunikovali s ostatn\u00edmi kmeny a nav\u0161t\u011bvovali \u0161amany kv\u016fli ritu\u00e1l\u016fm, l\u00e9\u010den\u00ed a v\u011b\u0161t\u011bn\u00ed. V Booking Adventures v\u00e1s chceme vt\u00e1hnout do sv\u011bta Ta\u00edn\u016f.\u00a0 <\/span><\/p>\n<p>&nbsp;<\/p>\n<h4><b>Zahrnut\u00ed a vylou\u010den\u00ed<\/b><\/h4>\n<p><b>Inkluze<\/b><\/p>\n<ol>\n<li style=\"font-weight: 400;\">V\u00fdlet na k\u00e1no\u00edch<\/li>\n<li>Tri\u010dko s piktogramem Taino zdarma<\/li>\n<li>Chu\u0165 chleba Casabe<\/li>\n<li>Prohl\u00eddky jeskyn\u00ed<\/li>\n<li style=\"font-weight: 400;\"><span style=\"font-weight: 400;\">V\u0161echny dan\u011b, poplatky a manipula\u010dn\u00ed poplatky<\/span><\/li>\n<li style=\"font-weight: 400;\"><span style=\"font-weight: 400;\">M\u00edstn\u00ed dan\u011b<\/span><\/li>\n<li style=\"font-weight: 400;\"><span style=\"font-weight: 400;\">M\u00edstn\u00ed pr\u016fvodce<\/span><\/li>\n<\/ol>\n<p><b> V\u00fdjimky<\/b><\/p>\n<ol>\n<li style=\"font-weight: 400;\"><span style=\"font-weight: 400;\">Spropitn\u00e9<\/span><\/li>\n<li style=\"font-weight: 400;\"><span style=\"font-weight: 400;\">P\u0159enos<\/span><\/li>\n<li>Ob\u011bd nen\u00ed v cen\u011b<\/li>\n<li style=\"font-weight: 400;\"><span style=\"font-weight: 400;\">Alkoholick\u00e9 n\u00e1poje<\/span><\/li>\n<\/ol>\n<p>&nbsp;<\/p>\n<h4><em><strong>Odjezd a n\u00e1vrat<\/strong><\/em><\/h4>\n<p><span style=\"font-weight: 400;\">Cestuj\u00edc\u00ed obdr\u017e\u00ed m\u00edsto setk\u00e1n\u00ed po dokon\u010den\u00ed rezervace. V\u00fdlety za\u010d\u00ednaj\u00ed a kon\u010d\u00ed na na\u0161ich m\u00edstech setk\u00e1n\u00ed.<\/span><\/p>\n<h4><b><i>Co o\u010dek\u00e1vat?<\/i><\/b><\/h4>\n<p><span style=\"font-weight: 400;\">P\u0159i t\u00e9to aktivit\u011b se vyd\u00e1te na ru\u010dn\u011b vyroben\u00fdch k\u00e1no\u00edch, stejn\u011b jako to d\u011blali Ta\u00ednov\u00e9. Usly\u0161\u00edte mnoho zvuk\u016f, kter\u00e9 charakterizovaly jejich spojen\u00ed s p\u0159\u00edrodou: vol\u00e1n\u00ed je\u0159\u00e1b\u016f, pono\u0159ov\u00e1n\u00ed krab\u016f do vody a jemn\u00e9 \u0161plouch\u00e1n\u00ed vln o p\u0159\u00edrodn\u00ed skaln\u00ed \u00fatvary. Oblouky ko\u0159en\u016f mangrovn\u00edk\u016f v\u00e1m budou p\u0159ipom\u00ednat katedr\u00e1ly, a skute\u010dn\u011b, Ta\u00ednov\u00e9 (a\u010dkoli nem\u011bli kostely) byli hluboce duchovn\u00ed. Jakmile se s na\u0161\u00edm pr\u016fvodcem vyd\u00e1te na cestu, budete se kochat bohatou \u0161k\u00e1lou pt\u00e1k\u016f, plaz\u016f a ryb mangrovov\u00fdch porost\u016f. Osln\u00ed v\u00e1s t\u0159pyt vln mihotaj\u00edc\u00edch se v rann\u00edm sv\u011btle, hory Saman\u00e1 v d\u00e1lce a smaragdov\u00e1 zele\u0148 pohupuj\u00edc\u00edch se palem.\u00a0\u00a0<\/span><\/p>\n<p><span style=\"font-weight: 400;\">D\u00e1le budete moci nav\u0161t\u00edvit n\u011bkter\u00e9 z jeskyn\u00ed, kter\u00e9 byly pro Ta\u00edny obzvl\u00e1\u0161t\u011b d\u016fle\u017eit\u00e9. Cestovali od jeskyn\u011b k jeskyni a nav\u0161t\u011bvovali mudrce, ukr\u00fdvali se p\u0159ed hurik\u00e1ny a slou\u017eili jako m\u00edsta setk\u00e1v\u00e1n\u00ed s jin\u00fdmi kmeny. Jakmile se ocitnete v jeskyn\u00edch, budete moci ocenit ticho a posv\u00e1tnou auru t\u011bchto prostor. Uvid\u00edte n\u011bkter\u00e9 ze skaln\u00edch rytin, tzv. petroglyf\u016f, kter\u00e9 p\u0159edstavuj\u00ed jejich bo\u017estva a duchy. Nakonec budete moci ochutnat n\u011bkter\u00e9 z tropick\u00fdch plod\u016f, kter\u00e9 Ta\u00ednov\u00e9 sb\u00edrali, ne\u017e se vr\u00e1t\u00edte zp\u011bt na m\u00edsto setk\u00e1n\u00ed.\u00a0<\/span><\/p>\n<p><span style=\"font-weight: 400;\">B\u011bhem t\u00e9to prohl\u00eddky v\u00e1m na\u0161i odborn\u00ed pr\u016fvodci pop\u00ed\u0161\u00ed, jak se k\u00e1noe pou\u017e\u00edvaj\u00ed, jak \u017eili Ta\u00ednosov\u00e9 p\u0159ed Kolumbem a jak je mangrovov\u00fd les d\u016fle\u017eit\u00fd pro zdrav\u00ed \u017eivotn\u00edho prost\u0159ed\u00ed.\u00a0<\/span><\/p>\n<p>&nbsp;<\/p>\n<h4><em><strong>Co byste si m\u011bli vz\u00edt s sebou?<\/strong><\/em><\/h4>\n<ul>\n<li style=\"font-weight: 400;\"><span style=\"font-weight: 400;\">Fotoapar\u00e1t<\/span><\/li>\n<li style=\"font-weight: 400;\"><span style=\"font-weight: 400;\">Repelentn\u00ed pupeny<\/span><\/li>\n<li style=\"font-weight: 400;\"><span style=\"font-weight: 400;\">opalovac\u00ed kr\u00e9m<\/span><\/li>\n<li style=\"font-weight: 400;\"><span style=\"font-weight: 400;\">Klobouk<\/span><\/li>\n<li style=\"font-weight: 400;\"><span style=\"font-weight: 400;\">Pohodln\u00e9 kalhoty<\/span><\/li>\n<li style=\"font-weight: 400;\"><span style=\"font-weight: 400;\">Sand\u00e1ly nebo boty do bl\u00e1tiv\u00fdch oblast\u00ed.\u00a0<\/span><\/li>\n<li style=\"font-weight: 400;\"><span style=\"font-weight: 400;\">Plaveck\u00fd od\u011bv<\/span><\/li>\n<\/ul>\n<p>&nbsp;<\/p>\n<h4><b><i>Vyzvednut\u00ed Hotel <\/i><\/b><\/h4>\n<p><span style=\"font-weight: 400;\">Vyzvednut\u00ed v hotelu se u t\u00e9to prohl\u00eddky nenab\u00edz\u00ed. <\/span><\/p>\n<p><b>Pozn\u00e1mka:<\/b><span style=\"font-weight: 400;\"> pokud si rezervujete ubytov\u00e1n\u00ed do 24 hodin p\u0159ed odjezdem na v\u00fdlet\/exkurzi, m\u016f\u017eeme za\u0159\u00eddit vyzvednut\u00ed v hotelu za p\u0159\u00edplatek. Po dokon\u010den\u00ed n\u00e1kupu v\u00e1m za\u0161leme kompletn\u00ed kontaktn\u00ed informace (telefonn\u00ed \u010d\u00edslo, e-mailovou adresu atd.) pro na\u0161eho m\u00edstn\u00edho pr\u016fvodce, kter\u00fd zorganizuje vyzvednut\u00ed.<\/span><\/p>\n<h4><b><i>Dal\u0161\u00ed informace Potvrzen\u00ed <\/i><\/b><\/h4>\n<ol>\n<li>Vstupenky jsou stvrzenkou po zaplacen\u00ed t\u00e9to prohl\u00eddky. Platbu m\u016f\u017eete uk\u00e1zat na sv\u00e9m telefonu.<\/li>\n<li style=\"font-weight: 400;\"><span style=\"font-weight: 400;\">M\u00edsto setk\u00e1n\u00ed obdr\u017e\u00edte po dokon\u010den\u00ed rezervace.<\/span><\/li>\n<li style=\"font-weight: 400;\"><span style=\"font-weight: 400;\">D\u011bti mus\u00ed b\u00fdt v doprovodu dosp\u011bl\u00e9 osoby.<\/span><\/li>\n<li style=\"font-weight: 400;\"><span style=\"font-weight: 400;\"> Nen\u00ed bezbari\u00e9rov\u00fd <\/span><\/li>\n<li style=\"font-weight: 400;\"><span style=\"font-weight: 400;\">Kojenci mus\u00ed sed\u011bt na kl\u00edn\u011b <\/span><\/li>\n<li style=\"font-weight: 400;\"><span style=\"font-weight: 400;\">Nedoporu\u010duje se cestuj\u00edc\u00edm s probl\u00e9my se z\u00e1dy<\/span><\/li>\n<li style=\"font-weight: 400;\"><span style=\"font-weight: 400;\">Nedoporu\u010duje se t\u011bhotn\u00fdm cestovatelk\u00e1m <\/span><\/li>\n<li style=\"font-weight: 400;\"><span style=\"font-weight: 400;\"> \u017d\u00e1dn\u00e9 srde\u010dn\u00ed probl\u00e9my ani jin\u00e9 z\u00e1va\u017en\u00e9 zdravotn\u00ed pot\u00ed\u017ee <\/span><\/li>\n<li style=\"font-weight: 400;\"><span style=\"font-weight: 400;\">V\u011bt\u0161ina cestuj\u00edc\u00edch se m\u016f\u017ee z\u00fa\u010dastnit<\/span><\/li>\n<\/ol>\n<h4><b><i>Storno podm\u00ednky<\/i><\/b><\/h4>\n<p><span style=\"font-weight: 400;\">Chcete-li vr\u00e1tit pen\u00edze v pln\u00e9 v\u00fd\u0161i, zru\u0161te rezervaci alespo\u0148 72 hodin p\u0159ed datem zah\u00e1jen\u00ed z\u00e1\u017eitku.<\/span><\/p>\n\n\t\t<\/div>\n\t<\/div>\n<\/div><\/div><\/div><\/div><div class=\"vc_row wpb_row vc_row-fluid\" ><div class=\"wpb_column vc_column_container vc_col-sm-12\"><div class=\"vc_column-inner\"><div class=\"wpb_wrapper\"><div class=\"vc_empty_space\"   style=\"height: 32px\"><span class=\"vc_empty_space_inner\"><\/span><\/div>\n\t<div class=\"wpb_text_column wpb_content_element\" >\n\t\t<div class=\"wpb_wrapper\">\n\t\t\t<h4>Kontaktujte n\u00e1s?<\/h4>\n<h5>Rezervace dobrodru\u017estv\u00ed<\/h5>\n<p><em><strong>M\u00edstn\u00ed obyvatel\u00e9<\/strong>\u00a0a\u00a0<strong>N\u00e1rodn\u00ed str\u00e1nky<\/strong>\u00a0Pr\u016fvodci a slu\u017eby pro hosty<\/em><\/p>\n<p><span class=\"text-turquoise\">Rezervace:<\/span>\u00a0V\u00fdlety a exkurze v Dom. Rep.<\/p>\n<p><img decoding=\"async\" class=\"emoji\" draggable=\"false\" src=\"https:\/\/s.w.org\/images\/core\/emoji\/11.2.0\/svg\/1f4de.svg\" alt=\"\ud83d\udcde\" title=\"\">\u00a0Tel \/ Whatsapp\u00a0\u00a0<a href=\"tel:+1-809-720-6035\">+1-809-720-6035<\/a>.<\/p>\n<p><img decoding=\"async\" class=\"emoji\" draggable=\"false\" src=\"https:\/\/s.w.org\/images\/core\/emoji\/11.2.0\/svg\/1f4e9.svg\" alt=\"\ud83d\udce9\" title=\"\">\u00a0<a href=\"mailto:info@bookingadventures.com.do\">info@bookingadventures.com.do<\/a><\/p>\n<p><strong>Jsme flexibiln\u00ed nastaven\u00ed soukrom\u00e9 prohl\u00eddky p\u0159es Whatsapp:\u00a0<a href=\"tel:+18097206035\">+18097206035.<\/a><\/strong><\/p>\n\n\t\t<\/div>\n\t<\/div>\n<div class=\"vc_empty_space\"   style=\"height: 32px\"><span class=\"vc_empty_space_inner\"><\/span><\/div><\/div><\/div><\/div><\/div>","protected":false},"excerpt":{"rendered":"<p><span style=\"font-weight: 400;\">P\u0159i t\u00e9to aktivit\u011b se vyd\u00e1te na ru\u010dn\u011b vyroben\u00fdch k\u00e1no\u00edch, stejn\u011b jako to d\u011blali Ta\u00ednov\u00e9. Usly\u0161\u00edte mnoho zvuk\u016f, kter\u00e9 charakterizovaly jejich spojen\u00ed s p\u0159\u00edrodou: vol\u00e1n\u00ed je\u0159\u00e1b\u016f, pono\u0159ov\u00e1n\u00ed krab\u016f do vody a jemn\u00e9 \u0161plouch\u00e1n\u00ed vln o p\u0159\u00edrodn\u00ed skaln\u00ed \u00fatvary. Oblouky ko\u0159en\u016f mangrovn\u00edk\u016f v\u00e1m budou p\u0159ipom\u00ednat katedr\u00e1ly, a skute\u010dn\u011b, Ta\u00ednov\u00e9 (a\u010dkoli nem\u011bli kostely) byli hluboce duchovn\u00ed. Jakmile se s na\u0161\u00edm pr\u016fvodcem vyd\u00e1te na cestu, budete se kochat bohatou \u0161k\u00e1lou pt\u00e1k\u016f, plaz\u016f a ryb mangrovov\u00fdch porost\u016f. Osln\u00ed v\u00e1s t\u0159pyt vln mihotaj\u00edc\u00edch se v rann\u00edm sv\u011btle, hory Saman\u00e1 v d\u00e1lce a smaragdov\u00e1 zele\u0148 pohupuj\u00edc\u00edch se palem.\u00a0 <\/span><\/p>\n<p>&nbsp;<\/p>\n<p><strong>Zvolte pros\u00edm datum prohl\u00eddky :<\/strong><\/p>","protected":false},"featured_media":11231,"template":"","meta":[],"product_brand":[],"product_cat":[509,469,123,124],"product_tag":[126,127,510,511,145,150,197,198,199,132,133,200,470,201,114,147,148],"class_list":{"0":"post-11381","1":"product","2":"type-product","3":"status-publish","4":"has-post-thumbnail","6":"product_cat-los-haitises","7":"product_cat-mangroves-projects","8":"product_cat-tours-excursions-los-haitises-national-park","9":"product_cat-tours-excursions-samana-bay-dominican-republic","10":"product_tag-cano-hondo","11":"product_tag-cano-hondo-hotel","12":"product_tag-canoes","13":"product_tag-canoes-dominican-republic","14":"product_tag-day-tour-cano-hondo","15":"product_tag-kayak-dominican-republic","16":"product_tag-kayaking-dominican-republic","17":"product_tag-kayaking-los-haitises","18":"product_tag-kayaks","19":"product_tag-los-haitises","20":"product_tag-los-haitises-national-park","21":"product_tag-los-haitises-tours","22":"product_tag-mangroves-reforestation-in-los-haitises-with-locals","23":"product_tag-private-tours-samana","24":"product_tag-sabana-de-la-mar","25":"product_tag-samana-bay","26":"product_tag-samana-excursions","28":"first","29":"instock","30":"sale","31":"sold-individually","32":"shipping-taxable","33":"product-type-external"},"_links":{"self":[{"href":"https:\/\/haitises.com\/cs\/wp-json\/wp\/v2\/product\/11381","targetHints":{"allow":["GET"]}}],"collection":[{"href":"https:\/\/haitises.com\/cs\/wp-json\/wp\/v2\/product"}],"about":[{"href":"https:\/\/haitises.com\/cs\/wp-json\/wp\/v2\/types\/product"}],"wp:featuredmedia":[{"embeddable":true,"href":"https:\/\/haitises.com\/cs\/wp-json\/wp\/v2\/media\/11231"}],"wp:attachment":[{"href":"https:\/\/haitises.com\/cs\/wp-json\/wp\/v2\/media?parent=11381"}],"wp:term":[{"taxonomy":"product_brand","embeddable":true,"href":"https:\/\/haitises.com\/cs\/wp-json\/wp\/v2\/product_brand?post=11381"},{"taxonomy":"product_cat","embeddable":true,"href":"https:\/\/haitises.com\/cs\/wp-json\/wp\/v2\/product_cat?post=11381"},{"taxonomy":"product_tag","embeddable":true,"href":"https:\/\/haitises.com\/cs\/wp-json\/wp\/v2\/product_tag?post=11381"}],"curies":[{"name":"wp","href":"https:\/\/api.w.org\/{rel}","templated":true}]}}