{"id":11376,"date":"2021-08-15T20:09:01","date_gmt":"2021-08-15T20:09:01","guid":{"rendered":"http:\/\/haitises.com\/?post_type=product&#038;p=11376"},"modified":"2024-04-05T15:26:15","modified_gmt":"2024-04-05T15:26:15","slug":"turisticke-stezky-v-barahone-v-dominikanske-republice-cachote-mountains-tropicke-ovoce-plavani-2","status":"publish","type":"product","link":"https:\/\/haitises.com\/cs\/soukrome\/turisticke-stezky-v-barahone-v-dominikanske-republice-cachote-mountains-tropicke-ovoce-plavani-2\/","title":{"rendered":"Turistick\u00e9 trasy v Barahona (Dominik\u00e1nsk\u00e1 republika). Hory Cachote, tropick\u00e9 ovoce a koup\u00e1n\u00ed"},"content":{"rendered":"<div class=\"vc_row wpb_row vc_row-fluid\" ><div class=\"wpb_column vc_column_container vc_col-sm-12\"><div class=\"vc_column-inner\"><div class=\"wpb_wrapper\">[mkdf_section_title title_tag=\u00bb\u00bb disable_break_words=\u00bbno\u00bb subtitle_tag=\u00bb\u00bb title=\u00bbHiking trails in Barahona (Dominican Republic).\u00bb subtitle=\u00bbCachote Mountains, Tropical Fruits &amp; Swim\u00bb]<\/div><\/div><\/div><\/div><div class=\"vc_row wpb_row vc_row-fluid\" ><div class=\"wpb_column vc_column_container vc_col-sm-12\"><div class=\"vc_column-inner\"><div class=\"wpb_wrapper\">\n\t<div class=\"wpb_text_column wpb_content_element\" >\n\t\t<div class=\"wpb_wrapper\">\n\t\t\t<h4><b><i>P\u0159ehled<\/i><\/b><\/h4>\n<p>Enjoy a day hiking in the Mountains of Cachote, Barahona. Starting from Paraiso Comunity. Learning about coffee plantation areas. Swimming in Natural springs and one of the most beautiful beaches in the Dominican Republic with scenic photos.<\/p>\n<h4><b>Zahrnut\u00ed a vylou\u010den\u00ed<\/b><\/h4>\n<p>&nbsp;<\/p>\n<p><b>Inkluze<\/b><\/p>\n<ol>\n<li>M\u00edstn\u00ed pr\u016fvodce se zku\u0161enostmi s bezpe\u010dnost\u00ed v t\u00e9to oblasti.<\/li>\n<li>Soukrom\u00e1 doprava pro mal\u00e9 skupiny<\/li>\n<li>V\u0161echny dan\u011b, poplatky a manipula\u010dn\u00ed poplatky<\/li>\n<li>Pick up \/ Transportation from your hotel (Barahona \/ Para\u00edso \/ Los Patos area)<\/li>\n<li>Local guide who speaks English or French<\/li>\n<li>Typical lunch (sandwiches type) and a bottle of water<\/li>\n<li>M\u00edstn\u00ed dan\u011b<\/li>\n<li>Turistika<\/li>\n<li>P\u0159\u00edrodn\u00ed baz\u00e9ny<\/li>\n<\/ol>\n<p><b>V\u00fdjimky<\/b><\/p>\n<ol>\n<li>Spropitn\u00e9<\/li>\n<li>V\u0161echny n\u00e1poje<\/li>\n<li>All services not specifically mentioned<\/li>\n<li>Personal expenses and tips<\/li>\n<\/ol>\n<h4><em><strong>Odjezd a n\u00e1vrat<\/strong><\/em><\/h4>\n<p>Cestovatel z\u00edsk\u00e1 m\u00edsto setk\u00e1n\u00ed po procesu rezervace. Prohl\u00eddky za\u010d\u00ednaj\u00ed a kon\u010d\u00ed v m\u00edstech setk\u00e1n\u00ed.<\/p>\n<p>Difficulty: Medium-Difficult<br \/>\nDuration of the walk: 5-6 hours<br \/>\nElevation: 800 meters<br \/>\nDeparture from the Hotel: 08.00 AM<br \/>\nReturn to the Hotel: 05.00 PM<\/p>\n<h2 class=\"styles__heading___mD4_3\" data-radium=\"true\">Hiking trails in Barahona (Dominican Republic). Cachote Mountains, Tropical Fruits &amp; Swim<\/h2>\n<h4><em>Co o\u010dek\u00e1vat?<\/em><\/h4>\n<p>We will start this walk in the town of Ojeda, which is famous for its great production of typical Caribbean fruits and vegetables. Along the way, we can taste avocados, oranges, grapefruits, lemons, guavas, mangoes, papayas, sapotes, and soursop!<\/p>\n<p>After 1 hour and a half of climbing, we will reach an impressive point of view over the town of Para\u00edso, the Riosito, and the high mountains of Cachote.<\/p>\n<p>We will continue climbing in a colder and more humid climate until we reach the town of Barrio Nuevo where we will have lunch.<\/p>\n<p>In the afternoon we will cross a magnificent coffee farm on top of the mountain at 800 meters above sea level. Then we will go down for 1 hour until we reach the Riosito gorge where we can bathe in a beautiful natural pool surrounded by the tropical forest.<\/p>\n<p>Continue walking through the Riosito valley to end the day bathing at Paraiso beach.<\/p>\n<h4><em><strong>Co byste si m\u011bli vz\u00edt s sebou?<\/strong><\/em><\/h4>\n<ul>\n<li>Fotoapar\u00e1t<\/li>\n<li>Repelentn\u00ed pupeny<\/li>\n<li>opalovac\u00ed kr\u00e9m<\/li>\n<li>Voda<\/li>\n<li>Klobouk<\/li>\n<li>Pohodln\u00e9 kalhoty<\/li>\n<li>Turistick\u00e1 obuv do lesa<\/li>\n<li>Sand\u00e1ly do jarn\u00edch oblast\u00ed.<\/li>\n<li>Plaveck\u00fd od\u011bv<\/li>\n<\/ul>\n<p>&nbsp;<\/p>\n<h4><b><i>Vyzvednut\u00ed Hotel<\/i><\/b><\/h4>\n<p>Pro tento z\u00e1jezd je nab\u00edzeno vyzvednut\u00ed v hotelu. Vyzvednut\u00ed\/doprava z va\u0161eho hotelu (oblast Barahona\/Paraiso\/Los Patos).<\/p>\n<p><b>Pozn\u00e1mka:<\/b> If you are booking within 24 hours of the tour\/Excursion departure time, we can arrange hotel pick-up. We just pick up in Barahona areas. Once your purchase is complete, we will send you complete contact information (phone number, email address, etc.) for our local Tour guide to organize pick-up arrangements.<\/p>\n<h4><b><i>Dal\u0161\u00ed informace Potvrzen\u00ed<\/i><\/b><\/h4>\n<ol>\n<li>Vstupenky jsou stvrzenkou po zaplacen\u00ed t\u00e9to prohl\u00eddky. Platbu m\u016f\u017eete uk\u00e1zat na sv\u00e9m telefonu.<\/li>\n<li>M\u00edsto setk\u00e1n\u00ed obdr\u017e\u00edte po dokon\u010den\u00ed rezervace.<\/li>\n<li>D\u011bti mus\u00ed b\u00fdt v doprovodu dosp\u011bl\u00e9 osoby.<\/li>\n<li>Nen\u00ed bezbari\u00e9rov\u00fd<\/li>\n<li>Kojenci mus\u00ed sed\u011bt na kl\u00edn\u011b<\/li>\n<li>Nedoporu\u010duje se cestuj\u00edc\u00edm s probl\u00e9my se z\u00e1dy<\/li>\n<li>Nedoporu\u010duje se t\u011bhotn\u00fdm cestovatelk\u00e1m<\/li>\n<li>\u017d\u00e1dn\u00e9 srde\u010dn\u00ed probl\u00e9my ani jin\u00e9 z\u00e1va\u017en\u00e9 zdravotn\u00ed pot\u00ed\u017ee<\/li>\n<li>V\u011bt\u0161ina cestuj\u00edc\u00edch se m\u016f\u017ee z\u00fa\u010dastnit<\/li>\n<\/ol>\n<h4><b><i>Storno podm\u00ednky<\/i><\/b><\/h4>\n<p>Pro vr\u00e1cen\u00ed pln\u00e9 \u010d\u00e1stky zru\u0161te alespo\u0148 72 hodin p\u0159ed datem zah\u00e1jen\u00ed z\u00e1\u017eitku. Prost\u0159edky budou ztraceny, pokud bude rezervace zru\u0161ena ve stejn\u00fd den cesty.<\/p>\n\n\t\t<\/div>\n\t<\/div>\n<\/div><\/div><\/div><\/div>","protected":false},"excerpt":{"rendered":"<p>Kupte si celodenn\u00ed vstupenky do Bahia las Aguilas z Barahony. Projedete n\u00e1rodn\u00edm parkem Jaragua a m\u00ed\u0159\u00edte do Cabo Rojo, kde na v\u00e1s \u010dek\u00e1 lo\u010f. Po 15 minut\u00e1ch j\u00edzdy lod\u00ed se dostanete na kr\u00e1snou a izolovanou Bah\u00eda de las \u00c1guilas, kter\u00e1 je pova\u017eov\u00e1na za nejkr\u00e1sn\u011bj\u0161\u00ed pl\u00e1\u017e v zemi. Ob\u011bd se bude pod\u00e1vat na pl\u00e1\u017ei a vy m\u00e1te mo\u017enost j\u00edt si zaplavat nebo jen tak relaxovat na pl\u00e1\u017ei. U\u017eijte si nedot\u010den\u00fd b\u00edl\u00fd p\u00edsek t\u00e9to 8 km dlouh\u00e9 pl\u00e1\u017ee.<\/p>\n<p>&nbsp;<\/p>\n<p><strong>Vyberte den pro tento v\u00fdlet:<\/strong><\/p>","protected":false},"featured_media":11170,"template":"","meta":[],"product_brand":[],"product_cat":[478,135],"product_tag":[479,407,480,481],"class_list":{"0":"post-11376","1":"product","2":"type-product","3":"status-publish","4":"has-post-thumbnail","6":"product_cat-barahona","7":"product_cat-lunch","8":"product_tag-barahona-hiking","9":"product_tag-barahona-tours","10":"product_tag-cachote-tour","11":"product_tag-paraiso-tour","13":"first","14":"instock","15":"sale","16":"sold-individually","17":"shipping-taxable","18":"product-type-external"},"_links":{"self":[{"href":"https:\/\/haitises.com\/cs\/wp-json\/wp\/v2\/product\/11376","targetHints":{"allow":["GET"]}}],"collection":[{"href":"https:\/\/haitises.com\/cs\/wp-json\/wp\/v2\/product"}],"about":[{"href":"https:\/\/haitises.com\/cs\/wp-json\/wp\/v2\/types\/product"}],"wp:featuredmedia":[{"embeddable":true,"href":"https:\/\/haitises.com\/cs\/wp-json\/wp\/v2\/media\/11170"}],"wp:attachment":[{"href":"https:\/\/haitises.com\/cs\/wp-json\/wp\/v2\/media?parent=11376"}],"wp:term":[{"taxonomy":"product_brand","embeddable":true,"href":"https:\/\/haitises.com\/cs\/wp-json\/wp\/v2\/product_brand?post=11376"},{"taxonomy":"product_cat","embeddable":true,"href":"https:\/\/haitises.com\/cs\/wp-json\/wp\/v2\/product_cat?post=11376"},{"taxonomy":"product_tag","embeddable":true,"href":"https:\/\/haitises.com\/cs\/wp-json\/wp\/v2\/product_tag?post=11376"}],"curies":[{"name":"wp","href":"https:\/\/api.w.org\/{rel}","templated":true}]}}