{"id":11357,"date":"2021-08-15T20:08:48","date_gmt":"2021-08-15T20:08:48","guid":{"rendered":"http:\/\/haitises.com\/?post_type=product&#038;p=11357"},"modified":"2024-04-06T18:45:35","modified_gmt":"2024-04-06T18:45:35","slug":"27-waterfalls-of-damajagua-tour-from-cabarete-sosua-and-puerto-plata-hotels-pick-up-2","status":"publish","type":"product","link":"https:\/\/haitises.com\/cs\/soukrome\/27-waterfalls-of-damajagua-tour-from-cabarete-sosua-and-puerto-plata-hotels-pick-up-2\/","title":{"rendered":"27 Vodop\u00e1dy Damajagua Tour z Cabarete, Sosua a Puerto Plata. Vyzvednut\u00ed v hotelech."},"content":{"rendered":"<div class=\"vc_row wpb_row vc_row-fluid\" ><div class=\"wpb_column vc_column_container vc_col-sm-12\"><div class=\"vc_column-inner\"><div class=\"wpb_wrapper\">[mkdf_section_title title_tag=\u00bb\u00bb disable_break_words=\u00bbno\u00bb subtitle_tag=\u00bb\u00bb title=\u00bb27 Waterfalls of Damajagua Tour from Cabarete, Sosua and Puerto Plata.\u00bb subtitle=\u00bbTransportation &amp; Lunch Included\u00bb]<\/div><\/div><\/div><\/div><div class=\"vc_row wpb_row vc_row-fluid\" ><div class=\"wpb_column vc_column_container vc_col-sm-12\"><div class=\"vc_column-inner\"><div class=\"wpb_wrapper\">\n\t<div class=\"wpb_text_column wpb_content_element\" >\n\t\t<div class=\"wpb_wrapper\">\n\t\t\t<h3 class=\"ui_header h1 attractions-product-info-ProductTitle__title--1qM0o\">27 vodop\u00e1d\u016f Damajagua V\u00fdlet z Puerto Plata. P\u016fldenn\u00ed v\u00fdlet.<\/h3>\n<h4><b><i>P\u0159ehled <\/i><\/b><\/h4>\n<p>Z\u00edskejte vstupenky na p\u016fldenn\u00ed v\u00fdlet zde ve vodop\u00e1du 27 z Damajaguy. Vstupenky s ob\u011bdem a exkurz\u00ed zahrnuj\u00ed skok a koup\u00e1n\u00ed v nejkr\u00e1sn\u011bj\u0161\u00edch vodop\u00e1dech Dominik\u00e1nsk\u00e9 republiky. Turistika a plav\u00e1n\u00ed s bezpe\u010dnostn\u00edm vybaven\u00edm, abyste m\u011bli ten nejlep\u0161\u00ed z\u00e1\u017eitek!<\/p>\n<p>Po t\u00e9to zku\u0161enosti se dostanete zp\u011bt na m\u00edsto, kde se setk\u00e1te s pr\u016fvodcem.<\/p>\n<ul>\n<li style=\"font-weight: 400;\">V\u010detn\u011b poplatk\u016f<\/li>\n<li>Ob\u011bd<\/li>\n<li>Ob\u010derstven\u00ed<\/li>\n<li style=\"font-weight: 400;\">M\u00edstn\u00ed pr\u016fvodce v angli\u010dtin\u011b<\/li>\n<\/ul>\n<p>&nbsp;<\/p>\n<h4><b>Zahrnut\u00ed a vylou\u010den\u00ed<\/b><\/h4>\n<p>&nbsp;<\/p>\n<p><b>Inkluze<\/b><\/p>\n<ol>\n<li>\u00a0 27 vodop\u00e1d\u016f Damajaguy (v sou\u010dasn\u00e9 dob\u011b existuje pouze 12 a 7 vodop\u00e1dov\u00fdch v\u00fdlet\u016f)<\/li>\n<li>\u00a0 Bufet v\u010detn\u011b n\u00e1poj\u016f a tropick\u00fdch n\u00e1poj\u016f<\/li>\n<li>\u00a0 V\u0161echny dan\u011b, poplatky a manipula\u010dn\u00ed poplatky<\/li>\n<li>\u00a0 M\u00edstn\u00ed dan\u011b<\/li>\n<li>\u00a0 V\u0161echny aktivity<\/li>\n<li>\u00a0 M\u00edstn\u00ed pr\u016fvodce<\/li>\n<li>\u00a0 N\u00e1v\u0161t\u011bva tov\u00e1rny na doutn\u00edky<\/li>\n<\/ol>\n<p><b> V\u00fdjimky<\/b><\/p>\n<ol>\n<li style=\"font-weight: 400;\"><span style=\"font-weight: 400;\">Spropitn\u00e9<\/span><\/li>\n<\/ol>\n<h4><em><strong>Odjezd a n\u00e1vrat<\/strong><\/em><\/h4>\n<p><span style=\"font-weight: 400;\">M\u00e1me rozvrh navr\u017een\u00fd tak, abychom v\u00e1s vyzvedli a odvezli na z\u00e1klad\u011b oblasti, ve kter\u00e9 se nach\u00e1z\u00edte. Podrobn\u00e9 informace naleznete n\u00ed\u017ee v sekci vyzvednut\u00ed hotelu. <\/span><\/p>\n<p>Toto je program, kter\u00fd jsme nastavili na z\u00e1klad\u011b va\u0161ich um\u00edst\u011bn\u00ed. Sd\u011blte n\u00e1m pros\u00edm sv\u016fj konkr\u00e9tn\u00ed hotel a my v\u00e1s budeme kontaktovat, abychom v\u00e1m \u0159ekli, kde se s v\u00e1mi setk\u00e1me.<\/p>\n<p>&nbsp;<\/p>\n<table style=\"height: 246px;\" width=\"237\">\n<tbody>\n<tr>\n<td><b>m\u00edsto<\/b><\/td>\n<td><b>\u010das<\/b><\/td>\n<\/tr>\n<tr>\n<td><b>Cabarete<\/b><\/td>\n<td><b>7:45<\/b><\/td>\n<\/tr>\n<tr>\n<td><b>Sosua<\/b><\/td>\n<td><b>8:10<\/b><\/td>\n<\/tr>\n<tr>\n<td><b>Zlat\u00e1 pl\u00e1\u017e<\/b><\/td>\n<td><b>8:50<\/b><\/td>\n<\/tr>\n<tr>\n<td><b>Zlat\u00e9 pob\u0159e\u017e\u00ed<\/b><\/td>\n<td><b>9:00<\/b><\/td>\n<\/tr>\n<tr>\n<td><b>Cofresi (\u017eivotn\u00ed styl)<\/b><\/td>\n<td><b>9:20<\/b><\/td>\n<\/tr>\n<tr>\n<td><b>Sen\u00e1t<\/b><\/td>\n<td><b>9:30<\/b><\/td>\n<\/tr>\n<\/tbody>\n<\/table>\n<h4><\/h4>\n<h3 class=\"ui_header h1 attractions-product-info-ProductTitle__title--1qM0o\">27 vodop\u00e1d\u016f Damajagua V\u00fdlet z Puerto Plata.<\/h3>\n<h4><b><i>Co o\u010dek\u00e1vat?<\/i><\/b><\/h4>\n<div class=\"apd_content_block\" data-tab=\"TABS_OVERVIEW\">\n<div class=\"ui_card section attractions-product-details-Overview__sectionMargin--uHktd attractions-product-details-Overview__cleanslateOverrideDT--39Ov7\">\n<p>Objevte odlehl\u00e9 vodop\u00e1dy Damajagua, zastr\u010den\u00e9 v kopc\u00edch Severn\u00edho koridoru Dominik\u00e1nsk\u00e9 republiky, na tomto celodenn\u00edm v\u00fdletu z Puerto Plata. Prozkoumejte se sv\u00fdm m\u00edstn\u00edm pr\u016fvodcem 27 nedot\u010den\u00fdch vodop\u00e1d\u016f, kask\u00e1dov\u00fdch po v\u00e1penc\u00edch. Z\u00edskejte kr\u00e1tkou bezpe\u010dnostn\u00ed instrukt\u00e1\u017e, pot\u00e9 sk\u00e1kejte, plavte a sj\u00ed\u017ed\u011bjte p\u0159\u00edrodn\u00ed tobog\u00e1ny.<\/p>\n<p>Ob\u011bd a n\u00e1poje jsou v cen\u011b. M\u00edrn\u00e1 40minutov\u00e1 t\u00fara do kopce kr\u00e1snou krajinou d\u017eungle v\u00e1s zavede k 12. vodop\u00e1du, nebo pokud jste ve skv\u011bl\u00e9 fyzick\u00e9 kondici, vyberte si t\u00faru a\u017e na vrchol 27 vodop\u00e1d\u016f (p\u0159ibli\u017en\u011b 70 minut) a za\u017eijte to v\u0161echno. .<\/p>\n<p>A\u0165 tak \u010di onak, va\u0161e skute\u010dn\u00e1 z\u00e1bava za\u010d\u00edn\u00e1, kdy\u017e se vyd\u00e1me zp\u011bt dol\u016f po \u0159ece a vy sk\u00e1\u010dete, klou\u017eete a plavete si p\u0159es \u0159adu velkolep\u00fdch vodop\u00e1d\u016f, ka\u0148on\u016f a azurov\u00fdch jez\u00edrek, kter\u00e9 se vyno\u0159uj\u00ed s hloup\u00fdm \u00fasm\u011bvem na tv\u00e1\u0159i a neuv\u011b\u0159iteln\u00fdmi vzpom\u00ednkami, kter\u00e9 si budete pamatovat! Prohl\u00eddky zahrnuj\u00ed skoky a\u017e z 25 stop (8 metr\u016f), ale nebojte se, pokud v\u00e1m sk\u00e1k\u00e1n\u00ed nen\u00ed nep\u0159\u00edjemn\u00e9, existuje alternativn\u00ed cesta dol\u016f.<\/p>\n<p>Po 15 minut\u00e1ch ch\u016fze zp\u011bt do z\u00e1kladn\u00edho t\u00e1bora a p\u0159evle\u010den\u00ed do such\u00e9ho oble\u010den\u00ed si vychutnejte lahodn\u00fd a rozmanit\u00fd dominik\u00e1nsk\u00fd ob\u011bd formou bufetu, kter\u00fd zahrnuje grilovan\u00e9 ku\u0159ec\u00ed a vep\u0159ov\u00e9 maso, du\u0161en\u00e1 masa, r\u00fd\u017ei, t\u011bstoviny a sal\u00e1ty.<\/p>\n<p>M\u00edstn\u00ed rumov\u00e9 n\u00e1poje, limon\u00e1dy a voda jsou tak\u00e9 zahrnuty (pivo je k dispozici, ale nen\u00ed zahrnuto). Po j\u00eddle se rozlou\u010d\u00edte s m\u00edstn\u00edmi pr\u016fvodci, ale vzpom\u00ednky na tento z\u00e1\u017eitek v\u00e1m z\u016fstanou na cel\u00fd \u017eivot. A to nen\u00ed v\u0161e, pak p\u016fjdete do tov\u00e1rny na doutn\u00edky, kde uvid\u00edte, jak je p\u0159ipravuj\u00ed, a tak\u00e9 si je m\u016f\u017eete v p\u0159\u00edpad\u011b z\u00e1jmu sehnat. Pamatujte, \u017ee Dominik\u00e1nsk\u00e1 republika je jednou z nejlep\u0161\u00edch zem\u00ed na v\u00fdrobu doutn\u00edk\u016f, tak\u017ee toto je va\u0161e \u0161ance u\u010dit se od nejlep\u0161\u00edch u\u010ditel\u016f v\u0161ech dob.<\/p>\n<\/div>\n<\/div>\n<h4><em><strong>Co byste si m\u011bli vz\u00edt s sebou?<\/strong><\/em><\/h4>\n<ul>\n<li style=\"font-weight: 400;\"><span style=\"font-weight: 400;\">Fotoapar\u00e1t<\/span><\/li>\n<li style=\"font-weight: 400;\"><span style=\"font-weight: 400;\">Repelentn\u00ed pupeny<\/span><\/li>\n<li style=\"font-weight: 400;\"><span style=\"font-weight: 400;\">opalovac\u00ed kr\u00e9m<\/span><\/li>\n<li style=\"font-weight: 400;\"><span style=\"font-weight: 400;\">Klobouk<\/span><\/li>\n<li style=\"font-weight: 400;\"><span style=\"font-weight: 400;\">Pohodln\u00e9 kalhoty<\/span><\/li>\n<li style=\"font-weight: 400;\"><span style=\"font-weight: 400;\">Turistick\u00e1 obuv do lesa<\/span><\/li>\n<li style=\"font-weight: 400;\"><span style=\"font-weight: 400;\">Sand\u00e1ly do jarn\u00edch oblast\u00ed.<\/span><\/li>\n<li style=\"font-weight: 400;\"><span style=\"font-weight: 400;\">Plaveck\u00fd od\u011bv<\/span><\/li>\n<\/ul>\n<p>&nbsp;<\/p>\n<h4><b><i>Vyzvednut\u00ed Hotel <\/i><\/b><\/h4>\n<p><span style=\"font-weight: 400;\">Pro tento z\u00e1jezd je nab\u00edzeno vyzvednut\u00ed v hotelu. Nastavili jsme Pick up, aby n\u00e1s kontaktoval p\u0159es Whatsapp.<\/span><\/p>\n<p>&nbsp;<\/p>\n<p><b>Pozn\u00e1mka:<\/b><span style=\"font-weight: 400;\"> Pokud jste rezervov\u00e1ni do 24 hodin od \u010dasu odjezdu prohl\u00eddky\/exkurze, m\u016f\u017eeme zajistit vyzvednut\u00ed v hotelu. Jakmile bude v\u00e1\u0161 n\u00e1kup dokon\u010den, za\u0161leme v\u00e1m kompletn\u00ed kontaktn\u00ed informace (telefonn\u00ed \u010d\u00edslo, e-mailovou adresu atd.) pro na\u0161eho m\u00edstn\u00edho pr\u016fvodce, abychom mohli zajistit vyzvednut\u00ed.<\/span><\/p>\n<h4><b><i>Dal\u0161\u00ed informace Potvrzen\u00ed <\/i><\/b><\/h4>\n<ol>\n<li>Vstupenky jsou stvrzenkou po zaplacen\u00ed t\u00e9to prohl\u00eddky. Platbu m\u016f\u017eete uk\u00e1zat na sv\u00e9m telefonu.<\/li>\n<li style=\"font-weight: 400;\"><span style=\"font-weight: 400;\">M\u00edsto setk\u00e1n\u00ed obdr\u017e\u00edte po dokon\u010den\u00ed rezervace.<\/span><\/li>\n<li style=\"font-weight: 400;\"><span style=\"font-weight: 400;\">D\u011bti mus\u00ed b\u00fdt v doprovodu dosp\u011bl\u00e9 osoby.<\/span><\/li>\n<li style=\"font-weight: 400;\"><span style=\"font-weight: 400;\"> Nen\u00ed bezbari\u00e9rov\u00fd <\/span><\/li>\n<li style=\"font-weight: 400;\"><span style=\"font-weight: 400;\">Kojenci mus\u00ed sed\u011bt na kl\u00edn\u011b <\/span><\/li>\n<li style=\"font-weight: 400;\"><span style=\"font-weight: 400;\">Nedoporu\u010duje se cestuj\u00edc\u00edm s probl\u00e9my se z\u00e1dy<\/span><\/li>\n<li style=\"font-weight: 400;\"><span style=\"font-weight: 400;\">Nedoporu\u010duje se t\u011bhotn\u00fdm cestovatelk\u00e1m <\/span><\/li>\n<li style=\"font-weight: 400;\"><span style=\"font-weight: 400;\"> \u017d\u00e1dn\u00e9 srde\u010dn\u00ed probl\u00e9my ani jin\u00e9 z\u00e1va\u017en\u00e9 zdravotn\u00ed pot\u00ed\u017ee <\/span><\/li>\n<li style=\"font-weight: 400;\"><span style=\"font-weight: 400;\">V\u011bt\u0161ina cestuj\u00edc\u00edch se m\u016f\u017ee z\u00fa\u010dastnit<\/span><\/li>\n<\/ol>\n<h4><b><i>Storno podm\u00ednky<\/i><\/b><\/h4>\n<p><span style=\"font-weight: 400;\">Pro vr\u00e1cen\u00ed cel\u00e9 \u010d\u00e1stky zru\u0161te alespo\u0148 24 hodin p\u0159ed datem zah\u00e1jen\u00ed z\u00e1\u017eitku. Prost\u0159edky budou ztraceny, pokud bude rezervace zru\u0161ena ve stejn\u00fd den cesty.<\/span><\/p>\n\n\t\t<\/div>\n\t<\/div>\n<\/div><\/div><\/div><\/div><div class=\"vc_row wpb_row vc_row-fluid\" ><div class=\"wpb_column vc_column_container vc_col-sm-12\"><div class=\"vc_column-inner\"><div class=\"wpb_wrapper\">\n\t<div class=\"wpb_video_widget wpb_content_element vc_clearfix   vc_video-aspect-ratio-169 vc_video-el-width-100 vc_video-align-left\" >\n\t\t<div class=\"wpb_wrapper\">\n\t\t\t<h2 class=\"wpb_heading wpb_video_heading\">Prohl\u00eddka 27 vodop\u00e1d\u016f Damajagua z Puerto Plata:<\/h2>\n\t\t\t<div class=\"wpb_video_wrapper\"><iframe loading=\"lazy\" title=\"27 vodop\u00e1d\u016f Damajagua od Booking Adventures &amp; Travel Dominik\u00e1nsk\u00e1 republika\" width=\"1100\" height=\"619\" src=\"https:\/\/www.youtube.com\/embed\/AVNh_we_RQE?start=17&feature=oembed\" frameborder=\"0\" allow=\"accelerometer; autoplay; clipboard-write; encrypted-media; gyroscope; picture-in-picture\" allowfullscreen><\/iframe><\/div>\n\t\t<\/div>\n\t<\/div>\n<\/div><\/div><\/div><\/div><div class=\"vc_row wpb_row vc_row-fluid\" ><div class=\"wpb_column vc_column_container vc_col-sm-12\"><div class=\"vc_column-inner\"><div class=\"wpb_wrapper\"><div class=\"vc_empty_space\"   style=\"height: 32px\"><span class=\"vc_empty_space_inner\"><\/span><\/div>\n\t<div class=\"wpb_text_column wpb_content_element\" >\n\t\t<div class=\"wpb_wrapper\">\n\t\t\t<h4>Kontaktujte n\u00e1s?<\/h4>\n<h5><em><strong>Rezervace dobrodru\u017estv\u00ed<\/strong><\/em><\/h5>\n<p><em><strong>M\u00edstn\u00ed obyvatel\u00e9<\/strong>\u00a0a\u00a0<strong>N\u00e1rodn\u00ed str\u00e1nky<\/strong>\u00a0Pr\u016fvodci a slu\u017eby pro hosty<\/em><\/p>\n<p><span class=\"text-turquoise\">Rezervace:<\/span>\u00a0V\u00fdlety a exkurze v Dom. Rep.<\/p>\n<p><img decoding=\"async\" class=\"emoji\" draggable=\"false\" src=\"https:\/\/s.w.org\/images\/core\/emoji\/11.2.0\/svg\/1f4de.svg\" alt=\"\ud83d\udcde\" title=\"\">\u00a0Tel \/ Whatsapp\u00a0\u00a0<a href=\"tel:+1-809-720-6035\">+1-809-720-6035<\/a>.<\/p>\n<p><img decoding=\"async\" class=\"emoji\" draggable=\"false\" src=\"https:\/\/s.w.org\/images\/core\/emoji\/11.2.0\/svg\/1f4e9.svg\" alt=\"\ud83d\udce9\" title=\"\">\u00a0<a href=\"mailto:info@bookingadventures.com.do\">info@bookingadventures.com.do<\/a><\/p>\n<p><strong>Jsme flexibiln\u00ed nastaven\u00ed soukrom\u00e9 prohl\u00eddky p\u0159es Whatsapp:\u00a0<a href=\"tel:+18097206035\">+18097206035.<\/a><\/strong><\/p>\n\n\t\t<\/div>\n\t<\/div>\n<div class=\"vc_empty_space\"   style=\"height: 32px\"><span class=\"vc_empty_space_inner\"><\/span><\/div><\/div><\/div><\/div><\/div>","protected":false},"excerpt":{"rendered":"<p>Z hotel\u016f v Cabarete, Sosua nebo Puerto Plata. Tato exkurze z 27 vodop\u00e1d\u016f Damajagua v Puerto Plata, ob\u011bd a exkurze u 27 vodop\u00e1d\u016f, p\u011b\u0161\u00ed turistika a sk\u00e1k\u00e1n\u00ed do \u0159eky.<\/p>\n<p>Ekologick\u00fd v\u00fdlet k 27 vodop\u00e1d\u016fm Puerto Plata. Z\u00edskejte vstupenky na p\u016fldenn\u00ed v\u00fdlet zde ve vodop\u00e1du 27 z Damajaguy. Vstupenky s ob\u011bdem a exkurz\u00ed zahrnuj\u00ed skok a koup\u00e1n\u00ed v nejkr\u00e1sn\u011bj\u0161\u00edch vodop\u00e1dech Dominik\u00e1nsk\u00e9 republiky. Turistika a plav\u00e1n\u00ed s bezpe\u010dnostn\u00edm vybaven\u00edm, abyste m\u011bli ten nejlep\u0161\u00ed z\u00e1\u017eitek!<\/p>\n<p><em><strong>Vyberte pros\u00edm datum prohl\u00eddky:\u00a0<\/strong><\/em><\/p>","protected":false},"featured_media":275,"template":"","meta":[],"product_brand":[],"product_cat":[239,429,100],"product_tag":[242,243,244,245,246,247,248,249,250,251,252,253,254,255,256,257,258],"class_list":{"0":"post-11357","1":"product","2":"type-product","3":"status-publish","4":"has-post-thumbnail","6":"product_cat-27-waterfalls","7":"product_cat-group-tours-excursions","8":"product_cat-waterfalls","9":"product_tag-27-charcos-de-damajagua","10":"product_tag-27-waterfalls","11":"product_tag-27-waterfalls-dominican-republic","12":"product_tag-27-waterfalls-dominican-republic-facts","13":"product_tag-27-waterfalls-excursion","14":"product_tag-27-waterfalls-puerto-plata","15":"product_tag-amber-cove-cruise-terminal-27-waterfalls","16":"product_tag-amber-cove-excursions","17":"product_tag-damajagua-falls-tours","18":"product_tag-damajagua-national-park","19":"product_tag-excursion-27-waterfalls","20":"product_tag-how-to-get-to-27-waterfalls-from-puerto-plata","21":"product_tag-jumping-27-waterfalls","22":"product_tag-los-27-charcos-de-puerto-plata","23":"product_tag-puerto-plata","24":"product_tag-things-to-do-in-amber-cove","25":"product_tag-tour-27-waterfalls","27":"first","28":"instock","29":"sale","30":"sold-individually","31":"shipping-taxable","32":"product-type-external"},"_links":{"self":[{"href":"https:\/\/haitises.com\/cs\/wp-json\/wp\/v2\/product\/11357","targetHints":{"allow":["GET"]}}],"collection":[{"href":"https:\/\/haitises.com\/cs\/wp-json\/wp\/v2\/product"}],"about":[{"href":"https:\/\/haitises.com\/cs\/wp-json\/wp\/v2\/types\/product"}],"wp:featuredmedia":[{"embeddable":true,"href":"https:\/\/haitises.com\/cs\/wp-json\/wp\/v2\/media\/275"}],"wp:attachment":[{"href":"https:\/\/haitises.com\/cs\/wp-json\/wp\/v2\/media?parent=11357"}],"wp:term":[{"taxonomy":"product_brand","embeddable":true,"href":"https:\/\/haitises.com\/cs\/wp-json\/wp\/v2\/product_brand?post=11357"},{"taxonomy":"product_cat","embeddable":true,"href":"https:\/\/haitises.com\/cs\/wp-json\/wp\/v2\/product_cat?post=11357"},{"taxonomy":"product_tag","embeddable":true,"href":"https:\/\/haitises.com\/cs\/wp-json\/wp\/v2\/product_tag?post=11357"}],"curies":[{"name":"wp","href":"https:\/\/api.w.org\/{rel}","templated":true}]}}