{"id":11355,"date":"2021-08-15T20:08:48","date_gmt":"2021-08-15T20:08:48","guid":{"rendered":"http:\/\/haitises.com\/?post_type=product&#038;p=11355"},"modified":"2024-04-06T17:53:09","modified_gmt":"2024-04-06T17:53:09","slug":"birdwatching-punta-cana-birding-tours-from-punta-cana-to-los-haitises-national-park","status":"publish","type":"product","link":"https:\/\/haitises.com\/cs\/soukrome\/birdwatching-punta-cana-birding-tours-from-punta-cana-to-los-haitises-national-park\/","title":{"rendered":"Pozorov\u00e1n\u00ed pt\u00e1k\u016f Punta Cana - V\u00fdlety za pt\u00e1ky z Punta Cany do n\u00e1rodn\u00edho parku Los Haitises"},"content":{"rendered":"<div class=\"vc_row wpb_row vc_row-fluid\" ><div class=\"wpb_column vc_column_container vc_col-sm-12\"><div class=\"vc_column-inner\"><div class=\"wpb_wrapper\">[mkdf_section_title title_tag=\u00bb\u00bb disable_break_words=\u00bbno\u00bb subtitle_tag=\u00bb\u00bb title=\u00bbBirding Tours from Punta Cana to Los Haitises National Park\u00bb subtitle=\u00bbBirdwatching in Los Haitises National Park\u00bb]<\/div><\/div><\/div><\/div><div class=\"vc_row wpb_row vc_row-fluid\" ><div class=\"wpb_column vc_column_container vc_col-sm-12\"><div class=\"vc_column-inner\"><div class=\"wpb_wrapper\">\n\t<div class=\"wpb_text_column wpb_content_element\" >\n\t\t<div class=\"wpb_wrapper\">\n\t\t\t<h4><b><i>P\u0159ehled <\/i><\/b><\/h4>\n<section><\/section>\n<p>Pouze n\u00e1v\u0161t\u011bvy nab\u00edzen\u00e9 v Dominik\u00e1nsk\u00e9 republice s n\u00e1rodn\u00edmi a m\u00edstn\u00edmi turistick\u00fdmi pr\u016fvodci certifikovan\u00fdmi ministerstvem cestovn\u00edho ruchu v Dominik\u00e1nsk\u00e9 republice. Kontaktujte p\u0159\u00edm\u00e9 m\u00edstn\u00ed odborn\u00edky a nav\u0161tivte n\u00e1rodn\u00ed park Los Haitises. Zat\u00edmco v\u011bt\u0161ina lid\u00ed vyr\u00e1\u017e\u00ed lod\u00ed prozkoumat park a jeho jeskyn\u011b, ostrovy. Zam\u011b\u0159\u00edme se na studium ornitolog\u016f v n\u00e1rodn\u00edm parku Los Haitises. U\u017e\u00edv\u00e1n\u00ed a pozn\u00e1v\u00e1n\u00ed Projekt\u016f na ochranu p\u0159\u00edrody na soukrom\u00fdch cest\u00e1ch.<\/p>\n<p>Chr\u00e1n\u00edme 110 druh\u016f pt\u00e1k\u016f, kter\u00e9 m\u016f\u017eete naj\u00edt v n\u00e1rodn\u00edm parku Los Haitises. Proch\u00e1zka t\u00edmto kouzeln\u00fdm lesem p\u0159i hled\u00e1n\u00ed papou\u0161k\u016f, Todys\u016f, Ridgwayov\u00fdch jest\u0159\u00e1b\u016f, tanager\u016f, kolib\u0159\u00edk\u016f a mnoha dal\u0161\u00edch. Poskytov\u00e1n\u00ed zaj\u00edmav\u00e9 historie o v\u0161ech t\u011bchto pt\u00e1c\u00edch, kter\u00e9 m\u016f\u017eete vid\u011bt na stezce Humit. Zn\u00e1me stanovi\u0161t\u011b skvrn Ridgway&#039;s, Ashy Faced Owls a dal\u0161\u00edch endemick\u00fdch druh\u016f. Tato prohl\u00eddka se zam\u011b\u0159uje na p\u0159\u00edrodu a je v\u00edce zam\u011b\u0159ena na informace o voln\u011b \u017eij\u00edc\u00edch zv\u00ed\u0159atech s o\u010dek\u00e1van\u00fdmi m\u00edstn\u00edmi pr\u016fvodci certifikovan\u00fdmi jako ornitolog.<\/p>\n<p><strong>Obvykle se jedn\u00e1 o soukromou prohl\u00eddku pro skute\u010dn\u011b kvalitn\u00ed z\u00e1\u017eitek.<\/strong><\/p>\n<p>Pod\u00edvejte se zde na seznam nej\u010dast\u011bj\u0161\u00edch pt\u00e1k\u016f na na\u0161ich cest\u00e1ch: <a href=\"https:\/\/avibase.bsc-eoc.org\/checklist.jsp?lang=ES&amp;p2=1&amp;list=clements&amp;synlang=EN&amp;region=DO0005&amp;version=text&amp;lifelist=&amp;highlight=0\" target=\"_blank\" rel=\"noopener\"><strong>KLIKN\u011aTE ZDE<\/strong><\/a><\/p>\n<h4><\/h4>\n<h4><b>Zahrnut\u00ed a vylou\u010den\u00ed<\/b><\/h4>\n<p><b>Inkluze<\/b><\/p>\n<ol>\n<li style=\"font-weight: 400;\">3 hodiny pta\u010d\u00ed proch\u00e1zky po stezk\u00e1ch v parku<\/li>\n<li style=\"font-weight: 400;\"><span style=\"font-weight: 400;\">V\u0161echny dan\u011b, poplatky a manipula\u010dn\u00ed poplatky<\/span><\/li>\n<li style=\"font-weight: 400;\"><span style=\"font-weight: 400;\">M\u00edstn\u00ed dan\u011b<\/span><\/li>\n<li>Ob\u011bd<\/li>\n<li style=\"font-weight: 400;\">\u00da\u0159edn\u00edci Ekologov\u00e9 pr\u016fvodce anglicky\/\u0161pan\u011blsky<\/li>\n<li>Transfer z Punta Cana<\/li>\n<\/ol>\n<p><b> V\u00fdjimky<\/b><\/p>\n<ol>\n<li style=\"font-weight: 400;\"><span style=\"font-weight: 400;\">Spropitn\u00e9<\/span><\/li>\n<li style=\"font-weight: 400;\"><span style=\"font-weight: 400;\">Alkoholick\u00e9 n\u00e1poje<\/span><\/li>\n<\/ol>\n<p>&nbsp;<\/p>\n<h4><em><strong>Odjezd a n\u00e1vrat<\/strong><\/em><\/h4>\n<p><span style=\"font-weight: 400;\">The tour, organized by \u00abBooking Adventures locals Ornithologist tour Guides\u00bb starts at the meeting point set with the Tour Guide. The traveler will get a meeting point after the Reservation Process. Tours start and Finished at our meeting points.<\/span><\/p>\n<p>&nbsp;<\/p>\n<h4><b><i>Co o\u010dek\u00e1vat?<\/i><\/b><\/h4>\n<p><em><strong>Z\u00edskejte l\u00edstek<\/strong><\/em> na pozorov\u00e1n\u00ed pt\u00e1k\u016f v n\u00e1rodn\u00edm parku Los Haitises Z Punta Cana Cesta z Punta cana do n\u00e1rodn\u00edho parku trv\u00e1 p\u0159ibli\u017en\u011b 1:45 minut. Kdy\u017e doraz\u00edte do parku, dostaneme 30 minut p\u011b\u0161\u00ed turistiky a pozorov\u00e1n\u00ed jest\u0159\u00e1b\u016f, m\u00e1me mo\u017enost pokra\u010dovat v proch\u00e1zce po okol\u00ed a hledat papou\u0161ky, piculety a dal\u0161\u00ed endemick\u00e9 druhy v n\u00e1rodn\u00edm parku Los Haitises.<\/p>\n<p>N\u00e1rodn\u00ed park Los Haitises m\u00e1 v Sabana de la Mar jen dv\u011b stezky pro pt\u00e1ky. Cestou do n\u00e1rodn\u00edho parku Los Hiatises zastavujeme na n\u011bkter\u00fdch m\u00edstech, abychom vid\u011bli dal\u0161\u00ed pt\u00e1ky.<\/p>\n<p>Po 4 a p\u016fl hodin\u00e1ch pozn\u00e1v\u00e1n\u00ed pt\u00e1k\u016f v n\u00e1rodn\u00edm parku Los Haitises tato exkurze kon\u010d\u00ed na stejn\u00e9m m\u00edst\u011b, kde za\u010dala.<\/p>\n<p><strong>Pozn\u00e1mka: Tyto prohl\u00eddky jsou s turistick\u00fdmi pr\u016fvodci Officials Ecologist. Rezervujte si pros\u00edm v\u010das, proto\u017ee v parku nen\u00ed p\u0159\u00edli\u0161 mnoho odborn\u00edk\u016f.<\/strong><\/p>\n<p>&nbsp;<\/p>\n<h4><em><strong>Co byste si m\u011bli vz\u00edt s sebou?<\/strong><\/em><\/h4>\n<ul>\n<li style=\"font-weight: 400;\"><span style=\"font-weight: 400;\">Fotoapar\u00e1t<\/span><\/li>\n<li>Binokul\u00e1rn\u00ed<\/li>\n<li style=\"font-weight: 400;\"><span style=\"font-weight: 400;\">Repelentn\u00ed pupeny<\/span><\/li>\n<li style=\"font-weight: 400;\"><span style=\"font-weight: 400;\">opalovac\u00ed kr\u00e9m<\/span><\/li>\n<li style=\"font-weight: 400;\"><span style=\"font-weight: 400;\">Klobouk<\/span><\/li>\n<li style=\"font-weight: 400;\"><span style=\"font-weight: 400;\">Pohodln\u00e9 kalhoty<\/span><\/li>\n<li style=\"font-weight: 400;\"><span style=\"font-weight: 400;\">Turistick\u00e1 obuv do lesa<\/span><\/li>\n<li style=\"font-weight: 400;\"><span style=\"font-weight: 400;\">Sand\u00e1ly do jarn\u00edch oblast\u00ed.<\/span><\/li>\n<li style=\"font-weight: 400;\"><span style=\"font-weight: 400;\">Plaveck\u00fd od\u011bv<\/span><\/li>\n<\/ul>\n<p>&nbsp;<\/p>\n<h4><b><i>Vyzvednut\u00ed Hotel <\/i><\/b><\/h4>\n<p><span style=\"font-weight: 400;\">Pro tento z\u00e1jezd je nab\u00edzeno vyzvednut\u00ed v hotelu. <\/span><\/p>\n<p><b>Pozn\u00e1mka:<\/b><span style=\"font-weight: 400;\"> Pokud provedete rezervaci do 24 hodin od \u010dasu odjezdu z\u00e1jezdu\/exkurze, m\u016f\u017eeme zajistit vyzvednut\u00ed v hotelu v Punta Cana. Po dokon\u010den\u00ed n\u00e1kupu v\u00e1m za\u0161leme kompletn\u00ed kontaktn\u00ed \u00fadaje (telefonn\u00ed \u010d\u00edslo, e-mailovou adresu atd.) pro na\u0161eho m\u00edstn\u00edho pr\u016fvodce, kter\u00fd zajist\u00ed vyzvednut\u00ed.<\/span><\/p>\n<h4><b><i>Dal\u0161\u00ed informace Potvrzen\u00ed <\/i><\/b><\/h4>\n<ol>\n<li>Vstupenky jsou stvrzenkou po zaplacen\u00ed t\u00e9to prohl\u00eddky. Platbu m\u016f\u017eete uk\u00e1zat na sv\u00e9m telefonu.<\/li>\n<li style=\"font-weight: 400;\"><span style=\"font-weight: 400;\">M\u00edsto setk\u00e1n\u00ed obdr\u017e\u00edte po dokon\u010den\u00ed rezervace.<\/span><\/li>\n<li style=\"font-weight: 400;\"><span style=\"font-weight: 400;\">D\u011bti mus\u00ed b\u00fdt v doprovodu dosp\u011bl\u00e9 osoby.<\/span><\/li>\n<li style=\"font-weight: 400;\"><span style=\"font-weight: 400;\"> Nen\u00ed bezbari\u00e9rov\u00fd <\/span><\/li>\n<li style=\"font-weight: 400;\"><span style=\"font-weight: 400;\">Kojenci mus\u00ed sed\u011bt na kl\u00edn\u011b <\/span><\/li>\n<li style=\"font-weight: 400;\"><span style=\"font-weight: 400;\">Nedoporu\u010duje se cestuj\u00edc\u00edm s probl\u00e9my se z\u00e1dy<\/span><\/li>\n<li style=\"font-weight: 400;\"><span style=\"font-weight: 400;\">Nedoporu\u010duje se t\u011bhotn\u00fdm cestovatelk\u00e1m <\/span><\/li>\n<li style=\"font-weight: 400;\"><span style=\"font-weight: 400;\"> \u017d\u00e1dn\u00e9 srde\u010dn\u00ed probl\u00e9my ani jin\u00e9 z\u00e1va\u017en\u00e9 zdravotn\u00ed pot\u00ed\u017ee <\/span><\/li>\n<li style=\"font-weight: 400;\"><span style=\"font-weight: 400;\">V\u011bt\u0161ina cestuj\u00edc\u00edch se m\u016f\u017ee z\u00fa\u010dastnit<\/span><\/li>\n<\/ol>\n<p>Tento v\u00fdlet je nab\u00edzen pro minim\u00e1ln\u011b 2 osoby a maxim\u00e1ln\u011b 15 osob. V p\u0159\u00edpad\u011b men\u0161\u00edho po\u010dtu osob n\u00e1s pros\u00edm kontaktujte.<\/p>\n<h4><b><i>Storno podm\u00ednky<\/i><\/b><\/h4>\n<p><span style=\"font-weight: 400;\">Chcete-li vr\u00e1tit pen\u00edze v pln\u00e9 v\u00fd\u0161i, zru\u0161te rezervaci alespo\u0148 24 hodin p\u0159ed za\u010d\u00e1tkem z\u00e1\u017eitku.<\/span><\/p>\n\n\t\t<\/div>\n\t<\/div>\n<\/div><\/div><\/div><\/div><div class=\"vc_row wpb_row vc_row-fluid\" ><div class=\"wpb_column vc_column_container vc_col-sm-12\"><div class=\"vc_column-inner\"><div class=\"wpb_wrapper\">\n\t<div class=\"wpb_text_column wpb_content_element\" >\n\t\t<div class=\"wpb_wrapper\">\n\t\t\t<h4>Kontaktujte n\u00e1s?<\/h4>\n<h5><em><strong>Rezervace dobrodru\u017estv\u00ed<\/strong><\/em><\/h5>\n<p><em><strong>M\u00edstn\u00ed obyvatel\u00e9<\/strong> a <strong>N\u00e1rodn\u00ed str\u00e1nky<\/strong> Pr\u016fvodci a slu\u017eby pro hosty<\/em><\/p>\n<p><span class=\"text-turquoise\">Rezervace:<\/span> V\u00fdlety a exkurze v Dom. Rep.<\/p>\n<p><img decoding=\"async\" class=\"emoji\" draggable=\"false\" src=\"https:\/\/s.w.org\/images\/core\/emoji\/11.2.0\/svg\/1f4de.svg\" alt=\"\ud83d\udcde\" title=\"\"> Tel \/ Whatsapp\u00a0 <a href=\"tel:+1-809-720-6035\">+1-809-720-6035<\/a>.<\/p>\n<p><img decoding=\"async\" class=\"emoji\" draggable=\"false\" src=\"https:\/\/s.w.org\/images\/core\/emoji\/11.2.0\/svg\/1f4e9.svg\" alt=\"\ud83d\udce9\" title=\"\"> <a href=\"mailto:info@bookingadventures.com.do\">info@bookingadventures.com.do<\/a><\/p>\n<p><strong>Jsme flexibiln\u00ed nastaven\u00ed soukrom\u00e9 prohl\u00eddky p\u0159es Whatsapp: <a href=\"tel:+18097206035\">+18097206035.<\/a><\/strong><\/p>\n\n\t\t<\/div>\n\t<\/div>\n<\/div><\/div><\/div><\/div>","protected":false},"excerpt":{"rendered":"<p>Birding Full morning in Los Haitises National Park Rain Forest trails. This park has an array of bird and animal species and is a favorite for bird-watchers. While the number seen might be higher than other locations, Cano Hondo\u2019s location in a slight wetland area of the country means the rainforest is more open with fewer cacao and coffee plantations, making wildlife-spotting easier. This is a private trip. You can choose to pick a time when to start the birdwatching experience and when to be back in Punta Cana.<\/p>\n<p><em><strong>Vyberte pros\u00edm datum aktivity.<\/strong><\/em><\/p>","protected":false},"featured_media":11028,"template":"","meta":[],"product_brand":[],"product_cat":[119,120,96,98,121,426,122,123,124],"product_tag":[176,177,178,179,448,180,181,182,184,185,186,132,187,133,189,191,192,114,193],"class_list":{"0":"post-11355","1":"product","2":"type-product","3":"status-publish","4":"has-post-thumbnail","6":"product_cat-caves","7":"product_cat-fees-entrace","8":"product_cat-hiking","9":"product_cat-local-tour-guides","10":"product_cat-mangroves","11":"product_cat-private-tours-excursions","12":"product_cat-tours-and-excursions","13":"product_cat-tours-excursions-los-haitises-national-park","14":"product_cat-tours-excursions-samana-bay-dominican-republic","15":"product_tag-biding-sabana-de-la-mar","16":"product_tag-birding","17":"product_tag-birding-dominican-republic","18":"product_tag-birding-in-los-haitises","19":"product_tag-birding-tour-from-punta-cana","20":"product_tag-birdwatching","21":"product_tag-birdwatching-dominicana","22":"product_tag-birdwtaching","23":"product_tag-carretera-cano-hondo","24":"product_tag-eco-lodge-paraiso-cano-hondo","25":"product_tag-hire-a-guide-in-los-haitises","26":"product_tag-los-haitises","27":"product_tag-los-haitises-birding","28":"product_tag-los-haitises-national-park","29":"product_tag-los-haitises-national-park-cano-hondo","30":"product_tag-nature","31":"product_tag-ridgways-hawk","32":"product_tag-sabana-de-la-mar","33":"product_tag-wildlife","35":"first","36":"instock","37":"sale","38":"sold-individually","39":"shipping-taxable","40":"product-type-external"},"_links":{"self":[{"href":"https:\/\/haitises.com\/cs\/wp-json\/wp\/v2\/product\/11355","targetHints":{"allow":["GET"]}}],"collection":[{"href":"https:\/\/haitises.com\/cs\/wp-json\/wp\/v2\/product"}],"about":[{"href":"https:\/\/haitises.com\/cs\/wp-json\/wp\/v2\/types\/product"}],"wp:featuredmedia":[{"embeddable":true,"href":"https:\/\/haitises.com\/cs\/wp-json\/wp\/v2\/media\/11028"}],"wp:attachment":[{"href":"https:\/\/haitises.com\/cs\/wp-json\/wp\/v2\/media?parent=11355"}],"wp:term":[{"taxonomy":"product_brand","embeddable":true,"href":"https:\/\/haitises.com\/cs\/wp-json\/wp\/v2\/product_brand?post=11355"},{"taxonomy":"product_cat","embeddable":true,"href":"https:\/\/haitises.com\/cs\/wp-json\/wp\/v2\/product_cat?post=11355"},{"taxonomy":"product_tag","embeddable":true,"href":"https:\/\/haitises.com\/cs\/wp-json\/wp\/v2\/product_tag?post=11355"}],"curies":[{"name":"wp","href":"https:\/\/api.w.org\/{rel}","templated":true}]}}