{"id":11081,"date":"2021-04-09T10:46:13","date_gmt":"2021-04-09T10:46:13","guid":{"rendered":"http:\/\/haitises.com\/product\/import-placeholder-for-12436\/"},"modified":"2024-04-12T13:56:47","modified_gmt":"2024-04-12T13:56:47","slug":"saona-island-rentals-rent-a-private-boat","status":"publish","type":"product","link":"https:\/\/haitises.com\/cs\/soukrome\/saona-island-rentals-rent-a-private-boat\/","title":{"rendered":"Pron\u00e1jem lod\u00ed na ostrov\u011b Saona - Pron\u00e1jem soukrom\u00e9 lodi"},"content":{"rendered":"<div class=\"vc_row wpb_row vc_row-fluid\" ><div class=\"wpb_column vc_column_container vc_col-sm-12\"><div class=\"vc_column-inner\"><div class=\"wpb_wrapper\"><div class=\"vc_tta-container\" data-vc-action=\"collapse\"><div class=\"vc_general vc_tta vc_tta-tabs vc_tta-color-grey vc_tta-style-classic vc_tta-shape-rounded vc_tta-spacing-1 vc_tta-tabs-position-top vc_tta-controls-align-left\"><div class=\"vc_tta-tabs-container\"><ul class=\"vc_tta-tabs-list\"><li class=\"vc_tta-tab vc_active\" data-vc-tab><a href=\"#1616582286467-74629ea8-fd69\" data-vc-tabs data-vc-container=\".vc_tta\"><span class=\"vc_tta-title-text\">Popis<\/span><\/a><\/li><li class=\"vc_tta-tab\" data-vc-tab><a href=\"#1616580432722-00be9baf-46e3\" data-vc-tabs data-vc-container=\".vc_tta\"><span class=\"vc_tta-title-text\">Prices<\/span><\/a><\/li><\/ul><\/div><div class=\"vc_tta-panels-container\"><div class=\"vc_tta-panels\"><div class=\"vc_tta-panel vc_active\" id=\"1616582286467-74629ea8-fd69\" data-vc-content=\".vc_tta-panel-body\"><div class=\"vc_tta-panel-heading\"><h4 class=\"vc_tta-panel-title\"><a href=\"#1616582286467-74629ea8-fd69\" data-vc-accordion data-vc-container=\".vc_tta-container\"><span class=\"vc_tta-title-text\">Popis<\/span><\/a><\/h4><\/div><div class=\"vc_tta-panel-body\">\n\t<div class=\"wpb_text_column wpb_content_element\" >\n\t\t<div class=\"wpb_wrapper\">\n\t\t\t<div class=\"custom-left\">\n<div class=\"row\">\n<div class=\"col-md-12 cust-clas\">\n<div class=\"product-header alignleft\">\n<p>OSTROV SAONA \u2013 LOD\u011a \u2013 P\u016eJ\u010cOVNA<\/p>\n<p>SOUKROM\u00c1 CELODENN\u00cd CHARTER NA OSTROV SAONA<\/p>\n<p>FLEXIBILN\u00cd D\u00c9LKA \u2013 POND\u011aL\u00cd A\u017d NED\u011aLE<\/p>\n<\/div>\n<\/div>\n<\/div>\n<\/div>\n<div class=\"custom-left para-p\">\n<div class=\"info_content_label\">\n<p>&nbsp;<\/p>\n<p>Pronajm\u011bte si tuto b\u00e1je\u010dnou lo\u010f na cel\u00fd den a\u017e pro 16 osob a nav\u0161tivte ostrov Saona.<\/p>\n<p><strong>PO\u010c\u00cdTAJE V TO<\/strong><\/p>\n<ul>\n<li>Pos\u00e1dka (kapit\u00e1n a kapit\u00e1n\u016fv asistent)<\/li>\n<li>Palivo<\/li>\n<li>Ledov\u00fd chladi\u010d s ledem<\/li>\n<\/ul>\n<p>J\u00eddlo je k dispozici za p\u0159\u00edplatek:<\/p>\n<p><strong>Podrobnosti o tradi\u010dn\u00edm ob\u011bd\u011b formou bufetu, $15 USD p\/p:<\/strong><\/p>\n<p>-Zelen\u00fd sal\u00e1t, rusk\u00fd sal\u00e1t<br \/>\n-Chl\u00e9b<br \/>\n- Moro de Guandule (r\u00fd\u017ee na dominik\u00e1nsk\u00fd zp\u016fsob) s kokosem<br \/>\n- T\u011bstoviny v raj\u010datov\u00e9 om\u00e1\u010dce<br \/>\n- Yucca kastrol<br \/>\n-Ryba a grilovan\u00e9 ku\u0159e (zlat\u00e9) + voliteln\u011b om\u00e1\u010dka z kokosov\u00e9ho ml\u00e9ka<br \/>\n-\u010cerstv\u00e9 ovoce<br \/>\n-1 nealkoholick\u00fd n\u00e1poj (voda nebo soda)<br \/>\n-K\u00e1va<\/p>\n<p><strong>Dopl\u0148kov\u00e1 slu\u017eba humra + kokosov\u00e9 bonb\u00f3ny $19 USD (dopl\u0148kov\u00e9).<\/strong><\/p>\n<\/div>\n<p><strong><label>Nen\u00ed v cen\u011b:<\/label><\/strong> N\u00e1poje a j\u00eddlo NEJSOU zahrnuty a lze je zajistit za p\u0159\u00edplatek.<\/p>\n<p>&nbsp;<\/p>\n<\/div>\n<p>Pokud pot\u0159ebujete v\u00edce informac\u00ed nebo m\u00e1te n\u011bjak\u00e9 dotazy, nev\u00e1hejte n\u00e1s kontaktovat p\u0159es Whatsapp: +1-809-720-6035 nebo Live chat. Nab\u00edz\u00edme nejlep\u0161\u00ed cenu online!<\/p>\n\n\t\t<\/div>\n\t<\/div>\n<\/div><\/div><div class=\"vc_tta-panel\" id=\"1616580432722-00be9baf-46e3\" data-vc-content=\".vc_tta-panel-body\"><div class=\"vc_tta-panel-heading\"><h4 class=\"vc_tta-panel-title\"><a href=\"#1616580432722-00be9baf-46e3\" data-vc-accordion data-vc-container=\".vc_tta-container\"><span class=\"vc_tta-title-text\">Prices<\/span><\/a><\/h4><\/div><div class=\"vc_tta-panel-body\">[mkdf_section_title position=\u00bbcenter\u00bb title_tag=\u00bb\u00bb disable_break_words=\u00bbno\u00bb title=\u00bbPRICES\u00bb]<div class=\"vc_empty_space\"   style=\"height: 32px\"><span class=\"vc_empty_space_inner\"><\/span><\/div>\n\t<div class=\"wpb_text_column wpb_content_element  vc_custom_1616655334969\" >\n\t\t<div class=\"wpb_wrapper\">\n\t\t\t<h6><strong>min 1 &#8211; max 7 pax = 500 USD \/ complete boat with Capitan<\/strong><\/h6>\n<h6><strong>min 7 &#8211; max 12 pax = 700 USD \/ complete boat with Capitan<\/strong><\/h6>\n<h6><strong>min 12 &#8211; max 16 pax = 900 USD \/ complete boat with Capitan<\/strong><\/h6>\n<p>&nbsp;<\/p>\n<p><strong>Toto je celkov\u00e1 cena bez dal\u0161\u00edch poplatk\u016f.<\/strong><\/p>\n\n\t\t<\/div>\n\t<\/div>\n<\/div><\/div><\/div><\/div><\/div><\/div><\/div><\/div><\/div><\/div>","protected":false},"excerpt":{"rendered":"DescriptionPricesDescription SAONA ISLAND - BOAT - RENTAL PRIVATE FULL DAY CHARTER TO SAONA ISLAND FLEXIBLE DURATION - MONDAY TO SUNDAY &nbsp; Rent this fabulous boat for the full day for up to 16 people to visit the Saona Island. INCLUDING [...]","protected":false},"featured_media":11265,"template":"","meta":[],"product_brand":[],"product_cat":[513],"product_tag":[514,515,516,517,518],"class_list":{"0":"post-11081","1":"product","2":"type-product","3":"status-publish","4":"has-post-thumbnail","6":"product_cat-rent-private-boat-saona-island","7":"product_tag-saona-island-boat-rent","8":"product_tag-saona-island-boat-rentals","9":"product_tag-saona-island-boat-renting","10":"product_tag-saona-island-private-boat","11":"product_tag-saona-island-rentals","13":"first","14":"instock","15":"sale","16":"shipping-taxable","17":"product-type-external"},"_links":{"self":[{"href":"https:\/\/haitises.com\/cs\/wp-json\/wp\/v2\/product\/11081","targetHints":{"allow":["GET"]}}],"collection":[{"href":"https:\/\/haitises.com\/cs\/wp-json\/wp\/v2\/product"}],"about":[{"href":"https:\/\/haitises.com\/cs\/wp-json\/wp\/v2\/types\/product"}],"wp:featuredmedia":[{"embeddable":true,"href":"https:\/\/haitises.com\/cs\/wp-json\/wp\/v2\/media\/11265"}],"wp:attachment":[{"href":"https:\/\/haitises.com\/cs\/wp-json\/wp\/v2\/media?parent=11081"}],"wp:term":[{"taxonomy":"product_brand","embeddable":true,"href":"https:\/\/haitises.com\/cs\/wp-json\/wp\/v2\/product_brand?post=11081"},{"taxonomy":"product_cat","embeddable":true,"href":"https:\/\/haitises.com\/cs\/wp-json\/wp\/v2\/product_cat?post=11081"},{"taxonomy":"product_tag","embeddable":true,"href":"https:\/\/haitises.com\/cs\/wp-json\/wp\/v2\/product_tag?post=11081"}],"curies":[{"name":"wp","href":"https:\/\/api.w.org\/{rel}","templated":true}]}}