{"id":11071,"date":"2021-04-09T10:46:13","date_gmt":"2021-04-09T10:46:13","guid":{"rendered":"http:\/\/haitises.com\/product\/import-placeholder-for-11733\/"},"modified":"2024-04-10T20:33:10","modified_gmt":"2024-04-10T20:33:10","slug":"samana-boat-catamaran-rentals-rent-a-private-boat-catamaran","status":"publish","type":"product","link":"https:\/\/haitises.com\/cs\/soukrome\/samana-boat-catamaran-rentals-rent-a-private-boat-catamaran\/","title":{"rendered":"Samana Boat - pron\u00e1jem katamar\u00e1n\u016f - pron\u00e1jem soukrom\u00fdch lod\u00ed - katamar\u00e1n\u016f"},"content":{"rendered":"<div class=\"vc_row wpb_row vc_row-fluid\" ><div class=\"wpb_column vc_column_container vc_col-sm-12\"><div class=\"vc_column-inner\"><div class=\"wpb_wrapper\">\n\t<div class=\"wpb_text_column wpb_content_element\" >\n\t\t<div class=\"wpb_wrapper\">\n\t\t\t<div class=\"custom-left\">\n<div class=\"row\">\n<div class=\"col-md-12 cust-clas\">\n<div class=\"product-header alignleft\">\n<p>SAMANA KATAMAR\u00c1N \u2013 LO\u010e \u2013 P\u016eJ\u010cOVNA<\/p>\n<p>PRIV\u00c1TN\u00cd CELODENN\u00cd CHARTER SAMANA BAY<\/p>\n<p>8 HODINOV\u00dd V\u00ddLET - POND\u011aL\u00cd DO NED\u011aLE<\/p>\n<\/div>\n<\/div>\n<\/div>\n<\/div>\n<div class=\"custom-left para-p\">\n<div class=\"info_content_label\">\n<p><label>Info:<\/label><\/p>\n<p>Pronajm\u011bte si tento b\u00e1je\u010dn\u00fd katamar\u00e1n na cel\u00fd den a\u017e pro 70 osob a nav\u0161tivte Haitises a Cayo Levantado.<\/p>\n<p>Zahrnuje pos\u00e1dku, palivo a chladi\u010d ledu. Palubn\u00ed toalety!<\/p>\n<p>Mo\u017enost stravov\u00e1n\u00ed za p\u0159\u00edplatek:<\/p>\n<p><strong>Podrobnosti o tradi\u010dn\u00edm ob\u011bd\u011b formou bufetu, $15 USD p.<\/strong><\/p>\n<p>-Zelen\u00fd sal\u00e1t<br \/>\n-Chl\u00e9b<br \/>\n- Moro de Guandule (r\u00fd\u017ee na dominik\u00e1nsk\u00fd zp\u016fsob) s kokosem<br \/>\n\u2013 T\u011bstoviny v raj\u010datov\u00e9 om\u00e1\u010dce<br \/>\n- Yucca kastrol<br \/>\n-Ryba a grilovan\u00e9 ku\u0159e (zlat\u00e9) + voliteln\u011b om\u00e1\u010dka z kokosov\u00e9ho ml\u00e9ka<br \/>\n-\u010cerstv\u00e9 ovoce<br \/>\n-1 nealkoholick\u00fd n\u00e1poj (voda nebo soda)<br \/>\n-K\u00e1va<\/p>\n<p><strong>Dopl\u0148kov\u00e1 slu\u017eba humra + kokosov\u00e9 bonb\u00f3ny $19 USD (dopl\u0148kov\u00e9).<\/strong><\/p>\n<\/div>\n<p><label>Zahrnuje:<\/label>\u00a0Ostatn\u00ed slu\u017eby v cen\u011b (v\u010detn\u011b pos\u00e1dky, paliva a chladi\u010de s ledem)<\/p>\n<p><label>Nen\u00ed v cen\u011b:<\/label>\u00a0N\u00e1poje ani j\u00eddlo NEN\u00cd zahrnuto<\/p>\n<p><label>Palivo v cen\u011b:<\/label>\u00a0Vidli\u010dky<\/p>\n<\/div>\n<p>Kontaktujte n\u00e1s p\u0159es Whatsapp: +1-809-720-6035. Nejlep\u0161\u00ed cena online\u2026<\/p>\n\n\t\t<\/div>\n\t<\/div>\n<\/div><\/div><\/div><\/div>","protected":false},"excerpt":{"rendered":"SAMANA CATAMARAN - BOAT - RENTAL PRIVATE FULL DAY CHARTER SAMANA BAY 8 HOUR TRIP- MONDAY TO SUNDAY Info: Rent this fabulous catamaran for the full day for up to 70 people to visit the Haitises and Cayo Levantado. Includes [...]","protected":false},"featured_media":11165,"template":"","meta":[],"product_brand":[],"product_cat":[473],"product_tag":[474,475,476,477],"class_list":{"0":"post-11071","1":"product","2":"type-product","3":"status-publish","4":"has-post-thumbnail","6":"product_cat-rent-catamaran-or-boat-samana","7":"product_tag-catamaran-for-renting-samana","8":"product_tag-samana-boat-rentals","9":"product_tag-samana-catamaran","10":"product_tag-samana-rentals","12":"first","13":"instock","14":"sale","15":"shipping-taxable","16":"product-type-external"},"_links":{"self":[{"href":"https:\/\/haitises.com\/cs\/wp-json\/wp\/v2\/product\/11071","targetHints":{"allow":["GET"]}}],"collection":[{"href":"https:\/\/haitises.com\/cs\/wp-json\/wp\/v2\/product"}],"about":[{"href":"https:\/\/haitises.com\/cs\/wp-json\/wp\/v2\/types\/product"}],"wp:featuredmedia":[{"embeddable":true,"href":"https:\/\/haitises.com\/cs\/wp-json\/wp\/v2\/media\/11165"}],"wp:attachment":[{"href":"https:\/\/haitises.com\/cs\/wp-json\/wp\/v2\/media?parent=11071"}],"wp:term":[{"taxonomy":"product_brand","embeddable":true,"href":"https:\/\/haitises.com\/cs\/wp-json\/wp\/v2\/product_brand?post=11071"},{"taxonomy":"product_cat","embeddable":true,"href":"https:\/\/haitises.com\/cs\/wp-json\/wp\/v2\/product_cat?post=11071"},{"taxonomy":"product_tag","embeddable":true,"href":"https:\/\/haitises.com\/cs\/wp-json\/wp\/v2\/product_tag?post=11071"}],"curies":[{"name":"wp","href":"https:\/\/api.w.org\/{rel}","templated":true}]}}