{"id":11069,"date":"2021-04-09T10:46:13","date_gmt":"2021-04-09T10:46:13","guid":{"rendered":"http:\/\/haitises.com\/product\/import-placeholder-for-11676\/"},"modified":"2024-04-10T20:20:41","modified_gmt":"2024-04-10T20:20:41","slug":"snorkel-cayo-levantado-and-farola-island-snorkeling","status":"publish","type":"product","link":"https:\/\/haitises.com\/cs\/soukrome\/snorkel-cayo-levantado-and-farola-island-snorkeling\/","title":{"rendered":"\u0160norchlov\u00e1n\u00ed na ostrov\u011b Cayo Levantado a Farola"},"content":{"rendered":"<div class=\"vc_row wpb_row vc_row-fluid\" ><div class=\"wpb_column vc_column_container vc_col-sm-12\"><div class=\"vc_column-inner\"><div class=\"wpb_wrapper\"><div class=\"vc_empty_space\"   style=\"height: 32px\"><span class=\"vc_empty_space_inner\"><\/span><\/div>[mkdf_section_title title_tag=\u00bb\u00bb disable_break_words=\u00bbno\u00bb subtitle_tag=\u00bb\u00bb title=\u00bbSnorkel Cayo Levantado and Farola island Snorkeling \u00bb subtitle=\u00bbFrom Saman\u00e1 port Private Tour\u00bb]<div class=\"vc_empty_space\"   style=\"height: 32px\"><span class=\"vc_empty_space_inner\"><\/span><\/div><\/div><\/div><\/div><\/div><div class=\"vc_row wpb_row vc_row-fluid\" ><div class=\"wpb_column vc_column_container vc_col-sm-12\"><div class=\"vc_column-inner\"><div class=\"wpb_wrapper\">\n\t<div class=\"wpb_text_column wpb_content_element\" >\n\t\t<div class=\"wpb_wrapper\">\n\t\t\t<div class=\"vc_row wpb_row vc_row-fluid\">\n<div class=\"wpb_column vc_column_container vc_col-sm-12\">\n<div class=\"vc_column-inner\">\n<div class=\"wpb_wrapper\">\n<div class=\"wpb_text_column wpb_content_element\">\n<div class=\"wpb_wrapper\">\n<div class=\"vc_row wpb_row vc_row-fluid\">\n<div class=\"wpb_column vc_column_container vc_col-sm-12\">\n<div class=\"vc_column-inner\">\n<div class=\"wpb_wrapper\">\n<div class=\"wpb_text_column wpb_content_element\">\n<div class=\"wpb_wrapper\">\n<h4><b><i>P\u0159ehled<\/i><\/b><\/h4>\n<p>We will be touring Cayo Levantado island and Farola, are special little Islands in Samana bay that is home to extraordinary marine life &#8211; including turtles, humpback whales, Lobsters, and Dolphins!<\/p>\n<p><strong>Pozn\u00e1mka:<\/strong> This tour is Private. (Just you and family or friends and Tour Guide).<\/p>\n<p>&nbsp;<\/p>\n<h4><b>Zahrnut\u00ed a vylou\u010den\u00ed<\/b><\/h4>\n<p>&nbsp;<\/p>\n<p><b>Inkluze<\/b><\/p>\n<p>&nbsp;<\/p>\n<ol>\n<li>Pr\u016fvodce<\/li>\n<li>V\u00fdlet na lodi<\/li>\n<li>Lifejacket<\/li>\n<li>Snorkeling kit<\/li>\n<li>V\u0161echny dan\u011b, poplatky a manipula\u010dn\u00ed poplatky<\/li>\n<li>M\u00edstn\u00ed dan\u011b<\/li>\n<li>Beverages (Bottle of water per person)<\/li>\n<\/ol>\n<p><b>V\u00fdjimky<\/b><\/p>\n<ol>\n<li>Spropitn\u00e9<\/li>\n<li>Lunch ( Extra Cost 15 USD) Per Person.<\/li>\n<li>Lunch with Lobsters ( Extra Cost 25 USD) Per person.<\/li>\n<li>P\u0159estupn\u00ed v\u016fz<\/li>\n<li>Alkoholick\u00e9 n\u00e1poje<\/li>\n<\/ol>\n<p>&nbsp;<\/p>\n<h4><em><strong>Odjezd a n\u00e1vrat<\/strong><\/em><\/h4>\n<p>This trip starts at 8:03 Am and finishes around 12:15 Pm. But because it will be a private trip you may set the time for starting and to finish.<\/p>\n<p>Cestuj\u00edc\u00ed obdr\u017e\u00ed m\u00edsto setk\u00e1n\u00ed po dokon\u010den\u00ed rezervace. V\u00fdlety za\u010d\u00ednaj\u00ed a kon\u010d\u00ed na na\u0161ich m\u00edstech setk\u00e1n\u00ed.<\/p>\n<p>&nbsp;<\/p>\n<h4><b><i>Co o\u010dek\u00e1vat?<\/i><\/b><\/h4>\n<p>Snorkeling excursion with an Expert Guide to enjoy marine wildlife from the surface, with fins and mask; We will discover the paradisiacal Cayo Levantado island, snorkeling in two different places during the journey and enjoying this fascinating beach that does not have access to vehicles (Duration 4 hours).<\/p>\n<p>We will leave from the meeting point in Samana main Port at 8:30 morning, after 25 minutes of navigation we will arrive at the first snorkeling point called Cayo Farola, we will snorkel 45 minutes and continue to Cayo Levantado beach, where we can swim. , do a little more snorkeling, or just enjoy this amazing beach.<\/p>\n<p>We will enjoy a sandwich, rum, soft drink, and water and at 12 o&#8217;clock in the day we will go back to Samana port or stay at Cayo levantado. After this, we will return to the starting point. Other things to note all excursions are made by boat.<\/p>\n<p><strong>\u010casov\u00fd rozvrh:<\/strong><\/p>\n<p>8:30 AM \u2013 12:15 PM<\/p>\n<p>&nbsp;<\/p>\n<h4><em><strong>Co byste si m\u011bli vz\u00edt s sebou?<\/strong><\/em><\/h4>\n<ul>\n<li>Fotoapar\u00e1t<\/li>\n<li>Ru\u010dn\u00edk<\/li>\n<li>Ochrana p\u0159ed sluncem<\/li>\n<li>Klobouk<\/li>\n<li>Pohodln\u00e9 kalhoty a boty<\/li>\n<li>Sandals to the beach<\/li>\n<li>Plaveck\u00fd od\u011bv<\/li>\n<li>Pen\u00edze na suven\u00fdry<\/li>\n<\/ul>\n<p>&nbsp;<\/p>\n<h4><b><i>Vyzvednut\u00ed Hotel<\/i><\/b><\/h4>\n<p>Vyzvednut\u00ed v hotelu se u t\u00e9to prohl\u00eddky nenab\u00edz\u00ed.<\/p>\n<p>&nbsp;<\/p>\n<p><b>Pozn\u00e1mka:<\/b>\u00a0pokud si rezervujete ubytov\u00e1n\u00ed do 24 hodin p\u0159ed odjezdem na v\u00fdlet\/exkurzi, m\u016f\u017eeme za\u0159\u00eddit vyzvednut\u00ed v hotelu za p\u0159\u00edplatek. Po dokon\u010den\u00ed n\u00e1kupu v\u00e1m za\u0161leme kompletn\u00ed kontaktn\u00ed informace (telefonn\u00ed \u010d\u00edslo, e-mailovou adresu atd.) pro na\u0161eho m\u00edstn\u00edho pr\u016fvodce, kter\u00fd zorganizuje vyzvednut\u00ed.<\/p>\n<h4><b><i>Dal\u0161\u00ed informace Potvrzen\u00ed<\/i><\/b><\/h4>\n<ol>\n<li>Vstupenky jsou stvrzenkou po zaplacen\u00ed t\u00e9to prohl\u00eddky. Platbu m\u016f\u017eete uk\u00e1zat na sv\u00e9m telefonu.<\/li>\n<li>M\u00edsto setk\u00e1n\u00ed obdr\u017e\u00edte po dokon\u010den\u00ed rezervace.<\/li>\n<li>D\u011bti mus\u00ed b\u00fdt v doprovodu dosp\u011bl\u00e9 osoby.<\/li>\n<li>bezbari\u00e9rov\u00fd p\u0159\u00edstup<\/li>\n<li>Kojenci mus\u00ed sed\u011bt na kl\u00edn\u011b<\/li>\n<li>V\u011bt\u0161ina cestuj\u00edc\u00edch se m\u016f\u017ee z\u00fa\u010dastnit<\/li>\n<\/ol>\n<h4><b><i>Storno podm\u00ednky<\/i><\/b><\/h4>\n<p>Chcete-li vr\u00e1tit pen\u00edze v pln\u00e9 v\u00fd\u0161i, zru\u0161te rezervaci alespo\u0148 24 hodin p\u0159ed za\u010d\u00e1tkem z\u00e1\u017eitku.<\/p>\n<\/div>\n<\/div>\n<\/div>\n<\/div>\n<\/div>\n<\/div>\n<\/div>\n<\/div>\n<\/div>\n<\/div>\n<\/div>\n<\/div>\n<div class=\"vc_row wpb_row vc_row-fluid\">\n<div class=\"wpb_column vc_column_container vc_col-sm-12\">\n<div class=\"vc_column-inner\">\n<div class=\"wpb_wrapper\">\n<div class=\"vc_empty_space\"><\/div>\n<div class=\"wpb_text_column wpb_content_element\">\n<div class=\"wpb_wrapper\">\n<h4>Kontaktujte n\u00e1s?<\/h4>\n<h5><b><i>Rezervace dobrodru\u017estv\u00ed<\/i><\/b><\/h5>\n<p><em><strong>M\u00edstn\u00ed obyvatel\u00e9<\/strong>\u00a0a\u00a0<strong>N\u00e1rodn\u00ed str\u00e1nky<\/strong>\u00a0Pr\u016fvodci a slu\u017eby pro hosty<\/em><\/p>\n<p><span class=\"text-turquoise\">Rezervace:<\/span>\u00a0V\u00fdlety a exkurze v Dom. Rep.<\/p>\n<p><img decoding=\"async\" class=\"emoji\" draggable=\"false\" src=\"https:\/\/s.w.org\/images\/core\/emoji\/11.2.0\/svg\/1f4de.svg\" alt=\"\ud83d\udcde\" title=\"\">\u00a0Tel \/ Whatsapp\u00a0\u00a0<a href=\"tel:+1-809-720-6035\">+1-809-720-6035<\/a>.<\/p>\n<p><img decoding=\"async\" class=\"emoji\" draggable=\"false\" src=\"https:\/\/s.w.org\/images\/core\/emoji\/11.2.0\/svg\/1f4e9.svg\" alt=\"\ud83d\udce9\" title=\"\">\u00a0<a href=\"mailto:info@bookingadventures.com.do\">info@bookingadventures.com.do<\/a><\/p>\n<p><strong>Jsme flexibiln\u00ed nastaven\u00ed soukrom\u00e9 prohl\u00eddky p\u0159es Whatsapp:\u00a0<a href=\"tel:+18097206035\">+18097206035.<\/a><\/strong><\/p>\n<\/div>\n<\/div>\n<\/div>\n<\/div>\n<\/div>\n<\/div>\n\n\t\t<\/div>\n\t<\/div>\n<\/div><\/div><\/div><\/div>","protected":false},"excerpt":{"rendered":"<p>We will be touring Cayo Levantado island and Cayo Farola, are special little Islands in Samana bay that is home to extraordinary marine life &#8211; including turtles, humpback whales, Lobsters, and Dolphins!<\/p>\n<p>Note: This tour is private!<\/p>\n<p>&nbsp;<\/p>\n<p><em><strong>Vyberte pros\u00edm datum exkurze:<\/strong><\/em><\/p>","protected":false},"featured_media":11154,"template":"","meta":[],"product_brand":[],"product_cat":[124],"product_tag":[137,162,201,143,271,354,234],"class_list":{"0":"post-11069","1":"product","2":"type-product","3":"status-publish","4":"has-post-thumbnail","6":"product_cat-tours-excursions-samana-bay-dominican-republic","7":"product_tag-bacardi-island","8":"product_tag-cayo-levantado-day-pass","9":"product_tag-private-tours-samana","10":"product_tag-samana-tours","11":"product_tag-samana-whale-watching","12":"product_tag-snorkeling","13":"product_tag-whale-samana","15":"first","16":"instock","17":"sale","18":"sold-individually","19":"shipping-taxable","20":"product-type-external"},"_links":{"self":[{"href":"https:\/\/haitises.com\/cs\/wp-json\/wp\/v2\/product\/11069","targetHints":{"allow":["GET"]}}],"collection":[{"href":"https:\/\/haitises.com\/cs\/wp-json\/wp\/v2\/product"}],"about":[{"href":"https:\/\/haitises.com\/cs\/wp-json\/wp\/v2\/types\/product"}],"wp:featuredmedia":[{"embeddable":true,"href":"https:\/\/haitises.com\/cs\/wp-json\/wp\/v2\/media\/11154"}],"wp:attachment":[{"href":"https:\/\/haitises.com\/cs\/wp-json\/wp\/v2\/media?parent=11069"}],"wp:term":[{"taxonomy":"product_brand","embeddable":true,"href":"https:\/\/haitises.com\/cs\/wp-json\/wp\/v2\/product_brand?post=11069"},{"taxonomy":"product_cat","embeddable":true,"href":"https:\/\/haitises.com\/cs\/wp-json\/wp\/v2\/product_cat?post=11069"},{"taxonomy":"product_tag","embeddable":true,"href":"https:\/\/haitises.com\/cs\/wp-json\/wp\/v2\/product_tag?post=11069"}],"curies":[{"name":"wp","href":"https:\/\/api.w.org\/{rel}","templated":true}]}}