{"id":11064,"date":"2021-04-09T10:46:12","date_gmt":"2021-04-09T10:46:12","guid":{"rendered":"http:\/\/haitises.com\/product\/import-placeholder-for-11566\/"},"modified":"2024-04-12T17:22:43","modified_gmt":"2024-04-12T17:22:43","slug":"samana-day-trip-from-bayahibe-el-limon-waterfall-and-bacardi-island","status":"publish","type":"product","link":"https:\/\/haitises.com\/cs\/soukrome\/samana-day-trip-from-bayahibe-el-limon-waterfall-and-bacardi-island\/","title":{"rendered":"Celodenn\u00ed v\u00fdlet do Samany z Bayahibe - vodop\u00e1d El Limon a ostrov Bacardi"},"content":{"rendered":"<div class=\"vc_row wpb_row vc_row-fluid\" ><div class=\"wpb_column vc_column_container vc_col-sm-12\"><div class=\"vc_column-inner\"><div class=\"wpb_wrapper\">[mkdf_section_title title_tag=\u00bb\u00bb disable_break_words=\u00bbno\u00bb subtitle_tag=\u00bb\u00bb title=\u00bbSamana Day Trip From Bayahibe &#8211; El Limon Waterfall and Bacardi Island\u00bb subtitle=\u00bb(Pick-up in Bayahibe Hotels)\u00bb]<\/div><\/div><\/div><\/div><div class=\"vc_row wpb_row vc_row-fluid\" ><div class=\"wpb_column vc_column_container vc_col-sm-12\"><div class=\"vc_column-inner\"><div class=\"wpb_wrapper\">\n\t<div class=\"wpb_text_column wpb_content_element\" >\n\t\t<div class=\"wpb_wrapper\">\n\t\t\t<h4><b><i>P\u0159ehled <\/i><\/b><\/h4>\n<p>If you are in Bayahibe, Punta Cana or Bavaro, and wants to have a day trip paying less than usual, go ahead and book this trip. Within this trip, we will take you to Samana, where on a catamaran, you will be taken to Sabana de la Mar, a township of Hato Mayor the house of \u00a0Los Haitises National Park. This journey includes visiting the communities of Samana and El Limon where you will be able to do Horse Riding or Hiking to a waterfall right after crossing Samana Bay. The lunch will be served at Bacardi Island. The trips begins at 6:00am and ends by 6:30pm. Do your reservation now!<\/p>\n<p>Po t\u00e9to zku\u0161enosti v\u00e1s vysad\u00edme ve va\u0161em hotelu.<\/p>\n<ul>\n<li style=\"font-weight: 400;\">V\u010detn\u011b poplatk\u016f<\/li>\n<li>Ob\u011bd na pl\u00e1\u017ei v cen\u011b<\/li>\n<li>Transfer v cen\u011b<\/li>\n<li style=\"font-weight: 400;\"><span style=\"font-weight: 400;\">Pr\u016fvodce poskytuje instrukce a dohled<\/span><\/li>\n<\/ul>\n<p>&nbsp;<\/p>\n<h4><b>Zahrnut\u00ed a vylou\u010den\u00ed<\/b><\/h4>\n<p>&nbsp;<\/p>\n<p><b>Inkluze<\/b><\/p>\n<p>&nbsp;<\/p>\n<ol>\n<li style=\"font-weight: 400;\">vyzvednut\u00ed v hotelu<\/li>\n<li style=\"font-weight: 400;\">Z\u00e1toka Samana<\/li>\n<li>Ostrov Bacardi, pl\u00e1\u017e a ob\u011bd<\/li>\n<li>Safari do El Lim\u00f3n<\/li>\n<li>J\u00edzda na koni nebo p\u011b\u0161\u00ed turistika k vodop\u00e1d\u016fm<\/li>\n<li>Dominik\u00e1nsk\u00e9 koktejly<\/li>\n<li style=\"font-weight: 400;\"><span style=\"font-weight: 400;\">V\u0161echny dan\u011b, poplatky a manipula\u010dn\u00ed poplatky<\/span><\/li>\n<li style=\"font-weight: 400;\"><span style=\"font-weight: 400;\">M\u00edstn\u00ed dan\u011b<\/span><\/li>\n<li style=\"font-weight: 400;\"><span style=\"font-weight: 400;\">N\u00e1poje<\/span><\/li>\n<li style=\"font-weight: 400;\"><span style=\"font-weight: 400;\">V\u0161echny aktivity<\/span><\/li>\n<li style=\"font-weight: 400;\"><span style=\"font-weight: 400;\">M\u00edstn\u00ed pr\u016fvodce<\/span><\/li>\n<\/ol>\n<p><b> V\u00fdjimky<\/b><\/p>\n<ol>\n<li style=\"font-weight: 400;\"><span style=\"font-weight: 400;\">Spropitn\u00e9<\/span><\/li>\n<li style=\"font-weight: 400;\"><span style=\"font-weight: 400;\">Alkoholick\u00e9 n\u00e1poje po koktejlech\u00a0<\/span><\/li>\n<\/ol>\n<p>&nbsp;<\/p>\n<h4><em><strong>Odjezd a n\u00e1vrat<\/strong><\/em><\/h4>\n<p><span style=\"font-weight: 400;\">Cestuj\u00edc\u00ed obdr\u017e\u00ed m\u00edsto setk\u00e1n\u00ed po dokon\u010den\u00ed rezervace. V\u00fdlety za\u010d\u00ednaj\u00ed a kon\u010d\u00ed na na\u0161ich m\u00edstech setk\u00e1n\u00ed.<\/span><\/p>\n<p>&nbsp;<\/p>\n<h3>Celodenn\u00ed v\u00fdlet do Samany z Bayahibe - vodop\u00e1d El Limon a ostrov Bacardi<\/h3>\n<h4><b><i>Co o\u010dek\u00e1vat?<\/i><\/b><\/h4>\n<p>&nbsp;<\/p>\n<p><strong>Z\u00edskejte l\u00edstky hned te\u010f<\/strong>. \u010cekaj\u00ed na v\u00e1s vodop\u00e1dy, j\u00edzda na koni, p\u011b\u0161\u00ed turistika a safari, koup\u00e1n\u00ed v p\u0159\u00edrodn\u00edch pramenech, ob\u011bd na ostrov\u011b Bacardi a dal\u0161\u00ed z\u00e1bavn\u00e9 aktivity.<\/p>\n<p>Departing Bayahibe on a bus, we will head to Samana Bay port. Once at the port, we will get onboard of a boat or Catamaran with local tour guides who will direct you to the community of Samana. In this community a Safari Tour will take you around teaching you about the history of this town. \u00a0But this is not all, El Limon waterfall is next, here you will be able swim and hike or do horse riding. \u00a0El Limon waterfall is a fantastic natural monument with a tropical forest and clear natural springs. On the way back to Samana we will have a stop at Bacardi Island where a lunch will be served and you are going to be able to swim in one of the most natural pools of Dominican Republic.<\/p>\n<p>&nbsp;<\/p>\n<p>V p\u0159\u00edpad\u011b, \u017ee byste cht\u011bli tuto cestu upravit tak, aby byla krat\u0161\u00ed nebo del\u0161\u00ed, kontaktujte n\u00e1s.<\/p>\n<p>&nbsp;<\/p>\n<h4><em><strong>Co byste si m\u011bli vz\u00edt s sebou?<\/strong><\/em><\/h4>\n<ul>\n<li style=\"font-weight: 400;\"><span style=\"font-weight: 400;\">Fotoapar\u00e1t<\/span><\/li>\n<li style=\"font-weight: 400;\"><span style=\"font-weight: 400;\">Repelentn\u00ed pupeny<\/span><\/li>\n<li style=\"font-weight: 400;\"><span style=\"font-weight: 400;\">opalovac\u00ed kr\u00e9m<\/span><\/li>\n<li style=\"font-weight: 400;\"><span style=\"font-weight: 400;\">Klobouk<\/span><\/li>\n<li style=\"font-weight: 400;\"><span style=\"font-weight: 400;\">Pohodln\u00e9 kalhoty<\/span><\/li>\n<li style=\"font-weight: 400;\"><span style=\"font-weight: 400;\">Turistick\u00e1 obuv do lesa<\/span><\/li>\n<li style=\"font-weight: 400;\"><span style=\"font-weight: 400;\">Sand\u00e1ly do jarn\u00edch oblast\u00ed.<\/span><\/li>\n<li style=\"font-weight: 400;\"><span style=\"font-weight: 400;\">Plaveck\u00fd od\u011bv<\/span><\/li>\n<\/ul>\n<p>&nbsp;<\/p>\n<h4><b><i>Vyzvednut\u00ed Hotel <\/i><\/b><\/h4>\n<p><span style=\"font-weight: 400;\">Nab\u00edz\u00ed se cestovn\u00ed vyzvednut\u00ed!<\/span><\/p>\n<p><span style=\"font-weight: 400;\">We do pick up from all the Hotels in Bayahibe. Pick up Location is Hotel Lobby<br \/>\nPokud bydl\u00edte v byt\u011b v t\u00e9to oblasti, vyzvedneme v\u00e1s v byt\u011b nebo u vchodu do nejbli\u017e\u0161\u00edho resortu. Nastavili jsme vyzvednut\u00ed, aby n\u00e1s kontaktovalo p\u0159es Whatsapp.<\/span><\/p>\n<p><b>Pozn\u00e1mka:<\/b><span style=\"font-weight: 400;\"> Pokud jste rezervov\u00e1ni do 24 hodin od \u010dasu odjezdu prohl\u00eddky\/exkurze, m\u016f\u017eeme zajistit vyzvednut\u00ed v hotelu. Jakmile bude v\u00e1\u0161 n\u00e1kup dokon\u010den, za\u0161leme v\u00e1m kompletn\u00ed kontaktn\u00ed informace (telefonn\u00ed \u010d\u00edslo, e-mailovou adresu atd.) pro na\u0161eho m\u00edstn\u00edho pr\u016fvodce, abychom mohli zajistit vyzvednut\u00ed.<\/span><\/p>\n<h4><b><i>Dal\u0161\u00ed informace Potvrzen\u00ed <\/i><\/b><\/h4>\n<ol>\n<li>Vstupenky jsou stvrzenkou po zaplacen\u00ed t\u00e9to prohl\u00eddky. Platbu m\u016f\u017eete uk\u00e1zat na sv\u00e9m telefonu.<\/li>\n<li style=\"font-weight: 400;\"><span style=\"font-weight: 400;\">M\u00edsto setk\u00e1n\u00ed obdr\u017e\u00edte po dokon\u010den\u00ed rezervace.<\/span><\/li>\n<li style=\"font-weight: 400;\"><span style=\"font-weight: 400;\">D\u011bti mus\u00ed b\u00fdt v doprovodu dosp\u011bl\u00e9 osoby.<\/span><\/li>\n<li style=\"font-weight: 400;\"><span style=\"font-weight: 400;\"> Nen\u00ed bezbari\u00e9rov\u00fd <\/span><\/li>\n<li style=\"font-weight: 400;\"><span style=\"font-weight: 400;\">Kojenci mus\u00ed sed\u011bt na kl\u00edn\u011b <\/span><\/li>\n<li style=\"font-weight: 400;\"><span style=\"font-weight: 400;\">Nedoporu\u010duje se cestuj\u00edc\u00edm s probl\u00e9my se z\u00e1dy<\/span><\/li>\n<li style=\"font-weight: 400;\"><span style=\"font-weight: 400;\">Nedoporu\u010duje se t\u011bhotn\u00fdm cestovatelk\u00e1m <\/span><\/li>\n<li style=\"font-weight: 400;\"><span style=\"font-weight: 400;\"> \u017d\u00e1dn\u00e9 srde\u010dn\u00ed probl\u00e9my ani jin\u00e9 z\u00e1va\u017en\u00e9 zdravotn\u00ed pot\u00ed\u017ee <\/span><\/li>\n<li style=\"font-weight: 400;\"><span style=\"font-weight: 400;\">V\u011bt\u0161ina cestuj\u00edc\u00edch se m\u016f\u017ee z\u00fa\u010dastnit<\/span><\/li>\n<\/ol>\n<h4><b><i>Storno podm\u00ednky<\/i><\/b><\/h4>\n<p><span style=\"font-weight: 400;\">Chcete-li vr\u00e1tit pen\u00edze v pln\u00e9 v\u00fd\u0161i, zru\u0161te rezervaci alespo\u0148 24 hodin p\u0159ed za\u010d\u00e1tkem z\u00e1\u017eitku.<\/span><\/p>\n\n\t\t<\/div>\n\t<\/div>\n<\/div><\/div><\/div><\/div><div class=\"vc_row wpb_row vc_row-fluid\" ><div class=\"wpb_column vc_column_container vc_col-sm-12\"><div class=\"vc_column-inner\"><div class=\"wpb_wrapper\"><div class=\"vc_empty_space\"   style=\"height: 32px\"><span class=\"vc_empty_space_inner\"><\/span><\/div>\n\t<div class=\"wpb_text_column wpb_content_element\" >\n\t\t<div class=\"wpb_wrapper\">\n\t\t\t<h4>Kontaktujte n\u00e1s?<\/h4>\n<h5><em><strong>Rezervace dobrodru\u017estv\u00ed<\/strong><\/em><\/h5>\n<p><em><strong>M\u00edstn\u00ed obyvatel\u00e9<\/strong> a <strong>N\u00e1rodn\u00ed str\u00e1nky<\/strong> Pr\u016fvodci a slu\u017eby pro hosty<\/em><\/p>\n<p><span class=\"text-turquoise\">Rezervace:<\/span> V\u00fdlety a exkurze v Dom. Rep.<\/p>\n<p><img decoding=\"async\" class=\"emoji\" draggable=\"false\" src=\"https:\/\/s.w.org\/images\/core\/emoji\/11.2.0\/svg\/1f4de.svg\" alt=\"\ud83d\udcde\" title=\"\"> Tel \/ Whatsapp\u00a0 <a href=\"tel:+1-809-720-6035\">+1-809-720-6035<\/a>.<\/p>\n<p><img decoding=\"async\" class=\"emoji\" draggable=\"false\" src=\"https:\/\/s.w.org\/images\/core\/emoji\/11.2.0\/svg\/1f4e9.svg\" alt=\"\ud83d\udce9\" title=\"\"> <a href=\"mailto:info@bookingadventures.com.do\">info@bookingadventures.com.do<\/a><\/p>\n<p><strong>Jsme flexibiln\u00ed nastaven\u00ed soukrom\u00e9 prohl\u00eddky p\u0159es Whatsapp: <a href=\"tel:+18097206035\">+18097206035.<\/a><\/strong><\/p>\n\n\t\t<\/div>\n\t<\/div>\n<div class=\"vc_empty_space\"   style=\"height: 32px\"><span class=\"vc_empty_space_inner\"><\/span><\/div><\/div><\/div><\/div><\/div>","protected":false},"excerpt":{"rendered":"<p>Pokud jste v Punta Cana nebo Bavaru a chcete m\u00edt jednodenn\u00ed v\u00fdlet, kter\u00fd zaplat\u00ed m\u00e9n\u011b ne\u017e obvykle, pokra\u010dujte a zarezervujte si tento v\u00fdlet. V r\u00e1mci tohoto v\u00fdletu v\u00e1s zavezeme do Samany, kde se na katamar\u00e1nu dostanete do Sabana de la Mar, m\u011bste\u010dka Hato Mayor, domu n\u00e1rodn\u00edho parku Los Haitises. Tento v\u00fdlet zahrnuje Safari Tour, katamar\u00e1n, vodop\u00e1d a plav\u00e1n\u00ed na pl\u00e1\u017ei a dal\u0161\u00ed. V\u00fdlet za\u010d\u00edn\u00e1 v 6:00 a kon\u010d\u00ed v 18:30. Nenechte si to uj\u00edt!<\/p>\n<p>&nbsp;<\/p>\n<p>&nbsp;<\/p>\n<p><strong>Zvolte pros\u00edm datum turn\u00e9\u00a0<\/strong><\/p>","protected":false},"featured_media":11085,"template":"","meta":[],"product_brand":[],"product_cat":[464,122],"product_tag":[137,138,281,139,282,283,140,284,141,114,285,142,357,358,148,143],"class_list":{"0":"post-11064","1":"product","2":"type-product","3":"status-publish","4":"has-post-thumbnail","6":"product_cat-bayahibe-to-samana","7":"product_cat-tours-and-excursions","8":"product_tag-bacardi-island","9":"product_tag-beach-time","10":"product_tag-cascada-el-limon-salto-el-limon-samana-republica-dominicana","11":"product_tag-cayo-levantado","12":"product_tag-el-limon-waterfall-bacardi-island-from-punta-cana","13":"product_tag-el-limon-waterfall-and-bacardi-island-tour-from-punta-cana","14":"product_tag-el-limon-waterfalls","15":"product_tag-guided-adventures","16":"product_tag-punta-cana","17":"product_tag-sabana-de-la-mar","18":"product_tag-salto-de-limon-punta-cana","19":"product_tag-samana","20":"product_tag-samana-day-trip-from-punta-cana","21":"product_tag-samana-day-trip-from-punta-cana-el-limon-waterfall-and-bacardi-island","22":"product_tag-samana-excursions","23":"product_tag-samana-tours","25":"first","26":"instock","27":"sale","28":"sold-individually","29":"shipping-taxable","30":"product-type-external"},"_links":{"self":[{"href":"https:\/\/haitises.com\/cs\/wp-json\/wp\/v2\/product\/11064","targetHints":{"allow":["GET"]}}],"collection":[{"href":"https:\/\/haitises.com\/cs\/wp-json\/wp\/v2\/product"}],"about":[{"href":"https:\/\/haitises.com\/cs\/wp-json\/wp\/v2\/types\/product"}],"wp:featuredmedia":[{"embeddable":true,"href":"https:\/\/haitises.com\/cs\/wp-json\/wp\/v2\/media\/11085"}],"wp:attachment":[{"href":"https:\/\/haitises.com\/cs\/wp-json\/wp\/v2\/media?parent=11064"}],"wp:term":[{"taxonomy":"product_brand","embeddable":true,"href":"https:\/\/haitises.com\/cs\/wp-json\/wp\/v2\/product_brand?post=11064"},{"taxonomy":"product_cat","embeddable":true,"href":"https:\/\/haitises.com\/cs\/wp-json\/wp\/v2\/product_cat?post=11064"},{"taxonomy":"product_tag","embeddable":true,"href":"https:\/\/haitises.com\/cs\/wp-json\/wp\/v2\/product_tag?post=11064"}],"curies":[{"name":"wp","href":"https:\/\/api.w.org\/{rel}","templated":true}]}}