{"id":10913,"date":"2020-07-19T00:16:18","date_gmt":"2020-07-19T00:16:18","guid":{"rendered":"http:\/\/haitises.com\/?post_type=product&#038;p=10913"},"modified":"2024-04-15T18:40:08","modified_gmt":"2024-04-15T18:40:08","slug":"bahia-de-las-aguilas-dia-de-playa-y-tour-en-bote-pasa-dia-esnorquel-almuerzo","status":"publish","type":"product","link":"https:\/\/haitises.com\/cs\/soukrome\/bahia-de-las-aguilas-dia-de-playa-y-tour-en-bote-pasa-dia-esnorquel-almuerzo\/","title":{"rendered":"Bahia de las Aguilas: Den na pl\u00e1\u017ei a v\u00fdlet lod\u00ed - celodenn\u00ed vstupenka - \u0161norchlov\u00e1n\u00ed a ob\u011bd"},"content":{"rendered":"<div class=\"vc_row wpb_row vc_row-fluid\" ><div class=\"wpb_column vc_column_container vc_col-sm-12\"><div class=\"vc_column-inner\"><div class=\"wpb_wrapper\">[mkdf_section_title title_tag=\u00bb\u00bb disable_break_words=\u00bbno\u00bb subtitle_tag=\u00bb\u00bb title=\u00bbBah\u00eda de las \u00c1guilas: D\u00eda de playa y viaje en bote\u00bb subtitle=\u00bbPasa d\u00eda &#8211; Esn\u00f3rquel &amp; Almuerzo\u00bb]<\/div><\/div><\/div><\/div><div class=\"vc_row wpb_row vc_row-fluid\" ><div class=\"wpb_column vc_column_container vc_col-sm-12\"><div class=\"vc_column-inner\"><div class=\"wpb_wrapper\">\n\t<div class=\"wpb_text_column wpb_content_element\" >\n\t\t<div class=\"wpb_wrapper\">\n\t\t\t<h3>Popis<\/h3>\n<p>Disfruta de un d\u00eda en la playa y deja que tu esp\u00edritu fluya, lejos de las zonas tur\u00edsticas y de todo el estr\u00e9s. Ven y descubre el Parque Nacional Jaragua y Bah\u00eda de las \u00c1guilas. Conduzca por un hermoso camino con impresionantes vistas del peque\u00f1o puerto y el pueblo pesquero de Cabo Rojo. En Las Cuevas abordas un bote que te lleva en un viaje de 15 minutos a una de las playas naturales m\u00e1s bellas del mundo. Las arenas de la Bah\u00eda de las \u00c1guilas son v\u00edrgenes y la bah\u00eda cubre 8 km. Experimente un paisaje costero excepcional con aguas cristalinas que brillan en tonos que van desde el azul turquesa hasta el azul \u00f3palo derriti\u00e9ndose en el horizonte. El almuerzo se sirve en la playa, nada o practica snorkel y explora este para\u00edso natural virgen.<\/p>\n<ul>\n<li>M\u00edstn\u00ed pr\u016fvodce se zku\u0161enostmi s bezpe\u010dnost\u00ed v dan\u00e9 oblasti.<\/li>\n<li>Soukrom\u00e1 doprava<\/li>\n<li>V\u010detn\u011b poplatk\u016f<\/li>\n<li>Ob\u011bd<\/li>\n<li>M\u00edstn\u00ed turistick\u00fd pr\u016fvodce ve \u0161pan\u011bl\u0161tin\u011b, angli\u010dtin\u011b nebo francouz\u0161tin\u011b.<\/li>\n<li>Turistika<\/li>\n<li>Bucear<\/li>\n<\/ul>\n<h3>Zahrnut\u00ed a vylou\u010den\u00ed<\/h3>\n<h4>Inkluze<\/h4>\n<ol>\n<li>M\u00edstn\u00ed pr\u016fvodce se zku\u0161enostmi s bezpe\u010dnost\u00ed v dan\u00e9 oblasti.<\/li>\n<li>Soukrom\u00e1 doprava pro mal\u00e9 skupiny.<\/li>\n<li>V\u0161echny dan\u011b, poplatky a manipula\u010dn\u00ed poplatky<\/li>\n<li>M\u00edstn\u00ed dan\u011b<\/li>\n<li>Ob\u011bd<\/li>\n<li>Turistika<\/li>\n<li>Piscinas Naturales<\/li>\n<li>Bucear<\/li>\n<li>V\u0161echny aktivity<\/li>\n<\/ol>\n<h4>V\u00fdjimky<\/h4>\n<ol>\n<li>Skl\u00e1p\u011bn\u00ed<\/li>\n<li>V\u0161echny n\u00e1poje<\/li>\n<\/ol>\n<h3><em>Odjezd a n\u00e1vrat<\/em><\/h3>\n<p>Po proveden\u00ed rezervace obdr\u017e\u00ed cestuj\u00edc\u00ed m\u00edsto setk\u00e1n\u00ed. Z\u00e1jezdy za\u010d\u00ednaj\u00ed a kon\u010d\u00ed v m\u00edstech setk\u00e1n\u00ed.<\/p>\n<p>Bah\u00eda de las Aguilas: excursi\u00f3n de un d\u00eda a la playa en bote &#8211; Pase de un d\u00eda &#8211; Snorkeling y almuerzo<\/p>\n<h3><em>Co \u010dekat?<\/em><\/h3>\n<p>Playa de las Aguilas lleva el nombre del \u00e1guila ind\u00edgena. Es conocida como la playa m\u00e1s hermosa de todo el pa\u00eds. El clima del parque es muy \u00e1rido y la vegetaci\u00f3n se compone principalmente de cactus y otras plantas del desierto. El camino de tierra roja que corre a lo largo de la bah\u00eda es comparable a un paisaje de sabana africana.<br \/>\nDescubra este para\u00edso para los pescadores y amantes de las playas de arena blanca y aguas cristalinas. Pero primero, viaja al pueblo La Cueva, donde los pescadores locales viven dentro de las cuevas.<\/p>\n<p>\u00bfFalta algo en este momento perfecto de la imagen?<\/p>\n<p>El mar en calma y el viento suave evitar\u00e1n que sufras demasiado por el sol y el calor. Convi\u00e9rtete en un explorador por el d\u00eda y descubre un para\u00edso ecol\u00f3gico, natural y totalmente virgen. Puede observar m\u00e1s de 130 especies de aves, 76 de las cuales viven permanentemente en la bah\u00eda, 10 son end\u00e9micas y 47 son migrantes.<\/p>\n<p><strong>Pl\u00e1n:<\/strong><\/p>\n<ul>\n<li>08.00 &#8211; Salida desde su hotel<\/li>\n<li>09.30 &#8211; Parada corta en la Laguna de Oviedo para disfrutar de la vista desde la plataforma de observaci\u00f3n.<\/li>\n<li>11.00 &#8211; Salida en bote desde el pueblo La Cueva hacia la Bah\u00eda de las Aguilas<\/li>\n<li>12.30 &#8211; Almuerzo t\u00edpico en la playa.<\/li>\n<li>03.00 &#8211; Regreso a La Cueva<\/li>\n<li>06.00 &#8211; Llegada a su hotel<\/li>\n<\/ul>\n<h3><em>Co byste si m\u011bli vz\u00edt s sebou?<\/em><\/h3>\n<ul>\n<li>Fotoapar\u00e1t<\/li>\n<li>Repelenty<\/li>\n<li>Opalovac\u00ed kr\u00e9m<\/li>\n<li>Voda<\/li>\n<li>Klobouk<\/li>\n<li>Pohodln\u00e9 kalhoty<\/li>\n<li>Turistick\u00e1 obuv Forest<\/li>\n<li>Sand\u00e1ly do jarn\u00edch oblast\u00ed.<\/li>\n<li>Plaveck\u00fd \u00fabor<\/li>\n<\/ul>\n<h3><em>Vyzvednut\u00ed v hotelu<\/em><\/h3>\n<p>Se ofrece recogida en el hotel para este recorrido. Recogida \/ Transporte desde su hotel (\u00e1rea de Barahona \/ Paraiso \/ Los Patos).<\/p>\n<p><strong>Pozn\u00e1mka:<\/strong> Si realiza la reserva dentro de las 24 horas de la hora de salida del tour \/ excursi\u00f3n, podemos organizar la recogida en el hotel. Acabamos de recoger en el \u00e1rea de Saman\u00e1. Una vez que se complete su compra, le enviaremos informaci\u00f3n de contacto completa (n\u00famero de tel\u00e9fono, direcci\u00f3n de correo electr\u00f3nico, etc.) para que nuestro gu\u00eda tur\u00edstico local organice los arreglos de recogida.<\/p>\n<h3><em>Potvrzen\u00ed dal\u0161\u00edch informac\u00ed<\/em><\/h3>\n<ol>\n<li>Vstupenky jsou stvrzenkou po zaplacen\u00ed t\u00e9to prohl\u00eddky. Platbu m\u016f\u017eete uk\u00e1zat na sv\u00e9m telefonu.<\/li>\n<li>M\u00edsto setk\u00e1n\u00ed obdr\u017e\u00edte po proveden\u00ed rezervace.<\/li>\n<li>D\u011bti mus\u00ed b\u00fdt v doprovodu dosp\u011bl\u00e9 osoby.<\/li>\n<li>Nen\u00ed bezbari\u00e9rov\u00fd<\/li>\n<li>Kojenci by m\u011bli sed\u011bt na kl\u00edn\u011b<\/li>\n<li>Nedoporu\u010duje se cestuj\u00edc\u00edm s probl\u00e9my se z\u00e1dy.<\/li>\n<li>No recomendado para muejeres embarazadas.<\/li>\n<li>\u017d\u00e1dn\u00e9 probl\u00e9my se srdcem ani jin\u00e9 z\u00e1va\u017en\u00e9 zdravotn\u00ed stavy.<\/li>\n<li>\u00da\u010dastnit se m\u016f\u017ee v\u011bt\u0161ina cestovatel\u016f.<\/li>\n<\/ol>\n<h3><em>Storno podm\u00ednky<\/em><\/h3>\n<p>Chcete-li vr\u00e1tit pen\u00edze v pln\u00e9 v\u00fd\u0161i, zru\u0161te pros\u00edm rezervaci nejpozd\u011bji 24 hodin p\u0159ed za\u010d\u00e1tkem z\u00e1\u017eitku. V p\u0159\u00edpad\u011b zru\u0161en\u00ed rezervace v den cesty finan\u010dn\u00ed prost\u0159edky propadaj\u00ed.<\/p>\n<p>&nbsp;<\/p>\n<p>&nbsp;<\/p>\n<h4>Kontaktujte n\u00e1s<\/h4>\n<h5>Dobrodru\u017en\u00e1 rezervace<\/h5>\n<p><em>Pr\u016fvodci <strong>m\u00edstn\u00ed<\/strong> y <strong>n\u00e1rodn\u00ed<\/strong> a slu\u017eby pro hosty<\/em><\/p>\n<p>Rezervace: Prohl\u00eddky a exkurze v Dom.<\/p>\n<p>Tel \/ Whatsapp + 1-809-720-6035.<\/p>\n<p>info@bookingadventures.com.do<\/p>\n<p>Jsme flexibiln\u00ed Nastaven\u00ed soukrom\u00fdch prohl\u00eddek podle<strong>\u00a0WhatsApp: <a href=\"tel:+18097206035\">+18097206035.<\/a><\/strong><\/p>\n\n\t\t<\/div>\n\t<\/div>\n<\/div><\/div><\/div><\/div>","protected":false},"excerpt":{"rendered":"<p>La mejor actividad\u00a0 para visitar Bah\u00eda Las Aguilas desde Barahona. Conduce por el parque nacional Jaragua y dir\u00edgete a Cabo Rojo, donde te espera un bote. Despu\u00e9s de un paseo de 15 minutos con el bote, llegar\u00e1 a la hermosa y aislada Bah\u00eda de las \u00c1guilas, que se considera la playa m\u00e1s hermosa del pa\u00eds. El almuerzo se servir\u00e1 en la playa y tendr\u00e1 la oportunidad de nadar o simplemente relajarse en la playa. Disfruta de la arena blanca de esta playa de 8 km de largo.<\/p>\n<p>&nbsp;<\/p>\n<p><strong>Seleccione la fecha para este Tour:<\/strong><\/p>","protected":false},"featured_media":500,"template":"","meta":[],"product_brand":[],"product_cat":[396,135,443],"product_tag":[397,398,399,400,401,402,403,404,405,406,407,408,409,410,411],"class_list":{"0":"post-10913","1":"product","2":"type-product","3":"status-publish","4":"has-post-thumbnail","6":"product_cat-bahia-de-las-aguilas-dominican-republic","7":"product_cat-lunch","8":"product_cat-tours-y-excursiones-es","9":"product_tag-bahia-de-las-aguilas","10":"product_tag-bahia-de-las-aguilas-pedernales","11":"product_tag-bahia-de-las-aguilas-beach-tour","12":"product_tag-bahia-de-las-aguilas-hoteles","13":"product_tag-bahia-de-las-aguilas-map","14":"product_tag-bahia-de-las-aguilas-private-tour","15":"product_tag-bahia-de-las-aguilas-republica-dominicana-hotel","16":"product_tag-bahia-de-las-aguilas-tour-from-punta-cana","17":"product_tag-bahia-de-las-aguilas-beach-day-trip-by-boat","18":"product_tag-bahia-las-aguilas-tours","19":"product_tag-barahona-tours","20":"product_tag-closest-airport-to-bahia-de-las-aguilas","21":"product_tag-hotel-barahona","22":"product_tag-playa-bahia-de-las-aguilas-dominican-republic","23":"product_tag-tours-a-bahia-de-las-aguilas-desde-santo-domingo","25":"first","26":"instock","27":"sale","28":"sold-individually","29":"shipping-taxable","30":"product-type-external"},"_links":{"self":[{"href":"https:\/\/haitises.com\/cs\/wp-json\/wp\/v2\/product\/10913","targetHints":{"allow":["GET"]}}],"collection":[{"href":"https:\/\/haitises.com\/cs\/wp-json\/wp\/v2\/product"}],"about":[{"href":"https:\/\/haitises.com\/cs\/wp-json\/wp\/v2\/types\/product"}],"wp:featuredmedia":[{"embeddable":true,"href":"https:\/\/haitises.com\/cs\/wp-json\/wp\/v2\/media\/500"}],"wp:attachment":[{"href":"https:\/\/haitises.com\/cs\/wp-json\/wp\/v2\/media?parent=10913"}],"wp:term":[{"taxonomy":"product_brand","embeddable":true,"href":"https:\/\/haitises.com\/cs\/wp-json\/wp\/v2\/product_brand?post=10913"},{"taxonomy":"product_cat","embeddable":true,"href":"https:\/\/haitises.com\/cs\/wp-json\/wp\/v2\/product_cat?post=10913"},{"taxonomy":"product_tag","embeddable":true,"href":"https:\/\/haitises.com\/cs\/wp-json\/wp\/v2\/product_tag?post=10913"}],"curies":[{"name":"wp","href":"https:\/\/api.w.org\/{rel}","templated":true}]}}