{"id":10908,"date":"2020-07-18T19:49:40","date_gmt":"2020-07-18T19:49:40","guid":{"rendered":"http:\/\/haitises.com\/?post_type=product&#038;p=10908"},"modified":"2024-04-15T23:28:53","modified_gmt":"2024-04-15T23:28:53","slug":"plaz-ermitano-a-playa-onda-puldenni-vylet-lodi-samana-dominikanska-republika","status":"publish","type":"product","link":"https:\/\/haitises.com\/cs\/soukrome\/plaz-ermitano-a-playa-onda-puldenni-vylet-lodi-samana-dominikanska-republika\/","title":{"rendered":"Pl\u00e1\u017e Ermita\u00f1o a Playa Honda, p\u016fldenn\u00ed v\u00fdlet lod\u00ed, Samana - Dominik\u00e1nsk\u00e1 republika"},"content":{"rendered":"<div class=\"vc_row wpb_row vc_row-fluid\" ><div class=\"wpb_column vc_column_container vc_col-sm-12\"><div class=\"vc_column-inner\"><div class=\"wpb_wrapper\">[mkdf_section_title title_tag=\u00bb\u00bb disable_break_words=\u00bbno\u00bb subtitle_tag=\u00bb\u00bb title=\u00bbPlaya Rinc\u00f3n, Playa Fronton + Playa Madame, Saman\u00e1 &#8211; Rep\u00fablica Dominicana.\u00bb subtitle=\u00bbAlmuerzo, Tour en bote y transporte desde los Hoteles.\u00bb]\n\t<div class=\"wpb_text_column wpb_content_element\" >\n\t\t<div class=\"wpb_wrapper\">\n\t\t\t<h2>V\u00fdlet lod\u00ed na Playa Ermita\u00f1o a soukrom\u00fd v\u00fdlet na Playa Onda.<\/h2>\n<h3>Popis<\/h3>\n<p>V\u00fdlet za\u010d\u00edn\u00e1 vyzvednut\u00edm z va\u0161eho hotelu nebo leti\u0161t\u011b v oblasti Saman\u00e1 nebo Las Galeras. Za\u010dn\u011bte sv\u016fj z\u00e1\u017eitek na Playa El Valle, kr\u00e1sn\u00e9 a jedine\u010dn\u00e9 pl\u00e1\u017ei nedaleko Saman\u00e1. U\u017eijte si 25minutovou plavbu lod\u00ed na Playa Ermita\u00f1o, co\u017e je st\u00e1le neprozkouman\u00e1 a odlehl\u00e1 pl\u00e1\u017e s tyrkysov\u011b modrou vodou. U\u017eijte si \u010derstvou kokosovou vodu. Objevte skute\u010dnou, nedot\u010denou kr\u00e1su Dominik\u00e1nsk\u00e9 republiky a pono\u0159te se do p\u0159\u00edrody p\u0159i prozkoum\u00e1v\u00e1n\u00ed nedalek\u00e9 tajn\u00e9 jeskyn\u011b. Z\u016fsta\u0148te v Playa Ermita\u00f1o, jak dlouho chcete, a nav\u0161tivte Playa Onda, dal\u0161\u00ed kr\u00e1snou divokou pl\u00e1\u017e, jen 15 minut j\u00edzdy lod\u00ed. Vra\u0165te se do Playa El Valle a pot\u00e9 pokra\u010dujte do Saman\u00e1, uvid\u00edte m\u00edstn\u00ed domy a dozv\u00edte se o skute\u010dn\u00e9m dominik\u00e1nsk\u00e9m \u017eivot\u011b.<\/p>\n<ul>\n<li>M\u00edstn\u00ed pr\u016fvodce se zku\u0161enostmi s bezpe\u010dnost\u00ed v dan\u00e9 oblasti.<\/li>\n<li>Soukrom\u00e1 doprava<\/li>\n<li>V\u010detn\u011b poplatk\u016f<\/li>\n<li>Ob\u011bd na pl\u00e1\u017ei<\/li>\n<li>M\u00edstn\u00ed turistick\u00fd pr\u016fvodce ve \u0161pan\u011bl\u0161tin\u011b, angli\u010dtin\u011b nebo francouz\u0161tin\u011b.<\/li>\n<li>Turistika<\/li>\n<\/ul>\n<h3>Zahrnut\u00ed a vylou\u010den\u00ed<\/h3>\n<h4>Inkluze<\/h4>\n<ol>\n<li>M\u00edstn\u00ed pr\u016fvodce se zku\u0161enostmi s bezpe\u010dnost\u00ed v dan\u00e9 oblasti.<\/li>\n<li>Soukrom\u00e1 doprava pro mal\u00e9 skupiny.<\/li>\n<li>Pl\u00e1\u017e El Rincon<\/li>\n<li>Dominik\u00e1nsk\u00fd ran\u010d<\/li>\n<li>\u0158eka Cano Frio<\/li>\n<li>V\u0161echny dan\u011b, poplatky a manipula\u010dn\u00ed poplatky<\/li>\n<li>M\u00edstn\u00ed dan\u011b<\/li>\n<li>Ob\u011bd na pl\u00e1\u017ei<\/li>\n<li>Turistika<\/li>\n<li>V\u0161echny aktivity<\/li>\n<\/ol>\n<h4>V\u00fdjimky<\/h4>\n<p>&nbsp;<\/p>\n<ol>\n<li>Skl\u00e1p\u011bn\u00ed<\/li>\n<li>V\u0161echny n\u00e1poje<\/li>\n<\/ol>\n<h3><em>Odjezd a n\u00e1vrat<\/em><\/h3>\n<p>Po proveden\u00ed rezervace obdr\u017e\u00ed cestuj\u00edc\u00ed m\u00edsto setk\u00e1n\u00ed. Z\u00e1jezdy za\u010d\u00ednaj\u00ed a kon\u010d\u00ed v m\u00edstech setk\u00e1n\u00ed.<\/p>\n<h3>(Pl\u00e1\u017e Ermitano) V\u00fdlet lod\u00ed na pl\u00e1\u017e Ermita\u00f1o a soukrom\u00fd v\u00fdlet na pl\u00e1\u017e Onda.<\/h3>\n<h3><em>Co \u010dekat?<\/em><\/h3>\n<p>Po opu\u0161t\u011bn\u00ed hotelov\u00e9 z\u00f3ny Saman\u00e1 a proj\u00ed\u017e\u010fce dominik\u00e1nsk\u00fdmi uli\u010dkami uvid\u00edte a pozn\u00e1te m\u00edstn\u00ed \u017eivotn\u00ed styl. Tato pl\u00e1\u017e se nach\u00e1z\u00ed mezi Playa Honda a Playa El Valle na poloostrov\u011b Saman\u00e1. Je dlouh\u00e1 400 metr\u016f a je obklopena \u00fatesy. Jedin\u00fd zp\u016fsob, jak se dostat na tuto pl\u00e1\u017e, je p\u011b\u0161ky, p\u0159es hustou cestu d\u017eungl\u00ed nebo lod\u00ed.<\/p>\n<p>P\u0159\u00edb\u011bh za jeho jm\u00e9nem je tak fascinuj\u00edc\u00ed a zaj\u00edmav\u00fd\u2026 Juan El Hermita\u00f1o byl zjevn\u011b francouzsk\u00fd pir\u00e1t, kter\u00fd, kaj\u00edc\u00ed se, jednoho dne p\u0159ist\u00e1l na t\u00e9to pl\u00e1\u017ei v Saman\u00e1. Historie \u0159\u00edk\u00e1, \u017ee byl v roce 1780 s\u00e1m a izolovan\u00fd od sv\u011bta. Legenda \u0159\u00edk\u00e1, \u017ee po 22 letech exilu byl p\u0159ekvapen sv\u00fdmi b\u00fdval\u00fdmi lupi\u010di, kte\u0159\u00ed uv\u011b\u0159ili, \u017ee je mrtv\u00fd. Ale \u0160pan\u011bl\u00e9, ohromeni jeho askez\u00ed a vytrvalost\u00ed, mu poskytli odpu\u0161t\u011bn\u00ed a pova\u017eovali ho t\u00e9m\u011b\u0159 za svat\u00e9ho. Ale jako u ka\u017ed\u00e9ho vychlouba\u010dn\u00e9ho pir\u00e1tsk\u00e9ho p\u0159\u00edb\u011bhu, Juan Poustevn\u00edk udr\u017eel velk\u00e9 tajemstv\u00ed: uchoval si vz\u00e1cnou ko\u0159ist z doby pir\u00e1tstv\u00ed, kterou ukryl na t\u00e9to pl\u00e1\u017ei.<\/p>\n<p>Kdy\u017e tam doraz\u00edte, uvid\u00edte p\u0159ed sebou pohlednicov\u011b dokonalou krajinu. Na tomto kouzeln\u00e9m m\u00edst\u011b s bujnou tropickou vegetac\u00ed a kr\u00e1sou k\u0159i\u0161\u0165\u00e1lov\u011b \u010dist\u00fdch vod budete m\u00edt dojem, \u017ee jste sv\u011btov\u00fd unik\u00e1t. Tato pl\u00e1\u017e p\u0159in\u00e1\u0161\u00ed neuv\u011b\u0159iteln\u00fd z\u00e1\u017eitek.<\/p>\n<p>Na t\u00e9to pl\u00e1\u017ei se nat\u00e1\u010dela tureck\u00e1 a \u0161v\u00e9dsk\u00e1 verze televizn\u00edho seri\u00e1lu Survivor.<\/p>\n<p>Este recorrido, organizado por \u00abBooking Adventures\u00bb, comienza en el punto de encuentro establecido con nuestro gu\u00eda tur\u00edstico. Ven con Booking Adventures, almuerza en la playa y disfruta de una de las playas m\u00e1s incre\u00edbles de Saman\u00e1, Rep\u00fablica Dominicana.<\/p>\n<h3><em>Co byste si m\u011bli vz\u00edt s sebou?<\/em><\/h3>\n<ul>\n<li>Fotoapar\u00e1t<\/li>\n<li>Repelenty<\/li>\n<li>Opalovac\u00ed kr\u00e9m<\/li>\n<li>Voda<\/li>\n<li>Klobouk<\/li>\n<li>Pohodln\u00e9 kalhoty<\/li>\n<li>Turistick\u00e1 obuv Forest<\/li>\n<li>Sand\u00e1ly do jarn\u00edch oblast\u00ed.<\/li>\n<li>Plaveck\u00fd \u00fabor<\/li>\n<\/ul>\n<h3><em>Vyzvednut\u00ed v hotelu<\/em><\/h3>\n<p>Pro tento z\u00e1jezd je nab\u00edzeno vyzvednut\u00ed v hotelu.<\/p>\n<p><strong>Pozn\u00e1mka:<\/strong> Pokud provedete rezervaci do 24 hodin od \u010dasu odjezdu prohl\u00eddky\/exkurze, m\u016f\u017eeme zajistit vyzvednut\u00ed v hotelu. Vyzved\u00e1v\u00e1me v oblasti Saman\u00e1. Jakmile bude v\u00e1\u0161 n\u00e1kup dokon\u010den, za\u0161leme v\u00e1m kompletn\u00ed kontaktn\u00ed informace (telefonn\u00ed \u010d\u00edslo, e-mailovou adresu atd.) na na\u0161eho m\u00edstn\u00edho pr\u016fvodce, abychom domluvili vyzvednut\u00ed.<\/p>\n<h3><em>Potvrzen\u00ed dal\u0161\u00edch informac\u00ed<\/em><\/h3>\n<ol>\n<li>Vstupenky jsou stvrzenkou po zaplacen\u00ed t\u00e9to prohl\u00eddky. Platbu m\u016f\u017eete uk\u00e1zat na sv\u00e9m telefonu.<\/li>\n<li>M\u00edsto setk\u00e1n\u00ed obdr\u017e\u00edte po proveden\u00ed rezervace.<\/li>\n<li>D\u011bti mus\u00ed b\u00fdt v doprovodu dosp\u011bl\u00e9 osoby.<\/li>\n<li>Nen\u00ed bezbari\u00e9rov\u00fd<\/li>\n<li>Kojenci by m\u011bli sed\u011bt na kl\u00edn\u011b<\/li>\n<li>Nedoporu\u010duje se cestuj\u00edc\u00edm s probl\u00e9my se z\u00e1dy.<\/li>\n<li>Nedoporu\u010duje se t\u011bhotn\u00fdm \u017een\u00e1m.<\/li>\n<li>\u017d\u00e1dn\u00e9 probl\u00e9my se srdcem ani jin\u00e9 z\u00e1va\u017en\u00e9 zdravotn\u00ed stavy.<\/li>\n<li>\u00da\u010dastnit se m\u016f\u017ee v\u011bt\u0161ina cestovatel\u016f.<\/li>\n<\/ol>\n<h3><em>Storno podm\u00ednky<\/em><\/h3>\n<p>Chcete-li vr\u00e1tit pen\u00edze v pln\u00e9 v\u00fd\u0161i, zru\u0161te pros\u00edm rezervaci nejpozd\u011bji 24 hodin p\u0159ed za\u010d\u00e1tkem z\u00e1\u017eitku. V p\u0159\u00edpad\u011b zru\u0161en\u00ed rezervace v den cesty finan\u010dn\u00ed prost\u0159edky propadaj\u00ed.<\/p>\n\n\t\t<\/div>\n\t<\/div>\n<\/div><\/div><\/div><\/div><div class=\"vc_row wpb_row vc_row-fluid\" ><div class=\"wpb_column vc_column_container vc_col-sm-12\"><div class=\"vc_column-inner\"><div class=\"wpb_wrapper\">\n\t<div class=\"wpb_video_widget wpb_content_element vc_clearfix   vc_video-aspect-ratio-169 vc_video-el-width-100 vc_video-align-left\" >\n\t\t<div class=\"wpb_wrapper\">\n\t\t\t<h2 class=\"wpb_heading wpb_video_heading\">Sledovat video:<\/h2>\n\t\t\t<div class=\"wpb_video_wrapper\"><iframe loading=\"lazy\" title=\"Pl\u00e1\u017e Ermita\u00f1o - Saman\u00e1, Dominik\u00e1nsk\u00e1 republika\" src=\"https:\/\/player.vimeo.com\/video\/263076708?dnt=1&amp;app_id=122963\" width=\"1100\" height=\"619\" frameborder=\"0\" allow=\"autoplay; fullscreen\" allowfullscreen><\/iframe><\/div>\n\t\t<\/div>\n\t<\/div>\n<\/div><\/div><\/div><\/div><div class=\"vc_row wpb_row vc_row-fluid\" ><div class=\"wpb_column vc_column_container vc_col-sm-12\"><div class=\"vc_column-inner\"><div class=\"wpb_wrapper\"><div class=\"vc_empty_space\"   style=\"height: 32px\"><span class=\"vc_empty_space_inner\"><\/span><\/div>\n\t<div class=\"wpb_text_column wpb_content_element\" >\n\t\t<div class=\"wpb_wrapper\">\n\t\t\t<h4>Kontaktujte n\u00e1s<\/h4>\n<h5><em>Dobrodru\u017en\u00e1 rezervace<\/em><\/h5>\n<p><em>M\u00edstn\u00ed a n\u00e1rodn\u00ed pr\u016fvodci a slu\u017eby pro hosty<\/em><\/p>\n<p>Rezervace: Prohl\u00eddky a exkurze v Dom.<\/p>\n<p>Tel \/ Whatsapp + 1-809-720-6035.<\/p>\n<p>info@bookingadventures.com.do<\/p>\n<p>Jsme flexibiln\u00ed Nastaven\u00ed soukrom\u00fdch prohl\u00eddek podle<strong>\u00a0WhatsApp: <a href=\"tel:+18097206035\">+18097206035.<\/a><\/strong><\/p>\n\n\t\t<\/div>\n\t<\/div>\n<div class=\"vc_empty_space\"   style=\"height: 32px\"><span class=\"vc_empty_space_inner\"><\/span><\/div><\/div><\/div><\/div><\/div>","protected":false},"excerpt":{"rendered":"<p>V\u00fdlet za\u010d\u00edn\u00e1 vyzvednut\u00edm z va\u0161eho hotelu nebo na leti\u0161ti v oblasti Saman\u00e1 de Las Galeras. Za\u010dn\u011bte sv\u016fj z\u00e1\u017eitek na Playa El Valle, kr\u00e1sn\u00e9 a jedine\u010dn\u00e9 pl\u00e1\u017ei nedaleko Saman\u00e1. U\u017eijte si 25minutovou plavbu lod\u00ed na Playa Ermita\u00f1o, co\u017e je st\u00e1le neprozkouman\u00e1 a odlehl\u00e1 pl\u00e1\u017e s tyrkysov\u011b modrou vodou. U\u017eijte si \u010derstvou kokosovou vodu. Objevte skute\u010dnou, nedot\u010denou kr\u00e1su Dominik\u00e1nsk\u00e9 republiky a pono\u0159te se do p\u0159\u00edrody p\u0159i prozkoum\u00e1v\u00e1n\u00ed nedalek\u00e9 tajn\u00e9 jeskyn\u011b. Z\u016fsta\u0148te v Playa Ermita\u00f1o, jak dlouho chcete, a nav\u0161tivte Playa Honda, dal\u0161\u00ed kr\u00e1snou divokou pl\u00e1\u017e, jen 15 minut j\u00edzdy lod\u00ed. Vra\u0165te se do Playa El Valle a pot\u00e9 pokra\u010dujte do Saman\u00e1, uvid\u00edte m\u00edstn\u00ed domy a dozv\u00edte se o skute\u010dn\u00e9m dominik\u00e1nsk\u00e9m \u017eivot\u011b. Jedn\u00e1 se o p\u016fldenn\u00ed z\u00e1\u017eitek skute\u010dn\u00e9 Saman\u00e9 v Dominik\u00e1nsk\u00e9 republice.<\/p>\n<p><strong>Vyberte si pros\u00edm datum prohl\u00eddky:<\/strong><\/p>","protected":false},"featured_media":484,"template":"","meta":[],"product_brand":[],"product_cat":[356,98,135,443,124],"product_tag":[376,377,378,379,380,381,382,383,384,385,386,387,388,389,201,270,148,143],"class_list":{"0":"post-10908","1":"product","2":"type-product","3":"status-publish","4":"has-post-thumbnail","6":"product_cat-day-trips","7":"product_cat-local-tour-guides","8":"product_cat-lunch","9":"product_cat-tours-y-excursiones-es","10":"product_cat-tours-excursions-samana-bay-dominican-republic","11":"product_tag-ermitano-beach-playa-ermitano-boat-tour-and-playa-onda-private-trip","12":"product_tag-ermitano-beach","13":"product_tag-ermitano-excursion","14":"product_tag-ermitano-samana","15":"product_tag-ermitano-tour","16":"product_tag-las-terrenas-excursions","17":"product_tag-las-terrenas-tours","18":"product_tag-onda-beach","19":"product_tag-playa-ermitano-and-playa-onda-private-boat-tour","20":"product_tag-playa-ermitano-tour","21":"product_tag-playa-honda-samana","22":"product_tag-playa-onda","23":"product_tag-playa-onda-location","24":"product_tag-playa-onda-samana-maps","25":"product_tag-private-tours-samana","26":"product_tag-samana-dominican-republic","27":"product_tag-samana-excursions","28":"product_tag-samana-tours","30":"first","31":"instock","32":"sale","33":"sold-individually","34":"shipping-taxable","35":"product-type-external"},"_links":{"self":[{"href":"https:\/\/haitises.com\/cs\/wp-json\/wp\/v2\/product\/10908","targetHints":{"allow":["GET"]}}],"collection":[{"href":"https:\/\/haitises.com\/cs\/wp-json\/wp\/v2\/product"}],"about":[{"href":"https:\/\/haitises.com\/cs\/wp-json\/wp\/v2\/types\/product"}],"wp:featuredmedia":[{"embeddable":true,"href":"https:\/\/haitises.com\/cs\/wp-json\/wp\/v2\/media\/484"}],"wp:attachment":[{"href":"https:\/\/haitises.com\/cs\/wp-json\/wp\/v2\/media?parent=10908"}],"wp:term":[{"taxonomy":"product_brand","embeddable":true,"href":"https:\/\/haitises.com\/cs\/wp-json\/wp\/v2\/product_brand?post=10908"},{"taxonomy":"product_cat","embeddable":true,"href":"https:\/\/haitises.com\/cs\/wp-json\/wp\/v2\/product_cat?post=10908"},{"taxonomy":"product_tag","embeddable":true,"href":"https:\/\/haitises.com\/cs\/wp-json\/wp\/v2\/product_tag?post=10908"}],"curies":[{"name":"wp","href":"https:\/\/api.w.org\/{rel}","templated":true}]}}