{"id":10903,"date":"2020-07-16T19:22:46","date_gmt":"2020-07-16T19:22:46","guid":{"rendered":"http:\/\/haitises.com\/?post_type=product&#038;p=10903"},"modified":"2020-10-19T19:32:19","modified_gmt":"2020-10-19T19:32:19","slug":"excursion-gavilan-de-la-hispaniola-observacion-de-aves-en-el-parque-nacional-los-haitises","status":"publish","type":"product","link":"https:\/\/haitises.com\/cs\/soukrome\/excursion-gavilan-de-la-hispaniola-observacion-de-aves-en-el-parque-nacional-los-haitises\/","title":{"rendered":"Exkurze Krahujec obecn\u00fd - pozorov\u00e1n\u00ed pt\u00e1k\u016f v n\u00e1rodn\u00edm parku Los Haitises"},"content":{"rendered":"<div class=\"vc_row wpb_row vc_row-fluid\" ><div class=\"wpb_column vc_column_container vc_col-sm-12\"><div class=\"vc_column-inner\"><div class=\"wpb_wrapper\">[mkdf_section_title title_tag=\u00bb\u00bb disable_break_words=\u00bbno\u00bb subtitle_tag=\u00bb\u00bb title=\u00bbTour de El Gavil\u00e1n\u00bb subtitle=\u00bbObservaci\u00f3n de aves en Los Haitises\u00bb]<\/div><\/div><\/div><\/div><div class=\"vc_row wpb_row vc_row-fluid\" ><div class=\"wpb_column vc_column_container vc_col-sm-12\"><div class=\"vc_column-inner\"><div class=\"wpb_wrapper\">\n\t<div class=\"wpb_text_column wpb_content_element\" >\n\t\t<div class=\"wpb_wrapper\">\n\t\t\t<p>Popis<\/p>\n<p>El halc\u00f3n de La Hispaniola es una especie de rapaces diurnas en peligro cr\u00edtico de extinci\u00f3n end\u00e9mica de la isla de La Espa\u00f1ola. Hace cien a\u00f1os, el halc\u00f3n se encontr\u00f3 en toda la Espa\u00f1ola, pero hoy la \u00fanica poblaci\u00f3n reproductora restante de aproximadamente 300 individuos se encuentra en el Parque Nacional Los Haitises en la Rep\u00fablica Dominicana.<\/p>\n<p>El Parque Nacional Los Haitises es un destino popular para los amantes de la naturaleza y los observadores de aves, ya que es de suma importancia para la biodiversidad y la riqueza de la fauna, tanto en t\u00e9rminos de endemismo como de especies. Mientras que la mayor\u00eda de las personas salen en bote para explorar el parque y sus cuevas, islas y vida salvaje.<\/p>\n<p>Estamos conservando el Gavil\u00e1n de La Hispaniola en el Parque Nacional Los Haitises, donde puedes ver el h\u00e1bitat y la interesante historia de Los Gavilanes en los Bosques H\u00famedos. Conocemos los h\u00e1bitats de manchas para los b\u00fahos de La Hispaniola y Cara Ceniza. Adem\u00e1s, puede ver otras especies end\u00e9micas alrededor del parque. Este Tour se enfoca en la naturaleza y est\u00e1 m\u00e1s concentrado en la informaci\u00f3n sobre la vida silvestre. Por lo general es un privado.<\/p>\n<h3>Zahrnut\u00ed a vylou\u010den\u00ed<\/h3>\n<h4>Inkluze<\/h4>\n<ol>\n<li>Tour de Observaci\u00f3n de Aves + Cuevas y Pictograf\u00edas<\/li>\n<li>V\u0161echny dan\u011b, poplatky a manipula\u010dn\u00ed poplatky<\/li>\n<li>M\u00edstn\u00ed dan\u011b<\/li>\n<li>Gu\u00edas ecologistas oficiales<\/li>\n<\/ol>\n<h4>V\u00fdjimky<\/h4>\n<ol>\n<li>Skl\u00e1p\u011bn\u00ed<\/li>\n<li>Doprava<\/li>\n<li>Nap\u00edt se<\/li>\n<\/ol>\n<h3><em>Odjezd a n\u00e1vrat<\/em><\/h3>\n<p>El recorrido, organizado por \u00abBooking Adventures\u00bb comienza en el punto de encuentro establecido con el gu\u00eda tur\u00edstico. El viajero obtendr\u00e1 un punto de encuentro despu\u00e9s del proceso de reserva. Los tours comienzan y terminan en nuestros puntos de encuentro.<\/p>\n<h3><em>Co \u010dekat?<\/em><\/h3>\n<p>Obtenga su boleto para conservar el Tour de El Gavil\u00e1n en el Parque Nacional Los Haitises.<\/p>\n<p>Esta excursi\u00f3n comienza desde el punto de encuentro haciendo senderismo por los senderos de hasta las \u00e1reas de anidaci\u00f3n. Despu\u00e9s de 30 minutos de caminata y observando a los Halcones o Gavilanes, tenemos la opci\u00f3n de continuar caminando y buscar loros, carpinteros y otras especies end\u00e9micas en el Parque Nacional Los Haitises.<\/p>\n<p>N\u00e1rodn\u00ed park Los Haitises m\u00e1 pouze dv\u011b stezky pro pozorov\u00e1n\u00ed pt\u00e1k\u016f v Sabana de la Mar. Cestou do n\u00e1rodn\u00edho parku Los Hiatises zastavujeme na n\u011bkolika m\u00edstech, abychom vid\u011bli dal\u0161\u00ed pt\u00e1ky.<\/p>\n<p>En la bah\u00eda de San Lorenzo visitaremos dos cuevas, la llamada Sandly Cave en espa\u00f1ol Cueva de la Arena; En esta cueva, podemos ver los petroglifos de las comunidades ta\u00ednas que se quedaron en esta \u00e1rea. y usando las cuevas como templo.<\/p>\n<p>Despu\u00e9s de eso, nos dirigimos a la Cueva de Linea, esta con 2,243 pictograf\u00edas originales y nuestro gu\u00eda tur\u00edstico le explicar\u00e1 la informaci\u00f3n arqueol\u00f3gica sobre esas pictograf\u00edas.<\/p>\n<p>Tomando el bote nuevamente hacia la isla P\u00e1jaros (Cayo de los P\u00e1jaros) donde podemos ver la mayor\u00eda de las aves de los humedales alrededor del Parque Nacional Los Haitises. Solo porque todas las aves no est\u00e1n en el agua.<\/p>\n<p>Despu\u00e9s de 4.5 horas aprendiendo sobre las aves en el Parque Nacional Los Haitises, esta excursi\u00f3n termina en el mismo lugar que comenz\u00f3.<\/p>\n<p><strong>Pozn\u00e1mka:<\/strong> Estos recorridos son con gu\u00edas tur\u00edsticos de Ecologistas Oficiales. Reserve con tiempo porque en el parque no hay tantos especialistas.<\/p>\n<h3><em>Co byste si m\u011bli vz\u00edt s sebou?<\/em><\/h3>\n<ul>\n<li>Fotoapar\u00e1t<\/li>\n<li>Binokul\u00e1rn\u00ed<\/li>\n<li>Repelenty<\/li>\n<li>opalovac\u00ed kr\u00e9m<\/li>\n<li>Klobouk<\/li>\n<li>Pohodln\u00e9 kalhoty<\/li>\n<li>Turistick\u00e1 obuv Forest<\/li>\n<li>Sand\u00e1ly do jarn\u00edch oblast\u00ed.<\/li>\n<li>Plaveck\u00fd \u00fabor<\/li>\n<\/ul>\n<h3><em>Vyzvednut\u00ed v hotelu<\/em><\/h3>\n<p>U tohoto z\u00e1jezdu nen\u00ed nab\u00edzeno vyzvednut\u00ed v hotelu.<\/p>\n<p><strong>Pozn\u00e1mka<\/strong>: Pokud provedete rezervaci do 24 hodin od \u010dasu odjezdu prohl\u00eddky\/exkurze, m\u016f\u017eeme zajistit vyzvednut\u00ed v hotelu s dal\u0161\u00edmi poplatky. Jakmile bude v\u00e1\u0161 n\u00e1kup dokon\u010den, za\u0161leme v\u00e1m kompletn\u00ed kontaktn\u00ed informace (telefonn\u00ed \u010d\u00edslo, e-mailovou adresu atd.) na na\u0161eho m\u00edstn\u00edho pr\u016fvodce, abychom domluvili vyzvednut\u00ed.<\/p>\n<h3><em>Potvrzen\u00ed dal\u0161\u00edch informac\u00ed<\/em><\/h3>\n<ol>\n<li>Vstupenky jsou stvrzenkou po zaplacen\u00ed t\u00e9to prohl\u00eddky. Platbu m\u016f\u017eete uk\u00e1zat na sv\u00e9m telefonu.<\/li>\n<li>M\u00edsto setk\u00e1n\u00ed obdr\u017e\u00edte po proveden\u00ed rezervace.<\/li>\n<li>D\u011bti mus\u00ed b\u00fdt v doprovodu dosp\u011bl\u00e9 osoby.<\/li>\n<li>Nen\u00ed bezbari\u00e9rov\u00fd<\/li>\n<li>Kojenci by m\u011bli sed\u011bt na kl\u00edn\u011b<\/li>\n<li>Nedoporu\u010duje se cestuj\u00edc\u00edm s probl\u00e9my se z\u00e1dy.<\/li>\n<li>Nedoporu\u010duje se t\u011bhotn\u00fdm \u017een\u00e1m.<\/li>\n<li>\u017d\u00e1dn\u00e9 probl\u00e9my se srdcem ani jin\u00e9 z\u00e1va\u017en\u00e9 zdravotn\u00ed stavy.<\/li>\n<li>\u00da\u010dastnit se m\u016f\u017ee v\u011bt\u0161ina cestovatel\u016f.<\/li>\n<\/ol>\n<p>Tato prohl\u00eddka je nab\u00edzena minim\u00e1ln\u011b pro 2 osoby a maxim\u00e1ln\u011b pro 15 osob. V p\u0159\u00edpad\u011b men\u0161\u00edho po\u010dtu lid\u00ed n\u00e1s pros\u00edm kontaktujte.<\/p>\n<h3><em>Storno podm\u00ednky<\/em><\/h3>\n<p>Chcete-li z\u00edskat plnou n\u00e1hradu, zru\u0161te alespo\u0148 24 hodin p\u0159ed datem zah\u00e1jen\u00ed z\u00e1\u017eitku.<\/p>\n\n\t\t<\/div>\n\t<\/div>\n<\/div><\/div><\/div><\/div><div class=\"vc_row wpb_row vc_row-fluid\" ><div class=\"wpb_column vc_column_container vc_col-sm-12\"><div class=\"vc_column-inner\"><div class=\"wpb_wrapper\"><div class=\"vc_empty_space\"   style=\"height: 32px\"><span class=\"vc_empty_space_inner\"><\/span><\/div>\n\t<div class=\"wpb_text_column wpb_content_element\" >\n\t\t<div class=\"wpb_wrapper\">\n\t\t\t<h4>Kontaktujte n\u00e1s<\/h4>\n<h5>Dobrodru\u017en\u00e1 rezervace<\/h5>\n<p><em>M\u00edstn\u00ed a n\u00e1rodn\u00ed pr\u016fvodci a slu\u017eby pro hosty<\/em><\/p>\n<p>Rezervace: Prohl\u00eddky a exkurze v Dom.<\/p>\n<p>Tel \/ Whatsapp + 1-809-720-6035.<\/p>\n<p>info@bookingadventures.com.do<\/p>\n<p>Jsme flexibiln\u00ed Nastaven\u00ed soukrom\u00fdch prohl\u00eddek podle<strong>\u00a0WhatsApp: <a href=\"tel:+18097206035\">+18097206035.<\/a><\/strong><\/p>\n\n\t\t<\/div>\n\t<\/div>\n<div class=\"vc_empty_space\"   style=\"height: 32px\"><span class=\"vc_empty_space_inner\"><\/span><\/div><\/div><\/div><\/div><\/div>","protected":false},"excerpt":{"rendered":"<p>Viaje ecol\u00f3gico al Parque Nacional Los Haitises con un gu\u00eda local. Visitando los Gavilanes en el Parque Nacional Los Haitises, y las \u00e1reas hist\u00f3ricas de Sabana de la Mar en el Parque Nacional Los Haitises.<\/p>\n<p><em><strong>Vyberte si pros\u00edm datum prohl\u00eddky:<\/strong><\/em><\/p>","protected":false},"featured_media":223,"template":"","meta":[],"product_brand":[],"product_cat":[122,443,123,124],"product_tag":[177,180,132,133,191,192,114,142,147,193],"class_list":{"0":"post-10903","1":"product","2":"type-product","3":"status-publish","4":"has-post-thumbnail","6":"product_cat-tours-and-excursions","7":"product_cat-tours-y-excursiones-es","8":"product_cat-tours-excursions-los-haitises-national-park","9":"product_cat-tours-excursions-samana-bay-dominican-republic","10":"product_tag-birding","11":"product_tag-birdwatching","12":"product_tag-los-haitises","13":"product_tag-los-haitises-national-park","14":"product_tag-nature","15":"product_tag-ridgways-hawk","16":"product_tag-sabana-de-la-mar","17":"product_tag-samana","18":"product_tag-samana-bay","19":"product_tag-wildlife","21":"first","22":"instock","23":"sale","24":"virtual","25":"sold-individually","26":"purchasable","27":"product-type-simple"},"_links":{"self":[{"href":"https:\/\/haitises.com\/cs\/wp-json\/wp\/v2\/product\/10903","targetHints":{"allow":["GET"]}}],"collection":[{"href":"https:\/\/haitises.com\/cs\/wp-json\/wp\/v2\/product"}],"about":[{"href":"https:\/\/haitises.com\/cs\/wp-json\/wp\/v2\/types\/product"}],"wp:featuredmedia":[{"embeddable":true,"href":"https:\/\/haitises.com\/cs\/wp-json\/wp\/v2\/media\/223"}],"wp:attachment":[{"href":"https:\/\/haitises.com\/cs\/wp-json\/wp\/v2\/media?parent=10903"}],"wp:term":[{"taxonomy":"product_brand","embeddable":true,"href":"https:\/\/haitises.com\/cs\/wp-json\/wp\/v2\/product_brand?post=10903"},{"taxonomy":"product_cat","embeddable":true,"href":"https:\/\/haitises.com\/cs\/wp-json\/wp\/v2\/product_cat?post=10903"},{"taxonomy":"product_tag","embeddable":true,"href":"https:\/\/haitises.com\/cs\/wp-json\/wp\/v2\/product_tag?post=10903"}],"curies":[{"name":"wp","href":"https:\/\/api.w.org\/{rel}","templated":true}]}}