{"id":10885,"date":"2020-07-14T02:35:41","date_gmt":"2020-07-14T02:35:41","guid":{"rendered":"http:\/\/haitises.com\/?post_type=product&#038;p=10885"},"modified":"2024-04-16T01:40:10","modified_gmt":"2024-04-16T01:40:10","slug":"excursion-de-ballenas-2021-desde-los-hoteles-de-punta-cana-a-la-bahia-de-samana-cayo-levantado-bacardi-island","status":"publish","type":"product","link":"https:\/\/haitises.com\/cs\/soukrome\/excursion-de-ballenas-2021-desde-los-hoteles-de-punta-cana-a-la-bahia-de-samana-cayo-levantado-bacardi-island\/","title":{"rendered":"V\u00fdlet za velrybami 2022 z hotel\u016f v Punta Can\u011b do z\u00e1toky Samana Bay + Cayo Levantado (ostrov Bacardi)."},"content":{"rendered":"<div class=\"vc_row wpb_row vc_row-fluid\" ><div class=\"wpb_column vc_column_container vc_col-sm-12\"><div class=\"vc_column-inner\"><div class=\"wpb_wrapper\">[mkdf_section_title title_tag=\u00bb\u00bb disable_break_words=\u00bbno\u00bb subtitle_tag=\u00bb\u00bb title=\u00bbExcursi\u00f3n de Ballenas 2021 desde Punta Cana a la Bah\u00eda de Saman\u00e1\u00bb subtitle=\u00bbRecogida en hoteles + Cayo Levantado (Bacardi Island).\u00bb]<\/div><\/div><\/div><\/div><div class=\"vc_row wpb_row vc_row-fluid\" ><div class=\"wpb_column vc_column_container vc_col-sm-12\"><div class=\"vc_column-inner\"><div class=\"wpb_wrapper\">\n\t<div class=\"wpb_text_column wpb_content_element\" >\n\t\t<div class=\"wpb_wrapper\">\n\t\t\t<div class=\"vc_row wpb_row vc_row-fluid\">\n<div class=\"wpb_column vc_column_container vc_col-sm-12\">\n<div class=\"vc_column-inner\">\n<div class=\"wpb_wrapper\">\n<div class=\"wpb_text_column wpb_content_element\">\n<div class=\"wpb_wrapper\">\n<div class=\"vc_row wpb_row vc_row-fluid\">\n<div class=\"wpb_column vc_column_container vc_col-sm-12\">\n<div class=\"vc_column-inner\">\n<div class=\"wpb_wrapper\">\n<div class=\"wpb_text_column wpb_content_element\">\n<div class=\"wpb_wrapper\"><\/div>\n<\/div>\n<\/div>\n<\/div>\n<\/div>\n<\/div>\n<\/div>\n<\/div>\n<\/div>\n<\/div>\n<\/div>\n<\/div>\n<div class=\"vc_row wpb_row vc_row-fluid\">\n<div class=\"wpb_column vc_column_container vc_col-sm-12\">\n<div class=\"vc_column-inner\">\n<div class=\"wpb_wrapper\">\n<div class=\"wpb_text_column wpb_content_element\">\n<div class=\"wpb_wrapper\">\n<h3>Popis<\/h3>\n<p>Ballena Punta Cana, avistamiento de ballenas en la Bah\u00eda de Saman\u00e1 y visita Cayo Levantado durante esta excursi\u00f3n de d\u00eda completo desde los hoteles de Punta Cana. Viaje a la bah\u00eda de Saman\u00e1 a bordo de un c\u00f3modo autob\u00fas con aire acondicionado, luego transfiera a un catamar\u00e1n en barco en Miches. Navegue en aguas abiertas para buscar las manadas de ballenas jorobadas que visitan para reproducirse y tener sus cr\u00edas en el \u00e1rea. Aprenda sobre el comportamiento y la biolog\u00eda de estos mam\u00edferos marinos de su gu\u00eda experto naturalista. Contin\u00fae hacia Cayo Levantado, o la isla Bacardi, para almorzar en la playa y darse un chapuz\u00f3n en las aguas azules antes de regresar a Punta Cana.<\/p>\n<p><strong>Pozn\u00e1mka:<\/strong> Este recorrido puede incluir o no la parada en la cascada de Lim\u00f3n. Para reservar el mismo viaje con las cascadas, HAGA CLIC AQU\u00cd.<\/p>\n<ul>\n<li>Pozorov\u00e1n\u00ed velryb<\/li>\n<li>Vstupenky do hv\u011bzd\u00e1rny<\/li>\n<li>Zahrnuje ob\u011bd formou bufetu na pl\u00e1\u017ei.<\/li>\n<li>Transferencia de barco<\/li>\n<li>Traslado desde los hoteles de Punta Cana<\/li>\n<li>Kapit\u00e1n poskytuje instrukce a dohled.<\/li>\n<li>Pr\u016fvodce<\/li>\n<\/ul>\n<h3>Zahrnut\u00ed a vylou\u010den\u00ed<\/h3>\n<h4>Inkluze<\/h4>\n<ol>\n<li>Ob\u011bd formou bufetu na pl\u00e1\u017ei.<\/li>\n<li>Pr\u016fvodce<\/li>\n<li>Catamar\u00e1n o paseo en barco<\/li>\n<li>V\u0161echny dan\u011b, poplatky a manipula\u010dn\u00ed poplatky<\/li>\n<li>M\u00edstn\u00ed dan\u011b<\/li>\n<li>N\u00e1poje<\/li>\n<\/ol>\n<h4>V\u00fdjimky<\/h4>\n<ol>\n<li>Skl\u00e1p\u011bn\u00ed<\/li>\n<\/ol>\n<h3><em>Odjezd a n\u00e1vrat<\/em><\/h3>\n<p>Se ofrece recogida en el hotel para este recorrido. En las notas, simplemente escriba el nombre del hotel para que lo recoja. Recogemos en todos los hoteles de Punta Cana.<\/p>\n<h3>Observaci\u00f3n de Ballenas 2021 en Punta Cana a la Bah\u00eda de Saman\u00e1 + Cayo Levantado (Isla Bacardi) desde los hoteles.<\/h3>\n<h3><em>Co \u010dekat?<\/em><\/h3>\n<p>Ac\u00e9rquese a los gentiles gigantes del mar de la Rep\u00fablica Dominicana durante esta excursi\u00f3n de observaci\u00f3n de ballenas jorobadas de 12 horas en la Bah\u00eda de S\u00e1mana. Pase un d\u00eda inolvidable observando las miles de ballenas que acuden a la isla cada a\u00f1o para aparearse, alimentarse y jugar en sus c\u00e1lidas aguas tropicales. Al observar estas hermosas criaturas, disfrutar\u00e1 de una visi\u00f3n \u00fanica de su gu\u00eda experto en observaci\u00f3n de ballenas. Termine el d\u00eda con un almuerzo incluido y tiempo en la playa en la hermosa isla de Cayo Levantado. El transporte de ida y vuelta al hotel tambi\u00e9n est\u00e1 incluido.<\/p>\n<p>Desde las 9:00 am hasta las 12: 00-mediod\u00eda Observatorio de avistamiento de ballenas y despu\u00e9s de este viaje visitaremos la isla Bacardi \/ Cayo Levantado. En la isla de Bacardi, se proporcionar\u00e1 un almuerzo buffet de estilo t\u00edpico dominicano (arroz, frijoles, pescado, ensaladas &#8230;). Cuando termina el almuerzo, se le permite nadar hasta las 4:30 p.m. El recorrido finalizar\u00e1 a las 5:00 pm en el mismo puerto desde donde comenzar\u00e1 a bordo de nuestro catamar\u00e1n y su autob\u00fas de regreso a los hoteles de Punta Cana.<\/p>\n<p>Este recorrido puede incluir o no la parada en la cascada de Lim\u00f3n. Para reservar el mismo viaje con las cascadas, HAGA CLIC AQU\u00cd.<\/p>\n<p><strong>Pl\u00e1n:<\/strong><\/p>\n<ul>\n<li>6:00 &#8211; 7:00 Recogida de los clientes de los diferentes hoteles.<\/li>\n<li>07:00 Salida hacia Las Canitas en Sabana de la mar<\/li>\n<li>08:15 Llegada al muelle privado<\/li>\n<li>08:15 &#8211; 8:40 Hora del desayuno (s\u00e1ndwiches, muffins, t\u00e9, caf\u00e9, jugos)<\/li>\n<li>8:45 Embarque para comenzar nuestro viaje al santuario de las ballenas jorobadas en Saman\u00e1<\/li>\n<li>11:00 B\u00fasqueda de las ballenas por un per\u00edodo de 45 minutos. Este es el momento seguido por las reglas del gobierno.<\/li>\n<li>11:45 Dir\u00edgete a Cayo Levantado en la Bah\u00eda de Saman\u00e1<\/li>\n<li>12:30 Llegada a Cayo Levantado<\/li>\n<li>13:00 Hora del almuerzo (almuerzo buffet, t\u00edpico dominicano) *<\/li>\n<li>13:45 &#8211; 15:30 Tiempo libre en Cayo Levantado<\/li>\n<li>15:00 &#8211; 15:45 A bordo nuevamente direcci\u00f3n a Miches<\/li>\n<li>17:00 Llegada a Miches y salida a los hoteles en Punta Cana<\/li>\n<li>19:30 &#8211; 20:00 Llegada a hoteles en Punta Cana<\/li>\n<\/ul>\n<p><strong>* Men\u00fa de almuerzo (t\u00edpico dominicano)<\/strong><br \/>\nArroz, pollo a la parrilla o pescado a la parrilla, ensalada, verduras, fruta fresca.<\/p>\n<p>* Los clientes que elijan agregar la parada en la cascada El Lim\u00f3n despu\u00e9s de la observaci\u00f3n de ballenas se mudar\u00e1n a la cascada y tendr\u00e1n menos tiempo para pasar en Cayo Levantado.<\/p>\n<p>Este recorrido puede incluir o no la parada en la cascada de Lim\u00f3n. Para reservar el mismo viaje con las cascadas, HAGA CLIC AQU\u00cd.<\/p>\n<h3><em>Co byste si m\u011bli vz\u00edt s sebou?<\/em><\/h3>\n<ul>\n<li>Fotoapar\u00e1t<\/li>\n<li>Repelenty<\/li>\n<li>opalovac\u00ed kr\u00e9m<\/li>\n<li>Klobouk<\/li>\n<li>Pohodln\u00e9 kalhoty<\/li>\n<li>Sand\u00e1ly na pl\u00e1\u017e<\/li>\n<li>Plaveck\u00fd \u00fabor<\/li>\n<li>Efectivo para recuerdos<\/li>\n<\/ul>\n<h3><em>Vyzvednut\u00ed v hotelu<\/em><\/h3>\n<p>Se ofrece recogida en el hotel para este recorrido. En las notas, simplemente escriba el nombre del hotel para que lo recoja. Recogemos en todos los hoteles de Punta Cana.<\/p>\n<p><strong>Pozn\u00e1mka:<\/strong> Pokud provedete rezervaci do 24 hodin od \u010dasu odjezdu prohl\u00eddky\/exkurze, m\u016f\u017eeme zajistit vyzvednut\u00ed v hotelu. Jakmile bude v\u00e1\u0161 n\u00e1kup dokon\u010den, za\u0161leme v\u00e1m kompletn\u00ed kontaktn\u00ed informace (telefonn\u00ed \u010d\u00edslo, e-mailovou adresu atd.) na na\u0161eho m\u00edstn\u00edho pr\u016fvodce, abychom domluvili vyzvednut\u00ed.<\/p>\n<h3><em>Potvrzen\u00ed dal\u0161\u00edch informac\u00ed<\/em><\/h3>\n<ul>\n<li>Vstupenky jsou stvrzenkou po zaplacen\u00ed t\u00e9to prohl\u00eddky. Platbu m\u016f\u017eete uk\u00e1zat na sv\u00e9m telefonu.<\/li>\n<li>M\u00edsto setk\u00e1n\u00ed obdr\u017e\u00edte po proveden\u00ed rezervace.<\/li>\n<li>D\u011bti mus\u00ed b\u00fdt v doprovodu dosp\u011bl\u00e9 osoby.<\/li>\n<li>Accesible a silla de ruedas<\/li>\n<li>Kojenci by m\u011bli sed\u011bt na kl\u00edn\u011b<\/li>\n<li>\u00da\u010dastnit se m\u016f\u017ee v\u011bt\u0161ina cestovatel\u016f.<\/li>\n<\/ul>\n<h3><em>Storno podm\u00ednky<\/em><\/h3>\n<p>Chcete-li z\u00edskat plnou n\u00e1hradu, zru\u0161te alespo\u0148 24 hodin p\u0159ed datem zah\u00e1jen\u00ed z\u00e1\u017eitku.<\/p>\n<h4>Kontaktujte n\u00e1s!<br \/>\nSAMANA WHALE TOUR<\/h4>\n<p><em>Pr\u016fvodci <strong>m\u00edstn\u00ed<\/strong> y <strong>n\u00e1rodn\u00ed<\/strong> a slu\u017eby pro hosty<\/em><\/p>\n<p>Rezervace: Prohl\u00eddky a exkurze v Dom.<\/p>\n<p>Tel \/ Whatsapp + 1-809-720-6035.<\/p>\n<p>info@bookingadventures.com.do<\/p>\n<p>Jsme flexibiln\u00ed Nastaven\u00ed soukrom\u00fdch prohl\u00eddek podle <strong>WhatsApp:\u00a0<a href=\"tel:+18097206035\">+18097206035.<\/a><\/strong><\/p>\n<\/div>\n<\/div>\n<\/div>\n<\/div>\n<\/div>\n<\/div>\n\n\t\t<\/div>\n\t<\/div>\n<\/div><\/div><\/div><\/div>","protected":false},"excerpt":{"rendered":"<p>Desde los hoteles de Punta Cana, disfrutaremos de los hermosos paisajes de la Cordillera Oriental mientras conducimos hacia el norte de Punta Cana antes de llegar al peque\u00f1o pueblo pesquero de Miches, en la costa sur de la Bah\u00eda de Saman\u00e1. All\u00ed podr\u00e1 disfrutar de un desayuno r\u00e1pido antes de abordar el barco a Saman\u00e1. Navegaremos profundamente en la bah\u00eda para observar ballenas. Primero llegaremos a Cayo Levantado, tambi\u00e9n conocida como la isla de Bacardi debido a su parecido cercano a las playas que el ron Bacardi alguna vez utiliz\u00f3 para sus famosos comerciales. Cayo Levantado es un oasis tropical: una peque\u00f1a isla en medio del oc\u00e9ano con aguas turquesas y arenas blancas.<\/p>\n<p>Este recorrido puede incluir o no la parada en la cascada de Lim\u00f3n. Para reservar el mismo viaje con las cascadas, HAGA CLIC AQU\u00cd.<\/p>\n<p><strong>Vyberte pros\u00edm term\u00edn exkurze:<\/strong><\/p>","protected":false},"featured_media":497,"template":"","meta":[],"product_brand":[],"product_cat":[443,259,124,232],"product_tag":[390,137,162,364,260,345,201,141,391,228,147,392,357,271,393,234,280,394,236,395],"class_list":{"0":"post-10885","1":"product","2":"type-product","3":"status-publish","4":"has-post-thumbnail","6":"product_cat-tours-y-excursiones-es","7":"product_cat-tours-excursions-punta-cana-dominican-republic","8":"product_cat-tours-excursions-samana-bay-dominican-republic","9":"product_cat-whale-watching-samana","10":"product_tag-390","11":"product_tag-bacardi-island","12":"product_tag-cayo-levantado-day-pass","13":"product_tag-cheap-punta-cana-excursions","14":"product_tag-day-trip-punta-cana","15":"product_tag-half-day-whale-watching-miches","16":"product_tag-private-tours-samana","17":"product_tag-punta-cana","18":"product_tag-punta-cana-activities","19":"product_tag-punta-cana-tours","20":"product_tag-samana-bay","21":"product_tag-samana-day-trip","22":"product_tag-samana-day-trip-from-punta-cana","23":"product_tag-samana-whale-watching","24":"product_tag-whale-punta-cana","25":"product_tag-whale-samana","26":"product_tag-whale-watching-2020","27":"product_tag-whale-watching-2020-in-punta-cana-to-samana-bay-cayo-levantado-bacardi-island-from-hotels","28":"product_tag-whale-watching-dominican-republic","29":"product_tag-whale-watching-punta-cana","31":"first","32":"instock","33":"sale","34":"sold-individually","35":"shipping-taxable","36":"product-type-external"},"_links":{"self":[{"href":"https:\/\/haitises.com\/cs\/wp-json\/wp\/v2\/product\/10885","targetHints":{"allow":["GET"]}}],"collection":[{"href":"https:\/\/haitises.com\/cs\/wp-json\/wp\/v2\/product"}],"about":[{"href":"https:\/\/haitises.com\/cs\/wp-json\/wp\/v2\/types\/product"}],"wp:featuredmedia":[{"embeddable":true,"href":"https:\/\/haitises.com\/cs\/wp-json\/wp\/v2\/media\/497"}],"wp:attachment":[{"href":"https:\/\/haitises.com\/cs\/wp-json\/wp\/v2\/media?parent=10885"}],"wp:term":[{"taxonomy":"product_brand","embeddable":true,"href":"https:\/\/haitises.com\/cs\/wp-json\/wp\/v2\/product_brand?post=10885"},{"taxonomy":"product_cat","embeddable":true,"href":"https:\/\/haitises.com\/cs\/wp-json\/wp\/v2\/product_cat?post=10885"},{"taxonomy":"product_tag","embeddable":true,"href":"https:\/\/haitises.com\/cs\/wp-json\/wp\/v2\/product_tag?post=10885"}],"curies":[{"name":"wp","href":"https:\/\/api.w.org\/{rel}","templated":true}]}}