{"id":609,"date":"2020-07-12T21:58:33","date_gmt":"2020-07-12T21:58:33","guid":{"rendered":"http:\/\/haitises.com\/?post_type=product&#038;p=609"},"modified":"2024-04-16T03:11:10","modified_gmt":"2024-04-16T03:11:10","slug":"excursion-samana-ballenas-cayo-levantado-bacardi-island-cascada-el-limon-desde-los-hoteles-de-punta-cana","status":"publish","type":"product","link":"https:\/\/haitises.com\/ceb\/pribado\/excursion-samana-ballenas-cayo-levantado-bacardi-island-cascada-el-limon-desde-los-hoteles-de-punta-cana\/","title":{"rendered":"Saman\u00e1 Whale Tour + Cayo Levantado (Bacardi Island) + El Lim\u00f3n Waterfall gikan sa mga hotel sa Punta Cana"},"content":{"rendered":"<div class=\"vc_row wpb_row vc_row-fluid\" ><div class=\"wpb_column vc_column_container vc_col-sm-12\"><div class=\"vc_column-inner\"><div class=\"wpb_wrapper\">[mkdf_section_title title_tag=\u00bb\u00bb disable_break_words=\u00bbno\u00bb subtitle_tag=\u00bb\u00bb title=\u00bbObservaci\u00f3n de Ballenas 2021 de Punta Cana a La Bah\u00eda de Saman\u00e1\u00bb subtitle=\u00bbCayo Levantado (Bacardi Island) + Cascada El Lim\u00f3n desde los hoteles de Punta Cana.\u00bb]<\/div><\/div><\/div><\/div><div class=\"vc_row wpb_row vc_row-fluid\" ><div class=\"wpb_column vc_column_container vc_col-sm-12\"><div class=\"vc_column-inner\"><div class=\"wpb_wrapper\">\n\t<div class=\"wpb_text_column wpb_content_element\" >\n\t\t<div class=\"wpb_wrapper\">\n\t\t\t<div class=\"vc_row wpb_row vc_row-fluid\">\n<div class=\"wpb_column vc_column_container vc_col-sm-12\">\n<div class=\"vc_column-inner\">\n<div class=\"wpb_wrapper\">\n<div class=\"wpb_text_column wpb_content_element\">\n<div class=\"wpb_wrapper\">\n<div class=\"vc_row wpb_row vc_row-fluid\">\n<div class=\"wpb_column vc_column_container vc_col-sm-12\">\n<div class=\"vc_column-inner\">\n<div class=\"wpb_wrapper\">\n<div class=\"wpb_text_column wpb_content_element\">\n<div class=\"wpb_wrapper\"><\/div>\n<\/div>\n<\/div>\n<\/div>\n<\/div>\n<\/div>\n<\/div>\n<\/div>\n<\/div>\n<\/div>\n<\/div>\n<\/div>\n<div class=\"vc_row wpb_row vc_row-fluid\">\n<div class=\"wpb_column vc_column_container vc_col-sm-12\">\n<div class=\"vc_column-inner\">\n<div class=\"wpb_wrapper\">\n<div class=\"wpb_text_column wpb_content_element\">\n<div class=\"wpb_wrapper\">\n<h3>Deskripsyon<\/h3>\n<p>Ballenas Punta Cana, avistamiento de ballenas en la Bah\u00eda de Saman\u00e1 y visita Cayo Levantado m\u00e1s Safari a las Cataratas El Lim\u00f3n durante esta excursi\u00f3n de d\u00eda completo desde los hoteles de Punta Cana. Viaje a la bah\u00eda de Saman\u00e1 a bordo de un c\u00f3modo autob\u00fas con aire acondicionado, luego se sube a un catamar\u00e1n o barco en Miches. Navegue en aguas abiertas para buscar las manadas de ballenas jorobadas que visitan para reproducirse y tener sus cr\u00edas en el \u00e1rea. Aprenda sobre el comportamiento y la biolog\u00eda de estos mam\u00edferos marinos de su gu\u00eda experto naturalista. Contin\u00faa hacia Cayo Levantado \/ Bacardi Island, para almorzar en la playa y darte un chapuz\u00f3n en las aguas azules despu\u00e9s de este viaje de safari a las cascadas del Lim\u00f3n con caballos montando por el bosque de coco antes de regresar a Punta Cana.<\/p>\n<p><strong>Mubo nga sulat:<\/strong> Este tour no es privado. Este recorrido ha incluido la parada en la cascada de Lim\u00f3n. Para reservar el mismo viaje y no ir a las cascadas, HAGA CLIC AQU\u00cd.<\/p>\n<ul>\n<li>Avistamiento de ballenas<\/li>\n<li>Isla Bacard\u00ed \/ Cayo Levantado<\/li>\n<li>Entradas al Observatorio<\/li>\n<li>Samana Safari<\/li>\n<li>El Limon Cascadas Caballos Montando<\/li>\n<li>Naglakip sa buffet paniudto sa baybayon.<\/li>\n<li>Transporte mar\u00edtimo (barco)<\/li>\n<li>Ang Kapitan naghatag ug instruksiyon ug pagdumala.<\/li>\n<li>Gu\u00eda tur\u00edstico<\/li>\n<\/ul>\n<p>&nbsp;<\/p>\n<h3><em>Mga inklusyon ug mga dili apil<\/em><\/h3>\n<h4>Mga inklusyon<\/h4>\n<ol>\n<li>Almuerzo buffet en la playa.<\/li>\n<li>Traslado desde hoteles<\/li>\n<li>Gu\u00eda tur\u00edstico<\/li>\n<li>Catamar\u00e1n o paseo en barco<\/li>\n<li>Tanan nga buhis, bayranan ug bayad sa pagdumala<\/li>\n<li>Lokal nga buhis<\/li>\n<li>Mga ilimnon<\/li>\n<\/ol>\n<h4>Mga eksklusyon<\/h4>\n<ol>\n<li>Mga tip<\/li>\n<\/ol>\n<h3>Pagbiya ug pagbalik<\/h3>\n<p>Se ofrece recogida en el hotel para este recorrido. En las notas, simplemente escriba el nombre del hotel para que lo recoja. Recogemos en todos los hoteles de Punta Cana.<\/p>\n<h3>Avistamiento de Ballenas Saman\u00e1 + Cayo Levantado (Isla Bacardi) + Cascadas de Lim\u00f3n desde los hoteles de Punta Cana.<\/h3>\n<h3><em>Unsay mapaabot?<\/em><\/h3>\n<p>Ac\u00e9rquese a los gentiles gigantes del mar de la Rep\u00fablica Dominicana durante esta excursi\u00f3n de observaci\u00f3n de ballenas jorobadas de 12 horas en la Bah\u00eda de S\u00e1mana. Pase un d\u00eda inolvidable observando algunas de las miles de ballenas que acuden a la isla cada a\u00f1o para aparearse, alimentarse y jugar en sus c\u00e1lidas aguas tropicales. Al observar estas hermosas criaturas, disfrutar\u00e1 de una visi\u00f3n \u00fanica de su gu\u00eda experto en observaci\u00f3n de ballenas. Termine el d\u00eda con un almuerzo incluido y tiempo en la playa en la hermosa isla de Cayo Levantado. El transporte de ida y vuelta al hotel tambi\u00e9n est\u00e1 incluido.<\/p>\n<p>Desde las 9:00 am hasta las 12: 00-mediod\u00eda Observatorio de avistamiento de ballenas y despu\u00e9s de este viaje visitaremos la isla Bacardi \/ Cayo Levantado. En la isla de Bacardi, se proporcionar\u00e1 un almuerzo buffet de estilo t\u00edpico dominicano (arroz, frijoles, pescado, ensaladas &#8230;). Cuando termina el almuerzo, se le permite nadar y prepararse para ir a las cascadas de El Lim\u00f3n hasta las 4:30 p.m. El recorrido finalizar\u00e1 a las 5:00 pm en el mismo puerto desde donde comenzar\u00e1 a bordo de nuestro catamar\u00e1n y su autob\u00fas de regreso a los hoteles de Punta Cana.<\/p>\n<p><strong>Iskedyul:<\/strong><\/p>\n<ul>\n<li>6:00 &#8211; 7:00 Recogida de los clientes de los diferentes hoteles.<\/li>\n<li>07:00 Salida hacia Las Canitas en Sabana de la mar<\/li>\n<li>08:15 Llegada al muelle privado<\/li>\n<li>08:15 &#8211; 8:40 Hora del desayuno (s\u00e1ndwiches, muffins, t\u00e9, caf\u00e9, jugos)<\/li>\n<li>8:45 Embarque para comenzar nuestro viaje al santuario de las ballenas jorobadas en Saman\u00e1<\/li>\n<li>11:00 B\u00fasqueda de las ballenas por un per\u00edodo de 45 minutos. Este es el momento seguido por las reglas del gobierno.<\/li>\n<li>11:45 Dir\u00edgete a Cayo Levantado en la Bah\u00eda de Saman\u00e1<\/li>\n<li>12:30 Llegada a Cayo Levantado<\/li>\n<li>13:00 Hora del almuerzo (almuerzo buffet, t\u00edpico dominicano) *<\/li>\n<li>13:45 &#8211; 15:30 Tiempo libre en Cayo Levantado<\/li>\n<li>15:00 &#8211; 15:45 A bordo nuevamente direcci\u00f3n a Miches<\/li>\n<li>17:00 Llegada a Miches y salida a los hoteles en Punta Cana<\/li>\n<li>19:30 &#8211; 20:00 Llegada a hoteles en Punta Cana<\/li>\n<\/ul>\n<p>* Men\u00fa de almuerzo (t\u00edpico dominicano)<br \/>\nArroz, pollo a la parrilla o pescado a la parrilla, ensalada, verduras, fruta fresca.<\/p>\n<p>* Los clientes que elijan agregar la parada en la cascada El Lim\u00f3n despu\u00e9s de la observaci\u00f3n de ballenas se mudar\u00e1n a la cascada y tendr\u00e1n menos tiempo para pasar en Cayo Levantado.<\/p>\n<p>Este recorrido ha incluido la parada en la cascada de Lim\u00f3n. Para reservar el mismo viaje y no ir a las cascadas, HAGA CLIC AQU\u00cd.<\/p>\n<h3><em>Unsay angay nimong dad-on?<\/em><\/h3>\n<ul>\n<li>Camera<\/li>\n<li>Mga repellent<\/li>\n<li>sunscreen<\/li>\n<li>kalo<\/li>\n<li>Komportable nga pantalon<\/li>\n<li>Mga sandal sa baybayon<\/li>\n<li>Swimsuit<\/li>\n<li>Efectivo para recuerdos y propinas<\/li>\n<\/ul>\n<h3><em>Pagkuha sa hotel<\/em><\/h3>\n<p>Se ofrece recogida en el hotel para este recorrido. En las notas, simplemente escriba el nombre del hotel para que lo recoja. Recogemos en todos los hoteles de Punta Cana.<\/p>\n<p><strong>Mubo nga sulat:<\/strong> si realiza la reserva dentro de las 24 horas de la hora de salida del tour \/ excursi\u00f3n, podemos organizar la recogida en el hotel. Una vez que se complete su compra, le enviaremos informaci\u00f3n de contacto completa (n\u00famero de tel\u00e9fono, direcci\u00f3n de correo electr\u00f3nico, etc.) para que nuestro gu\u00eda tur\u00edstico local organice los arreglos de recogida.<\/p>\n<h3><em>Pagkumpirma sa dugang nga impormasyon<\/em><\/h3>\n<ul>\n<li>Ang mga tiket mao ang Resibo human sa pagbayad niini nga Tour. Mahimo nimong ipakita ang bayad sa imong telepono.<\/li>\n<li>Madawat ang meeting point pagkahuman sa proseso sa pagpareserba.<\/li>\n<li>Ang mga bata kinahanglan nga ubanan sa usa ka hamtong.<\/li>\n<li>Accesible a silla de ruedas<\/li>\n<li>Los infantes deben sentarse en el regazo<\/li>\n<li>Kadaghanan sa mga magpapanaw makaapil.<\/li>\n<\/ul>\n<h3><em>Polisiya sa pagkansela<\/em><\/h3>\n<p>Alang sa bug-os nga refund, kanselaha ang labing menos 24 ka oras sa wala pa ang petsa sa pagsugod sa kasinatian.<\/p>\n<h4>\u00a1Cont\u00e1ctenos!<br \/>\nTOUR BALLENAS SAMANA<\/h4>\n<p>Mga tour guide <strong>lokal<\/strong> ug <strong>nasyonal<\/strong> ug mga serbisyo sa bisita<\/p>\n<p>Mga Reserbasyon: Mga Paglibot ug Ekskursiyon sa Dom. Rep.<\/p>\n<p>Tel\/Whatsapp +1-809-720-6035.<\/p>\n<p>info@bookingadventures.com.do<\/p>\n<p><em>Hacemos una configuraci\u00f3n flexible para tours privados<\/em>\u00a0<strong>Whatsapp:\u00a0<a href=\"tel:+18097206035\">+18097206035.<\/a><\/strong><\/p>\n<\/div>\n<\/div>\n<\/div>\n<\/div>\n<\/div>\n<\/div>\n\n\t\t<\/div>\n\t<\/div>\n<\/div><\/div><\/div><\/div>","protected":false},"excerpt":{"rendered":"<p>Desde los hoteles de Punta Cana, disfrutaremos de los hermosos paisajes de la Cordillera Oriental mientras conducimos hacia el norte de Punta Cana antes de llegar al peque\u00f1o pueblo pesquero de Miches, en la costa sur de la Bah\u00eda de Saman\u00e1. All\u00ed podr\u00e1 disfrutar de un desayuno r\u00e1pido antes de abordar el barco a Saman\u00e1. Navegaremos profundamente en la bah\u00eda para observar ballenas. Primero llegaremos a Cayo Levantado, tambi\u00e9n conocida como la isla de Bacardi debido a su parecido cercano a las playas que el ron Bacardi alguna vez utiliz\u00f3 para sus famosos comerciales. Cayo Levantado es un oasis tropical: una peque\u00f1a isla en medio del oc\u00e9ano con aguas turquesas y arenas blancas. Despu\u00e9s de esto, un Safari en la comunidad de Saman\u00e1 a las cascadas. En las cataratas, el Lim\u00f3n se prepara para montar a caballo o hacer senderismo. Esta es una aventura completa \u00fanica.<\/p>\n<p>Este recorrido ha incluido la parada en la cascada de Lim\u00f3n. Para reservar el mismo viaje y no ir a las cascadas, HAGA CLIC AQU\u00cd.<\/p>\n<p><strong>Por favor, seleccione la fecha de la excursi\u00f3n:<\/strong><\/p>","protected":false},"featured_media":427,"template":"","meta":[],"product_brand":[],"product_cat":[120,443,232],"product_tag":[390,137,162,364,260,283,345,420,201,141,391,228,147,392,357,271,421,393,234,280,394,236,395],"class_list":{"0":"post-609","1":"product","2":"type-product","3":"status-publish","4":"has-post-thumbnail","6":"product_cat-fees-entrace","7":"product_cat-tours-y-excursiones-es","8":"product_cat-whale-watching-samana","9":"product_tag-390","10":"product_tag-bacardi-island","11":"product_tag-cayo-levantado-day-pass","12":"product_tag-cheap-punta-cana-excursions","13":"product_tag-day-trip-punta-cana","14":"product_tag-el-limon-waterfall-and-bacardi-island-tour-from-punta-cana","15":"product_tag-half-day-whale-watching-miches","16":"product_tag-limon-from-punta-cana","17":"product_tag-private-tours-samana","18":"product_tag-punta-cana","19":"product_tag-punta-cana-activities","20":"product_tag-punta-cana-tours","21":"product_tag-samana-bay","22":"product_tag-samana-day-trip","23":"product_tag-samana-day-trip-from-punta-cana","24":"product_tag-samana-whale-watching","25":"product_tag-waterfalls-punta-cana","26":"product_tag-whale-punta-cana","27":"product_tag-whale-samana","28":"product_tag-whale-watching-2020","29":"product_tag-whale-watching-2020-in-punta-cana-to-samana-bay-cayo-levantado-bacardi-island-from-hotels","30":"product_tag-whale-watching-dominican-republic","31":"product_tag-whale-watching-punta-cana","33":"first","34":"instock","35":"sale","36":"sold-individually","37":"shipping-taxable","38":"product-type-external"},"_links":{"self":[{"href":"https:\/\/haitises.com\/ceb\/wp-json\/wp\/v2\/product\/609","targetHints":{"allow":["GET"]}}],"collection":[{"href":"https:\/\/haitises.com\/ceb\/wp-json\/wp\/v2\/product"}],"about":[{"href":"https:\/\/haitises.com\/ceb\/wp-json\/wp\/v2\/types\/product"}],"wp:featuredmedia":[{"embeddable":true,"href":"https:\/\/haitises.com\/ceb\/wp-json\/wp\/v2\/media\/427"}],"wp:attachment":[{"href":"https:\/\/haitises.com\/ceb\/wp-json\/wp\/v2\/media?parent=609"}],"wp:term":[{"taxonomy":"product_brand","embeddable":true,"href":"https:\/\/haitises.com\/ceb\/wp-json\/wp\/v2\/product_brand?post=609"},{"taxonomy":"product_cat","embeddable":true,"href":"https:\/\/haitises.com\/ceb\/wp-json\/wp\/v2\/product_cat?post=609"},{"taxonomy":"product_tag","embeddable":true,"href":"https:\/\/haitises.com\/ceb\/wp-json\/wp\/v2\/product_tag?post=609"}],"curies":[{"name":"wp","href":"https:\/\/api.w.org\/{rel}","templated":true}]}}