{"id":597,"date":"2020-07-03T18:18:34","date_gmt":"2020-07-03T18:18:34","guid":{"rendered":"http:\/\/haitises.com\/?post_type=product&#038;p=597"},"modified":"2024-04-16T18:07:59","modified_gmt":"2024-04-16T18:07:59","slug":"excursion-de-medio-dia-de-observacion-de-ballenas","status":"publish","type":"product","link":"https:\/\/haitises.com\/ceb\/pribado\/excursion-de-medio-dia-de-observacion-de-ballenas\/","title":{"rendered":"Half-Day nga Pagtan-aw sa Balyena nga Paglibot"},"content":{"rendered":"<div class=\"vc_row wpb_row vc_row-fluid\" ><div class=\"wpb_column vc_column_container vc_col-sm-12\"><div class=\"vc_column-inner\"><div class=\"wpb_wrapper\">[mkdf_section_title subtitle_tag=\u00bb\u00bb subtitle=\u00bbMa\u00f1ana o tarde\u00bb]<\/div><\/div><\/div><\/div><div class=\"vc_row wpb_row vc_row-fluid\" ><div class=\"wpb_column vc_column_container vc_col-sm-12\"><div class=\"vc_column-inner\"><div class=\"wpb_wrapper\">\n\t<div class=\"wpb_text_column wpb_content_element\" >\n\t\t<div class=\"wpb_wrapper\">\n\t\t\t<h2>Excursi\u00f3n de Avistamiento de ballenas de medio d\u00eda Saman\u00e1 en catamar\u00e1n<\/h2>\n<h3>Deskripsyon<\/h3>\n<p>Despu\u00e9s de abordar la embarcaci\u00f3n para visitar a las ballenas en su propio h\u00e1bitat. Nuestros capitanes est\u00e1n entrenados para asegurarse de que vean ballenas.<\/p>\n<p>De 9:00 a.m. a 12: 00 a mediod\u00eda o privado m\u00ednimo 4 personas de 1:00 p.m. a 3:30 p.m. Observatorio o avistamiento de ballenas y despu\u00e9s de este viaje de observaci\u00f3n de ballenas, volvemos al puerto principal de Saman\u00e1.<\/p>\n<p><strong>Nota<\/strong>: Este tour no es privado. Si desea establecer un recorrido privado, cont\u00e1ctenos.<\/p>\n<ul>\n<li>Avistamiento de ballenas<\/li>\n<li>Transferencia de catamar\u00e1n en barco<\/li>\n<li>Ang Kapitan naghatag ug instruksiyon ug pagdumala.<\/li>\n<li>Gu\u00eda tur\u00edstico<\/li>\n<\/ul>\n<h3><em>Mga inklusyon ug mga dili apil<\/em><\/h3>\n<h4>Mga inklusyon<\/h4>\n<ol>\n<li>Gu\u00eda tur\u00edstico<\/li>\n<li>Catamar\u00e1n o paseo en barco<\/li>\n<li>Tanan nga buhis, bayranan ug bayad sa pagdumala<\/li>\n<li>Lokal nga buhis<\/li>\n<li>Mga ilimnon<\/li>\n<li>Tabletas de Dramamine (Opcional)<\/li>\n<li>Tasas de entrada al Santuario. (Pulsera)<\/li>\n<\/ol>\n<h4>Mga eksklusyon<\/h4>\n<ol>\n<li>Mga tip<\/li>\n<li>Transfer Car<\/li>\n<li>Mga ilimnon nga makahubog<\/li>\n<\/ol>\n<h3>Pagbiya ug pagbalik<\/h3>\n<p>El viajero obtendr\u00e1 un punto de encuentro despu\u00e9s del proceso de reserva. Los tours comienzan y finalizan en nuestros puntos de encuentro.<\/p>\n<p>Avistamiento de ballenas de medio d\u00eda Saman\u00e1 en catamar\u00e1n.<\/p>\n<h3><em>Unsay mapaabot?<\/em><\/h3>\n<p>Obtenga sus boletos para un viaje de medio d\u00eda de avistamiento de ballenas en la bah\u00eda de Saman\u00e1.<\/p>\n<p>El viaje de avistamiento de ballenas de medio d\u00eda, organizado por \u00abBooking Adventures\u00bb comienza en el punto de encuentro establecido con el gu\u00eda tur\u00edstico. El almuerzo en la playa no est\u00e1 incluido en este tour.<\/p>\n<p><strong>Iskedyul:<\/strong><\/p>\n<p>8:45 AM &#8211; 12: 30 PM<\/p>\n<p>1: 00 Pm &#8211; 3: 30 PM. (Normalmente puede ser un viaje privado m\u00ednimo 4 personas o cont\u00e1ctenos).<\/p>\n<p>El tiempo puede cambiar dependiendo de cu\u00e1ntas ballenas vemos.<\/p>\n<h3><em>Unsay angay nimong dad-on?<\/em><\/h3>\n<ul>\n<li>Camera<\/li>\n<li>Mga repellent<\/li>\n<li>sunscreen<\/li>\n<li>kalo<\/li>\n<li>Komportable nga pantalon<\/li>\n<li>Swimsuit<\/li>\n<li>Efectivo para souvenirs<\/li>\n<\/ul>\n<h3><em>Pagkuha sa hotel<\/em><\/h3>\n<p>Ang pagkuha sa hotel wala gitanyag alang niini nga tour.<\/p>\n<p><strong>Mubo nga sulat:<\/strong> Kung nag-book ka sulod sa 24 oras sa oras sa pag-alis sa tour\/excursion, mahimo namon nga hikayon ang pagkuha sa hotel nga adunay dugang nga bayad. Kung kompleto na ang imong pagpalit, padalhan ka namo og kompletong impormasyon sa pagkontak (numero sa telepono, email address, ug uban pa) para sa among lokal nga tour guide aron mahikay ang mga kahikayan sa pickup.<\/p>\n<h3><em>Pagkumpirma sa dugang nga impormasyon<\/em><\/h3>\n<ul>\n<li>Ang mga tiket mao ang Resibo human sa pagbayad niini nga Tour. Mahimo nimong ipakita ang bayad sa imong telepono.<\/li>\n<li>Madawat ang meeting point pagkahuman sa proseso sa pagpareserba.<\/li>\n<li>Ang mga bata kinahanglan nga ubanan sa usa ka hamtong.<\/li>\n<li>Accesible a silla de ruedas<\/li>\n<li>Los infantes deben sentarse en un asiento para beb\u00e9s o con un\u00a0 adulto<\/li>\n<li>Kadaghanan sa mga magpapanaw makaapil.<\/li>\n<\/ul>\n<h3><em>Polisiya sa pagkansela<\/em><\/h3>\n<p>Alang sa bug-os nga refund, kanselaha ang labing menos 24 ka oras sa wala pa ang petsa sa pagsugod sa kasinatian.<\/p>\n<h3><em>Cont\u00e1ctenos<\/em><br \/>\nTOUR BALLENAS SAMANA<\/h3>\n<p><em>Lokal ug nasyonal nga mga giya sa tour ug mga serbisyo sa bisita<\/em><\/p>\n<p>Mga Reserbasyon: Mga Paglibot ug Ekskursiyon sa Dom. Reps.<\/p>\n<p>Tel\/Whatsapp +1-809-720-6035.<\/p>\n<p>info@bookingadventures.com.do<\/p>\n<p>Naghimo kami og mga pribadong tour nga adunay flexible configuration pinaagi sa Whatsapp: +18097206035.<\/p>\n\n\t\t<\/div>\n\t<\/div>\n<\/div><\/div><\/div><\/div>","protected":false},"excerpt":{"rendered":"<p>Avistamiento de ballenas de medio d\u00eda Bah\u00eda de Saman\u00e1, Rep\u00fablica Dominicana. Excursi\u00f3n de observaci\u00f3n de ballenas desde el puerto de Saman\u00e1 en un c\u00f3modo catamar\u00e1n. Reserve para la ma\u00f1ana o para la tarde excursiones para avistar ballenas. Reserve ahora esta excursi\u00f3n en la bah\u00eda de Saman\u00e1 para una buena experiencia de viaje de observaci\u00f3n de ballenas.<\/p>\n<p><em><strong>Por favor, seleccione la fecha de la excursi\u00f3n:<\/strong><\/em><\/p>","protected":false},"featured_media":427,"template":"","meta":[],"product_brand":[],"product_cat":[335,443,124,232],"product_tag":[336,201,271,234,235,236,337,338,238],"class_list":{"0":"post-597","1":"product","2":"type-product","3":"status-publish","4":"has-post-thumbnail","6":"product_cat-half-day-whale-watching-samana-in-catamaran","7":"product_cat-tours-y-excursiones-es","8":"product_cat-tours-excursions-samana-bay-dominican-republic","9":"product_cat-whale-watching-samana","10":"product_tag-half-day-whale-watching-samana-in-catamaran-morning-or-afternoon","11":"product_tag-private-tours-samana","12":"product_tag-samana-whale-watching","13":"product_tag-whale-samana","14":"product_tag-whale-tours","15":"product_tag-whale-watching-dominican-republic","16":"product_tag-whale-watching-las-galeras","17":"product_tag-whale-watching-las-terrenas","18":"product_tag-whale-watching-samana","20":"first","21":"instock","22":"sale","23":"sold-individually","24":"shipping-taxable","25":"product-type-external"},"_links":{"self":[{"href":"https:\/\/haitises.com\/ceb\/wp-json\/wp\/v2\/product\/597","targetHints":{"allow":["GET"]}}],"collection":[{"href":"https:\/\/haitises.com\/ceb\/wp-json\/wp\/v2\/product"}],"about":[{"href":"https:\/\/haitises.com\/ceb\/wp-json\/wp\/v2\/types\/product"}],"wp:featuredmedia":[{"embeddable":true,"href":"https:\/\/haitises.com\/ceb\/wp-json\/wp\/v2\/media\/427"}],"wp:attachment":[{"href":"https:\/\/haitises.com\/ceb\/wp-json\/wp\/v2\/media?parent=597"}],"wp:term":[{"taxonomy":"product_brand","embeddable":true,"href":"https:\/\/haitises.com\/ceb\/wp-json\/wp\/v2\/product_brand?post=597"},{"taxonomy":"product_cat","embeddable":true,"href":"https:\/\/haitises.com\/ceb\/wp-json\/wp\/v2\/product_cat?post=597"},{"taxonomy":"product_tag","embeddable":true,"href":"https:\/\/haitises.com\/ceb\/wp-json\/wp\/v2\/product_tag?post=597"}],"curies":[{"name":"wp","href":"https:\/\/api.w.org\/{rel}","templated":true}]}}