{"id":11419,"date":"2021-08-15T20:09:23","date_gmt":"2021-08-15T20:09:23","guid":{"rendered":"http:\/\/haitises.com\/?post_type=product&#038;p=11419"},"modified":"2024-04-02T20:15:34","modified_gmt":"2024-04-02T20:15:34","slug":"el-limon-waterfalls-tour-private-from-las-galeras-horse-riding-lunch-swimming","status":"publish","type":"product","link":"https:\/\/haitises.com\/ceb\/pribado\/el-limon-waterfalls-tour-private-from-las-galeras-horse-riding-lunch-swimming\/","title":{"rendered":"El Limon waterfalls Private Tour Gikan sa Las Galeras (pagsakay sa kabayo, Paniudto ug paglangoy)"},"content":{"rendered":"<div class=\"vc_row wpb_row vc_row-fluid\" ><div class=\"wpb_column vc_column_container vc_col-sm-12\"><div class=\"vc_column-inner\"><div class=\"wpb_wrapper\">[mkdf_section_title title_tag=\u00bb\u00bb disable_break_words=\u00bbno\u00bb subtitle_tag=\u00bb\u00bb title=\u00bbEl Limon waterfalls Tour Private From Las Galeras \u00bb subtitle=\u00bb(horse riding , Lunch &amp; swimming) \u00ab]<\/div><\/div><\/div><\/div><div class=\"vc_row wpb_row vc_row-fluid\" ><div class=\"wpb_column vc_column_container vc_col-sm-12\"><div class=\"vc_column-inner\"><div class=\"wpb_wrapper\">\n\t<div class=\"wpb_text_column wpb_content_element\" >\n\t\t<div class=\"wpb_wrapper\">\n\t\t\t<h4><b><i>Overview <\/i><\/b><\/h4>\n<p>Kini usa ka Private tour sa <strong>Busay ang El Lim\u00f3n<\/strong> with Riding on Horses or Hiking. Visiting cacao and Coffe forest under Coconuts Palms Canopy. When you arrive at the Waterfalls you are allowed to swim and Set the time with your Local Guide. After enjoying a Typical Lunch in El Lim\u00f3n Community.<\/p>\n<p>Pagkat-on uban sa mga lokal ug pagkuha sa usa ka Luwas nga biyahe. Kuhaa ang imong mga Tiket sa Offer Karon.<\/p>\n<ul>\n<li style=\"font-weight: 400;\"><span style=\"font-weight: 400;\">Includes Lunch\u00a0<\/span><\/li>\n<li>Pagsakay sa Kabayo o Hiking<\/li>\n<li style=\"font-weight: 400;\"><span style=\"font-weight: 400;\">Ang giya naghatag mga panudlo ug Pagdumala<\/span><\/li>\n<li>Bayad sa National Park<\/li>\n<\/ul>\n<p>&nbsp;<\/p>\n<h4><b>Mga Inklusyon ug Mga Eksklusyon<\/b><\/h4>\n<p>&nbsp;<\/p>\n<p><b>Mga inklusyon<\/b><\/p>\n<ol>\n<li style=\"font-weight: 400;\"><span style=\"font-weight: 400;\">Buffet lunch in El Lim\u00f3n<\/span><\/li>\n<li style=\"font-weight: 400;\"><span style=\"font-weight: 400;\">Hiking or Horses Riding Tour<\/span><\/li>\n<li style=\"font-weight: 400;\"><span style=\"font-weight: 400;\">Tanan nga buhis, bayranan ug bayad sa pagdumala<\/span><\/li>\n<li style=\"font-weight: 400;\"><span style=\"font-weight: 400;\">Lokal nga buhis<\/span><\/li>\n<li style=\"font-weight: 400;\"><span style=\"font-weight: 400;\">Ilimnon<\/span><\/li>\n<li style=\"font-weight: 400;\"><span style=\"font-weight: 400;\">Tanang kalihokan<\/span><\/li>\n<li style=\"font-weight: 400;\"><span style=\"font-weight: 400;\">Lokal nga giya<\/span><\/li>\n<\/ol>\n<p><b> Mga eksklusyon<\/b><\/p>\n<ol>\n<li style=\"font-weight: 400;\"><span style=\"font-weight: 400;\">Gratuities<\/span><\/li>\n<li style=\"font-weight: 400;\"><span style=\"font-weight: 400;\">Pagbalhin<\/span><\/li>\n<li style=\"font-weight: 400;\"><span style=\"font-weight: 400;\">Alkoholikong Ilimnon<\/span><\/li>\n<li>Food on the Beach<\/li>\n<\/ol>\n<p>&nbsp;<\/p>\n<h4><em><strong>Pagbiya &amp; Pagbalik<\/strong><\/em><\/h4>\n<p><span style=\"font-weight: 400;\">Makakuha ang magpapanaw og meeting point pagkahuman sa Proseso sa Pagpareserba. Nagsugod ug Natapos ang mga paglibot sa among mga punto sa panagtagbo.<\/span><\/p>\n<p>&nbsp;<\/p>\n<h4><b><i>Unsay Madahom?<\/i><\/b><\/h4>\n<p>&nbsp;<\/p>\n<p><em><strong>Kuhaa ang imong mga tiket<\/strong><\/em> for visiting The Waterfalls El Lim\u00f3n in Saman\u00e1 plus a wonderful lunch in El Lim\u00f3n Restaurant.<\/p>\n<p><span style=\"font-weight: 400;\">The tour, organized by \u00abBooking Adventures\u00bb starts at the meeting point set with the Tour Guide.<\/span><\/p>\n<p>Best Private trips to El Limon waterfalls with a local tour guide. Book a Horse riding trip by the Forest going around the edge of the Lim\u00f3n River, visiting cacao and Coffe plantations under the Coconuts shadows palms trees.<\/p>\n<p>Una, hunong sa Small waterfall diin kasagaran walay daghang tawo ug makalangoy ka. Human sa among pagpadayon sa dako nga talon diin kami magpabilin sa usa ka oras o labaw pa kung gusto nimo.<\/p>\n<p>Pagbalik sa mga kabayo sa restawran diin kami magtagamtam sa usa ka tipikal nga paniudto sa baybayon. Frite nga isda nga adunay Tostones ug Salad o mahimo nimong makuha ang ubang mga kapilian sa menu nga adunay dugang nga bayad.<\/p>\n<p>Lunch at the Restaurant in the El Lim\u00f3n community and you can stay as long you want swimming around.\u00a0 If you are Vegan we also can set some food for you.<\/p>\n<p>&nbsp;<\/p>\n<h4><em><strong>Unsay angay nimong dad-on?<\/strong><\/em><\/h4>\n<ul>\n<li style=\"font-weight: 400;\"><span style=\"font-weight: 400;\">kamera<\/span><\/li>\n<li style=\"font-weight: 400;\"><span style=\"font-weight: 400;\">Repellent buds<\/span><\/li>\n<li style=\"font-weight: 400;\"><span style=\"font-weight: 400;\">suncream<\/span><\/li>\n<li style=\"font-weight: 400;\"><span style=\"font-weight: 400;\">kalo<\/span><\/li>\n<li style=\"font-weight: 400;\"><span style=\"font-weight: 400;\">Komportable nga pantalon<\/span><\/li>\n<li style=\"font-weight: 400;\"><span style=\"font-weight: 400;\">Mga sapatos sa hiking alang sa lasang<\/span><\/li>\n<li style=\"font-weight: 400;\"><span style=\"font-weight: 400;\">Pagsul-ob sa paglangoy<\/span><\/li>\n<\/ul>\n<p>&nbsp;<\/p>\n<h4><b><i>Pagkuha sa Hotel <\/i><\/b><\/h4>\n<p><span style=\"font-weight: 400;\">Ang pagkuha sa hotel wala gitanyag alang niini nga tour. <\/span><\/p>\n<p>&nbsp;<\/p>\n<p><b>Mubo nga sulat:<\/b><span style=\"font-weight: 400;\"> Kung na-book ka sa sulod sa 24 ka oras sa oras sa pag-tour\/Excursion sa pagbiya, mahimo namon nga hikayon ang pagkuha sa hotel nga adunay dugang nga Bayad. Kung kompleto na ang imong pagpalit, padalhan ka namo og kompletong impormasyon sa pagkontak (numero sa telepono, email address, ug uban pa) para sa among lokal nga Tour guide aron maorganisar ang mga kahikayan sa pagkuha.<\/span><\/p>\n<h4><b><i>Dugang nga Impormasyon Pagkumpirma <\/i><\/b><\/h4>\n<ol>\n<li>Ang mga tiket mao ang Resibo human sa pagbayad niini nga Tour. Mahimo nimong ipakita ang bayad sa imong telepono.<\/li>\n<li style=\"font-weight: 400;\"><span style=\"font-weight: 400;\">Ang Meeting Point Madawat Human sa Proseso sa Pagpareserba.<\/span><\/li>\n<li style=\"font-weight: 400;\"><span style=\"font-weight: 400;\">Ang mga bata kinahanglan nga ubanan sa usa ka hamtong.<\/span><\/li>\n<li style=\"font-weight: 400;\"><span style=\"font-weight: 400;\"> Dili accessible sa wheelchair <\/span><\/li>\n<li style=\"font-weight: 400;\"><span style=\"font-weight: 400;\">Ang mga masuso kinahanglan nga molingkod sa sabakan <\/span><\/li>\n<li style=\"font-weight: 400;\"><span style=\"font-weight: 400;\">Dili girekomenda alang sa mga biyahero nga adunay mga problema sa likod<\/span><\/li>\n<li style=\"font-weight: 400;\"><span style=\"font-weight: 400;\">Dili girekomenda alang sa mga mabdos nga biyahero <\/span><\/li>\n<li style=\"font-weight: 400;\"><span style=\"font-weight: 400;\"> Walay mga problema sa kasingkasing o uban pang seryoso nga medikal nga kondisyon <\/span><\/li>\n<li style=\"font-weight: 400;\"><span style=\"font-weight: 400;\">Kadaghanan sa mga magpapanaw makaapil<\/span><\/li>\n<\/ol>\n<h4><b><i>Patakaran sa Pagkansela<\/i><\/b><\/h4>\n<p><span style=\"font-weight: 400;\">Alang sa bug-os nga refund, kanselaha ang labing menos 24 ka oras sa wala pa ang petsa sa pagsugod sa kasinatian.<\/span><\/p>\n\n\t\t<\/div>\n\t<\/div>\n<\/div><\/div><\/div><\/div><div class=\"vc_row wpb_row vc_row-fluid\" ><div class=\"wpb_column vc_column_container vc_col-sm-12\"><div class=\"vc_column-inner\"><div class=\"wpb_wrapper\"><div class=\"vc_empty_space\"   style=\"height: 32px\"><span class=\"vc_empty_space_inner\"><\/span><\/div>\n\t<div class=\"wpb_text_column wpb_content_element\" >\n\t\t<div class=\"wpb_wrapper\">\n\t\t\t<h4>Kontaka mi?<\/h4>\n<h5><em><strong>Mga Adventure sa Pag-book<\/strong><\/em><\/h5>\n<p><em><strong>Mga lokal<\/strong> ug <strong>Nasyonal<\/strong> Mga Tour Guide ug Mga Serbisyo sa Bisita<\/em><\/p>\n<p><span class=\"text-turquoise\">Mga reserbasyon:<\/span> Mga Paglibot ug Ekskursiyon sa Dom. Rep.<\/p>\n<p><img decoding=\"async\" class=\"emoji\" draggable=\"false\" src=\"https:\/\/s.w.org\/images\/core\/emoji\/11.2.0\/svg\/1f4de.svg\" alt=\"\ud83d\udcde\" title=\"\"> Tel\/Whatsapp\u00a0 <a href=\"tel:+1-809-720-6035\">+1-809-720-6035<\/a>.<\/p>\n<p><img decoding=\"async\" class=\"emoji\" draggable=\"false\" src=\"https:\/\/s.w.org\/images\/core\/emoji\/11.2.0\/svg\/1f4e9.svg\" alt=\"\ud83d\udce9\" title=\"\"> <a href=\"mailto:info@bookingadventures.com.do\">info@bookingadventures.com.do<\/a><\/p>\n<p><strong>Kami Flexible Setting Private Tours pinaagi sa Whatsapp: <a href=\"tel:+18097206035\">+18097206035.<\/a><\/strong><\/p>\n\n\t\t<\/div>\n\t<\/div>\n<div class=\"vc_empty_space\"   style=\"height: 32px\"><span class=\"vc_empty_space_inner\"><\/span><\/div><\/div><\/div><\/div><\/div>","protected":false},"excerpt":{"rendered":"<p><strong>Palihug Pilia ang petsa para sa The Tour\u00a0<\/strong><\/p>","protected":false},"featured_media":11436,"template":"","meta":[],"product_brand":[],"product_cat":[120,96,97,135,136,122,123,124],"product_tag":[138,140,537,155,156,538,142,143],"class_list":{"0":"post-11419","1":"product","2":"type-product","3":"status-publish","4":"has-post-thumbnail","6":"product_cat-fees-entrace","7":"product_cat-hiking","8":"product_cat-horse-riding-to-waterfalls","9":"product_cat-lunch","10":"product_cat-safari-samana","11":"product_cat-tours-and-excursions","12":"product_cat-tours-excursions-los-haitises-national-park","13":"product_cat-tours-excursions-samana-bay-dominican-republic","14":"product_tag-beach-time","15":"product_tag-el-limon-waterfalls","16":"product_tag-el-limon-waterfalls-tour-private-from-las-galeras-horse-riding","17":"product_tag-hiking-el-limon","18":"product_tag-horses-el-limon","19":"product_tag-lunch-swimming","20":"product_tag-samana","21":"product_tag-samana-tours","23":"first","24":"instock","25":"sale","26":"featured","27":"sold-individually","28":"shipping-taxable","29":"product-type-external"},"_links":{"self":[{"href":"https:\/\/haitises.com\/ceb\/wp-json\/wp\/v2\/product\/11419","targetHints":{"allow":["GET"]}}],"collection":[{"href":"https:\/\/haitises.com\/ceb\/wp-json\/wp\/v2\/product"}],"about":[{"href":"https:\/\/haitises.com\/ceb\/wp-json\/wp\/v2\/types\/product"}],"wp:featuredmedia":[{"embeddable":true,"href":"https:\/\/haitises.com\/ceb\/wp-json\/wp\/v2\/media\/11436"}],"wp:attachment":[{"href":"https:\/\/haitises.com\/ceb\/wp-json\/wp\/v2\/media?parent=11419"}],"wp:term":[{"taxonomy":"product_brand","embeddable":true,"href":"https:\/\/haitises.com\/ceb\/wp-json\/wp\/v2\/product_brand?post=11419"},{"taxonomy":"product_cat","embeddable":true,"href":"https:\/\/haitises.com\/ceb\/wp-json\/wp\/v2\/product_cat?post=11419"},{"taxonomy":"product_tag","embeddable":true,"href":"https:\/\/haitises.com\/ceb\/wp-json\/wp\/v2\/product_tag?post=11419"}],"curies":[{"name":"wp","href":"https:\/\/api.w.org\/{rel}","templated":true}]}}