{"id":567,"date":"2020-06-27T19:12:20","date_gmt":"2020-06-27T19:12:20","guid":{"rendered":"http:\/\/haitises.com\/?post_type=product&#038;p=567"},"modified":"2024-04-16T21:43:21","modified_gmt":"2024-04-16T21:43:21","slug":"excursion-cascada-el-limon-y-cayo-levantado-desde-punta-cana","status":"publish","type":"product","link":"https:\/\/haitises.com\/ca\/private\/excursion-cascada-el-limon-y-cayo-levantado-desde-punta-cana\/","title":{"rendered":"Excursi\u00f3 Cascada La Llimona i Caio Llevat des de Punta Cana"},"content":{"rendered":"<div class=\"vc_row wpb_row vc_row-fluid\" ><div class=\"wpb_column vc_column_container vc_col-sm-12\"><div class=\"vc_column-inner\"><div class=\"wpb_wrapper\">[mkdf_section_title subtitle_tag=\u00bb\u00bb subtitle=\u00bb(Recogida en Punta Cana)\u00bb]<\/div><\/div><\/div><\/div><div class=\"vc_row wpb_row vc_row-fluid\" ><div class=\"wpb_column vc_column_container vc_col-sm-12\"><div class=\"vc_column-inner\"><div class=\"wpb_wrapper\">\n\t<div class=\"wpb_text_column wpb_content_element\" >\n\t\t<div class=\"wpb_wrapper\">\n\t\t\t<h2>Cascada El Lim\u00f3n i Cayo Levantado des dels hotels de Punta Cana<\/h2>\n<h3>Descripci\u00f3<\/h3>\n<p>Si us trobeu a Punta Cana o B\u00e1varo, busqueu una excursi\u00f3 d&#039;un dia pagant menys del normal. Reservi aquest viatge amb una recollida al seu hotel a Punta Cana. L&#039;autob\u00fas el portar\u00e0 a Sabana de la mar, on agafarem un catamar\u00e0 per passar la badia de Saman\u00e1. Visitar la comunitat de Samana a Safari per arribar a la comunitat del Lim\u00f3n, muntar a cavall o anar d&#039;excursi\u00f3 a les cascades despr\u00e9s de creuar la badia de Samana i el temps de dinar a l&#039;illa de Bacardi. Aquest viatge comen\u00e7a a les 6:00 i acaba a les 6:30 pm<\/p>\n<p>Despr\u00e9s d&#039;aquesta experi\u00e8ncia, tornareu al vostre hotel.<\/p>\n<ul>\n<li>Taxes incloses<\/li>\n<li>Dinar a la platja incl\u00f2s.<\/li>\n<li>Transfer\u00e8ncia inclosa<\/li>\n<li>El guia proporciona instrucci\u00f3 i supervisi\u00f3.<\/li>\n<\/ul>\n<h3>Inclusions i exclusions<\/h3>\n<h4>Inclusions<\/h4>\n<ol>\n<li>Recollida a l&#039;hotel.<\/li>\n<li>Badia Saman\u00e1<\/li>\n<li>Cayo Llevat, platja i dinar<\/li>\n<li>Safari a La Llimona<\/li>\n<li>Passejades a cavall o senderisme a les cascades<\/li>\n<li>C\u00f2ctels dominicans<\/li>\n<li>Tots els impostos, tarifes i c\u00e0rrecs per maneig<\/li>\n<li>Impostos locals<\/li>\n<li>Begudes<\/li>\n<li>Totes les activitats<\/li>\n<li>Guia local<\/li>\n<\/ol>\n<h4>Exclusions<\/h4>\n<ol>\n<li>Propines<\/li>\n<li>Begudes alcoh\u00f2liques despr\u00e9s de c\u00f2ctels<\/li>\n<\/ol>\n<h3><em>Sortida i tornada<\/em><\/h3>\n<p>El viatger obtindr\u00e0 un punt de trobada despr\u00e9s del proc\u00e9s de reserva. Els tours comencen i acaben als nostres punts de trobada.<\/p>\n<h3><em>Qu\u00e8 esperar?<\/em><\/h3>\n<p>Obtingueu les seves butlletes per visitar les cascades a cavall o senderisme, Safari Saman\u00e1, nedar a les fonts naturals, despr\u00e9s de les cascades el dinar a l&#039;illa de Bacardi i temps de platja.<\/p>\n<p>Comen\u00e7ant des de Punta Cana amb autob\u00fas, conduirem al port de la badia de Saman\u00e1. Al port pugem a un pot o catamar\u00e0 amb un guia tur\u00edstic local, passem la badia de Saman\u00e1 a la comunitat de Saman\u00e1. Prendre un safari amb un guia tur\u00edstic local per parlar sobre la hist\u00f2ria de Samana fins a arribar a la comunitat del Lim\u00f3n. A la comunitat del Lim\u00f3n comencem a caminar o muntar a cavall pel bosc del Lim\u00f3n fins a les cascades del Lim\u00f3n. On quan arribem podem nedar! Despr\u00e9s de tornar a Safari per anar al port de Samana. Visitar\u00e0 l&#039;illa de Cayo Levantado per dinar a la platja i nedar a una de les illes m\u00e9s belles de la Rep\u00fablica Dominicana.<\/p>\n<p>En cas que us agradi aquest viatge m\u00e9s llarg o m\u00e9s curt, contacteu-nos\u2026<\/p>\n<h3><em>Qu\u00e8 hauries de portar?<\/em><\/h3>\n<ul>\n<li>Cambra<\/li>\n<li>Repel\u00b7lents<\/li>\n<li>Crema solar<\/li>\n<li>Barret<\/li>\n<li>Pantalons c\u00f2modes<\/li>\n<li>Cal\u00e7at de senderisme per a bosc<\/li>\n<li>Sand\u00e0lies a les zones de primavera.<\/li>\n<li>Vestit de bany<\/li>\n<\/ul>\n<h3><em>Recollida a l&#039;hotel<\/em><\/h3>\n<p>\u00a1S&#039;ofereix recollida de viatgers!<\/p>\n<p>Recollim de tots els hotels a Punta Cana. La ubicaci\u00f3 de recollida \u00e9s el vest\u00edbul de l&#039;hotel.<br \/>\nSi s&#039;allotja en un condomini a l&#039;\u00e0rea, el recollirem al condomini oa l&#039;entrada del resort m\u00e9s proper. Configurem Recollir contactant amb nosaltres per Whatsapp.<\/p>\n<p><strong>Nota:<\/strong> Si feu la reserva dins de les 24 hores de l&#039;horari de sortida del tour\/excursi\u00f3, podem organitzar la recollida a l&#039;hotel. Quan es completi la seva compra, us enviarem informaci\u00f3 de contacte completa (n\u00famero de tel\u00e8fon, adre\u00e7a de correu electr\u00f2nic, etc.) perqu\u00e8 el nostre guia tur\u00edstic local organitzi els arranjaments de recollida.<\/p>\n<h3><em>Confirmaci\u00f3 d&#039;informaci\u00f3 addicional<\/em><\/h3>\n<ul>\n<li>Les butlletes s\u00f3n el Rebut despr\u00e9s de pagar aquest Tour. Podeu mostrar el pagament al tel\u00e8fon.<\/li>\n<li>El punt de trobada es rebr\u00e0 despr\u00e9s del proc\u00e9s de reserva.<\/li>\n<li>Els infants han d&#039;estar acompanyats per un adult.<\/li>\n<li>No accessible per a cadires de rodes<\/li>\n<li>Els infants han de seure en un seient per a nadons o amb un adult<\/li>\n<li>No recomanat per a viatgers amb problemes d\u02bbesquena.<\/li>\n<li>No recomanat per a dones embarassades.<\/li>\n<li>Sense problemes card\u00edacs o altres afeccions m\u00e8diques greus.<\/li>\n<li>La majoria dels viatgers hi poden participar.<\/li>\n<\/ul>\n<h3><em>Pol\u00edtica de cancel\u00b7laci\u00f3<\/em><\/h3>\n<p>Per obtenir un reemborsament complet, cancel\u00b7leu com a m\u00ednim 24 hores abans de la data d&#039;inici de l&#039;experi\u00e8ncia.<\/p>\n<h3><em>Contactar-nos?<\/em><\/h3>\n<p>Reserves d\u00b4aventures<br \/>\nGuies tur\u00edstics locals i nacionals i serveis per a hostes<\/p>\n<p>Reserves: Tours i Excursions a Dom. Reps.<\/p>\n<p>\ud83d\udcde Tel \/ Whatsapp + 1-809-720-6035.<\/p>\n<p>\ud83d\udce9 info@bookingadventures.com.do<\/p>\n<p>Fem tours privats amb flexibilitat per Whatsapp: +18097206035.<\/p>\n\n\t\t<\/div>\n\t<\/div>\n<\/div><\/div><\/div><\/div>","protected":false},"excerpt":{"rendered":"<p>Si us trobeu a Punta Cana o B\u00e1varo, busqueu una excursi\u00f3 d&#039;un dia pagant menys del normal. Reservi aquest viatge amb una recollida al seu hotel a Punta Cana. L&#039;autob\u00fas el portar\u00e0 a Sabana de la mar, on agafarem un catamar\u00e0 per passar la badia de Saman\u00e1. Visitar la comunitat de Samana a Safari per arribar a la comunitat del Lim\u00f3n, muntar a cavall o caminar a les cascades despr\u00e9s de creuar la badia de Samana i el temps de Dinar a l&#039;illa de Bacardi. Aquest viatge comen\u00e7a a les 6:00 i acaba a les 6:30 pm<\/p>\n<p><strong>Si us plau seleccioneu la data per al Tour:<\/strong><\/p>","protected":false},"featured_media":320,"template":"","meta":[],"product_brand":[],"product_cat":[96,97,136,264,122,443,123,124],"product_tag":[137,138,281,139,282,283,140,284,141,114,285,142,143],"class_list":{"0":"post-567","1":"product","2":"type-product","3":"status-publish","4":"has-post-thumbnail","6":"product_cat-hiking","7":"product_cat-horse-riding-to-waterfalls","8":"product_cat-safari-samana","9":"product_cat-salto-el-limon-and-bacardi-island","10":"product_cat-tours-and-excursions","11":"product_cat-tours-y-excursiones-es","12":"product_cat-tours-excursions-los-haitises-national-park","13":"product_cat-tours-excursions-samana-bay-dominican-republic","14":"product_tag-bacardi-island","15":"product_tag-beach-time","16":"product_tag-cascada-el-limon-salto-el-limon-samana-republica-dominicana","17":"product_tag-cayo-levantado","18":"product_tag-el-limon-waterfall-bacardi-island-from-punta-cana","19":"product_tag-el-limon-waterfall-and-bacardi-island-tour-from-punta-cana","20":"product_tag-el-limon-waterfalls","21":"product_tag-guided-adventures","22":"product_tag-punta-cana","23":"product_tag-sabana-de-la-mar","24":"product_tag-salto-de-limon-punta-cana","25":"product_tag-samana","26":"product_tag-samana-tours","28":"first","29":"instock","30":"sale","31":"sold-individually","32":"shipping-taxable","33":"product-type-external"},"_links":{"self":[{"href":"https:\/\/haitises.com\/ca\/wp-json\/wp\/v2\/product\/567","targetHints":{"allow":["GET"]}}],"collection":[{"href":"https:\/\/haitises.com\/ca\/wp-json\/wp\/v2\/product"}],"about":[{"href":"https:\/\/haitises.com\/ca\/wp-json\/wp\/v2\/types\/product"}],"wp:featuredmedia":[{"embeddable":true,"href":"https:\/\/haitises.com\/ca\/wp-json\/wp\/v2\/media\/320"}],"wp:attachment":[{"href":"https:\/\/haitises.com\/ca\/wp-json\/wp\/v2\/media?parent=567"}],"wp:term":[{"taxonomy":"product_brand","embeddable":true,"href":"https:\/\/haitises.com\/ca\/wp-json\/wp\/v2\/product_brand?post=567"},{"taxonomy":"product_cat","embeddable":true,"href":"https:\/\/haitises.com\/ca\/wp-json\/wp\/v2\/product_cat?post=567"},{"taxonomy":"product_tag","embeddable":true,"href":"https:\/\/haitises.com\/ca\/wp-json\/wp\/v2\/product_tag?post=567"}],"curies":[{"name":"wp","href":"https:\/\/api.w.org\/{rel}","templated":true}]}}