{"id":557,"date":"2020-06-22T22:59:27","date_gmt":"2020-06-22T22:59:27","guid":{"rendered":"http:\/\/haitises.com\/?post_type=product&#038;p=557"},"modified":"2024-04-17T18:57:53","modified_gmt":"2024-04-17T18:57:53","slug":"excursio-als-haitises-montana-rodona-cano-fondo","status":"publish","type":"product","link":"https:\/\/haitises.com\/ca\/private\/excursio-als-haitises-montana-rodona-cano-fondo\/","title":{"rendered":"Excursi\u00f3 als Haitises Muntanya Rodona &amp; Ca\u00f1o Fondo"},"content":{"rendered":"<div class=\"vc_row wpb_row vc_row-fluid\" ><div class=\"wpb_column vc_column_container vc_col-sm-12\"><div class=\"vc_column-inner\"><div class=\"wpb_wrapper\">[mkdf_section_title subtitle_tag=\u00bb\u00bb subtitle=\u00bbTransporte y almuerzo incluidos\u00bb]<\/div><\/div><\/div><\/div><div class=\"vc_row wpb_row vc_row-fluid\" ><div class=\"wpb_column vc_column_container vc_col-sm-12\"><div class=\"vc_column-inner\"><div class=\"wpb_wrapper\">\n\t<div class=\"wpb_text_column wpb_content_element\" >\n\t\t<div class=\"wpb_wrapper\">\n\t\t\t<h2>Excursi\u00f3 al Parc Nacional Los Haitises des de Punta Cana, Montana Rodona i Cano Hondo Excursi\u00f3 d&#039;un dia.<\/h2>\n<h2>Tour al Parc Nacional Els Haitises des de Punta Cana, Montana Redonda i Cano Hondo<\/h2>\n<h3>Descripci\u00f3<\/h3>\n<p>Excursi\u00f3 al Parc Nacional Los Haitises des de Punta Cana, comen\u00e7ant des del seu hotel a Punta Cana o B\u00e1varo. Conduirem amb el nostre guia tur\u00edstic a Montana Redonda. On tens temps per fer fotos incre\u00efbles d&#039;una de les vistes m\u00e9s impressionants de la Rep\u00fablica Dominicana. Despr\u00e9s d&#039;aquesta primera parada, continuem visitant el Parc Nacional Los Haitises, alguns entrepans i begudes t\u00edpiques mentre passegem pels manglars, coves i famoses illes rocoses com a Jurassic Park. Despr\u00e9s de visitar el Parc Nacional Los Haitises, el dinar ens est\u00e0 esperant a Ca\u00f1o Hondo. Despr\u00e9s de dinar local i gastronomia local, ha de tenir temps per nedar a les exclusives piscines naturals que l&#039;aigua prov\u00e9 del Parc Nacional Los Haitises.<\/p>\n<p>Despr\u00e9s d&#039;aquesta experi\u00e8ncia, tornareu a la comunitat de Punta Cana des d&#039;on el recollirem.<\/p>\n<ul>\n<li>Taxes incloses<\/li>\n<li>Dinar<\/li>\n<li>Aperitius<\/li>\n<li>Guia de turisme local en angl\u00e8s o franc\u00e8s<\/li>\n<li>Transport<\/li>\n<li>Tour en pot<\/li>\n<li>Muntana Rodona<\/li>\n<li>Canell Fondo<\/li>\n<\/ul>\n<h3>Inclusions i exclusions<\/h3>\n<h4>Inclusions<\/h4>\n<ol>\n<li>Els Haitises Tour + Coves i Pictogrames<\/li>\n<li>Muntana Rodona<\/li>\n<li>Canell Fondo<\/li>\n<li>Dinar<\/li>\n<li>Recollida d&#039;hotels a les zones de Punta Cana.<\/li>\n<li>Tots els impostos, taxes i despeses de manipulaci\u00f3.<\/li>\n<li>Impostos locals<\/li>\n<li>Begudes<\/li>\n<li>Aperitius<\/li>\n<li>Totes les activitats<\/li>\n<li>Guia local<\/li>\n<\/ol>\n<h4>Exclusions<\/h4>\n<ol>\n<li>Propines<\/li>\n<li>Begudes alcoh\u00f2liques<\/li>\n<\/ol>\n<h3><em>Sortida i tornada<\/em><\/h3>\n<p>El viatger obtindr\u00e0 un punt de trobada despr\u00e9s del proc\u00e9s de reserva. Els recorreguts comencen i finalitzen als seus punts de trobada.<\/p>\n<h2><em>Tour al Parc Nacional Els Haitises des de Punta Cana, Montana Redonda i Cano Hondo.<\/em><\/h2>\n<h3><em>Qu\u00e8 esperar?<\/em><\/h3>\n<p>Obtingueu les vostres butlletes per visitar el Tour al Parc Nacional Els Haitises des de Punta Cana. Excursi\u00f3 de dia complet. Des de Punta Cana, Rep\u00fablica Dominicana. Prenent el transport amb el nostre guia tur\u00edstic local per visitar les vistes de Montana Redonda, el parc nacional Els Haitises a Sabana de la Mar i el dinar a Ca\u00f1o Hondo.<\/p>\n<p>El recorrido, organizado por \u00abBooking Adventures\u00bb, comienza en el punto de encuentro establecido con el gu\u00eda tur\u00edstico. Ven con Booking Adventures y comienza a observar algunos manglares llenos de aves, colinas onduladas de exuberante vegetaci\u00f3n y cuevas del Parque Nacional Los Haitises. Visitando la isla con aves alrededor. En la temporada de anidaci\u00f3n, incluso podemos ver los polluelos de Pel\u00edcanos en los nidos. Entrar m\u00e1s en las Islas Rocosas y visitar las cuevas con pictograf\u00edas y petroglifos de los pueblos ind\u00edgenas.<\/p>\n<p>A trav\u00e9s dels manglars i la terra a la badia oberta de Sant Lloren\u00e7, Sabana de la Mar, des d&#039;on es pot fotografiar el paisatge forestal agrest. Mireu l&#039;aigua per veure manatis, crustacis i dofins.<\/p>\n<p>El nombre del parque nacional proviene de sus habitantes originales, los indios ta\u00ednos. En su idioma, \u00abHaitises\u00bb se traduce en tierras altas o colinas, una referencia a las empinadas formaciones geol\u00f3gicas de la costa con calizas. Avent\u00farate en el parque para explorar cuevas como la Cueva San Gabriel, la Cueva de la Arena y la Cueva de la L\u00ednea.<\/p>\n<p>Aquestes coves a la reserva van ser utilitzades com a refugi pels indis ta\u00efns i, m\u00e9s tard, per amagar pirates. Busqueu dibuixos d&#039;indis que decoren algunes de les parets.<\/p>\n<p>Tamb\u00e9 Montana Rodona (Round Mountain) a Miches, \u00e9s un lloc inoblidable, en estar envoltat de la natura del camp, gaudir d&#039;una vista panor\u00e0mica, on el reflex de les llacunes es combina amb l&#039;alba a la platja i el capvespre amb el verd de les muntanyes. Aire net i ocells cantant, pau i tranquil\u00b7litat que ens omple el desig de quedar-nos.<\/p>\n<p>A m\u00e9s Ca\u00f1o Hondo. Incre\u00efble complex al cim d&#039;una muntanya amb impressionants vistes a una badia plena de natura i la badia de Saman\u00e1 a la part inferior. \u00c9s com si estiguessis vivint en un parad\u00eds de selva tropical amb un estil bonic i molt relaxant i tranquil. Amb acc\u00e9s a les piscines provinents d\u00b4un riu natural del Parc Nacional Els Haitises.<\/p>\n<p>Aquest lloc \u00e9s on tindrem un esmorzar t\u00edpic. Si ets veg\u00e0, no et preocupis, tamb\u00e9 tenim menjar per a tu!<\/p>\n<p>Despr\u00e9s de dinar, tornem a Punta Cana!<\/p>\n<p>En cas que us agradi aquest viatge m\u00e9s llarg o m\u00e9s curt, contacteu-nos.<\/p>\n<h3><em>Qu\u00e8 hauries de portar?<\/em><\/h3>\n<ul>\n<li>Cambra<\/li>\n<li>Repel\u00b7lents<\/li>\n<li>Crema solar<\/li>\n<li>Barret<\/li>\n<li>Pantalons c\u00f2modes<\/li>\n<li>Cal\u00e7at de senderisme per a bosc<\/li>\n<li>Sand\u00e0lies a les zones de primavera.<\/li>\n<li>Vestit de bany<\/li>\n<\/ul>\n<h3><em>Recollida a l&#039;hotel<\/em><\/h3>\n<p>S\u00b4ofereix recollida al\u00b4hotel per a aquest recorregut. Seleccioneu el nom de l&#039;hotel i l&#039;hora aqu\u00ed. En cas que el vostre hotel no estigui a la llista, contacteu-nos.<\/p>\n<p><strong>Nota<\/strong>: Si feu la reserva dins de les 24 hores de l&#039;horari de sortida del tour\/excursi\u00f3, podem organitzar la recollida a l&#039;hotel. Quan es completi la seva compra, us enviarem informaci\u00f3 de contacte completa (n\u00famero de tel\u00e8fon, adre\u00e7a de correu electr\u00f2nic, etc.) perqu\u00e8 el nostre guia tur\u00edstic local organitzi els arranjaments de recollida.<\/p>\n<h3><em>Confirmaci\u00f3 d&#039;informaci\u00f3 addicional<\/em><\/h3>\n<ul>\n<li>Les butlletes s\u00f3n el Rebut despr\u00e9s de pagar aquest Tour. Podeu mostrar el pagament al tel\u00e8fon.<\/li>\n<li>El punt de trobada es rebr\u00e0 despr\u00e9s del proc\u00e9s de reserva.<\/li>\n<li>Els infants han d&#039;estar acompanyats per un adult.<\/li>\n<li>No accessible per a cadires de rodes<\/li>\n<li>Els infants han de seure en un seient per a nadons o amb un adult<\/li>\n<li>No recomanat per a viatgers amb problemes d\u02bbesquena.<\/li>\n<li>No recomanat per a dones embarassades.<\/li>\n<li>Sense problemes card\u00edacs o altres problemes m\u00e8dics greus.<\/li>\n<\/ul>\n\n\t\t<\/div>\n\t<\/div>\n<\/div><\/div><\/div><\/div><div class=\"vc_row wpb_row vc_row-fluid\" ><div class=\"wpb_column vc_column_container vc_col-sm-12\"><div class=\"vc_column-inner\"><div class=\"wpb_wrapper\"><div class=\"vc_empty_space\"   style=\"height: 32px\"><span class=\"vc_empty_space_inner\"><\/span><\/div>\n\t<div class=\"wpb_video_widget wpb_content_element vc_clearfix   vc_video-aspect-ratio-169 vc_video-el-width-100 vc_video-align-left\" >\n\t\t<div class=\"wpb_wrapper\">\n\t\t\t<h2 class=\"wpb_heading wpb_video_heading\">Els Haitises National Park Video:<\/h2>\n\t\t\t<div class=\"wpb_video_wrapper\"><iframe loading=\"lazy\" title=\"Els Haitises National Park, Tours &amp; Excursion From Samana or Sabana de la Mar. Book Here:\" src=\"https:\/\/player.vimeo.com\/video\/346508015?dnt=1&amp;app_id=122963\" width=\"1100\" height=\"619\" frameborder=\"0\" allow=\"autoplay; fullscreen\" allowfullscreen><\/iframe><\/div>\n\t\t<\/div>\n\t<\/div>\n<div class=\"vc_empty_space\"   style=\"height: 32px\"><span class=\"vc_empty_space_inner\"><\/span><\/div><\/div><\/div><\/div><\/div><div class=\"vc_row wpb_row vc_row-fluid\" ><div class=\"wpb_column vc_column_container vc_col-sm-12\"><div class=\"vc_column-inner\"><div class=\"wpb_wrapper\"><div class=\"vc_empty_space\"   style=\"height: 32px\"><span class=\"vc_empty_space_inner\"><\/span><\/div>\n\t<div class=\"wpb_text_column wpb_content_element\" >\n\t\t<div class=\"wpb_wrapper\">\n\t\t\t<h5>Contactar-nos?<br \/>\nReserves d\u00b4aventures<\/h5>\n<p><em>Guies tur\u00edstics locals i nacionals i serveis per a hostes<\/em><\/p>\n<p>Reserves: Tours i Excursions a Dom. Rep.<\/p>\n<p>Tel\/Whatsapp + 1-809-720-6035.<\/p>\n<p>info@bookingadventures.com.do<\/p>\n<p><strong>Organitzem tours privats de configuraci\u00f3 flexible per Whatsapp: +18097206035.<\/strong><\/p>\n<h4><strong style=\"color: #595959; font-size: 15px;\"><a href=\"tel:+18097206035\">+18097206035.<\/a><\/strong><\/h4>\n\n\t\t<\/div>\n\t<\/div>\n<div class=\"vc_empty_space\"   style=\"height: 32px\"><span class=\"vc_empty_space_inner\"><\/span><\/div><\/div><\/div><\/div><\/div>","protected":false},"excerpt":{"rendered":"<p>Excursi\u00f3 des de Punta Cana per visitar el Parc Nacional Los Haitises, Montana Redonda i Ca\u00f1o Hondo. Inclou dinar i transport per a una visita a les 3 coves principals, una exploraci\u00f3 de 2 ecosistemes de manglars diferents, vistes i piscines naturals.<\/p>\n<p>Excursi\u00f3 de dia complet al Parc Nacional Los Haitises amb un guia tur\u00edstic local. Visitant els Cayos al Parc Nacional Els Haitises, manglars, vegetaci\u00f3, observaci\u00f3 d&#039;aus, coves, pictografies i les \u00e0rees hist\u00f2riques de Sabana de la Mar al Parc Nacional Els Haitises. Vistes incre\u00efbles a Montana Redonda i dinar m\u00e9s piscines a Ca\u00f1o Hondo.<\/p>\n<p><strong>Si us plau seleccioneu la data per al Tour:<\/strong><\/p>","protected":false},"featured_media":292,"template":"","meta":[],"product_brand":[],"product_cat":[119,120,135,121,122,443,259],"product_tag":[126,127,128,206,145,260,225,132,133,213,215,261,146,262,141,263,226],"class_list":{"0":"post-557","1":"product","2":"type-product","3":"status-publish","4":"has-post-thumbnail","6":"product_cat-caves","7":"product_cat-fees-entrace","8":"product_cat-lunch","9":"product_cat-mangroves","10":"product_cat-tours-and-excursions","11":"product_cat-tours-y-excursiones-es","12":"product_cat-tours-excursions-punta-cana-dominican-republic","13":"product_tag-cano-hondo","14":"product_tag-cano-hondo-hotel","15":"product_tag-cano-hondo-tours","16":"product_tag-caves-los-haitises","17":"product_tag-day-tour-cano-hondo","18":"product_tag-day-trip-punta-cana","19":"product_tag-las-terrenas","20":"product_tag-los-haitises","21":"product_tag-los-haitises-national-park","22":"product_tag-los-haitises-national-park-map","23":"product_tag-los-haitises-national-park-tour-from-las-terrenas","24":"product_tag-los-haitises-national-park-tours-excursions","25":"product_tag-mangroves-los-haitises","26":"product_tag-montana-redonda-tours-excursion","27":"product_tag-punta-cana","28":"product_tag-punta-cana-tours-excursions","29":"product_tag-transportation-los-haitises","31":"first","32":"instock","33":"sale","34":"sold-individually","35":"shipping-taxable","36":"product-type-external"},"_links":{"self":[{"href":"https:\/\/haitises.com\/ca\/wp-json\/wp\/v2\/product\/557","targetHints":{"allow":["GET"]}}],"collection":[{"href":"https:\/\/haitises.com\/ca\/wp-json\/wp\/v2\/product"}],"about":[{"href":"https:\/\/haitises.com\/ca\/wp-json\/wp\/v2\/types\/product"}],"wp:featuredmedia":[{"embeddable":true,"href":"https:\/\/haitises.com\/ca\/wp-json\/wp\/v2\/media\/292"}],"wp:attachment":[{"href":"https:\/\/haitises.com\/ca\/wp-json\/wp\/v2\/media?parent=557"}],"wp:term":[{"taxonomy":"product_brand","embeddable":true,"href":"https:\/\/haitises.com\/ca\/wp-json\/wp\/v2\/product_brand?post=557"},{"taxonomy":"product_cat","embeddable":true,"href":"https:\/\/haitises.com\/ca\/wp-json\/wp\/v2\/product_cat?post=557"},{"taxonomy":"product_tag","embeddable":true,"href":"https:\/\/haitises.com\/ca\/wp-json\/wp\/v2\/product_tag?post=557"}],"curies":[{"name":"wp","href":"https:\/\/api.w.org\/{rel}","templated":true}]}}