{"id":554,"date":"2020-06-22T17:36:48","date_gmt":"2020-06-22T17:36:48","guid":{"rendered":"http:\/\/haitises.com\/?post_type=product&#038;p=554"},"modified":"2024-04-17T20:44:54","modified_gmt":"2024-04-17T20:44:54","slug":"excursion-a-los-haitises-desde-sabana-de-la-mar-o-cano-hondo","status":"publish","type":"product","link":"https:\/\/haitises.com\/ca\/private\/excursion-a-los-haitises-desde-sabana-de-la-mar-o-cano-hondo\/","title":{"rendered":"Excursi\u00f3 als Haitises des de Sabana de la Mar o Ca\u00f1o Fondo"},"content":{"rendered":"<div class=\"vc_row wpb_row vc_row-fluid\" ><div class=\"wpb_column vc_column_container vc_col-sm-12\"><div class=\"vc_column-inner\"><div class=\"wpb_wrapper\">[mkdf_section_title subtitle_tag=\u00bb\u00bb subtitle=\u00bbTour normal a los Haitises\u00bb]<\/div><\/div><\/div><\/div><div class=\"vc_row wpb_row vc_row-fluid\" ><div class=\"wpb_column vc_column_container vc_col-sm-12\"><div class=\"vc_column-inner\"><div class=\"wpb_wrapper\">\n\t<div class=\"wpb_text_column wpb_content_element\" >\n\t\t<div class=\"wpb_wrapper\">\n\t\t\t<h2>El Parc Nacional Els Haitises Des de Sabana de la Mar o Hotel Cano Hondo.<\/h2>\n<h3>Descripci\u00f3<\/h3>\n<p>Un viatge privat normal al Parc Nacional Los Haitises. Vine amb nosaltres i visita el parc nacional m\u00e9s bonic de la Rep\u00fablica Dominicana, visitant manglars, coves i la badia de Sant Lloren\u00e7. Aquesta experi\u00e8ncia pot comen\u00e7ar des de la comunitat de Sabana de la Mar aprenent sobre aquesta hist\u00f2ria de Sabana de la Mar. A m\u00e9s, comencem aquest viatge des del port de Ca\u00f1o Hondo.<\/p>\n<ul>\n<li>Taxes incloses<\/li>\n<li>El guia proporciona instrucci\u00f3 i supervisi\u00f3.<\/li>\n<li>Dinar no est\u00e0 incl\u00f2s per dinar a Ca\u00f1o Hondo Trieu aquest tour: Els Haitises Plus Ca\u00f1o Hondo.<\/li>\n<\/ul>\n<h3>Inclusions i exclusions<\/h3>\n<h4>Inclusions<\/h4>\n<ol>\n<li>Els Haitises Tour + Coves i Pictografies<\/li>\n<li>Tots els impostos, taxes i despeses de manipulaci\u00f3.<\/li>\n<li>Impostos locals<\/li>\n<li>Totes les activitats<\/li>\n<li>Guia local<\/li>\n<\/ol>\n<h4>Exclusions<\/h4>\n<ol>\n<li>Propines<\/li>\n<li>Dinar no est\u00e0 incl\u00f2s per dinar a Ca\u00f1o Hondo Trieu aquest tour: Els Haitises Plus Ca\u00f1o Hondo.<\/li>\n<li>Transport<\/li>\n<li>Begudes alcoh\u00f2liques<\/li>\n<\/ol>\n<h3><em>Sortida i tornada<\/em><\/h3>\n<p>El viatger obtindr\u00e0 un punt de trobada despr\u00e9s del proc\u00e9s de reserva. Els tours comencen i acaben als nostres punts de trobada.<\/p>\n<h4><em>Qu\u00e8 esperar?<\/em><\/h4>\n<p>Obtingueu les seves butlletes per visitar el Parc Nacional Els Haitises amb Coves, Manglars i la Badia de Sant Lloren\u00e7.<\/p>\n<p>El preu m\u00e9s baix per visitar el Parc Nacional Els Haitises des de Sabana de la Mar o els hotels de Ca\u00f1o Hondo amb guies locals. El viatge comen\u00e7a al port principal del Parc Nacional Els Haitises. Aquest viatge comen\u00e7a a les 10:00 amb un guia tur\u00edstic local que coneix la hist\u00f2ria original sobre el magn\u00edfic Parc Nacional.<\/p>\n<p>Despr\u00e9s comencem des del port principal del Parc Nacional Els Haitises, nom Ca\u00f1o Hondo (Deep Creek) en un VAIXELL amb armilles salvavides. Gaudirem del bosc de manglars vermells fins arribar a la badia de Sant Lloren\u00e7. Petita badia a la Badia de Samana. I aqu\u00ed anem! El primer que podeu veure \u00e9s la col\u00b7lecci\u00f3 d&#039;una enorme illa de muntanya de pedra calc\u00e0ria anomenada Mogotes. a sobre d&#039;ells m\u00e9s de 700 esp\u00e8cies de plantes i moltes aus d&#039;aiguamolls volant al voltant. M\u00e9s endavant visitant coves amb pictografies de les nostres comunitats ind\u00edgenes fa 750 anys.<\/p>\n<p>A trav\u00e9s dels manglars i la terra a la badia oberta de Sant Lloren\u00e7, des d&#039;on pots fotografiar l&#039;agrest paisatge forestal. Mireu l&#039;aigua per veure manatis, crustacis i dofins.<\/p>\n<p>El nombre del parque nacional proviene de sus habitantes originales, los indios ta\u00ednos. En su idioma, \u00abHaitises\u00bb se traduce en tierras altas o colinas, una referencia a las empinadas formaciones geol\u00f3gicas de la costa con calizas. Avent\u00farate en el parque para explorar cuevas como la Cueva de la Arena y la Cueva de la L\u00ednea. Las cuevas en la reserva fueron utilizadas como refugio por los indios ta\u00ednos y, m\u00e1s tarde, por los piratas escondidos. Busque dibujos de indios que decoran algunas de las paredes. Despu\u00e9s de visitar el Parque Nacional Los Haitises, regresaremos al puerto donde comenz\u00f3 nuestro viaje.<\/p>\n<h3><em>Qu\u00e8 hauries de portar?<\/em><\/h3>\n<ul>\n<li>Cambra<\/li>\n<li>Repel\u00b7lents<\/li>\n<li>crema solar<\/li>\n<li>Barret<\/li>\n<li>Pantalons c\u00f2modes<\/li>\n<li>Cal\u00e7at de senderisme per a bosc<\/li>\n<li>Sand\u00e0lies a les zones de primavera.<\/li>\n<li>Vestit de bany<\/li>\n<\/ul>\n<h3><em>Recollida a l&#039;hotel<\/em><\/h3>\n<p>El servei de recollida a l&#039;hotel s&#039;ofereix si es troba a Paraiso Ca\u00f1o Hondo o Altos Ca\u00f1o Hondo Hotel. El nostre punt de trobada \u00e9s a 5 minuts a peu d&#039;aquests hotels.<\/p>\n<p><strong>Nota<\/strong>: si realitza la reserva dins de les 24 hores de l&#039;hora de sortida del tour\/excursi\u00f3, podem organitzar la recollida de l&#039;hotel amb c\u00e0rrecs addicionals si no es troba als hotels de Ca\u00f1o Hondo. Quan es completi la seva compra, us enviarem informaci\u00f3 de contacte completa (n\u00famero de tel\u00e8fon, adre\u00e7a de correu electr\u00f2nic, etc.) perqu\u00e8 el nostre guia tur\u00edstic local organitzi els arranjaments de recollida.<\/p>\n<h3><em>Confirmaci\u00f3 d&#039;informaci\u00f3 addicional<\/em><\/h3>\n<ul>\n<li>Les butlletes s\u00f3n el Rebut despr\u00e9s de pagar aquest Tour. Podeu mostrar el pagament al tel\u00e8fon.<\/li>\n<li>El punt de trobada es rebr\u00e0 despr\u00e9s del proc\u00e9s de reserva.<\/li>\n<li>Els infants han d&#039;estar acompanyats per un adult.<\/li>\n<li>No accessible per a cadires de rodes<\/li>\n<li>Els infants han de seure en un seient per a nadons o amb un adult<\/li>\n<li>No recomanat per a viatgers amb problemes d\u02bbesquena.<\/li>\n<li>No recomanat per a dones embarassades.<\/li>\n<li>Sense problemes card\u00edacs o altres condicions m\u00e8diques greus.<\/li>\n<li>La majoria dels viatgers hi poden participar.<\/li>\n<\/ul>\n<h3><em>Pol\u00edtica de cancel\u00b7laci\u00f3<\/em><\/h3>\n<p>Per obtenir un reemborsament complet, cancel\u00b7leu com a m\u00ednim 24 hores abans de la data d&#039;inici de l&#039;experi\u00e8ncia.<\/p>\n<h3><em>Contactar-nos?<\/em><\/h3>\n<p>Booking Adventures<br \/>\nGuies tur\u00edstics locals i nacionals i serveis per a hostes<\/p>\n<p>Reserves: Tours i Excursions a Dom. Reps.<\/p>\n<p>\ud83d\udcde Tel \/ Whatsapp + 1-809-720-6035.<\/p>\n<p>\ud83d\udce9 info@bookingadventures.com.do<\/p>\n<p>Organitzem tours privats de configuraci\u00f3 flexible per Whatsapp: +18097206035.<\/p>\n\n\t\t<\/div>\n\t<\/div>\n<\/div><\/div><\/div><\/div>","protected":false},"excerpt":{"rendered":"<p>El preu m\u00e9s baix per visitar el Parc Nacional Els Haitises des de Sabana de la Mar o els hotels de Ca\u00f1o Hondo amb guies locals. El viatge comen\u00e7a al port principal del Parc Nacional Els Haitises. Aquest viatge comen\u00e7a a les 10:00 amb un guia tur\u00edstic local que coneix la hist\u00f2ria original sobre el magn\u00edfic Parc Nacional.<\/p>\n<p>Despr\u00e9s comencem des del port principal del Parc Nacional Els Haitises, nom Ca\u00f1o Hondo (Deep Creek) en un VAIXELL amb armilles salvavides. Gaudirem del bosc de manglars vermells fins arribar a la badia de Sant Lloren\u00e7, una petita badia a la badia de Samana. I aqu\u00ed anem! El primer que podeu veure \u00e9s la col\u00b7lecci\u00f3 d&#039;una enorme illa de muntanya de pedra calc\u00e0ria anomenada Mogotes. A m\u00e9s d&#039;ells, m\u00e9s de 700 esp\u00e8cies de plantes i moltes aus d&#039;aiguamolls volen al voltant. M\u00e9s tard visitant coves amb pictografies de les nostres comunitats ind\u00edgenes fa 750 anys.<\/p>\n<p><strong>Si us plau seleccioneu la data per al Tour\u00a0<\/strong><\/p>","protected":false},"featured_media":81,"template":"","meta":[],"product_brand":[],"product_cat":[119,120,98,121,99,122,443,123,124],"product_tag":[125,126,127,128,129,130,131,132,133,134,114],"class_list":{"0":"post-554","1":"product","2":"type-product","3":"status-publish","4":"has-post-thumbnail","6":"product_cat-caves","7":"product_cat-fees-entrace","8":"product_cat-local-tour-guides","9":"product_cat-mangroves","10":"product_cat-swimming-natural-springs","11":"product_cat-tours-and-excursions","12":"product_cat-tours-y-excursiones-es","13":"product_cat-tours-excursions-los-haitises-national-park","14":"product_cat-tours-excursions-samana-bay-dominican-republic","15":"product_tag-boat-tour","16":"product_tag-cano-hondo","17":"product_tag-cano-hondo-hotel","18":"product_tag-cano-hondo-tours","19":"product_tag-eco-tours","20":"product_tag-excursion","21":"product_tag-locals-guides","22":"product_tag-los-haitises","23":"product_tag-los-haitises-national-park","24":"product_tag-los-haitises-national-park-tour","25":"product_tag-sabana-de-la-mar","27":"first","28":"instock","29":"sale","30":"sold-individually","31":"shipping-taxable","32":"product-type-external"},"_links":{"self":[{"href":"https:\/\/haitises.com\/ca\/wp-json\/wp\/v2\/product\/554","targetHints":{"allow":["GET"]}}],"collection":[{"href":"https:\/\/haitises.com\/ca\/wp-json\/wp\/v2\/product"}],"about":[{"href":"https:\/\/haitises.com\/ca\/wp-json\/wp\/v2\/types\/product"}],"wp:featuredmedia":[{"embeddable":true,"href":"https:\/\/haitises.com\/ca\/wp-json\/wp\/v2\/media\/81"}],"wp:attachment":[{"href":"https:\/\/haitises.com\/ca\/wp-json\/wp\/v2\/media?parent=554"}],"wp:term":[{"taxonomy":"product_brand","embeddable":true,"href":"https:\/\/haitises.com\/ca\/wp-json\/wp\/v2\/product_brand?post=554"},{"taxonomy":"product_cat","embeddable":true,"href":"https:\/\/haitises.com\/ca\/wp-json\/wp\/v2\/product_cat?post=554"},{"taxonomy":"product_tag","embeddable":true,"href":"https:\/\/haitises.com\/ca\/wp-json\/wp\/v2\/product_tag?post=554"}],"curies":[{"name":"wp","href":"https:\/\/api.w.org\/{rel}","templated":true}]}}