{"id":543,"date":"2020-06-14T19:18:13","date_gmt":"2020-06-14T19:18:13","guid":{"rendered":"http:\/\/haitises.com\/?post_type=product&#038;p=543"},"modified":"2024-08-22T05:45:22","modified_gmt":"2024-08-22T05:45:22","slug":"parc-nacional-els-haitises-des-del-port-de-samana","status":"publish","type":"product","link":"https:\/\/haitises.com\/ca\/private\/parc-nacional-els-haitises-des-del-port-de-samana\/","title":{"rendered":"Parc Nacional Els Haitises des del port de Saman\u00e1"},"content":{"rendered":"<div class=\"vc_row wpb_row vc_row-fluid\" ><div class=\"wpb_column vc_column_container vc_col-sm-12\"><div class=\"vc_column-inner\"><div class=\"wpb_wrapper\">\n\t<div class=\"wpb_text_column wpb_content_element\" >\n\t\t<div class=\"wpb_wrapper\">\n\t\t\t<h2>Parc Nacional dels Haitises (Badia de Saman\u00e1) des del port de Saman\u00e1<\/h2>\n<ul>\n<li>Excursi\u00f3 amb vaixell al Parc Nacional Los Haitises<br \/>\n<h3>Descripci\u00f3<\/h3>\n<p>Visiteu el parc nacional Els Haitises des del port de Saman\u00e1. Vine amb nosaltres i visita el parc nacional m\u00e9s bonic de la Rep\u00fablica Dominicana, visitant manglars, coves i la badia de Sant Lloren\u00e7, a m\u00e9s de creuar la bella badia de Samana. Despr\u00e9s tornada al port de Samana.<\/li>\n<\/ul>\n<p>Despr\u00e9s d&#039;aquesta experi\u00e8ncia, tornareu al port de Saman\u00e1.<\/p>\n<ul>\n<li>Taxes incloses<br \/>\nLa guia proporciona instrucci\u00f3 i supervisi\u00f3.<\/li>\n<li>Inclusions i exclusions<\/li>\n<\/ul>\n<h3>Inclusions<\/h3>\n<ol>\n<li>Els Haitises Tour + Coves i Pictografies<\/li>\n<li>Tots els impostos, taxes i despeses de manipulaci\u00f3.<\/li>\n<li>Impostos locals<\/li>\n<li>Begudes<\/li>\n<li>Totes les activitats<\/li>\n<li>Guia local<\/li>\n<\/ol>\n<h3>Exclusions<\/h3>\n<ol>\n<li>Propines<\/li>\n<li>Transferir<\/li>\n<li>Begudes alcoh\u00f2liques<\/li>\n<li>Dinar no incl\u00f2s, per dinar inclou triar un d&#039;aquests viatges: Els Haitises + Cayo Llevat des del port de Saman\u00e1 o Els Haitises + Cano Fondo des del port de Saman\u00e1.<\/li>\n<\/ol>\n<h3>Sortida i tornada<\/h3>\n<p>El viatger obtindr\u00e0 un punt de trobada despr\u00e9s del proc\u00e9s de reserva. Els tours comencen i acaben als nostres punts de trobada.<\/p>\n<h3>Qu\u00e8 esperar?<\/h3>\n<p>Obtingui les seves butlletes per visitar el Parc Nacional Los Haitises amb un meravell\u00f3s dinar a Ca\u00f1o Hondo i Nataci\u00f3 a les fonts naturals.<\/p>\n<p>Comen\u00e7ant des del port de Samana a bord d&#039;un pot o catamar\u00e0 amb un guia tur\u00edstic local, passem la badia de Samana al costat de Sabana de la Mar per visitar un dels parcs nacionals m\u00e9s bells de la Rep\u00fablica Dominicana. El parc nacional d&#039;Haitises.<\/p>\n<p>Visitant l\u00b4illa amb ocells al voltant. A la temporada de nidificaci\u00f3, fins i tot podem veure els pollets pelicans als nius. Entrar m\u00e9s a l&#039;illa rocosa i visitar les coves amb pictografies i petr\u00f2grafs dels pobles ind\u00edgenes.<\/p>\n<p>El recorrido, organizado por \u00abBooking Adventures\u00bb, comienza en el punto de encuentro establecido con el gu\u00eda tur\u00edstico. Ven con Booking Adventures y comienza a observar algunos manglares llenos de p\u00e1jaros, colinas onduladas de exuberante vegetaci\u00f3n y cuevas del Parque Nacional Los Haitises.<\/p>\n<p>A trav\u00e9s dels manglars i la terra a la badia oberta de Sant Lloren\u00e7, des d&#039;on pots fotografiar l&#039;agrest paisatge forestal. Mireu l&#039;aigua per veure manatis, crustacis i dofins.<\/p>\n<p>El nombre del parque nacional proviene de sus habitantes originales, los indios ta\u00ednos. En su idioma, \u00abHaitises\u00bb se traduce en tierras altas o colinas, una referencia a las empinadas formaciones geol\u00f3gicas de la costa con calizas. Avent\u00farate en el parque para explorar cuevas como la Cueva de la Arena y la Cueva de la L\u00ednea. Las cuevas en la reserva fueron utilizadas como refugio por los indios ta\u00ednos y, m\u00e1s tarde, por los piratas escondidos. Busque dibujos de indios que decoran algunas de las paredes. Despu\u00e9s de visitar el Parque Nacional Los Haitises, regresaremos al puerto de Saman\u00e1 pasando la bah\u00eda de Saman\u00e1 30 minutos.<\/p>\n<p>En cas que us agradi m\u00e9s aquest viatge, tenim aquestes opcions:<\/p>\n<p>Els Haitises + Cayo Llevat des del port de Saman\u00e1.<br \/>\nEls Haitises + Cano Fondo des del port de Saman\u00e1.<\/p>\n<h3>Qu\u00e8 hauries de portar?<\/h3>\n<ul>\n<li>Cambra<\/li>\n<li>Brots repel\u00b7lents<\/li>\n<li>crema solar<\/li>\n<li>Barret<\/li>\n<li>Pantalons c\u00f2modes<\/li>\n<li>Cal\u00e7at de senderisme per a bosc<\/li>\n<li>Sand\u00e0lies a les zones de primavera.<\/li>\n<li>Vestit nedador<\/li>\n<\/ul>\n<h3>Recollida a l&#039;hotel<\/h3>\n<p>No s\u00b4ofereix la recollida al\u00b4hotel per a aquest tour.<\/p>\n<p>Nota: Si feu la reserva dins de les 24 hores de l&#039;hora de sortida del tour\/excursi\u00f3, podem organitzar la recollida de l&#039;hotel amb c\u00e0rrecs addicionals. Quan es completi la seva compra, us enviarem informaci\u00f3 de contacte completa (n\u00famero de tel\u00e8fon, adre\u00e7a de correu electr\u00f2nic, etc.) perqu\u00e8 el nostre guia tur\u00edstic local organitzi els arranjaments de recollida.<\/p>\n<h3>Confirmaci\u00f3 d&#039;informaci\u00f3 addicional<\/h3>\n<ol>\n<li>Les butlletes s\u00f3n el Rebut despr\u00e9s de pagar aquest Tour. Podeu mostrar el pagament al tel\u00e8fon.<\/li>\n<li>El punt de trobada es rebr\u00e0 despr\u00e9s del proc\u00e9s de reserva.<\/li>\n<li>Els infants han d&#039;estar acompanyats per un adult.<\/li>\n<li>No accessible per a cadires de rodes<\/li>\n<li>Els infants han de seure a la falda<\/li>\n<li>No recomanat per a viatgers amb problemes d\u02bbesquena.<\/li>\n<li>No recomanat per a viatgers embarassades.<\/li>\n<li>Sense problemes card\u00edacs o altres afeccions m\u00e8diques greus.<\/li>\n<li>La majoria dels viatgers hi poden participar.<\/li>\n<\/ol>\n<h3>Pol\u00edtica de cancel\u00b7laci\u00f3<\/h3>\n<p>Per obtenir un reemborsament complet, cancel\u00b7leu com a m\u00ednim 24 hores abans de la data d&#039;inici de l&#039;experi\u00e8ncia.<\/p>\n<h3>Contactar-nos?<\/h3>\n<p>Booking Adventures<br \/>\nGuies tur\u00edstics locals i nacionals i serveis per a hostes<\/p>\n<p>Reserves: Tours i Excursions a Dom. Rep.<\/p>\n<p>\ud83d\udcde Tel \/ Whatsapp + 1-809-720-6035.<\/p>\n<p>\ud83d\udce9 info@bookingadventures.com.do<\/p>\n<p>Fem tours privats amb flexibilitat per Whatsapp: +18097206035.<\/p>\n\n\t\t<\/div>\n\t<\/div>\n<\/div><\/div><\/div><\/div><div class=\"vc_row wpb_row vc_row-fluid\" ><div class=\"wpb_column vc_column_container vc_col-sm-12\"><div class=\"vc_column-inner\"><div class=\"wpb_wrapper\"><div class=\"vc_empty_space\"   style=\"height: 32px\"><span class=\"vc_empty_space_inner\"><\/span><\/div>\n\t<div class=\"wpb_video_widget wpb_content_element vc_clearfix   vc_video-aspect-ratio-169 vc_video-el-width-100 vc_video-align-left\" >\n\t\t<div class=\"wpb_wrapper\">\n\t\t\t<h2 class=\"wpb_heading wpb_video_heading\">Els Haitises i M\u00e9s...<\/h2>\n\t\t\t<div class=\"wpb_video_wrapper\"><iframe loading=\"lazy\" title=\"Dominican Republic - Els Haitises caves (Tainos), Pictographs &amp; Petroglyphs\" width=\"1100\" height=\"619\" src=\"https:\/\/www.youtube.com\/embed\/o_ExYqtOlH8?feature=oembed\" frameborder=\"0\" allow=\"accelerometer; autoplay; encrypted-media; gyroscope; picture-in-picture\" allowfullscreen><\/iframe><\/div>\n\t\t<\/div>\n\t<\/div>\n<\/div><\/div><\/div><\/div>","protected":false},"excerpt":{"rendered":"<p>Viatge ecol\u00f2gic al Parc Nacional Los Haitises amb un guia local. Visitant els Cayos al Parc Nacional Els Haitises, manglars, vegetaci\u00f3, observaci\u00f3 d&#039;aus, coves, pictografies i les \u00e0rees hist\u00f2riques de Sabana de la Mar al Parc Nacional Els Haitises.<\/p>\n<p>&nbsp;<\/p>\n<p><strong>Seleccioneu la data de la vostra visita:<\/strong><\/p>","protected":false},"featured_media":225,"template":"","meta":[],"product_brand":[],"product_cat":[121,435,430,443],"product_tag":[132,133,432,142,148,143],"class_list":{"0":"post-543","1":"product","2":"type-product","3":"status-publish","4":"has-post-thumbnail","6":"product_cat-mangroves","7":"product_cat-manglares","8":"product_cat-parque-nacional-los-haitises-samana","9":"product_cat-tours-y-excursiones-es","10":"product_tag-los-haitises","11":"product_tag-los-haitises-national-park","12":"product_tag-parque-nacional-los-haitises-samana","13":"product_tag-samana","14":"product_tag-samana-excursions","15":"product_tag-samana-tours","17":"first","18":"instock","19":"sale","20":"sold-individually","21":"shipping-taxable","22":"product-type-external"},"_links":{"self":[{"href":"https:\/\/haitises.com\/ca\/wp-json\/wp\/v2\/product\/543","targetHints":{"allow":["GET"]}}],"collection":[{"href":"https:\/\/haitises.com\/ca\/wp-json\/wp\/v2\/product"}],"about":[{"href":"https:\/\/haitises.com\/ca\/wp-json\/wp\/v2\/types\/product"}],"wp:featuredmedia":[{"embeddable":true,"href":"https:\/\/haitises.com\/ca\/wp-json\/wp\/v2\/media\/225"}],"wp:attachment":[{"href":"https:\/\/haitises.com\/ca\/wp-json\/wp\/v2\/media?parent=543"}],"wp:term":[{"taxonomy":"product_brand","embeddable":true,"href":"https:\/\/haitises.com\/ca\/wp-json\/wp\/v2\/product_brand?post=543"},{"taxonomy":"product_cat","embeddable":true,"href":"https:\/\/haitises.com\/ca\/wp-json\/wp\/v2\/product_cat?post=543"},{"taxonomy":"product_tag","embeddable":true,"href":"https:\/\/haitises.com\/ca\/wp-json\/wp\/v2\/product_tag?post=543"}],"curies":[{"name":"wp","href":"https:\/\/api.w.org\/{rel}","templated":true}]}}