{"id":11700,"date":"2023-10-04T07:40:34","date_gmt":"2023-10-04T07:40:34","guid":{"rendered":"http:\/\/haitises.com\/?post_type=product&#038;p=11700"},"modified":"2024-03-28T19:42:53","modified_gmt":"2024-03-28T19:42:53","slug":"rutes-de-senderisme-a-barahona-republica-dominicana-muntanyes-cachote-fruits-tropicals-nedar","status":"publish","type":"product","link":"https:\/\/haitises.com\/ca\/private\/rutes-de-senderisme-a-barahona-republica-dominicana-muntanyes-cachote-fruits-tropicals-nedar\/","title":{"rendered":"Hiking trails in Barahona (Dominican Republic). Cachote Mountains, Tropical Fruits &amp; Swim"},"content":{"rendered":"<p><span style=\"vertical-align: inherit;\"><span style=\"vertical-align: inherit;\"><div class=\"vc_row wpb_row vc_row-fluid\" ><\/div> <div class=\"wpb_column vc_column_container vc_col-sm-12\"><div class=\"vc_column-inner\"><div class=\"wpb_wrapper\"><\/div><\/div><\/div> [mkdf_section_title title_tag = \u00ab\u00bb disable_break_words = \u00abno\u00bb subtitle_tag = \u00ab\u00bb title = \u00abRutas de senderismo en Barahona (Rep\u00fablica Dominicana).\u00bb <\/span><span style=\"vertical-align: inherit;\">subtitle = \u00abMonta\u00f1as de Cachote, frutas tropicales y nado\u00bb] [\/ vc_column] [\/ vc_row] <div class=\"vc_row wpb_row vc_row-fluid\" ><\/div> <div class=\"wpb_column vc_column_container vc_col-sm-12\"><div class=\"vc_column-inner\"><div class=\"wpb_wrapper\"><\/div><\/div><\/div> \n\t<div class=\"wpb_text_column wpb_content_element\" >\n\t\t<div class=\"wpb_wrapper\">\n\t\t\t\n\t\t<\/div>\n\t<\/div>\n<\/span><\/span><\/p>\n<h4><b><i><span style=\"vertical-align: inherit;\"><span style=\"vertical-align: inherit;\">Visi\u00f3n general<\/span><\/span><\/i><\/b><\/h4>\n<p><span style=\"vertical-align: inherit;\"><span style=\"vertical-align: inherit;\">Disfruta de un d\u00eda de caminata en la Sierra de Cachote, Barahona. <\/span><span style=\"vertical-align: inherit;\">Partiendo de Paraiso Comunity. <\/span><span style=\"vertical-align: inherit;\">Aprendiendo sobre \u00e1reas de plantaciones de caf\u00e9. <\/span><span style=\"vertical-align: inherit;\">Nadar en manantiales naturales y una de las playas m\u00e1s hermosas de Rep\u00fablica Dominicana con fotos esc\u00e9nicas.<\/span><\/span><\/p>\n<h4><b><span style=\"vertical-align: inherit;\"><span style=\"vertical-align: inherit;\">Inclusions i exclusions<\/span><\/span><\/b><\/h4>\n<p>&nbsp;<\/p>\n<p><b><span style=\"vertical-align: inherit;\"><span style=\"vertical-align: inherit;\">Inclusions<\/span><\/span><\/b><\/p>\n<ol>\n<li><span style=\"vertical-align: inherit;\"><span style=\"vertical-align: inherit;\">Gu\u00eda local con experiencia en seguridad en la zona.<\/span><\/span><\/li>\n<li><span style=\"vertical-align: inherit;\"><span style=\"vertical-align: inherit;\">Transporte privado para grupos peque\u00f1os.<\/span><\/span><\/li>\n<li><span style=\"vertical-align: inherit;\"><span style=\"vertical-align: inherit;\">Todos los impuestos, tarifas y cargos por manejo.<\/span><\/span><\/li>\n<li><span style=\"vertical-align: inherit;\"><span style=\"vertical-align: inherit;\">Recojo \/ Transporte de su hotel (zona de Barahona \/ Para\u00edso \/ Los Patos)<\/span><\/span><\/li>\n<li><span style=\"vertical-align: inherit;\"><span style=\"vertical-align: inherit;\">Gu\u00eda local que habla ingl\u00e9s o franc\u00e9s.<\/span><\/span><\/li>\n<li>Typical lunch (sandvitxos type) and a bottle of water<\/li>\n<li>Local taxes<\/li>\n<li>Hiking<\/li>\n<li>Natural Pools<\/li>\n<\/ol>\n<p><b>Exclusions<\/b><\/p>\n<ol>\n<li>Gratu\u00eftes<\/li>\n<li>All Drinks<\/li>\n<li>All services not specifically mentioned<\/li>\n<li>Personal expensos and tips<\/li>\n<\/ol>\n<h4><em><strong>Departure &amp; Return<\/strong><\/em><\/h4>\n<p>The traveler will get a meeting point after the Reservation Process. Tours start and Finish in your meeting points.<\/p>\n<p>Difficulty: Medium-Difficult<br \/>\nDurada de la dist\u00e0ncia: 5-6 hores<br \/>\nElevation: 800 metres<br \/>\nDeparture from the Hotel: 08.00 AM<br \/>\nReturn to the Hotel: 05.00 PM<\/p>\n<h2 class=\"styles__heading___mD4_3\" data-radium=\"true\">Hiking trails in Barahona (Dominican Republic). Cachote Mountains, Tropical Fruits &amp; Swim<\/h2>\n<h4><em>What To Expect?<\/em><\/h4>\n<p>Well will start this walk in the town of Ojeda, which is famous for its great production of typical caribbean fruits and vegetables. Along the way, we can taste advocats, oranges, grapefruits, lemons, guaves, mangoes, papaies, sapotes, and soursop!<\/p>\n<p>After 1 hour and half of climbing, we will reach impressive point of view of the city of Paradis, the Riosito, and the high mountains of Cachote.<\/p>\n<p>We will continue climbing in colder and more h\u00famit climat until we reach the town of Barri Nou where we will have lunch.<\/p>\n<p>A l&#039;hostal que est\u00e0 cross a magn\u00edfic caf\u00e8 farm en el top de la muntanya a 800 metres above sea level. Aquest go go down for 1 hour until we reach the Riosito gorge where we can bathe in beautiful natural pool surrounded by the tropical forest.<\/p>\n<p>Continueu dormir a Riosito valley fins al dia d&#039;arribada al Paraiso beach.<\/p>\n<h4><em><strong>What you should bring?<\/strong><\/em><\/h4>\n<ul>\n<li>Camera<\/li>\n<li>Repellent buds<\/li>\n<li>Suncream<\/li>\n<li>Water<\/li>\n<li>Hat<\/li>\n<li>Comfortable pants<\/li>\n<li>Hiking shoes for forest<\/li>\n<li>Sandals to the Spring areas.<\/li>\n<li>Swimming wear<\/li>\n<\/ul>\n<p>&nbsp;<\/p>\n<h4><b><i>Hotel Pickup<\/i><\/b><\/h4>\n<p>Hotel pick-up \u00e9s ofert per aquest tour. Pickup\/Transportation from your hotel (area of Barahona\/Paraiso\/Los Patos).<\/p>\n<p><b>Nota:<\/b> Per a vost\u00e8 booking within 24 hores de viatge\/Excursion departure time, we can arrange hotel pick-up. We just pick up in Barahona areas. Onze your purchase \u00e9s complete, we will send you complete contact information (phone number, email address, etc.) per al nostre local Tour guide to organitza pick-up arranjaments.<\/p>\n<h4><b><i>Additional Info Confirmation<\/i><\/b><\/h4>\n<ol>\n<li>Tiquets s\u00f3n el Receipt after paying this Tour. Heu fet show payment on your phone.<\/li>\n<li><span style=\"vertical-align: inherit;\"><span style=\"vertical-align: inherit;\">El punt de trobada es rebr\u00e0 despr\u00e9s del proc\u00e9s de reserva.<\/span><\/span><\/li>\n<li><span style=\"vertical-align: inherit;\"><span style=\"vertical-align: inherit;\">Els infants han d&#039;estar acompanyats per un adult.<\/span><\/span><\/li>\n<li><span style=\"vertical-align: inherit;\"><span style=\"vertical-align: inherit;\">No accessible per a cadires de rodes<\/span><\/span><\/li>\n<li><span style=\"vertical-align: inherit;\"><span style=\"vertical-align: inherit;\">Los beb\u00e9s deben sentarse en el regazo<\/span><\/span><\/li>\n<li><span style=\"vertical-align: inherit;\"><span style=\"vertical-align: inherit;\">No recomanat per a viatgers amb problemes d\u02bbesquena.<\/span><\/span><\/li>\n<li><span style=\"vertical-align: inherit;\"><span style=\"vertical-align: inherit;\">No recomendado para viajeras embarazadas.<\/span><\/span><\/li>\n<li><span style=\"vertical-align: inherit;\"><span style=\"vertical-align: inherit;\">Sin problemas card\u00edacos ni otras afecciones m\u00e9dicas graves<\/span><\/span><\/li>\n<li><span style=\"vertical-align: inherit;\"><span style=\"vertical-align: inherit;\">La mayor\u00eda de los viajeros pueden participar<\/span><\/span><\/li>\n<\/ol>\n<h4><b><i><span style=\"vertical-align: inherit;\"><span style=\"vertical-align: inherit;\">Pol\u00edtica de cancel\u00b7laci\u00f3<\/span><\/span><\/i><\/b><\/h4>\n<p><span style=\"vertical-align: inherit;\"><span style=\"vertical-align: inherit;\">Para obtener un reembolso completo, cancele al menos 72 horas antes de la fecha de inicio de la experiencia. <\/span><span style=\"vertical-align: inherit;\">Los fondos se perder\u00e1n si la reserva se cancela el mismo d\u00eda del viaje. [\/ Vc_column_text] [\/ vc_column] [\/ vc_row]<\/span><\/span><\/p>","protected":false},"excerpt":{"rendered":"<p><span style=\"vertical-align: inherit;\"><span style=\"vertical-align: inherit;\">Compre un boleto de un d\u00eda a Bah\u00eda las \u00c1guilas desde Barahona. <\/span><span style=\"vertical-align: inherit;\">Conduciendo por el parque nacional Jaragua y rumbo a Cabo Rojo, donde un bote lo espera. <\/span><span style=\"vertical-align: inherit;\">Despu\u00e9s de un viaje de 15 minutos en bote, llegar\u00e1 a la hermosa y aislada Bah\u00eda de las \u00c1guilas, considerada la playa m\u00e1s hermosa del pa\u00eds. <\/span><span style=\"vertical-align: inherit;\">El almuerzo se servir\u00e1 en la playa y tendr\u00e1 la oportunidad de nadar o simplemente relajarse en la playa. <\/span><span style=\"vertical-align: inherit;\">Disfrute de la pr\u00edstina arena blanca de esta playa de 8 km de longitud.<\/span><\/span><\/p>\n<p>&nbsp;<\/p>\n<p><strong><span style=\"vertical-align: inherit;\"><span style=\"vertical-align: inherit;\">Seleccione el d\u00eda para este viaje:<\/span><\/span><\/strong><\/p>","protected":false},"featured_media":11131,"template":"","meta":[],"product_brand":[],"product_cat":[478,135],"product_tag":[479,407,480,481],"class_list":{"0":"post-11700","1":"product","2":"type-product","3":"status-publish","4":"has-post-thumbnail","6":"product_cat-barahona","7":"product_cat-lunch","8":"product_tag-barahona-hiking","9":"product_tag-barahona-tours","10":"product_tag-cachote-tour","11":"product_tag-paraiso-tour","13":"first","14":"instock","15":"sale","16":"sold-individually","17":"shipping-taxable","18":"product-type-external"},"_links":{"self":[{"href":"https:\/\/haitises.com\/ca\/wp-json\/wp\/v2\/product\/11700","targetHints":{"allow":["GET"]}}],"collection":[{"href":"https:\/\/haitises.com\/ca\/wp-json\/wp\/v2\/product"}],"about":[{"href":"https:\/\/haitises.com\/ca\/wp-json\/wp\/v2\/types\/product"}],"wp:featuredmedia":[{"embeddable":true,"href":"https:\/\/haitises.com\/ca\/wp-json\/wp\/v2\/media\/11131"}],"wp:attachment":[{"href":"https:\/\/haitises.com\/ca\/wp-json\/wp\/v2\/media?parent=11700"}],"wp:term":[{"taxonomy":"product_brand","embeddable":true,"href":"https:\/\/haitises.com\/ca\/wp-json\/wp\/v2\/product_brand?post=11700"},{"taxonomy":"product_cat","embeddable":true,"href":"https:\/\/haitises.com\/ca\/wp-json\/wp\/v2\/product_cat?post=11700"},{"taxonomy":"product_tag","embeddable":true,"href":"https:\/\/haitises.com\/ca\/wp-json\/wp\/v2\/product_tag?post=11700"}],"curies":[{"name":"wp","href":"https:\/\/api.w.org\/{rel}","templated":true}]}}