{"id":11376,"date":"2021-08-15T20:09:01","date_gmt":"2021-08-15T20:09:01","guid":{"rendered":"http:\/\/haitises.com\/?post_type=product&#038;p=11376"},"modified":"2024-04-05T15:26:15","modified_gmt":"2024-04-05T15:26:15","slug":"hiking-trails-in-barahona-dominican-republic-cachote-mountains-tropical-fruits-swim-2","status":"publish","type":"product","link":"https:\/\/haitises.com\/ca\/private\/hiking-trails-in-barahona-dominican-republic-cachote-mountains-tropical-fruits-swim-2\/","title":{"rendered":"Hiking trails in Barahona (Dominican Republic). Cachote Mountains, Tropical Fruits &amp; Swim"},"content":{"rendered":"<div class=\"vc_row wpb_row vc_row-fluid\" ><div class=\"wpb_column vc_column_container vc_col-sm-12\"><div class=\"vc_column-inner\"><div class=\"wpb_wrapper\">[mkdf_section_title title_tag=\u00bb\u00bb disable_break_words=\u00bbno\u00bb subtitle_tag=\u00bb\u00bb title=\u00bbHiking trails in Barahona (Dominican Republic).\u00bb subtitle=\u00bbCachote Mountains, Tropical Fruits &amp; Swim\u00bb]<\/div><\/div><\/div><\/div><div class=\"vc_row wpb_row vc_row-fluid\" ><div class=\"wpb_column vc_column_container vc_col-sm-12\"><div class=\"vc_column-inner\"><div class=\"wpb_wrapper\">\n\t<div class=\"wpb_text_column wpb_content_element\" >\n\t\t<div class=\"wpb_wrapper\">\n\t\t\t<h4><b><i>Overview<\/i><\/b><\/h4>\n<p>Enjoy a dia hiking in the Mountains of Cachote, Barahona. Starting from Paraiso Comunity. Learning about coffee plantation areas. Swimming in Natural springs and one of the bridge beautiful beach in the Dominican Republic with scenic photos.<\/p>\n<h4><b>Inclusions &amp; Exclusions<\/b><\/h4>\n<p>&nbsp;<\/p>\n<p><b>Inclusions<\/b><\/p>\n<ol>\n<li>Local Guide with Safety experience in the area.<\/li>\n<li>Private transportation for small groups<\/li>\n<li>All taxes, fees, and handling charges<\/li>\n<li>Pick up \/ Transportation from your hotel (Barahona \/ Parad\u00eds \/ Los Patos area)<\/li>\n<li>Local guia who speaks English or French<\/li>\n<li>Typical lunch (sandvitxos type) and a bottle of water<\/li>\n<li>Local taxes<\/li>\n<li>Hiking<\/li>\n<li>Natural Pools<\/li>\n<\/ol>\n<p><b>Exclusions<\/b><\/p>\n<ol>\n<li>Gratu\u00eftes<\/li>\n<li>All Drinks<\/li>\n<li>All services not specifically mentioned<\/li>\n<li>Personal expensos and tips<\/li>\n<\/ol>\n<h4><em><strong>Departure &amp; Return<\/strong><\/em><\/h4>\n<p>The traveler will get a meeting point after the Reservation Process. Tours start and Finish in your meeting points.<\/p>\n<p>Difficulty: Medium-Difficult<br \/>\nDurada de la dist\u00e0ncia: 5-6 hores<br \/>\nElevation: 800 metres<br \/>\nDeparture from the Hotel: 08.00 AM<br \/>\nReturn to the Hotel: 05.00 PM<\/p>\n<h2 class=\"styles__heading___mD4_3\" data-radium=\"true\">Hiking trails in Barahona (Dominican Republic). Cachote Mountains, Tropical Fruits &amp; Swim<\/h2>\n<h4><em>What To Expect?<\/em><\/h4>\n<p>Well will start this walk in the town of Ojeda, which is famous for its great production of typical caribbean fruits and vegetables. Along the way, we can taste advocats, oranges, grapefruits, lemons, guaves, mangoes, papaies, sapotes, and soursop!<\/p>\n<p>After 1 hour and half of climbing, we will reach impressive point of view of the city of Paradis, the Riosito, and the high mountains of Cachote.<\/p>\n<p>We will continue climbing in colder and more h\u00famit climat until we reach the town of Barri Nou where we will have lunch.<\/p>\n<p>A l&#039;hostal que est\u00e0 cross a magn\u00edfic caf\u00e8 farm en el top de la muntanya a 800 metres above sea level. Aquest go go down for 1 hour until we reach the Riosito gorge where we can bathe in beautiful natural pool surrounded by the tropical forest.<\/p>\n<p>Continueu dormir a Riosito valley fins al dia d&#039;arribada al Paraiso beach.<\/p>\n<h4><em><strong>What you should bring?<\/strong><\/em><\/h4>\n<ul>\n<li>Camera<\/li>\n<li>Repellent buds<\/li>\n<li>Suncream<\/li>\n<li>Water<\/li>\n<li>Hat<\/li>\n<li>Comfortable pants<\/li>\n<li>Hiking shoes for forest<\/li>\n<li>Sandals to the Spring areas.<\/li>\n<li>Swimming wear<\/li>\n<\/ul>\n<p>&nbsp;<\/p>\n<h4><b><i>Hotel Pickup<\/i><\/b><\/h4>\n<p>Hotel pick-up \u00e9s ofert per aquest tour. Pickup\/Transportation from your hotel (area of Barahona\/Paraiso\/Los Patos).<\/p>\n<p><b>Nota:<\/b> Per a vost\u00e8 booking within 24 hores de viatge\/Excursion departure time, we can arrange hotel pick-up. We just pick up in Barahona areas. Onze your purchase \u00e9s complete, we will send you complete contact information (phone number, email address, etc.) per al nostre local Tour guide to organitza pick-up arranjaments.<\/p>\n<h4><b><i>Additional Info Confirmation<\/i><\/b><\/h4>\n<ol>\n<li>Tiquets s\u00f3n el Receipt after paying this Tour. Heu fet show payment on your phone.<\/li>\n<li>Meeting Point Will be received After the Reservation Process.<\/li>\n<li>Children must be accompanied by an adult.<\/li>\n<li>Not wheelchair accessible<\/li>\n<li>Infants must sit on laps<\/li>\n<li>No recomaneu for travelers with back problems<\/li>\n<li>Not recomeneu for pregnant travelers<\/li>\n<li>No heart problems or other serious medical conditions<\/li>\n<li>Most travelers can participate<\/li>\n<\/ol>\n<h4><b><i>Cancellation Policy<\/i><\/b><\/h4>\n<p>Per full refund, cancel\u00b7leu fins a 72 hores a l&#039;hora de la data d&#039;arribada. Funds s\u00f3n sense reservaci\u00f3 que es cancel\u00b7len el dia de l&#039;estada.<\/p>\n\n\t\t<\/div>\n\t<\/div>\n<\/div><\/div><\/div><\/div>","protected":false},"excerpt":{"rendered":"<p>Vaig a Day Pass Tickets to Bahia les Aguiles from Barahona. Driving through the national park Jaragua and heading to Cabo Rojo, where a boat awaits you. After a 15-minute ride with the boat, vost\u00e8 va reeixir a la beautiful and isolated Badia de les \u00c0guiles, que \u00e9s considerat com a most a la beautiful beach in the country. Lunch will be served at the beach and you have the chance to go swimming or just relax on the beach. Enjoy the pristine white sand of this 8 km long beach.<\/p>\n<p>&nbsp;<\/p>\n<p><strong>Select the day for this trip:<\/strong><\/p>","protected":false},"featured_media":11170,"template":"","meta":[],"product_brand":[],"product_cat":[478,135],"product_tag":[479,407,480,481],"class_list":{"0":"post-11376","1":"product","2":"type-product","3":"status-publish","4":"has-post-thumbnail","6":"product_cat-barahona","7":"product_cat-lunch","8":"product_tag-barahona-hiking","9":"product_tag-barahona-tours","10":"product_tag-cachote-tour","11":"product_tag-paraiso-tour","13":"first","14":"instock","15":"sale","16":"sold-individually","17":"shipping-taxable","18":"product-type-external"},"_links":{"self":[{"href":"https:\/\/haitises.com\/ca\/wp-json\/wp\/v2\/product\/11376","targetHints":{"allow":["GET"]}}],"collection":[{"href":"https:\/\/haitises.com\/ca\/wp-json\/wp\/v2\/product"}],"about":[{"href":"https:\/\/haitises.com\/ca\/wp-json\/wp\/v2\/types\/product"}],"wp:featuredmedia":[{"embeddable":true,"href":"https:\/\/haitises.com\/ca\/wp-json\/wp\/v2\/media\/11170"}],"wp:attachment":[{"href":"https:\/\/haitises.com\/ca\/wp-json\/wp\/v2\/media?parent=11376"}],"wp:term":[{"taxonomy":"product_brand","embeddable":true,"href":"https:\/\/haitises.com\/ca\/wp-json\/wp\/v2\/product_brand?post=11376"},{"taxonomy":"product_cat","embeddable":true,"href":"https:\/\/haitises.com\/ca\/wp-json\/wp\/v2\/product_cat?post=11376"},{"taxonomy":"product_tag","embeddable":true,"href":"https:\/\/haitises.com\/ca\/wp-json\/wp\/v2\/product_tag?post=11376"}],"curies":[{"name":"wp","href":"https:\/\/api.w.org\/{rel}","templated":true}]}}