{"id":11358,"date":"2021-08-15T20:08:48","date_gmt":"2021-08-15T20:08:48","guid":{"rendered":"http:\/\/haitises.com\/?post_type=product&#038;p=11358"},"modified":"2024-04-06T19:14:57","modified_gmt":"2024-04-06T19:14:57","slug":"private-tour-to-los-haitises-national-park-from-samana-port-bacardi-island-cayo-levantado-2","status":"publish","type":"product","link":"https:\/\/haitises.com\/ca\/private\/private-tour-to-los-haitises-national-park-from-samana-port-bacardi-island-cayo-levantado-2\/","title":{"rendered":"Private Tour to Els Haitises National Park from Saman\u00e1 Port + Bacardi Island (Cayo Llevat)"},"content":{"rendered":"<div class=\"vc_row wpb_row vc_row-fluid\" ><div class=\"wpb_column vc_column_container vc_col-sm-12\"><div class=\"vc_column-inner\"><div class=\"wpb_wrapper\">[mkdf_section_title title_tag=\u00bb\u00bb disable_break_words=\u00bbno\u00bb subtitle_tag=\u00bb\u00bb title=\u00bbLos Haitises National Park Boat Tour + Cayo Levantado Island\u00bb subtitle=\u00bbEco Tours with Locals\u00bb]<\/div><\/div><\/div><\/div><div class=\"vc_row wpb_row vc_row-fluid\" ><div class=\"wpb_column vc_column_container vc_col-sm-12\"><div class=\"vc_column-inner\"><div class=\"wpb_wrapper\">\n\t<div class=\"wpb_text_column wpb_content_element\" >\n\t\t<div class=\"wpb_wrapper\">\n\t\t\t<h4><\/h4>\n<h2>Els Haitises National Park Tour from Saman\u00e1 Port + Bacardi Island (Cayo Llevat)<\/h2>\n<h4><b><i>Overview <\/i><\/b><\/h4>\n<p>Els Haitises National park starting from Samana Port plus Lunch at Bacardi Island. Come s&#039;us i visit el most beautiful national park of Dominican Republic, Visita Mangroves, Caves and San Lorenzo Bay plus crossing the gorgeous Saman\u00e1 bay. Hist\u00f2ria Back to Saman\u00e1 area a Visit Bacardi island, t\u00e9 lunch at beach and Swimming in one of the most pretty beach in Saman\u00e1 Bay.<\/p>\n<p>After this experience, vost\u00e8 pot obtenir Back to Saman\u00e1 port.<\/p>\n<ul>\n<li style=\"font-weight: 400;\">Fees included<\/li>\n<li>Lunch at Bacardi island included<\/li>\n<li style=\"font-weight: 400;\"><span style=\"font-weight: 400;\">The guide provides instruction and Supervision<\/span><\/li>\n<\/ul>\n<p>&nbsp;<\/p>\n<h4><b>Inclusions &amp; Exclusions<\/b><\/h4>\n<p><b>Inclusions<\/b><\/p>\n<ol>\n<li style=\"font-weight: 400;\">Els Haitises Tour + Caves and Pictographs<\/li>\n<li>Lunch at Cayo Aixecat ( Bacardi Island) if you will like similar tour: Els Haitises + Ca\u00f1o Fondo<\/li>\n<li style=\"font-weight: 400;\"><span style=\"font-weight: 400;\">All taxes, fees and handling charges<\/span><\/li>\n<li style=\"font-weight: 400;\"><span style=\"font-weight: 400;\">Local taxes<\/span><\/li>\n<li style=\"font-weight: 400;\"><span style=\"font-weight: 400;\">Beverages<\/span><\/li>\n<li style=\"font-weight: 400;\"><span style=\"font-weight: 400;\">All activities<\/span><\/li>\n<li style=\"font-weight: 400;\"><span style=\"font-weight: 400;\">Local guide<\/span><\/li>\n<\/ol>\n<p><b> Exclusions<\/b><\/p>\n<ol>\n<li style=\"font-weight: 400;\"><span style=\"font-weight: 400;\">Gratu\u00eftes<\/span><\/li>\n<li style=\"font-weight: 400;\"><span style=\"font-weight: 400;\">Transfer<\/span><\/li>\n<li style=\"font-weight: 400;\"><span style=\"font-weight: 400;\">Alcoholic Drinks<\/span><\/li>\n<\/ol>\n<p>&nbsp;<\/p>\n<h4><em><strong>Departure &amp; Return<\/strong><\/em><\/h4>\n<p><span style=\"font-weight: 400;\">The traveler will get a meeting point after the Reservation Process. Tours start and Finish in our meeting points.<\/span><\/p>\n<p>&nbsp;<\/p>\n<h2>Els Haitises National Park Tour from Saman\u00e1 Port mes Bacardi Island (Cayo Llevat)<\/h2>\n<h4><b><i>What To Expect?<\/i><\/b><\/h4>\n<p><b><i>V<\/i><\/b>isiting<strong> Els Haitises National Park<\/strong> with wonderful lunch at<strong> Cayo Llevat island<\/strong> and Swimming at the beach. Starting <strong>from Saman\u00e1 port<\/strong> onboard de Boat or Catamaran s local tour guide we pass Saman\u00e1 bay to Sabana de la Mar side per visitar un most most a national parks of the Dominican Republic. <em><strong>The Haitises National Park<\/strong><\/em>.<\/p>\n<p>The tour, organized by \u00abBooking Adventures\u00bb starts at the meeting point set with the Tour Guide. Come with Booking Adventures and start checking some bird-filled mangroves, rolling hills of lush vegetation and caves of <em><strong>Els Haitises National Park<\/strong><\/em>. Visiting Island with birds around. In the nesting season, we can even see the Pelecanos chicks on the nests. See more inside of the Rocky Islands and visiting the Caves with pictographs and petrographs from the indigenous people.<\/p>\n<p>Pomocou mangroves i Land at the open San Lorenzo Bay, from where you can photograph rugged forest landscape. Look to the water to spot <em><strong>Manatees<\/strong><\/em>, crustaceans, and <em><strong>dolphins.<\/strong><\/em><\/p>\n<h2><strong>Caves in Els Haitises National Park<\/strong><\/h2>\n<div class=\"body-description secondary\">\n<p>The national park&#039;s name comes from its original inhabitants, the Taino Indians. In their language \u201cHaitises\u201d translates to highlands or Hills, a refer\u00e9ncia al the coastline&#039;s steep geological formations with Limestones. Adventure deeper into the park to explore caves such as the <em><strong>Cova de l&#039;Arena<\/strong><\/em> and <strong><em>Cova de la L\u00ednia.<\/em><\/strong><\/p>\n<p>Caves in the reserve were used as shelter by the Taino Indians and, later, by hiding pirates. Look for drawings by Indians that decorate some of the walls. After visiting Els Haitises National Park we will go back to Saman\u00e1 port passing Saman\u00e1 bay 30 min and visiting Bacardi island. We will have a typical lunch on the island. If you are veguen no worries we also have food for you!<\/p>\n<p>After swimming full afternoon and chilling on the beach our tour guide will set time to go back to Saman\u00e1 port.<\/p>\n<\/div>\n<p>In Case you will like this trip longer or Shorter we have these options:<\/p>\n<ol>\n<li>Just Els Haitises from Saman\u00e1 Port.<\/li>\n<li>Els Haitises + Ca\u00f1o Fondo from Saman\u00e1 Port.<\/li>\n<\/ol>\n<p>&nbsp;<\/p>\n<h4><em><strong>What you should bring?<\/strong><\/em><\/h4>\n<ul>\n<li style=\"font-weight: 400;\"><span style=\"font-weight: 400;\">Camera<\/span><\/li>\n<li style=\"font-weight: 400;\"><span style=\"font-weight: 400;\">Repellent buds<\/span><\/li>\n<li style=\"font-weight: 400;\"><span style=\"font-weight: 400;\">Suncream<\/span><\/li>\n<li style=\"font-weight: 400;\"><span style=\"font-weight: 400;\">Hat<\/span><\/li>\n<li style=\"font-weight: 400;\"><span style=\"font-weight: 400;\">Comfortable pants<\/span><\/li>\n<li style=\"font-weight: 400;\"><span style=\"font-weight: 400;\">Hiking shoes for forest<\/span><\/li>\n<li style=\"font-weight: 400;\"><span style=\"font-weight: 400;\">Sandals to the Spring areas.<\/span><\/li>\n<li style=\"font-weight: 400;\"><span style=\"font-weight: 400;\">Swimming wear<\/span><\/li>\n<\/ul>\n<p>&nbsp;<\/p>\n<h4><b><i>Hotel Pickup <\/i><\/b><\/h4>\n<p><span style=\"font-weight: 400;\">Hotel pick-up no est\u00e0 ofert per aquest tour. <\/span><\/p>\n<p>&nbsp;<\/p>\n<p><b>Nota:<\/b><span style=\"font-weight: 400;\"> Per a vost\u00e8 booking within 24 hores de tour\/Excursion departure time, we can arrangements hotel pick-up with extra Charges. Onze your purchase \u00e9s complete, we will send you complete contact information (phone number, email address, etc.) per al nostre local Tour guide to organitza pick-up arranjaments.<\/span><\/p>\n<h4><b><i>Additional Info Confirmation <\/i><\/b><\/h4>\n<ol>\n<li>Tiquets s\u00f3n el Receipt after paying this Tour. Heu fet show payment on your phone.<\/li>\n<li style=\"font-weight: 400;\"><span style=\"font-weight: 400;\">Meeting Point Will be received After the Reservation Process.<\/span><\/li>\n<li style=\"font-weight: 400;\"><span style=\"font-weight: 400;\">Children must be accompanied by an adult.<\/span><\/li>\n<li style=\"font-weight: 400;\"><span style=\"font-weight: 400;\"> Not wheelchair accessible <\/span><\/li>\n<li style=\"font-weight: 400;\"><span style=\"font-weight: 400;\">Infants must sit on laps <\/span><\/li>\n<li style=\"font-weight: 400;\"><span style=\"font-weight: 400;\">No recomaneu for travelers with back problems<\/span><\/li>\n<li style=\"font-weight: 400;\"><span style=\"font-weight: 400;\">Not recomeneu for pregnant travelers <\/span><\/li>\n<li style=\"font-weight: 400;\"><span style=\"font-weight: 400;\"> No heart problems or other serious medical conditions <\/span><\/li>\n<li style=\"font-weight: 400;\"><span style=\"font-weight: 400;\">Most travelers can participate<\/span><\/li>\n<\/ol>\n<h4><b><i>Cancellation Policy<\/i><\/b><\/h4>\n<p><span style=\"font-weight: 400;\">Per full refund, cancel\u00b7leu les 24 hores abans de la data d&#039;arribada. Funds s\u00f3n sense reservaci\u00f3 que es cancel\u00b7len el dia de l&#039;estada.<\/span><\/p>\n\n\t\t<\/div>\n\t<\/div>\n\n\t<div class=\"wpb_video_widget wpb_content_element vc_clearfix   vc_video-aspect-ratio-169 vc_video-el-width-100 vc_video-align-left\" >\n\t\t<div class=\"wpb_wrapper\">\n\t\t\t<h2 class=\"wpb_heading wpb_video_heading\">Els Haitises National Park<\/h2>\n\t\t\t<div class=\"wpb_video_wrapper\"><iframe loading=\"lazy\" title=\"Els Haitises National park Tours &amp; Excursions\" width=\"1100\" height=\"619\" src=\"https:\/\/www.youtube.com\/embed\/vMI4Ou81cd4?feature=oembed\" frameborder=\"0\" allow=\"accelerometer; autoplay; clipboard-write; encrypted-media; gyroscope; picture-in-picture\" allowfullscreen><\/iframe><\/div>\n\t\t<\/div>\n\t<\/div>\n<\/div><\/div><\/div><\/div><div class=\"vc_row wpb_row vc_row-fluid\" ><div class=\"wpb_column vc_column_container vc_col-sm-12\"><div class=\"vc_column-inner\"><div class=\"wpb_wrapper\"><div class=\"vc_empty_space\"   style=\"height: 32px\"><span class=\"vc_empty_space_inner\"><\/span><\/div>\n\t<div class=\"wpb_text_column wpb_content_element\" >\n\t\t<div class=\"wpb_wrapper\">\n\t\t\t<h4>Contact us?<\/h4>\n<h5>Booking Adventures<\/h5>\n<p><em><strong>Locals<\/strong>\u00a0and\u00a0<strong>Nationals<\/strong>\u00a0Tour Guides &amp; Guest Services<\/em><\/p>\n<p><span class=\"text-turquoise\">Reservations:<\/span>\u00a0Tours &amp; Excursions in Dom. Rep.<\/p>\n<p><img decoding=\"async\" class=\"emoji\" draggable=\"false\" src=\"https:\/\/s.w.org\/images\/core\/emoji\/11.2.0\/svg\/1f4de.svg\" alt=\"\ud83d\udcde\" title=\"\">\u00a0Tel \/ Whatsapp\u00a0\u00a0<a href=\"tel:+1-809-720-6035\">+1-809-720-6035<\/a>.<\/p>\n<p><img decoding=\"async\" class=\"emoji\" draggable=\"false\" src=\"https:\/\/s.w.org\/images\/core\/emoji\/11.2.0\/svg\/1f4e9.svg\" alt=\"\ud83d\udce9\" title=\"\">\u00a0<a href=\"mailto:info@bookingadventures.com.do\">info@bookingadventures.com.do<\/a><\/p>\n<p><strong>We are Flexible Setting Private Tours by Whatsapp:\u00a0<a href=\"tel:+18097206035\">+18097206035.<\/a><\/strong><\/p>\n\n\t\t<\/div>\n\t<\/div>\n<div class=\"vc_empty_space\"   style=\"height: 32px\"><span class=\"vc_empty_space_inner\"><\/span><\/div><\/div><\/div><\/div><\/div><div class=\"vc_row wpb_row vc_row-fluid\" ><div class=\"wpb_column vc_column_container vc_col-sm-12\"><div class=\"vc_column-inner\"><div class=\"wpb_wrapper\">[mkdf_section_title title_tag=\u00bb\u00bb disable_break_words=\u00bbno\u00bb subtitle_tag=\u00bb\u00bb title=\u00bbLos Haitises and Cayo Levantado Samana Tour\u00bb subtitle=\u00bbFrom Samana Port\u00bb]<div class=\"vc_empty_space\"   style=\"height: 32px\"><span class=\"vc_empty_space_inner\"><\/span><\/div><\/div><\/div><\/div><\/div><div class=\"vc_row wpb_row vc_row-fluid\" ><div class=\"wpb_column vc_column_container vc_col-sm-12\"><div class=\"vc_column-inner\"><div class=\"wpb_wrapper\"><div class=\"woocommerce columns-4\"><\/div><\/div><\/div><\/div><\/div>","protected":false},"excerpt":{"rendered":"<p>Excursions als Haitises i Cayo aixecat, Ecological Trip als Haitises National Park with Local Tour guide. Visiting the Cays als National Park Els Haitises, Mangroves, Vegetation, Birding, Caves, Pictographs i les \u00e0rees hist\u00f2rics de Sabana de la Mar als National Park Els Haitises. After Els Haitises we have Lunch at Bacardi Island Beach. Book now Els Haitises National Park Tour from Saman\u00e1 Port + Bacardi Island (Cayo Levantado) with us.<\/p>\n<p>&nbsp;<\/p>\n<p><strong>Si us plau Select the date for The Tour :<\/strong><\/p>","protected":false},"featured_media":11365,"template":"","meta":[],"product_brand":[],"product_cat":[123,124],"product_tag":[137,205,180,125,206,139,163,129,207,208,132,209,210,211,212,133,213,214,215,216,217,218,190,219,114,142,148,143,220],"class_list":{"0":"post-11358","1":"product","2":"type-product","3":"status-publish","4":"has-post-thumbnail","6":"product_cat-tours-excursions-los-haitises-national-park","7":"product_cat-tours-excursions-samana-bay-dominican-republic","8":"product_tag-bacardi-island","9":"product_tag-bacardi-island-tours","10":"product_tag-birdwatching","11":"product_tag-boat-tour","12":"product_tag-caves-los-haitises","13":"product_tag-cayo-levantado","14":"product_tag-cayo-levantado-tour","15":"product_tag-eco-tours","16":"product_tag-excursiones-a-los-haitises-y-cayo-levantado","17":"product_tag-haitises-park-and-cayo-levantado-island","18":"product_tag-los-haitises","19":"product_tag-los-haitises-excursiones","20":"product_tag-los-haitises-excursions","21":"product_tag-los-haitises-mapa","22":"product_tag-los-haitises-mas-cayo-levantado","23":"product_tag-los-haitises-national-park","24":"product_tag-los-haitises-national-park-map","25":"product_tag-los-haitises-national-park-mas-cayo-levantado","26":"product_tag-los-haitises-national-park-tour-from-las-terrenas","27":"product_tag-los-haitises-national-park-tour-from-samana-port-bacardi-island-cayo-levantado","28":"product_tag-los-haitises-national-park-tour-from-santo-domingo","29":"product_tag-los-haitises-park-tour-cayo-levantado-island","30":"product_tag-los-haitises-samana","31":"product_tag-los-haitises-y-cayo-levantado","32":"product_tag-sabana-de-la-mar","33":"product_tag-samana","34":"product_tag-samana-excursions","35":"product_tag-samana-tours","36":"product_tag-tour-los-haitises-national-park-cayo-levantado","38":"first","39":"instock","40":"sale","41":"sold-individually","42":"shipping-taxable","43":"product-type-external"},"_links":{"self":[{"href":"https:\/\/haitises.com\/ca\/wp-json\/wp\/v2\/product\/11358","targetHints":{"allow":["GET"]}}],"collection":[{"href":"https:\/\/haitises.com\/ca\/wp-json\/wp\/v2\/product"}],"about":[{"href":"https:\/\/haitises.com\/ca\/wp-json\/wp\/v2\/types\/product"}],"wp:featuredmedia":[{"embeddable":true,"href":"https:\/\/haitises.com\/ca\/wp-json\/wp\/v2\/media\/11365"}],"wp:attachment":[{"href":"https:\/\/haitises.com\/ca\/wp-json\/wp\/v2\/media?parent=11358"}],"wp:term":[{"taxonomy":"product_brand","embeddable":true,"href":"https:\/\/haitises.com\/ca\/wp-json\/wp\/v2\/product_brand?post=11358"},{"taxonomy":"product_cat","embeddable":true,"href":"https:\/\/haitises.com\/ca\/wp-json\/wp\/v2\/product_cat?post=11358"},{"taxonomy":"product_tag","embeddable":true,"href":"https:\/\/haitises.com\/ca\/wp-json\/wp\/v2\/product_tag?post=11358"}],"curies":[{"name":"wp","href":"https:\/\/api.w.org\/{rel}","templated":true}]}}