{"id":551,"date":"2020-06-19T20:10:32","date_gmt":"2020-06-19T20:10:32","guid":{"rendered":"http:\/\/haitises.com\/?post_type=product&#038;p=551"},"modified":"2023-10-14T21:50:12","modified_gmt":"2023-10-14T21:50:12","slug":"excursion-al-los-haitises-y-cano-hondo-desde-samana","status":"publish","type":"product","link":"https:\/\/haitises.com\/bs_ba\/privatni\/excursion-al-los-haitises-y-cano-hondo-desde-samana\/","title":{"rendered":"Izlet u Los Haitises i Ca\u00f1o Hondo iz Samane"},"content":{"rendered":"<div class=\"vc_row wpb_row vc_row-fluid\" ><div class=\"wpb_column vc_column_container vc_col-sm-12\"><div class=\"vc_column-inner\"><div class=\"wpb_wrapper\">[mkdf_section_title subtitle_tag=\u00bb\u00bb subtitle=\u00bbAlmuerzo y Nataci\u00f3n en Piscinas Naturales\u00bb]<\/div><\/div><\/div><\/div><div class=\"vc_row wpb_row vc_row-fluid\" ><div class=\"wpb_column vc_column_container vc_col-sm-12\"><div class=\"vc_column-inner\"><div class=\"wpb_wrapper\">\n\t<div class=\"wpb_text_column wpb_content_element\" >\n\t\t<div class=\"wpb_wrapper\">\n\t\t\t<h2>Nacionalni park Los Haitises + ru\u010dak u Cano Hondou iz luke Samana.<\/h2>\n<h3><em>Opis<\/em><\/h3>\n<p>Nacionalni park Los Haitises po\u010dev\u0161i od luke Saman\u00e1 plus prekrasan ru\u010dak i kupanje u prirodnim izvorima u Ca\u00f1o Hondo Ecolodge. Po\u0111ite s nama i posjetite najljep\u0161i nacionalni park u Dominikanskoj Republici, obi\u0111ite mangrove, \u0161pilje i zaljev San Lorenzo, kao i pre\u0161av\u0161i prelijepi zaljev Saman\u00e1. Nakon ru\u010dka u Ca\u00f1o Hondo, imat \u0107ete priliku plivati u prirodnim bazenima nekoliko sati, a zatim se vratiti u luku Samana.<\/p>\n<p>Nakon ovog iskustva, vratit \u0107ete se u luku Saman\u00e1.<\/p>\n<ul>\n<li>Porezi uklju\u010deni<\/li>\n<li>Vodi\u010d pru\u017ea upute i nadzor.<\/li>\n<\/ul>\n<h3>Uklju\u010divanja i isklju\u010denja<\/h3>\n<h4>Inkluzije<\/h4>\n<ol>\n<li>Obilazak Los Haitisesa + pe\u0107ine i slike<\/li>\n<li>Ru\u010dak u Ca\u00f1o Hondo<\/li>\n<li>Kupajte se u prirodnim bazenima<\/li>\n<li>Svi porezi, naknade i manipulativni tro\u0161kovi.<\/li>\n<li>Lokalne takse<\/li>\n<li>Pi\u0107e<\/li>\n<li>Sve aktivnosti<\/li>\n<li>Lokalni vodi\u010d<\/li>\n<\/ol>\n<h4>Isklju\u010denja<\/h4>\n<ol>\n<li>Savjeti<\/li>\n<li>Transfer<\/li>\n<li>Alkoholna pi\u0107a<\/li>\n<\/ol>\n<h3><em>Polazak i povratak<\/em><\/h3>\n<p>Putnik \u0107e dobiti mjesto sastanka nakon procesa rezervacije. Ture po\u010dinju i zavr\u0161avaju na na\u0161im mjestima okupljanja.<\/p>\n<h3><em>\u0160ta o\u010dekivati?<\/em><\/h3>\n<p>Nabavite karte za posjet nacionalnom parku Los Haitises uz prekrasan ru\u010dak u Ca\u00f1o Hondo i kupanje u prirodnim bazenima.<\/p>\n<p>Polaze\u0107i od luke Saman\u00e1 na brodu ili katamaranu s lokalnim turisti\u010dkim vodi\u010dem, prolazimo zaljevom Saman\u00e1 pored Sabana de la Mar kako bismo posjetili jedan od najljep\u0161ih nacionalnih parkova u Dominikanskoj Republici.<\/p>\n<h5>Nacionalni park Los Haitises.<\/h5>\n<p>Obilazak ostrva sa pticama u blizini. U sezoni gnije\u017e\u0111enja mo\u017eemo vidjeti \u010dak i pili\u0107e pelikana u gnijezdima. U\u0111ite dublje u stjenovita ostrva i posjetite pe\u0107ine sa piktogramima i petroglifima autohtonog naroda.<\/p>\n<p>El recorrido, organizado por \u00abBooking Adventures\u00bb, comienza en el punto de encuentro establecido con el gu\u00eda tur\u00edstico. Ven con Booking Adventures y comienza a observar algunos manglares llenos de aves, colinas onduladas de exuberante vegetaci\u00f3n y cuevas del Parque Nacional Los Haitises.<\/p>\n<p>El nombre del parque nacional proviene de sus habitantes originales, los indios ta\u00ednos. En su idioma, \u00abHaitises\u00bb se traduce a tierras altas o colinas, una referencia a las empinadas formaciones geol\u00f3gicas de la costa con calizas. Avent\u00farate en el parque para explorar cuevas como la Cueva de la Arena y la Cueva de la L\u00ednea.<\/p>\n<p>Pe\u0107ine u rezervatu koristili su kao skloni\u0161te Indijanci Ta\u00edno, a kasnije i skriveni pirati. Potra\u017eite crte\u017ee Indijanaca koji ukra\u0161avaju neke od zidova.<\/p>\n<p>Nakon obilaska Nacionalnog parka Los Haitises idemo u Cano Hondo. U Cano Hondou \u0107ete nau\u010diti o ovoj ekolo\u0161koj istoriji i ru\u010dati uz tipi\u010dnu hranu zajednice Sabana de la mar.<\/p>\n<p>Ru\u010dak \u0107e biti ukusan, ali nismo jo\u0161 gotovi. Nakon ru\u010dka, kupat \u0107emo se u prirodnim bazenima od rijeke Jibales, rijeke do rijeke Ca\u00f1o Hondo. Zadr\u017eavaju\u0107i se u Ca\u00f1o Hondo do 16:00 sati i vra\u0107aju\u0107i se u luku Saman\u00e1, ponovo \u0107emo pro\u0107i kroz mangrove i sti\u0107i u otvoreni zaljev San Lorenzo, odakle mo\u017eete fotografisati neravni \u0161umski pejza\u017e. Pogledajte u vodu da vidite morske krave, rakove i delfine.<\/p>\n<p>Do sada \u0107ete se smjestiti sa turisti\u010dkim vodi\u010dem i nakon toga oti\u0107i do luke Cano Hondo i vratiti se \u010damcem do luke Saman\u00e1 prolaze\u0107i 30 minuta zaljevom Saman\u00e1.<\/p>\n<p>U slu\u010daju da vam se ovo putovanje vi\u0161e svi\u0111a, imamo sljede\u0107e opcije:<\/p>\n<p>Los Haitises + Cayo Levantado iz luke Samana.<\/p>\n<h3><em>\u0160ta treba da ponesete?<\/em><\/h3>\n<ul>\n<li>Kamera<\/li>\n<li>Repelenti<\/li>\n<li>krema za sun\u010danje<\/li>\n<li>\u0160e\u0161ir<\/li>\n<li>Udobne pantalone<\/li>\n<li>\u0160umske planinarske cipele<\/li>\n<li>Sandale za prole\u0107na podru\u010dja.<\/li>\n<li>Kupa\u0107i kostim<\/li>\n<\/ul>\n<h3><em>Preuzimanje hotela<\/em><\/h3>\n<p>Prijevoz u hotel nije u ponudi za ovaj obilazak.<\/p>\n<p><strong>Bilje\u0161ka:<\/strong> Ako rezervi\u0161ete u roku od 24 sata od vremena polaska na izlet\/izlet, mo\u017eemo organizovati preuzimanje u hotelu uz dodatne tro\u0161kove. Nakon \u0161to va\u0161a kupovina bude zavr\u0161ena, poslat \u0107emo vam potpune kontakt informacije (broj telefona, e-mail adresu, itd.) za na\u0161eg lokalnog turisti\u010dkog vodi\u010da da dogovori aran\u017emane za preuzimanje.<\/p>\n<h3>Potvrda dodatnih informacija<\/h3>\n<ol>\n<li>Ulaznice su ra\u010dun nakon uplate za ovu turneju. Uplatu mo\u017eete prikazati na svom telefonu.<\/li>\n<li>Mjesto sastanka \u0107e biti primljeno nakon procesa rezervacije.<\/li>\n<li>Djeca moraju biti u pratnji odrasle osobe.<\/li>\n<li>Nije pristupa\u010dno za invalidska kolica<\/li>\n<li>Dojen\u010dad bi trebala sjediti u dje\u010djim sjedi\u0161tima ili sa odraslom osobom<\/li>\n<li>Ne preporu\u010duje se putnicima sa problemima sa le\u0111ima.<\/li>\n<li>Ne preporu\u010duje se trudnicama.<\/li>\n<li>Nema problema sa srcem ili drugih ozbiljnih zdravstvenih stanja.<\/li>\n<li>Ve\u0107ina putnika mo\u017ee u\u010destvovati.<\/li>\n<\/ol>\n<h3><em>Politika otkazivanja<\/em><\/h3>\n<p>Za puni povrat novca, otka\u017eite najmanje 24 sata prije datuma po\u010detka iskustva.<\/p>\n\n\t\t<\/div>\n\t<\/div>\n<\/div><\/div><\/div><\/div><div class=\"vc_row wpb_row vc_row-fluid\" ><div class=\"wpb_column vc_column_container vc_col-sm-12\"><div class=\"vc_column-inner\"><div class=\"wpb_wrapper\"><div class=\"vc_empty_space\"   style=\"height: 32px\"><span class=\"vc_empty_space_inner\"><\/span><\/div>\n\t<div class=\"wpb_video_widget wpb_content_element vc_clearfix   vc_video-aspect-ratio-169 vc_video-el-width-100 vc_video-align-left\" >\n\t\t<div class=\"wpb_wrapper\">\n\t\t\t\n\t\t\t<div class=\"wpb_video_wrapper\"><iframe loading=\"lazy\" title=\"Nacionalni park Los Haitises, obilasci i izleti iz Samane ili Sabana de la Mar. Rezervirajte ovdje:\" src=\"https:\/\/player.vimeo.com\/video\/346508015?dnt=1&amp;app_id=122963\" width=\"1100\" height=\"619\" frameborder=\"0\" allow=\"autoplay; fullscreen\" allowfullscreen><\/iframe><\/div>\n\t\t<\/div>\n\t<\/div>\n<\/div><\/div><\/div><\/div><div class=\"vc_row wpb_row vc_row-fluid\" ><div class=\"wpb_column vc_column_container vc_col-sm-12\"><div class=\"vc_column-inner\"><div class=\"wpb_wrapper\"><div class=\"vc_empty_space\"   style=\"height: 32px\"><span class=\"vc_empty_space_inner\"><\/span><\/div>\n\t<div class=\"wpb_text_column wpb_content_element\" >\n\t\t<div class=\"wpb_wrapper\">\n\t\t\t<h4>Kontaktiraj nas?<\/h4>\n<h5>Adventure Reservations<\/h5>\n<p><em>Turisti\u010dki vodi\u010di<\/em> <em><strong>lokalni<\/strong><\/em> i <strong><em>nacionalni<\/em><\/strong> &amp;<em>\u00a0usluge za goste<\/em><\/p>\n<p>Rezervacije: Obilasci i ekskurzije u Domu Rep.<\/p>\n<p>Tel\/Whatsapp +1-809-720-6035.<\/p>\n<p>info@bookingadventures.com.do<\/p>\n<p>Mi smo privatne ture sa fleksibilnom konfiguracijom putem Whatsappa: +18097206035.<\/p>\n\n\t\t<\/div>\n\t<\/div>\n<div class=\"vc_empty_space\"   style=\"height: 32px\"><span class=\"vc_empty_space_inner\"><\/span><\/div><\/div><\/div><\/div><\/div>","protected":false},"excerpt":{"rendered":"<p><strong>Molimo odaberite datum za obilazak\u00a0<\/strong><\/p>","protected":false},"featured_media":104,"template":"","meta":[],"product_brand":[],"product_cat":[119,96,144,98,135,121,99,122,443,123,124],"product_tag":[126,127,128,145,132,133,146,147,148,143],"class_list":{"0":"post-551","1":"product","2":"type-product","3":"status-publish","4":"has-post-thumbnail","6":"product_cat-caves","7":"product_cat-hiking","8":"product_cat-kayaking","9":"product_cat-local-tour-guides","10":"product_cat-lunch","11":"product_cat-mangroves","12":"product_cat-swimming-natural-springs","13":"product_cat-tours-and-excursions","14":"product_cat-tours-y-excursiones-es","15":"product_cat-tours-excursions-los-haitises-national-park","16":"product_cat-tours-excursions-samana-bay-dominican-republic","17":"product_tag-cano-hondo","18":"product_tag-cano-hondo-hotel","19":"product_tag-cano-hondo-tours","20":"product_tag-day-tour-cano-hondo","21":"product_tag-los-haitises","22":"product_tag-los-haitises-national-park","23":"product_tag-mangroves-los-haitises","24":"product_tag-samana-bay","25":"product_tag-samana-excursions","26":"product_tag-samana-tours","28":"first","29":"instock","30":"sale","31":"sold-individually","32":"shipping-taxable","33":"product-type-external"},"_links":{"self":[{"href":"https:\/\/haitises.com\/bs_ba\/wp-json\/wp\/v2\/product\/551","targetHints":{"allow":["GET"]}}],"collection":[{"href":"https:\/\/haitises.com\/bs_ba\/wp-json\/wp\/v2\/product"}],"about":[{"href":"https:\/\/haitises.com\/bs_ba\/wp-json\/wp\/v2\/types\/product"}],"wp:featuredmedia":[{"embeddable":true,"href":"https:\/\/haitises.com\/bs_ba\/wp-json\/wp\/v2\/media\/104"}],"wp:attachment":[{"href":"https:\/\/haitises.com\/bs_ba\/wp-json\/wp\/v2\/media?parent=551"}],"wp:term":[{"taxonomy":"product_brand","embeddable":true,"href":"https:\/\/haitises.com\/bs_ba\/wp-json\/wp\/v2\/product_brand?post=551"},{"taxonomy":"product_cat","embeddable":true,"href":"https:\/\/haitises.com\/bs_ba\/wp-json\/wp\/v2\/product_cat?post=551"},{"taxonomy":"product_tag","embeddable":true,"href":"https:\/\/haitises.com\/bs_ba\/wp-json\/wp\/v2\/product_tag?post=551"}],"curies":[{"name":"wp","href":"https:\/\/api.w.org\/{rel}","templated":true}]}}