{"id":543,"date":"2020-06-14T19:18:13","date_gmt":"2020-06-14T19:18:13","guid":{"rendered":"http:\/\/haitises.com\/?post_type=product&#038;p=543"},"modified":"2024-08-22T05:45:22","modified_gmt":"2024-08-22T05:45:22","slug":"nacionalni-park-los-haitises-iz-luke-samana","status":"publish","type":"product","link":"https:\/\/haitises.com\/bs_ba\/privatni\/nacionalni-park-los-haitises-iz-luke-samana\/","title":{"rendered":"Nacionalni park Los Haitises iz luke Samana"},"content":{"rendered":"<div class=\"vc_row wpb_row vc_row-fluid\" ><div class=\"wpb_column vc_column_container vc_col-sm-12\"><div class=\"vc_column-inner\"><div class=\"wpb_wrapper\">\n\t<div class=\"wpb_text_column wpb_content_element\" >\n\t\t<div class=\"wpb_wrapper\">\n\t\t\t<h2>Nacionalni park Los Haitises (Saman\u00e1 Bay) iz luke Saman\u00e1<\/h2>\n<ul>\n<li>Izlet brodom do Nacionalnog parka Los Haitises<br \/>\n<h3>Opis<\/h3>\n<p>Posjetite Nacionalni park Los Haitises iz luke Samana. Po\u0111ite s nama i posjetite najljep\u0161i nacionalni park u Dominikanskoj Republici, obi\u0111ite mangrove, \u0161pilje i zaljev San Lorenzo, kao i pre\u0161av\u0161i prelijepi zaljev Saman\u00e1. Zatim se vratite u luku Samana.<\/li>\n<\/ul>\n<p>Nakon ovog iskustva, vratit \u0107ete se u luku Saman\u00e1.<\/p>\n<ul>\n<li>Porezi uklju\u010deni<br \/>\nVodi\u010d pru\u017ea upute i nadzor.<\/li>\n<li>Uklju\u010divanja i isklju\u010denja<\/li>\n<\/ul>\n<h3>Inkluzije<\/h3>\n<ol>\n<li>Obilazak Los Haitisesa + pe\u0107ine i slike<\/li>\n<li>Svi porezi, naknade i manipulativni tro\u0161kovi.<\/li>\n<li>Lokalne takse<\/li>\n<li>Pi\u0107e<\/li>\n<li>Sve aktivnosti<\/li>\n<li>Lokalni vodi\u010d<\/li>\n<\/ol>\n<h3>Isklju\u010denja<\/h3>\n<ol>\n<li>Savjeti<\/li>\n<li>Transfer<\/li>\n<li>Alkoholna pi\u0107a<\/li>\n<li>Ru\u010dak nije uklju\u010den, za ru\u010dak se bira jedno od ovih putovanja: Los Haitises + Cayo Levantado iz luke Saman\u00e1 ili Los Haitises + Cano Hondo iz luke Saman\u00e1.<\/li>\n<\/ol>\n<h3>Polazak i povratak<\/h3>\n<p>Putnik \u0107e dobiti mjesto sastanka nakon procesa rezervacije. Ture po\u010dinju i zavr\u0161avaju na na\u0161im mjestima okupljanja.<\/p>\n<h3>\u0160ta o\u010dekivati?<\/h3>\n<p>Nabavite karte za posjet nacionalnom parku Los Haitises uz prekrasan ru\u010dak u Ca\u00f1o Hondo i kupanje u prirodnim izvorima.<\/p>\n<p>Polaze\u0107i od luke Saman\u00e1 na brodu ili katamaranu s lokalnim turisti\u010dkim vodi\u010dem, prolazimo zaljevom Saman\u00e1 pored Sabana de la Mar kako bismo posjetili jedan od najljep\u0161ih nacionalnih parkova u Dominikanskoj Republici. Nacionalni park Haitis.<\/p>\n<p>Obilazak ostrva sa pticama u blizini. U sezoni gnije\u017e\u0111enja \u010dak mo\u017eemo vidjeti i pili\u0107e pelikana u gnijezdima. Idite dalje u stjenovito ostrvo i posjetite pe\u0107ine sa piktogramima i petrografima autohtonog naroda.<\/p>\n<p>El recorrido, organizado por \u00abBooking Adventures\u00bb, comienza en el punto de encuentro establecido con el gu\u00eda tur\u00edstico. Ven con Booking Adventures y comienza a observar algunos manglares llenos de p\u00e1jaros, colinas onduladas de exuberante vegetaci\u00f3n y cuevas del Parque Nacional Los Haitises.<\/p>\n<p>Kroz mangrove i kopno u otvorenom zaljevu San Lorenzo, odakle mo\u017eete fotografirati neravni \u0161umski krajolik. Pogledajte u vodu da vidite morske krave, rakove i delfine.<\/p>\n<p>El nombre del parque nacional proviene de sus habitantes originales, los indios ta\u00ednos. En su idioma, \u00abHaitises\u00bb se traduce en tierras altas o colinas, una referencia a las empinadas formaciones geol\u00f3gicas de la costa con calizas. Avent\u00farate en el parque para explorar cuevas como la Cueva de la Arena y la Cueva de la L\u00ednea. Las cuevas en la reserva fueron utilizadas como refugio por los indios ta\u00ednos y, m\u00e1s tarde, por los piratas escondidos. Busque dibujos de indios que decoran algunas de las paredes. Despu\u00e9s de visitar el Parque Nacional Los Haitises, regresaremos al puerto de Saman\u00e1 pasando la bah\u00eda de Saman\u00e1 30 minutos.<\/p>\n<p>U slu\u010daju da vam se ovo putovanje vi\u0161e svi\u0111a, imamo sljede\u0107e opcije:<\/p>\n<p>Los Haitises + Cayo Levantado iz luke Samana.<br \/>\nLos Haitises + Cano Hondo iz luke Samana.<\/p>\n<h3>\u0160ta treba da ponesete?<\/h3>\n<ul>\n<li>Kamera<\/li>\n<li>repelentni pupoljci<\/li>\n<li>krema za sun\u010danje<\/li>\n<li>\u0160e\u0161ir<\/li>\n<li>Udobne pantalone<\/li>\n<li>\u0160umske planinarske cipele<\/li>\n<li>Sandale za prole\u0107na podru\u010dja.<\/li>\n<li>kupa\u0107a haljina<\/li>\n<\/ul>\n<h3>Preuzimanje hotela<\/h3>\n<p>Prijevoz u hotel nije u ponudi za ovaj obilazak.<\/p>\n<p>Napomena: Ako rezervi\u0161ete u roku od 24 sata od vremena polaska na izlet\/izlet, mo\u017eemo dogovoriti preuzimanje u hotelu uz dodatne tro\u0161kove. Nakon \u0161to je va\u0161a kupovina zavr\u0161ena, poslat \u0107emo vam kompletne kontakt informacije (broj telefona, e-mail adresu, itd.) za na\u0161eg lokalnog turisti\u010dkog vodi\u010da da dogovori aran\u017emane za preuzimanje.<\/p>\n<h3>Potvrda dodatnih informacija<\/h3>\n<ol>\n<li>Ulaznice su ra\u010dun nakon uplate za ovu turneju. Uplatu mo\u017eete prikazati na svom telefonu.<\/li>\n<li>Mjesto sastanka \u0107e biti primljeno nakon procesa rezervacije.<\/li>\n<li>Djeca moraju biti u pratnji odrasle osobe.<\/li>\n<li>Nije pristupa\u010dno za invalidska kolica<\/li>\n<li>Dojen\u010dad treba da sjede u krilu<\/li>\n<li>Ne preporu\u010duje se putnicima sa problemima sa le\u0111ima.<\/li>\n<li>Ne preporu\u010duje se trudnicama.<\/li>\n<li>Nema problema sa srcem ili drugih ozbiljnih zdravstvenih stanja.<\/li>\n<li>Ve\u0107ina putnika mo\u017ee u\u010destvovati.<\/li>\n<\/ol>\n<h3>Politika otkazivanja<\/h3>\n<p>Za puni povrat novca, otka\u017eite najmanje 24 sata prije datuma po\u010detka iskustva.<\/p>\n<h3>Kontaktiraj nas?<\/h3>\n<p>Booking Adventures<br \/>\nLokalni i nacionalni turisti\u010dki vodi\u010di i usluge za goste<\/p>\n<p>Rezervacije: Obilasci i ekskurzije u Domu Rep.<\/p>\n<p>\ud83d\udcde Tel\/Whatsapp +1-809-720-6035.<\/p>\n<p>\ud83d\udce9 info@bookingadventures.com.do<\/p>\n<p>Vr\u0161imo privatne ture sa fleksibilno\u0161\u0107u putem Whatsappa: +18097206035.<\/p>\n\n\t\t<\/div>\n\t<\/div>\n<\/div><\/div><\/div><\/div><div class=\"vc_row wpb_row vc_row-fluid\" ><div class=\"wpb_column vc_column_container vc_col-sm-12\"><div class=\"vc_column-inner\"><div class=\"wpb_wrapper\"><div class=\"vc_empty_space\"   style=\"height: 32px\"><span class=\"vc_empty_space_inner\"><\/span><\/div>\n\t<div class=\"wpb_video_widget wpb_content_element vc_clearfix   vc_video-aspect-ratio-169 vc_video-el-width-100 vc_video-align-left\" >\n\t\t<div class=\"wpb_wrapper\">\n\t\t\t<h2 class=\"wpb_heading wpb_video_heading\">Los Haitises i vi\u0161e...<\/h2>\n\t\t\t<div class=\"wpb_video_wrapper\"><iframe loading=\"lazy\" title=\"Dominikanska Republika - pe\u0107ine Los Haitises (Tainos), piktogrami i petroglifi\" width=\"1100\" height=\"619\" src=\"https:\/\/www.youtube.com\/embed\/o_ExYqtOlH8?feature=oembed\" frameborder=\"0\" allow=\"accelerometer; autoplay; encrypted-media; gyroscope; picture-in-picture\" allowfullscreen><\/iframe><\/div>\n\t\t<\/div>\n\t<\/div>\n<\/div><\/div><\/div><\/div>","protected":false},"excerpt":{"rendered":"<p>Ekolo\u0161ki izlet u Nacionalni park Los Haitises sa lokalnim vodi\u010dem. Posjeta Keys u Nacionalnom parku Los Haitises, mangrove, vegetacija, promatranje ptica, pe\u0107ine, piktogrami i povijesna podru\u010dja Sabana de la Mar u Nacionalnom parku Los Haitises.<\/p>\n<p>&nbsp;<\/p>\n<p><strong>Odaberite datum Va\u0161e posjete:<\/strong><\/p>","protected":false},"featured_media":225,"template":"","meta":[],"product_brand":[],"product_cat":[121,435,430,443],"product_tag":[132,133,432,142,148,143],"class_list":{"0":"post-543","1":"product","2":"type-product","3":"status-publish","4":"has-post-thumbnail","6":"product_cat-mangroves","7":"product_cat-manglares","8":"product_cat-parque-nacional-los-haitises-samana","9":"product_cat-tours-y-excursiones-es","10":"product_tag-los-haitises","11":"product_tag-los-haitises-national-park","12":"product_tag-parque-nacional-los-haitises-samana","13":"product_tag-samana","14":"product_tag-samana-excursions","15":"product_tag-samana-tours","17":"first","18":"instock","19":"sale","20":"sold-individually","21":"shipping-taxable","22":"product-type-external"},"_links":{"self":[{"href":"https:\/\/haitises.com\/bs_ba\/wp-json\/wp\/v2\/product\/543","targetHints":{"allow":["GET"]}}],"collection":[{"href":"https:\/\/haitises.com\/bs_ba\/wp-json\/wp\/v2\/product"}],"about":[{"href":"https:\/\/haitises.com\/bs_ba\/wp-json\/wp\/v2\/types\/product"}],"wp:featuredmedia":[{"embeddable":true,"href":"https:\/\/haitises.com\/bs_ba\/wp-json\/wp\/v2\/media\/225"}],"wp:attachment":[{"href":"https:\/\/haitises.com\/bs_ba\/wp-json\/wp\/v2\/media?parent=543"}],"wp:term":[{"taxonomy":"product_brand","embeddable":true,"href":"https:\/\/haitises.com\/bs_ba\/wp-json\/wp\/v2\/product_brand?post=543"},{"taxonomy":"product_cat","embeddable":true,"href":"https:\/\/haitises.com\/bs_ba\/wp-json\/wp\/v2\/product_cat?post=543"},{"taxonomy":"product_tag","embeddable":true,"href":"https:\/\/haitises.com\/bs_ba\/wp-json\/wp\/v2\/product_tag?post=543"}],"curies":[{"name":"wp","href":"https:\/\/api.w.org\/{rel}","templated":true}]}}