{"id":49,"date":"2020-06-14T11:56:47","date_gmt":"2020-06-14T11:56:47","guid":{"rendered":"http:\/\/haitises.com\/product\/import-placeholder-for-8857\/"},"modified":"2024-04-23T16:38:14","modified_gmt":"2024-04-23T16:38:14","slug":"los-haitises-national-park-tour-from-samana-port-bacardi-island-cayo-levantado","status":"publish","type":"product","link":"https:\/\/haitises.com\/bs_ba\/privatni\/los-haitises-national-park-tour-from-samana-port-bacardi-island-cayo-levantado\/","title":{"rendered":"Obilazak Nacionalnog parka Los Haitises iz luke Saman\u00e1 + otok Bacardi (Cayo Levantado)"},"content":{"rendered":"<div class=\"vc_row wpb_row vc_row-fluid\" ><div class=\"wpb_column vc_column_container vc_col-sm-12\"><div class=\"vc_column-inner\"><div class=\"wpb_wrapper\">[mkdf_section_title title_tag=\u00bb\u00bb disable_break_words=\u00bbno\u00bb subtitle_tag=\u00bb\u00bb title=\u00bbLos Haitises National Park Boat Tour + Cayo Levantado Island\u00bb subtitle=\u00bbEco Tours with Locals\u00bb]<\/div><\/div><\/div><\/div><div class=\"vc_row wpb_row vc_row-fluid\" ><div class=\"wpb_column vc_column_container vc_col-sm-12\"><div class=\"vc_column-inner\"><div class=\"wpb_wrapper\">\n\t<div class=\"wpb_text_column wpb_content_element\" >\n\t\t<div class=\"wpb_wrapper\">\n\t\t\t<h4><\/h4>\n<h2>Obilazak Nacionalnog parka Los Haitises iz luke Saman\u00e1 + otok Bacardi (Cayo Levantado)<\/h2>\n<h4><b><i>Pregled <\/i><\/b><\/h4>\n<p>Los Haitises National park starting from Saman\u00e1 Port plus Lunch at Bacardi Island.\u00a0 Come with us and visit the most beautiful national park of the Dominican Republic, Visiting Mangroves, Caves and San Lorenzo Bay plus crossing the gorgeous Saman\u00e1 bay. Then Back to Saman\u00e1 area to Visit Bacardi island, have lunch at the beach and Swimming in one of the most pretty beaches in Saman\u00e1 Bay.<\/p>\n<p>After this experience, you will get Back to Saman\u00e1 port.<\/p>\n<ul>\n<li style=\"font-weight: 400;\">Uklju\u010dene naknade<\/li>\n<li>Lunch at Bacardi island included<\/li>\n<li style=\"font-weight: 400;\"><span style=\"font-weight: 400;\">The guide provides instruction and Supervision<\/span><\/li>\n<\/ul>\n<p>&nbsp;<\/p>\n<h4><b>Uklju\u010divanja i isklju\u010denja<\/b><\/h4>\n<p><b>Inkluzije<\/b><\/p>\n<ol>\n<li style=\"font-weight: 400;\">Los Haitises Tour + Caves and Pictographs<\/li>\n<li>Lunch at Cayo Levantado ( Bacardi Island) if you will like similar tour: Los Haitises + Ca\u00f1o Hondo<\/li>\n<li style=\"font-weight: 400;\"><span style=\"font-weight: 400;\">Svi porezi, naknade i manipulativni tro\u0161kovi<\/span><\/li>\n<li style=\"font-weight: 400;\"><span style=\"font-weight: 400;\">Lokalne takse<\/span><\/li>\n<li style=\"font-weight: 400;\"><span style=\"font-weight: 400;\">Beverages<\/span><\/li>\n<li style=\"font-weight: 400;\"><span style=\"font-weight: 400;\">Sve aktivnosti<\/span><\/li>\n<li style=\"font-weight: 400;\"><span style=\"font-weight: 400;\">Lokalni vodi\u010d<\/span><\/li>\n<\/ol>\n<p><b> Isklju\u010denja<\/b><\/p>\n<ol>\n<li style=\"font-weight: 400;\"><span style=\"font-weight: 400;\">Napojnice<\/span><\/li>\n<li style=\"font-weight: 400;\"><span style=\"font-weight: 400;\">Transfer<\/span><\/li>\n<li style=\"font-weight: 400;\"><span style=\"font-weight: 400;\">Alcoholic Drinks<\/span><\/li>\n<\/ol>\n<p>&nbsp;<\/p>\n<h4><em><strong>Odlazak i povratak<\/strong><\/em><\/h4>\n<p><span style=\"font-weight: 400;\">Putnik \u0107e dobiti mjesto sastanka nakon procesa rezervacije. Ture po\u010dinju i zavr\u0161avaju na na\u0161im mjestima susreta.<\/span><\/p>\n<p>&nbsp;<\/p>\n<h2>Los Haitises National Park Tour from Saman\u00e1 Port mas Bacardi Island (Cayo Levantado)<\/h2>\n<h4><b><i>\u0160ta o\u010dekivati?<\/i><\/b><\/h4>\n<p><b><i>V<\/i><\/b>isiting<strong> Nacionalni park Los Haitises<\/strong> with a wonderful lunch at<strong> Cayo Levantado island<\/strong> and Swimming at the beach. Starting <strong>from Saman\u00e1 port<\/strong> onboard of a Boat or Catamaran with a Local tour guide we pass Saman\u00e1 bay to Sabana de la Mar side to Visit one of the most beautiful national parks of the Dominican Republic. <em><strong>The Haitises National Park<\/strong><\/em>.<\/p>\n<p>The tour, organized by \u00abBooking Adventures\u00bb starts at the meeting point set with the Tour Guide. Come with Booking Adventures and start checking some bird-filled mangroves, rolling hills of lush vegetation and caves of <em><strong>Nacionalni park Los Haitises<\/strong><\/em>. Visiting Island with birds around. In the nesting season, we can even see the Pelecanos chicks on the nests. Getting more inside of the Rocky Islands and visiting the Caves with pictographs and petrographs from the indigenous people.<\/p>\n<p>Through the mangroves and Land at the open San Lorenzo Bay, from where you can photograph the rugged forest landscape. Look to the water to spot <em><strong>Manatees<\/strong><\/em>, crustaceans, and <em><strong>dolphins.<\/strong><\/em><\/p>\n<div class=\"body-description secondary\">\n<p>The national park\u2019s name comes from its original inhabitants, the Taino Indians. In their language \u201cHaitises\u201d translates to highlands or Hills, a reference to the coastline\u2019s steep geological formations with Limestones. Aventure deeper into the park to explore caves such as the <em><strong>Cueva de la Arena<\/strong><\/em> i <strong><em>Cueva de la L\u00ednea.<\/em><\/strong><\/p>\n<p>Caves in the reserve were used as shelter by the Taino Indians and, later, by hiding pirates. Look for drawings by Indians that decorate some of the walls. After visiting Los Haitises National Park we will go back to Saman\u00e1 port passing Saman\u00e1 bay 30 min and visiting Bacardi island. We will have a typical lunch on the island. If you are vegan no worries we also have food for you!<\/p>\n<p>After swimming full afternoon and chilling on the beach our tour guide will set time to go back to Saman\u00e1 port.<\/p>\n<\/div>\n<p>In Case you will like this trip longer or Shorter we have these options:<\/p>\n<ol>\n<li>Just Los Haitises from Saman\u00e1 Port.<\/li>\n<li>Los Haitises + Ca\u00f1o Hondo from Saman\u00e1 Port.<\/li>\n<\/ol>\n<p>&nbsp;<\/p>\n<h4><em><strong>\u0160ta treba da ponesete?<\/strong><\/em><\/h4>\n<ul>\n<li style=\"font-weight: 400;\"><span style=\"font-weight: 400;\">kamera<\/span><\/li>\n<li style=\"font-weight: 400;\"><span style=\"font-weight: 400;\">Repelentni pupoljci<\/span><\/li>\n<li style=\"font-weight: 400;\"><span style=\"font-weight: 400;\">krema za sun\u010danje<\/span><\/li>\n<li style=\"font-weight: 400;\"><span style=\"font-weight: 400;\">\u0160e\u0161ir<\/span><\/li>\n<li style=\"font-weight: 400;\"><span style=\"font-weight: 400;\">Udobne pantalone<\/span><\/li>\n<li style=\"font-weight: 400;\"><span style=\"font-weight: 400;\">Planinarske cipele za \u0161umu<\/span><\/li>\n<li style=\"font-weight: 400;\"><span style=\"font-weight: 400;\">Sandale za prole\u0107na podru\u010dja.<\/span><\/li>\n<li style=\"font-weight: 400;\"><span style=\"font-weight: 400;\">Odje\u0107a za kupanje<\/span><\/li>\n<\/ul>\n<p>&nbsp;<\/p>\n<h4><b><i>Hotel Pickup <\/i><\/b><\/h4>\n<p><span style=\"font-weight: 400;\">Prijevoz iz hotela nije u ponudi za ovaj obilazak. <\/span><\/p>\n<p>&nbsp;<\/p>\n<p><b>Bilje\u0161ka:<\/b><span style=\"font-weight: 400;\"> Ako ste rezervisani u roku od 24 sata od vremena polaska na izlet\/izlet, mo\u017eemo organizovati preuzimanje iz hotela uz doplatu. Kada va\u0161a kupovina bude zavr\u0161ena, poslat \u0107emo vam potpune kontakt informacije (broj telefona, e-mail adresu, itd.) za na\u0161eg lokalnog turisti\u010dkog vodi\u010da da organizira aran\u017emane za preuzimanje.<\/span><\/p>\n<h4><b><i>Potvrda dodatnih informacija <\/i><\/b><\/h4>\n<ol>\n<li>Ulaznice su ra\u010dun nakon pla\u0107anja ove turneje. Uplatu mo\u017eete prikazati na svom telefonu.<\/li>\n<li style=\"font-weight: 400;\"><span style=\"font-weight: 400;\">Mjesto sastanka \u0107e biti primljeno nakon procesa rezervacije.<\/span><\/li>\n<li style=\"font-weight: 400;\"><span style=\"font-weight: 400;\">Djeca moraju biti u pratnji odrasle osobe.<\/span><\/li>\n<li style=\"font-weight: 400;\"><span style=\"font-weight: 400;\"> Nije pristupa\u010dno za invalidska kolica <\/span><\/li>\n<li style=\"font-weight: 400;\"><span style=\"font-weight: 400;\">Bebe moraju sjediti u krilu <\/span><\/li>\n<li style=\"font-weight: 400;\"><span style=\"font-weight: 400;\">Ne preporu\u010duje se putnicima sa problemima sa le\u0111ima<\/span><\/li>\n<li style=\"font-weight: 400;\"><span style=\"font-weight: 400;\">Ne preporu\u010duje se trudnicama <\/span><\/li>\n<li style=\"font-weight: 400;\"><span style=\"font-weight: 400;\"> Nema problema sa srcem ili drugih ozbiljnih zdravstvenih stanja <\/span><\/li>\n<li style=\"font-weight: 400;\"><span style=\"font-weight: 400;\">Ve\u0107ina putnika mo\u017ee u\u010destvovati<\/span><\/li>\n<\/ol>\n<h4><b><i>Politika otkazivanja<\/i><\/b><\/h4>\n<p><span style=\"font-weight: 400;\">Za puni povrat novca, otka\u017eite najmanje 24 sata prije datuma po\u010detka iskustva. Sredstva \u0107e biti izgubljena ako se rezervacija otka\u017ee isti dan putovanja.<\/span><\/p>\n\n\t\t<\/div>\n\t<\/div>\n<\/div><\/div><\/div><\/div><div class=\"vc_row wpb_row vc_row-fluid\" ><div class=\"wpb_column vc_column_container vc_col-sm-12\"><div class=\"vc_column-inner\"><div class=\"wpb_wrapper\"><div class=\"vc_empty_space\"   style=\"height: 32px\"><span class=\"vc_empty_space_inner\"><\/span><\/div>\n\t<div class=\"wpb_text_column wpb_content_element\" >\n\t\t<div class=\"wpb_wrapper\">\n\t\t\t<h4>Kontaktiraj nas?<\/h4>\n<h5>Booking Adventures<\/h5>\n<p><em><strong>Lokalno stanovni\u0161tvo<\/strong>\u00a0i\u00a0<strong>Dr\u017eavljani<\/strong>\u00a0Turisti\u010dki vodi\u010di i usluge za goste<\/em><\/p>\n<p><span class=\"text-turquoise\">Rezervacije:<\/span>\u00a0Obilasci i ekskurzije u Dom. Rep.<\/p>\n<p><img decoding=\"async\" class=\"emoji\" draggable=\"false\" src=\"https:\/\/s.w.org\/images\/core\/emoji\/11.2.0\/svg\/1f4de.svg\" alt=\"\ud83d\udcde\" title=\"\">\u00a0Tel\/Whatsapp\u00a0\u00a0<a href=\"tel:+1-809-720-6035\">+1-809-720-6035<\/a>.<\/p>\n<p><img decoding=\"async\" class=\"emoji\" draggable=\"false\" src=\"https:\/\/s.w.org\/images\/core\/emoji\/11.2.0\/svg\/1f4e9.svg\" alt=\"\ud83d\udce9\" title=\"\">\u00a0<a href=\"mailto:info@bookingadventures.com.do\">info@bookingadventures.com.do<\/a><\/p>\n<p><strong>Mi smo fleksibilno postavljamo privatne ture putem Whatsappa:\u00a0<a href=\"tel:+18097206035\">+18097206035.<\/a><\/strong><\/p>\n\n\t\t<\/div>\n\t<\/div>\n<div class=\"vc_empty_space\"   style=\"height: 32px\"><span class=\"vc_empty_space_inner\"><\/span><\/div><\/div><\/div><\/div><\/div>","protected":false},"excerpt":{"rendered":"<p>Excursions a Los haitises y Cayo levantado, Ecological Trip to Los Haitises National Park with a Local Tour guide. Visiting the Cays in Los Haitises National Park, Mangroves, Vegetation, Birding, Caves, Pictographs and the historical areas of Sabana de la Mar in Los Haitises National Park. After Los Haitises we have Lunch at Bacardi Island Beach. Book now Los Haitises National Park Tour from Saman\u00e1 Port + Bacardi Island (Cayo Levantado) with us.<\/p>\n<p>&nbsp;<\/p>\n<p><strong>Please Select the date for The Tour :<\/strong><\/p>","protected":false},"featured_media":232,"template":"","meta":[],"product_brand":[],"product_cat":[123,124],"product_tag":[137,205,180,125,206,139,163,129,207,208,132,209,210,211,212,133,213,214,215,216,217,218,190,219,114,142,148,143,220],"class_list":{"0":"post-49","1":"product","2":"type-product","3":"status-publish","4":"has-post-thumbnail","6":"product_cat-tours-excursions-los-haitises-national-park","7":"product_cat-tours-excursions-samana-bay-dominican-republic","8":"product_tag-bacardi-island","9":"product_tag-bacardi-island-tours","10":"product_tag-birdwatching","11":"product_tag-boat-tour","12":"product_tag-caves-los-haitises","13":"product_tag-cayo-levantado","14":"product_tag-cayo-levantado-tour","15":"product_tag-eco-tours","16":"product_tag-excursiones-a-los-haitises-y-cayo-levantado","17":"product_tag-haitises-park-and-cayo-levantado-island","18":"product_tag-los-haitises","19":"product_tag-los-haitises-excursiones","20":"product_tag-los-haitises-excursions","21":"product_tag-los-haitises-mapa","22":"product_tag-los-haitises-mas-cayo-levantado","23":"product_tag-los-haitises-national-park","24":"product_tag-los-haitises-national-park-map","25":"product_tag-los-haitises-national-park-mas-cayo-levantado","26":"product_tag-los-haitises-national-park-tour-from-las-terrenas","27":"product_tag-los-haitises-national-park-tour-from-samana-port-bacardi-island-cayo-levantado","28":"product_tag-los-haitises-national-park-tour-from-santo-domingo","29":"product_tag-los-haitises-park-tour-cayo-levantado-island","30":"product_tag-los-haitises-samana","31":"product_tag-los-haitises-y-cayo-levantado","32":"product_tag-sabana-de-la-mar","33":"product_tag-samana","34":"product_tag-samana-excursions","35":"product_tag-samana-tours","36":"product_tag-tour-los-haitises-national-park-cayo-levantado","38":"first","39":"instock","40":"sale","41":"sold-individually","42":"shipping-taxable","43":"product-type-external"},"_links":{"self":[{"href":"https:\/\/haitises.com\/bs_ba\/wp-json\/wp\/v2\/product\/49","targetHints":{"allow":["GET"]}}],"collection":[{"href":"https:\/\/haitises.com\/bs_ba\/wp-json\/wp\/v2\/product"}],"about":[{"href":"https:\/\/haitises.com\/bs_ba\/wp-json\/wp\/v2\/types\/product"}],"wp:featuredmedia":[{"embeddable":true,"href":"https:\/\/haitises.com\/bs_ba\/wp-json\/wp\/v2\/media\/232"}],"wp:attachment":[{"href":"https:\/\/haitises.com\/bs_ba\/wp-json\/wp\/v2\/media?parent=49"}],"wp:term":[{"taxonomy":"product_brand","embeddable":true,"href":"https:\/\/haitises.com\/bs_ba\/wp-json\/wp\/v2\/product_brand?post=49"},{"taxonomy":"product_cat","embeddable":true,"href":"https:\/\/haitises.com\/bs_ba\/wp-json\/wp\/v2\/product_cat?post=49"},{"taxonomy":"product_tag","embeddable":true,"href":"https:\/\/haitises.com\/bs_ba\/wp-json\/wp\/v2\/product_tag?post=49"}],"curies":[{"name":"wp","href":"https:\/\/api.w.org\/{rel}","templated":true}]}}