{"id":154,"date":"2020-06-14T11:59:03","date_gmt":"2020-06-14T11:59:03","guid":{"rendered":"http:\/\/haitises.com\/product\/import-placeholder-for-9453\/"},"modified":"2020-09-20T20:48:22","modified_gmt":"2020-09-20T20:48:22","slug":"day-pass-cano-hondo-natural-pools-lunch-included","status":"publish","type":"product","link":"https:\/\/haitises.com\/bs_ba\/privatni\/day-pass-cano-hondo-natural-pools-lunch-included\/","title":{"rendered":"Dnevna propusnica Ca\u00f1o Hondo \u2013 prirodni bazeni i ru\u010dak uklju\u010deni"},"content":{"rendered":"<div class=\"vc_row wpb_row vc_row-fluid\" ><div class=\"wpb_column vc_column_container vc_col-sm-12\"><div class=\"vc_column-inner\"><div class=\"wpb_wrapper\"><div class=\"vc_message_box vc_message_box-standard vc_message_box-rounded vc_color-info\" ><div class=\"vc_message_box-icon\"><i class=\"fas fa-info-circle\"><\/i><\/div><p>Rezervirajte niske cijene u sobama Cano Hondo <a href=\"http:\/\/dominican-republic-hotels.com\/hotel\/cano-hondo-hotel-eco-lodge\/\" target=\"_blank\" rel=\"noopener\">Kliknite ovdje.<\/a><\/p>\n<\/div>\n\t<div class=\"wpb_text_column wpb_content_element\" >\n\t\t<div class=\"wpb_wrapper\">\n\t\t\t<div class=\"vc_row wpb_row vc_row-fluid\">\n<div class=\"wpb_column vc_column_container vc_col-sm-12\">\n<div class=\"vc_column-inner\">\n<div class=\"wpb_wrapper\">\n<div class=\"wpb_text_column wpb_content_element\">\n<div class=\"wpb_wrapper\">\n<h4><b><i>Opis<\/i><\/b><\/h4>\n<p>Dnevna ulaznica za Ca\u00f1o Hondo za na\u0161e prirodne otvorene bazene sa uklju\u010denim ru\u010dkom na bazi \u0161vedskog stola. Svaki dan od 8:30 do 17:00 sati.<\/p>\n<div class=\"wpb_text_column wpb_content_element\">\n<div class=\"wpb_wrapper\">\n<p>Bazeni su potpuno biolo\u0161ki bez potrebe za hlorom ili hemikalijama koji razvijaju sopstvenu prirodnu ekologiju i uravnote\u017een eko-sistem projektovanjem i izgradnjom na odre\u0111eni na\u010din. Kada se postigne ravnote\u017ea voda je prirodno bistra kao u planinskom jezeru.<\/p>\n<\/div>\n<\/div>\n<div class=\"wpb_text_column wpb_content_element\">\n<div class=\"wpb_wrapper\">\n<p><strong>U\u017eivajte u prirodnim eko bazenima koji se lijepo uklapaju u miran i originalan krajolik u Nacionalnom parku Los Haitises, Sabana de la Mar. <\/strong><\/p>\n<p style=\"text-align: center;\"><strong>Provedite predivan dan sa svojom porodicom ili prijateljima.<\/strong><\/p>\n<\/div>\n<\/div>\n<p>&nbsp;<\/p>\n<h3><b>Uklju\u010divanje i isklju\u010denja<\/b><\/h3>\n<p><b>Inkluzije<\/b><\/p>\n<ol>\n<li>Ru\u010dak \u2013 \u0161vedski sto<\/li>\n<li>Ulaz u prirodne bazene<\/li>\n<\/ol>\n<p><b>Izuzeci (nije uklju\u010deno)<\/b><\/p>\n<ol>\n<li>Prijevoz<\/li>\n<li>Alkoholna pi\u0107a<\/li>\n<\/ol>\n<p>&nbsp;<\/p>\n<h4><em><strong>Za\u0161to kupiti kartu?<\/strong><\/em><\/h4>\n<p>Molimo Vas da unaprijed rezervirate prostor u na\u0161em restoranu i pripremite ru\u010dak na bazi \u0161vedskog stola. Nakon \u0161to izvr\u0161ite rezervaciju, na\u0161i predstavnici \u0107e vas kontaktirati da vam daju vi\u0161e informacija \u2013 kako do\u0107i do nas, koji je jelovnik Ru\u010dak na bazi \u0161vedskog stola i odgovoriti na sva va\u0161a pitanja.<\/p>\n<p><strong>Napomena: besplatno za djecu mla\u0111u od 3 godine. Djeca od 4 do 10 godina pla\u0107aju samo pola cijene.<\/strong><\/p>\n<h2 style=\"text-align: center;\"><strong>Bazeni s mineralnom vodom dizajnirani i izgra\u0111eni s pa\u017enjom na detalje i kreativnost.<\/strong><\/h2>\n<p><strong>vrijeme:<\/strong><\/p>\n<p>8:30 \u2013 17:00<\/p>\n<p>&nbsp;<\/p>\n<h4><em><strong>\u0160ta treba da ponesete sa sobom?<\/strong><\/em><\/h4>\n<ul>\n<li>Kamera<\/li>\n<li>\u00a0Repelent<\/li>\n<li>krema za sun\u010danje<\/li>\n<\/ul>\n<p>&nbsp;<\/p>\n<h4><i>prijevoz: <\/i><\/h4>\n<p>Prijevoz nije uklju\u010den.<\/p>\n<p><b>Napomena: Ako \u017eelite transfer, molimo da nas kontaktirate.<\/b><\/p>\n<h4><b><i>Politika otkazivanja<\/i><\/b><\/h4>\n<p>For a full refund the reservation must be cancel at least 72 hours before the start date of the experience.<\/p>\n<\/div>\n<\/div>\n<\/div>\n<\/div>\n<\/div>\n<\/div>\n<div class=\"vc_row wpb_row vc_row-fluid\">\n<div class=\"wpb_column vc_column_container vc_col-sm-12\">\n<div class=\"vc_column-inner\">\n<div class=\"wpb_wrapper\">\n<div class=\"wpb_text_column wpb_content_element\">\n<div class=\"wpb_wrapper\">\n<p>&nbsp;<\/p>\n<h3 style=\"text-align: center;\">Tako\u0111er mo\u017eete u\u017eivati u brojnim aktivnostima i izletima uz lokalnog turisti\u010dkog vodi\u010da.<\/h3>\n<p><strong>Spisak aktivnosti:<\/strong><br \/>\nZip podstava<br \/>\nPenjanje po stijenama<br \/>\nJahanje konja<br \/>\nVo\u0111ene ili samostalno vo\u0111ene \u0161etnje po Los Haitisesima<br \/>\nVo\u017enja kajakom na Los Haitisima<br \/>\nVo\u0111ene ture brodom u Los Haitises<br \/>\nPromatranje kitova (od 15. januara do 20. marta)<br \/>\nVo\u0111eno posmatranje ptica<br \/>\nOstrvo Cayo Levantado\/Bacardi<br \/>\nDivlji \u017eivot i priroda<br \/>\nSlapovi El Limon, Samana<\/p>\n<p><strong>Za vi\u0161e informacija o aktivnostima i izletima, kontaktirajte nas. Tako\u0111e mo\u017eete <a href=\"http:\/\/haitises.com\/bs_ba\/\">Rezervirajte ovdje.<\/a><\/strong><\/p>\n<p>&nbsp;<\/p>\n<\/div>\n<\/div>\n<\/div>\n<\/div>\n<\/div>\n<\/div>\n\n\t\t<\/div>\n\t<\/div>\n<\/div><\/div><\/div><\/div>","protected":false},"excerpt":{"rendered":"<p>Kupite dnevnu kartu Prirodni bazeni u hotelu Ca\u00f1o Hondo u Nacionalnom parku Los Haitises, Sabana de la Mar. Ru\u010dak je uklju\u010den.<\/p>\n<p>Za vi\u0161e informacija, kontaktirajte nas.<\/p>","protected":false},"featured_media":432,"template":"","meta":[],"product_brand":[],"product_cat":[15,135],"product_tag":[339,126,340,341,132,133,200,342,343,114,142,143],"class_list":{"0":"post-154","1":"product","2":"type-product","3":"status-publish","4":"has-post-thumbnail","6":"product_cat-uncategorized","7":"product_cat-lunch","8":"product_tag-altos-cano-hondo","9":"product_tag-cano-hondo","10":"product_tag-cano-hondo-day-pass","11":"product_tag-cano-hondo-sabana-de-la-mar","12":"product_tag-los-haitises","13":"product_tag-los-haitises-national-park","14":"product_tag-los-haitises-tours","15":"product_tag-paraiso-cano-hondo","16":"product_tag-parque-los-haitises","17":"product_tag-sabana-de-la-mar","18":"product_tag-samana","19":"product_tag-samana-tours","21":"first","22":"onbackorder","23":"sale","24":"virtual","25":"sold-individually","26":"purchasable","27":"product-type-simple"},"_links":{"self":[{"href":"https:\/\/haitises.com\/bs_ba\/wp-json\/wp\/v2\/product\/154","targetHints":{"allow":["GET"]}}],"collection":[{"href":"https:\/\/haitises.com\/bs_ba\/wp-json\/wp\/v2\/product"}],"about":[{"href":"https:\/\/haitises.com\/bs_ba\/wp-json\/wp\/v2\/types\/product"}],"wp:featuredmedia":[{"embeddable":true,"href":"https:\/\/haitises.com\/bs_ba\/wp-json\/wp\/v2\/media\/432"}],"wp:attachment":[{"href":"https:\/\/haitises.com\/bs_ba\/wp-json\/wp\/v2\/media?parent=154"}],"wp:term":[{"taxonomy":"product_brand","embeddable":true,"href":"https:\/\/haitises.com\/bs_ba\/wp-json\/wp\/v2\/product_brand?post=154"},{"taxonomy":"product_cat","embeddable":true,"href":"https:\/\/haitises.com\/bs_ba\/wp-json\/wp\/v2\/product_cat?post=154"},{"taxonomy":"product_tag","embeddable":true,"href":"https:\/\/haitises.com\/bs_ba\/wp-json\/wp\/v2\/product_tag?post=154"}],"curies":[{"name":"wp","href":"https:\/\/api.w.org\/{rel}","templated":true}]}}