{"id":11693,"date":"2023-10-04T07:40:34","date_gmt":"2023-10-04T07:40:34","guid":{"rendered":"http:\/\/haitises.com\/?post_type=product&#038;p=11693"},"modified":"2024-03-28T17:17:43","modified_gmt":"2024-03-28T17:17:43","slug":"los-haitises-potpuna-avantura-hotel-pjesacenje-plivanje-kajak","status":"publish","type":"product","link":"https:\/\/haitises.com\/bs_ba\/privatni\/los-haitises-potpuna-avantura-hotel-pjesacenje-plivanje-kajak\/","title":{"rendered":"Hotel + planinarenje + plivanje + kajak Dvodnevni izlet Los Haitises"},"content":{"rendered":"<div class=\"vc_row wpb_row vc_row-fluid\" ><div class=\"wpb_column vc_column_container vc_col-sm-12\"><div class=\"vc_column-inner\"><div class=\"wpb_wrapper\">\n\t<div class=\"wpb_text_column wpb_content_element\" >\n\t\t<div class=\"wpb_wrapper\">\n\t\t\t<p><span style=\"vertical-align: inherit;\"><span style=\"vertical-align: inherit;\"><\/p>\n\n\t\t<\/div>\n\t<\/div>\n<\/div><\/div><\/div><\/div><div class=\"vc_row wpb_row vc_row-fluid\" ><div class=\"wpb_column vc_column_container vc_col-sm-12\"><div class=\"vc_column-inner\"><div class=\"wpb_wrapper\">[mkdf_section_title title_tag=\u00bb\u00bb disable_break_words=\u00bbno\u00bb subtitle_tag=\u00bb\u00bb title=\u00bbLos Haitises Complete Adventure\u00bb subtitle=\u00bbHotel + Senderismo + Nataci\u00f3n + Kayak\u00bb]<div class=\"vc_empty_space\"   style=\"height: 32px\"><span class=\"vc_empty_space_inner\"><\/span><\/div>\n\t<div class=\"wpb_text_column wpb_content_element\" >\n\t\t<div class=\"wpb_wrapper\">\n\t\t\t<p>\u00a0<\/span><\/span><\/p>\n<h4><\/h4>\n<h3><span style=\"vertical-align: inherit;\"><span style=\"vertical-align: inherit;\">D\u00eda 1<\/span><\/span><\/h3>\n<p>Posje\u0107ujemo isto\u010dnu stranu Dominikanske Republike, pra\u0161umu Nacionalnog parka Los Haitises, na\u0161a avantura po\u010dinje nakon \u0161to smo se prijavili u Ecolodge. Prvo pje\u0161a\u010denjem od 2 do 3 sata. Tamo mo\u017eete u\u017eivati u pejza\u017eu, nau\u010diti o \u017eivotu Dominikanske Republike na selu i \u017eivjeti u prirodi. Na putu \u0107ete nau\u010diti o bioraznolikom ekosistemu pra\u0161ume, dodirnuti stabla kakaoa, jedinstvenu floru i istorijska podru\u010dja.<\/p>\n<p>Dalje nakon \u0161to zavr\u0161imo pje\u0161a\u010denje, slijedi ve\u010dera u dominikanskom stilu i loma\u010de na svjetlu zvijezda.<\/p>\n<h3>Dan 2<\/h3>\n<p>Sljede\u0107i dan doru\u010dak u dominikanskom stilu. Nakon doru\u010dka pje\u0161a\u010dimo nekoliko minuta do luke Mangroves. Zatim uzimamo opremu potrebnu za va\u0161u sigurnost (prsluci za spa\u0161avanje, itd.), kajake i prolazak kroz mo\u010dvare mangrova. Vidjet \u0107ete neke mangrove pune ptica, valovita brda bujne vegetacije.<\/p>\n<p>Kroz mangrove i kopno na otvorenom zaljevu San Lorenzo, odakle mo\u017eete fotografirati neravni \u0161umski krajolik. Po\u010dnite provjeravati neke endemske vrste ptica, sisara i biljaka, valovite bre\u017euljke bujne vegetacije i pe\u0107ine <em><strong>Nacionalni park Los Haitises<\/strong><\/em>.<\/p>\n<div class=\"body-description secondary\">\n<p>Naziv nacionalnog parka poti\u010de od njegovih prvobitnih stanovnika, Taino Indijanaca. Na njihovom jeziku \u201cHaitises\u201d se prevodi kao visoravni ili brda, referenca na strme geolo\u0161ke formacije obale sa kre\u010dnjacima. Avanturirajte dublje u park i istra\u017eite pe\u0107ine kao \u0161to je <em><strong>Pe\u0161\u010dana pe\u0107ina.\u00a0<\/strong><\/em><\/p>\n<h3>Finishing Day<\/h3>\n<p>Nakon povratka u Ecolodge ima slobodnog vremena za u\u017eivanje u plivanju u prirodnom bazenu u prvim podru\u010djima sa mineralnim vodopadima Nacionalnog parka Los Haitises. Ru\u010dak u dominikanskom stilu i odjava iz hotela u 13:00.<\/p>\n<\/div>\n<p>Ovo je avantura dobra za one koji \u017eele u\u017eivati u prirodi i jedinstvenom iskustvu pra\u0161ume. Usredsre\u0111en na pru\u017eanje pravog lokalnog pogleda na Dominikansku Republiku u Nacionalnom parku Los Haitises, sa istorijskim \u010dinjenicama i informacijama o ekosistemu tokom putovanja. Prijevoz nije uklju\u010den.<\/p>\n<h3>Mjesto okupljanja<\/h3>\n<p>Sastajemo se u Sabana de la maru, odavde \u0107ete pratiti vodi\u010da svojim vozilom do na\u0161eg skrivenog dragulja!. Budite spremni za pravu avanturisti\u010dku \u0161etnju, loma\u010de, vo\u017enju kajakom i vodopade i jedinstveni Ecolodge u Dominikanskoj Republici.<\/p>\n<p>Ako ste grupa ili ste zainteresovani za datum koji ne vidite slobodnim, slobodno nas kontaktirajte direktno i ja \u0107u vam pomo\u0107i. Kao \u0161to vidite u recenzijama, Booking Adventures je veoma strastven u svom poslu i volimo da na\u0161im gostima poka\u017eemo stvarni \u017eivot na ostrvu. Na svakoj turi sadimo jedno drvo mangrove kao donaciju prirodi.<\/p>\n<h4><b>Uklju\u010divanja i isklju\u010denja<\/b><\/h4>\n<p><b>Inkluzije<\/b><\/p>\n<ul>\n<li style=\"font-weight: 400;\">Nacionalni park Los Haitises<\/li>\n<li>Lomas no\u0107u<\/li>\n<li>4 sata pje\u0161a\u010denja Ki\u0161na \u0161uma<\/li>\n<li>1 soba u Ecolodgeu<\/li>\n<li>1 ve\u010dera po osobi<\/li>\n<li>1 doru\u010dak po osobi<\/li>\n<li>1 ru\u010dak po osobi<\/li>\n<li>3 sata vo\u017enje kajakom (ili izleta brodom)<\/li>\n<li>Posmatranje ptica<\/li>\n<li>Planta\u017ea mangrova<\/li>\n<li>1 posjeta pe\u0107ini<\/li>\n<li style=\"font-weight: 400;\"><span style=\"font-weight: 400;\">Svi porezi, naknade i manipulativni tro\u0161kovi<\/span><\/li>\n<li style=\"font-weight: 400;\"><span style=\"font-weight: 400;\">Lokalne takse<\/span><\/li>\n<li style=\"font-weight: 400;\"><span style=\"font-weight: 400;\">Lokalni vodi\u010d<\/span><\/li>\n<\/ul>\n<p><b> Isklju\u010denja<\/b><\/p>\n<ol>\n<li style=\"font-weight: 400;\"><span style=\"font-weight: 400;\">Napojnice<\/span><\/li>\n<li style=\"font-weight: 400;\"><span style=\"font-weight: 400;\">Transfer<\/span><\/li>\n<li style=\"font-weight: 400;\"><span style=\"font-weight: 400;\">Alcoholic Drinks<\/span><\/li>\n<\/ol>\n<p>&nbsp;<\/p>\n<h4><em><strong>Odlazak i povratak<\/strong><\/em><\/h4>\n<p><span style=\"font-weight: 400;\">Putnik \u0107e dobiti mjesto sastanka nakon procesa rezervacije. Ture po\u010dinju i zavr\u0161avaju na na\u0161im mjestima susreta.<\/span><\/p>\n<p>Desde:<\/p>\n<p>15:00 Prvi dan<\/p>\n<p>Za:<\/p>\n<p>13:00 Dan drugi.<\/p>\n<p>&nbsp;<\/p>\n<h4><em><strong>\u0160ta treba da ponesete?<\/strong><\/em><\/h4>\n<ul>\n<li style=\"font-weight: 400;\"><span style=\"font-weight: 400;\">kamera<\/span><\/li>\n<li style=\"font-weight: 400;\"><span style=\"font-weight: 400;\">Repelentni pupoljci<\/span><\/li>\n<li style=\"font-weight: 400;\"><span style=\"font-weight: 400;\">krema za sun\u010danje<\/span><\/li>\n<li style=\"font-weight: 400;\"><span style=\"font-weight: 400;\">\u0160e\u0161ir<\/span><\/li>\n<li style=\"font-weight: 400;\"><span style=\"font-weight: 400;\">Udobne pantalone<\/span><\/li>\n<li style=\"font-weight: 400;\"><span style=\"font-weight: 400;\">Planinarske cipele za \u0161umu<\/span><\/li>\n<li style=\"font-weight: 400;\"><span style=\"font-weight: 400;\">Sandale za prole\u0107na podru\u010dja.<\/span><\/li>\n<li style=\"font-weight: 400;\"><span style=\"font-weight: 400;\">Odje\u0107a za kupanje<\/span><\/li>\n<\/ul>\n<p>&nbsp;<\/p>\n<h4><b><i>Pokupiti <\/i><\/b><\/h4>\n<p><span style=\"font-weight: 400;\">Preuzimanje hotela je <em style=\"font-weight: 400;\"><strong>ne<\/strong>\u00a0<\/em><i>uklju\u010deno<\/i> za ovu turneju.\u00a0<\/span><\/p>\n<p><b>Bilje\u0161ka:<\/b><span style=\"font-weight: 400;\"> Ako ste rezervisani u roku od 72 sata od vremena polaska na turneju\/izlet, mo\u017eemo organizovati preuzimanje hotela uz doplatu sa bilo kog mesta u Dominikanskoj Republici. Kada va\u0161a kupovina bude zavr\u0161ena, poslat \u0107emo vam potpune kontakt informacije (broj telefona, e-mail adresu, itd.) za na\u0161eg lokalnog turisti\u010dkog vodi\u010da da organizira aran\u017emane za preuzimanje.<\/span><\/p>\n<h4><b><i>Potvrda dodatnih informacija <\/i><\/b><\/h4>\n<ol>\n<li>Ulaznice su ra\u010dun nakon pla\u0107anja ove turneje. Uplatu mo\u017eete prikazati na svom telefonu.<\/li>\n<li style=\"font-weight: 400;\"><span style=\"font-weight: 400;\">Mjesto sastanka \u0107e biti primljeno nakon procesa rezervacije.<\/span><\/li>\n<li style=\"font-weight: 400;\"><span style=\"font-weight: 400;\">Djeca moraju biti u pratnji odrasle osobe.<\/span><\/li>\n<li style=\"font-weight: 400;\"><span style=\"font-weight: 400;\"> Nije pristupa\u010dno za invalidska kolica <\/span><\/li>\n<li style=\"font-weight: 400;\"><span style=\"font-weight: 400;\">Bebe moraju sjediti u krilu <\/span><\/li>\n<li style=\"font-weight: 400;\"><span style=\"font-weight: 400;\">Ne preporu\u010duje se putnicima sa problemima sa le\u0111ima<\/span><\/li>\n<li style=\"font-weight: 400;\"><span style=\"font-weight: 400;\">Ne preporu\u010duje se trudnicama <\/span><\/li>\n<li style=\"font-weight: 400;\"><span style=\"font-weight: 400;\"> Nema problema sa srcem ili drugih ozbiljnih zdravstvenih stanja <\/span><\/li>\n<li style=\"font-weight: 400;\"><span style=\"font-weight: 400;\">Ve\u0107ina putnika mo\u017ee u\u010destvovati<\/span><\/li>\n<\/ol>\n<h4><b><i>Politika otkazivanja<\/i><\/b><\/h4>\n<p>For a full refund, please read our Cancellations policies\u00a0<a href=\"https:\/\/www.ticketswhales.com\/online-booking\/\" target=\"_blank\" rel=\"noopener\" data-saferedirecturl=\"https:\/\/www.google.com\/url?q=https:\/\/www.ticketswhales.com\/online-booking\/&amp;source=gmail&amp;ust=1672449202351000&amp;usg=AOvVaw1yAeVAPktmaVCqDujgUn90\">Click here<\/a>. Funds will be lost if the reservation is cancelled the same day of the trip.<\/p>\n\n\t\t<\/div>\n\t<\/div>\n<div class=\"vc_empty_space\"   style=\"height: 32px\"><span class=\"vc_empty_space_inner\"><\/span><\/div><div class=\"woocommerce columns-4\"><\/div><\/div><\/div><\/div><\/div><div class=\"vc_row wpb_row vc_row-fluid\" ><\/div><div class=\"wpb_column vc_column_container vc_col-sm-12\"><div class=\"vc_column-inner\"><div class=\"wpb_wrapper\"><\/div><\/div><\/div><div class=\"vc_empty_space\"   style=\"height: 32px\"><span class=\"vc_empty_space_inner\"><\/span><\/div>\n\t<div class=\"wpb_text_column wpb_content_element\" >\n\t\t<div class=\"wpb_wrapper\">\n\t\t\t<p>I am text block. Click edit button to change this text. Lorem ipsum dolor sit amet, consectetur adipiscing elit. Ut elit tellus, luctus nec ullamcorper mattis, pulvinar dapibus leo.<\/p>\n\n\t\t<\/div>\n\t<\/div>\n<div class=\"vc_empty_space\"   style=\"height: 32px\"><span class=\"vc_empty_space_inner\"><\/span><\/div>","protected":false},"excerpt":{"rendered":"<p><span style=\"vertical-align: inherit;\"><span style=\"vertical-align: inherit;\">Caminata de 3 horas y kayak en manglares en el Parque Nacional Los Haitises con un gu\u00eda tur\u00edstico local desde Sabana de la mar. <\/span><span style=\"vertical-align: inherit;\">Visitando las \u00e1reas de Selva Tropical, Cocos, Caf\u00e9 y Cacao. <\/span><span style=\"vertical-align: inherit;\">Aprendiendo sobre la historia original del Parque Nacional Los Haitises.<\/span><\/span><\/p>\n<p>&nbsp;<\/p>\n<p><strong><span style=\"vertical-align: inherit;\"><span style=\"vertical-align: inherit;\">Seleccione la fecha para el viaje de senderismo:<\/span><\/span><\/strong><\/p>","protected":false},"featured_media":11714,"template":"","meta":[],"product_brand":[],"product_cat":[565,356,578,573,601],"product_tag":[341,206,129,130,412,413,221,414,415,152,153,198,133,416,215,217,417,223,114,418,148,143,419],"class_list":{"0":"post-11693","1":"product","2":"type-product","3":"status-publish","4":"has-post-thumbnail","6":"product_cat-1-sabana-de-la-mar","7":"product_cat-day-trips","8":"product_cat-hiking-los-haitises","9":"product_cat-kayaking-los-haitises","10":"product_cat-overnight-los-haitises","11":"product_tag-cano-hondo-sabana-de-la-mar","12":"product_tag-caves-los-haitises","13":"product_tag-eco-tours","14":"product_tag-excursion","15":"product_tag-hike-kayak","16":"product_tag-hike-kayak-los-haitises-national-park","17":"product_tag-hiking-los-haitises","18":"product_tag-hiking-sabana-de-la-mar","19":"product_tag-hiking-samana","20":"product_tag-kayak-tour","21":"product_tag-kayaking","22":"product_tag-kayaking-los-haitises","23":"product_tag-los-haitises-national-park","24":"product_tag-los-haitises-national-park-entrance-fee","25":"product_tag-los-haitises-national-park-tour-from-las-terrenas","26":"product_tag-los-haitises-national-park-tour-from-santo-domingo","27":"product_tag-los-haitises-national-park-weather","28":"product_tag-los-haitises-sabana-de-la-mar","29":"product_tag-sabana-de-la-mar","30":"product_tag-sabana-de-la-mar-tour","31":"product_tag-samana-excursions","32":"product_tag-samana-tours","33":"product_tag-secrets-of-los-haitises","35":"first","36":"instock","37":"sale","38":"sold-individually","39":"shipping-taxable","40":"product-type-external"},"_links":{"self":[{"href":"https:\/\/haitises.com\/bs_ba\/wp-json\/wp\/v2\/product\/11693","targetHints":{"allow":["GET"]}}],"collection":[{"href":"https:\/\/haitises.com\/bs_ba\/wp-json\/wp\/v2\/product"}],"about":[{"href":"https:\/\/haitises.com\/bs_ba\/wp-json\/wp\/v2\/types\/product"}],"wp:featuredmedia":[{"embeddable":true,"href":"https:\/\/haitises.com\/bs_ba\/wp-json\/wp\/v2\/media\/11714"}],"wp:attachment":[{"href":"https:\/\/haitises.com\/bs_ba\/wp-json\/wp\/v2\/media?parent=11693"}],"wp:term":[{"taxonomy":"product_brand","embeddable":true,"href":"https:\/\/haitises.com\/bs_ba\/wp-json\/wp\/v2\/product_brand?post=11693"},{"taxonomy":"product_cat","embeddable":true,"href":"https:\/\/haitises.com\/bs_ba\/wp-json\/wp\/v2\/product_cat?post=11693"},{"taxonomy":"product_tag","embeddable":true,"href":"https:\/\/haitises.com\/bs_ba\/wp-json\/wp\/v2\/product_tag?post=11693"}],"curies":[{"name":"wp","href":"https:\/\/api.w.org\/{rel}","templated":true}]}}