{"id":11369,"date":"2021-08-15T20:09:01","date_gmt":"2021-08-15T20:09:01","guid":{"rendered":"http:\/\/haitises.com\/?post_type=product&#038;p=11369"},"modified":"2024-04-04T19:36:35","modified_gmt":"2024-04-04T19:36:35","slug":"los-haitises-complete-adventure-hotel-hiking-swimming-kayaking-2","status":"publish","type":"product","link":"https:\/\/haitises.com\/bs_ba\/privatni\/los-haitises-complete-adventure-hotel-hiking-swimming-kayaking-2\/","title":{"rendered":"Los Haitises Complete Adventure, hotel + planinarenje + plivanje + vo\u017enja kajakom"},"content":{"rendered":"<div class=\"vc_row wpb_row vc_row-fluid\" ><div class=\"wpb_column vc_column_container vc_col-sm-12\"><div class=\"vc_column-inner\"><div class=\"wpb_wrapper\">[mkdf_section_title title_tag=\u00bb\u00bb disable_break_words=\u00bbno\u00bb subtitle_tag=\u00bb\u00bb title=\u00bbLos Haitises Complete Adventure\u00bb subtitle=\u00bbHotel + Hiking +Swimming + Kayaking\u00bb]<div class=\"vc_empty_space\"   style=\"height: 32px\"><span class=\"vc_empty_space_inner\"><\/span><\/div>\n\t<div class=\"wpb_text_column wpb_content_element\" >\n\t\t<div class=\"wpb_wrapper\">\n\t\t\t<h4><\/h4>\n<h3>Dan 1<\/h3>\n<p>Posje\u0107ujemo isto\u010dnu stranu Dominikanske Republike, pra\u0161umu Nacionalnog parka Los Haitises, na\u0161a avantura po\u010dinje nakon \u0161to smo se prijavili u Ecolodge. Prvo pje\u0161a\u010denjem od 2 do 3 sata. Tamo mo\u017eete u\u017eivati u pejza\u017eu, nau\u010diti o \u017eivotu Dominikanske Republike na selu i \u017eivjeti u prirodi. Na putu \u0107ete nau\u010diti o bioraznolikom ekosistemu pra\u0161ume, dodirnuti stabla kakaoa, jedinstvenu floru i istorijska podru\u010dja.<\/p>\n<p>Dalje nakon \u0161to zavr\u0161imo pje\u0161a\u010denje, slijedi ve\u010dera u dominikanskom stilu i loma\u010de na svjetlu zvijezda.<\/p>\n<h3>Dan 2<\/h3>\n<p>Sljede\u0107i dan doru\u010dak u dominikanskom stilu. Nakon doru\u010dka pje\u0161a\u010dimo nekoliko minuta do luke Mangroves. Zatim uzimamo opremu potrebnu za va\u0161u sigurnost (prsluci za spa\u0161avanje, itd.), kajake i prolazak kroz mo\u010dvare mangrova. Vidjet \u0107ete neke mangrove pune ptica, valovita brda bujne vegetacije.<\/p>\n<p>Kroz mangrove i kopno na otvorenom zaljevu San Lorenzo, odakle mo\u017eete fotografirati neravni \u0161umski krajolik. Po\u010dnite provjeravati neke endemske vrste ptica, sisara i biljaka, valovite bre\u017euljke bujne vegetacije i pe\u0107ine <em><strong>Nacionalni park Los Haitises<\/strong><\/em>.<\/p>\n<div class=\"body-description secondary\">\n<p>Naziv nacionalnog parka poti\u010de od njegovih prvobitnih stanovnika, Taino Indijanaca. Na njihovom jeziku \u201cHaitises\u201d se prevodi kao visoravni ili brda, referenca na strme geolo\u0161ke formacije obale sa kre\u010dnjacima. Avanturirajte dublje u park i istra\u017eite pe\u0107ine kao \u0161to je <em><strong>Pe\u0161\u010dana pe\u0107ina.\u00a0<\/strong><\/em><\/p>\n<h3>Finishing Day<\/h3>\n<p>Nakon povratka u Ecolodge ima slobodnog vremena za u\u017eivanje u plivanju u prirodnom bazenu u prvim podru\u010djima sa mineralnim vodopadima Nacionalnog parka Los Haitises. Ru\u010dak u dominikanskom stilu i odjava iz hotela u 13:00.<\/p>\n<\/div>\n<p>Ovo je avantura dobra za one koji \u017eele u\u017eivati u prirodi i jedinstvenom iskustvu pra\u0161ume. Usredsre\u0111en na pru\u017eanje pravog lokalnog pogleda na Dominikansku Republiku u Nacionalnom parku Los Haitises, sa istorijskim \u010dinjenicama i informacijama o ekosistemu tokom putovanja. Prijevoz nije uklju\u010den.<\/p>\n<h3>Mjesto okupljanja<\/h3>\n<p>Sastajemo se u Sabana de la maru, odavde \u0107ete pratiti vodi\u010da svojim vozilom do na\u0161eg skrivenog dragulja!. Budite spremni za pravu avanturisti\u010dku \u0161etnju, loma\u010de, vo\u017enju kajakom i vodopade i jedinstveni Ecolodge u Dominikanskoj Republici.<\/p>\n<p>Ako ste grupa ili ste zainteresovani za datum koji ne vidite slobodnim, slobodno nas kontaktirajte direktno i ja \u0107u vam pomo\u0107i. Kao \u0161to vidite u recenzijama, Booking Adventures je veoma strastven u svom poslu i volimo da na\u0161im gostima poka\u017eemo stvarni \u017eivot na ostrvu. Na svakoj turi sadimo jedno drvo mangrove kao donaciju prirodi.<\/p>\n<h4><b>Uklju\u010divanja i isklju\u010denja<\/b><\/h4>\n<p><b>Inkluzije<\/b><\/p>\n<ul>\n<li style=\"font-weight: 400;\">Nacionalni park Los Haitises<\/li>\n<li>Lomas no\u0107u<\/li>\n<li>4 sata pje\u0161a\u010denja Ki\u0161na \u0161uma<\/li>\n<li>1 soba u Ecolodgeu<\/li>\n<li>1 ve\u010dera po osobi<\/li>\n<li>1 doru\u010dak po osobi<\/li>\n<li>1 ru\u010dak po osobi<\/li>\n<li>3 sata vo\u017enje kajakom (ili izleta brodom)<\/li>\n<li>Posmatranje ptica<\/li>\n<li>Planta\u017ea mangrova<\/li>\n<li>1 posjeta pe\u0107ini<\/li>\n<li style=\"font-weight: 400;\"><span style=\"font-weight: 400;\">Svi porezi, naknade i manipulativni tro\u0161kovi<\/span><\/li>\n<li style=\"font-weight: 400;\"><span style=\"font-weight: 400;\">Lokalne takse<\/span><\/li>\n<li style=\"font-weight: 400;\"><span style=\"font-weight: 400;\">Lokalni vodi\u010d<\/span><\/li>\n<\/ul>\n<p><b> Isklju\u010denja<\/b><\/p>\n<ol>\n<li style=\"font-weight: 400;\"><span style=\"font-weight: 400;\">Napojnice<\/span><\/li>\n<li style=\"font-weight: 400;\"><span style=\"font-weight: 400;\">Transfer<\/span><\/li>\n<li style=\"font-weight: 400;\"><span style=\"font-weight: 400;\">Alcoholic Drinks<\/span><\/li>\n<\/ol>\n<p>&nbsp;<\/p>\n<h4><em><strong>Odlazak i povratak<\/strong><\/em><\/h4>\n<p><span style=\"font-weight: 400;\">Putnik \u0107e dobiti mjesto sastanka nakon procesa rezervacije. Ture po\u010dinju i zavr\u0161avaju na na\u0161im mjestima susreta.<\/span><\/p>\n<p>Desde:<\/p>\n<p>15:00 Prvi dan<\/p>\n<p>Za:<\/p>\n<p>13:00 Dan drugi.<\/p>\n<p>&nbsp;<\/p>\n<h4><em><strong>\u0160ta treba da ponesete?<\/strong><\/em><\/h4>\n<ul>\n<li style=\"font-weight: 400;\"><span style=\"font-weight: 400;\">kamera<\/span><\/li>\n<li style=\"font-weight: 400;\"><span style=\"font-weight: 400;\">Repelentni pupoljci<\/span><\/li>\n<li style=\"font-weight: 400;\"><span style=\"font-weight: 400;\">krema za sun\u010danje<\/span><\/li>\n<li style=\"font-weight: 400;\"><span style=\"font-weight: 400;\">\u0160e\u0161ir<\/span><\/li>\n<li style=\"font-weight: 400;\"><span style=\"font-weight: 400;\">Udobne pantalone<\/span><\/li>\n<li style=\"font-weight: 400;\"><span style=\"font-weight: 400;\">Planinarske cipele za \u0161umu<\/span><\/li>\n<li style=\"font-weight: 400;\"><span style=\"font-weight: 400;\">Sandale za prole\u0107na podru\u010dja.<\/span><\/li>\n<li style=\"font-weight: 400;\"><span style=\"font-weight: 400;\">Odje\u0107a za kupanje<\/span><\/li>\n<\/ul>\n<p>&nbsp;<\/p>\n<h4><b><i>Pokupiti <\/i><\/b><\/h4>\n<p><span style=\"font-weight: 400;\">Preuzimanje hotela je <em style=\"font-weight: 400;\"><strong>ne<\/strong>\u00a0<\/em><i>uklju\u010deno<\/i> za ovu turneju.\u00a0<\/span><\/p>\n<p><b>Bilje\u0161ka:<\/b><span style=\"font-weight: 400;\"> Ako ste rezervisani u roku od 72 sata od vremena polaska na turneju\/izlet, mo\u017eemo organizovati preuzimanje hotela uz doplatu sa bilo kog mesta u Dominikanskoj Republici. Kada va\u0161a kupovina bude zavr\u0161ena, poslat \u0107emo vam potpune kontakt informacije (broj telefona, e-mail adresu, itd.) za na\u0161eg lokalnog turisti\u010dkog vodi\u010da da organizira aran\u017emane za preuzimanje.<\/span><\/p>\n<h4><b><i>Potvrda dodatnih informacija <\/i><\/b><\/h4>\n<ol>\n<li>Ulaznice su ra\u010dun nakon pla\u0107anja ove turneje. Uplatu mo\u017eete prikazati na svom telefonu.<\/li>\n<li style=\"font-weight: 400;\"><span style=\"font-weight: 400;\">Mjesto sastanka \u0107e biti primljeno nakon procesa rezervacije.<\/span><\/li>\n<li style=\"font-weight: 400;\"><span style=\"font-weight: 400;\">Djeca moraju biti u pratnji odrasle osobe.<\/span><\/li>\n<li style=\"font-weight: 400;\"><span style=\"font-weight: 400;\"> Nije pristupa\u010dno za invalidska kolica <\/span><\/li>\n<li style=\"font-weight: 400;\"><span style=\"font-weight: 400;\">Bebe moraju sjediti u krilu <\/span><\/li>\n<li style=\"font-weight: 400;\"><span style=\"font-weight: 400;\">Ne preporu\u010duje se putnicima sa problemima sa le\u0111ima<\/span><\/li>\n<li style=\"font-weight: 400;\"><span style=\"font-weight: 400;\">Ne preporu\u010duje se trudnicama <\/span><\/li>\n<li style=\"font-weight: 400;\"><span style=\"font-weight: 400;\"> Nema problema sa srcem ili drugih ozbiljnih zdravstvenih stanja <\/span><\/li>\n<li style=\"font-weight: 400;\"><span style=\"font-weight: 400;\">Ve\u0107ina putnika mo\u017ee u\u010destvovati<\/span><\/li>\n<\/ol>\n<h4><b><i>Politika otkazivanja<\/i><\/b><\/h4>\n<p><span style=\"font-weight: 400;\">Za puni povrat novca, otka\u017eite najmanje 7 dana prije datuma po\u010detka iskustva. Sredstva \u0107e biti izgubljena ako se rezervacija otka\u017ee isti dan putovanja.<\/span><\/p>\n\n\t\t<\/div>\n\t<\/div>\n<div class=\"vc_empty_space\"   style=\"height: 32px\"><span class=\"vc_empty_space_inner\"><\/span><\/div><div class=\"woocommerce columns-4\"><\/div><\/div><\/div><\/div><\/div><div class=\"vc_row wpb_row vc_row-fluid\" ><div class=\"wpb_column vc_column_container vc_col-sm-12\"><div class=\"vc_column-inner\"><div class=\"wpb_wrapper\"><div class=\"vc_empty_space\"   style=\"height: 32px\"><span class=\"vc_empty_space_inner\"><\/span><\/div>\n\t<div class=\"wpb_text_column wpb_content_element\" >\n\t\t<div class=\"wpb_wrapper\">\n\t\t\t<h4>Kontaktiraj nas?<\/h4>\n<h5>Booking Adventures<\/h5>\n<p><em><strong>Lokalno stanovni\u0161tvo<\/strong>\u00a0i\u00a0<strong>Dr\u017eavljani<\/strong>\u00a0Turisti\u010dki vodi\u010di i usluge za goste<\/em><\/p>\n<p><span class=\"text-turquoise\">Rezervacije:<\/span>\u00a0Obilasci i ekskurzije u Dom. Rep.<\/p>\n<p><img decoding=\"async\" class=\"emoji\" draggable=\"false\" src=\"https:\/\/s.w.org\/images\/core\/emoji\/11.2.0\/svg\/1f4de.svg\" alt=\"\ud83d\udcde\" title=\"\">\u00a0Tel\/Whatsapp\u00a0\u00a0<a href=\"tel:+1-809-720-6035\">+1-809-720-6035<\/a>.<\/p>\n<p><img decoding=\"async\" class=\"emoji\" draggable=\"false\" src=\"https:\/\/s.w.org\/images\/core\/emoji\/11.2.0\/svg\/1f4e9.svg\" alt=\"\ud83d\udce9\" title=\"\">\u00a0<a href=\"mailto:info@bookingadventures.com.do\">info@bookingadventures.com.do<\/a><\/p>\n<p><strong>Mi smo fleksibilno postavljamo privatne ture putem Whatsappa:\u00a0<a href=\"tel:+18097206035\">+18097206035.<\/a><\/strong><\/p>\n\n\t\t<\/div>\n\t<\/div>\n<div class=\"vc_empty_space\"   style=\"height: 32px\"><span class=\"vc_empty_space_inner\"><\/span><\/div><\/div><\/div><\/div><\/div>","protected":false},"excerpt":{"rendered":"<p>Planinarenje 3 sata i vo\u017enja kajakom po mangrovama u Nacionalnom parku Los Haitises sa lokalnim turisti\u010dkim vodi\u010dem iz Sabana de la mar. Obilazak podru\u010dja Ki\u0161ne \u0161ume, kokosa, kafe i kakaa. U\u010denje o izvornoj historiji Nacionalnog parka Los Haitises.<\/p>\n<p>&nbsp;<\/p>\n<p><strong>Molimo odaberite datum za planinarski izlet:<\/strong><\/p>","protected":false},"featured_media":11113,"template":"","meta":[],"product_brand":[],"product_cat":[356],"product_tag":[341,206,129,130,412,413,221,414,415,152,153,198,133,416,215,217,417,223,114,418,148,143,419],"class_list":{"0":"post-11369","1":"product","2":"type-product","3":"status-publish","4":"has-post-thumbnail","6":"product_cat-day-trips","7":"product_tag-cano-hondo-sabana-de-la-mar","8":"product_tag-caves-los-haitises","9":"product_tag-eco-tours","10":"product_tag-excursion","11":"product_tag-hike-kayak","12":"product_tag-hike-kayak-los-haitises-national-park","13":"product_tag-hiking-los-haitises","14":"product_tag-hiking-sabana-de-la-mar","15":"product_tag-hiking-samana","16":"product_tag-kayak-tour","17":"product_tag-kayaking","18":"product_tag-kayaking-los-haitises","19":"product_tag-los-haitises-national-park","20":"product_tag-los-haitises-national-park-entrance-fee","21":"product_tag-los-haitises-national-park-tour-from-las-terrenas","22":"product_tag-los-haitises-national-park-tour-from-santo-domingo","23":"product_tag-los-haitises-national-park-weather","24":"product_tag-los-haitises-sabana-de-la-mar","25":"product_tag-sabana-de-la-mar","26":"product_tag-sabana-de-la-mar-tour","27":"product_tag-samana-excursions","28":"product_tag-samana-tours","29":"product_tag-secrets-of-los-haitises","31":"first","32":"instock","33":"sale","34":"sold-individually","35":"shipping-taxable","36":"product-type-external"},"_links":{"self":[{"href":"https:\/\/haitises.com\/bs_ba\/wp-json\/wp\/v2\/product\/11369","targetHints":{"allow":["GET"]}}],"collection":[{"href":"https:\/\/haitises.com\/bs_ba\/wp-json\/wp\/v2\/product"}],"about":[{"href":"https:\/\/haitises.com\/bs_ba\/wp-json\/wp\/v2\/types\/product"}],"wp:featuredmedia":[{"embeddable":true,"href":"https:\/\/haitises.com\/bs_ba\/wp-json\/wp\/v2\/media\/11113"}],"wp:attachment":[{"href":"https:\/\/haitises.com\/bs_ba\/wp-json\/wp\/v2\/media?parent=11369"}],"wp:term":[{"taxonomy":"product_brand","embeddable":true,"href":"https:\/\/haitises.com\/bs_ba\/wp-json\/wp\/v2\/product_brand?post=11369"},{"taxonomy":"product_cat","embeddable":true,"href":"https:\/\/haitises.com\/bs_ba\/wp-json\/wp\/v2\/product_cat?post=11369"},{"taxonomy":"product_tag","embeddable":true,"href":"https:\/\/haitises.com\/bs_ba\/wp-json\/wp\/v2\/product_tag?post=11369"}],"curies":[{"name":"wp","href":"https:\/\/api.w.org\/{rel}","templated":true}]}}